{"id":24271,"date":"2021-05-21T14:43:25","date_gmt":"2021-05-21T18:43:25","guid":{"rendered":"https:\/\/plamdistributions.com\/produit\/distributrice-double-papier-hygienique-mini-tork-jumbo-noir\/"},"modified":"2026-01-05T11:53:55","modified_gmt":"2026-01-05T15:53:55","slug":"distributrice-double-papier-hygienique-mini-tork-jumbo-noir","status":"publish","type":"product","link":"https:\/\/plamdistributions.com\/es\/produit\/distributrice-double-papier-hygienique-mini-tork-jumbo-noir\/","title":{"rendered":"DIS DOUBLE PAP HYG MINI TORK JUMBO NOIR"},"content":{"rendered":"<p><strong>Code: DH-TK5555290<\/strong><\/p>\n<p>Le distributeur double de papier hygi\u00e9nique en rouleau mini jumbo Tork de la gamme Elevation Design est id\u00e9al pour les toilettes \u00e0 fr\u00e9quentation \u00e9lev\u00e9e o\u00f9 la satisfaction des clients est aussi importante que l&#8217;efficacit\u00e9 et le contr\u00f4le des co\u00fbts d&#8217;exploitation. Pouvant contenir deux gros rouleaux grande capacit\u00e9, il aide \u00e0 garantir la disponibilit\u00e9 continue de papier. Les distributeurs Tork Elevation ont un design fonctionnel et moderne, produisant une impression durable sur les clients.<\/p>\n<p><strong>\u2713 Fabricant: Tork<\/strong><\/p>\n","protected":false},"excerpt":{"rendered":"<p>Code: DH-TK5555290 Le distributeur double de papier hygi\u00e9nique en rouleau mini jumbo Tork de la gamme Elevation Design est id\u00e9al<\/p>\n","protected":false},"featured_media":24270,"comment_status":"closed","ping_status":"closed","template":"","meta":[],"product_brand":[],"product_cat":[105,101],"product_tag":[],"class_list":{"0":"post-24271","1":"product","2":"type-product","3":"status-publish","4":"has-post-thumbnail","6":"product_cat-distributeurs","7":"product_cat-papier-chiffons-et-sacs-a-dechets","8":"product_shipping_class-standard","10":"first","11":"onbackorder","12":"taxable","13":"shipping-taxable","14":"purchasable","15":"product-type-simple"},"yoast_head":"<!-- This site is optimized with the Yoast SEO plugin v27.4 - https:\/\/yoast.com\/product\/yoast-seo-wordpress\/ -->\n<title>DIS DOUBLE PAP HYG MINI TORK JUMBO NOIR | Distributions Pla-M<\/title>\n<meta name=\"robots\" content=\"index, follow, max-snippet:-1, max-image-preview:large, max-video-preview:-1\" \/>\n<link rel=\"canonical\" href=\"https:\/\/plamdistributions.com\/es\/produit\/distributrice-double-papier-hygienique-mini-tork-jumbo-noir\/\" \/>\n<meta property=\"og:locale\" content=\"es_ES\" \/>\n<meta property=\"og:type\" content=\"article\" \/>\n<meta property=\"og:title\" content=\"DIS DOUBLE PAP HYG MINI TORK JUMBO NOIR | Distributions Pla-M\" \/>\n<meta property=\"og:description\" content=\"Code: DH-TK5555290 Le distributeur double de papier hygi\u00e9nique en rouleau mini jumbo Tork de la gamme Elevation Design est id\u00e9al\" \/>\n<meta property=\"og:url\" content=\"https:\/\/plamdistributions.com\/es\/produit\/distributrice-double-papier-hygienique-mini-tork-jumbo-noir\/\" \/>\n<meta property=\"og:site_name\" content=\"Distributions Pla-M\" \/>\n<meta property=\"article:publisher\" content=\"https:\/\/www.facebook.com\/displam\/\" \/>\n<meta property=\"article:modified_time\" content=\"2026-01-05T15:53:55+00:00\" \/>\n<meta property=\"og:image\" content=\"https:\/\/plamdistributions.com\/wp-content\/uploads\/2021\/05\/DH-TK5555290.jpg\" \/>\n\t<meta property=\"og:image:width\" content=\"500\" \/>\n\t<meta property=\"og:image:height\" content=\"500\" \/>\n\t<meta property=\"og:image:type\" content=\"image\/jpeg\" \/>\n<meta name=\"twitter:card\" content=\"summary_large_image\" \/>\n<meta name=\"twitter:site\" content=\"@Displam\" \/>\n<script type=\"application\/ld+json\" class=\"yoast-schema-graph\">{\"@context\":\"https:\\\/\\\/schema.org\",\"@graph\":[{\"@type\":\"WebPage\",\"@id\":\"https:\\\/\\\/plamdistributions.com\\\/es\\\/produit\\\/distributrice-double-papier-hygienique-mini-tork-jumbo-noir\\\/\",\"url\":\"https:\\\/\\\/plamdistributions.com\\\/es\\\/produit\\\/distributrice-double-papier-hygienique-mini-tork-jumbo-noir\\\/\",\"name\":\"DIS DOUBLE PAP HYG MINI TORK JUMBO NOIR | Distributions Pla-M\",\"isPartOf\":{\"@id\":\"https:\\\/\\\/plamdistributions.com\\\/#website\"},\"primaryImageOfPage\":{\"@id\":\"https:\\\/\\\/plamdistributions.com\\\/es\\\/produit\\\/distributrice-double-papier-hygienique-mini-tork-jumbo-noir\\\/#primaryimage\"},\"image\":{\"@id\":\"https:\\\/\\\/plamdistributions.com\\\/es\\\/produit\\\/distributrice-double-papier-hygienique-mini-tork-jumbo-noir\\\/#primaryimage\"},\"thumbnailUrl\":\"https:\\\/\\\/plamdistributions.com\\\/wp-content\\\/uploads\\\/2021\\\/05\\\/DH-TK5555290.jpg\",\"datePublished\":\"2021-05-21T18:43:25+00:00\",\"dateModified\":\"2026-01-05T15:53:55+00:00\",\"breadcrumb\":{\"@id\":\"https:\\\/\\\/plamdistributions.com\\\/es\\\/produit\\\/distributrice-double-papier-hygienique-mini-tork-jumbo-noir\\\/#breadcrumb\"},\"inLanguage\":\"es\",\"potentialAction\":[{\"@type\":\"ReadAction\",\"target\":[\"https:\\\/\\\/plamdistributions.com\\\/es\\\/produit\\\/distributrice-double-papier-hygienique-mini-tork-jumbo-noir\\\/\"]}]},{\"@type\":\"ImageObject\",\"inLanguage\":\"es\",\"@id\":\"https:\\\/\\\/plamdistributions.com\\\/es\\\/produit\\\/distributrice-double-papier-hygienique-mini-tork-jumbo-noir\\\/#primaryimage\",\"url\":\"https:\\\/\\\/plamdistributions.com\\\/wp-content\\\/uploads\\\/2021\\\/05\\\/DH-TK5555290.jpg\",\"contentUrl\":\"https:\\\/\\\/plamdistributions.com\\\/wp-content\\\/uploads\\\/2021\\\/05\\\/DH-TK5555290.jpg\",\"width\":500,\"height\":500},{\"@type\":\"BreadcrumbList\",\"@id\":\"https:\\\/\\\/plamdistributions.com\\\/es\\\/produit\\\/distributrice-double-papier-hygienique-mini-tork-jumbo-noir\\\/#breadcrumb\",\"itemListElement\":[{\"@type\":\"ListItem\",\"position\":1,\"name\":\"Accueil\",\"item\":\"https:\\\/\\\/plamdistributions.com\\\/es\\\/\"},{\"@type\":\"ListItem\",\"position\":2,\"name\":\"Tienda\",\"item\":\"https:\\\/\\\/plamdistributions.com\\\/es\\\/tienda\\\/\"},{\"@type\":\"ListItem\",\"position\":3,\"name\":\"DIS DOUBLE PAP HYG MINI TORK JUMBO NOIR\"}]},{\"@type\":\"WebSite\",\"@id\":\"https:\\\/\\\/plamdistributions.com\\\/#website\",\"url\":\"https:\\\/\\\/plamdistributions.com\\\/\",\"name\":\"Distributions Pla-M Inc.\",\"description\":\"Venta de productos y equipos sanitarios\",\"publisher\":{\"@id\":\"https:\\\/\\\/plamdistributions.com\\\/#organization\"},\"potentialAction\":[{\"@type\":\"SearchAction\",\"target\":{\"@type\":\"EntryPoint\",\"urlTemplate\":\"https:\\\/\\\/plamdistributions.com\\\/?s={search_term_string}\"},\"query-input\":{\"@type\":\"PropertyValueSpecification\",\"valueRequired\":true,\"valueName\":\"search_term_string\"}}],\"inLanguage\":\"es\"},{\"@type\":\"Organization\",\"@id\":\"https:\\\/\\\/plamdistributions.com\\\/#organization\",\"name\":\"Distributions Pla-M\",\"url\":\"https:\\\/\\\/plamdistributions.com\\\/\",\"logo\":{\"@type\":\"ImageObject\",\"inLanguage\":\"es\",\"@id\":\"https:\\\/\\\/plamdistributions.com\\\/#\\\/schema\\\/logo\\\/image\\\/\",\"url\":\"https:\\\/\\\/plamdistributions.com\\\/wp-content\\\/uploads\\\/2021\\\/05\\\/PLAM-SANS.png\",\"contentUrl\":\"https:\\\/\\\/plamdistributions.com\\\/wp-content\\\/uploads\\\/2021\\\/05\\\/PLAM-SANS.png\",\"width\":289,\"height\":224,\"caption\":\"Distributions Pla-M\"},\"image\":{\"@id\":\"https:\\\/\\\/plamdistributions.com\\\/#\\\/schema\\\/logo\\\/image\\\/\"},\"sameAs\":[\"https:\\\/\\\/www.facebook.com\\\/displam\\\/\",\"https:\\\/\\\/x.com\\\/Displam\",\"https:\\\/\\\/www.youtube.com\\\/channel\\\/UCHmm3HCGnpGuaQ984quISDg\"]}]}<\/script>\n<!-- \/ Yoast SEO plugin. -->","yoast_head_json":{"title":"DIS DOUBLE PAP HYG MINI TORK JUMBO NOIR | Distributions Pla-M","robots":{"index":"index","follow":"follow","max-snippet":"max-snippet:-1","max-image-preview":"max-image-preview:large","max-video-preview":"max-video-preview:-1"},"canonical":"https:\/\/plamdistributions.com\/es\/produit\/distributrice-double-papier-hygienique-mini-tork-jumbo-noir\/","og_locale":"es_ES","og_type":"article","og_title":"DIS DOUBLE PAP HYG MINI TORK JUMBO NOIR | Distributions Pla-M","og_description":"Code: DH-TK5555290 Le distributeur double de papier hygi\u00e9nique en rouleau mini jumbo Tork de la gamme Elevation Design est id\u00e9al","og_url":"https:\/\/plamdistributions.com\/es\/produit\/distributrice-double-papier-hygienique-mini-tork-jumbo-noir\/","og_site_name":"Distributions Pla-M","article_publisher":"https:\/\/www.facebook.com\/displam\/","article_modified_time":"2026-01-05T15:53:55+00:00","og_image":[{"width":500,"height":500,"url":"https:\/\/plamdistributions.com\/wp-content\/uploads\/2021\/05\/DH-TK5555290.jpg","type":"image\/jpeg"}],"twitter_card":"summary_large_image","twitter_site":"@Displam","schema":{"@context":"https:\/\/schema.org","@graph":[{"@type":"WebPage","@id":"https:\/\/plamdistributions.com\/es\/produit\/distributrice-double-papier-hygienique-mini-tork-jumbo-noir\/","url":"https:\/\/plamdistributions.com\/es\/produit\/distributrice-double-papier-hygienique-mini-tork-jumbo-noir\/","name":"DIS DOUBLE PAP HYG MINI TORK JUMBO NOIR | Distributions Pla-M","isPartOf":{"@id":"https:\/\/plamdistributions.com\/#website"},"primaryImageOfPage":{"@id":"https:\/\/plamdistributions.com\/es\/produit\/distributrice-double-papier-hygienique-mini-tork-jumbo-noir\/#primaryimage"},"image":{"@id":"https:\/\/plamdistributions.com\/es\/produit\/distributrice-double-papier-hygienique-mini-tork-jumbo-noir\/#primaryimage"},"thumbnailUrl":"https:\/\/plamdistributions.com\/wp-content\/uploads\/2021\/05\/DH-TK5555290.jpg","datePublished":"2021-05-21T18:43:25+00:00","dateModified":"2026-01-05T15:53:55+00:00","breadcrumb":{"@id":"https:\/\/plamdistributions.com\/es\/produit\/distributrice-double-papier-hygienique-mini-tork-jumbo-noir\/#breadcrumb"},"inLanguage":"es","potentialAction":[{"@type":"ReadAction","target":["https:\/\/plamdistributions.com\/es\/produit\/distributrice-double-papier-hygienique-mini-tork-jumbo-noir\/"]}]},{"@type":"ImageObject","inLanguage":"es","@id":"https:\/\/plamdistributions.com\/es\/produit\/distributrice-double-papier-hygienique-mini-tork-jumbo-noir\/#primaryimage","url":"https:\/\/plamdistributions.com\/wp-content\/uploads\/2021\/05\/DH-TK5555290.jpg","contentUrl":"https:\/\/plamdistributions.com\/wp-content\/uploads\/2021\/05\/DH-TK5555290.jpg","width":500,"height":500},{"@type":"BreadcrumbList","@id":"https:\/\/plamdistributions.com\/es\/produit\/distributrice-double-papier-hygienique-mini-tork-jumbo-noir\/#breadcrumb","itemListElement":[{"@type":"ListItem","position":1,"name":"Accueil","item":"https:\/\/plamdistributions.com\/es\/"},{"@type":"ListItem","position":2,"name":"Tienda","item":"https:\/\/plamdistributions.com\/es\/tienda\/"},{"@type":"ListItem","position":3,"name":"DIS DOUBLE PAP HYG MINI TORK JUMBO NOIR"}]},{"@type":"WebSite","@id":"https:\/\/plamdistributions.com\/#website","url":"https:\/\/plamdistributions.com\/","name":"Distributions Pla-M Inc.","description":"Venta de productos y equipos sanitarios","publisher":{"@id":"https:\/\/plamdistributions.com\/#organization"},"potentialAction":[{"@type":"SearchAction","target":{"@type":"EntryPoint","urlTemplate":"https:\/\/plamdistributions.com\/?s={search_term_string}"},"query-input":{"@type":"PropertyValueSpecification","valueRequired":true,"valueName":"search_term_string"}}],"inLanguage":"es"},{"@type":"Organization","@id":"https:\/\/plamdistributions.com\/#organization","name":"Distributions Pla-M","url":"https:\/\/plamdistributions.com\/","logo":{"@type":"ImageObject","inLanguage":"es","@id":"https:\/\/plamdistributions.com\/#\/schema\/logo\/image\/","url":"https:\/\/plamdistributions.com\/wp-content\/uploads\/2021\/05\/PLAM-SANS.png","contentUrl":"https:\/\/plamdistributions.com\/wp-content\/uploads\/2021\/05\/PLAM-SANS.png","width":289,"height":224,"caption":"Distributions Pla-M"},"image":{"@id":"https:\/\/plamdistributions.com\/#\/schema\/logo\/image\/"},"sameAs":["https:\/\/www.facebook.com\/displam\/","https:\/\/x.com\/Displam","https:\/\/www.youtube.com\/channel\/UCHmm3HCGnpGuaQ984quISDg"]}]}},"_links":{"self":[{"href":"https:\/\/plamdistributions.com\/es\/wp-json\/wp\/v2\/product\/24271","targetHints":{"allow":["GET"]}}],"collection":[{"href":"https:\/\/plamdistributions.com\/es\/wp-json\/wp\/v2\/product"}],"about":[{"href":"https:\/\/plamdistributions.com\/es\/wp-json\/wp\/v2\/types\/product"}],"replies":[{"embeddable":true,"href":"https:\/\/plamdistributions.com\/es\/wp-json\/wp\/v2\/comments?post=24271"}],"wp:featuredmedia":[{"embeddable":true,"href":"https:\/\/plamdistributions.com\/es\/wp-json\/wp\/v2\/media\/24270"}],"wp:attachment":[{"href":"https:\/\/plamdistributions.com\/es\/wp-json\/wp\/v2\/media?parent=24271"}],"wp:term":[{"taxonomy":"product_brand","embeddable":true,"href":"https:\/\/plamdistributions.com\/es\/wp-json\/wp\/v2\/product_brand?post=24271"},{"taxonomy":"product_cat","embeddable":true,"href":"https:\/\/plamdistributions.com\/es\/wp-json\/wp\/v2\/product_cat?post=24271"},{"taxonomy":"product_tag","embeddable":true,"href":"https:\/\/plamdistributions.com\/es\/wp-json\/wp\/v2\/product_tag?post=24271"}],"curies":[{"name":"wp","href":"https:\/\/api.w.org\/{rel}","templated":true}]}}