{"id":24420,"date":"2021-05-21T14:45:49","date_gmt":"2021-05-21T18:45:49","guid":{"rendered":"https:\/\/plamdistributions.com\/produit\/desodorisant-ban-o-3-6-l\/"},"modified":"2022-09-08T15:32:58","modified_gmt":"2022-09-08T19:32:58","slug":"desodorisant-ban-o-3-6-l","status":"publish","type":"product","link":"https:\/\/plamdistributions.com\/es\/produit\/desodorisant-ban-o-3-6-l\/","title":{"rendered":"DESODORISANT LIQUIDE BAN-O"},"content":{"rendered":"<h4><strong><a href=\"https:\/\/distributionsplam.ca\/wp-content\/uploads\/2020\/09\/BAN-O-TDF.pdf\" data-wp-editing=\"1\"><img decoding=\"async\" class=\"alignnone wp-image-30822\" src=\"https:\/\/distributionsplam.ca\/wp-content\/uploads\/2019\/11\/Fiche-technique-300x134.jpg\" alt=\"Fiche technique en fran\u00e7ais\" width=\"145\" height=\"65\" \/><\/a><\/strong><a href=\"https:\/\/distributionsplam.ca\/wp-content\/uploads\/2020\/09\/BAN-O-TDA.pdf\"><img decoding=\"async\" class=\"alignnone wp-image-30824\" src=\"https:\/\/distributionsplam.ca\/wp-content\/uploads\/2019\/11\/Technical-data-sheet-1-300x134.jpg\" alt=\"Technical data sheet\" width=\"142\" height=\"64\" \/><\/a><\/h4>\n<p><strong>Code: DOL-BANO4<\/strong><\/p>\n<p>BAN-O \u00e9limine les odeurs \u00e0 la source, c\u2019est le produit par excellence pour d\u00e9sodoriser. BAN-O peut \u00eatre utilis\u00e9 dans les salles de bains, poubelles, compacteurs \u00e0 d\u00e9chets, casiers, vestiaires et enfin, partout o\u00f9 il y a des odeurs d\u00e9sagr\u00e9ables.<\/p>\n<p><strong>D\u00e9sodorisation par vaporisation: <\/strong>Pour de meilleurs r\u00e9sultats, toujours vaporiser BAN-O dilu\u00e9. M\u00e9langer 1 partie de BAN-O avec 10 parties d\u2019eau et vaporiser o\u00f9 il y a de mauvaises odeurs.<br \/>\n<strong>D\u00e9sodorisation des sols et tapis<\/strong>: Ajouter 1 partie de BAN-O \u00e0 80 parties de solution nettoyante pr\u00e9sente dans une chaudi\u00e8re ou cuve de nettoyage. BAN-O \u00e9limine la source des mauvaises odeurs provenant de moisissure, de fum\u00e9e et de poubelles et il impr\u00e8gne les lieux d\u2019une odeur fra\u00eeche de propret\u00e9.<br \/>\n<strong>Ban-o contr\u00f4le d&#8217;odeurs au pouvoir exceptionnel<\/strong>: BAN-O est id\u00e9al pour d\u00e9truire les odeurs des bassins, r\u00e9cipients pour couches souill\u00e9es, urinoirs, drains de plancher et \u00e9gouts. Verser BAN-O non dilu\u00e9 directement sur la source de mauvaise odeur.<\/p>\n<p><strong>\u2713\u00a0 Fabricant: Avmor<\/strong><\/p>\n","protected":false},"excerpt":{"rendered":"<p>Code: DOL-BANO4 BAN-O \u00e9limine les odeurs \u00e0 la source, c\u2019est le produit par excellence pour d\u00e9sodoriser. BAN-O peut \u00eatre utilis\u00e9<\/p>\n","protected":false},"featured_media":24419,"comment_status":"closed","ping_status":"closed","template":"","meta":[],"product_brand":[],"product_cat":[137,62],"product_tag":[],"class_list":{"0":"post-24420","1":"product","2":"type-product","3":"status-publish","4":"has-post-thumbnail","6":"product_cat-controle-des-odeurs","7":"product_cat-produits-dentretien-menager","8":"product_shipping_class-standard","10":"first","11":"onbackorder","12":"taxable","13":"shipping-taxable","14":"purchasable","15":"product-type-simple"},"yoast_head":"<!-- This site is optimized with the Yoast SEO plugin v27.4 - https:\/\/yoast.com\/product\/yoast-seo-wordpress\/ -->\n<title>DESODORISANT LIQUIDE BAN-O | Distributions Pla-M<\/title>\n<meta name=\"robots\" content=\"index, follow, max-snippet:-1, max-image-preview:large, max-video-preview:-1\" \/>\n<link rel=\"canonical\" href=\"https:\/\/plamdistributions.com\/es\/produit\/desodorisant-ban-o-3-6-l\/\" \/>\n<meta property=\"og:locale\" content=\"es_ES\" \/>\n<meta property=\"og:type\" content=\"article\" \/>\n<meta property=\"og:title\" content=\"DESODORISANT LIQUIDE BAN-O | Distributions Pla-M\" \/>\n<meta property=\"og:description\" content=\"Code: DOL-BANO4 BAN-O \u00e9limine les odeurs \u00e0 la source, c\u2019est le produit par excellence pour d\u00e9sodoriser. BAN-O peut \u00eatre utilis\u00e9\" \/>\n<meta property=\"og:url\" content=\"https:\/\/plamdistributions.com\/es\/produit\/desodorisant-ban-o-3-6-l\/\" \/>\n<meta property=\"og:site_name\" content=\"Distributions Pla-M\" \/>\n<meta property=\"article:publisher\" content=\"https:\/\/www.facebook.com\/displam\/\" \/>\n<meta property=\"article:modified_time\" content=\"2022-09-08T19:32:58+00:00\" \/>\n<meta property=\"og:image\" content=\"https:\/\/plamdistributions.com\/wp-content\/uploads\/2021\/05\/DOL-BANO4-1.jpg\" \/>\n\t<meta property=\"og:image:width\" content=\"600\" \/>\n\t<meta property=\"og:image:height\" content=\"600\" \/>\n\t<meta property=\"og:image:type\" content=\"image\/jpeg\" \/>\n<meta name=\"twitter:card\" content=\"summary_large_image\" \/>\n<meta name=\"twitter:site\" content=\"@Displam\" \/>\n<meta name=\"twitter:label1\" content=\"Tiempo de lectura\" \/>\n\t<meta name=\"twitter:data1\" content=\"1 minuto\" \/>\n<script type=\"application\/ld+json\" class=\"yoast-schema-graph\">{\"@context\":\"https:\\\/\\\/schema.org\",\"@graph\":[{\"@type\":\"WebPage\",\"@id\":\"https:\\\/\\\/plamdistributions.com\\\/es\\\/produit\\\/desodorisant-ban-o-3-6-l\\\/\",\"url\":\"https:\\\/\\\/plamdistributions.com\\\/es\\\/produit\\\/desodorisant-ban-o-3-6-l\\\/\",\"name\":\"DESODORISANT LIQUIDE BAN-O | Distributions Pla-M\",\"isPartOf\":{\"@id\":\"https:\\\/\\\/plamdistributions.com\\\/#website\"},\"primaryImageOfPage\":{\"@id\":\"https:\\\/\\\/plamdistributions.com\\\/es\\\/produit\\\/desodorisant-ban-o-3-6-l\\\/#primaryimage\"},\"image\":{\"@id\":\"https:\\\/\\\/plamdistributions.com\\\/es\\\/produit\\\/desodorisant-ban-o-3-6-l\\\/#primaryimage\"},\"thumbnailUrl\":\"https:\\\/\\\/plamdistributions.com\\\/wp-content\\\/uploads\\\/2021\\\/05\\\/DOL-BANO4-1.jpg\",\"datePublished\":\"2021-05-21T18:45:49+00:00\",\"dateModified\":\"2022-09-08T19:32:58+00:00\",\"breadcrumb\":{\"@id\":\"https:\\\/\\\/plamdistributions.com\\\/es\\\/produit\\\/desodorisant-ban-o-3-6-l\\\/#breadcrumb\"},\"inLanguage\":\"es\",\"potentialAction\":[{\"@type\":\"ReadAction\",\"target\":[\"https:\\\/\\\/plamdistributions.com\\\/es\\\/produit\\\/desodorisant-ban-o-3-6-l\\\/\"]}]},{\"@type\":\"ImageObject\",\"inLanguage\":\"es\",\"@id\":\"https:\\\/\\\/plamdistributions.com\\\/es\\\/produit\\\/desodorisant-ban-o-3-6-l\\\/#primaryimage\",\"url\":\"https:\\\/\\\/plamdistributions.com\\\/wp-content\\\/uploads\\\/2021\\\/05\\\/DOL-BANO4-1.jpg\",\"contentUrl\":\"https:\\\/\\\/plamdistributions.com\\\/wp-content\\\/uploads\\\/2021\\\/05\\\/DOL-BANO4-1.jpg\",\"width\":600,\"height\":600},{\"@type\":\"BreadcrumbList\",\"@id\":\"https:\\\/\\\/plamdistributions.com\\\/es\\\/produit\\\/desodorisant-ban-o-3-6-l\\\/#breadcrumb\",\"itemListElement\":[{\"@type\":\"ListItem\",\"position\":1,\"name\":\"Accueil\",\"item\":\"https:\\\/\\\/plamdistributions.com\\\/es\\\/\"},{\"@type\":\"ListItem\",\"position\":2,\"name\":\"Tienda\",\"item\":\"https:\\\/\\\/plamdistributions.com\\\/es\\\/tienda\\\/\"},{\"@type\":\"ListItem\",\"position\":3,\"name\":\"DESODORISANT LIQUIDE BAN-O\"}]},{\"@type\":\"WebSite\",\"@id\":\"https:\\\/\\\/plamdistributions.com\\\/#website\",\"url\":\"https:\\\/\\\/plamdistributions.com\\\/\",\"name\":\"Distributions Pla-M Inc.\",\"description\":\"Venta de productos y equipos sanitarios\",\"publisher\":{\"@id\":\"https:\\\/\\\/plamdistributions.com\\\/#organization\"},\"potentialAction\":[{\"@type\":\"SearchAction\",\"target\":{\"@type\":\"EntryPoint\",\"urlTemplate\":\"https:\\\/\\\/plamdistributions.com\\\/?s={search_term_string}\"},\"query-input\":{\"@type\":\"PropertyValueSpecification\",\"valueRequired\":true,\"valueName\":\"search_term_string\"}}],\"inLanguage\":\"es\"},{\"@type\":\"Organization\",\"@id\":\"https:\\\/\\\/plamdistributions.com\\\/#organization\",\"name\":\"Distributions Pla-M\",\"url\":\"https:\\\/\\\/plamdistributions.com\\\/\",\"logo\":{\"@type\":\"ImageObject\",\"inLanguage\":\"es\",\"@id\":\"https:\\\/\\\/plamdistributions.com\\\/#\\\/schema\\\/logo\\\/image\\\/\",\"url\":\"https:\\\/\\\/plamdistributions.com\\\/wp-content\\\/uploads\\\/2021\\\/05\\\/PLAM-SANS.png\",\"contentUrl\":\"https:\\\/\\\/plamdistributions.com\\\/wp-content\\\/uploads\\\/2021\\\/05\\\/PLAM-SANS.png\",\"width\":289,\"height\":224,\"caption\":\"Distributions Pla-M\"},\"image\":{\"@id\":\"https:\\\/\\\/plamdistributions.com\\\/#\\\/schema\\\/logo\\\/image\\\/\"},\"sameAs\":[\"https:\\\/\\\/www.facebook.com\\\/displam\\\/\",\"https:\\\/\\\/x.com\\\/Displam\",\"https:\\\/\\\/www.youtube.com\\\/channel\\\/UCHmm3HCGnpGuaQ984quISDg\"]}]}<\/script>\n<!-- \/ Yoast SEO plugin. -->","yoast_head_json":{"title":"DESODORISANT LIQUIDE BAN-O | Distributions Pla-M","robots":{"index":"index","follow":"follow","max-snippet":"max-snippet:-1","max-image-preview":"max-image-preview:large","max-video-preview":"max-video-preview:-1"},"canonical":"https:\/\/plamdistributions.com\/es\/produit\/desodorisant-ban-o-3-6-l\/","og_locale":"es_ES","og_type":"article","og_title":"DESODORISANT LIQUIDE BAN-O | Distributions Pla-M","og_description":"Code: DOL-BANO4 BAN-O \u00e9limine les odeurs \u00e0 la source, c\u2019est le produit par excellence pour d\u00e9sodoriser. BAN-O peut \u00eatre utilis\u00e9","og_url":"https:\/\/plamdistributions.com\/es\/produit\/desodorisant-ban-o-3-6-l\/","og_site_name":"Distributions Pla-M","article_publisher":"https:\/\/www.facebook.com\/displam\/","article_modified_time":"2022-09-08T19:32:58+00:00","og_image":[{"width":600,"height":600,"url":"https:\/\/plamdistributions.com\/wp-content\/uploads\/2021\/05\/DOL-BANO4-1.jpg","type":"image\/jpeg"}],"twitter_card":"summary_large_image","twitter_site":"@Displam","twitter_misc":{"Tiempo de lectura":"1 minuto"},"schema":{"@context":"https:\/\/schema.org","@graph":[{"@type":"WebPage","@id":"https:\/\/plamdistributions.com\/es\/produit\/desodorisant-ban-o-3-6-l\/","url":"https:\/\/plamdistributions.com\/es\/produit\/desodorisant-ban-o-3-6-l\/","name":"DESODORISANT LIQUIDE BAN-O | Distributions Pla-M","isPartOf":{"@id":"https:\/\/plamdistributions.com\/#website"},"primaryImageOfPage":{"@id":"https:\/\/plamdistributions.com\/es\/produit\/desodorisant-ban-o-3-6-l\/#primaryimage"},"image":{"@id":"https:\/\/plamdistributions.com\/es\/produit\/desodorisant-ban-o-3-6-l\/#primaryimage"},"thumbnailUrl":"https:\/\/plamdistributions.com\/wp-content\/uploads\/2021\/05\/DOL-BANO4-1.jpg","datePublished":"2021-05-21T18:45:49+00:00","dateModified":"2022-09-08T19:32:58+00:00","breadcrumb":{"@id":"https:\/\/plamdistributions.com\/es\/produit\/desodorisant-ban-o-3-6-l\/#breadcrumb"},"inLanguage":"es","potentialAction":[{"@type":"ReadAction","target":["https:\/\/plamdistributions.com\/es\/produit\/desodorisant-ban-o-3-6-l\/"]}]},{"@type":"ImageObject","inLanguage":"es","@id":"https:\/\/plamdistributions.com\/es\/produit\/desodorisant-ban-o-3-6-l\/#primaryimage","url":"https:\/\/plamdistributions.com\/wp-content\/uploads\/2021\/05\/DOL-BANO4-1.jpg","contentUrl":"https:\/\/plamdistributions.com\/wp-content\/uploads\/2021\/05\/DOL-BANO4-1.jpg","width":600,"height":600},{"@type":"BreadcrumbList","@id":"https:\/\/plamdistributions.com\/es\/produit\/desodorisant-ban-o-3-6-l\/#breadcrumb","itemListElement":[{"@type":"ListItem","position":1,"name":"Accueil","item":"https:\/\/plamdistributions.com\/es\/"},{"@type":"ListItem","position":2,"name":"Tienda","item":"https:\/\/plamdistributions.com\/es\/tienda\/"},{"@type":"ListItem","position":3,"name":"DESODORISANT LIQUIDE BAN-O"}]},{"@type":"WebSite","@id":"https:\/\/plamdistributions.com\/#website","url":"https:\/\/plamdistributions.com\/","name":"Distributions Pla-M Inc.","description":"Venta de productos y equipos sanitarios","publisher":{"@id":"https:\/\/plamdistributions.com\/#organization"},"potentialAction":[{"@type":"SearchAction","target":{"@type":"EntryPoint","urlTemplate":"https:\/\/plamdistributions.com\/?s={search_term_string}"},"query-input":{"@type":"PropertyValueSpecification","valueRequired":true,"valueName":"search_term_string"}}],"inLanguage":"es"},{"@type":"Organization","@id":"https:\/\/plamdistributions.com\/#organization","name":"Distributions Pla-M","url":"https:\/\/plamdistributions.com\/","logo":{"@type":"ImageObject","inLanguage":"es","@id":"https:\/\/plamdistributions.com\/#\/schema\/logo\/image\/","url":"https:\/\/plamdistributions.com\/wp-content\/uploads\/2021\/05\/PLAM-SANS.png","contentUrl":"https:\/\/plamdistributions.com\/wp-content\/uploads\/2021\/05\/PLAM-SANS.png","width":289,"height":224,"caption":"Distributions Pla-M"},"image":{"@id":"https:\/\/plamdistributions.com\/#\/schema\/logo\/image\/"},"sameAs":["https:\/\/www.facebook.com\/displam\/","https:\/\/x.com\/Displam","https:\/\/www.youtube.com\/channel\/UCHmm3HCGnpGuaQ984quISDg"]}]}},"_links":{"self":[{"href":"https:\/\/plamdistributions.com\/es\/wp-json\/wp\/v2\/product\/24420","targetHints":{"allow":["GET"]}}],"collection":[{"href":"https:\/\/plamdistributions.com\/es\/wp-json\/wp\/v2\/product"}],"about":[{"href":"https:\/\/plamdistributions.com\/es\/wp-json\/wp\/v2\/types\/product"}],"replies":[{"embeddable":true,"href":"https:\/\/plamdistributions.com\/es\/wp-json\/wp\/v2\/comments?post=24420"}],"wp:featuredmedia":[{"embeddable":true,"href":"https:\/\/plamdistributions.com\/es\/wp-json\/wp\/v2\/media\/24419"}],"wp:attachment":[{"href":"https:\/\/plamdistributions.com\/es\/wp-json\/wp\/v2\/media?parent=24420"}],"wp:term":[{"taxonomy":"product_brand","embeddable":true,"href":"https:\/\/plamdistributions.com\/es\/wp-json\/wp\/v2\/product_brand?post=24420"},{"taxonomy":"product_cat","embeddable":true,"href":"https:\/\/plamdistributions.com\/es\/wp-json\/wp\/v2\/product_cat?post=24420"},{"taxonomy":"product_tag","embeddable":true,"href":"https:\/\/plamdistributions.com\/es\/wp-json\/wp\/v2\/product_tag?post=24420"}],"curies":[{"name":"wp","href":"https:\/\/api.w.org\/{rel}","templated":true}]}}