{"id":24543,"date":"2021-05-21T14:47:03","date_gmt":"2021-05-21T18:47:03","guid":{"rendered":"https:\/\/plamdistributions.com\/produit\/distributrice-papier-pli-multiple-frost-105-107\/"},"modified":"2026-01-05T12:00:19","modified_gmt":"2026-01-05T16:00:19","slug":"distributrice-papier-pli-multiple-frost-105-107","status":"publish","type":"product","link":"https:\/\/plamdistributions.com\/es\/produit\/distributrice-papier-pli-multiple-frost-105-107\/","title":{"rendered":"Distributrice papier pli multiple Frost 105 &#8211; 107"},"content":{"rendered":"<p><strong>Code: DP-F105 \/ DP-F107<\/strong><\/p>\n<p>Format compact en vari\u00e9t\u00e9 de finis faisant des mod\u00e8les 105 et 107 des distributeurs parfaits dans toutes pi\u00e8ces et \u00e0 tous endroits.<\/p>\n<p><strong>Caract\u00e9ristiques:<\/strong><\/p>\n<ul>\n<li>Ouverture du distributeur consue pour utiliser des essuie-mains \u00e0 plis multiples des plus grandes marques jusqu\u2019\u00e0 25,4 cm (10 po) de largeur.<\/li>\n<li>Ouverture con\u00e7ue pour distribuer une dose ad\u00e9quate d\u2019essuie-mains. Mod\u00e8les tous munis d\u2019un verrou antivol et antivandalisme.<\/li>\n<li>Chargement frontal facilitant l\u2019entretien sur la porte. Porte en acier \u00e9tir\u00e9 inoxydable. Toutes les portes comportent des charni\u00e8res piano pleine longueur.<\/li>\n<li>Distributeur exp\u00e9di\u00e9 recouvert d\u2019un enduit plastifi\u00e9 protecteur \u00e1 retirer apr\u00e9s l\u2019installation.<\/li>\n<\/ul>\n<p><strong>\u2713 Fabricant: Frost<\/strong><\/p>\n","protected":false},"excerpt":{"rendered":"<p>Code: DP-F105 \/ DP-F107 Format compact en vari\u00e9t\u00e9 de finis faisant des mod\u00e8les 105 et 107 des distributeurs parfaits dans<\/p>\n","protected":false},"featured_media":24541,"comment_status":"closed","ping_status":"closed","template":"","meta":[],"product_brand":[],"product_cat":[105,101],"product_tag":[],"class_list":{"0":"post-24543","1":"product","2":"type-product","3":"status-publish","4":"has-post-thumbnail","6":"product_cat-distributeurs","7":"product_cat-papier-chiffons-et-sacs-a-dechets","8":"product_shipping_class-standard","10":"first","11":"instock","12":"taxable","13":"shipping-taxable","14":"purchasable","15":"product-type-variable"},"yoast_head":"<!-- This site is optimized with the Yoast SEO plugin v27.5 - https:\/\/yoast.com\/product\/yoast-seo-wordpress\/ -->\n<title>Distributrice papier pli multiple Frost 105 - 107 | Distributions Pla-M<\/title>\n<meta name=\"robots\" content=\"index, follow, max-snippet:-1, max-image-preview:large, max-video-preview:-1\" \/>\n<link rel=\"canonical\" href=\"https:\/\/plamdistributions.com\/en\/produit\/distributrice-papier-pli-multiple-frost-105-107\/\" \/>\n<meta property=\"og:locale\" content=\"es_ES\" \/>\n<meta property=\"og:type\" content=\"article\" \/>\n<meta property=\"og:title\" content=\"Distributrice papier pli multiple Frost 105 - 107 | Distributions Pla-M\" \/>\n<meta property=\"og:description\" content=\"Code: DP-F105 \/ DP-F107 Format compact en vari\u00e9t\u00e9 de finis faisant des mod\u00e8les 105 et 107 des distributeurs parfaits dans\" \/>\n<meta property=\"og:url\" content=\"https:\/\/plamdistributions.com\/en\/produit\/distributrice-papier-pli-multiple-frost-105-107\/\" \/>\n<meta property=\"og:site_name\" content=\"Distributions Pla-M\" \/>\n<meta property=\"article:publisher\" content=\"https:\/\/www.facebook.com\/displam\/\" \/>\n<meta property=\"article:modified_time\" content=\"2026-01-05T16:00:19+00:00\" \/>\n<meta property=\"og:image\" content=\"https:\/\/plamdistributions.com\/wp-content\/uploads\/2021\/05\/DP-F105-107.jpg\" \/>\n\t<meta property=\"og:image:width\" content=\"600\" \/>\n\t<meta property=\"og:image:height\" content=\"600\" \/>\n\t<meta property=\"og:image:type\" content=\"image\/jpeg\" \/>\n<meta name=\"twitter:card\" content=\"summary_large_image\" \/>\n<meta name=\"twitter:site\" content=\"@Displam\" \/>\n<meta name=\"twitter:label1\" content=\"Tiempo de lectura\" \/>\n\t<meta name=\"twitter:data1\" content=\"1 minuto\" \/>\n<script type=\"application\/ld+json\" class=\"yoast-schema-graph\">{\"@context\":\"https:\\\/\\\/schema.org\",\"@graph\":[{\"@type\":\"WebPage\",\"@id\":\"https:\\\/\\\/plamdistributions.com\\\/en\\\/produit\\\/distributrice-papier-pli-multiple-frost-105-107\\\/\",\"url\":\"https:\\\/\\\/plamdistributions.com\\\/en\\\/produit\\\/distributrice-papier-pli-multiple-frost-105-107\\\/\",\"name\":\"Distributrice papier pli multiple Frost 105 - 107 | Distributions Pla-M\",\"isPartOf\":{\"@id\":\"https:\\\/\\\/plamdistributions.com\\\/es\\\/#website\"},\"primaryImageOfPage\":{\"@id\":\"https:\\\/\\\/plamdistributions.com\\\/en\\\/produit\\\/distributrice-papier-pli-multiple-frost-105-107\\\/#primaryimage\"},\"image\":{\"@id\":\"https:\\\/\\\/plamdistributions.com\\\/en\\\/produit\\\/distributrice-papier-pli-multiple-frost-105-107\\\/#primaryimage\"},\"thumbnailUrl\":\"https:\\\/\\\/plamdistributions.com\\\/wp-content\\\/uploads\\\/2021\\\/05\\\/DP-F105-107.jpg\",\"datePublished\":\"2021-05-21T18:47:03+00:00\",\"dateModified\":\"2026-01-05T16:00:19+00:00\",\"breadcrumb\":{\"@id\":\"https:\\\/\\\/plamdistributions.com\\\/en\\\/produit\\\/distributrice-papier-pli-multiple-frost-105-107\\\/#breadcrumb\"},\"inLanguage\":\"es\",\"potentialAction\":[{\"@type\":\"ReadAction\",\"target\":[\"https:\\\/\\\/plamdistributions.com\\\/en\\\/produit\\\/distributrice-papier-pli-multiple-frost-105-107\\\/\"]}]},{\"@type\":\"ImageObject\",\"inLanguage\":\"es\",\"@id\":\"https:\\\/\\\/plamdistributions.com\\\/en\\\/produit\\\/distributrice-papier-pli-multiple-frost-105-107\\\/#primaryimage\",\"url\":\"https:\\\/\\\/plamdistributions.com\\\/wp-content\\\/uploads\\\/2021\\\/05\\\/DP-F105-107.jpg\",\"contentUrl\":\"https:\\\/\\\/plamdistributions.com\\\/wp-content\\\/uploads\\\/2021\\\/05\\\/DP-F105-107.jpg\",\"width\":600,\"height\":600},{\"@type\":\"BreadcrumbList\",\"@id\":\"https:\\\/\\\/plamdistributions.com\\\/en\\\/produit\\\/distributrice-papier-pli-multiple-frost-105-107\\\/#breadcrumb\",\"itemListElement\":[{\"@type\":\"ListItem\",\"position\":1,\"name\":\"Accueil\",\"item\":\"https:\\\/\\\/plamdistributions.com\\\/es\\\/\"},{\"@type\":\"ListItem\",\"position\":2,\"name\":\"Tienda\",\"item\":\"https:\\\/\\\/plamdistributions.com\\\/es\\\/tienda\\\/\"},{\"@type\":\"ListItem\",\"position\":3,\"name\":\"Distributrice papier pli multiple Frost 105 &#8211; 107\"}]},{\"@type\":\"WebSite\",\"@id\":\"https:\\\/\\\/plamdistributions.com\\\/es\\\/#website\",\"url\":\"https:\\\/\\\/plamdistributions.com\\\/es\\\/\",\"name\":\"Distributions Pla-M Inc.\",\"description\":\"Venta de productos y equipos sanitarios\",\"publisher\":{\"@id\":\"https:\\\/\\\/plamdistributions.com\\\/es\\\/#organization\"},\"potentialAction\":[{\"@type\":\"SearchAction\",\"target\":{\"@type\":\"EntryPoint\",\"urlTemplate\":\"https:\\\/\\\/plamdistributions.com\\\/es\\\/?s={search_term_string}\"},\"query-input\":{\"@type\":\"PropertyValueSpecification\",\"valueRequired\":true,\"valueName\":\"search_term_string\"}}],\"inLanguage\":\"es\"},{\"@type\":\"Organization\",\"@id\":\"https:\\\/\\\/plamdistributions.com\\\/es\\\/#organization\",\"name\":\"Distributions Pla-M\",\"url\":\"https:\\\/\\\/plamdistributions.com\\\/es\\\/\",\"logo\":{\"@type\":\"ImageObject\",\"inLanguage\":\"es\",\"@id\":\"https:\\\/\\\/plamdistributions.com\\\/es\\\/#\\\/schema\\\/logo\\\/image\\\/\",\"url\":\"https:\\\/\\\/plamdistributions.com\\\/wp-content\\\/uploads\\\/2021\\\/05\\\/PLAM-SANS.png\",\"contentUrl\":\"https:\\\/\\\/plamdistributions.com\\\/wp-content\\\/uploads\\\/2021\\\/05\\\/PLAM-SANS.png\",\"width\":289,\"height\":224,\"caption\":\"Distributions Pla-M\"},\"image\":{\"@id\":\"https:\\\/\\\/plamdistributions.com\\\/es\\\/#\\\/schema\\\/logo\\\/image\\\/\"},\"sameAs\":[\"https:\\\/\\\/www.facebook.com\\\/displam\\\/\",\"https:\\\/\\\/x.com\\\/Displam\",\"https:\\\/\\\/www.youtube.com\\\/channel\\\/UCHmm3HCGnpGuaQ984quISDg\"]}]}<\/script>\n<!-- \/ Yoast SEO plugin. -->","yoast_head_json":{"title":"Distributrice papier pli multiple Frost 105 - 107 | Distributions Pla-M","robots":{"index":"index","follow":"follow","max-snippet":"max-snippet:-1","max-image-preview":"max-image-preview:large","max-video-preview":"max-video-preview:-1"},"canonical":"https:\/\/plamdistributions.com\/en\/produit\/distributrice-papier-pli-multiple-frost-105-107\/","og_locale":"es_ES","og_type":"article","og_title":"Distributrice papier pli multiple Frost 105 - 107 | Distributions Pla-M","og_description":"Code: DP-F105 \/ DP-F107 Format compact en vari\u00e9t\u00e9 de finis faisant des mod\u00e8les 105 et 107 des distributeurs parfaits dans","og_url":"https:\/\/plamdistributions.com\/en\/produit\/distributrice-papier-pli-multiple-frost-105-107\/","og_site_name":"Distributions Pla-M","article_publisher":"https:\/\/www.facebook.com\/displam\/","article_modified_time":"2026-01-05T16:00:19+00:00","og_image":[{"width":600,"height":600,"url":"https:\/\/plamdistributions.com\/wp-content\/uploads\/2021\/05\/DP-F105-107.jpg","type":"image\/jpeg"}],"twitter_card":"summary_large_image","twitter_site":"@Displam","twitter_misc":{"Tiempo de lectura":"1 minuto"},"schema":{"@context":"https:\/\/schema.org","@graph":[{"@type":"WebPage","@id":"https:\/\/plamdistributions.com\/en\/produit\/distributrice-papier-pli-multiple-frost-105-107\/","url":"https:\/\/plamdistributions.com\/en\/produit\/distributrice-papier-pli-multiple-frost-105-107\/","name":"Distributrice papier pli multiple Frost 105 - 107 | Distributions Pla-M","isPartOf":{"@id":"https:\/\/plamdistributions.com\/es\/#website"},"primaryImageOfPage":{"@id":"https:\/\/plamdistributions.com\/en\/produit\/distributrice-papier-pli-multiple-frost-105-107\/#primaryimage"},"image":{"@id":"https:\/\/plamdistributions.com\/en\/produit\/distributrice-papier-pli-multiple-frost-105-107\/#primaryimage"},"thumbnailUrl":"https:\/\/plamdistributions.com\/wp-content\/uploads\/2021\/05\/DP-F105-107.jpg","datePublished":"2021-05-21T18:47:03+00:00","dateModified":"2026-01-05T16:00:19+00:00","breadcrumb":{"@id":"https:\/\/plamdistributions.com\/en\/produit\/distributrice-papier-pli-multiple-frost-105-107\/#breadcrumb"},"inLanguage":"es","potentialAction":[{"@type":"ReadAction","target":["https:\/\/plamdistributions.com\/en\/produit\/distributrice-papier-pli-multiple-frost-105-107\/"]}]},{"@type":"ImageObject","inLanguage":"es","@id":"https:\/\/plamdistributions.com\/en\/produit\/distributrice-papier-pli-multiple-frost-105-107\/#primaryimage","url":"https:\/\/plamdistributions.com\/wp-content\/uploads\/2021\/05\/DP-F105-107.jpg","contentUrl":"https:\/\/plamdistributions.com\/wp-content\/uploads\/2021\/05\/DP-F105-107.jpg","width":600,"height":600},{"@type":"BreadcrumbList","@id":"https:\/\/plamdistributions.com\/en\/produit\/distributrice-papier-pli-multiple-frost-105-107\/#breadcrumb","itemListElement":[{"@type":"ListItem","position":1,"name":"Accueil","item":"https:\/\/plamdistributions.com\/es\/"},{"@type":"ListItem","position":2,"name":"Tienda","item":"https:\/\/plamdistributions.com\/es\/tienda\/"},{"@type":"ListItem","position":3,"name":"Distributrice papier pli multiple Frost 105 &#8211; 107"}]},{"@type":"WebSite","@id":"https:\/\/plamdistributions.com\/es\/#website","url":"https:\/\/plamdistributions.com\/es\/","name":"Distributions Pla-M Inc.","description":"Venta de productos y equipos sanitarios","publisher":{"@id":"https:\/\/plamdistributions.com\/es\/#organization"},"potentialAction":[{"@type":"SearchAction","target":{"@type":"EntryPoint","urlTemplate":"https:\/\/plamdistributions.com\/es\/?s={search_term_string}"},"query-input":{"@type":"PropertyValueSpecification","valueRequired":true,"valueName":"search_term_string"}}],"inLanguage":"es"},{"@type":"Organization","@id":"https:\/\/plamdistributions.com\/es\/#organization","name":"Distributions Pla-M","url":"https:\/\/plamdistributions.com\/es\/","logo":{"@type":"ImageObject","inLanguage":"es","@id":"https:\/\/plamdistributions.com\/es\/#\/schema\/logo\/image\/","url":"https:\/\/plamdistributions.com\/wp-content\/uploads\/2021\/05\/PLAM-SANS.png","contentUrl":"https:\/\/plamdistributions.com\/wp-content\/uploads\/2021\/05\/PLAM-SANS.png","width":289,"height":224,"caption":"Distributions Pla-M"},"image":{"@id":"https:\/\/plamdistributions.com\/es\/#\/schema\/logo\/image\/"},"sameAs":["https:\/\/www.facebook.com\/displam\/","https:\/\/x.com\/Displam","https:\/\/www.youtube.com\/channel\/UCHmm3HCGnpGuaQ984quISDg"]}]}},"_links":{"self":[{"href":"https:\/\/plamdistributions.com\/es\/wp-json\/wp\/v2\/product\/24543","targetHints":{"allow":["GET"]}}],"collection":[{"href":"https:\/\/plamdistributions.com\/es\/wp-json\/wp\/v2\/product"}],"about":[{"href":"https:\/\/plamdistributions.com\/es\/wp-json\/wp\/v2\/types\/product"}],"replies":[{"embeddable":true,"href":"https:\/\/plamdistributions.com\/es\/wp-json\/wp\/v2\/comments?post=24543"}],"wp:featuredmedia":[{"embeddable":true,"href":"https:\/\/plamdistributions.com\/es\/wp-json\/wp\/v2\/media\/24541"}],"wp:attachment":[{"href":"https:\/\/plamdistributions.com\/es\/wp-json\/wp\/v2\/media?parent=24543"}],"wp:term":[{"taxonomy":"product_brand","embeddable":true,"href":"https:\/\/plamdistributions.com\/es\/wp-json\/wp\/v2\/product_brand?post=24543"},{"taxonomy":"product_cat","embeddable":true,"href":"https:\/\/plamdistributions.com\/es\/wp-json\/wp\/v2\/product_cat?post=24543"},{"taxonomy":"product_tag","embeddable":true,"href":"https:\/\/plamdistributions.com\/es\/wp-json\/wp\/v2\/product_tag?post=24543"}],"curies":[{"name":"wp","href":"https:\/\/api.w.org\/{rel}","templated":true}]}}