{"id":24645,"date":"2021-05-21T14:47:55","date_gmt":"2021-05-21T18:47:55","guid":{"rendered":"https:\/\/plamdistributions.com\/?post_type=product&#038;p=24645"},"modified":"2023-01-31T02:10:56","modified_gmt":"2023-01-31T06:10:56","slug":"carton-ondule-24-x-250","status":"publish","type":"product","link":"https:\/\/plamdistributions.com\/es\/produit\/carton-ondule-24-x-250\/","title":{"rendered":"Carton ondul\u00e9 36&#8243; x 250&#8242; \u00e0 60&#8243; x 250&#8242;"},"content":{"rendered":"<p><strong>Code: EBC-36250 \/ EBC-48250 \/ EBC-60250\u00a0<\/strong><\/p>\n<ul class=\"a-unordered-list a-vertical a-spacing-mini\">\n<li><span class=\"a-list-item\">Flexible ondul\u00e9 singleface conforme \u00e0 toutes les formes et tailles<\/span><\/li>\n<li><span class=\"a-list-item\">Flute ondul\u00e9<\/span><\/li>\n<li><span class=\"a-list-item\">1\/10,2\u00a0cm fl\u00fbtes offrent un rembourrage absorbant les chocs<\/span><\/li>\n<li><span class=\"a-list-item\">Utilisation pour prot\u00e9ger les pi\u00e8ces m\u00e9talliques et de verre<\/span><\/li>\n<li><span class=\"a-list-item\">Mesure 250 longueur, 121,9 cm de largeur<\/span><\/li>\n<\/ul>\n","protected":false},"excerpt":{"rendered":"<p>Code: EBC-36250 \/ EBC-48250 \/ EBC-60250\u00a0 Flexible ondul\u00e9 singleface conforme \u00e0 toutes les formes et tailles Flute ondul\u00e9 1\/10,2\u00a0cm fl\u00fbtes<\/p>\n","protected":false},"featured_media":24692,"comment_status":"closed","ping_status":"closed","template":"","meta":[],"product_brand":[],"product_cat":[143,405],"product_tag":[],"class_list":{"0":"post-24645","1":"product","2":"type-product","3":"status-publish","4":"has-post-thumbnail","6":"product_cat-accessoires","7":"product_cat-emballages","8":"product_shipping_class-standard","10":"first","11":"onbackorder","12":"featured","13":"taxable","14":"shipping-taxable","15":"purchasable","16":"product-type-variable"},"yoast_head":"<!-- This site is optimized with the Yoast SEO plugin v27.4 - https:\/\/yoast.com\/product\/yoast-seo-wordpress\/ -->\n<title>Carton ondul\u00e9 36&quot; x 250&#039; \u00e0 60&quot; x 250&#039; | Distributions Pla-M<\/title>\n<meta name=\"robots\" content=\"index, follow, max-snippet:-1, max-image-preview:large, max-video-preview:-1\" \/>\n<link rel=\"canonical\" href=\"https:\/\/plamdistributions.com\/produit\/carton-ondule-24-x-250\/\" \/>\n<meta property=\"og:locale\" content=\"es_ES\" \/>\n<meta property=\"og:type\" content=\"article\" \/>\n<meta property=\"og:title\" content=\"Carton ondul\u00e9 36&quot; x 250&#039; \u00e0 60&quot; x 250&#039; | Distributions Pla-M\" \/>\n<meta property=\"og:description\" content=\"Code: EBC-36250 \/ EBC-48250 \/ EBC-60250\u00a0 Flexible ondul\u00e9 singleface conforme \u00e0 toutes les formes et tailles Flute ondul\u00e9 1\/10,2\u00a0cm fl\u00fbtes\" \/>\n<meta property=\"og:url\" content=\"https:\/\/plamdistributions.com\/produit\/carton-ondule-24-x-250\/\" \/>\n<meta property=\"og:site_name\" content=\"Distributions Pla-M\" \/>\n<meta property=\"article:publisher\" content=\"https:\/\/www.facebook.com\/displam\/\" \/>\n<meta property=\"article:modified_time\" content=\"2023-01-31T06:10:56+00:00\" \/>\n<meta property=\"og:image\" content=\"https:\/\/plamdistributions.com\/wp-content\/uploads\/2021\/05\/EBC-24250.jpg\" \/>\n\t<meta property=\"og:image:width\" content=\"600\" \/>\n\t<meta property=\"og:image:height\" content=\"600\" \/>\n\t<meta property=\"og:image:type\" content=\"image\/jpeg\" \/>\n<meta name=\"twitter:card\" content=\"summary_large_image\" \/>\n<meta name=\"twitter:site\" content=\"@Displam\" \/>\n<meta name=\"twitter:label1\" content=\"Tiempo de lectura\" \/>\n\t<meta name=\"twitter:data1\" content=\"1 minuto\" \/>\n<script type=\"application\/ld+json\" class=\"yoast-schema-graph\">{\"@context\":\"https:\\\/\\\/schema.org\",\"@graph\":[{\"@type\":\"WebPage\",\"@id\":\"https:\\\/\\\/plamdistributions.com\\\/produit\\\/carton-ondule-24-x-250\\\/\",\"url\":\"https:\\\/\\\/plamdistributions.com\\\/produit\\\/carton-ondule-24-x-250\\\/\",\"name\":\"Carton ondul\u00e9 36\\\" x 250' \u00e0 60\\\" x 250' | Distributions Pla-M\",\"isPartOf\":{\"@id\":\"https:\\\/\\\/plamdistributions.com\\\/#website\"},\"primaryImageOfPage\":{\"@id\":\"https:\\\/\\\/plamdistributions.com\\\/produit\\\/carton-ondule-24-x-250\\\/#primaryimage\"},\"image\":{\"@id\":\"https:\\\/\\\/plamdistributions.com\\\/produit\\\/carton-ondule-24-x-250\\\/#primaryimage\"},\"thumbnailUrl\":\"https:\\\/\\\/plamdistributions.com\\\/wp-content\\\/uploads\\\/2021\\\/05\\\/EBC-24250.jpg\",\"datePublished\":\"2021-05-21T18:47:55+00:00\",\"dateModified\":\"2023-01-31T06:10:56+00:00\",\"breadcrumb\":{\"@id\":\"https:\\\/\\\/plamdistributions.com\\\/produit\\\/carton-ondule-24-x-250\\\/#breadcrumb\"},\"inLanguage\":\"es\",\"potentialAction\":[{\"@type\":\"ReadAction\",\"target\":[\"https:\\\/\\\/plamdistributions.com\\\/produit\\\/carton-ondule-24-x-250\\\/\"]}]},{\"@type\":\"ImageObject\",\"inLanguage\":\"es\",\"@id\":\"https:\\\/\\\/plamdistributions.com\\\/produit\\\/carton-ondule-24-x-250\\\/#primaryimage\",\"url\":\"https:\\\/\\\/plamdistributions.com\\\/wp-content\\\/uploads\\\/2021\\\/05\\\/EBC-24250.jpg\",\"contentUrl\":\"https:\\\/\\\/plamdistributions.com\\\/wp-content\\\/uploads\\\/2021\\\/05\\\/EBC-24250.jpg\",\"width\":600,\"height\":600,\"caption\":\"Carton ondul\u00e9 24\\\" x 250' \u00e0 60\\\" x 250'\"},{\"@type\":\"BreadcrumbList\",\"@id\":\"https:\\\/\\\/plamdistributions.com\\\/produit\\\/carton-ondule-24-x-250\\\/#breadcrumb\",\"itemListElement\":[{\"@type\":\"ListItem\",\"position\":1,\"name\":\"Accueil\",\"item\":\"https:\\\/\\\/plamdistributions.com\\\/es\\\/\"},{\"@type\":\"ListItem\",\"position\":2,\"name\":\"Tienda\",\"item\":\"https:\\\/\\\/plamdistributions.com\\\/es\\\/tienda\\\/\"},{\"@type\":\"ListItem\",\"position\":3,\"name\":\"Carton ondul\u00e9 36&Prime; x 250&prime; \u00e0 60&Prime; x 250&prime;\"}]},{\"@type\":\"WebSite\",\"@id\":\"https:\\\/\\\/plamdistributions.com\\\/#website\",\"url\":\"https:\\\/\\\/plamdistributions.com\\\/\",\"name\":\"Distributions Pla-M Inc.\",\"description\":\"Venta de productos y equipos sanitarios\",\"publisher\":{\"@id\":\"https:\\\/\\\/plamdistributions.com\\\/#organization\"},\"potentialAction\":[{\"@type\":\"SearchAction\",\"target\":{\"@type\":\"EntryPoint\",\"urlTemplate\":\"https:\\\/\\\/plamdistributions.com\\\/?s={search_term_string}\"},\"query-input\":{\"@type\":\"PropertyValueSpecification\",\"valueRequired\":true,\"valueName\":\"search_term_string\"}}],\"inLanguage\":\"es\"},{\"@type\":\"Organization\",\"@id\":\"https:\\\/\\\/plamdistributions.com\\\/#organization\",\"name\":\"Distributions Pla-M\",\"url\":\"https:\\\/\\\/plamdistributions.com\\\/\",\"logo\":{\"@type\":\"ImageObject\",\"inLanguage\":\"es\",\"@id\":\"https:\\\/\\\/plamdistributions.com\\\/#\\\/schema\\\/logo\\\/image\\\/\",\"url\":\"https:\\\/\\\/plamdistributions.com\\\/wp-content\\\/uploads\\\/2021\\\/05\\\/PLAM-SANS.png\",\"contentUrl\":\"https:\\\/\\\/plamdistributions.com\\\/wp-content\\\/uploads\\\/2021\\\/05\\\/PLAM-SANS.png\",\"width\":289,\"height\":224,\"caption\":\"Distributions Pla-M\"},\"image\":{\"@id\":\"https:\\\/\\\/plamdistributions.com\\\/#\\\/schema\\\/logo\\\/image\\\/\"},\"sameAs\":[\"https:\\\/\\\/www.facebook.com\\\/displam\\\/\",\"https:\\\/\\\/x.com\\\/Displam\",\"https:\\\/\\\/www.youtube.com\\\/channel\\\/UCHmm3HCGnpGuaQ984quISDg\"]}]}<\/script>\n<!-- \/ Yoast SEO plugin. -->","yoast_head_json":{"title":"Carton ondul\u00e9 36\" x 250' \u00e0 60\" x 250' | Distributions Pla-M","robots":{"index":"index","follow":"follow","max-snippet":"max-snippet:-1","max-image-preview":"max-image-preview:large","max-video-preview":"max-video-preview:-1"},"canonical":"https:\/\/plamdistributions.com\/produit\/carton-ondule-24-x-250\/","og_locale":"es_ES","og_type":"article","og_title":"Carton ondul\u00e9 36\" x 250' \u00e0 60\" x 250' | Distributions Pla-M","og_description":"Code: EBC-36250 \/ EBC-48250 \/ EBC-60250\u00a0 Flexible ondul\u00e9 singleface conforme \u00e0 toutes les formes et tailles Flute ondul\u00e9 1\/10,2\u00a0cm fl\u00fbtes","og_url":"https:\/\/plamdistributions.com\/produit\/carton-ondule-24-x-250\/","og_site_name":"Distributions Pla-M","article_publisher":"https:\/\/www.facebook.com\/displam\/","article_modified_time":"2023-01-31T06:10:56+00:00","og_image":[{"width":600,"height":600,"url":"https:\/\/plamdistributions.com\/wp-content\/uploads\/2021\/05\/EBC-24250.jpg","type":"image\/jpeg"}],"twitter_card":"summary_large_image","twitter_site":"@Displam","twitter_misc":{"Tiempo de lectura":"1 minuto"},"schema":{"@context":"https:\/\/schema.org","@graph":[{"@type":"WebPage","@id":"https:\/\/plamdistributions.com\/produit\/carton-ondule-24-x-250\/","url":"https:\/\/plamdistributions.com\/produit\/carton-ondule-24-x-250\/","name":"Carton ondul\u00e9 36\" x 250' \u00e0 60\" x 250' | Distributions Pla-M","isPartOf":{"@id":"https:\/\/plamdistributions.com\/#website"},"primaryImageOfPage":{"@id":"https:\/\/plamdistributions.com\/produit\/carton-ondule-24-x-250\/#primaryimage"},"image":{"@id":"https:\/\/plamdistributions.com\/produit\/carton-ondule-24-x-250\/#primaryimage"},"thumbnailUrl":"https:\/\/plamdistributions.com\/wp-content\/uploads\/2021\/05\/EBC-24250.jpg","datePublished":"2021-05-21T18:47:55+00:00","dateModified":"2023-01-31T06:10:56+00:00","breadcrumb":{"@id":"https:\/\/plamdistributions.com\/produit\/carton-ondule-24-x-250\/#breadcrumb"},"inLanguage":"es","potentialAction":[{"@type":"ReadAction","target":["https:\/\/plamdistributions.com\/produit\/carton-ondule-24-x-250\/"]}]},{"@type":"ImageObject","inLanguage":"es","@id":"https:\/\/plamdistributions.com\/produit\/carton-ondule-24-x-250\/#primaryimage","url":"https:\/\/plamdistributions.com\/wp-content\/uploads\/2021\/05\/EBC-24250.jpg","contentUrl":"https:\/\/plamdistributions.com\/wp-content\/uploads\/2021\/05\/EBC-24250.jpg","width":600,"height":600,"caption":"Carton ondul\u00e9 24\" x 250' \u00e0 60\" x 250'"},{"@type":"BreadcrumbList","@id":"https:\/\/plamdistributions.com\/produit\/carton-ondule-24-x-250\/#breadcrumb","itemListElement":[{"@type":"ListItem","position":1,"name":"Accueil","item":"https:\/\/plamdistributions.com\/es\/"},{"@type":"ListItem","position":2,"name":"Tienda","item":"https:\/\/plamdistributions.com\/es\/tienda\/"},{"@type":"ListItem","position":3,"name":"Carton ondul\u00e9 36&Prime; x 250&prime; \u00e0 60&Prime; x 250&prime;"}]},{"@type":"WebSite","@id":"https:\/\/plamdistributions.com\/#website","url":"https:\/\/plamdistributions.com\/","name":"Distributions Pla-M Inc.","description":"Venta de productos y equipos sanitarios","publisher":{"@id":"https:\/\/plamdistributions.com\/#organization"},"potentialAction":[{"@type":"SearchAction","target":{"@type":"EntryPoint","urlTemplate":"https:\/\/plamdistributions.com\/?s={search_term_string}"},"query-input":{"@type":"PropertyValueSpecification","valueRequired":true,"valueName":"search_term_string"}}],"inLanguage":"es"},{"@type":"Organization","@id":"https:\/\/plamdistributions.com\/#organization","name":"Distributions Pla-M","url":"https:\/\/plamdistributions.com\/","logo":{"@type":"ImageObject","inLanguage":"es","@id":"https:\/\/plamdistributions.com\/#\/schema\/logo\/image\/","url":"https:\/\/plamdistributions.com\/wp-content\/uploads\/2021\/05\/PLAM-SANS.png","contentUrl":"https:\/\/plamdistributions.com\/wp-content\/uploads\/2021\/05\/PLAM-SANS.png","width":289,"height":224,"caption":"Distributions Pla-M"},"image":{"@id":"https:\/\/plamdistributions.com\/#\/schema\/logo\/image\/"},"sameAs":["https:\/\/www.facebook.com\/displam\/","https:\/\/x.com\/Displam","https:\/\/www.youtube.com\/channel\/UCHmm3HCGnpGuaQ984quISDg"]}]}},"_links":{"self":[{"href":"https:\/\/plamdistributions.com\/es\/wp-json\/wp\/v2\/product\/24645","targetHints":{"allow":["GET"]}}],"collection":[{"href":"https:\/\/plamdistributions.com\/es\/wp-json\/wp\/v2\/product"}],"about":[{"href":"https:\/\/plamdistributions.com\/es\/wp-json\/wp\/v2\/types\/product"}],"replies":[{"embeddable":true,"href":"https:\/\/plamdistributions.com\/es\/wp-json\/wp\/v2\/comments?post=24645"}],"wp:featuredmedia":[{"embeddable":true,"href":"https:\/\/plamdistributions.com\/es\/wp-json\/wp\/v2\/media\/24692"}],"wp:attachment":[{"href":"https:\/\/plamdistributions.com\/es\/wp-json\/wp\/v2\/media?parent=24645"}],"wp:term":[{"taxonomy":"product_brand","embeddable":true,"href":"https:\/\/plamdistributions.com\/es\/wp-json\/wp\/v2\/product_brand?post=24645"},{"taxonomy":"product_cat","embeddable":true,"href":"https:\/\/plamdistributions.com\/es\/wp-json\/wp\/v2\/product_cat?post=24645"},{"taxonomy":"product_tag","embeddable":true,"href":"https:\/\/plamdistributions.com\/es\/wp-json\/wp\/v2\/product_tag?post=24645"}],"curies":[{"name":"wp","href":"https:\/\/api.w.org\/{rel}","templated":true}]}}