{"id":24764,"date":"2021-05-21T14:49:24","date_gmt":"2021-05-21T18:49:24","guid":{"rendered":"https:\/\/plamdistributions.com\/produit\/nettoyant-degraissant-micro-orange-aux-agrumes\/"},"modified":"2026-04-16T12:17:32","modified_gmt":"2026-04-16T16:17:32","slug":"nettoyant-degraissant-micro-orange-aux-agrumes","status":"publish","type":"product","link":"https:\/\/plamdistributions.com\/es\/produit\/nettoyant-degraissant-micro-orange-aux-agrumes\/","title":{"rendered":"NET DEGRAISSANT MICRO- ORANGE AUX AGRUMES 4LTS"},"content":{"rendered":"<p><strong>Code: MICRO-ORANGE<\/strong><\/p>\n<p><strong>\u2713\u00a0 \u00c0 base d&#8217;huile d&#8217;orange \u2713 D\u00e9sinfectant<\/strong><\/p>\n<p>MICRO-ORANGE est un nettoyant-d\u00e9graissant super puissant biod\u00e9gradable \u00e0 base d\u2019huile d\u2019orange. Sa formule sp\u00e9ciale fait de solvants d\u2019agrumes, d\u2019\u00e9mulsifiants et de dispersants naturels et biod\u00e9gradables, ont \u00e9t\u00e9 soigneusement agenc\u00e9s en une micro \u00e9mulsion \u00e0 action rapide qui permet de d\u00e9graisser et nettoyer toutes surfaces lavables. De plus, il poss\u00e8de un large spectre antibact\u00e9rien qui lui permet de tuer toutes les bact\u00e9ries nuisibles. Il est id\u00e9al pour nettoyer murs, comptoirs, hotte de cuisini\u00e8re, salle de bains, planchers (b\u00e9ton, bois, c\u00e9ramique, pr\u00e9lart).<\/p>\n<p><strong>\u2713 Fabricant: Unica Canada<\/strong><\/p>\n","protected":false},"excerpt":{"rendered":"<p>Code: MICRO-ORANGE \u2713\u00a0 \u00c0 base d&#8217;huile d&#8217;orange \u2713 D\u00e9sinfectant MICRO-ORANGE est un nettoyant-d\u00e9graissant super puissant biod\u00e9gradable \u00e0 base d\u2019huile d\u2019orange.<\/p>\n","protected":false},"featured_media":24763,"comment_status":"closed","ping_status":"closed","template":"","meta":[],"product_brand":[],"product_cat":[62,109],"product_tag":[],"class_list":{"0":"post-24764","1":"product","2":"type-product","3":"status-publish","4":"has-post-thumbnail","6":"product_cat-produits-dentretien-menager","7":"product_cat-produits-pour-le-nettoyage-general","8":"product_shipping_class-standard","10":"first","11":"instock","12":"taxable","13":"shipping-taxable","14":"purchasable","15":"product-type-simple"},"yoast_head":"<!-- This site is optimized with the Yoast SEO plugin v27.4 - https:\/\/yoast.com\/product\/yoast-seo-wordpress\/ -->\n<title>NET DEGRAISSANT MICRO- ORANGE AUX AGRUMES 4LTS | Distributions Pla-M<\/title>\n<meta name=\"robots\" content=\"index, follow, max-snippet:-1, max-image-preview:large, max-video-preview:-1\" \/>\n<link rel=\"canonical\" href=\"https:\/\/plamdistributions.com\/produit\/nettoyant-degraissant-micro-orange-aux-agrumes\/\" \/>\n<meta property=\"og:locale\" content=\"es_ES\" \/>\n<meta property=\"og:type\" content=\"article\" \/>\n<meta property=\"og:title\" content=\"NET DEGRAISSANT MICRO- ORANGE AUX AGRUMES 4LTS | Distributions Pla-M\" \/>\n<meta property=\"og:description\" content=\"Code: MICRO-ORANGE \u2713\u00a0 \u00c0 base d&#8217;huile d&#8217;orange \u2713 D\u00e9sinfectant MICRO-ORANGE est un nettoyant-d\u00e9graissant super puissant biod\u00e9gradable \u00e0 base d\u2019huile d\u2019orange.\" \/>\n<meta property=\"og:url\" content=\"https:\/\/plamdistributions.com\/produit\/nettoyant-degraissant-micro-orange-aux-agrumes\/\" \/>\n<meta property=\"og:site_name\" content=\"Distributions Pla-M\" \/>\n<meta property=\"article:publisher\" content=\"https:\/\/www.facebook.com\/displam\/\" \/>\n<meta property=\"article:modified_time\" content=\"2026-04-16T16:17:32+00:00\" \/>\n<meta property=\"og:image\" content=\"https:\/\/plamdistributions.com\/wp-content\/uploads\/2021\/05\/FAUCON20.jpg\" \/>\n\t<meta property=\"og:image:width\" content=\"600\" \/>\n\t<meta property=\"og:image:height\" content=\"600\" \/>\n\t<meta property=\"og:image:type\" content=\"image\/jpeg\" \/>\n<meta name=\"twitter:card\" content=\"summary_large_image\" \/>\n<meta name=\"twitter:site\" content=\"@Displam\" \/>\n<meta name=\"twitter:label1\" content=\"Tiempo de lectura\" \/>\n\t<meta name=\"twitter:data1\" content=\"1 minuto\" \/>\n<script type=\"application\/ld+json\" class=\"yoast-schema-graph\">{\"@context\":\"https:\\\/\\\/schema.org\",\"@graph\":[{\"@type\":\"WebPage\",\"@id\":\"https:\\\/\\\/plamdistributions.com\\\/produit\\\/nettoyant-degraissant-micro-orange-aux-agrumes\\\/\",\"url\":\"https:\\\/\\\/plamdistributions.com\\\/produit\\\/nettoyant-degraissant-micro-orange-aux-agrumes\\\/\",\"name\":\"NET DEGRAISSANT MICRO- ORANGE AUX AGRUMES 4LTS | Distributions Pla-M\",\"isPartOf\":{\"@id\":\"https:\\\/\\\/plamdistributions.com\\\/#website\"},\"primaryImageOfPage\":{\"@id\":\"https:\\\/\\\/plamdistributions.com\\\/produit\\\/nettoyant-degraissant-micro-orange-aux-agrumes\\\/#primaryimage\"},\"image\":{\"@id\":\"https:\\\/\\\/plamdistributions.com\\\/produit\\\/nettoyant-degraissant-micro-orange-aux-agrumes\\\/#primaryimage\"},\"thumbnailUrl\":\"https:\\\/\\\/plamdistributions.com\\\/wp-content\\\/uploads\\\/2021\\\/05\\\/FAUCON20.jpg\",\"datePublished\":\"2021-05-21T18:49:24+00:00\",\"dateModified\":\"2026-04-16T16:17:32+00:00\",\"breadcrumb\":{\"@id\":\"https:\\\/\\\/plamdistributions.com\\\/produit\\\/nettoyant-degraissant-micro-orange-aux-agrumes\\\/#breadcrumb\"},\"inLanguage\":\"es\",\"potentialAction\":[{\"@type\":\"ReadAction\",\"target\":[\"https:\\\/\\\/plamdistributions.com\\\/produit\\\/nettoyant-degraissant-micro-orange-aux-agrumes\\\/\"]}]},{\"@type\":\"ImageObject\",\"inLanguage\":\"es\",\"@id\":\"https:\\\/\\\/plamdistributions.com\\\/produit\\\/nettoyant-degraissant-micro-orange-aux-agrumes\\\/#primaryimage\",\"url\":\"https:\\\/\\\/plamdistributions.com\\\/wp-content\\\/uploads\\\/2021\\\/05\\\/FAUCON20.jpg\",\"contentUrl\":\"https:\\\/\\\/plamdistributions.com\\\/wp-content\\\/uploads\\\/2021\\\/05\\\/FAUCON20.jpg\",\"width\":600,\"height\":600},{\"@type\":\"BreadcrumbList\",\"@id\":\"https:\\\/\\\/plamdistributions.com\\\/produit\\\/nettoyant-degraissant-micro-orange-aux-agrumes\\\/#breadcrumb\",\"itemListElement\":[{\"@type\":\"ListItem\",\"position\":1,\"name\":\"Accueil\",\"item\":\"https:\\\/\\\/plamdistributions.com\\\/es\\\/\"},{\"@type\":\"ListItem\",\"position\":2,\"name\":\"Tienda\",\"item\":\"https:\\\/\\\/plamdistributions.com\\\/es\\\/tienda\\\/\"},{\"@type\":\"ListItem\",\"position\":3,\"name\":\"NET DEGRAISSANT MICRO- ORANGE AUX AGRUMES 4LTS\"}]},{\"@type\":\"WebSite\",\"@id\":\"https:\\\/\\\/plamdistributions.com\\\/#website\",\"url\":\"https:\\\/\\\/plamdistributions.com\\\/\",\"name\":\"Distributions Pla-M Inc.\",\"description\":\"Venta de productos y equipos sanitarios\",\"publisher\":{\"@id\":\"https:\\\/\\\/plamdistributions.com\\\/#organization\"},\"potentialAction\":[{\"@type\":\"SearchAction\",\"target\":{\"@type\":\"EntryPoint\",\"urlTemplate\":\"https:\\\/\\\/plamdistributions.com\\\/?s={search_term_string}\"},\"query-input\":{\"@type\":\"PropertyValueSpecification\",\"valueRequired\":true,\"valueName\":\"search_term_string\"}}],\"inLanguage\":\"es\"},{\"@type\":\"Organization\",\"@id\":\"https:\\\/\\\/plamdistributions.com\\\/#organization\",\"name\":\"Distributions Pla-M\",\"url\":\"https:\\\/\\\/plamdistributions.com\\\/\",\"logo\":{\"@type\":\"ImageObject\",\"inLanguage\":\"es\",\"@id\":\"https:\\\/\\\/plamdistributions.com\\\/#\\\/schema\\\/logo\\\/image\\\/\",\"url\":\"https:\\\/\\\/plamdistributions.com\\\/wp-content\\\/uploads\\\/2021\\\/05\\\/PLAM-SANS.png\",\"contentUrl\":\"https:\\\/\\\/plamdistributions.com\\\/wp-content\\\/uploads\\\/2021\\\/05\\\/PLAM-SANS.png\",\"width\":289,\"height\":224,\"caption\":\"Distributions Pla-M\"},\"image\":{\"@id\":\"https:\\\/\\\/plamdistributions.com\\\/#\\\/schema\\\/logo\\\/image\\\/\"},\"sameAs\":[\"https:\\\/\\\/www.facebook.com\\\/displam\\\/\",\"https:\\\/\\\/x.com\\\/Displam\",\"https:\\\/\\\/www.youtube.com\\\/channel\\\/UCHmm3HCGnpGuaQ984quISDg\"]}]}<\/script>\n<!-- \/ Yoast SEO plugin. -->","yoast_head_json":{"title":"NET DEGRAISSANT MICRO- ORANGE AUX AGRUMES 4LTS | Distributions Pla-M","robots":{"index":"index","follow":"follow","max-snippet":"max-snippet:-1","max-image-preview":"max-image-preview:large","max-video-preview":"max-video-preview:-1"},"canonical":"https:\/\/plamdistributions.com\/produit\/nettoyant-degraissant-micro-orange-aux-agrumes\/","og_locale":"es_ES","og_type":"article","og_title":"NET DEGRAISSANT MICRO- ORANGE AUX AGRUMES 4LTS | Distributions Pla-M","og_description":"Code: MICRO-ORANGE \u2713\u00a0 \u00c0 base d&#8217;huile d&#8217;orange \u2713 D\u00e9sinfectant MICRO-ORANGE est un nettoyant-d\u00e9graissant super puissant biod\u00e9gradable \u00e0 base d\u2019huile d\u2019orange.","og_url":"https:\/\/plamdistributions.com\/produit\/nettoyant-degraissant-micro-orange-aux-agrumes\/","og_site_name":"Distributions Pla-M","article_publisher":"https:\/\/www.facebook.com\/displam\/","article_modified_time":"2026-04-16T16:17:32+00:00","og_image":[{"width":600,"height":600,"url":"https:\/\/plamdistributions.com\/wp-content\/uploads\/2021\/05\/FAUCON20.jpg","type":"image\/jpeg"}],"twitter_card":"summary_large_image","twitter_site":"@Displam","twitter_misc":{"Tiempo de lectura":"1 minuto"},"schema":{"@context":"https:\/\/schema.org","@graph":[{"@type":"WebPage","@id":"https:\/\/plamdistributions.com\/produit\/nettoyant-degraissant-micro-orange-aux-agrumes\/","url":"https:\/\/plamdistributions.com\/produit\/nettoyant-degraissant-micro-orange-aux-agrumes\/","name":"NET DEGRAISSANT MICRO- ORANGE AUX AGRUMES 4LTS | Distributions Pla-M","isPartOf":{"@id":"https:\/\/plamdistributions.com\/#website"},"primaryImageOfPage":{"@id":"https:\/\/plamdistributions.com\/produit\/nettoyant-degraissant-micro-orange-aux-agrumes\/#primaryimage"},"image":{"@id":"https:\/\/plamdistributions.com\/produit\/nettoyant-degraissant-micro-orange-aux-agrumes\/#primaryimage"},"thumbnailUrl":"https:\/\/plamdistributions.com\/wp-content\/uploads\/2021\/05\/FAUCON20.jpg","datePublished":"2021-05-21T18:49:24+00:00","dateModified":"2026-04-16T16:17:32+00:00","breadcrumb":{"@id":"https:\/\/plamdistributions.com\/produit\/nettoyant-degraissant-micro-orange-aux-agrumes\/#breadcrumb"},"inLanguage":"es","potentialAction":[{"@type":"ReadAction","target":["https:\/\/plamdistributions.com\/produit\/nettoyant-degraissant-micro-orange-aux-agrumes\/"]}]},{"@type":"ImageObject","inLanguage":"es","@id":"https:\/\/plamdistributions.com\/produit\/nettoyant-degraissant-micro-orange-aux-agrumes\/#primaryimage","url":"https:\/\/plamdistributions.com\/wp-content\/uploads\/2021\/05\/FAUCON20.jpg","contentUrl":"https:\/\/plamdistributions.com\/wp-content\/uploads\/2021\/05\/FAUCON20.jpg","width":600,"height":600},{"@type":"BreadcrumbList","@id":"https:\/\/plamdistributions.com\/produit\/nettoyant-degraissant-micro-orange-aux-agrumes\/#breadcrumb","itemListElement":[{"@type":"ListItem","position":1,"name":"Accueil","item":"https:\/\/plamdistributions.com\/es\/"},{"@type":"ListItem","position":2,"name":"Tienda","item":"https:\/\/plamdistributions.com\/es\/tienda\/"},{"@type":"ListItem","position":3,"name":"NET DEGRAISSANT MICRO- ORANGE AUX AGRUMES 4LTS"}]},{"@type":"WebSite","@id":"https:\/\/plamdistributions.com\/#website","url":"https:\/\/plamdistributions.com\/","name":"Distributions Pla-M Inc.","description":"Venta de productos y equipos sanitarios","publisher":{"@id":"https:\/\/plamdistributions.com\/#organization"},"potentialAction":[{"@type":"SearchAction","target":{"@type":"EntryPoint","urlTemplate":"https:\/\/plamdistributions.com\/?s={search_term_string}"},"query-input":{"@type":"PropertyValueSpecification","valueRequired":true,"valueName":"search_term_string"}}],"inLanguage":"es"},{"@type":"Organization","@id":"https:\/\/plamdistributions.com\/#organization","name":"Distributions Pla-M","url":"https:\/\/plamdistributions.com\/","logo":{"@type":"ImageObject","inLanguage":"es","@id":"https:\/\/plamdistributions.com\/#\/schema\/logo\/image\/","url":"https:\/\/plamdistributions.com\/wp-content\/uploads\/2021\/05\/PLAM-SANS.png","contentUrl":"https:\/\/plamdistributions.com\/wp-content\/uploads\/2021\/05\/PLAM-SANS.png","width":289,"height":224,"caption":"Distributions Pla-M"},"image":{"@id":"https:\/\/plamdistributions.com\/#\/schema\/logo\/image\/"},"sameAs":["https:\/\/www.facebook.com\/displam\/","https:\/\/x.com\/Displam","https:\/\/www.youtube.com\/channel\/UCHmm3HCGnpGuaQ984quISDg"]}]}},"_links":{"self":[{"href":"https:\/\/plamdistributions.com\/es\/wp-json\/wp\/v2\/product\/24764","targetHints":{"allow":["GET"]}}],"collection":[{"href":"https:\/\/plamdistributions.com\/es\/wp-json\/wp\/v2\/product"}],"about":[{"href":"https:\/\/plamdistributions.com\/es\/wp-json\/wp\/v2\/types\/product"}],"replies":[{"embeddable":true,"href":"https:\/\/plamdistributions.com\/es\/wp-json\/wp\/v2\/comments?post=24764"}],"wp:featuredmedia":[{"embeddable":true,"href":"https:\/\/plamdistributions.com\/es\/wp-json\/wp\/v2\/media\/24763"}],"wp:attachment":[{"href":"https:\/\/plamdistributions.com\/es\/wp-json\/wp\/v2\/media?parent=24764"}],"wp:term":[{"taxonomy":"product_brand","embeddable":true,"href":"https:\/\/plamdistributions.com\/es\/wp-json\/wp\/v2\/product_brand?post=24764"},{"taxonomy":"product_cat","embeddable":true,"href":"https:\/\/plamdistributions.com\/es\/wp-json\/wp\/v2\/product_cat?post=24764"},{"taxonomy":"product_tag","embeddable":true,"href":"https:\/\/plamdistributions.com\/es\/wp-json\/wp\/v2\/product_tag?post=24764"}],"curies":[{"name":"wp","href":"https:\/\/api.w.org\/{rel}","templated":true}]}}