{"id":24779,"date":"2021-05-21T14:49:31","date_gmt":"2021-05-21T18:49:31","guid":{"rendered":"https:\/\/plamdistributions.com\/produit\/detartrant-fosfo-pour-lave-vaisselle-4lts\/"},"modified":"2026-04-09T11:27:51","modified_gmt":"2026-04-09T15:27:51","slug":"detartrant-fosfo-pour-lave-vaisselle-4lts","status":"publish","type":"product","link":"https:\/\/plamdistributions.com\/es\/produit\/detartrant-fosfo-pour-lave-vaisselle-4lts\/","title":{"rendered":"D\u00c9TARTRANT FOSFO POUR LAVE VAISSELLE 4LTS"},"content":{"rendered":"<p><strong>Code: FOSFO<\/strong><\/p>\n<p>D\u00e9tartrant liquide concentr\u00e9. Con\u00e7u pour les \u00e9quipements de restaurant, commerciaux et industriel. \u00c9limine les accumulations de calcaire, de tartre, de rouille et de carbone. Restaure l&lt;apparence de l&lt;acier inoxydable et du verre. De grade alimentaire, ce produit peut utiliser dans les \u00e9tablissements agr\u00e9\u00e9s. ACIA (Agence Canadienne Inspection Aliments)<\/p>\n<p class=\"text\"><strong>Mode d&#8217;emploi<\/strong><\/p>\n<p><strong>Lave vaisselle<\/strong>: Faire circuler \u00e0 une dilution de 1 partie de FOSFO pour 5 \u00e0 10 parties d\u2019eau selon l\u2019accumulation de calcaire\/tartre; environ de 10 \u00e0 30 minutes. Rincer \u00e0 l\u2019eau chaude.<br \/>\n<strong>Laveuse \u00e0 verres<\/strong>: Faire circuler une solution de 19mL de FOSFO dans 1 litre d\u2019eau chaude pendant 10 \u00e0 20 minutes. R\u00e9p\u00e9ter au moins une fois par semaine pour contr\u00f4ler les d\u00e9p\u00f4ts calcaires et la pierre de bi\u00e8re.<br \/>\nLes verres peuvent aussi \u00eatre lav\u00e9s selon ce proc\u00e9d\u00e9 ou, s\u00e9par\u00e9ment dans une solution de 1\u00a0:160 ou 6,25mL par litre d\u2019eau chaude. Rincer \u00e0 l\u2019eau chaude.<\/p>\n<p><strong>\u00c9quipements et tables en acier inoxydable<\/strong>: Vaporiser ou \u00e9tendre une solution de 19Ml PAR LITRE D\u2019EAU CHAUDE. Laisser agir la solution au moins deux minutes. Rincer \u00e0 l\u2019eau chaude.<\/p>\n<p><strong>\u2713 Fabricant: Parall<\/strong><\/p>\n","protected":false},"excerpt":{"rendered":"<p>Code: FOSFO D\u00e9tartrant liquide concentr\u00e9. Con\u00e7u pour les \u00e9quipements de restaurant, commerciaux et industriel. \u00c9limine les accumulations de calcaire, de<\/p>\n","protected":false},"featured_media":24778,"comment_status":"closed","ping_status":"closed","template":"","meta":[],"product_brand":[],"product_cat":[62,237],"product_tag":[],"class_list":{"0":"post-24779","1":"product","2":"type-product","3":"status-publish","4":"has-post-thumbnail","6":"product_cat-produits-dentretien-menager","7":"product_cat-traitement-des-aliments-et-cuisines","8":"product_shipping_class-standard","10":"first","11":"instock","12":"taxable","13":"shipping-taxable","14":"purchasable","15":"product-type-simple"},"yoast_head":"<!-- This site is optimized with the Yoast SEO plugin v27.4 - https:\/\/yoast.com\/product\/yoast-seo-wordpress\/ -->\n<title>D\u00c9TARTRANT FOSFO POUR LAVE VAISSELLE 4LTS | Distributions Pla-M<\/title>\n<meta name=\"robots\" content=\"index, follow, max-snippet:-1, max-image-preview:large, max-video-preview:-1\" \/>\n<link rel=\"canonical\" href=\"https:\/\/plamdistributions.com\/produit\/detartrant-fosfo-pour-lave-vaisselle-4lts\/\" \/>\n<meta property=\"og:locale\" content=\"es_ES\" \/>\n<meta property=\"og:type\" content=\"article\" \/>\n<meta property=\"og:title\" content=\"D\u00c9TARTRANT FOSFO POUR LAVE VAISSELLE 4LTS | Distributions Pla-M\" \/>\n<meta property=\"og:description\" content=\"Code: FOSFO D\u00e9tartrant liquide concentr\u00e9. Con\u00e7u pour les \u00e9quipements de restaurant, commerciaux et industriel. \u00c9limine les accumulations de calcaire, de\" \/>\n<meta property=\"og:url\" content=\"https:\/\/plamdistributions.com\/produit\/detartrant-fosfo-pour-lave-vaisselle-4lts\/\" \/>\n<meta property=\"og:site_name\" content=\"Distributions Pla-M\" \/>\n<meta property=\"article:publisher\" content=\"https:\/\/www.facebook.com\/displam\/\" \/>\n<meta property=\"article:modified_time\" content=\"2026-04-09T15:27:51+00:00\" \/>\n<meta property=\"og:image\" content=\"https:\/\/plamdistributions.com\/wp-content\/uploads\/2021\/05\/FOSFO-1.jpg\" \/>\n\t<meta property=\"og:image:width\" content=\"600\" \/>\n\t<meta property=\"og:image:height\" content=\"600\" \/>\n\t<meta property=\"og:image:type\" content=\"image\/jpeg\" \/>\n<meta name=\"twitter:card\" content=\"summary_large_image\" \/>\n<meta name=\"twitter:site\" content=\"@Displam\" \/>\n<meta name=\"twitter:label1\" content=\"Tiempo de lectura\" \/>\n\t<meta name=\"twitter:data1\" content=\"1 minuto\" \/>\n<script type=\"application\/ld+json\" class=\"yoast-schema-graph\">{\"@context\":\"https:\\\/\\\/schema.org\",\"@graph\":[{\"@type\":\"WebPage\",\"@id\":\"https:\\\/\\\/plamdistributions.com\\\/produit\\\/detartrant-fosfo-pour-lave-vaisselle-4lts\\\/\",\"url\":\"https:\\\/\\\/plamdistributions.com\\\/produit\\\/detartrant-fosfo-pour-lave-vaisselle-4lts\\\/\",\"name\":\"D\u00c9TARTRANT FOSFO POUR LAVE VAISSELLE 4LTS | Distributions Pla-M\",\"isPartOf\":{\"@id\":\"https:\\\/\\\/plamdistributions.com\\\/en\\\/#website\"},\"primaryImageOfPage\":{\"@id\":\"https:\\\/\\\/plamdistributions.com\\\/produit\\\/detartrant-fosfo-pour-lave-vaisselle-4lts\\\/#primaryimage\"},\"image\":{\"@id\":\"https:\\\/\\\/plamdistributions.com\\\/produit\\\/detartrant-fosfo-pour-lave-vaisselle-4lts\\\/#primaryimage\"},\"thumbnailUrl\":\"https:\\\/\\\/plamdistributions.com\\\/wp-content\\\/uploads\\\/2021\\\/05\\\/FOSFO-1.jpg\",\"datePublished\":\"2021-05-21T18:49:31+00:00\",\"dateModified\":\"2026-04-09T15:27:51+00:00\",\"breadcrumb\":{\"@id\":\"https:\\\/\\\/plamdistributions.com\\\/produit\\\/detartrant-fosfo-pour-lave-vaisselle-4lts\\\/#breadcrumb\"},\"inLanguage\":\"es\",\"potentialAction\":[{\"@type\":\"ReadAction\",\"target\":[\"https:\\\/\\\/plamdistributions.com\\\/produit\\\/detartrant-fosfo-pour-lave-vaisselle-4lts\\\/\"]}]},{\"@type\":\"ImageObject\",\"inLanguage\":\"es\",\"@id\":\"https:\\\/\\\/plamdistributions.com\\\/produit\\\/detartrant-fosfo-pour-lave-vaisselle-4lts\\\/#primaryimage\",\"url\":\"https:\\\/\\\/plamdistributions.com\\\/wp-content\\\/uploads\\\/2021\\\/05\\\/FOSFO-1.jpg\",\"contentUrl\":\"https:\\\/\\\/plamdistributions.com\\\/wp-content\\\/uploads\\\/2021\\\/05\\\/FOSFO-1.jpg\",\"width\":600,\"height\":600},{\"@type\":\"BreadcrumbList\",\"@id\":\"https:\\\/\\\/plamdistributions.com\\\/produit\\\/detartrant-fosfo-pour-lave-vaisselle-4lts\\\/#breadcrumb\",\"itemListElement\":[{\"@type\":\"ListItem\",\"position\":1,\"name\":\"Accueil\",\"item\":\"https:\\\/\\\/plamdistributions.com\\\/es\\\/\"},{\"@type\":\"ListItem\",\"position\":2,\"name\":\"Tienda\",\"item\":\"https:\\\/\\\/plamdistributions.com\\\/es\\\/tienda\\\/\"},{\"@type\":\"ListItem\",\"position\":3,\"name\":\"D\u00c9TARTRANT FOSFO POUR LAVE VAISSELLE 4LTS\"}]},{\"@type\":\"WebSite\",\"@id\":\"https:\\\/\\\/plamdistributions.com\\\/en\\\/#website\",\"url\":\"https:\\\/\\\/plamdistributions.com\\\/en\\\/\",\"name\":\"Distributions Pla-M Inc.\",\"description\":\"Venta de productos y equipos sanitarios\",\"publisher\":{\"@id\":\"https:\\\/\\\/plamdistributions.com\\\/en\\\/#organization\"},\"potentialAction\":[{\"@type\":\"SearchAction\",\"target\":{\"@type\":\"EntryPoint\",\"urlTemplate\":\"https:\\\/\\\/plamdistributions.com\\\/en\\\/?s={search_term_string}\"},\"query-input\":{\"@type\":\"PropertyValueSpecification\",\"valueRequired\":true,\"valueName\":\"search_term_string\"}}],\"inLanguage\":\"es\"},{\"@type\":\"Organization\",\"@id\":\"https:\\\/\\\/plamdistributions.com\\\/en\\\/#organization\",\"name\":\"Distributions Pla-M\",\"url\":\"https:\\\/\\\/plamdistributions.com\\\/en\\\/\",\"logo\":{\"@type\":\"ImageObject\",\"inLanguage\":\"es\",\"@id\":\"https:\\\/\\\/plamdistributions.com\\\/en\\\/#\\\/schema\\\/logo\\\/image\\\/\",\"url\":\"https:\\\/\\\/plamdistributions.com\\\/wp-content\\\/uploads\\\/2021\\\/05\\\/PLAM-SANS.png\",\"contentUrl\":\"https:\\\/\\\/plamdistributions.com\\\/wp-content\\\/uploads\\\/2021\\\/05\\\/PLAM-SANS.png\",\"width\":289,\"height\":224,\"caption\":\"Distributions Pla-M\"},\"image\":{\"@id\":\"https:\\\/\\\/plamdistributions.com\\\/en\\\/#\\\/schema\\\/logo\\\/image\\\/\"},\"sameAs\":[\"https:\\\/\\\/www.facebook.com\\\/displam\\\/\",\"https:\\\/\\\/x.com\\\/Displam\",\"https:\\\/\\\/www.youtube.com\\\/channel\\\/UCHmm3HCGnpGuaQ984quISDg\"]}]}<\/script>\n<!-- \/ Yoast SEO plugin. -->","yoast_head_json":{"title":"D\u00c9TARTRANT FOSFO POUR LAVE VAISSELLE 4LTS | Distributions Pla-M","robots":{"index":"index","follow":"follow","max-snippet":"max-snippet:-1","max-image-preview":"max-image-preview:large","max-video-preview":"max-video-preview:-1"},"canonical":"https:\/\/plamdistributions.com\/produit\/detartrant-fosfo-pour-lave-vaisselle-4lts\/","og_locale":"es_ES","og_type":"article","og_title":"D\u00c9TARTRANT FOSFO POUR LAVE VAISSELLE 4LTS | Distributions Pla-M","og_description":"Code: FOSFO D\u00e9tartrant liquide concentr\u00e9. Con\u00e7u pour les \u00e9quipements de restaurant, commerciaux et industriel. \u00c9limine les accumulations de calcaire, de","og_url":"https:\/\/plamdistributions.com\/produit\/detartrant-fosfo-pour-lave-vaisselle-4lts\/","og_site_name":"Distributions Pla-M","article_publisher":"https:\/\/www.facebook.com\/displam\/","article_modified_time":"2026-04-09T15:27:51+00:00","og_image":[{"width":600,"height":600,"url":"https:\/\/plamdistributions.com\/wp-content\/uploads\/2021\/05\/FOSFO-1.jpg","type":"image\/jpeg"}],"twitter_card":"summary_large_image","twitter_site":"@Displam","twitter_misc":{"Tiempo de lectura":"1 minuto"},"schema":{"@context":"https:\/\/schema.org","@graph":[{"@type":"WebPage","@id":"https:\/\/plamdistributions.com\/produit\/detartrant-fosfo-pour-lave-vaisselle-4lts\/","url":"https:\/\/plamdistributions.com\/produit\/detartrant-fosfo-pour-lave-vaisselle-4lts\/","name":"D\u00c9TARTRANT FOSFO POUR LAVE VAISSELLE 4LTS | Distributions Pla-M","isPartOf":{"@id":"https:\/\/plamdistributions.com\/en\/#website"},"primaryImageOfPage":{"@id":"https:\/\/plamdistributions.com\/produit\/detartrant-fosfo-pour-lave-vaisselle-4lts\/#primaryimage"},"image":{"@id":"https:\/\/plamdistributions.com\/produit\/detartrant-fosfo-pour-lave-vaisselle-4lts\/#primaryimage"},"thumbnailUrl":"https:\/\/plamdistributions.com\/wp-content\/uploads\/2021\/05\/FOSFO-1.jpg","datePublished":"2021-05-21T18:49:31+00:00","dateModified":"2026-04-09T15:27:51+00:00","breadcrumb":{"@id":"https:\/\/plamdistributions.com\/produit\/detartrant-fosfo-pour-lave-vaisselle-4lts\/#breadcrumb"},"inLanguage":"es","potentialAction":[{"@type":"ReadAction","target":["https:\/\/plamdistributions.com\/produit\/detartrant-fosfo-pour-lave-vaisselle-4lts\/"]}]},{"@type":"ImageObject","inLanguage":"es","@id":"https:\/\/plamdistributions.com\/produit\/detartrant-fosfo-pour-lave-vaisselle-4lts\/#primaryimage","url":"https:\/\/plamdistributions.com\/wp-content\/uploads\/2021\/05\/FOSFO-1.jpg","contentUrl":"https:\/\/plamdistributions.com\/wp-content\/uploads\/2021\/05\/FOSFO-1.jpg","width":600,"height":600},{"@type":"BreadcrumbList","@id":"https:\/\/plamdistributions.com\/produit\/detartrant-fosfo-pour-lave-vaisselle-4lts\/#breadcrumb","itemListElement":[{"@type":"ListItem","position":1,"name":"Accueil","item":"https:\/\/plamdistributions.com\/es\/"},{"@type":"ListItem","position":2,"name":"Tienda","item":"https:\/\/plamdistributions.com\/es\/tienda\/"},{"@type":"ListItem","position":3,"name":"D\u00c9TARTRANT FOSFO POUR LAVE VAISSELLE 4LTS"}]},{"@type":"WebSite","@id":"https:\/\/plamdistributions.com\/en\/#website","url":"https:\/\/plamdistributions.com\/en\/","name":"Distributions Pla-M Inc.","description":"Venta de productos y equipos sanitarios","publisher":{"@id":"https:\/\/plamdistributions.com\/en\/#organization"},"potentialAction":[{"@type":"SearchAction","target":{"@type":"EntryPoint","urlTemplate":"https:\/\/plamdistributions.com\/en\/?s={search_term_string}"},"query-input":{"@type":"PropertyValueSpecification","valueRequired":true,"valueName":"search_term_string"}}],"inLanguage":"es"},{"@type":"Organization","@id":"https:\/\/plamdistributions.com\/en\/#organization","name":"Distributions Pla-M","url":"https:\/\/plamdistributions.com\/en\/","logo":{"@type":"ImageObject","inLanguage":"es","@id":"https:\/\/plamdistributions.com\/en\/#\/schema\/logo\/image\/","url":"https:\/\/plamdistributions.com\/wp-content\/uploads\/2021\/05\/PLAM-SANS.png","contentUrl":"https:\/\/plamdistributions.com\/wp-content\/uploads\/2021\/05\/PLAM-SANS.png","width":289,"height":224,"caption":"Distributions Pla-M"},"image":{"@id":"https:\/\/plamdistributions.com\/en\/#\/schema\/logo\/image\/"},"sameAs":["https:\/\/www.facebook.com\/displam\/","https:\/\/x.com\/Displam","https:\/\/www.youtube.com\/channel\/UCHmm3HCGnpGuaQ984quISDg"]}]}},"_links":{"self":[{"href":"https:\/\/plamdistributions.com\/es\/wp-json\/wp\/v2\/product\/24779","targetHints":{"allow":["GET"]}}],"collection":[{"href":"https:\/\/plamdistributions.com\/es\/wp-json\/wp\/v2\/product"}],"about":[{"href":"https:\/\/plamdistributions.com\/es\/wp-json\/wp\/v2\/types\/product"}],"replies":[{"embeddable":true,"href":"https:\/\/plamdistributions.com\/es\/wp-json\/wp\/v2\/comments?post=24779"}],"wp:featuredmedia":[{"embeddable":true,"href":"https:\/\/plamdistributions.com\/es\/wp-json\/wp\/v2\/media\/24778"}],"wp:attachment":[{"href":"https:\/\/plamdistributions.com\/es\/wp-json\/wp\/v2\/media?parent=24779"}],"wp:term":[{"taxonomy":"product_brand","embeddable":true,"href":"https:\/\/plamdistributions.com\/es\/wp-json\/wp\/v2\/product_brand?post=24779"},{"taxonomy":"product_cat","embeddable":true,"href":"https:\/\/plamdistributions.com\/es\/wp-json\/wp\/v2\/product_cat?post=24779"},{"taxonomy":"product_tag","embeddable":true,"href":"https:\/\/plamdistributions.com\/es\/wp-json\/wp\/v2\/product_tag?post=24779"}],"curies":[{"name":"wp","href":"https:\/\/api.w.org\/{rel}","templated":true}]}}