{"id":24840,"date":"2021-05-21T14:50:03","date_gmt":"2021-05-21T18:50:03","guid":{"rendered":"https:\/\/plamdistributions.com\/produit\/desinfectant-assainissant-germicide-germi-10\/"},"modified":"2026-03-30T16:00:58","modified_gmt":"2026-03-30T20:00:58","slug":"desinfectant-assainissant-germicide-germi-10","status":"publish","type":"product","link":"https:\/\/plamdistributions.com\/es\/produit\/desinfectant-assainissant-germicide-germi-10\/","title":{"rendered":"D\u00e9sinfectant assainissant Germicide Germi-10"},"content":{"rendered":"<h4><a href=\"http:\/\/plamdistributions.com\/wp-content\/uploads\/2021\/05\/germi-10_ft-1.pdf\"><img decoding=\"async\" class=\"alignnone wp-image-26758\" src=\"http:\/\/plamdistributions.com\/wp-content\/uploads\/2021\/06\/Fiche-technique.jpg\" alt=\"Fiche technique D\u00e9sinfectant assainissant Germicide Germi-10\" width=\"144\" height=\"64\" srcset=\"https:\/\/plamdistributions.com\/wp-content\/uploads\/2021\/06\/Fiche-technique-200x89.jpg 200w, https:\/\/plamdistributions.com\/wp-content\/uploads\/2021\/06\/Fiche-technique-300x134.jpg 300w, https:\/\/plamdistributions.com\/wp-content\/uploads\/2021\/06\/Fiche-technique.jpg 400w\" sizes=\"(max-width: 144px) 100vw, 144px\" \/><\/a><a href=\"http:\/\/plamdistributions.com\/wp-content\/uploads\/2021\/05\/germi-10_tds.pdf\"><img decoding=\"async\" class=\"alignnone wp-image-26760\" src=\"http:\/\/plamdistributions.com\/wp-content\/uploads\/2021\/06\/Technical-data-sheet.jpg\" alt=\"Technical data sheet D\u00e9sinfectant assainissant Germicide Germi-10\" width=\"144\" height=\"64\" srcset=\"https:\/\/plamdistributions.com\/wp-content\/uploads\/2021\/06\/Technical-data-sheet-200x89.jpg 200w, https:\/\/plamdistributions.com\/wp-content\/uploads\/2021\/06\/Technical-data-sheet-300x134.jpg 300w, https:\/\/plamdistributions.com\/wp-content\/uploads\/2021\/06\/Technical-data-sheet.jpg 400w\" sizes=\"(max-width: 144px) 100vw, 144px\" \/><\/a><\/h4>\n<p><strong>Code: GERMI10 \/ GERMI1020<\/strong><\/p>\n<p><strong>\u2713 D\u00e9sinfectant\u00a0 \u2713 Virucide\u00a0 \u2713 D\u00e9sodorisant<\/strong><br \/>\n<strong>\u2713 Antiseptique\u00a0 \u2713 Fongicide\u00a0 \u2713 Assainisseur<\/strong><\/p>\n<p>GERMI-10 est destin\u00e9 sp\u00e9cifiquement aux h\u00f4pitaux, \u00e9tablissements de transformation des aliments, industries laiti\u00e8res, restaurants, bars, parcs d\u2019animaux, chenils et institutions dans lesquelles la d\u00e9sinfection, l\u2019assainissement et le contr\u00f4le des odeurs sont d\u2019importance primordiales. Lorsque GERMI-10 est utilis\u00e9 comme indiqu\u00e9, ce produit est formul\u00e9 pour d\u00e9sinfecter des surfaces dures inanim\u00e9es pr\u00e9alablement nettoy\u00e9es (murs, planchers, dessus d\u2019\u00e9viers, tables, blocs pour trancher, comptoirs, verres et ustensiles de cuisine). GERMI-10 d\u00e9sodorise les surfaces qui g\u00e9n\u00e9ralement sont difficiles \u00e0 maintenir avec une odeur fra\u00eeche (lieux d\u2019entreposage des ordures et de poubelles, lieux favoris des animaux de compagnie et tout autre endroit susceptible de d\u00e9gager des odeurs d\u00e9sagr\u00e9ables caus\u00e9es par des microorganismes). GERMI-10 peut aussi \u00eatre utilis\u00e9 pour assainir les \u0153ufs de cat\u00e9gorie alimentaire dans des \u00e9tablissements de traitement et de transformation des \u0153ufs.<\/p>\n<p><strong>\u2713 Fabricant: Unica Canada<\/strong><\/p>\n","protected":false},"excerpt":{"rendered":"<p>Code: GERMI10 \/ GERMI1020 \u2713 D\u00e9sinfectant\u00a0 \u2713 Virucide\u00a0 \u2713 D\u00e9sodorisant \u2713 Antiseptique\u00a0 \u2713 Fongicide\u00a0 \u2713 Assainisseur GERMI-10 est destin\u00e9 sp\u00e9cifiquement<\/p>\n","protected":false},"featured_media":24839,"comment_status":"closed","ping_status":"closed","template":"","meta":[],"product_brand":[],"product_cat":[112,62],"product_tag":[],"class_list":{"0":"post-24840","1":"product","2":"type-product","3":"status-publish","4":"has-post-thumbnail","6":"product_cat-desinfection-et-asssainissants","7":"product_cat-produits-dentretien-menager","8":"product_shipping_class-standard","10":"first","11":"instock","12":"taxable","13":"shipping-taxable","14":"purchasable","15":"product-type-variable"},"yoast_head":"<!-- This site is optimized with the Yoast SEO plugin v27.4 - https:\/\/yoast.com\/product\/yoast-seo-wordpress\/ -->\n<title>D\u00e9sinfectant assainissant Germicide Germi-10 | Distributions Pla-M<\/title>\n<meta name=\"robots\" content=\"index, follow, max-snippet:-1, max-image-preview:large, max-video-preview:-1\" \/>\n<link rel=\"canonical\" href=\"https:\/\/plamdistributions.com\/produit\/desinfectant-assainissant-germicide-germi-10\/\" \/>\n<meta property=\"og:locale\" content=\"es_ES\" \/>\n<meta property=\"og:type\" content=\"article\" \/>\n<meta property=\"og:title\" content=\"D\u00e9sinfectant assainissant Germicide Germi-10 | Distributions Pla-M\" \/>\n<meta property=\"og:description\" content=\"Code: GERMI10 \/ GERMI1020 \u2713 D\u00e9sinfectant\u00a0 \u2713 Virucide\u00a0 \u2713 D\u00e9sodorisant \u2713 Antiseptique\u00a0 \u2713 Fongicide\u00a0 \u2713 Assainisseur GERMI-10 est destin\u00e9 sp\u00e9cifiquement\" \/>\n<meta property=\"og:url\" content=\"https:\/\/plamdistributions.com\/produit\/desinfectant-assainissant-germicide-germi-10\/\" \/>\n<meta property=\"og:site_name\" content=\"Distributions Pla-M\" \/>\n<meta property=\"article:publisher\" content=\"https:\/\/www.facebook.com\/displam\/\" \/>\n<meta property=\"article:modified_time\" content=\"2026-03-30T20:00:58+00:00\" \/>\n<meta property=\"og:image\" content=\"https:\/\/plamdistributions.com\/wp-content\/uploads\/2021\/05\/GERMI10-2.jpg\" \/>\n\t<meta property=\"og:image:width\" content=\"600\" \/>\n\t<meta property=\"og:image:height\" content=\"600\" \/>\n\t<meta property=\"og:image:type\" content=\"image\/jpeg\" \/>\n<meta name=\"twitter:card\" content=\"summary_large_image\" \/>\n<meta name=\"twitter:site\" content=\"@Displam\" \/>\n<meta name=\"twitter:label1\" content=\"Tiempo de lectura\" \/>\n\t<meta name=\"twitter:data1\" content=\"2 minutos\" \/>\n<script type=\"application\/ld+json\" class=\"yoast-schema-graph\">{\"@context\":\"https:\\\/\\\/schema.org\",\"@graph\":[{\"@type\":\"WebPage\",\"@id\":\"https:\\\/\\\/plamdistributions.com\\\/produit\\\/desinfectant-assainissant-germicide-germi-10\\\/\",\"url\":\"https:\\\/\\\/plamdistributions.com\\\/produit\\\/desinfectant-assainissant-germicide-germi-10\\\/\",\"name\":\"D\u00e9sinfectant assainissant Germicide Germi-10 | Distributions Pla-M\",\"isPartOf\":{\"@id\":\"https:\\\/\\\/plamdistributions.com\\\/en\\\/#website\"},\"primaryImageOfPage\":{\"@id\":\"https:\\\/\\\/plamdistributions.com\\\/produit\\\/desinfectant-assainissant-germicide-germi-10\\\/#primaryimage\"},\"image\":{\"@id\":\"https:\\\/\\\/plamdistributions.com\\\/produit\\\/desinfectant-assainissant-germicide-germi-10\\\/#primaryimage\"},\"thumbnailUrl\":\"https:\\\/\\\/plamdistributions.com\\\/wp-content\\\/uploads\\\/2021\\\/05\\\/GERMI10-2.jpg\",\"datePublished\":\"2021-05-21T18:50:03+00:00\",\"dateModified\":\"2026-03-30T20:00:58+00:00\",\"breadcrumb\":{\"@id\":\"https:\\\/\\\/plamdistributions.com\\\/produit\\\/desinfectant-assainissant-germicide-germi-10\\\/#breadcrumb\"},\"inLanguage\":\"es\",\"potentialAction\":[{\"@type\":\"ReadAction\",\"target\":[\"https:\\\/\\\/plamdistributions.com\\\/produit\\\/desinfectant-assainissant-germicide-germi-10\\\/\"]}]},{\"@type\":\"ImageObject\",\"inLanguage\":\"es\",\"@id\":\"https:\\\/\\\/plamdistributions.com\\\/produit\\\/desinfectant-assainissant-germicide-germi-10\\\/#primaryimage\",\"url\":\"https:\\\/\\\/plamdistributions.com\\\/wp-content\\\/uploads\\\/2021\\\/05\\\/GERMI10-2.jpg\",\"contentUrl\":\"https:\\\/\\\/plamdistributions.com\\\/wp-content\\\/uploads\\\/2021\\\/05\\\/GERMI10-2.jpg\",\"width\":600,\"height\":600},{\"@type\":\"BreadcrumbList\",\"@id\":\"https:\\\/\\\/plamdistributions.com\\\/produit\\\/desinfectant-assainissant-germicide-germi-10\\\/#breadcrumb\",\"itemListElement\":[{\"@type\":\"ListItem\",\"position\":1,\"name\":\"Accueil\",\"item\":\"https:\\\/\\\/plamdistributions.com\\\/es\\\/\"},{\"@type\":\"ListItem\",\"position\":2,\"name\":\"Tienda\",\"item\":\"https:\\\/\\\/plamdistributions.com\\\/es\\\/tienda\\\/\"},{\"@type\":\"ListItem\",\"position\":3,\"name\":\"D\u00e9sinfectant assainissant Germicide Germi-10\"}]},{\"@type\":\"WebSite\",\"@id\":\"https:\\\/\\\/plamdistributions.com\\\/en\\\/#website\",\"url\":\"https:\\\/\\\/plamdistributions.com\\\/en\\\/\",\"name\":\"Distributions Pla-M Inc.\",\"description\":\"Venta de productos y equipos sanitarios\",\"publisher\":{\"@id\":\"https:\\\/\\\/plamdistributions.com\\\/en\\\/#organization\"},\"potentialAction\":[{\"@type\":\"SearchAction\",\"target\":{\"@type\":\"EntryPoint\",\"urlTemplate\":\"https:\\\/\\\/plamdistributions.com\\\/en\\\/?s={search_term_string}\"},\"query-input\":{\"@type\":\"PropertyValueSpecification\",\"valueRequired\":true,\"valueName\":\"search_term_string\"}}],\"inLanguage\":\"es\"},{\"@type\":\"Organization\",\"@id\":\"https:\\\/\\\/plamdistributions.com\\\/en\\\/#organization\",\"name\":\"Distributions Pla-M\",\"url\":\"https:\\\/\\\/plamdistributions.com\\\/en\\\/\",\"logo\":{\"@type\":\"ImageObject\",\"inLanguage\":\"es\",\"@id\":\"https:\\\/\\\/plamdistributions.com\\\/en\\\/#\\\/schema\\\/logo\\\/image\\\/\",\"url\":\"https:\\\/\\\/plamdistributions.com\\\/wp-content\\\/uploads\\\/2021\\\/05\\\/PLAM-SANS.png\",\"contentUrl\":\"https:\\\/\\\/plamdistributions.com\\\/wp-content\\\/uploads\\\/2021\\\/05\\\/PLAM-SANS.png\",\"width\":289,\"height\":224,\"caption\":\"Distributions Pla-M\"},\"image\":{\"@id\":\"https:\\\/\\\/plamdistributions.com\\\/en\\\/#\\\/schema\\\/logo\\\/image\\\/\"},\"sameAs\":[\"https:\\\/\\\/www.facebook.com\\\/displam\\\/\",\"https:\\\/\\\/x.com\\\/Displam\",\"https:\\\/\\\/www.youtube.com\\\/channel\\\/UCHmm3HCGnpGuaQ984quISDg\"]}]}<\/script>\n<!-- \/ Yoast SEO plugin. -->","yoast_head_json":{"title":"D\u00e9sinfectant assainissant Germicide Germi-10 | Distributions Pla-M","robots":{"index":"index","follow":"follow","max-snippet":"max-snippet:-1","max-image-preview":"max-image-preview:large","max-video-preview":"max-video-preview:-1"},"canonical":"https:\/\/plamdistributions.com\/produit\/desinfectant-assainissant-germicide-germi-10\/","og_locale":"es_ES","og_type":"article","og_title":"D\u00e9sinfectant assainissant Germicide Germi-10 | Distributions Pla-M","og_description":"Code: GERMI10 \/ GERMI1020 \u2713 D\u00e9sinfectant\u00a0 \u2713 Virucide\u00a0 \u2713 D\u00e9sodorisant \u2713 Antiseptique\u00a0 \u2713 Fongicide\u00a0 \u2713 Assainisseur GERMI-10 est destin\u00e9 sp\u00e9cifiquement","og_url":"https:\/\/plamdistributions.com\/produit\/desinfectant-assainissant-germicide-germi-10\/","og_site_name":"Distributions Pla-M","article_publisher":"https:\/\/www.facebook.com\/displam\/","article_modified_time":"2026-03-30T20:00:58+00:00","og_image":[{"width":600,"height":600,"url":"https:\/\/plamdistributions.com\/wp-content\/uploads\/2021\/05\/GERMI10-2.jpg","type":"image\/jpeg"}],"twitter_card":"summary_large_image","twitter_site":"@Displam","twitter_misc":{"Tiempo de lectura":"2 minutos"},"schema":{"@context":"https:\/\/schema.org","@graph":[{"@type":"WebPage","@id":"https:\/\/plamdistributions.com\/produit\/desinfectant-assainissant-germicide-germi-10\/","url":"https:\/\/plamdistributions.com\/produit\/desinfectant-assainissant-germicide-germi-10\/","name":"D\u00e9sinfectant assainissant Germicide Germi-10 | Distributions Pla-M","isPartOf":{"@id":"https:\/\/plamdistributions.com\/en\/#website"},"primaryImageOfPage":{"@id":"https:\/\/plamdistributions.com\/produit\/desinfectant-assainissant-germicide-germi-10\/#primaryimage"},"image":{"@id":"https:\/\/plamdistributions.com\/produit\/desinfectant-assainissant-germicide-germi-10\/#primaryimage"},"thumbnailUrl":"https:\/\/plamdistributions.com\/wp-content\/uploads\/2021\/05\/GERMI10-2.jpg","datePublished":"2021-05-21T18:50:03+00:00","dateModified":"2026-03-30T20:00:58+00:00","breadcrumb":{"@id":"https:\/\/plamdistributions.com\/produit\/desinfectant-assainissant-germicide-germi-10\/#breadcrumb"},"inLanguage":"es","potentialAction":[{"@type":"ReadAction","target":["https:\/\/plamdistributions.com\/produit\/desinfectant-assainissant-germicide-germi-10\/"]}]},{"@type":"ImageObject","inLanguage":"es","@id":"https:\/\/plamdistributions.com\/produit\/desinfectant-assainissant-germicide-germi-10\/#primaryimage","url":"https:\/\/plamdistributions.com\/wp-content\/uploads\/2021\/05\/GERMI10-2.jpg","contentUrl":"https:\/\/plamdistributions.com\/wp-content\/uploads\/2021\/05\/GERMI10-2.jpg","width":600,"height":600},{"@type":"BreadcrumbList","@id":"https:\/\/plamdistributions.com\/produit\/desinfectant-assainissant-germicide-germi-10\/#breadcrumb","itemListElement":[{"@type":"ListItem","position":1,"name":"Accueil","item":"https:\/\/plamdistributions.com\/es\/"},{"@type":"ListItem","position":2,"name":"Tienda","item":"https:\/\/plamdistributions.com\/es\/tienda\/"},{"@type":"ListItem","position":3,"name":"D\u00e9sinfectant assainissant Germicide Germi-10"}]},{"@type":"WebSite","@id":"https:\/\/plamdistributions.com\/en\/#website","url":"https:\/\/plamdistributions.com\/en\/","name":"Distributions Pla-M Inc.","description":"Venta de productos y equipos sanitarios","publisher":{"@id":"https:\/\/plamdistributions.com\/en\/#organization"},"potentialAction":[{"@type":"SearchAction","target":{"@type":"EntryPoint","urlTemplate":"https:\/\/plamdistributions.com\/en\/?s={search_term_string}"},"query-input":{"@type":"PropertyValueSpecification","valueRequired":true,"valueName":"search_term_string"}}],"inLanguage":"es"},{"@type":"Organization","@id":"https:\/\/plamdistributions.com\/en\/#organization","name":"Distributions Pla-M","url":"https:\/\/plamdistributions.com\/en\/","logo":{"@type":"ImageObject","inLanguage":"es","@id":"https:\/\/plamdistributions.com\/en\/#\/schema\/logo\/image\/","url":"https:\/\/plamdistributions.com\/wp-content\/uploads\/2021\/05\/PLAM-SANS.png","contentUrl":"https:\/\/plamdistributions.com\/wp-content\/uploads\/2021\/05\/PLAM-SANS.png","width":289,"height":224,"caption":"Distributions Pla-M"},"image":{"@id":"https:\/\/plamdistributions.com\/en\/#\/schema\/logo\/image\/"},"sameAs":["https:\/\/www.facebook.com\/displam\/","https:\/\/x.com\/Displam","https:\/\/www.youtube.com\/channel\/UCHmm3HCGnpGuaQ984quISDg"]}]}},"_links":{"self":[{"href":"https:\/\/plamdistributions.com\/es\/wp-json\/wp\/v2\/product\/24840","targetHints":{"allow":["GET"]}}],"collection":[{"href":"https:\/\/plamdistributions.com\/es\/wp-json\/wp\/v2\/product"}],"about":[{"href":"https:\/\/plamdistributions.com\/es\/wp-json\/wp\/v2\/types\/product"}],"replies":[{"embeddable":true,"href":"https:\/\/plamdistributions.com\/es\/wp-json\/wp\/v2\/comments?post=24840"}],"wp:featuredmedia":[{"embeddable":true,"href":"https:\/\/plamdistributions.com\/es\/wp-json\/wp\/v2\/media\/24839"}],"wp:attachment":[{"href":"https:\/\/plamdistributions.com\/es\/wp-json\/wp\/v2\/media?parent=24840"}],"wp:term":[{"taxonomy":"product_brand","embeddable":true,"href":"https:\/\/plamdistributions.com\/es\/wp-json\/wp\/v2\/product_brand?post=24840"},{"taxonomy":"product_cat","embeddable":true,"href":"https:\/\/plamdistributions.com\/es\/wp-json\/wp\/v2\/product_cat?post=24840"},{"taxonomy":"product_tag","embeddable":true,"href":"https:\/\/plamdistributions.com\/es\/wp-json\/wp\/v2\/product_tag?post=24840"}],"curies":[{"name":"wp","href":"https:\/\/api.w.org\/{rel}","templated":true}]}}