{"id":25042,"date":"2021-05-21T14:51:54","date_gmt":"2021-05-21T18:51:54","guid":{"rendered":"https:\/\/plamdistributions.com\/produit\/lingettes-touchpoint-pour-ecran-tactile-200fls\/"},"modified":"2023-01-31T02:37:27","modified_gmt":"2023-01-31T06:37:27","slug":"lingettes-touchpoint-pour-ecran-tactile-200fls","status":"publish","type":"product","link":"https:\/\/plamdistributions.com\/es\/produit\/lingettes-touchpoint-pour-ecran-tactile-200fls\/","title":{"rendered":"LINGETTE HUMIDE CERTAINTY POUR ECRAN TACTILE 200FLS"},"content":{"rendered":"<p><strong>Code: LGH-ME56200TP<\/strong><\/p>\n<p><span class=\"JLqJ4b ChMk0b\" data-language-for-alternatives=\"fr\" data-language-to-translate-into=\"de\" data-phrase-index=\"0\">Les lingettes d&#8217;\u00e9cran TouchPoint sont excellentes pour \u00e9liminer la poussi\u00e8re, la salet\u00e9 et les empreintes digitales des \u00e9crans tactiles.<\/span><\/p>\n<p><span class=\"JLqJ4b ChMk0b\" data-language-for-alternatives=\"fr\" data-language-to-translate-into=\"de\" data-phrase-index=\"1\">La formule sans alcool et le mat\u00e9riau non pelucheux ne laissent pas de tra\u00een\u00e9es ni de r\u00e9sidus et les propri\u00e9t\u00e9s antistatiques aideront \u00e0 repousser la salet\u00e9 et la poussi\u00e8re de se r\u00e9installer, gardant l&#8217;\u00e9cran propre plus longtemps.<\/span><\/p>\n<p><strong>\u2713 Fabricant: Certainty<\/strong><\/p>\n","protected":false},"excerpt":{"rendered":"<p>Code: LGH-ME56200TP Les lingettes d&#8217;\u00e9cran TouchPoint sont excellentes pour \u00e9liminer la poussi\u00e8re, la salet\u00e9 et les empreintes digitales des \u00e9crans<\/p>\n","protected":false},"featured_media":25041,"comment_status":"closed","ping_status":"closed","template":"","meta":[],"product_brand":[],"product_cat":[278,101],"product_tag":[],"class_list":{"0":"post-25042","1":"product","2":"type-product","3":"status-publish","4":"has-post-thumbnail","6":"product_cat-chiffons-et-lingettes-humides","7":"product_cat-papier-chiffons-et-sacs-a-dechets","8":"product_shipping_class-standard","10":"first","11":"onbackorder","12":"taxable","13":"shipping-taxable","14":"purchasable","15":"product-type-simple"},"yoast_head":"<!-- This site is optimized with the Yoast SEO plugin v27.4 - https:\/\/yoast.com\/product\/yoast-seo-wordpress\/ -->\n<title>LINGETTE HUMIDE CERTAINTY POUR ECRAN TACTILE 200FLS | Distributions Pla-M<\/title>\n<meta name=\"robots\" content=\"index, follow, max-snippet:-1, max-image-preview:large, max-video-preview:-1\" \/>\n<link rel=\"canonical\" href=\"https:\/\/plamdistributions.com\/es\/produit\/lingettes-touchpoint-pour-ecran-tactile-200fls\/\" \/>\n<meta property=\"og:locale\" content=\"es_ES\" \/>\n<meta property=\"og:type\" content=\"article\" \/>\n<meta property=\"og:title\" content=\"LINGETTE HUMIDE CERTAINTY POUR ECRAN TACTILE 200FLS | Distributions Pla-M\" \/>\n<meta property=\"og:description\" content=\"Code: LGH-ME56200TP Les lingettes d&#8217;\u00e9cran TouchPoint sont excellentes pour \u00e9liminer la poussi\u00e8re, la salet\u00e9 et les empreintes digitales des \u00e9crans\" \/>\n<meta property=\"og:url\" content=\"https:\/\/plamdistributions.com\/es\/produit\/lingettes-touchpoint-pour-ecran-tactile-200fls\/\" \/>\n<meta property=\"og:site_name\" content=\"Distributions Pla-M\" \/>\n<meta property=\"article:publisher\" content=\"https:\/\/www.facebook.com\/displam\/\" \/>\n<meta property=\"article:modified_time\" content=\"2023-01-31T06:37:27+00:00\" \/>\n<meta property=\"og:image\" content=\"https:\/\/plamdistributions.com\/wp-content\/uploads\/2021\/05\/LGH-ME56200TP.jpg\" \/>\n\t<meta property=\"og:image:width\" content=\"600\" \/>\n\t<meta property=\"og:image:height\" content=\"600\" \/>\n\t<meta property=\"og:image:type\" content=\"image\/jpeg\" \/>\n<meta name=\"twitter:card\" content=\"summary_large_image\" \/>\n<meta name=\"twitter:site\" content=\"@Displam\" \/>\n<script type=\"application\/ld+json\" class=\"yoast-schema-graph\">{\"@context\":\"https:\\\/\\\/schema.org\",\"@graph\":[{\"@type\":\"WebPage\",\"@id\":\"https:\\\/\\\/plamdistributions.com\\\/es\\\/produit\\\/lingettes-touchpoint-pour-ecran-tactile-200fls\\\/\",\"url\":\"https:\\\/\\\/plamdistributions.com\\\/es\\\/produit\\\/lingettes-touchpoint-pour-ecran-tactile-200fls\\\/\",\"name\":\"LINGETTE HUMIDE CERTAINTY POUR ECRAN TACTILE 200FLS | Distributions Pla-M\",\"isPartOf\":{\"@id\":\"https:\\\/\\\/plamdistributions.com\\\/#website\"},\"primaryImageOfPage\":{\"@id\":\"https:\\\/\\\/plamdistributions.com\\\/es\\\/produit\\\/lingettes-touchpoint-pour-ecran-tactile-200fls\\\/#primaryimage\"},\"image\":{\"@id\":\"https:\\\/\\\/plamdistributions.com\\\/es\\\/produit\\\/lingettes-touchpoint-pour-ecran-tactile-200fls\\\/#primaryimage\"},\"thumbnailUrl\":\"https:\\\/\\\/plamdistributions.com\\\/wp-content\\\/uploads\\\/2021\\\/05\\\/LGH-ME56200TP.jpg\",\"datePublished\":\"2021-05-21T18:51:54+00:00\",\"dateModified\":\"2023-01-31T06:37:27+00:00\",\"breadcrumb\":{\"@id\":\"https:\\\/\\\/plamdistributions.com\\\/es\\\/produit\\\/lingettes-touchpoint-pour-ecran-tactile-200fls\\\/#breadcrumb\"},\"inLanguage\":\"es\",\"potentialAction\":[{\"@type\":\"ReadAction\",\"target\":[\"https:\\\/\\\/plamdistributions.com\\\/es\\\/produit\\\/lingettes-touchpoint-pour-ecran-tactile-200fls\\\/\"]}]},{\"@type\":\"ImageObject\",\"inLanguage\":\"es\",\"@id\":\"https:\\\/\\\/plamdistributions.com\\\/es\\\/produit\\\/lingettes-touchpoint-pour-ecran-tactile-200fls\\\/#primaryimage\",\"url\":\"https:\\\/\\\/plamdistributions.com\\\/wp-content\\\/uploads\\\/2021\\\/05\\\/LGH-ME56200TP.jpg\",\"contentUrl\":\"https:\\\/\\\/plamdistributions.com\\\/wp-content\\\/uploads\\\/2021\\\/05\\\/LGH-ME56200TP.jpg\",\"width\":600,\"height\":600},{\"@type\":\"BreadcrumbList\",\"@id\":\"https:\\\/\\\/plamdistributions.com\\\/es\\\/produit\\\/lingettes-touchpoint-pour-ecran-tactile-200fls\\\/#breadcrumb\",\"itemListElement\":[{\"@type\":\"ListItem\",\"position\":1,\"name\":\"Accueil\",\"item\":\"https:\\\/\\\/plamdistributions.com\\\/es\\\/\"},{\"@type\":\"ListItem\",\"position\":2,\"name\":\"Tienda\",\"item\":\"https:\\\/\\\/plamdistributions.com\\\/es\\\/tienda\\\/\"},{\"@type\":\"ListItem\",\"position\":3,\"name\":\"LINGETTE HUMIDE CERTAINTY POUR ECRAN TACTILE 200FLS\"}]},{\"@type\":\"WebSite\",\"@id\":\"https:\\\/\\\/plamdistributions.com\\\/#website\",\"url\":\"https:\\\/\\\/plamdistributions.com\\\/\",\"name\":\"Distributions Pla-M Inc.\",\"description\":\"Venta de productos y equipos sanitarios\",\"publisher\":{\"@id\":\"https:\\\/\\\/plamdistributions.com\\\/#organization\"},\"potentialAction\":[{\"@type\":\"SearchAction\",\"target\":{\"@type\":\"EntryPoint\",\"urlTemplate\":\"https:\\\/\\\/plamdistributions.com\\\/?s={search_term_string}\"},\"query-input\":{\"@type\":\"PropertyValueSpecification\",\"valueRequired\":true,\"valueName\":\"search_term_string\"}}],\"inLanguage\":\"es\"},{\"@type\":\"Organization\",\"@id\":\"https:\\\/\\\/plamdistributions.com\\\/#organization\",\"name\":\"Distributions Pla-M\",\"url\":\"https:\\\/\\\/plamdistributions.com\\\/\",\"logo\":{\"@type\":\"ImageObject\",\"inLanguage\":\"es\",\"@id\":\"https:\\\/\\\/plamdistributions.com\\\/#\\\/schema\\\/logo\\\/image\\\/\",\"url\":\"https:\\\/\\\/plamdistributions.com\\\/wp-content\\\/uploads\\\/2021\\\/05\\\/PLAM-SANS.png\",\"contentUrl\":\"https:\\\/\\\/plamdistributions.com\\\/wp-content\\\/uploads\\\/2021\\\/05\\\/PLAM-SANS.png\",\"width\":289,\"height\":224,\"caption\":\"Distributions Pla-M\"},\"image\":{\"@id\":\"https:\\\/\\\/plamdistributions.com\\\/#\\\/schema\\\/logo\\\/image\\\/\"},\"sameAs\":[\"https:\\\/\\\/www.facebook.com\\\/displam\\\/\",\"https:\\\/\\\/x.com\\\/Displam\",\"https:\\\/\\\/www.youtube.com\\\/channel\\\/UCHmm3HCGnpGuaQ984quISDg\"]}]}<\/script>\n<!-- \/ Yoast SEO plugin. -->","yoast_head_json":{"title":"LINGETTE HUMIDE CERTAINTY POUR ECRAN TACTILE 200FLS | Distributions Pla-M","robots":{"index":"index","follow":"follow","max-snippet":"max-snippet:-1","max-image-preview":"max-image-preview:large","max-video-preview":"max-video-preview:-1"},"canonical":"https:\/\/plamdistributions.com\/es\/produit\/lingettes-touchpoint-pour-ecran-tactile-200fls\/","og_locale":"es_ES","og_type":"article","og_title":"LINGETTE HUMIDE CERTAINTY POUR ECRAN TACTILE 200FLS | Distributions Pla-M","og_description":"Code: LGH-ME56200TP Les lingettes d&#8217;\u00e9cran TouchPoint sont excellentes pour \u00e9liminer la poussi\u00e8re, la salet\u00e9 et les empreintes digitales des \u00e9crans","og_url":"https:\/\/plamdistributions.com\/es\/produit\/lingettes-touchpoint-pour-ecran-tactile-200fls\/","og_site_name":"Distributions Pla-M","article_publisher":"https:\/\/www.facebook.com\/displam\/","article_modified_time":"2023-01-31T06:37:27+00:00","og_image":[{"width":600,"height":600,"url":"https:\/\/plamdistributions.com\/wp-content\/uploads\/2021\/05\/LGH-ME56200TP.jpg","type":"image\/jpeg"}],"twitter_card":"summary_large_image","twitter_site":"@Displam","schema":{"@context":"https:\/\/schema.org","@graph":[{"@type":"WebPage","@id":"https:\/\/plamdistributions.com\/es\/produit\/lingettes-touchpoint-pour-ecran-tactile-200fls\/","url":"https:\/\/plamdistributions.com\/es\/produit\/lingettes-touchpoint-pour-ecran-tactile-200fls\/","name":"LINGETTE HUMIDE CERTAINTY POUR ECRAN TACTILE 200FLS | Distributions Pla-M","isPartOf":{"@id":"https:\/\/plamdistributions.com\/#website"},"primaryImageOfPage":{"@id":"https:\/\/plamdistributions.com\/es\/produit\/lingettes-touchpoint-pour-ecran-tactile-200fls\/#primaryimage"},"image":{"@id":"https:\/\/plamdistributions.com\/es\/produit\/lingettes-touchpoint-pour-ecran-tactile-200fls\/#primaryimage"},"thumbnailUrl":"https:\/\/plamdistributions.com\/wp-content\/uploads\/2021\/05\/LGH-ME56200TP.jpg","datePublished":"2021-05-21T18:51:54+00:00","dateModified":"2023-01-31T06:37:27+00:00","breadcrumb":{"@id":"https:\/\/plamdistributions.com\/es\/produit\/lingettes-touchpoint-pour-ecran-tactile-200fls\/#breadcrumb"},"inLanguage":"es","potentialAction":[{"@type":"ReadAction","target":["https:\/\/plamdistributions.com\/es\/produit\/lingettes-touchpoint-pour-ecran-tactile-200fls\/"]}]},{"@type":"ImageObject","inLanguage":"es","@id":"https:\/\/plamdistributions.com\/es\/produit\/lingettes-touchpoint-pour-ecran-tactile-200fls\/#primaryimage","url":"https:\/\/plamdistributions.com\/wp-content\/uploads\/2021\/05\/LGH-ME56200TP.jpg","contentUrl":"https:\/\/plamdistributions.com\/wp-content\/uploads\/2021\/05\/LGH-ME56200TP.jpg","width":600,"height":600},{"@type":"BreadcrumbList","@id":"https:\/\/plamdistributions.com\/es\/produit\/lingettes-touchpoint-pour-ecran-tactile-200fls\/#breadcrumb","itemListElement":[{"@type":"ListItem","position":1,"name":"Accueil","item":"https:\/\/plamdistributions.com\/es\/"},{"@type":"ListItem","position":2,"name":"Tienda","item":"https:\/\/plamdistributions.com\/es\/tienda\/"},{"@type":"ListItem","position":3,"name":"LINGETTE HUMIDE CERTAINTY POUR ECRAN TACTILE 200FLS"}]},{"@type":"WebSite","@id":"https:\/\/plamdistributions.com\/#website","url":"https:\/\/plamdistributions.com\/","name":"Distributions Pla-M Inc.","description":"Venta de productos y equipos sanitarios","publisher":{"@id":"https:\/\/plamdistributions.com\/#organization"},"potentialAction":[{"@type":"SearchAction","target":{"@type":"EntryPoint","urlTemplate":"https:\/\/plamdistributions.com\/?s={search_term_string}"},"query-input":{"@type":"PropertyValueSpecification","valueRequired":true,"valueName":"search_term_string"}}],"inLanguage":"es"},{"@type":"Organization","@id":"https:\/\/plamdistributions.com\/#organization","name":"Distributions Pla-M","url":"https:\/\/plamdistributions.com\/","logo":{"@type":"ImageObject","inLanguage":"es","@id":"https:\/\/plamdistributions.com\/#\/schema\/logo\/image\/","url":"https:\/\/plamdistributions.com\/wp-content\/uploads\/2021\/05\/PLAM-SANS.png","contentUrl":"https:\/\/plamdistributions.com\/wp-content\/uploads\/2021\/05\/PLAM-SANS.png","width":289,"height":224,"caption":"Distributions Pla-M"},"image":{"@id":"https:\/\/plamdistributions.com\/#\/schema\/logo\/image\/"},"sameAs":["https:\/\/www.facebook.com\/displam\/","https:\/\/x.com\/Displam","https:\/\/www.youtube.com\/channel\/UCHmm3HCGnpGuaQ984quISDg"]}]}},"_links":{"self":[{"href":"https:\/\/plamdistributions.com\/es\/wp-json\/wp\/v2\/product\/25042","targetHints":{"allow":["GET"]}}],"collection":[{"href":"https:\/\/plamdistributions.com\/es\/wp-json\/wp\/v2\/product"}],"about":[{"href":"https:\/\/plamdistributions.com\/es\/wp-json\/wp\/v2\/types\/product"}],"replies":[{"embeddable":true,"href":"https:\/\/plamdistributions.com\/es\/wp-json\/wp\/v2\/comments?post=25042"}],"wp:featuredmedia":[{"embeddable":true,"href":"https:\/\/plamdistributions.com\/es\/wp-json\/wp\/v2\/media\/25041"}],"wp:attachment":[{"href":"https:\/\/plamdistributions.com\/es\/wp-json\/wp\/v2\/media?parent=25042"}],"wp:term":[{"taxonomy":"product_brand","embeddable":true,"href":"https:\/\/plamdistributions.com\/es\/wp-json\/wp\/v2\/product_brand?post=25042"},{"taxonomy":"product_cat","embeddable":true,"href":"https:\/\/plamdistributions.com\/es\/wp-json\/wp\/v2\/product_cat?post=25042"},{"taxonomy":"product_tag","embeddable":true,"href":"https:\/\/plamdistributions.com\/es\/wp-json\/wp\/v2\/product_tag?post=25042"}],"curies":[{"name":"wp","href":"https:\/\/api.w.org\/{rel}","templated":true}]}}