{"id":25376,"date":"2021-05-21T14:54:23","date_gmt":"2021-05-21T18:54:23","guid":{"rendered":"https:\/\/plamdistributions.com\/produit\/polisseuse-20-viper-venom-1500-rpm-1-5hp\/"},"modified":"2026-03-02T09:16:55","modified_gmt":"2026-03-02T13:16:55","slug":"polisseuse-20-viper-venom-1500-rpm-1-5hp","status":"publish","type":"product","link":"https:\/\/plamdistributions.com\/es\/produit\/polisseuse-20-viper-venom-1500-rpm-1-5hp\/","title":{"rendered":"POLISSEUSE 20\u00bb VIPER VENOM 1500RPM 1.5HP"},"content":{"rendered":"<p><strong>Code: P20-VPVN1500<\/strong><\/p>\n<p>VENOM VN1500: 20 pouces, 1500 tr \/ min, polisseuse haute vitesse<\/p>\n<p>Avantages :<\/p>\n<ul>\n<li>20 dans le chemin de nettoyage;<\/li>\n<li>1 500 tr \/ min;<\/li>\n<li>Moteur redress\u00e9 CC robuste de 1,5 HP;<\/li>\n<li>Facile \u00e0 utiliser et \u00e0 man\u0153uvrer;<\/li>\n<li>Pilote de pad flexible;<\/li>\n<li>Construction enti\u00e8rement m\u00e9tallique;<\/li>\n<li>Grandes roues de transport;<\/li>\n<li>Cordon d&#8217;alimentation jaune de s\u00e9curit\u00e9 de 50 pieds;<\/li>\n<li>Approuv\u00e9 CSA.<\/li>\n<\/ul>\n","protected":false},"excerpt":{"rendered":"<p>Code: P20-VPVN1500 VENOM VN1500: 20 pouces, 1500 tr \/ min, polisseuse haute vitesse Avantages : 20 dans le chemin de<\/p>\n","protected":false},"featured_media":25375,"comment_status":"closed","ping_status":"closed","template":"","meta":[],"product_brand":[],"product_cat":[98,518],"product_tag":[],"class_list":{"0":"post-25376","1":"product","2":"type-product","3":"status-publish","4":"has-post-thumbnail","6":"product_cat-equipements","7":"product_cat-polisseuses","8":"product_shipping_class-standard","10":"first","11":"onbackorder","12":"featured","13":"taxable","14":"shipping-taxable","15":"purchasable","16":"product-type-simple"},"yoast_head":"<!-- This site is optimized with the Yoast SEO plugin v27.5 - https:\/\/yoast.com\/product\/yoast-seo-wordpress\/ -->\n<title>POLISSEUSE 20&#039;&#039; VIPER VENOM 1500RPM 1.5HP | Distributions Pla-M<\/title>\n<meta name=\"robots\" content=\"index, follow, max-snippet:-1, max-image-preview:large, max-video-preview:-1\" \/>\n<link rel=\"canonical\" href=\"https:\/\/plamdistributions.com\/produit\/polisseuse-20-viper-venom-1500-rpm-1-5hp\/\" \/>\n<meta property=\"og:locale\" content=\"es_ES\" \/>\n<meta property=\"og:type\" content=\"article\" \/>\n<meta property=\"og:title\" content=\"POLISSEUSE 20&#039;&#039; VIPER VENOM 1500RPM 1.5HP | Distributions Pla-M\" \/>\n<meta property=\"og:description\" content=\"Code: P20-VPVN1500 VENOM VN1500: 20 pouces, 1500 tr \/ min, polisseuse haute vitesse Avantages : 20 dans le chemin de\" \/>\n<meta property=\"og:url\" content=\"https:\/\/plamdistributions.com\/produit\/polisseuse-20-viper-venom-1500-rpm-1-5hp\/\" \/>\n<meta property=\"og:site_name\" content=\"Distributions Pla-M\" \/>\n<meta property=\"article:publisher\" content=\"https:\/\/www.facebook.com\/displam\/\" \/>\n<meta property=\"article:modified_time\" content=\"2026-03-02T13:16:55+00:00\" \/>\n<meta property=\"og:image\" content=\"https:\/\/plamdistributions.com\/wp-content\/uploads\/2021\/05\/P20-VPVN1500.jpg\" \/>\n\t<meta property=\"og:image:width\" content=\"600\" \/>\n\t<meta property=\"og:image:height\" content=\"600\" \/>\n\t<meta property=\"og:image:type\" content=\"image\/jpeg\" \/>\n<meta name=\"twitter:card\" content=\"summary_large_image\" \/>\n<meta name=\"twitter:site\" content=\"@Displam\" \/>\n<script type=\"application\/ld+json\" class=\"yoast-schema-graph\">{\"@context\":\"https:\\\/\\\/schema.org\",\"@graph\":[{\"@type\":\"WebPage\",\"@id\":\"https:\\\/\\\/plamdistributions.com\\\/produit\\\/polisseuse-20-viper-venom-1500-rpm-1-5hp\\\/\",\"url\":\"https:\\\/\\\/plamdistributions.com\\\/produit\\\/polisseuse-20-viper-venom-1500-rpm-1-5hp\\\/\",\"name\":\"POLISSEUSE 20'' VIPER VENOM 1500RPM 1.5HP | Distributions Pla-M\",\"isPartOf\":{\"@id\":\"https:\\\/\\\/plamdistributions.com\\\/#website\"},\"primaryImageOfPage\":{\"@id\":\"https:\\\/\\\/plamdistributions.com\\\/produit\\\/polisseuse-20-viper-venom-1500-rpm-1-5hp\\\/#primaryimage\"},\"image\":{\"@id\":\"https:\\\/\\\/plamdistributions.com\\\/produit\\\/polisseuse-20-viper-venom-1500-rpm-1-5hp\\\/#primaryimage\"},\"thumbnailUrl\":\"https:\\\/\\\/plamdistributions.com\\\/wp-content\\\/uploads\\\/2021\\\/05\\\/P20-VPVN1500.jpg\",\"datePublished\":\"2021-05-21T18:54:23+00:00\",\"dateModified\":\"2026-03-02T13:16:55+00:00\",\"breadcrumb\":{\"@id\":\"https:\\\/\\\/plamdistributions.com\\\/produit\\\/polisseuse-20-viper-venom-1500-rpm-1-5hp\\\/#breadcrumb\"},\"inLanguage\":\"es\",\"potentialAction\":[{\"@type\":\"ReadAction\",\"target\":[\"https:\\\/\\\/plamdistributions.com\\\/produit\\\/polisseuse-20-viper-venom-1500-rpm-1-5hp\\\/\"]}]},{\"@type\":\"ImageObject\",\"inLanguage\":\"es\",\"@id\":\"https:\\\/\\\/plamdistributions.com\\\/produit\\\/polisseuse-20-viper-venom-1500-rpm-1-5hp\\\/#primaryimage\",\"url\":\"https:\\\/\\\/plamdistributions.com\\\/wp-content\\\/uploads\\\/2021\\\/05\\\/P20-VPVN1500.jpg\",\"contentUrl\":\"https:\\\/\\\/plamdistributions.com\\\/wp-content\\\/uploads\\\/2021\\\/05\\\/P20-VPVN1500.jpg\",\"width\":600,\"height\":600},{\"@type\":\"BreadcrumbList\",\"@id\":\"https:\\\/\\\/plamdistributions.com\\\/produit\\\/polisseuse-20-viper-venom-1500-rpm-1-5hp\\\/#breadcrumb\",\"itemListElement\":[{\"@type\":\"ListItem\",\"position\":1,\"name\":\"Accueil\",\"item\":\"https:\\\/\\\/plamdistributions.com\\\/es\\\/\"},{\"@type\":\"ListItem\",\"position\":2,\"name\":\"Tienda\",\"item\":\"https:\\\/\\\/plamdistributions.com\\\/es\\\/tienda\\\/\"},{\"@type\":\"ListItem\",\"position\":3,\"name\":\"POLISSEUSE 20\u00a0\u00bb VIPER VENOM 1500RPM 1.5HP\"}]},{\"@type\":\"WebSite\",\"@id\":\"https:\\\/\\\/plamdistributions.com\\\/#website\",\"url\":\"https:\\\/\\\/plamdistributions.com\\\/\",\"name\":\"Distributions Pla-M Inc.\",\"description\":\"Venta de productos y equipos sanitarios\",\"publisher\":{\"@id\":\"https:\\\/\\\/plamdistributions.com\\\/#organization\"},\"potentialAction\":[{\"@type\":\"SearchAction\",\"target\":{\"@type\":\"EntryPoint\",\"urlTemplate\":\"https:\\\/\\\/plamdistributions.com\\\/?s={search_term_string}\"},\"query-input\":{\"@type\":\"PropertyValueSpecification\",\"valueRequired\":true,\"valueName\":\"search_term_string\"}}],\"inLanguage\":\"es\"},{\"@type\":\"Organization\",\"@id\":\"https:\\\/\\\/plamdistributions.com\\\/#organization\",\"name\":\"Distributions Pla-M\",\"url\":\"https:\\\/\\\/plamdistributions.com\\\/\",\"logo\":{\"@type\":\"ImageObject\",\"inLanguage\":\"es\",\"@id\":\"https:\\\/\\\/plamdistributions.com\\\/#\\\/schema\\\/logo\\\/image\\\/\",\"url\":\"https:\\\/\\\/plamdistributions.com\\\/wp-content\\\/uploads\\\/2021\\\/05\\\/PLAM-SANS.png\",\"contentUrl\":\"https:\\\/\\\/plamdistributions.com\\\/wp-content\\\/uploads\\\/2021\\\/05\\\/PLAM-SANS.png\",\"width\":289,\"height\":224,\"caption\":\"Distributions Pla-M\"},\"image\":{\"@id\":\"https:\\\/\\\/plamdistributions.com\\\/#\\\/schema\\\/logo\\\/image\\\/\"},\"sameAs\":[\"https:\\\/\\\/www.facebook.com\\\/displam\\\/\",\"https:\\\/\\\/x.com\\\/Displam\",\"https:\\\/\\\/www.youtube.com\\\/channel\\\/UCHmm3HCGnpGuaQ984quISDg\"]}]}<\/script>\n<!-- \/ Yoast SEO plugin. -->","yoast_head_json":{"title":"POLISSEUSE 20'' VIPER VENOM 1500RPM 1.5HP | Distributions Pla-M","robots":{"index":"index","follow":"follow","max-snippet":"max-snippet:-1","max-image-preview":"max-image-preview:large","max-video-preview":"max-video-preview:-1"},"canonical":"https:\/\/plamdistributions.com\/produit\/polisseuse-20-viper-venom-1500-rpm-1-5hp\/","og_locale":"es_ES","og_type":"article","og_title":"POLISSEUSE 20'' VIPER VENOM 1500RPM 1.5HP | Distributions Pla-M","og_description":"Code: P20-VPVN1500 VENOM VN1500: 20 pouces, 1500 tr \/ min, polisseuse haute vitesse Avantages : 20 dans le chemin de","og_url":"https:\/\/plamdistributions.com\/produit\/polisseuse-20-viper-venom-1500-rpm-1-5hp\/","og_site_name":"Distributions Pla-M","article_publisher":"https:\/\/www.facebook.com\/displam\/","article_modified_time":"2026-03-02T13:16:55+00:00","og_image":[{"width":600,"height":600,"url":"https:\/\/plamdistributions.com\/wp-content\/uploads\/2021\/05\/P20-VPVN1500.jpg","type":"image\/jpeg"}],"twitter_card":"summary_large_image","twitter_site":"@Displam","schema":{"@context":"https:\/\/schema.org","@graph":[{"@type":"WebPage","@id":"https:\/\/plamdistributions.com\/produit\/polisseuse-20-viper-venom-1500-rpm-1-5hp\/","url":"https:\/\/plamdistributions.com\/produit\/polisseuse-20-viper-venom-1500-rpm-1-5hp\/","name":"POLISSEUSE 20'' VIPER VENOM 1500RPM 1.5HP | Distributions Pla-M","isPartOf":{"@id":"https:\/\/plamdistributions.com\/#website"},"primaryImageOfPage":{"@id":"https:\/\/plamdistributions.com\/produit\/polisseuse-20-viper-venom-1500-rpm-1-5hp\/#primaryimage"},"image":{"@id":"https:\/\/plamdistributions.com\/produit\/polisseuse-20-viper-venom-1500-rpm-1-5hp\/#primaryimage"},"thumbnailUrl":"https:\/\/plamdistributions.com\/wp-content\/uploads\/2021\/05\/P20-VPVN1500.jpg","datePublished":"2021-05-21T18:54:23+00:00","dateModified":"2026-03-02T13:16:55+00:00","breadcrumb":{"@id":"https:\/\/plamdistributions.com\/produit\/polisseuse-20-viper-venom-1500-rpm-1-5hp\/#breadcrumb"},"inLanguage":"es","potentialAction":[{"@type":"ReadAction","target":["https:\/\/plamdistributions.com\/produit\/polisseuse-20-viper-venom-1500-rpm-1-5hp\/"]}]},{"@type":"ImageObject","inLanguage":"es","@id":"https:\/\/plamdistributions.com\/produit\/polisseuse-20-viper-venom-1500-rpm-1-5hp\/#primaryimage","url":"https:\/\/plamdistributions.com\/wp-content\/uploads\/2021\/05\/P20-VPVN1500.jpg","contentUrl":"https:\/\/plamdistributions.com\/wp-content\/uploads\/2021\/05\/P20-VPVN1500.jpg","width":600,"height":600},{"@type":"BreadcrumbList","@id":"https:\/\/plamdistributions.com\/produit\/polisseuse-20-viper-venom-1500-rpm-1-5hp\/#breadcrumb","itemListElement":[{"@type":"ListItem","position":1,"name":"Accueil","item":"https:\/\/plamdistributions.com\/es\/"},{"@type":"ListItem","position":2,"name":"Tienda","item":"https:\/\/plamdistributions.com\/es\/tienda\/"},{"@type":"ListItem","position":3,"name":"POLISSEUSE 20\u00a0\u00bb VIPER VENOM 1500RPM 1.5HP"}]},{"@type":"WebSite","@id":"https:\/\/plamdistributions.com\/#website","url":"https:\/\/plamdistributions.com\/","name":"Distributions Pla-M Inc.","description":"Venta de productos y equipos sanitarios","publisher":{"@id":"https:\/\/plamdistributions.com\/#organization"},"potentialAction":[{"@type":"SearchAction","target":{"@type":"EntryPoint","urlTemplate":"https:\/\/plamdistributions.com\/?s={search_term_string}"},"query-input":{"@type":"PropertyValueSpecification","valueRequired":true,"valueName":"search_term_string"}}],"inLanguage":"es"},{"@type":"Organization","@id":"https:\/\/plamdistributions.com\/#organization","name":"Distributions Pla-M","url":"https:\/\/plamdistributions.com\/","logo":{"@type":"ImageObject","inLanguage":"es","@id":"https:\/\/plamdistributions.com\/#\/schema\/logo\/image\/","url":"https:\/\/plamdistributions.com\/wp-content\/uploads\/2021\/05\/PLAM-SANS.png","contentUrl":"https:\/\/plamdistributions.com\/wp-content\/uploads\/2021\/05\/PLAM-SANS.png","width":289,"height":224,"caption":"Distributions Pla-M"},"image":{"@id":"https:\/\/plamdistributions.com\/#\/schema\/logo\/image\/"},"sameAs":["https:\/\/www.facebook.com\/displam\/","https:\/\/x.com\/Displam","https:\/\/www.youtube.com\/channel\/UCHmm3HCGnpGuaQ984quISDg"]}]}},"_links":{"self":[{"href":"https:\/\/plamdistributions.com\/es\/wp-json\/wp\/v2\/product\/25376","targetHints":{"allow":["GET"]}}],"collection":[{"href":"https:\/\/plamdistributions.com\/es\/wp-json\/wp\/v2\/product"}],"about":[{"href":"https:\/\/plamdistributions.com\/es\/wp-json\/wp\/v2\/types\/product"}],"replies":[{"embeddable":true,"href":"https:\/\/plamdistributions.com\/es\/wp-json\/wp\/v2\/comments?post=25376"}],"wp:featuredmedia":[{"embeddable":true,"href":"https:\/\/plamdistributions.com\/es\/wp-json\/wp\/v2\/media\/25375"}],"wp:attachment":[{"href":"https:\/\/plamdistributions.com\/es\/wp-json\/wp\/v2\/media?parent=25376"}],"wp:term":[{"taxonomy":"product_brand","embeddable":true,"href":"https:\/\/plamdistributions.com\/es\/wp-json\/wp\/v2\/product_brand?post=25376"},{"taxonomy":"product_cat","embeddable":true,"href":"https:\/\/plamdistributions.com\/es\/wp-json\/wp\/v2\/product_cat?post=25376"},{"taxonomy":"product_tag","embeddable":true,"href":"https:\/\/plamdistributions.com\/es\/wp-json\/wp\/v2\/product_tag?post=25376"}],"curies":[{"name":"wp","href":"https:\/\/api.w.org\/{rel}","templated":true}]}}