{"id":25630,"date":"2021-05-21T14:57:24","date_gmt":"2021-05-21T18:57:24","guid":{"rendered":"https:\/\/plamdistributions.com\/produit\/savon-mousse-cartouche-avec-valve-1200ml-s2203\/"},"modified":"2026-03-30T16:01:20","modified_gmt":"2026-03-30T20:01:20","slug":"savon-mousse-cartouche-avec-valve-1200ml-s2203","status":"publish","type":"product","link":"https:\/\/plamdistributions.com\/es\/produit\/savon-mousse-cartouche-avec-valve-1200ml-s2203\/","title":{"rendered":"SAVON MOUSSE CARTOUCHE AVEC VALVE 1200ML \/S2203"},"content":{"rendered":"<p><strong><a href=\"https:\/\/distributionsplam.ca\/wp-content\/uploads\/2020\/09\/SM-UNICAS2203_ft.pdf\"><img decoding=\"async\" class=\"alignnone wp-image-30822\" src=\"https:\/\/distributionsplam.ca\/wp-content\/uploads\/2019\/11\/Fiche-technique-300x134.jpg\" alt=\"Fiche technique en fran\u00e7ais\" width=\"145\" height=\"65\" \/><\/a><\/strong><a href=\"https:\/\/distributionsplam.ca\/wp-content\/uploads\/2020\/09\/SM-UNICAS2203_tds.pdf\"><img decoding=\"async\" class=\"alignnone wp-image-30824\" src=\"https:\/\/distributionsplam.ca\/wp-content\/uploads\/2019\/11\/Technical-data-sheet-1-300x134.jpg\" alt=\"Technical data sheet\" width=\"142\" height=\"64\" \/><\/a><\/p>\n<p><strong>Code: SM-UNICAS2203<\/strong><\/p>\n<h4 class=\"sous-titre\"><span class=\"badge bg-vert\">\u2713 Savon en mousse antibact\u00e9rien<\/span>\u00a0<span class=\"badge bg-vert\">\u2713 Parfum fruit\u00e9<\/span><\/h4>\n<p class=\"text-justify\">Mousse riche et g\u00e9n\u00e9reuse au parfum de mangue, sp\u00e9cialement con\u00e7ue pour les lavages \u00e0 forte fr\u00e9quence. Contient des \u00e9mollients pour hydrater et adoucir la peau. Peut aussi \u00eatre utilis\u00e9 pour le corps ou les cheveux. S\u2019emploie dans tous genre d\u2019endroits publics pour les applications hygi\u00e9niques quotidiennes.<\/p>\n<p><strong>\u2713 Fabricant: Unica Canada<\/strong><\/p>\n","protected":false},"excerpt":{"rendered":"<p>Code: SM-UNICAS2203 \u2713 Savon en mousse antibact\u00e9rien\u00a0\u2713 Parfum fruit\u00e9 Mousse riche et g\u00e9n\u00e9reuse au parfum de mangue, sp\u00e9cialement con\u00e7ue pour<\/p>\n","protected":false},"featured_media":25629,"comment_status":"closed","ping_status":"closed","template":"","meta":[],"product_brand":[],"product_cat":[62,104],"product_tag":[],"class_list":{"0":"post-25630","1":"product","2":"type-product","3":"status-publish","4":"has-post-thumbnail","6":"product_cat-produits-dentretien-menager","7":"product_cat-soins-de-la-peau","8":"product_shipping_class-standard","10":"first","11":"instock","12":"taxable","13":"shipping-taxable","14":"purchasable","15":"product-type-simple"},"yoast_head":"<!-- This site is optimized with the Yoast SEO plugin v27.4 - https:\/\/yoast.com\/product\/yoast-seo-wordpress\/ -->\n<title>SAVON MOUSSE CARTOUCHE AVEC VALVE 1200ML \/S2203 | Distributions Pla-M<\/title>\n<meta name=\"robots\" content=\"index, follow, max-snippet:-1, max-image-preview:large, max-video-preview:-1\" \/>\n<link rel=\"canonical\" href=\"https:\/\/plamdistributions.com\/produit\/savon-mousse-cartouche-avec-valve-1200ml-s2203\/\" \/>\n<meta property=\"og:locale\" content=\"es_ES\" \/>\n<meta property=\"og:type\" content=\"article\" \/>\n<meta property=\"og:title\" content=\"SAVON MOUSSE CARTOUCHE AVEC VALVE 1200ML \/S2203 | Distributions Pla-M\" \/>\n<meta property=\"og:description\" content=\"Code: SM-UNICAS2203 \u2713 Savon en mousse antibact\u00e9rien\u00a0\u2713 Parfum fruit\u00e9 Mousse riche et g\u00e9n\u00e9reuse au parfum de mangue, sp\u00e9cialement con\u00e7ue pour\" \/>\n<meta property=\"og:url\" content=\"https:\/\/plamdistributions.com\/produit\/savon-mousse-cartouche-avec-valve-1200ml-s2203\/\" \/>\n<meta property=\"og:site_name\" content=\"Distributions Pla-M\" \/>\n<meta property=\"article:publisher\" content=\"https:\/\/www.facebook.com\/displam\/\" \/>\n<meta property=\"article:modified_time\" content=\"2026-03-30T20:01:20+00:00\" \/>\n<meta property=\"og:image\" content=\"https:\/\/plamdistributions.com\/wp-content\/uploads\/2021\/05\/SM-UNICAS2203.jpg\" \/>\n\t<meta property=\"og:image:width\" content=\"600\" \/>\n\t<meta property=\"og:image:height\" content=\"600\" \/>\n\t<meta property=\"og:image:type\" content=\"image\/jpeg\" \/>\n<meta name=\"twitter:card\" content=\"summary_large_image\" \/>\n<meta name=\"twitter:site\" content=\"@Displam\" \/>\n<script type=\"application\/ld+json\" class=\"yoast-schema-graph\">{\"@context\":\"https:\\\/\\\/schema.org\",\"@graph\":[{\"@type\":\"WebPage\",\"@id\":\"https:\\\/\\\/plamdistributions.com\\\/produit\\\/savon-mousse-cartouche-avec-valve-1200ml-s2203\\\/\",\"url\":\"https:\\\/\\\/plamdistributions.com\\\/produit\\\/savon-mousse-cartouche-avec-valve-1200ml-s2203\\\/\",\"name\":\"SAVON MOUSSE CARTOUCHE AVEC VALVE 1200ML \\\/S2203 | Distributions Pla-M\",\"isPartOf\":{\"@id\":\"https:\\\/\\\/plamdistributions.com\\\/#website\"},\"primaryImageOfPage\":{\"@id\":\"https:\\\/\\\/plamdistributions.com\\\/produit\\\/savon-mousse-cartouche-avec-valve-1200ml-s2203\\\/#primaryimage\"},\"image\":{\"@id\":\"https:\\\/\\\/plamdistributions.com\\\/produit\\\/savon-mousse-cartouche-avec-valve-1200ml-s2203\\\/#primaryimage\"},\"thumbnailUrl\":\"https:\\\/\\\/plamdistributions.com\\\/wp-content\\\/uploads\\\/2021\\\/05\\\/SM-UNICAS2203.jpg\",\"datePublished\":\"2021-05-21T18:57:24+00:00\",\"dateModified\":\"2026-03-30T20:01:20+00:00\",\"breadcrumb\":{\"@id\":\"https:\\\/\\\/plamdistributions.com\\\/produit\\\/savon-mousse-cartouche-avec-valve-1200ml-s2203\\\/#breadcrumb\"},\"inLanguage\":\"es\",\"potentialAction\":[{\"@type\":\"ReadAction\",\"target\":[\"https:\\\/\\\/plamdistributions.com\\\/produit\\\/savon-mousse-cartouche-avec-valve-1200ml-s2203\\\/\"]}]},{\"@type\":\"ImageObject\",\"inLanguage\":\"es\",\"@id\":\"https:\\\/\\\/plamdistributions.com\\\/produit\\\/savon-mousse-cartouche-avec-valve-1200ml-s2203\\\/#primaryimage\",\"url\":\"https:\\\/\\\/plamdistributions.com\\\/wp-content\\\/uploads\\\/2021\\\/05\\\/SM-UNICAS2203.jpg\",\"contentUrl\":\"https:\\\/\\\/plamdistributions.com\\\/wp-content\\\/uploads\\\/2021\\\/05\\\/SM-UNICAS2203.jpg\",\"width\":600,\"height\":600},{\"@type\":\"BreadcrumbList\",\"@id\":\"https:\\\/\\\/plamdistributions.com\\\/produit\\\/savon-mousse-cartouche-avec-valve-1200ml-s2203\\\/#breadcrumb\",\"itemListElement\":[{\"@type\":\"ListItem\",\"position\":1,\"name\":\"Accueil\",\"item\":\"https:\\\/\\\/plamdistributions.com\\\/es\\\/\"},{\"@type\":\"ListItem\",\"position\":2,\"name\":\"Tienda\",\"item\":\"https:\\\/\\\/plamdistributions.com\\\/es\\\/tienda\\\/\"},{\"@type\":\"ListItem\",\"position\":3,\"name\":\"SAVON MOUSSE CARTOUCHE AVEC VALVE 1200ML \\\/S2203\"}]},{\"@type\":\"WebSite\",\"@id\":\"https:\\\/\\\/plamdistributions.com\\\/#website\",\"url\":\"https:\\\/\\\/plamdistributions.com\\\/\",\"name\":\"Distributions Pla-M Inc.\",\"description\":\"Venta de productos y equipos sanitarios\",\"publisher\":{\"@id\":\"https:\\\/\\\/plamdistributions.com\\\/#organization\"},\"potentialAction\":[{\"@type\":\"SearchAction\",\"target\":{\"@type\":\"EntryPoint\",\"urlTemplate\":\"https:\\\/\\\/plamdistributions.com\\\/?s={search_term_string}\"},\"query-input\":{\"@type\":\"PropertyValueSpecification\",\"valueRequired\":true,\"valueName\":\"search_term_string\"}}],\"inLanguage\":\"es\"},{\"@type\":\"Organization\",\"@id\":\"https:\\\/\\\/plamdistributions.com\\\/#organization\",\"name\":\"Distributions Pla-M\",\"url\":\"https:\\\/\\\/plamdistributions.com\\\/\",\"logo\":{\"@type\":\"ImageObject\",\"inLanguage\":\"es\",\"@id\":\"https:\\\/\\\/plamdistributions.com\\\/#\\\/schema\\\/logo\\\/image\\\/\",\"url\":\"https:\\\/\\\/plamdistributions.com\\\/wp-content\\\/uploads\\\/2021\\\/05\\\/PLAM-SANS.png\",\"contentUrl\":\"https:\\\/\\\/plamdistributions.com\\\/wp-content\\\/uploads\\\/2021\\\/05\\\/PLAM-SANS.png\",\"width\":289,\"height\":224,\"caption\":\"Distributions Pla-M\"},\"image\":{\"@id\":\"https:\\\/\\\/plamdistributions.com\\\/#\\\/schema\\\/logo\\\/image\\\/\"},\"sameAs\":[\"https:\\\/\\\/www.facebook.com\\\/displam\\\/\",\"https:\\\/\\\/x.com\\\/Displam\",\"https:\\\/\\\/www.youtube.com\\\/channel\\\/UCHmm3HCGnpGuaQ984quISDg\"]}]}<\/script>\n<!-- \/ Yoast SEO plugin. -->","yoast_head_json":{"title":"SAVON MOUSSE CARTOUCHE AVEC VALVE 1200ML \/S2203 | Distributions Pla-M","robots":{"index":"index","follow":"follow","max-snippet":"max-snippet:-1","max-image-preview":"max-image-preview:large","max-video-preview":"max-video-preview:-1"},"canonical":"https:\/\/plamdistributions.com\/produit\/savon-mousse-cartouche-avec-valve-1200ml-s2203\/","og_locale":"es_ES","og_type":"article","og_title":"SAVON MOUSSE CARTOUCHE AVEC VALVE 1200ML \/S2203 | Distributions Pla-M","og_description":"Code: SM-UNICAS2203 \u2713 Savon en mousse antibact\u00e9rien\u00a0\u2713 Parfum fruit\u00e9 Mousse riche et g\u00e9n\u00e9reuse au parfum de mangue, sp\u00e9cialement con\u00e7ue pour","og_url":"https:\/\/plamdistributions.com\/produit\/savon-mousse-cartouche-avec-valve-1200ml-s2203\/","og_site_name":"Distributions Pla-M","article_publisher":"https:\/\/www.facebook.com\/displam\/","article_modified_time":"2026-03-30T20:01:20+00:00","og_image":[{"width":600,"height":600,"url":"https:\/\/plamdistributions.com\/wp-content\/uploads\/2021\/05\/SM-UNICAS2203.jpg","type":"image\/jpeg"}],"twitter_card":"summary_large_image","twitter_site":"@Displam","schema":{"@context":"https:\/\/schema.org","@graph":[{"@type":"WebPage","@id":"https:\/\/plamdistributions.com\/produit\/savon-mousse-cartouche-avec-valve-1200ml-s2203\/","url":"https:\/\/plamdistributions.com\/produit\/savon-mousse-cartouche-avec-valve-1200ml-s2203\/","name":"SAVON MOUSSE CARTOUCHE AVEC VALVE 1200ML \/S2203 | Distributions Pla-M","isPartOf":{"@id":"https:\/\/plamdistributions.com\/#website"},"primaryImageOfPage":{"@id":"https:\/\/plamdistributions.com\/produit\/savon-mousse-cartouche-avec-valve-1200ml-s2203\/#primaryimage"},"image":{"@id":"https:\/\/plamdistributions.com\/produit\/savon-mousse-cartouche-avec-valve-1200ml-s2203\/#primaryimage"},"thumbnailUrl":"https:\/\/plamdistributions.com\/wp-content\/uploads\/2021\/05\/SM-UNICAS2203.jpg","datePublished":"2021-05-21T18:57:24+00:00","dateModified":"2026-03-30T20:01:20+00:00","breadcrumb":{"@id":"https:\/\/plamdistributions.com\/produit\/savon-mousse-cartouche-avec-valve-1200ml-s2203\/#breadcrumb"},"inLanguage":"es","potentialAction":[{"@type":"ReadAction","target":["https:\/\/plamdistributions.com\/produit\/savon-mousse-cartouche-avec-valve-1200ml-s2203\/"]}]},{"@type":"ImageObject","inLanguage":"es","@id":"https:\/\/plamdistributions.com\/produit\/savon-mousse-cartouche-avec-valve-1200ml-s2203\/#primaryimage","url":"https:\/\/plamdistributions.com\/wp-content\/uploads\/2021\/05\/SM-UNICAS2203.jpg","contentUrl":"https:\/\/plamdistributions.com\/wp-content\/uploads\/2021\/05\/SM-UNICAS2203.jpg","width":600,"height":600},{"@type":"BreadcrumbList","@id":"https:\/\/plamdistributions.com\/produit\/savon-mousse-cartouche-avec-valve-1200ml-s2203\/#breadcrumb","itemListElement":[{"@type":"ListItem","position":1,"name":"Accueil","item":"https:\/\/plamdistributions.com\/es\/"},{"@type":"ListItem","position":2,"name":"Tienda","item":"https:\/\/plamdistributions.com\/es\/tienda\/"},{"@type":"ListItem","position":3,"name":"SAVON MOUSSE CARTOUCHE AVEC VALVE 1200ML \/S2203"}]},{"@type":"WebSite","@id":"https:\/\/plamdistributions.com\/#website","url":"https:\/\/plamdistributions.com\/","name":"Distributions Pla-M Inc.","description":"Venta de productos y equipos sanitarios","publisher":{"@id":"https:\/\/plamdistributions.com\/#organization"},"potentialAction":[{"@type":"SearchAction","target":{"@type":"EntryPoint","urlTemplate":"https:\/\/plamdistributions.com\/?s={search_term_string}"},"query-input":{"@type":"PropertyValueSpecification","valueRequired":true,"valueName":"search_term_string"}}],"inLanguage":"es"},{"@type":"Organization","@id":"https:\/\/plamdistributions.com\/#organization","name":"Distributions Pla-M","url":"https:\/\/plamdistributions.com\/","logo":{"@type":"ImageObject","inLanguage":"es","@id":"https:\/\/plamdistributions.com\/#\/schema\/logo\/image\/","url":"https:\/\/plamdistributions.com\/wp-content\/uploads\/2021\/05\/PLAM-SANS.png","contentUrl":"https:\/\/plamdistributions.com\/wp-content\/uploads\/2021\/05\/PLAM-SANS.png","width":289,"height":224,"caption":"Distributions Pla-M"},"image":{"@id":"https:\/\/plamdistributions.com\/#\/schema\/logo\/image\/"},"sameAs":["https:\/\/www.facebook.com\/displam\/","https:\/\/x.com\/Displam","https:\/\/www.youtube.com\/channel\/UCHmm3HCGnpGuaQ984quISDg"]}]}},"_links":{"self":[{"href":"https:\/\/plamdistributions.com\/es\/wp-json\/wp\/v2\/product\/25630","targetHints":{"allow":["GET"]}}],"collection":[{"href":"https:\/\/plamdistributions.com\/es\/wp-json\/wp\/v2\/product"}],"about":[{"href":"https:\/\/plamdistributions.com\/es\/wp-json\/wp\/v2\/types\/product"}],"replies":[{"embeddable":true,"href":"https:\/\/plamdistributions.com\/es\/wp-json\/wp\/v2\/comments?post=25630"}],"wp:featuredmedia":[{"embeddable":true,"href":"https:\/\/plamdistributions.com\/es\/wp-json\/wp\/v2\/media\/25629"}],"wp:attachment":[{"href":"https:\/\/plamdistributions.com\/es\/wp-json\/wp\/v2\/media?parent=25630"}],"wp:term":[{"taxonomy":"product_brand","embeddable":true,"href":"https:\/\/plamdistributions.com\/es\/wp-json\/wp\/v2\/product_brand?post=25630"},{"taxonomy":"product_cat","embeddable":true,"href":"https:\/\/plamdistributions.com\/es\/wp-json\/wp\/v2\/product_cat?post=25630"},{"taxonomy":"product_tag","embeddable":true,"href":"https:\/\/plamdistributions.com\/es\/wp-json\/wp\/v2\/product_tag?post=25630"}],"curies":[{"name":"wp","href":"https:\/\/api.w.org\/{rel}","templated":true}]}}