{"id":25778,"date":"2021-05-21T14:58:36","date_gmt":"2021-05-21T18:58:36","guid":{"rendered":"https:\/\/plamdistributions.com\/produit\/cone-de-securite-jaune-attention-plancher-mouille-25-%c2%be\/"},"modified":"2024-01-17T12:15:55","modified_gmt":"2024-01-17T16:15:55","slug":"cone-de-securite-jaune-attention-plancher-mouille-25-%c2%be","status":"publish","type":"product","link":"https:\/\/plamdistributions.com\/es\/produit\/cone-de-securite-jaune-attention-plancher-mouille-25-%c2%be\/","title":{"rendered":"C\u00d4NE DE S\u00c9CURIT\u00c9 JAUNE ATTENTION-PLANCHER MOUILL\u00c9 25 \u00be\u00bb"},"content":{"rendered":"<p><strong>Code: SYE-RU627777Y<\/strong><\/p>\n<p>Le c\u00f4ne de s\u00e9curit\u00e9 multilingue offre une finition jaune haute visibilit\u00e9 pour alerter le personnel et les clients des dangers possibles et faire preuve de prudence. Les c\u00f4nes de s\u00e9curit\u00e9 sont \u00e0 4 c\u00f4t\u00e9s avec des dessus polyvalents qui peuvent accueillir une ceinture de barricade en option, un feu clignotant, un support de panneau de verrouillage ou un dispositif d&#8217;avertissement audio. Des piles pour un stockage compact.<\/p>\n<p><strong>\u2713 Fabricant: Rubbermaid<\/strong><\/p>\n<p>&nbsp;<\/p>\n","protected":false},"excerpt":{"rendered":"<p>Code: SYE-RU627777Y Le c\u00f4ne de s\u00e9curit\u00e9 multilingue offre une finition jaune haute visibilit\u00e9 pour alerter le personnel et les clients<\/p>\n","protected":false},"featured_media":25777,"comment_status":"closed","ping_status":"closed","template":"","meta":[],"product_brand":[],"product_cat":[143,206],"product_tag":[],"class_list":{"0":"post-25778","1":"product","2":"type-product","3":"status-publish","4":"has-post-thumbnail","6":"product_cat-accessoires","7":"product_cat-accessoires-de-securite","8":"product_shipping_class-standard","10":"first","11":"onbackorder","12":"featured","13":"taxable","14":"shipping-taxable","15":"purchasable","16":"product-type-simple"},"yoast_head":"<!-- This site is optimized with the Yoast SEO plugin v27.4 - https:\/\/yoast.com\/product\/yoast-seo-wordpress\/ -->\n<title>C\u00d4NE DE S\u00c9CURIT\u00c9 JAUNE ATTENTION-PLANCHER MOUILL\u00c9 25 \u00be&#039;&#039; | Distributions Pla-M<\/title>\n<meta name=\"robots\" content=\"index, follow, max-snippet:-1, max-image-preview:large, max-video-preview:-1\" \/>\n<link rel=\"canonical\" href=\"https:\/\/plamdistributions.com\/en\/produit\/cone-de-securite-jaune-attention-plancher-mouille-25-\u00be\/\" \/>\n<meta property=\"og:locale\" content=\"es_ES\" \/>\n<meta property=\"og:type\" content=\"article\" \/>\n<meta property=\"og:title\" content=\"C\u00d4NE DE S\u00c9CURIT\u00c9 JAUNE ATTENTION-PLANCHER MOUILL\u00c9 25 \u00be&#039;&#039; | Distributions Pla-M\" \/>\n<meta property=\"og:description\" content=\"Code: SYE-RU627777Y Le c\u00f4ne de s\u00e9curit\u00e9 multilingue offre une finition jaune haute visibilit\u00e9 pour alerter le personnel et les clients\" \/>\n<meta property=\"og:url\" content=\"https:\/\/plamdistributions.com\/en\/produit\/cone-de-securite-jaune-attention-plancher-mouille-25-\u00be\/\" \/>\n<meta property=\"og:site_name\" content=\"Distributions Pla-M\" \/>\n<meta property=\"article:publisher\" content=\"https:\/\/www.facebook.com\/displam\/\" \/>\n<meta property=\"article:modified_time\" content=\"2024-01-17T16:15:55+00:00\" \/>\n<meta property=\"og:image\" content=\"https:\/\/plamdistributions.com\/wp-content\/uploads\/2021\/05\/SYE-FG627777Y.jpg\" \/>\n\t<meta property=\"og:image:width\" content=\"600\" \/>\n\t<meta property=\"og:image:height\" content=\"600\" \/>\n\t<meta property=\"og:image:type\" content=\"image\/jpeg\" \/>\n<meta name=\"twitter:card\" content=\"summary_large_image\" \/>\n<meta name=\"twitter:site\" content=\"@Displam\" \/>\n<script type=\"application\/ld+json\" class=\"yoast-schema-graph\">{\"@context\":\"https:\\\/\\\/schema.org\",\"@graph\":[{\"@type\":\"WebPage\",\"@id\":\"https:\\\/\\\/plamdistributions.com\\\/en\\\/produit\\\/cone-de-securite-jaune-attention-plancher-mouille-25-%c2%be\\\/\",\"url\":\"https:\\\/\\\/plamdistributions.com\\\/en\\\/produit\\\/cone-de-securite-jaune-attention-plancher-mouille-25-%c2%be\\\/\",\"name\":\"C\u00d4NE DE S\u00c9CURIT\u00c9 JAUNE ATTENTION-PLANCHER MOUILL\u00c9 25 \u00be'' | Distributions Pla-M\",\"isPartOf\":{\"@id\":\"https:\\\/\\\/plamdistributions.com\\\/en\\\/#website\"},\"primaryImageOfPage\":{\"@id\":\"https:\\\/\\\/plamdistributions.com\\\/en\\\/produit\\\/cone-de-securite-jaune-attention-plancher-mouille-25-%c2%be\\\/#primaryimage\"},\"image\":{\"@id\":\"https:\\\/\\\/plamdistributions.com\\\/en\\\/produit\\\/cone-de-securite-jaune-attention-plancher-mouille-25-%c2%be\\\/#primaryimage\"},\"thumbnailUrl\":\"https:\\\/\\\/plamdistributions.com\\\/wp-content\\\/uploads\\\/2021\\\/05\\\/SYE-FG627777Y.jpg\",\"datePublished\":\"2021-05-21T18:58:36+00:00\",\"dateModified\":\"2024-01-17T16:15:55+00:00\",\"breadcrumb\":{\"@id\":\"https:\\\/\\\/plamdistributions.com\\\/en\\\/produit\\\/cone-de-securite-jaune-attention-plancher-mouille-25-%c2%be\\\/#breadcrumb\"},\"inLanguage\":\"es\",\"potentialAction\":[{\"@type\":\"ReadAction\",\"target\":[\"https:\\\/\\\/plamdistributions.com\\\/en\\\/produit\\\/cone-de-securite-jaune-attention-plancher-mouille-25-%c2%be\\\/\"]}]},{\"@type\":\"ImageObject\",\"inLanguage\":\"es\",\"@id\":\"https:\\\/\\\/plamdistributions.com\\\/en\\\/produit\\\/cone-de-securite-jaune-attention-plancher-mouille-25-%c2%be\\\/#primaryimage\",\"url\":\"https:\\\/\\\/plamdistributions.com\\\/wp-content\\\/uploads\\\/2021\\\/05\\\/SYE-FG627777Y.jpg\",\"contentUrl\":\"https:\\\/\\\/plamdistributions.com\\\/wp-content\\\/uploads\\\/2021\\\/05\\\/SYE-FG627777Y.jpg\",\"width\":600,\"height\":600},{\"@type\":\"BreadcrumbList\",\"@id\":\"https:\\\/\\\/plamdistributions.com\\\/en\\\/produit\\\/cone-de-securite-jaune-attention-plancher-mouille-25-%c2%be\\\/#breadcrumb\",\"itemListElement\":[{\"@type\":\"ListItem\",\"position\":1,\"name\":\"Accueil\",\"item\":\"https:\\\/\\\/plamdistributions.com\\\/es\\\/\"},{\"@type\":\"ListItem\",\"position\":2,\"name\":\"Tienda\",\"item\":\"https:\\\/\\\/plamdistributions.com\\\/es\\\/tienda\\\/\"},{\"@type\":\"ListItem\",\"position\":3,\"name\":\"C\u00d4NE DE S\u00c9CURIT\u00c9 JAUNE ATTENTION-PLANCHER MOUILL\u00c9 25 \u00be&#8221;\"}]},{\"@type\":\"WebSite\",\"@id\":\"https:\\\/\\\/plamdistributions.com\\\/en\\\/#website\",\"url\":\"https:\\\/\\\/plamdistributions.com\\\/en\\\/\",\"name\":\"Distributions Pla-M Inc.\",\"description\":\"Venta de productos y equipos sanitarios\",\"publisher\":{\"@id\":\"https:\\\/\\\/plamdistributions.com\\\/en\\\/#organization\"},\"potentialAction\":[{\"@type\":\"SearchAction\",\"target\":{\"@type\":\"EntryPoint\",\"urlTemplate\":\"https:\\\/\\\/plamdistributions.com\\\/en\\\/?s={search_term_string}\"},\"query-input\":{\"@type\":\"PropertyValueSpecification\",\"valueRequired\":true,\"valueName\":\"search_term_string\"}}],\"inLanguage\":\"es\"},{\"@type\":\"Organization\",\"@id\":\"https:\\\/\\\/plamdistributions.com\\\/en\\\/#organization\",\"name\":\"Distributions Pla-M\",\"url\":\"https:\\\/\\\/plamdistributions.com\\\/en\\\/\",\"logo\":{\"@type\":\"ImageObject\",\"inLanguage\":\"es\",\"@id\":\"https:\\\/\\\/plamdistributions.com\\\/en\\\/#\\\/schema\\\/logo\\\/image\\\/\",\"url\":\"https:\\\/\\\/plamdistributions.com\\\/wp-content\\\/uploads\\\/2021\\\/05\\\/PLAM-SANS.png\",\"contentUrl\":\"https:\\\/\\\/plamdistributions.com\\\/wp-content\\\/uploads\\\/2021\\\/05\\\/PLAM-SANS.png\",\"width\":289,\"height\":224,\"caption\":\"Distributions Pla-M\"},\"image\":{\"@id\":\"https:\\\/\\\/plamdistributions.com\\\/en\\\/#\\\/schema\\\/logo\\\/image\\\/\"},\"sameAs\":[\"https:\\\/\\\/www.facebook.com\\\/displam\\\/\",\"https:\\\/\\\/x.com\\\/Displam\",\"https:\\\/\\\/www.youtube.com\\\/channel\\\/UCHmm3HCGnpGuaQ984quISDg\"]}]}<\/script>\n<!-- \/ Yoast SEO plugin. -->","yoast_head_json":{"title":"C\u00d4NE DE S\u00c9CURIT\u00c9 JAUNE ATTENTION-PLANCHER MOUILL\u00c9 25 \u00be'' | Distributions Pla-M","robots":{"index":"index","follow":"follow","max-snippet":"max-snippet:-1","max-image-preview":"max-image-preview:large","max-video-preview":"max-video-preview:-1"},"canonical":"https:\/\/plamdistributions.com\/en\/produit\/cone-de-securite-jaune-attention-plancher-mouille-25-\u00be\/","og_locale":"es_ES","og_type":"article","og_title":"C\u00d4NE DE S\u00c9CURIT\u00c9 JAUNE ATTENTION-PLANCHER MOUILL\u00c9 25 \u00be'' | Distributions Pla-M","og_description":"Code: SYE-RU627777Y Le c\u00f4ne de s\u00e9curit\u00e9 multilingue offre une finition jaune haute visibilit\u00e9 pour alerter le personnel et les clients","og_url":"https:\/\/plamdistributions.com\/en\/produit\/cone-de-securite-jaune-attention-plancher-mouille-25-\u00be\/","og_site_name":"Distributions Pla-M","article_publisher":"https:\/\/www.facebook.com\/displam\/","article_modified_time":"2024-01-17T16:15:55+00:00","og_image":[{"width":600,"height":600,"url":"https:\/\/plamdistributions.com\/wp-content\/uploads\/2021\/05\/SYE-FG627777Y.jpg","type":"image\/jpeg"}],"twitter_card":"summary_large_image","twitter_site":"@Displam","schema":{"@context":"https:\/\/schema.org","@graph":[{"@type":"WebPage","@id":"https:\/\/plamdistributions.com\/en\/produit\/cone-de-securite-jaune-attention-plancher-mouille-25-%c2%be\/","url":"https:\/\/plamdistributions.com\/en\/produit\/cone-de-securite-jaune-attention-plancher-mouille-25-%c2%be\/","name":"C\u00d4NE DE S\u00c9CURIT\u00c9 JAUNE ATTENTION-PLANCHER MOUILL\u00c9 25 \u00be'' | Distributions Pla-M","isPartOf":{"@id":"https:\/\/plamdistributions.com\/en\/#website"},"primaryImageOfPage":{"@id":"https:\/\/plamdistributions.com\/en\/produit\/cone-de-securite-jaune-attention-plancher-mouille-25-%c2%be\/#primaryimage"},"image":{"@id":"https:\/\/plamdistributions.com\/en\/produit\/cone-de-securite-jaune-attention-plancher-mouille-25-%c2%be\/#primaryimage"},"thumbnailUrl":"https:\/\/plamdistributions.com\/wp-content\/uploads\/2021\/05\/SYE-FG627777Y.jpg","datePublished":"2021-05-21T18:58:36+00:00","dateModified":"2024-01-17T16:15:55+00:00","breadcrumb":{"@id":"https:\/\/plamdistributions.com\/en\/produit\/cone-de-securite-jaune-attention-plancher-mouille-25-%c2%be\/#breadcrumb"},"inLanguage":"es","potentialAction":[{"@type":"ReadAction","target":["https:\/\/plamdistributions.com\/en\/produit\/cone-de-securite-jaune-attention-plancher-mouille-25-%c2%be\/"]}]},{"@type":"ImageObject","inLanguage":"es","@id":"https:\/\/plamdistributions.com\/en\/produit\/cone-de-securite-jaune-attention-plancher-mouille-25-%c2%be\/#primaryimage","url":"https:\/\/plamdistributions.com\/wp-content\/uploads\/2021\/05\/SYE-FG627777Y.jpg","contentUrl":"https:\/\/plamdistributions.com\/wp-content\/uploads\/2021\/05\/SYE-FG627777Y.jpg","width":600,"height":600},{"@type":"BreadcrumbList","@id":"https:\/\/plamdistributions.com\/en\/produit\/cone-de-securite-jaune-attention-plancher-mouille-25-%c2%be\/#breadcrumb","itemListElement":[{"@type":"ListItem","position":1,"name":"Accueil","item":"https:\/\/plamdistributions.com\/es\/"},{"@type":"ListItem","position":2,"name":"Tienda","item":"https:\/\/plamdistributions.com\/es\/tienda\/"},{"@type":"ListItem","position":3,"name":"C\u00d4NE DE S\u00c9CURIT\u00c9 JAUNE ATTENTION-PLANCHER MOUILL\u00c9 25 \u00be&#8221;"}]},{"@type":"WebSite","@id":"https:\/\/plamdistributions.com\/en\/#website","url":"https:\/\/plamdistributions.com\/en\/","name":"Distributions Pla-M Inc.","description":"Venta de productos y equipos sanitarios","publisher":{"@id":"https:\/\/plamdistributions.com\/en\/#organization"},"potentialAction":[{"@type":"SearchAction","target":{"@type":"EntryPoint","urlTemplate":"https:\/\/plamdistributions.com\/en\/?s={search_term_string}"},"query-input":{"@type":"PropertyValueSpecification","valueRequired":true,"valueName":"search_term_string"}}],"inLanguage":"es"},{"@type":"Organization","@id":"https:\/\/plamdistributions.com\/en\/#organization","name":"Distributions Pla-M","url":"https:\/\/plamdistributions.com\/en\/","logo":{"@type":"ImageObject","inLanguage":"es","@id":"https:\/\/plamdistributions.com\/en\/#\/schema\/logo\/image\/","url":"https:\/\/plamdistributions.com\/wp-content\/uploads\/2021\/05\/PLAM-SANS.png","contentUrl":"https:\/\/plamdistributions.com\/wp-content\/uploads\/2021\/05\/PLAM-SANS.png","width":289,"height":224,"caption":"Distributions Pla-M"},"image":{"@id":"https:\/\/plamdistributions.com\/en\/#\/schema\/logo\/image\/"},"sameAs":["https:\/\/www.facebook.com\/displam\/","https:\/\/x.com\/Displam","https:\/\/www.youtube.com\/channel\/UCHmm3HCGnpGuaQ984quISDg"]}]}},"_links":{"self":[{"href":"https:\/\/plamdistributions.com\/es\/wp-json\/wp\/v2\/product\/25778","targetHints":{"allow":["GET"]}}],"collection":[{"href":"https:\/\/plamdistributions.com\/es\/wp-json\/wp\/v2\/product"}],"about":[{"href":"https:\/\/plamdistributions.com\/es\/wp-json\/wp\/v2\/types\/product"}],"replies":[{"embeddable":true,"href":"https:\/\/plamdistributions.com\/es\/wp-json\/wp\/v2\/comments?post=25778"}],"wp:featuredmedia":[{"embeddable":true,"href":"https:\/\/plamdistributions.com\/es\/wp-json\/wp\/v2\/media\/25777"}],"wp:attachment":[{"href":"https:\/\/plamdistributions.com\/es\/wp-json\/wp\/v2\/media?parent=25778"}],"wp:term":[{"taxonomy":"product_brand","embeddable":true,"href":"https:\/\/plamdistributions.com\/es\/wp-json\/wp\/v2\/product_brand?post=25778"},{"taxonomy":"product_cat","embeddable":true,"href":"https:\/\/plamdistributions.com\/es\/wp-json\/wp\/v2\/product_cat?post=25778"},{"taxonomy":"product_tag","embeddable":true,"href":"https:\/\/plamdistributions.com\/es\/wp-json\/wp\/v2\/product_tag?post=25778"}],"curies":[{"name":"wp","href":"https:\/\/api.w.org\/{rel}","templated":true}]}}