{"id":25985,"date":"2021-05-21T15:00:17","date_gmt":"2021-05-21T19:00:17","guid":{"rendered":"https:\/\/plamdistributions.com\/produit\/super-crem-2000-savon-avec-pierre-ponce\/"},"modified":"2026-01-05T12:47:22","modified_gmt":"2026-01-05T16:47:22","slug":"super-crem-2000-savon-avec-pierre-ponce","status":"publish","type":"product","link":"https:\/\/plamdistributions.com\/es\/produit\/super-crem-2000-savon-avec-pierre-ponce\/","title":{"rendered":"SAVON MAIN SANS EAU CERISE PIERRE-PONCE 4LTS"},"content":{"rendered":"<p><strong>Code: UNICAC2004<\/strong><\/p>\n<p>Super crem 2000 est un nettoyant \u00e0 mains \u00e0 base de solvant qui enl\u00e8vre facilement graisse, cire, encre, goudron, salet\u00e9, carbone, adh\u00e9sif, asphalte, gomme d&#8217;\u00e9pinette, etc. Nettoie les taches sur les v\u00eatements et cuirette d&#8217;autos.<\/p>\n<h4 class=\"sous-titre\"><span class=\"badge bg-vert\">\u2713 Fabricant: Unica Canada<\/span><\/h4>\n","protected":false},"excerpt":{"rendered":"<p>Code: UNICAC2004 Super crem 2000 est un nettoyant \u00e0 mains \u00e0 base de solvant qui enl\u00e8vre facilement graisse, cire, encre,<\/p>\n","protected":false},"featured_media":37357,"comment_status":"closed","ping_status":"closed","template":"","meta":[],"product_brand":[],"product_cat":[62,104],"product_tag":[],"class_list":{"0":"post-25985","1":"product","2":"type-product","3":"status-publish","4":"has-post-thumbnail","6":"product_cat-produits-dentretien-menager","7":"product_cat-soins-de-la-peau","8":"product_shipping_class-standard","10":"first","11":"onbackorder","12":"featured","13":"taxable","14":"shipping-taxable","15":"purchasable","16":"product-type-simple"},"yoast_head":"<!-- This site is optimized with the Yoast SEO plugin v27.4 - https:\/\/yoast.com\/product\/yoast-seo-wordpress\/ -->\n<title>SAVON MAIN SANS EAU CERISE PIERRE-PONCE 4LTS | Distributions Pla-M<\/title>\n<meta name=\"robots\" content=\"index, follow, max-snippet:-1, max-image-preview:large, max-video-preview:-1\" \/>\n<link rel=\"canonical\" href=\"https:\/\/plamdistributions.com\/produit\/super-crem-2000-savon-avec-pierre-ponce\/\" \/>\n<meta property=\"og:locale\" content=\"es_ES\" \/>\n<meta property=\"og:type\" content=\"article\" \/>\n<meta property=\"og:title\" content=\"SAVON MAIN SANS EAU CERISE PIERRE-PONCE 4LTS | Distributions Pla-M\" \/>\n<meta property=\"og:description\" content=\"Code: UNICAC2004 Super crem 2000 est un nettoyant \u00e0 mains \u00e0 base de solvant qui enl\u00e8vre facilement graisse, cire, encre,\" \/>\n<meta property=\"og:url\" content=\"https:\/\/plamdistributions.com\/produit\/super-crem-2000-savon-avec-pierre-ponce\/\" \/>\n<meta property=\"og:site_name\" content=\"Distributions Pla-M\" \/>\n<meta property=\"article:publisher\" content=\"https:\/\/www.facebook.com\/displam\/\" \/>\n<meta property=\"article:modified_time\" content=\"2026-01-05T16:47:22+00:00\" \/>\n<meta property=\"og:image\" content=\"https:\/\/plamdistributions.com\/wp-content\/uploads\/2021\/05\/UNICAC2004-2000-Super-Crem-cerise-Nettoyant-a-mains-pour-mecaniciens.jpg\" \/>\n\t<meta property=\"og:image:width\" content=\"700\" \/>\n\t<meta property=\"og:image:height\" content=\"700\" \/>\n\t<meta property=\"og:image:type\" content=\"image\/jpeg\" \/>\n<meta name=\"twitter:card\" content=\"summary_large_image\" \/>\n<meta name=\"twitter:site\" content=\"@Displam\" \/>\n<script type=\"application\/ld+json\" class=\"yoast-schema-graph\">{\"@context\":\"https:\\\/\\\/schema.org\",\"@graph\":[{\"@type\":\"WebPage\",\"@id\":\"https:\\\/\\\/plamdistributions.com\\\/produit\\\/super-crem-2000-savon-avec-pierre-ponce\\\/\",\"url\":\"https:\\\/\\\/plamdistributions.com\\\/produit\\\/super-crem-2000-savon-avec-pierre-ponce\\\/\",\"name\":\"SAVON MAIN SANS EAU CERISE PIERRE-PONCE 4LTS | Distributions Pla-M\",\"isPartOf\":{\"@id\":\"https:\\\/\\\/plamdistributions.com\\\/#website\"},\"primaryImageOfPage\":{\"@id\":\"https:\\\/\\\/plamdistributions.com\\\/produit\\\/super-crem-2000-savon-avec-pierre-ponce\\\/#primaryimage\"},\"image\":{\"@id\":\"https:\\\/\\\/plamdistributions.com\\\/produit\\\/super-crem-2000-savon-avec-pierre-ponce\\\/#primaryimage\"},\"thumbnailUrl\":\"https:\\\/\\\/plamdistributions.com\\\/wp-content\\\/uploads\\\/2021\\\/05\\\/UNICAC2004-2000-Super-Crem-cerise-Nettoyant-a-mains-pour-mecaniciens.jpg\",\"datePublished\":\"2021-05-21T19:00:17+00:00\",\"dateModified\":\"2026-01-05T16:47:22+00:00\",\"breadcrumb\":{\"@id\":\"https:\\\/\\\/plamdistributions.com\\\/produit\\\/super-crem-2000-savon-avec-pierre-ponce\\\/#breadcrumb\"},\"inLanguage\":\"es\",\"potentialAction\":[{\"@type\":\"ReadAction\",\"target\":[\"https:\\\/\\\/plamdistributions.com\\\/produit\\\/super-crem-2000-savon-avec-pierre-ponce\\\/\"]}]},{\"@type\":\"ImageObject\",\"inLanguage\":\"es\",\"@id\":\"https:\\\/\\\/plamdistributions.com\\\/produit\\\/super-crem-2000-savon-avec-pierre-ponce\\\/#primaryimage\",\"url\":\"https:\\\/\\\/plamdistributions.com\\\/wp-content\\\/uploads\\\/2021\\\/05\\\/UNICAC2004-2000-Super-Crem-cerise-Nettoyant-a-mains-pour-mecaniciens.jpg\",\"contentUrl\":\"https:\\\/\\\/plamdistributions.com\\\/wp-content\\\/uploads\\\/2021\\\/05\\\/UNICAC2004-2000-Super-Crem-cerise-Nettoyant-a-mains-pour-mecaniciens.jpg\",\"width\":700,\"height\":700,\"caption\":\"Nettoyant \u00e0 mains \u00e0 base de solvant pour m\u00e9caniciens\"},{\"@type\":\"BreadcrumbList\",\"@id\":\"https:\\\/\\\/plamdistributions.com\\\/produit\\\/super-crem-2000-savon-avec-pierre-ponce\\\/#breadcrumb\",\"itemListElement\":[{\"@type\":\"ListItem\",\"position\":1,\"name\":\"Accueil\",\"item\":\"https:\\\/\\\/plamdistributions.com\\\/es\\\/\"},{\"@type\":\"ListItem\",\"position\":2,\"name\":\"Tienda\",\"item\":\"https:\\\/\\\/plamdistributions.com\\\/es\\\/tienda\\\/\"},{\"@type\":\"ListItem\",\"position\":3,\"name\":\"SAVON MAIN SANS EAU CERISE PIERRE-PONCE 4LTS\"}]},{\"@type\":\"WebSite\",\"@id\":\"https:\\\/\\\/plamdistributions.com\\\/#website\",\"url\":\"https:\\\/\\\/plamdistributions.com\\\/\",\"name\":\"Distributions Pla-M Inc.\",\"description\":\"Venta de productos y equipos sanitarios\",\"publisher\":{\"@id\":\"https:\\\/\\\/plamdistributions.com\\\/#organization\"},\"potentialAction\":[{\"@type\":\"SearchAction\",\"target\":{\"@type\":\"EntryPoint\",\"urlTemplate\":\"https:\\\/\\\/plamdistributions.com\\\/?s={search_term_string}\"},\"query-input\":{\"@type\":\"PropertyValueSpecification\",\"valueRequired\":true,\"valueName\":\"search_term_string\"}}],\"inLanguage\":\"es\"},{\"@type\":\"Organization\",\"@id\":\"https:\\\/\\\/plamdistributions.com\\\/#organization\",\"name\":\"Distributions Pla-M\",\"url\":\"https:\\\/\\\/plamdistributions.com\\\/\",\"logo\":{\"@type\":\"ImageObject\",\"inLanguage\":\"es\",\"@id\":\"https:\\\/\\\/plamdistributions.com\\\/#\\\/schema\\\/logo\\\/image\\\/\",\"url\":\"https:\\\/\\\/plamdistributions.com\\\/wp-content\\\/uploads\\\/2021\\\/05\\\/PLAM-SANS.png\",\"contentUrl\":\"https:\\\/\\\/plamdistributions.com\\\/wp-content\\\/uploads\\\/2021\\\/05\\\/PLAM-SANS.png\",\"width\":289,\"height\":224,\"caption\":\"Distributions Pla-M\"},\"image\":{\"@id\":\"https:\\\/\\\/plamdistributions.com\\\/#\\\/schema\\\/logo\\\/image\\\/\"},\"sameAs\":[\"https:\\\/\\\/www.facebook.com\\\/displam\\\/\",\"https:\\\/\\\/x.com\\\/Displam\",\"https:\\\/\\\/www.youtube.com\\\/channel\\\/UCHmm3HCGnpGuaQ984quISDg\"]}]}<\/script>\n<!-- \/ Yoast SEO plugin. -->","yoast_head_json":{"title":"SAVON MAIN SANS EAU CERISE PIERRE-PONCE 4LTS | Distributions Pla-M","robots":{"index":"index","follow":"follow","max-snippet":"max-snippet:-1","max-image-preview":"max-image-preview:large","max-video-preview":"max-video-preview:-1"},"canonical":"https:\/\/plamdistributions.com\/produit\/super-crem-2000-savon-avec-pierre-ponce\/","og_locale":"es_ES","og_type":"article","og_title":"SAVON MAIN SANS EAU CERISE PIERRE-PONCE 4LTS | Distributions Pla-M","og_description":"Code: UNICAC2004 Super crem 2000 est un nettoyant \u00e0 mains \u00e0 base de solvant qui enl\u00e8vre facilement graisse, cire, encre,","og_url":"https:\/\/plamdistributions.com\/produit\/super-crem-2000-savon-avec-pierre-ponce\/","og_site_name":"Distributions Pla-M","article_publisher":"https:\/\/www.facebook.com\/displam\/","article_modified_time":"2026-01-05T16:47:22+00:00","og_image":[{"width":700,"height":700,"url":"https:\/\/plamdistributions.com\/wp-content\/uploads\/2021\/05\/UNICAC2004-2000-Super-Crem-cerise-Nettoyant-a-mains-pour-mecaniciens.jpg","type":"image\/jpeg"}],"twitter_card":"summary_large_image","twitter_site":"@Displam","schema":{"@context":"https:\/\/schema.org","@graph":[{"@type":"WebPage","@id":"https:\/\/plamdistributions.com\/produit\/super-crem-2000-savon-avec-pierre-ponce\/","url":"https:\/\/plamdistributions.com\/produit\/super-crem-2000-savon-avec-pierre-ponce\/","name":"SAVON MAIN SANS EAU CERISE PIERRE-PONCE 4LTS | Distributions Pla-M","isPartOf":{"@id":"https:\/\/plamdistributions.com\/#website"},"primaryImageOfPage":{"@id":"https:\/\/plamdistributions.com\/produit\/super-crem-2000-savon-avec-pierre-ponce\/#primaryimage"},"image":{"@id":"https:\/\/plamdistributions.com\/produit\/super-crem-2000-savon-avec-pierre-ponce\/#primaryimage"},"thumbnailUrl":"https:\/\/plamdistributions.com\/wp-content\/uploads\/2021\/05\/UNICAC2004-2000-Super-Crem-cerise-Nettoyant-a-mains-pour-mecaniciens.jpg","datePublished":"2021-05-21T19:00:17+00:00","dateModified":"2026-01-05T16:47:22+00:00","breadcrumb":{"@id":"https:\/\/plamdistributions.com\/produit\/super-crem-2000-savon-avec-pierre-ponce\/#breadcrumb"},"inLanguage":"es","potentialAction":[{"@type":"ReadAction","target":["https:\/\/plamdistributions.com\/produit\/super-crem-2000-savon-avec-pierre-ponce\/"]}]},{"@type":"ImageObject","inLanguage":"es","@id":"https:\/\/plamdistributions.com\/produit\/super-crem-2000-savon-avec-pierre-ponce\/#primaryimage","url":"https:\/\/plamdistributions.com\/wp-content\/uploads\/2021\/05\/UNICAC2004-2000-Super-Crem-cerise-Nettoyant-a-mains-pour-mecaniciens.jpg","contentUrl":"https:\/\/plamdistributions.com\/wp-content\/uploads\/2021\/05\/UNICAC2004-2000-Super-Crem-cerise-Nettoyant-a-mains-pour-mecaniciens.jpg","width":700,"height":700,"caption":"Nettoyant \u00e0 mains \u00e0 base de solvant pour m\u00e9caniciens"},{"@type":"BreadcrumbList","@id":"https:\/\/plamdistributions.com\/produit\/super-crem-2000-savon-avec-pierre-ponce\/#breadcrumb","itemListElement":[{"@type":"ListItem","position":1,"name":"Accueil","item":"https:\/\/plamdistributions.com\/es\/"},{"@type":"ListItem","position":2,"name":"Tienda","item":"https:\/\/plamdistributions.com\/es\/tienda\/"},{"@type":"ListItem","position":3,"name":"SAVON MAIN SANS EAU CERISE PIERRE-PONCE 4LTS"}]},{"@type":"WebSite","@id":"https:\/\/plamdistributions.com\/#website","url":"https:\/\/plamdistributions.com\/","name":"Distributions Pla-M Inc.","description":"Venta de productos y equipos sanitarios","publisher":{"@id":"https:\/\/plamdistributions.com\/#organization"},"potentialAction":[{"@type":"SearchAction","target":{"@type":"EntryPoint","urlTemplate":"https:\/\/plamdistributions.com\/?s={search_term_string}"},"query-input":{"@type":"PropertyValueSpecification","valueRequired":true,"valueName":"search_term_string"}}],"inLanguage":"es"},{"@type":"Organization","@id":"https:\/\/plamdistributions.com\/#organization","name":"Distributions Pla-M","url":"https:\/\/plamdistributions.com\/","logo":{"@type":"ImageObject","inLanguage":"es","@id":"https:\/\/plamdistributions.com\/#\/schema\/logo\/image\/","url":"https:\/\/plamdistributions.com\/wp-content\/uploads\/2021\/05\/PLAM-SANS.png","contentUrl":"https:\/\/plamdistributions.com\/wp-content\/uploads\/2021\/05\/PLAM-SANS.png","width":289,"height":224,"caption":"Distributions Pla-M"},"image":{"@id":"https:\/\/plamdistributions.com\/#\/schema\/logo\/image\/"},"sameAs":["https:\/\/www.facebook.com\/displam\/","https:\/\/x.com\/Displam","https:\/\/www.youtube.com\/channel\/UCHmm3HCGnpGuaQ984quISDg"]}]}},"_links":{"self":[{"href":"https:\/\/plamdistributions.com\/es\/wp-json\/wp\/v2\/product\/25985","targetHints":{"allow":["GET"]}}],"collection":[{"href":"https:\/\/plamdistributions.com\/es\/wp-json\/wp\/v2\/product"}],"about":[{"href":"https:\/\/plamdistributions.com\/es\/wp-json\/wp\/v2\/types\/product"}],"replies":[{"embeddable":true,"href":"https:\/\/plamdistributions.com\/es\/wp-json\/wp\/v2\/comments?post=25985"}],"wp:featuredmedia":[{"embeddable":true,"href":"https:\/\/plamdistributions.com\/es\/wp-json\/wp\/v2\/media\/37357"}],"wp:attachment":[{"href":"https:\/\/plamdistributions.com\/es\/wp-json\/wp\/v2\/media?parent=25985"}],"wp:term":[{"taxonomy":"product_brand","embeddable":true,"href":"https:\/\/plamdistributions.com\/es\/wp-json\/wp\/v2\/product_brand?post=25985"},{"taxonomy":"product_cat","embeddable":true,"href":"https:\/\/plamdistributions.com\/es\/wp-json\/wp\/v2\/product_cat?post=25985"},{"taxonomy":"product_tag","embeddable":true,"href":"https:\/\/plamdistributions.com\/es\/wp-json\/wp\/v2\/product_tag?post=25985"}],"curies":[{"name":"wp","href":"https:\/\/api.w.org\/{rel}","templated":true}]}}