{"id":25989,"date":"2021-05-21T15:00:18","date_gmt":"2021-05-21T19:00:18","guid":{"rendered":"https:\/\/plamdistributions.com\/produit\/savon-a-main-super-gel-100-sans-abrasif\/"},"modified":"2026-01-05T12:47:27","modified_gmt":"2026-01-05T16:47:27","slug":"savon-a-main-super-gel-100-sans-abrasif","status":"publish","type":"product","link":"https:\/\/plamdistributions.com\/es\/produit\/savon-a-main-super-gel-100-sans-abrasif\/","title":{"rendered":"SAVON MAIN SANS EAU BLANCHE (PATE) SANS ABRASIF"},"content":{"rendered":"<p><strong>Code:\u00a0 UNICAG101 \/ UNICAG104 \/ UNICAG144<\/strong><\/p>\n<h4 class=\"sous-titre\"><span class=\"badge bg-vert\">\u2713 Blanc<\/span>\u00a0<span class=\"badge bg-vert\">\u2713 Sans abrasif<\/span>\u00a0<span class=\"badge bg-vert\">\u2713 Odeur de cerise<\/span><\/h4>\n<p class=\"text-justify\">Nettoie-mains en p\u00e2te molle de couleur blanc pouvant \u00eatre employ\u00e9 avec ou sans eau. Il enl\u00e8ve facilement graisse, cire, encre, peinture, goudron, carbone, adh\u00e9sifs, asphalte, gomme d&#8217;\u00e9pinette, etc. Nettoie taches sur v\u00eatements, cuirettes d&#8217;autos, pneus blancs. Pour m\u00e9caniciens.<\/p>\n<p><strong>\u2713 Fabricant: Unica Canada<\/strong><\/p>\n","protected":false},"excerpt":{"rendered":"<p>Code:\u00a0 UNICAG101 \/ UNICAG104 \/ UNICAG144 \u2713 Blanc\u00a0\u2713 Sans abrasif\u00a0\u2713 Odeur de cerise Nettoie-mains en p\u00e2te molle de couleur blanc<\/p>\n","protected":false},"featured_media":37346,"comment_status":"closed","ping_status":"closed","template":"","meta":[],"product_brand":[],"product_cat":[62,104],"product_tag":[],"class_list":{"0":"post-25989","1":"product","2":"type-product","3":"status-publish","4":"has-post-thumbnail","6":"product_cat-produits-dentretien-menager","7":"product_cat-soins-de-la-peau","8":"product_shipping_class-standard","10":"first","11":"onbackorder","12":"featured","13":"taxable","14":"shipping-taxable","15":"purchasable","16":"product-type-variable"},"yoast_head":"<!-- This site is optimized with the Yoast SEO plugin v27.4 - https:\/\/yoast.com\/product\/yoast-seo-wordpress\/ -->\n<title>SAVON MAIN SANS EAU BLANCHE (PATE) SANS ABRASIF | Distributions Pla-M<\/title>\n<meta name=\"robots\" content=\"index, follow, max-snippet:-1, max-image-preview:large, max-video-preview:-1\" \/>\n<link rel=\"canonical\" href=\"https:\/\/plamdistributions.com\/produit\/savon-a-main-super-gel-100-sans-abrasif\/\" \/>\n<meta property=\"og:locale\" content=\"es_ES\" \/>\n<meta property=\"og:type\" content=\"article\" \/>\n<meta property=\"og:title\" content=\"SAVON MAIN SANS EAU BLANCHE (PATE) SANS ABRASIF | Distributions Pla-M\" \/>\n<meta property=\"og:description\" content=\"Code:\u00a0 UNICAG101 \/ UNICAG104 \/ UNICAG144 \u2713 Blanc\u00a0\u2713 Sans abrasif\u00a0\u2713 Odeur de cerise Nettoie-mains en p\u00e2te molle de couleur blanc\" \/>\n<meta property=\"og:url\" content=\"https:\/\/plamdistributions.com\/produit\/savon-a-main-super-gel-100-sans-abrasif\/\" \/>\n<meta property=\"og:site_name\" content=\"Distributions Pla-M\" \/>\n<meta property=\"article:publisher\" content=\"https:\/\/www.facebook.com\/displam\/\" \/>\n<meta property=\"article:modified_time\" content=\"2026-01-05T16:47:27+00:00\" \/>\n<meta property=\"og:image\" content=\"https:\/\/plamdistributions.com\/wp-content\/uploads\/2021\/05\/UNICAG144-Super-Gel-100-Unica-Canada-nettoyant-a-mains-en-pate-Distributions-Plam.jpg\" \/>\n\t<meta property=\"og:image:width\" content=\"700\" \/>\n\t<meta property=\"og:image:height\" content=\"700\" \/>\n\t<meta property=\"og:image:type\" content=\"image\/jpeg\" \/>\n<meta name=\"twitter:card\" content=\"summary_large_image\" \/>\n<meta name=\"twitter:site\" content=\"@Displam\" \/>\n<meta name=\"twitter:label1\" content=\"Tiempo de lectura\" \/>\n\t<meta name=\"twitter:data1\" content=\"1 minuto\" \/>\n<script type=\"application\/ld+json\" class=\"yoast-schema-graph\">{\"@context\":\"https:\\\/\\\/schema.org\",\"@graph\":[{\"@type\":\"WebPage\",\"@id\":\"https:\\\/\\\/plamdistributions.com\\\/produit\\\/savon-a-main-super-gel-100-sans-abrasif\\\/\",\"url\":\"https:\\\/\\\/plamdistributions.com\\\/produit\\\/savon-a-main-super-gel-100-sans-abrasif\\\/\",\"name\":\"SAVON MAIN SANS EAU BLANCHE (PATE) SANS ABRASIF | Distributions Pla-M\",\"isPartOf\":{\"@id\":\"https:\\\/\\\/plamdistributions.com\\\/#website\"},\"primaryImageOfPage\":{\"@id\":\"https:\\\/\\\/plamdistributions.com\\\/produit\\\/savon-a-main-super-gel-100-sans-abrasif\\\/#primaryimage\"},\"image\":{\"@id\":\"https:\\\/\\\/plamdistributions.com\\\/produit\\\/savon-a-main-super-gel-100-sans-abrasif\\\/#primaryimage\"},\"thumbnailUrl\":\"https:\\\/\\\/plamdistributions.com\\\/wp-content\\\/uploads\\\/2021\\\/05\\\/UNICAG144-Super-Gel-100-Unica-Canada-nettoyant-a-mains-en-pate-Distributions-Plam.jpg\",\"datePublished\":\"2021-05-21T19:00:18+00:00\",\"dateModified\":\"2026-01-05T16:47:27+00:00\",\"breadcrumb\":{\"@id\":\"https:\\\/\\\/plamdistributions.com\\\/produit\\\/savon-a-main-super-gel-100-sans-abrasif\\\/#breadcrumb\"},\"inLanguage\":\"es\",\"potentialAction\":[{\"@type\":\"ReadAction\",\"target\":[\"https:\\\/\\\/plamdistributions.com\\\/produit\\\/savon-a-main-super-gel-100-sans-abrasif\\\/\"]}]},{\"@type\":\"ImageObject\",\"inLanguage\":\"es\",\"@id\":\"https:\\\/\\\/plamdistributions.com\\\/produit\\\/savon-a-main-super-gel-100-sans-abrasif\\\/#primaryimage\",\"url\":\"https:\\\/\\\/plamdistributions.com\\\/wp-content\\\/uploads\\\/2021\\\/05\\\/UNICAG144-Super-Gel-100-Unica-Canada-nettoyant-a-mains-en-pate-Distributions-Plam.jpg\",\"contentUrl\":\"https:\\\/\\\/plamdistributions.com\\\/wp-content\\\/uploads\\\/2021\\\/05\\\/UNICAG144-Super-Gel-100-Unica-Canada-nettoyant-a-mains-en-pate-Distributions-Plam.jpg\",\"width\":700,\"height\":700,\"caption\":\"SUPER GEL 100 Savon \u00e0 main sans abrasif 20 Litres\"},{\"@type\":\"BreadcrumbList\",\"@id\":\"https:\\\/\\\/plamdistributions.com\\\/produit\\\/savon-a-main-super-gel-100-sans-abrasif\\\/#breadcrumb\",\"itemListElement\":[{\"@type\":\"ListItem\",\"position\":1,\"name\":\"Accueil\",\"item\":\"https:\\\/\\\/plamdistributions.com\\\/es\\\/\"},{\"@type\":\"ListItem\",\"position\":2,\"name\":\"Tienda\",\"item\":\"https:\\\/\\\/plamdistributions.com\\\/es\\\/tienda\\\/\"},{\"@type\":\"ListItem\",\"position\":3,\"name\":\"SAVON MAIN SANS EAU BLANCHE (PATE) SANS ABRASIF\"}]},{\"@type\":\"WebSite\",\"@id\":\"https:\\\/\\\/plamdistributions.com\\\/#website\",\"url\":\"https:\\\/\\\/plamdistributions.com\\\/\",\"name\":\"Distributions Pla-M Inc.\",\"description\":\"Venta de productos y equipos sanitarios\",\"publisher\":{\"@id\":\"https:\\\/\\\/plamdistributions.com\\\/#organization\"},\"potentialAction\":[{\"@type\":\"SearchAction\",\"target\":{\"@type\":\"EntryPoint\",\"urlTemplate\":\"https:\\\/\\\/plamdistributions.com\\\/?s={search_term_string}\"},\"query-input\":{\"@type\":\"PropertyValueSpecification\",\"valueRequired\":true,\"valueName\":\"search_term_string\"}}],\"inLanguage\":\"es\"},{\"@type\":\"Organization\",\"@id\":\"https:\\\/\\\/plamdistributions.com\\\/#organization\",\"name\":\"Distributions Pla-M\",\"url\":\"https:\\\/\\\/plamdistributions.com\\\/\",\"logo\":{\"@type\":\"ImageObject\",\"inLanguage\":\"es\",\"@id\":\"https:\\\/\\\/plamdistributions.com\\\/#\\\/schema\\\/logo\\\/image\\\/\",\"url\":\"https:\\\/\\\/plamdistributions.com\\\/wp-content\\\/uploads\\\/2021\\\/05\\\/PLAM-SANS.png\",\"contentUrl\":\"https:\\\/\\\/plamdistributions.com\\\/wp-content\\\/uploads\\\/2021\\\/05\\\/PLAM-SANS.png\",\"width\":289,\"height\":224,\"caption\":\"Distributions Pla-M\"},\"image\":{\"@id\":\"https:\\\/\\\/plamdistributions.com\\\/#\\\/schema\\\/logo\\\/image\\\/\"},\"sameAs\":[\"https:\\\/\\\/www.facebook.com\\\/displam\\\/\",\"https:\\\/\\\/x.com\\\/Displam\",\"https:\\\/\\\/www.youtube.com\\\/channel\\\/UCHmm3HCGnpGuaQ984quISDg\"]}]}<\/script>\n<!-- \/ Yoast SEO plugin. -->","yoast_head_json":{"title":"SAVON MAIN SANS EAU BLANCHE (PATE) SANS ABRASIF | Distributions Pla-M","robots":{"index":"index","follow":"follow","max-snippet":"max-snippet:-1","max-image-preview":"max-image-preview:large","max-video-preview":"max-video-preview:-1"},"canonical":"https:\/\/plamdistributions.com\/produit\/savon-a-main-super-gel-100-sans-abrasif\/","og_locale":"es_ES","og_type":"article","og_title":"SAVON MAIN SANS EAU BLANCHE (PATE) SANS ABRASIF | Distributions Pla-M","og_description":"Code:\u00a0 UNICAG101 \/ UNICAG104 \/ UNICAG144 \u2713 Blanc\u00a0\u2713 Sans abrasif\u00a0\u2713 Odeur de cerise Nettoie-mains en p\u00e2te molle de couleur blanc","og_url":"https:\/\/plamdistributions.com\/produit\/savon-a-main-super-gel-100-sans-abrasif\/","og_site_name":"Distributions Pla-M","article_publisher":"https:\/\/www.facebook.com\/displam\/","article_modified_time":"2026-01-05T16:47:27+00:00","og_image":[{"width":700,"height":700,"url":"https:\/\/plamdistributions.com\/wp-content\/uploads\/2021\/05\/UNICAG144-Super-Gel-100-Unica-Canada-nettoyant-a-mains-en-pate-Distributions-Plam.jpg","type":"image\/jpeg"}],"twitter_card":"summary_large_image","twitter_site":"@Displam","twitter_misc":{"Tiempo de lectura":"1 minuto"},"schema":{"@context":"https:\/\/schema.org","@graph":[{"@type":"WebPage","@id":"https:\/\/plamdistributions.com\/produit\/savon-a-main-super-gel-100-sans-abrasif\/","url":"https:\/\/plamdistributions.com\/produit\/savon-a-main-super-gel-100-sans-abrasif\/","name":"SAVON MAIN SANS EAU BLANCHE (PATE) SANS ABRASIF | Distributions Pla-M","isPartOf":{"@id":"https:\/\/plamdistributions.com\/#website"},"primaryImageOfPage":{"@id":"https:\/\/plamdistributions.com\/produit\/savon-a-main-super-gel-100-sans-abrasif\/#primaryimage"},"image":{"@id":"https:\/\/plamdistributions.com\/produit\/savon-a-main-super-gel-100-sans-abrasif\/#primaryimage"},"thumbnailUrl":"https:\/\/plamdistributions.com\/wp-content\/uploads\/2021\/05\/UNICAG144-Super-Gel-100-Unica-Canada-nettoyant-a-mains-en-pate-Distributions-Plam.jpg","datePublished":"2021-05-21T19:00:18+00:00","dateModified":"2026-01-05T16:47:27+00:00","breadcrumb":{"@id":"https:\/\/plamdistributions.com\/produit\/savon-a-main-super-gel-100-sans-abrasif\/#breadcrumb"},"inLanguage":"es","potentialAction":[{"@type":"ReadAction","target":["https:\/\/plamdistributions.com\/produit\/savon-a-main-super-gel-100-sans-abrasif\/"]}]},{"@type":"ImageObject","inLanguage":"es","@id":"https:\/\/plamdistributions.com\/produit\/savon-a-main-super-gel-100-sans-abrasif\/#primaryimage","url":"https:\/\/plamdistributions.com\/wp-content\/uploads\/2021\/05\/UNICAG144-Super-Gel-100-Unica-Canada-nettoyant-a-mains-en-pate-Distributions-Plam.jpg","contentUrl":"https:\/\/plamdistributions.com\/wp-content\/uploads\/2021\/05\/UNICAG144-Super-Gel-100-Unica-Canada-nettoyant-a-mains-en-pate-Distributions-Plam.jpg","width":700,"height":700,"caption":"SUPER GEL 100 Savon \u00e0 main sans abrasif 20 Litres"},{"@type":"BreadcrumbList","@id":"https:\/\/plamdistributions.com\/produit\/savon-a-main-super-gel-100-sans-abrasif\/#breadcrumb","itemListElement":[{"@type":"ListItem","position":1,"name":"Accueil","item":"https:\/\/plamdistributions.com\/es\/"},{"@type":"ListItem","position":2,"name":"Tienda","item":"https:\/\/plamdistributions.com\/es\/tienda\/"},{"@type":"ListItem","position":3,"name":"SAVON MAIN SANS EAU BLANCHE (PATE) SANS ABRASIF"}]},{"@type":"WebSite","@id":"https:\/\/plamdistributions.com\/#website","url":"https:\/\/plamdistributions.com\/","name":"Distributions Pla-M Inc.","description":"Venta de productos y equipos sanitarios","publisher":{"@id":"https:\/\/plamdistributions.com\/#organization"},"potentialAction":[{"@type":"SearchAction","target":{"@type":"EntryPoint","urlTemplate":"https:\/\/plamdistributions.com\/?s={search_term_string}"},"query-input":{"@type":"PropertyValueSpecification","valueRequired":true,"valueName":"search_term_string"}}],"inLanguage":"es"},{"@type":"Organization","@id":"https:\/\/plamdistributions.com\/#organization","name":"Distributions Pla-M","url":"https:\/\/plamdistributions.com\/","logo":{"@type":"ImageObject","inLanguage":"es","@id":"https:\/\/plamdistributions.com\/#\/schema\/logo\/image\/","url":"https:\/\/plamdistributions.com\/wp-content\/uploads\/2021\/05\/PLAM-SANS.png","contentUrl":"https:\/\/plamdistributions.com\/wp-content\/uploads\/2021\/05\/PLAM-SANS.png","width":289,"height":224,"caption":"Distributions Pla-M"},"image":{"@id":"https:\/\/plamdistributions.com\/#\/schema\/logo\/image\/"},"sameAs":["https:\/\/www.facebook.com\/displam\/","https:\/\/x.com\/Displam","https:\/\/www.youtube.com\/channel\/UCHmm3HCGnpGuaQ984quISDg"]}]}},"_links":{"self":[{"href":"https:\/\/plamdistributions.com\/es\/wp-json\/wp\/v2\/product\/25989","targetHints":{"allow":["GET"]}}],"collection":[{"href":"https:\/\/plamdistributions.com\/es\/wp-json\/wp\/v2\/product"}],"about":[{"href":"https:\/\/plamdistributions.com\/es\/wp-json\/wp\/v2\/types\/product"}],"replies":[{"embeddable":true,"href":"https:\/\/plamdistributions.com\/es\/wp-json\/wp\/v2\/comments?post=25989"}],"wp:featuredmedia":[{"embeddable":true,"href":"https:\/\/plamdistributions.com\/es\/wp-json\/wp\/v2\/media\/37346"}],"wp:attachment":[{"href":"https:\/\/plamdistributions.com\/es\/wp-json\/wp\/v2\/media?parent=25989"}],"wp:term":[{"taxonomy":"product_brand","embeddable":true,"href":"https:\/\/plamdistributions.com\/es\/wp-json\/wp\/v2\/product_brand?post=25989"},{"taxonomy":"product_cat","embeddable":true,"href":"https:\/\/plamdistributions.com\/es\/wp-json\/wp\/v2\/product_cat?post=25989"},{"taxonomy":"product_tag","embeddable":true,"href":"https:\/\/plamdistributions.com\/es\/wp-json\/wp\/v2\/product_tag?post=25989"}],"curies":[{"name":"wp","href":"https:\/\/api.w.org\/{rel}","templated":true}]}}