{"id":26384,"date":"2021-05-21T15:03:30","date_gmt":"2021-05-21T19:03:30","guid":{"rendered":"https:\/\/plamdistributions.com\/produit\/distributeur-chiffons-desinfectantes-certainty\/"},"modified":"2026-01-05T12:02:12","modified_gmt":"2026-01-05T16:02:12","slug":"distributeur-chiffons-desinfectantes-certainty","status":"publish","type":"product","link":"https:\/\/plamdistributions.com\/es\/produit\/distributeur-chiffons-desinfectantes-certainty\/","title":{"rendered":"Distributeur chiffons d\u00e9sinfectantes CERTAINTY"},"content":{"rendered":"<p><strong>Code: DU-CRC9WALLW \/ DU-CRC9WALLS<\/strong><\/p>\n<p><strong><span class=\"JLqJ4b ChMk0b\" data-language-for-alternatives=\"fr\" data-language-to-translate-into=\"auto\" data-phrase-index=\"0\">\u2713 Plastique durable<\/span> \u2713 <span class=\"JLqJ4b ChMk0b\" data-language-for-alternatives=\"fr\" data-language-to-translate-into=\"auto\" data-phrase-index=\"2\">Entr\u00e9e \u00e0 cl\u00e9<\/span>\u00a0 \u2713 <span class=\"JLqJ4b ChMk0b\" data-language-for-alternatives=\"fr\" data-language-to-translate-into=\"auto\" data-phrase-index=\"4\">Porte battante verticale<\/span>\u00a0<\/strong><\/p>\n<p>Distributeur mural permettant de distribuer facilement les rouleaux Certainty jusqu&#8217;\u00e0 1500 lingettes.<\/p>\n<p><span class=\"JLqJ4b ChMk0b\" data-language-for-alternatives=\"fr\" data-language-to-translate-into=\"auto\" data-phrase-index=\"0\">Le distributeur de lingettes \u00e0 montage mural blanc Certainty \u2122 offre une lingette par tirage.<\/span> <span class=\"JLqJ4b ChMk0b\" data-language-for-alternatives=\"fr\" data-language-to-translate-into=\"auto\" data-phrase-index=\"1\">Ce grand distributeur offre une station centralis\u00e9e durable et pratique pour les zones \u00e0 fort trafic qui permet au personnel et aux membres de maintenir rapidement et facilement un espace propre pour que tout le monde puisse en profiter.<\/span><\/p>\n<p><strong>Produit compatible:<\/strong> <a href=\"http:\/\/plamdistributions.com\/produit\/lingettes-humides-certainty-2-rlx-de-800fls\/\"><strong>Lingettes humides CERTAINTY 2 Rlx de 800fls<\/strong><\/a><\/p>\n<div class=\"description-text d-none d-lg-block\">\n<p class=\"first-uppercase\"><strong>\u2713 Fabricant: Certainty<\/strong><\/p>\n<\/div>\n","protected":false},"excerpt":{"rendered":"<p>Code: DU-CRC9WALLW \/ DU-CRC9WALLS \u2713 Plastique durable \u2713 Entr\u00e9e \u00e0 cl\u00e9\u00a0 \u2713 Porte battante verticale\u00a0 Distributeur mural permettant de distribuer<\/p>\n","protected":false},"featured_media":26380,"comment_status":"closed","ping_status":"closed","template":"","meta":[],"product_brand":[],"product_cat":[143,306],"product_tag":[],"class_list":{"0":"post-26384","1":"product","2":"type-product","3":"status-publish","4":"has-post-thumbnail","6":"product_cat-accessoires","7":"product_cat-distributrices-et-diffuseurs","8":"product_shipping_class-standard","10":"first","11":"onbackorder","12":"featured","13":"taxable","14":"shipping-taxable","15":"purchasable","16":"product-type-variable"},"yoast_head":"<!-- This site is optimized with the Yoast SEO plugin v27.5 - https:\/\/yoast.com\/product\/yoast-seo-wordpress\/ -->\n<title>Distributeur chiffons d\u00e9sinfectantes CERTAINTY | Distributions Pla-M<\/title>\n<meta name=\"robots\" content=\"index, follow, max-snippet:-1, max-image-preview:large, max-video-preview:-1\" \/>\n<link rel=\"canonical\" href=\"https:\/\/plamdistributions.com\/produit\/distributeur-chiffons-desinfectantes-certainty\/\" \/>\n<meta property=\"og:locale\" content=\"es_ES\" \/>\n<meta property=\"og:type\" content=\"article\" \/>\n<meta property=\"og:title\" content=\"Distributeur chiffons d\u00e9sinfectantes CERTAINTY | Distributions Pla-M\" \/>\n<meta property=\"og:description\" content=\"Code: DU-CRC9WALLW \/ DU-CRC9WALLS \u2713 Plastique durable \u2713 Entr\u00e9e \u00e0 cl\u00e9\u00a0 \u2713 Porte battante verticale\u00a0 Distributeur mural permettant de distribuer\" \/>\n<meta property=\"og:url\" content=\"https:\/\/plamdistributions.com\/produit\/distributeur-chiffons-desinfectantes-certainty\/\" \/>\n<meta property=\"og:site_name\" content=\"Distributions Pla-M\" \/>\n<meta property=\"article:publisher\" content=\"https:\/\/www.facebook.com\/displam\/\" \/>\n<meta property=\"article:modified_time\" content=\"2026-01-05T16:02:12+00:00\" \/>\n<meta property=\"og:image\" content=\"https:\/\/plamdistributions.com\/wp-content\/uploads\/2021\/05\/DU-CRCWALLW-4.jpg\" \/>\n\t<meta property=\"og:image:width\" content=\"600\" \/>\n\t<meta property=\"og:image:height\" content=\"600\" \/>\n\t<meta property=\"og:image:type\" content=\"image\/jpeg\" \/>\n<meta name=\"twitter:card\" content=\"summary_large_image\" \/>\n<meta name=\"twitter:site\" content=\"@Displam\" \/>\n<meta name=\"twitter:label1\" content=\"Tiempo de lectura\" \/>\n\t<meta name=\"twitter:data1\" content=\"1 minuto\" \/>\n<script type=\"application\/ld+json\" class=\"yoast-schema-graph\">{\"@context\":\"https:\\\/\\\/schema.org\",\"@graph\":[{\"@type\":\"WebPage\",\"@id\":\"https:\\\/\\\/plamdistributions.com\\\/produit\\\/distributeur-chiffons-desinfectantes-certainty\\\/\",\"url\":\"https:\\\/\\\/plamdistributions.com\\\/produit\\\/distributeur-chiffons-desinfectantes-certainty\\\/\",\"name\":\"Distributeur chiffons d\u00e9sinfectantes CERTAINTY | Distributions Pla-M\",\"isPartOf\":{\"@id\":\"https:\\\/\\\/plamdistributions.com\\\/#website\"},\"primaryImageOfPage\":{\"@id\":\"https:\\\/\\\/plamdistributions.com\\\/produit\\\/distributeur-chiffons-desinfectantes-certainty\\\/#primaryimage\"},\"image\":{\"@id\":\"https:\\\/\\\/plamdistributions.com\\\/produit\\\/distributeur-chiffons-desinfectantes-certainty\\\/#primaryimage\"},\"thumbnailUrl\":\"https:\\\/\\\/plamdistributions.com\\\/wp-content\\\/uploads\\\/2021\\\/05\\\/DU-CRCWALLW-4.jpg\",\"datePublished\":\"2021-05-21T19:03:30+00:00\",\"dateModified\":\"2026-01-05T16:02:12+00:00\",\"breadcrumb\":{\"@id\":\"https:\\\/\\\/plamdistributions.com\\\/produit\\\/distributeur-chiffons-desinfectantes-certainty\\\/#breadcrumb\"},\"inLanguage\":\"es\",\"potentialAction\":[{\"@type\":\"ReadAction\",\"target\":[\"https:\\\/\\\/plamdistributions.com\\\/produit\\\/distributeur-chiffons-desinfectantes-certainty\\\/\"]}]},{\"@type\":\"ImageObject\",\"inLanguage\":\"es\",\"@id\":\"https:\\\/\\\/plamdistributions.com\\\/produit\\\/distributeur-chiffons-desinfectantes-certainty\\\/#primaryimage\",\"url\":\"https:\\\/\\\/plamdistributions.com\\\/wp-content\\\/uploads\\\/2021\\\/05\\\/DU-CRCWALLW-4.jpg\",\"contentUrl\":\"https:\\\/\\\/plamdistributions.com\\\/wp-content\\\/uploads\\\/2021\\\/05\\\/DU-CRCWALLW-4.jpg\",\"width\":600,\"height\":600},{\"@type\":\"BreadcrumbList\",\"@id\":\"https:\\\/\\\/plamdistributions.com\\\/produit\\\/distributeur-chiffons-desinfectantes-certainty\\\/#breadcrumb\",\"itemListElement\":[{\"@type\":\"ListItem\",\"position\":1,\"name\":\"Accueil\",\"item\":\"https:\\\/\\\/plamdistributions.com\\\/es\\\/\"},{\"@type\":\"ListItem\",\"position\":2,\"name\":\"Tienda\",\"item\":\"https:\\\/\\\/plamdistributions.com\\\/es\\\/tienda\\\/\"},{\"@type\":\"ListItem\",\"position\":3,\"name\":\"Distributeur chiffons d\u00e9sinfectantes CERTAINTY\"}]},{\"@type\":\"WebSite\",\"@id\":\"https:\\\/\\\/plamdistributions.com\\\/#website\",\"url\":\"https:\\\/\\\/plamdistributions.com\\\/\",\"name\":\"Distributions Pla-M Inc.\",\"description\":\"Venta de productos y equipos sanitarios\",\"publisher\":{\"@id\":\"https:\\\/\\\/plamdistributions.com\\\/#organization\"},\"potentialAction\":[{\"@type\":\"SearchAction\",\"target\":{\"@type\":\"EntryPoint\",\"urlTemplate\":\"https:\\\/\\\/plamdistributions.com\\\/?s={search_term_string}\"},\"query-input\":{\"@type\":\"PropertyValueSpecification\",\"valueRequired\":true,\"valueName\":\"search_term_string\"}}],\"inLanguage\":\"es\"},{\"@type\":\"Organization\",\"@id\":\"https:\\\/\\\/plamdistributions.com\\\/#organization\",\"name\":\"Distributions Pla-M\",\"url\":\"https:\\\/\\\/plamdistributions.com\\\/\",\"logo\":{\"@type\":\"ImageObject\",\"inLanguage\":\"es\",\"@id\":\"https:\\\/\\\/plamdistributions.com\\\/#\\\/schema\\\/logo\\\/image\\\/\",\"url\":\"https:\\\/\\\/plamdistributions.com\\\/wp-content\\\/uploads\\\/2021\\\/05\\\/PLAM-SANS.png\",\"contentUrl\":\"https:\\\/\\\/plamdistributions.com\\\/wp-content\\\/uploads\\\/2021\\\/05\\\/PLAM-SANS.png\",\"width\":289,\"height\":224,\"caption\":\"Distributions Pla-M\"},\"image\":{\"@id\":\"https:\\\/\\\/plamdistributions.com\\\/#\\\/schema\\\/logo\\\/image\\\/\"},\"sameAs\":[\"https:\\\/\\\/www.facebook.com\\\/displam\\\/\",\"https:\\\/\\\/x.com\\\/Displam\",\"https:\\\/\\\/www.youtube.com\\\/channel\\\/UCHmm3HCGnpGuaQ984quISDg\"]}]}<\/script>\n<!-- \/ Yoast SEO plugin. -->","yoast_head_json":{"title":"Distributeur chiffons d\u00e9sinfectantes CERTAINTY | Distributions Pla-M","robots":{"index":"index","follow":"follow","max-snippet":"max-snippet:-1","max-image-preview":"max-image-preview:large","max-video-preview":"max-video-preview:-1"},"canonical":"https:\/\/plamdistributions.com\/produit\/distributeur-chiffons-desinfectantes-certainty\/","og_locale":"es_ES","og_type":"article","og_title":"Distributeur chiffons d\u00e9sinfectantes CERTAINTY | Distributions Pla-M","og_description":"Code: DU-CRC9WALLW \/ DU-CRC9WALLS \u2713 Plastique durable \u2713 Entr\u00e9e \u00e0 cl\u00e9\u00a0 \u2713 Porte battante verticale\u00a0 Distributeur mural permettant de distribuer","og_url":"https:\/\/plamdistributions.com\/produit\/distributeur-chiffons-desinfectantes-certainty\/","og_site_name":"Distributions Pla-M","article_publisher":"https:\/\/www.facebook.com\/displam\/","article_modified_time":"2026-01-05T16:02:12+00:00","og_image":[{"width":600,"height":600,"url":"https:\/\/plamdistributions.com\/wp-content\/uploads\/2021\/05\/DU-CRCWALLW-4.jpg","type":"image\/jpeg"}],"twitter_card":"summary_large_image","twitter_site":"@Displam","twitter_misc":{"Tiempo de lectura":"1 minuto"},"schema":{"@context":"https:\/\/schema.org","@graph":[{"@type":"WebPage","@id":"https:\/\/plamdistributions.com\/produit\/distributeur-chiffons-desinfectantes-certainty\/","url":"https:\/\/plamdistributions.com\/produit\/distributeur-chiffons-desinfectantes-certainty\/","name":"Distributeur chiffons d\u00e9sinfectantes CERTAINTY | Distributions Pla-M","isPartOf":{"@id":"https:\/\/plamdistributions.com\/#website"},"primaryImageOfPage":{"@id":"https:\/\/plamdistributions.com\/produit\/distributeur-chiffons-desinfectantes-certainty\/#primaryimage"},"image":{"@id":"https:\/\/plamdistributions.com\/produit\/distributeur-chiffons-desinfectantes-certainty\/#primaryimage"},"thumbnailUrl":"https:\/\/plamdistributions.com\/wp-content\/uploads\/2021\/05\/DU-CRCWALLW-4.jpg","datePublished":"2021-05-21T19:03:30+00:00","dateModified":"2026-01-05T16:02:12+00:00","breadcrumb":{"@id":"https:\/\/plamdistributions.com\/produit\/distributeur-chiffons-desinfectantes-certainty\/#breadcrumb"},"inLanguage":"es","potentialAction":[{"@type":"ReadAction","target":["https:\/\/plamdistributions.com\/produit\/distributeur-chiffons-desinfectantes-certainty\/"]}]},{"@type":"ImageObject","inLanguage":"es","@id":"https:\/\/plamdistributions.com\/produit\/distributeur-chiffons-desinfectantes-certainty\/#primaryimage","url":"https:\/\/plamdistributions.com\/wp-content\/uploads\/2021\/05\/DU-CRCWALLW-4.jpg","contentUrl":"https:\/\/plamdistributions.com\/wp-content\/uploads\/2021\/05\/DU-CRCWALLW-4.jpg","width":600,"height":600},{"@type":"BreadcrumbList","@id":"https:\/\/plamdistributions.com\/produit\/distributeur-chiffons-desinfectantes-certainty\/#breadcrumb","itemListElement":[{"@type":"ListItem","position":1,"name":"Accueil","item":"https:\/\/plamdistributions.com\/es\/"},{"@type":"ListItem","position":2,"name":"Tienda","item":"https:\/\/plamdistributions.com\/es\/tienda\/"},{"@type":"ListItem","position":3,"name":"Distributeur chiffons d\u00e9sinfectantes CERTAINTY"}]},{"@type":"WebSite","@id":"https:\/\/plamdistributions.com\/#website","url":"https:\/\/plamdistributions.com\/","name":"Distributions Pla-M Inc.","description":"Venta de productos y equipos sanitarios","publisher":{"@id":"https:\/\/plamdistributions.com\/#organization"},"potentialAction":[{"@type":"SearchAction","target":{"@type":"EntryPoint","urlTemplate":"https:\/\/plamdistributions.com\/?s={search_term_string}"},"query-input":{"@type":"PropertyValueSpecification","valueRequired":true,"valueName":"search_term_string"}}],"inLanguage":"es"},{"@type":"Organization","@id":"https:\/\/plamdistributions.com\/#organization","name":"Distributions Pla-M","url":"https:\/\/plamdistributions.com\/","logo":{"@type":"ImageObject","inLanguage":"es","@id":"https:\/\/plamdistributions.com\/#\/schema\/logo\/image\/","url":"https:\/\/plamdistributions.com\/wp-content\/uploads\/2021\/05\/PLAM-SANS.png","contentUrl":"https:\/\/plamdistributions.com\/wp-content\/uploads\/2021\/05\/PLAM-SANS.png","width":289,"height":224,"caption":"Distributions Pla-M"},"image":{"@id":"https:\/\/plamdistributions.com\/#\/schema\/logo\/image\/"},"sameAs":["https:\/\/www.facebook.com\/displam\/","https:\/\/x.com\/Displam","https:\/\/www.youtube.com\/channel\/UCHmm3HCGnpGuaQ984quISDg"]}]}},"_links":{"self":[{"href":"https:\/\/plamdistributions.com\/es\/wp-json\/wp\/v2\/product\/26384","targetHints":{"allow":["GET"]}}],"collection":[{"href":"https:\/\/plamdistributions.com\/es\/wp-json\/wp\/v2\/product"}],"about":[{"href":"https:\/\/plamdistributions.com\/es\/wp-json\/wp\/v2\/types\/product"}],"replies":[{"embeddable":true,"href":"https:\/\/plamdistributions.com\/es\/wp-json\/wp\/v2\/comments?post=26384"}],"wp:featuredmedia":[{"embeddable":true,"href":"https:\/\/plamdistributions.com\/es\/wp-json\/wp\/v2\/media\/26380"}],"wp:attachment":[{"href":"https:\/\/plamdistributions.com\/es\/wp-json\/wp\/v2\/media?parent=26384"}],"wp:term":[{"taxonomy":"product_brand","embeddable":true,"href":"https:\/\/plamdistributions.com\/es\/wp-json\/wp\/v2\/product_brand?post=26384"},{"taxonomy":"product_cat","embeddable":true,"href":"https:\/\/plamdistributions.com\/es\/wp-json\/wp\/v2\/product_cat?post=26384"},{"taxonomy":"product_tag","embeddable":true,"href":"https:\/\/plamdistributions.com\/es\/wp-json\/wp\/v2\/product_tag?post=26384"}],"curies":[{"name":"wp","href":"https:\/\/api.w.org\/{rel}","templated":true}]}}