{"id":26420,"date":"2021-05-21T15:03:51","date_gmt":"2021-05-21T19:03:51","guid":{"rendered":"https:\/\/plamdistributions.com\/produit\/big-bang-decapant-sur-puissant-de-parall\/"},"modified":"2026-03-04T11:08:45","modified_gmt":"2026-03-04T15:08:45","slug":"big-bang-decapant-sur-puissant-de-parall","status":"publish","type":"product","link":"https:\/\/plamdistributions.com\/es\/produit\/big-bang-decapant-sur-puissant-de-parall\/","title":{"rendered":"BIG BANG d\u00e9capant sur puissant de Parall"},"content":{"rendered":"<p><strong>Code: BIGBANG4 \/ BIGBANG20\u00a0<\/strong><\/p>\n<p>D\u00e9capant \u00e0 plancher. Con\u00e7u pour les accumulations les plus lourdes. Il p\u00e9n\u00e8tre et \u00e9mulsifie le vieux fini en un temps exeptionnellement court. Sa rapidit\u00e9 d&#8217;action en fait le d\u00e9capant de l&#8217;heure, favorisant une \u00e9conomie substantielle de main d&#8217;oeuvre. Sans odeur ni vapeurs fortes.<\/p>\n<p>Mode d&#8217;emploi :<\/p>\n<ol>\n<li>M\u00e9langer BIG BANG dans de l&#8217;eau FROIDE ou ti\u00e8de selon la dilution n\u00e9cessaire.<\/li>\n<li>Appliquer la solution et laisser agir pendant quelques minutes. Ne pas laisser la solution s\u00e9cher &#8211; Garder le plancher mouill\u00e9 en ajoutant de la solution suppl\u00e9mentaire au besoin.<\/li>\n<li>R\u00e9curer le plancher avec une auto-laveuse ou une d\u00e9capeuse. Ramasser le vieux fini avec une auto-laveuse ou aspirateur \u00e0 eau.<\/li>\n<li>Rincer une premi\u00e8re fois en utilisant le neutralisant \u00e0 plancher \u00abNACID\u00bb de PARALL. Rin\u00e7age final \u00e0 l&#8217;eau claire.<\/li>\n<li>Laisser s\u00e9cher le plancher compl\u00e8tement avant d&#8217;appliquer le fini \u00e0 plancher ou le scellant.<\/li>\n<\/ol>\n<p><strong>\u2713\u00a0 Fabricant: Parall<\/strong><\/p>\n","protected":false},"excerpt":{"rendered":"<p>Code: BIGBANG4 \/ BIGBANG20\u00a0 D\u00e9capant \u00e0 plancher. Con\u00e7u pour les accumulations les plus lourdes. Il p\u00e9n\u00e8tre et \u00e9mulsifie le vieux<\/p>\n","protected":false},"featured_media":26418,"comment_status":"closed","ping_status":"closed","template":"","meta":[],"product_brand":[],"product_cat":[62,109,110],"product_tag":[],"class_list":{"0":"post-26420","1":"product","2":"type-product","3":"status-publish","4":"has-post-thumbnail","6":"product_cat-produits-dentretien-menager","7":"product_cat-produits-pour-le-nettoyage-general","8":"product_cat-produits-pour-planchers","9":"product_shipping_class-standard","11":"first","12":"instock","13":"featured","14":"taxable","15":"shipping-taxable","16":"purchasable","17":"product-type-variable"},"yoast_head":"<!-- This site is optimized with the Yoast SEO plugin v27.4 - https:\/\/yoast.com\/product\/yoast-seo-wordpress\/ -->\n<title>BIG BANG d\u00e9capant sur puissant de Parall | Distributions Pla-M<\/title>\n<meta name=\"robots\" content=\"index, follow, max-snippet:-1, max-image-preview:large, max-video-preview:-1\" \/>\n<link rel=\"canonical\" href=\"https:\/\/plamdistributions.com\/en\/produit\/big-bang-decapant-sur-puissant-de-parall\/\" \/>\n<meta property=\"og:locale\" content=\"es_ES\" \/>\n<meta property=\"og:type\" content=\"article\" \/>\n<meta property=\"og:title\" content=\"BIG BANG d\u00e9capant sur puissant de Parall | Distributions Pla-M\" \/>\n<meta property=\"og:description\" content=\"Code: BIGBANG4 \/ BIGBANG20\u00a0 D\u00e9capant \u00e0 plancher. Con\u00e7u pour les accumulations les plus lourdes. Il p\u00e9n\u00e8tre et \u00e9mulsifie le vieux\" \/>\n<meta property=\"og:url\" content=\"https:\/\/plamdistributions.com\/en\/produit\/big-bang-decapant-sur-puissant-de-parall\/\" \/>\n<meta property=\"og:site_name\" content=\"Distributions Pla-M\" \/>\n<meta property=\"article:publisher\" content=\"https:\/\/www.facebook.com\/displam\/\" \/>\n<meta property=\"article:modified_time\" content=\"2026-03-04T15:08:45+00:00\" \/>\n<meta property=\"og:image\" content=\"https:\/\/plamdistributions.com\/wp-content\/uploads\/2021\/05\/BIGBANG4.jpg\" \/>\n\t<meta property=\"og:image:width\" content=\"600\" \/>\n\t<meta property=\"og:image:height\" content=\"600\" \/>\n\t<meta property=\"og:image:type\" content=\"image\/jpeg\" \/>\n<meta name=\"twitter:card\" content=\"summary_large_image\" \/>\n<meta name=\"twitter:site\" content=\"@Displam\" \/>\n<meta name=\"twitter:label1\" content=\"Tiempo de lectura\" \/>\n\t<meta name=\"twitter:data1\" content=\"1 minuto\" \/>\n<script type=\"application\/ld+json\" class=\"yoast-schema-graph\">{\"@context\":\"https:\\\/\\\/schema.org\",\"@graph\":[{\"@type\":\"WebPage\",\"@id\":\"https:\\\/\\\/plamdistributions.com\\\/en\\\/produit\\\/big-bang-decapant-sur-puissant-de-parall\\\/\",\"url\":\"https:\\\/\\\/plamdistributions.com\\\/en\\\/produit\\\/big-bang-decapant-sur-puissant-de-parall\\\/\",\"name\":\"BIG BANG d\u00e9capant sur puissant de Parall | Distributions Pla-M\",\"isPartOf\":{\"@id\":\"https:\\\/\\\/plamdistributions.com\\\/#website\"},\"primaryImageOfPage\":{\"@id\":\"https:\\\/\\\/plamdistributions.com\\\/en\\\/produit\\\/big-bang-decapant-sur-puissant-de-parall\\\/#primaryimage\"},\"image\":{\"@id\":\"https:\\\/\\\/plamdistributions.com\\\/en\\\/produit\\\/big-bang-decapant-sur-puissant-de-parall\\\/#primaryimage\"},\"thumbnailUrl\":\"https:\\\/\\\/plamdistributions.com\\\/wp-content\\\/uploads\\\/2021\\\/05\\\/BIGBANG4.jpg\",\"datePublished\":\"2021-05-21T19:03:51+00:00\",\"dateModified\":\"2026-03-04T15:08:45+00:00\",\"breadcrumb\":{\"@id\":\"https:\\\/\\\/plamdistributions.com\\\/en\\\/produit\\\/big-bang-decapant-sur-puissant-de-parall\\\/#breadcrumb\"},\"inLanguage\":\"es\",\"potentialAction\":[{\"@type\":\"ReadAction\",\"target\":[\"https:\\\/\\\/plamdistributions.com\\\/en\\\/produit\\\/big-bang-decapant-sur-puissant-de-parall\\\/\"]}]},{\"@type\":\"ImageObject\",\"inLanguage\":\"es\",\"@id\":\"https:\\\/\\\/plamdistributions.com\\\/en\\\/produit\\\/big-bang-decapant-sur-puissant-de-parall\\\/#primaryimage\",\"url\":\"https:\\\/\\\/plamdistributions.com\\\/wp-content\\\/uploads\\\/2021\\\/05\\\/BIGBANG4.jpg\",\"contentUrl\":\"https:\\\/\\\/plamdistributions.com\\\/wp-content\\\/uploads\\\/2021\\\/05\\\/BIGBANG4.jpg\",\"width\":600,\"height\":600},{\"@type\":\"BreadcrumbList\",\"@id\":\"https:\\\/\\\/plamdistributions.com\\\/en\\\/produit\\\/big-bang-decapant-sur-puissant-de-parall\\\/#breadcrumb\",\"itemListElement\":[{\"@type\":\"ListItem\",\"position\":1,\"name\":\"Accueil\",\"item\":\"https:\\\/\\\/plamdistributions.com\\\/es\\\/\"},{\"@type\":\"ListItem\",\"position\":2,\"name\":\"Tienda\",\"item\":\"https:\\\/\\\/plamdistributions.com\\\/es\\\/tienda\\\/\"},{\"@type\":\"ListItem\",\"position\":3,\"name\":\"BIG BANG d\u00e9capant sur puissant de Parall\"}]},{\"@type\":\"WebSite\",\"@id\":\"https:\\\/\\\/plamdistributions.com\\\/#website\",\"url\":\"https:\\\/\\\/plamdistributions.com\\\/\",\"name\":\"Distributions Pla-M Inc.\",\"description\":\"Venta de productos y equipos sanitarios\",\"publisher\":{\"@id\":\"https:\\\/\\\/plamdistributions.com\\\/#organization\"},\"potentialAction\":[{\"@type\":\"SearchAction\",\"target\":{\"@type\":\"EntryPoint\",\"urlTemplate\":\"https:\\\/\\\/plamdistributions.com\\\/?s={search_term_string}\"},\"query-input\":{\"@type\":\"PropertyValueSpecification\",\"valueRequired\":true,\"valueName\":\"search_term_string\"}}],\"inLanguage\":\"es\"},{\"@type\":\"Organization\",\"@id\":\"https:\\\/\\\/plamdistributions.com\\\/#organization\",\"name\":\"Distributions Pla-M\",\"url\":\"https:\\\/\\\/plamdistributions.com\\\/\",\"logo\":{\"@type\":\"ImageObject\",\"inLanguage\":\"es\",\"@id\":\"https:\\\/\\\/plamdistributions.com\\\/#\\\/schema\\\/logo\\\/image\\\/\",\"url\":\"https:\\\/\\\/plamdistributions.com\\\/wp-content\\\/uploads\\\/2021\\\/05\\\/PLAM-SANS.png\",\"contentUrl\":\"https:\\\/\\\/plamdistributions.com\\\/wp-content\\\/uploads\\\/2021\\\/05\\\/PLAM-SANS.png\",\"width\":289,\"height\":224,\"caption\":\"Distributions Pla-M\"},\"image\":{\"@id\":\"https:\\\/\\\/plamdistributions.com\\\/#\\\/schema\\\/logo\\\/image\\\/\"},\"sameAs\":[\"https:\\\/\\\/www.facebook.com\\\/displam\\\/\",\"https:\\\/\\\/x.com\\\/Displam\",\"https:\\\/\\\/www.youtube.com\\\/channel\\\/UCHmm3HCGnpGuaQ984quISDg\"]}]}<\/script>\n<!-- \/ Yoast SEO plugin. -->","yoast_head_json":{"title":"BIG BANG d\u00e9capant sur puissant de Parall | Distributions Pla-M","robots":{"index":"index","follow":"follow","max-snippet":"max-snippet:-1","max-image-preview":"max-image-preview:large","max-video-preview":"max-video-preview:-1"},"canonical":"https:\/\/plamdistributions.com\/en\/produit\/big-bang-decapant-sur-puissant-de-parall\/","og_locale":"es_ES","og_type":"article","og_title":"BIG BANG d\u00e9capant sur puissant de Parall | Distributions Pla-M","og_description":"Code: BIGBANG4 \/ BIGBANG20\u00a0 D\u00e9capant \u00e0 plancher. Con\u00e7u pour les accumulations les plus lourdes. Il p\u00e9n\u00e8tre et \u00e9mulsifie le vieux","og_url":"https:\/\/plamdistributions.com\/en\/produit\/big-bang-decapant-sur-puissant-de-parall\/","og_site_name":"Distributions Pla-M","article_publisher":"https:\/\/www.facebook.com\/displam\/","article_modified_time":"2026-03-04T15:08:45+00:00","og_image":[{"width":600,"height":600,"url":"https:\/\/plamdistributions.com\/wp-content\/uploads\/2021\/05\/BIGBANG4.jpg","type":"image\/jpeg"}],"twitter_card":"summary_large_image","twitter_site":"@Displam","twitter_misc":{"Tiempo de lectura":"1 minuto"},"schema":{"@context":"https:\/\/schema.org","@graph":[{"@type":"WebPage","@id":"https:\/\/plamdistributions.com\/en\/produit\/big-bang-decapant-sur-puissant-de-parall\/","url":"https:\/\/plamdistributions.com\/en\/produit\/big-bang-decapant-sur-puissant-de-parall\/","name":"BIG BANG d\u00e9capant sur puissant de Parall | Distributions Pla-M","isPartOf":{"@id":"https:\/\/plamdistributions.com\/#website"},"primaryImageOfPage":{"@id":"https:\/\/plamdistributions.com\/en\/produit\/big-bang-decapant-sur-puissant-de-parall\/#primaryimage"},"image":{"@id":"https:\/\/plamdistributions.com\/en\/produit\/big-bang-decapant-sur-puissant-de-parall\/#primaryimage"},"thumbnailUrl":"https:\/\/plamdistributions.com\/wp-content\/uploads\/2021\/05\/BIGBANG4.jpg","datePublished":"2021-05-21T19:03:51+00:00","dateModified":"2026-03-04T15:08:45+00:00","breadcrumb":{"@id":"https:\/\/plamdistributions.com\/en\/produit\/big-bang-decapant-sur-puissant-de-parall\/#breadcrumb"},"inLanguage":"es","potentialAction":[{"@type":"ReadAction","target":["https:\/\/plamdistributions.com\/en\/produit\/big-bang-decapant-sur-puissant-de-parall\/"]}]},{"@type":"ImageObject","inLanguage":"es","@id":"https:\/\/plamdistributions.com\/en\/produit\/big-bang-decapant-sur-puissant-de-parall\/#primaryimage","url":"https:\/\/plamdistributions.com\/wp-content\/uploads\/2021\/05\/BIGBANG4.jpg","contentUrl":"https:\/\/plamdistributions.com\/wp-content\/uploads\/2021\/05\/BIGBANG4.jpg","width":600,"height":600},{"@type":"BreadcrumbList","@id":"https:\/\/plamdistributions.com\/en\/produit\/big-bang-decapant-sur-puissant-de-parall\/#breadcrumb","itemListElement":[{"@type":"ListItem","position":1,"name":"Accueil","item":"https:\/\/plamdistributions.com\/es\/"},{"@type":"ListItem","position":2,"name":"Tienda","item":"https:\/\/plamdistributions.com\/es\/tienda\/"},{"@type":"ListItem","position":3,"name":"BIG BANG d\u00e9capant sur puissant de Parall"}]},{"@type":"WebSite","@id":"https:\/\/plamdistributions.com\/#website","url":"https:\/\/plamdistributions.com\/","name":"Distributions Pla-M Inc.","description":"Venta de productos y equipos sanitarios","publisher":{"@id":"https:\/\/plamdistributions.com\/#organization"},"potentialAction":[{"@type":"SearchAction","target":{"@type":"EntryPoint","urlTemplate":"https:\/\/plamdistributions.com\/?s={search_term_string}"},"query-input":{"@type":"PropertyValueSpecification","valueRequired":true,"valueName":"search_term_string"}}],"inLanguage":"es"},{"@type":"Organization","@id":"https:\/\/plamdistributions.com\/#organization","name":"Distributions Pla-M","url":"https:\/\/plamdistributions.com\/","logo":{"@type":"ImageObject","inLanguage":"es","@id":"https:\/\/plamdistributions.com\/#\/schema\/logo\/image\/","url":"https:\/\/plamdistributions.com\/wp-content\/uploads\/2021\/05\/PLAM-SANS.png","contentUrl":"https:\/\/plamdistributions.com\/wp-content\/uploads\/2021\/05\/PLAM-SANS.png","width":289,"height":224,"caption":"Distributions Pla-M"},"image":{"@id":"https:\/\/plamdistributions.com\/#\/schema\/logo\/image\/"},"sameAs":["https:\/\/www.facebook.com\/displam\/","https:\/\/x.com\/Displam","https:\/\/www.youtube.com\/channel\/UCHmm3HCGnpGuaQ984quISDg"]}]}},"_links":{"self":[{"href":"https:\/\/plamdistributions.com\/es\/wp-json\/wp\/v2\/product\/26420","targetHints":{"allow":["GET"]}}],"collection":[{"href":"https:\/\/plamdistributions.com\/es\/wp-json\/wp\/v2\/product"}],"about":[{"href":"https:\/\/plamdistributions.com\/es\/wp-json\/wp\/v2\/types\/product"}],"replies":[{"embeddable":true,"href":"https:\/\/plamdistributions.com\/es\/wp-json\/wp\/v2\/comments?post=26420"}],"wp:featuredmedia":[{"embeddable":true,"href":"https:\/\/plamdistributions.com\/es\/wp-json\/wp\/v2\/media\/26418"}],"wp:attachment":[{"href":"https:\/\/plamdistributions.com\/es\/wp-json\/wp\/v2\/media?parent=26420"}],"wp:term":[{"taxonomy":"product_brand","embeddable":true,"href":"https:\/\/plamdistributions.com\/es\/wp-json\/wp\/v2\/product_brand?post=26420"},{"taxonomy":"product_cat","embeddable":true,"href":"https:\/\/plamdistributions.com\/es\/wp-json\/wp\/v2\/product_cat?post=26420"},{"taxonomy":"product_tag","embeddable":true,"href":"https:\/\/plamdistributions.com\/es\/wp-json\/wp\/v2\/product_tag?post=26420"}],"curies":[{"name":"wp","href":"https:\/\/api.w.org\/{rel}","templated":true}]}}