{"id":26557,"date":"2021-05-21T15:05:02","date_gmt":"2021-05-21T19:05:02","guid":{"rendered":"https:\/\/plamdistributions.com\/produit\/lysol-vapo-desinfectant-en-aerosol-539g\/"},"modified":"2026-03-30T09:36:43","modified_gmt":"2026-03-30T13:36:43","slug":"lysol-vapo-desinfectant-en-aerosol-539g","status":"publish","type":"product","link":"https:\/\/plamdistributions.com\/es\/produit\/lysol-vapo-desinfectant-en-aerosol-539g\/","title":{"rendered":"D\u00c9SINFECTANT EN A\u00c9ROSOL LYSOL 539G"},"content":{"rendered":"<p><strong>Code: LYSOL-896398<\/strong><\/p>\n<ul>\n<li>Vaporisateur d\u00e9sinfectant Lysol \u00e9liminant 99,9 % des virus et bact\u00e9ries dans la maison<\/li>\n<li>Une fa\u00e7on pratique de d\u00e9sinfecter les surfaces de la maison<\/li>\n<li><strong>Format\u00a0:<\/strong> 19\u00a0oz (539\u00a0g)<\/li>\n<\/ul>\n","protected":false},"excerpt":{"rendered":"<p>Germicide est un nettoyant d\u00e9sinfectant tr\u00e8s puissant et efficace pour le nettoyage et l&#8217;assainissement. Pour les planchers, murs, boiserie ou toutes surfaces lavables \u00e0 l&#8217;eau.<\/p>\n<p>Recommand\u00e9 pour les usages dans les h\u00f4pitaux, \u00e9coles bureaux, h\u00f4tels, \u00e9difices, usines et toilettes.<\/p>\n<p><strong>P\u00e9riode de contact pour d\u00e9sinfection:<\/strong> Les surfaces trait\u00e9es doivent rester mouill\u00e9es pendant 10 minutes avant de retirer l&#8217;exc\u00e8s de liquide. Pr\u00e9parer une solution fra\u00eeche pour chaque usage.<\/p>\n","protected":false},"featured_media":26556,"comment_status":"closed","ping_status":"closed","template":"","meta":[],"product_brand":[],"product_cat":[112,62],"product_tag":[],"class_list":{"0":"post-26557","1":"product","2":"type-product","3":"status-publish","4":"has-post-thumbnail","6":"product_cat-desinfection-et-asssainissants","7":"product_cat-produits-dentretien-menager","8":"product_shipping_class-standard","10":"first","11":"instock","12":"taxable","13":"shipping-taxable","14":"purchasable","15":"product-type-simple"},"yoast_head":"<!-- This site is optimized with the Yoast SEO plugin v27.4 - https:\/\/yoast.com\/product\/yoast-seo-wordpress\/ -->\n<title>D\u00c9SINFECTANT EN A\u00c9ROSOL LYSOL 539G | Distributions Pla-M<\/title>\n<meta name=\"robots\" content=\"index, follow, max-snippet:-1, max-image-preview:large, max-video-preview:-1\" \/>\n<link rel=\"canonical\" href=\"https:\/\/plamdistributions.com\/en\/produit\/lysol-vapo-desinfectant-en-aerosol-539g\/\" \/>\n<meta property=\"og:locale\" content=\"es_ES\" \/>\n<meta property=\"og:type\" content=\"article\" \/>\n<meta property=\"og:title\" content=\"D\u00c9SINFECTANT EN A\u00c9ROSOL LYSOL 539G | Distributions Pla-M\" \/>\n<meta property=\"og:description\" content=\"Germicide est un nettoyant d\u00e9sinfectant tr\u00e8s puissant et efficace pour le nettoyage et l&#039;assainissement. Pour les planchers, murs, boiserie ou toutes surfaces lavables \u00e0 l&#039;eau.  Recommand\u00e9 pour les usages dans les h\u00f4pitaux, \u00e9coles bureaux, h\u00f4tels, \u00e9difices, usines et toilettes.  P\u00e9riode de contact pour d\u00e9sinfection: Les surfaces trait\u00e9es doivent rester mouill\u00e9es pendant 10 minutes avant de retirer l&#039;exc\u00e8s de liquide. Pr\u00e9parer une solution fra\u00eeche pour chaque usage.\" \/>\n<meta property=\"og:url\" content=\"https:\/\/plamdistributions.com\/en\/produit\/lysol-vapo-desinfectant-en-aerosol-539g\/\" \/>\n<meta property=\"og:site_name\" content=\"Distributions Pla-M\" \/>\n<meta property=\"article:publisher\" content=\"https:\/\/www.facebook.com\/displam\/\" \/>\n<meta property=\"article:modified_time\" content=\"2026-03-30T13:36:43+00:00\" \/>\n<meta property=\"og:image\" content=\"https:\/\/plamdistributions.com\/wp-content\/uploads\/2021\/05\/LYSOL-896398.jpg\" \/>\n\t<meta property=\"og:image:width\" content=\"600\" \/>\n\t<meta property=\"og:image:height\" content=\"600\" \/>\n\t<meta property=\"og:image:type\" content=\"image\/jpeg\" \/>\n<meta name=\"twitter:card\" content=\"summary_large_image\" \/>\n<meta name=\"twitter:site\" content=\"@Displam\" \/>\n<script type=\"application\/ld+json\" class=\"yoast-schema-graph\">{\"@context\":\"https:\\\/\\\/schema.org\",\"@graph\":[{\"@type\":\"WebPage\",\"@id\":\"https:\\\/\\\/plamdistributions.com\\\/en\\\/produit\\\/lysol-vapo-desinfectant-en-aerosol-539g\\\/\",\"url\":\"https:\\\/\\\/plamdistributions.com\\\/en\\\/produit\\\/lysol-vapo-desinfectant-en-aerosol-539g\\\/\",\"name\":\"D\u00c9SINFECTANT EN A\u00c9ROSOL LYSOL 539G | Distributions Pla-M\",\"isPartOf\":{\"@id\":\"https:\\\/\\\/plamdistributions.com\\\/#website\"},\"primaryImageOfPage\":{\"@id\":\"https:\\\/\\\/plamdistributions.com\\\/en\\\/produit\\\/lysol-vapo-desinfectant-en-aerosol-539g\\\/#primaryimage\"},\"image\":{\"@id\":\"https:\\\/\\\/plamdistributions.com\\\/en\\\/produit\\\/lysol-vapo-desinfectant-en-aerosol-539g\\\/#primaryimage\"},\"thumbnailUrl\":\"https:\\\/\\\/plamdistributions.com\\\/wp-content\\\/uploads\\\/2021\\\/05\\\/LYSOL-896398.jpg\",\"datePublished\":\"2021-05-21T19:05:02+00:00\",\"dateModified\":\"2026-03-30T13:36:43+00:00\",\"breadcrumb\":{\"@id\":\"https:\\\/\\\/plamdistributions.com\\\/en\\\/produit\\\/lysol-vapo-desinfectant-en-aerosol-539g\\\/#breadcrumb\"},\"inLanguage\":\"es\",\"potentialAction\":[{\"@type\":\"ReadAction\",\"target\":[\"https:\\\/\\\/plamdistributions.com\\\/en\\\/produit\\\/lysol-vapo-desinfectant-en-aerosol-539g\\\/\"]}]},{\"@type\":\"ImageObject\",\"inLanguage\":\"es\",\"@id\":\"https:\\\/\\\/plamdistributions.com\\\/en\\\/produit\\\/lysol-vapo-desinfectant-en-aerosol-539g\\\/#primaryimage\",\"url\":\"https:\\\/\\\/plamdistributions.com\\\/wp-content\\\/uploads\\\/2021\\\/05\\\/LYSOL-896398.jpg\",\"contentUrl\":\"https:\\\/\\\/plamdistributions.com\\\/wp-content\\\/uploads\\\/2021\\\/05\\\/LYSOL-896398.jpg\",\"width\":600,\"height\":600},{\"@type\":\"BreadcrumbList\",\"@id\":\"https:\\\/\\\/plamdistributions.com\\\/en\\\/produit\\\/lysol-vapo-desinfectant-en-aerosol-539g\\\/#breadcrumb\",\"itemListElement\":[{\"@type\":\"ListItem\",\"position\":1,\"name\":\"Accueil\",\"item\":\"https:\\\/\\\/plamdistributions.com\\\/es\\\/\"},{\"@type\":\"ListItem\",\"position\":2,\"name\":\"Tienda\",\"item\":\"https:\\\/\\\/plamdistributions.com\\\/es\\\/tienda\\\/\"},{\"@type\":\"ListItem\",\"position\":3,\"name\":\"D\u00c9SINFECTANT EN A\u00c9ROSOL LYSOL 539G\"}]},{\"@type\":\"WebSite\",\"@id\":\"https:\\\/\\\/plamdistributions.com\\\/#website\",\"url\":\"https:\\\/\\\/plamdistributions.com\\\/\",\"name\":\"Distributions Pla-M Inc.\",\"description\":\"Venta de productos y equipos sanitarios\",\"publisher\":{\"@id\":\"https:\\\/\\\/plamdistributions.com\\\/#organization\"},\"potentialAction\":[{\"@type\":\"SearchAction\",\"target\":{\"@type\":\"EntryPoint\",\"urlTemplate\":\"https:\\\/\\\/plamdistributions.com\\\/?s={search_term_string}\"},\"query-input\":{\"@type\":\"PropertyValueSpecification\",\"valueRequired\":true,\"valueName\":\"search_term_string\"}}],\"inLanguage\":\"es\"},{\"@type\":\"Organization\",\"@id\":\"https:\\\/\\\/plamdistributions.com\\\/#organization\",\"name\":\"Distributions Pla-M\",\"url\":\"https:\\\/\\\/plamdistributions.com\\\/\",\"logo\":{\"@type\":\"ImageObject\",\"inLanguage\":\"es\",\"@id\":\"https:\\\/\\\/plamdistributions.com\\\/#\\\/schema\\\/logo\\\/image\\\/\",\"url\":\"https:\\\/\\\/plamdistributions.com\\\/wp-content\\\/uploads\\\/2021\\\/05\\\/PLAM-SANS.png\",\"contentUrl\":\"https:\\\/\\\/plamdistributions.com\\\/wp-content\\\/uploads\\\/2021\\\/05\\\/PLAM-SANS.png\",\"width\":289,\"height\":224,\"caption\":\"Distributions Pla-M\"},\"image\":{\"@id\":\"https:\\\/\\\/plamdistributions.com\\\/#\\\/schema\\\/logo\\\/image\\\/\"},\"sameAs\":[\"https:\\\/\\\/www.facebook.com\\\/displam\\\/\",\"https:\\\/\\\/x.com\\\/Displam\",\"https:\\\/\\\/www.youtube.com\\\/channel\\\/UCHmm3HCGnpGuaQ984quISDg\"]}]}<\/script>\n<!-- \/ Yoast SEO plugin. -->","yoast_head_json":{"title":"D\u00c9SINFECTANT EN A\u00c9ROSOL LYSOL 539G | Distributions Pla-M","robots":{"index":"index","follow":"follow","max-snippet":"max-snippet:-1","max-image-preview":"max-image-preview:large","max-video-preview":"max-video-preview:-1"},"canonical":"https:\/\/plamdistributions.com\/en\/produit\/lysol-vapo-desinfectant-en-aerosol-539g\/","og_locale":"es_ES","og_type":"article","og_title":"D\u00c9SINFECTANT EN A\u00c9ROSOL LYSOL 539G | Distributions Pla-M","og_description":"Germicide est un nettoyant d\u00e9sinfectant tr\u00e8s puissant et efficace pour le nettoyage et l'assainissement. Pour les planchers, murs, boiserie ou toutes surfaces lavables \u00e0 l'eau.  Recommand\u00e9 pour les usages dans les h\u00f4pitaux, \u00e9coles bureaux, h\u00f4tels, \u00e9difices, usines et toilettes.  P\u00e9riode de contact pour d\u00e9sinfection: Les surfaces trait\u00e9es doivent rester mouill\u00e9es pendant 10 minutes avant de retirer l'exc\u00e8s de liquide. Pr\u00e9parer une solution fra\u00eeche pour chaque usage.","og_url":"https:\/\/plamdistributions.com\/en\/produit\/lysol-vapo-desinfectant-en-aerosol-539g\/","og_site_name":"Distributions Pla-M","article_publisher":"https:\/\/www.facebook.com\/displam\/","article_modified_time":"2026-03-30T13:36:43+00:00","og_image":[{"width":600,"height":600,"url":"https:\/\/plamdistributions.com\/wp-content\/uploads\/2021\/05\/LYSOL-896398.jpg","type":"image\/jpeg"}],"twitter_card":"summary_large_image","twitter_site":"@Displam","schema":{"@context":"https:\/\/schema.org","@graph":[{"@type":"WebPage","@id":"https:\/\/plamdistributions.com\/en\/produit\/lysol-vapo-desinfectant-en-aerosol-539g\/","url":"https:\/\/plamdistributions.com\/en\/produit\/lysol-vapo-desinfectant-en-aerosol-539g\/","name":"D\u00c9SINFECTANT EN A\u00c9ROSOL LYSOL 539G | Distributions Pla-M","isPartOf":{"@id":"https:\/\/plamdistributions.com\/#website"},"primaryImageOfPage":{"@id":"https:\/\/plamdistributions.com\/en\/produit\/lysol-vapo-desinfectant-en-aerosol-539g\/#primaryimage"},"image":{"@id":"https:\/\/plamdistributions.com\/en\/produit\/lysol-vapo-desinfectant-en-aerosol-539g\/#primaryimage"},"thumbnailUrl":"https:\/\/plamdistributions.com\/wp-content\/uploads\/2021\/05\/LYSOL-896398.jpg","datePublished":"2021-05-21T19:05:02+00:00","dateModified":"2026-03-30T13:36:43+00:00","breadcrumb":{"@id":"https:\/\/plamdistributions.com\/en\/produit\/lysol-vapo-desinfectant-en-aerosol-539g\/#breadcrumb"},"inLanguage":"es","potentialAction":[{"@type":"ReadAction","target":["https:\/\/plamdistributions.com\/en\/produit\/lysol-vapo-desinfectant-en-aerosol-539g\/"]}]},{"@type":"ImageObject","inLanguage":"es","@id":"https:\/\/plamdistributions.com\/en\/produit\/lysol-vapo-desinfectant-en-aerosol-539g\/#primaryimage","url":"https:\/\/plamdistributions.com\/wp-content\/uploads\/2021\/05\/LYSOL-896398.jpg","contentUrl":"https:\/\/plamdistributions.com\/wp-content\/uploads\/2021\/05\/LYSOL-896398.jpg","width":600,"height":600},{"@type":"BreadcrumbList","@id":"https:\/\/plamdistributions.com\/en\/produit\/lysol-vapo-desinfectant-en-aerosol-539g\/#breadcrumb","itemListElement":[{"@type":"ListItem","position":1,"name":"Accueil","item":"https:\/\/plamdistributions.com\/es\/"},{"@type":"ListItem","position":2,"name":"Tienda","item":"https:\/\/plamdistributions.com\/es\/tienda\/"},{"@type":"ListItem","position":3,"name":"D\u00c9SINFECTANT EN A\u00c9ROSOL LYSOL 539G"}]},{"@type":"WebSite","@id":"https:\/\/plamdistributions.com\/#website","url":"https:\/\/plamdistributions.com\/","name":"Distributions Pla-M Inc.","description":"Venta de productos y equipos sanitarios","publisher":{"@id":"https:\/\/plamdistributions.com\/#organization"},"potentialAction":[{"@type":"SearchAction","target":{"@type":"EntryPoint","urlTemplate":"https:\/\/plamdistributions.com\/?s={search_term_string}"},"query-input":{"@type":"PropertyValueSpecification","valueRequired":true,"valueName":"search_term_string"}}],"inLanguage":"es"},{"@type":"Organization","@id":"https:\/\/plamdistributions.com\/#organization","name":"Distributions Pla-M","url":"https:\/\/plamdistributions.com\/","logo":{"@type":"ImageObject","inLanguage":"es","@id":"https:\/\/plamdistributions.com\/#\/schema\/logo\/image\/","url":"https:\/\/plamdistributions.com\/wp-content\/uploads\/2021\/05\/PLAM-SANS.png","contentUrl":"https:\/\/plamdistributions.com\/wp-content\/uploads\/2021\/05\/PLAM-SANS.png","width":289,"height":224,"caption":"Distributions Pla-M"},"image":{"@id":"https:\/\/plamdistributions.com\/#\/schema\/logo\/image\/"},"sameAs":["https:\/\/www.facebook.com\/displam\/","https:\/\/x.com\/Displam","https:\/\/www.youtube.com\/channel\/UCHmm3HCGnpGuaQ984quISDg"]}]}},"_links":{"self":[{"href":"https:\/\/plamdistributions.com\/es\/wp-json\/wp\/v2\/product\/26557","targetHints":{"allow":["GET"]}}],"collection":[{"href":"https:\/\/plamdistributions.com\/es\/wp-json\/wp\/v2\/product"}],"about":[{"href":"https:\/\/plamdistributions.com\/es\/wp-json\/wp\/v2\/types\/product"}],"replies":[{"embeddable":true,"href":"https:\/\/plamdistributions.com\/es\/wp-json\/wp\/v2\/comments?post=26557"}],"wp:featuredmedia":[{"embeddable":true,"href":"https:\/\/plamdistributions.com\/es\/wp-json\/wp\/v2\/media\/26556"}],"wp:attachment":[{"href":"https:\/\/plamdistributions.com\/es\/wp-json\/wp\/v2\/media?parent=26557"}],"wp:term":[{"taxonomy":"product_brand","embeddable":true,"href":"https:\/\/plamdistributions.com\/es\/wp-json\/wp\/v2\/product_brand?post=26557"},{"taxonomy":"product_cat","embeddable":true,"href":"https:\/\/plamdistributions.com\/es\/wp-json\/wp\/v2\/product_cat?post=26557"},{"taxonomy":"product_tag","embeddable":true,"href":"https:\/\/plamdistributions.com\/es\/wp-json\/wp\/v2\/product_tag?post=26557"}],"curies":[{"name":"wp","href":"https:\/\/api.w.org\/{rel}","templated":true}]}}