{"id":26616,"date":"2021-05-21T15:05:30","date_gmt":"2021-05-21T19:05:30","guid":{"rendered":"https:\/\/plamdistributions.com\/produit\/nettoyant-desinfectant-germicide-vert-u-974\/"},"modified":"2026-01-05T12:46:34","modified_gmt":"2026-01-05T16:46:34","slug":"nettoyant-desinfectant-germicide-vert-u-974","status":"publish","type":"product","link":"https:\/\/plamdistributions.com\/es\/produit\/nettoyant-desinfectant-germicide-vert-u-974\/","title":{"rendered":"Nettoyant d\u00e9sinfectant germicide vert U-974"},"content":{"rendered":"<p><strong>Code: U974 \/ U97420<\/strong><\/p>\n<p><strong>\u2713 D\u00e9graissant\u00a0 \u00a0 \u2713 D\u00e9sinfectant\u00a0 \u00a0 \u2713 Assainissant<\/strong><\/p>\n<p>DIN: 00343471<\/p>\n<p>U-974 poss\u00e8de un puissant pouvoir de d\u00e9graissage et de d\u00e9sinfection. De capacit\u00e9 institutionnelle et industrielle, il d\u00e9loge les huiles et graisses animale, v\u00e9g\u00e9tale et min\u00e9rale. ACCR\u00c9DITATIN ACIA, Agence Canadienne Inspection des Aliment. U-974 est accept\u00e9 pour usage dans les \u00e9tablissements de transformation des aliments. Nettoie, d\u00e9graisse et d\u00e9sinfecte dans l\u2019industrie agroalimentaire, coupe de viandes, fruits et l\u00e9gumes. Institutions et \u00e9tablissements de sant\u00e9 : salles de bain, douches, piscines, spa U-974 enraye les bact\u00e9ries caus\u00e9es par l\u2019humidit\u00e9 et la moisissure.<\/p>\n<p><strong>\u2713\u00a0 Fabricant: Parall<\/strong><\/p>\n","protected":false},"excerpt":{"rendered":"<p>Code: U974 \/ U97420 \u2713 D\u00e9graissant\u00a0 \u00a0 \u2713 D\u00e9sinfectant\u00a0 \u00a0 \u2713 Assainissant DIN: 00343471 U-974 poss\u00e8de un puissant pouvoir de<\/p>\n","protected":false},"featured_media":26615,"comment_status":"closed","ping_status":"closed","template":"","meta":[],"product_brand":[],"product_cat":[112,62],"product_tag":[],"class_list":{"0":"post-26616","1":"product","2":"type-product","3":"status-publish","4":"has-post-thumbnail","6":"product_cat-desinfection-et-asssainissants","7":"product_cat-produits-dentretien-menager","8":"product_shipping_class-standard","10":"first","11":"instock","12":"featured","13":"taxable","14":"shipping-taxable","15":"purchasable","16":"product-type-variable"},"yoast_head":"<!-- This site is optimized with the Yoast SEO plugin v27.5 - https:\/\/yoast.com\/product\/yoast-seo-wordpress\/ -->\n<title>Nettoyant d\u00e9sinfectant germicide vert U-974 | Distributions Pla-M<\/title>\n<meta name=\"robots\" content=\"index, follow, max-snippet:-1, max-image-preview:large, max-video-preview:-1\" \/>\n<link rel=\"canonical\" href=\"https:\/\/plamdistributions.com\/produit\/nettoyant-desinfectant-germicide-vert-u-974\/\" \/>\n<meta property=\"og:locale\" content=\"es_ES\" \/>\n<meta property=\"og:type\" content=\"article\" \/>\n<meta property=\"og:title\" content=\"Nettoyant d\u00e9sinfectant germicide vert U-974 | Distributions Pla-M\" \/>\n<meta property=\"og:description\" content=\"Code: U974 \/ U97420 \u2713 D\u00e9graissant\u00a0 \u00a0 \u2713 D\u00e9sinfectant\u00a0 \u00a0 \u2713 Assainissant DIN: 00343471 U-974 poss\u00e8de un puissant pouvoir de\" \/>\n<meta property=\"og:url\" content=\"https:\/\/plamdistributions.com\/produit\/nettoyant-desinfectant-germicide-vert-u-974\/\" \/>\n<meta property=\"og:site_name\" content=\"Distributions Pla-M\" \/>\n<meta property=\"article:publisher\" content=\"https:\/\/www.facebook.com\/displam\/\" \/>\n<meta property=\"article:modified_time\" content=\"2026-01-05T16:46:34+00:00\" \/>\n<meta property=\"og:image\" content=\"https:\/\/plamdistributions.com\/wp-content\/uploads\/2021\/05\/U974.jpg\" \/>\n\t<meta property=\"og:image:width\" content=\"600\" \/>\n\t<meta property=\"og:image:height\" content=\"600\" \/>\n\t<meta property=\"og:image:type\" content=\"image\/jpeg\" \/>\n<meta name=\"twitter:card\" content=\"summary_large_image\" \/>\n<meta name=\"twitter:site\" content=\"@Displam\" \/>\n<meta name=\"twitter:label1\" content=\"Tiempo de lectura\" \/>\n\t<meta name=\"twitter:data1\" content=\"1 minuto\" \/>\n<script type=\"application\/ld+json\" class=\"yoast-schema-graph\">{\"@context\":\"https:\\\/\\\/schema.org\",\"@graph\":[{\"@type\":\"WebPage\",\"@id\":\"https:\\\/\\\/plamdistributions.com\\\/produit\\\/nettoyant-desinfectant-germicide-vert-u-974\\\/\",\"url\":\"https:\\\/\\\/plamdistributions.com\\\/produit\\\/nettoyant-desinfectant-germicide-vert-u-974\\\/\",\"name\":\"Nettoyant d\u00e9sinfectant germicide vert U-974 | Distributions Pla-M\",\"isPartOf\":{\"@id\":\"https:\\\/\\\/plamdistributions.com\\\/#website\"},\"primaryImageOfPage\":{\"@id\":\"https:\\\/\\\/plamdistributions.com\\\/produit\\\/nettoyant-desinfectant-germicide-vert-u-974\\\/#primaryimage\"},\"image\":{\"@id\":\"https:\\\/\\\/plamdistributions.com\\\/produit\\\/nettoyant-desinfectant-germicide-vert-u-974\\\/#primaryimage\"},\"thumbnailUrl\":\"https:\\\/\\\/plamdistributions.com\\\/wp-content\\\/uploads\\\/2021\\\/05\\\/U974.jpg\",\"datePublished\":\"2021-05-21T19:05:30+00:00\",\"dateModified\":\"2026-01-05T16:46:34+00:00\",\"breadcrumb\":{\"@id\":\"https:\\\/\\\/plamdistributions.com\\\/produit\\\/nettoyant-desinfectant-germicide-vert-u-974\\\/#breadcrumb\"},\"inLanguage\":\"es\",\"potentialAction\":[{\"@type\":\"ReadAction\",\"target\":[\"https:\\\/\\\/plamdistributions.com\\\/produit\\\/nettoyant-desinfectant-germicide-vert-u-974\\\/\"]}]},{\"@type\":\"ImageObject\",\"inLanguage\":\"es\",\"@id\":\"https:\\\/\\\/plamdistributions.com\\\/produit\\\/nettoyant-desinfectant-germicide-vert-u-974\\\/#primaryimage\",\"url\":\"https:\\\/\\\/plamdistributions.com\\\/wp-content\\\/uploads\\\/2021\\\/05\\\/U974.jpg\",\"contentUrl\":\"https:\\\/\\\/plamdistributions.com\\\/wp-content\\\/uploads\\\/2021\\\/05\\\/U974.jpg\",\"width\":600,\"height\":600},{\"@type\":\"BreadcrumbList\",\"@id\":\"https:\\\/\\\/plamdistributions.com\\\/produit\\\/nettoyant-desinfectant-germicide-vert-u-974\\\/#breadcrumb\",\"itemListElement\":[{\"@type\":\"ListItem\",\"position\":1,\"name\":\"Accueil\",\"item\":\"https:\\\/\\\/plamdistributions.com\\\/es\\\/\"},{\"@type\":\"ListItem\",\"position\":2,\"name\":\"Tienda\",\"item\":\"https:\\\/\\\/plamdistributions.com\\\/es\\\/tienda\\\/\"},{\"@type\":\"ListItem\",\"position\":3,\"name\":\"Nettoyant d\u00e9sinfectant germicide vert U-974\"}]},{\"@type\":\"WebSite\",\"@id\":\"https:\\\/\\\/plamdistributions.com\\\/#website\",\"url\":\"https:\\\/\\\/plamdistributions.com\\\/\",\"name\":\"Distributions Pla-M Inc.\",\"description\":\"Venta de productos y equipos sanitarios\",\"publisher\":{\"@id\":\"https:\\\/\\\/plamdistributions.com\\\/#organization\"},\"potentialAction\":[{\"@type\":\"SearchAction\",\"target\":{\"@type\":\"EntryPoint\",\"urlTemplate\":\"https:\\\/\\\/plamdistributions.com\\\/?s={search_term_string}\"},\"query-input\":{\"@type\":\"PropertyValueSpecification\",\"valueRequired\":true,\"valueName\":\"search_term_string\"}}],\"inLanguage\":\"es\"},{\"@type\":\"Organization\",\"@id\":\"https:\\\/\\\/plamdistributions.com\\\/#organization\",\"name\":\"Distributions Pla-M\",\"url\":\"https:\\\/\\\/plamdistributions.com\\\/\",\"logo\":{\"@type\":\"ImageObject\",\"inLanguage\":\"es\",\"@id\":\"https:\\\/\\\/plamdistributions.com\\\/#\\\/schema\\\/logo\\\/image\\\/\",\"url\":\"https:\\\/\\\/plamdistributions.com\\\/wp-content\\\/uploads\\\/2021\\\/05\\\/PLAM-SANS.png\",\"contentUrl\":\"https:\\\/\\\/plamdistributions.com\\\/wp-content\\\/uploads\\\/2021\\\/05\\\/PLAM-SANS.png\",\"width\":289,\"height\":224,\"caption\":\"Distributions Pla-M\"},\"image\":{\"@id\":\"https:\\\/\\\/plamdistributions.com\\\/#\\\/schema\\\/logo\\\/image\\\/\"},\"sameAs\":[\"https:\\\/\\\/www.facebook.com\\\/displam\\\/\",\"https:\\\/\\\/x.com\\\/Displam\",\"https:\\\/\\\/www.youtube.com\\\/channel\\\/UCHmm3HCGnpGuaQ984quISDg\"]}]}<\/script>\n<!-- \/ Yoast SEO plugin. -->","yoast_head_json":{"title":"Nettoyant d\u00e9sinfectant germicide vert U-974 | Distributions Pla-M","robots":{"index":"index","follow":"follow","max-snippet":"max-snippet:-1","max-image-preview":"max-image-preview:large","max-video-preview":"max-video-preview:-1"},"canonical":"https:\/\/plamdistributions.com\/produit\/nettoyant-desinfectant-germicide-vert-u-974\/","og_locale":"es_ES","og_type":"article","og_title":"Nettoyant d\u00e9sinfectant germicide vert U-974 | Distributions Pla-M","og_description":"Code: U974 \/ U97420 \u2713 D\u00e9graissant\u00a0 \u00a0 \u2713 D\u00e9sinfectant\u00a0 \u00a0 \u2713 Assainissant DIN: 00343471 U-974 poss\u00e8de un puissant pouvoir de","og_url":"https:\/\/plamdistributions.com\/produit\/nettoyant-desinfectant-germicide-vert-u-974\/","og_site_name":"Distributions Pla-M","article_publisher":"https:\/\/www.facebook.com\/displam\/","article_modified_time":"2026-01-05T16:46:34+00:00","og_image":[{"width":600,"height":600,"url":"https:\/\/plamdistributions.com\/wp-content\/uploads\/2021\/05\/U974.jpg","type":"image\/jpeg"}],"twitter_card":"summary_large_image","twitter_site":"@Displam","twitter_misc":{"Tiempo de lectura":"1 minuto"},"schema":{"@context":"https:\/\/schema.org","@graph":[{"@type":"WebPage","@id":"https:\/\/plamdistributions.com\/produit\/nettoyant-desinfectant-germicide-vert-u-974\/","url":"https:\/\/plamdistributions.com\/produit\/nettoyant-desinfectant-germicide-vert-u-974\/","name":"Nettoyant d\u00e9sinfectant germicide vert U-974 | Distributions Pla-M","isPartOf":{"@id":"https:\/\/plamdistributions.com\/#website"},"primaryImageOfPage":{"@id":"https:\/\/plamdistributions.com\/produit\/nettoyant-desinfectant-germicide-vert-u-974\/#primaryimage"},"image":{"@id":"https:\/\/plamdistributions.com\/produit\/nettoyant-desinfectant-germicide-vert-u-974\/#primaryimage"},"thumbnailUrl":"https:\/\/plamdistributions.com\/wp-content\/uploads\/2021\/05\/U974.jpg","datePublished":"2021-05-21T19:05:30+00:00","dateModified":"2026-01-05T16:46:34+00:00","breadcrumb":{"@id":"https:\/\/plamdistributions.com\/produit\/nettoyant-desinfectant-germicide-vert-u-974\/#breadcrumb"},"inLanguage":"es","potentialAction":[{"@type":"ReadAction","target":["https:\/\/plamdistributions.com\/produit\/nettoyant-desinfectant-germicide-vert-u-974\/"]}]},{"@type":"ImageObject","inLanguage":"es","@id":"https:\/\/plamdistributions.com\/produit\/nettoyant-desinfectant-germicide-vert-u-974\/#primaryimage","url":"https:\/\/plamdistributions.com\/wp-content\/uploads\/2021\/05\/U974.jpg","contentUrl":"https:\/\/plamdistributions.com\/wp-content\/uploads\/2021\/05\/U974.jpg","width":600,"height":600},{"@type":"BreadcrumbList","@id":"https:\/\/plamdistributions.com\/produit\/nettoyant-desinfectant-germicide-vert-u-974\/#breadcrumb","itemListElement":[{"@type":"ListItem","position":1,"name":"Accueil","item":"https:\/\/plamdistributions.com\/es\/"},{"@type":"ListItem","position":2,"name":"Tienda","item":"https:\/\/plamdistributions.com\/es\/tienda\/"},{"@type":"ListItem","position":3,"name":"Nettoyant d\u00e9sinfectant germicide vert U-974"}]},{"@type":"WebSite","@id":"https:\/\/plamdistributions.com\/#website","url":"https:\/\/plamdistributions.com\/","name":"Distributions Pla-M Inc.","description":"Venta de productos y equipos sanitarios","publisher":{"@id":"https:\/\/plamdistributions.com\/#organization"},"potentialAction":[{"@type":"SearchAction","target":{"@type":"EntryPoint","urlTemplate":"https:\/\/plamdistributions.com\/?s={search_term_string}"},"query-input":{"@type":"PropertyValueSpecification","valueRequired":true,"valueName":"search_term_string"}}],"inLanguage":"es"},{"@type":"Organization","@id":"https:\/\/plamdistributions.com\/#organization","name":"Distributions Pla-M","url":"https:\/\/plamdistributions.com\/","logo":{"@type":"ImageObject","inLanguage":"es","@id":"https:\/\/plamdistributions.com\/#\/schema\/logo\/image\/","url":"https:\/\/plamdistributions.com\/wp-content\/uploads\/2021\/05\/PLAM-SANS.png","contentUrl":"https:\/\/plamdistributions.com\/wp-content\/uploads\/2021\/05\/PLAM-SANS.png","width":289,"height":224,"caption":"Distributions Pla-M"},"image":{"@id":"https:\/\/plamdistributions.com\/#\/schema\/logo\/image\/"},"sameAs":["https:\/\/www.facebook.com\/displam\/","https:\/\/x.com\/Displam","https:\/\/www.youtube.com\/channel\/UCHmm3HCGnpGuaQ984quISDg"]}]}},"_links":{"self":[{"href":"https:\/\/plamdistributions.com\/es\/wp-json\/wp\/v2\/product\/26616","targetHints":{"allow":["GET"]}}],"collection":[{"href":"https:\/\/plamdistributions.com\/es\/wp-json\/wp\/v2\/product"}],"about":[{"href":"https:\/\/plamdistributions.com\/es\/wp-json\/wp\/v2\/types\/product"}],"replies":[{"embeddable":true,"href":"https:\/\/plamdistributions.com\/es\/wp-json\/wp\/v2\/comments?post=26616"}],"wp:featuredmedia":[{"embeddable":true,"href":"https:\/\/plamdistributions.com\/es\/wp-json\/wp\/v2\/media\/26615"}],"wp:attachment":[{"href":"https:\/\/plamdistributions.com\/es\/wp-json\/wp\/v2\/media?parent=26616"}],"wp:term":[{"taxonomy":"product_brand","embeddable":true,"href":"https:\/\/plamdistributions.com\/es\/wp-json\/wp\/v2\/product_brand?post=26616"},{"taxonomy":"product_cat","embeddable":true,"href":"https:\/\/plamdistributions.com\/es\/wp-json\/wp\/v2\/product_cat?post=26616"},{"taxonomy":"product_tag","embeddable":true,"href":"https:\/\/plamdistributions.com\/es\/wp-json\/wp\/v2\/product_tag?post=26616"}],"curies":[{"name":"wp","href":"https:\/\/api.w.org\/{rel}","templated":true}]}}