{"id":28875,"date":"2021-05-21T14:34:19","date_gmt":"2021-08-10T15:31:42","guid":{"rendered":"https:\/\/plamdistributions.com\/produit\/aspiradora-dorsal-clarke-comfort-pak-6-pak-10\/"},"modified":"2022-06-15T09:54:39","modified_gmt":"2022-06-15T13:54:39","slug":"aspiradora-dorsal-clarke-comfort-pak-6-pak-10","status":"publish","type":"product","link":"https:\/\/plamdistributions.com\/es\/produit\/aspiradora-dorsal-clarke-comfort-pak-6-pak-10\/","title":{"rendered":"Aspiradora dorsal Clarke Comfort Pak 6\/ Pak 10"},"content":{"rendered":"<p><strong>C\u00f3digo: ASD-CK9060610010 \/ ASD-CK9060707010<\/strong><\/p>\n<p>La primera aspiradora con recipiente verdaderamente c\u00f3moda. Dise\u00f1ada por mochileros, la aspiradora de mochila Clarke Comfort Pak es la primera aspiradora de recipiente verdaderamente c\u00f3moda.<\/p>\n<p>Las correas acolchadas para los hombros y el innovador soporte lumbar brindan una estabilidad c\u00f3moda, distribuyendo el peso a lo largo de la cadera como una mochila bien dise\u00f1ada. Tambi\u00e9n es estable y ligero con un marco ergon\u00f3mico, lo que permite una f\u00e1cil maniobrabilidad alrededor de muebles y obst\u00e1culos.<\/p>\n<p>Demostrado superior mediante pruebas independientes. La firma sueca de consultor\u00eda de ergonom\u00eda y pruebas de ergonom\u00eda TVA compar\u00f3 las aspiradoras de mochila Clarke Comfort Pak con otras tres marcas importantes de aspiradoras de mochila. El ensayo concluy\u00f3 que el Comfort Pak era \u00abmejor que las aspiradoras de mochila rivales en todos los criterios de dise\u00f1o\u00bb Esta evaluaci\u00f3n ergon\u00f3mica tambi\u00e9n destac\u00f3 la importancia del peso ligero del Comfort Pak y el dise\u00f1o general del arn\u00e9s para minimizar el estr\u00e9s y la fatiga en el cuerpo.<\/p>\n<ul>\n<li>El innovador sistema de cierre de la bolsa filtrante permite cambiar las bolsas f\u00e1cilmente y sin da\u00f1os;<\/li>\n<li>Silencioso, 62bB El nivel de sonido es m\u00e1s silencioso que la mayor\u00eda de los competidores;<\/li>\n<li>Capacidad de 6 o 10 litros correspondiente al tama\u00f1o y fuerza del operador;<\/li>\n<li>La filtraci\u00f3n de 4 etapas, HEPA opcional, minimiza el polvo;<\/li>\n<li>La manguera giratoria permite la operaci\u00f3n hacia la izquierda o hacia la derecha para una f\u00e1cil versatilidad;<\/li>\n<li>El dise\u00f1o \u00fanico del arn\u00e9s permite que el aire fresco circule alrededor de la espalda de los operadores, mejorando la comodidad;<\/li>\n<li>Etiqueta verde aprobada por CRI + Sello de aprobaci\u00f3n de Carpet &amp; Rug Institute.<\/li>\n<\/ul>\n<p><strong>\u2713 Fabricante: Clarke <\/strong><\/p>\n","protected":false},"excerpt":{"rendered":"<p>C\u00f3digo: ASD-CK9060610010 \/ ASD-CK9060707010 La primera aspiradora con recipiente verdaderamente c\u00f3moda. Dise\u00f1ada por mochileros, la aspiradora de mochila Clarke Comfort<\/p>\n","protected":false},"featured_media":28876,"comment_status":"closed","ping_status":"closed","template":"","meta":[],"product_brand":[],"product_cat":[762,761,759,760],"product_tag":[],"class_list":{"0":"post-28875","1":"product","2":"type-product","3":"status-publish","4":"has-post-thumbnail","6":"product_cat-aspiradoras","7":"product_cat-equipamento","8":"product_cat-equipment","9":"product_cat-vacuums","10":"product_shipping_class-standard-en","11":"product_shipping_class-standard-es","13":"first","14":"onbackorder","15":"taxable","16":"shipping-taxable","17":"purchasable","18":"product-type-variable"},"yoast_head":"<!-- This site is optimized with the Yoast SEO plugin v27.4 - https:\/\/yoast.com\/product\/yoast-seo-wordpress\/ -->\n<title>Aspiradora dorsal Clarke Comfort Pak 6\/ Pak 10 | Distributions Pla-M<\/title>\n<meta name=\"robots\" content=\"index, follow, max-snippet:-1, max-image-preview:large, max-video-preview:-1\" \/>\n<link rel=\"canonical\" href=\"https:\/\/plamdistributions.com\/es\/produit\/aspiradora-dorsal-clarke-comfort-pak-6-pak-10\/\" \/>\n<meta property=\"og:locale\" content=\"es_ES\" \/>\n<meta property=\"og:type\" content=\"article\" \/>\n<meta property=\"og:title\" content=\"Aspiradora dorsal Clarke Comfort Pak 6\/ Pak 10 | Distributions Pla-M\" \/>\n<meta property=\"og:description\" content=\"C\u00f3digo: ASD-CK9060610010 \/ ASD-CK9060707010 La primera aspiradora con recipiente verdaderamente c\u00f3moda. Dise\u00f1ada por mochileros, la aspiradora de mochila Clarke Comfort\" \/>\n<meta property=\"og:url\" content=\"https:\/\/plamdistributions.com\/es\/produit\/aspiradora-dorsal-clarke-comfort-pak-6-pak-10\/\" \/>\n<meta property=\"og:site_name\" content=\"Distributions Pla-M\" \/>\n<meta property=\"article:publisher\" content=\"https:\/\/www.facebook.com\/displam\/\" \/>\n<meta property=\"article:modified_time\" content=\"2022-06-15T13:54:39+00:00\" \/>\n<meta property=\"og:image\" content=\"https:\/\/plamdistributions.com\/wp-content\/uploads\/2021\/05\/ASD-CK9060707010.jpg\" \/>\n\t<meta property=\"og:image:width\" content=\"600\" \/>\n\t<meta property=\"og:image:height\" content=\"600\" \/>\n\t<meta property=\"og:image:type\" content=\"image\/jpeg\" \/>\n<meta name=\"twitter:card\" content=\"summary_large_image\" \/>\n<meta name=\"twitter:site\" content=\"@Displam\" \/>\n<meta name=\"twitter:label1\" content=\"Tiempo de lectura\" \/>\n\t<meta name=\"twitter:data1\" content=\"1 minuto\" \/>\n<script type=\"application\/ld+json\" class=\"yoast-schema-graph\">{\"@context\":\"https:\\\/\\\/schema.org\",\"@graph\":[{\"@type\":\"WebPage\",\"@id\":\"https:\\\/\\\/plamdistributions.com\\\/es\\\/produit\\\/aspiradora-dorsal-clarke-comfort-pak-6-pak-10\\\/\",\"url\":\"https:\\\/\\\/plamdistributions.com\\\/es\\\/produit\\\/aspiradora-dorsal-clarke-comfort-pak-6-pak-10\\\/\",\"name\":\"Aspiradora dorsal Clarke Comfort Pak 6\\\/ Pak 10 | Distributions Pla-M\",\"isPartOf\":{\"@id\":\"https:\\\/\\\/plamdistributions.com\\\/#website\"},\"primaryImageOfPage\":{\"@id\":\"https:\\\/\\\/plamdistributions.com\\\/es\\\/produit\\\/aspiradora-dorsal-clarke-comfort-pak-6-pak-10\\\/#primaryimage\"},\"image\":{\"@id\":\"https:\\\/\\\/plamdistributions.com\\\/es\\\/produit\\\/aspiradora-dorsal-clarke-comfort-pak-6-pak-10\\\/#primaryimage\"},\"thumbnailUrl\":\"https:\\\/\\\/plamdistributions.com\\\/wp-content\\\/uploads\\\/2021\\\/05\\\/ASD-CK9060707010.jpg\",\"datePublished\":\"2021-08-10T15:31:42+00:00\",\"dateModified\":\"2022-06-15T13:54:39+00:00\",\"breadcrumb\":{\"@id\":\"https:\\\/\\\/plamdistributions.com\\\/es\\\/produit\\\/aspiradora-dorsal-clarke-comfort-pak-6-pak-10\\\/#breadcrumb\"},\"inLanguage\":\"es\",\"potentialAction\":[{\"@type\":\"ReadAction\",\"target\":[\"https:\\\/\\\/plamdistributions.com\\\/es\\\/produit\\\/aspiradora-dorsal-clarke-comfort-pak-6-pak-10\\\/\"]}]},{\"@type\":\"ImageObject\",\"inLanguage\":\"es\",\"@id\":\"https:\\\/\\\/plamdistributions.com\\\/es\\\/produit\\\/aspiradora-dorsal-clarke-comfort-pak-6-pak-10\\\/#primaryimage\",\"url\":\"https:\\\/\\\/plamdistributions.com\\\/wp-content\\\/uploads\\\/2021\\\/05\\\/ASD-CK9060707010.jpg\",\"contentUrl\":\"https:\\\/\\\/plamdistributions.com\\\/wp-content\\\/uploads\\\/2021\\\/05\\\/ASD-CK9060707010.jpg\",\"width\":600,\"height\":600},{\"@type\":\"BreadcrumbList\",\"@id\":\"https:\\\/\\\/plamdistributions.com\\\/es\\\/produit\\\/aspiradora-dorsal-clarke-comfort-pak-6-pak-10\\\/#breadcrumb\",\"itemListElement\":[{\"@type\":\"ListItem\",\"position\":1,\"name\":\"Accueil\",\"item\":\"https:\\\/\\\/plamdistributions.com\\\/es\\\/\"},{\"@type\":\"ListItem\",\"position\":2,\"name\":\"Tienda\",\"item\":\"https:\\\/\\\/plamdistributions.com\\\/es\\\/tienda\\\/\"},{\"@type\":\"ListItem\",\"position\":3,\"name\":\"Aspiradora dorsal Clarke Comfort Pak 6\\\/ Pak 10\"}]},{\"@type\":\"WebSite\",\"@id\":\"https:\\\/\\\/plamdistributions.com\\\/#website\",\"url\":\"https:\\\/\\\/plamdistributions.com\\\/\",\"name\":\"Distributions Pla-M Inc.\",\"description\":\"Venta de productos y equipos sanitarios\",\"publisher\":{\"@id\":\"https:\\\/\\\/plamdistributions.com\\\/#organization\"},\"potentialAction\":[{\"@type\":\"SearchAction\",\"target\":{\"@type\":\"EntryPoint\",\"urlTemplate\":\"https:\\\/\\\/plamdistributions.com\\\/?s={search_term_string}\"},\"query-input\":{\"@type\":\"PropertyValueSpecification\",\"valueRequired\":true,\"valueName\":\"search_term_string\"}}],\"inLanguage\":\"es\"},{\"@type\":\"Organization\",\"@id\":\"https:\\\/\\\/plamdistributions.com\\\/#organization\",\"name\":\"Distributions Pla-M\",\"url\":\"https:\\\/\\\/plamdistributions.com\\\/\",\"logo\":{\"@type\":\"ImageObject\",\"inLanguage\":\"es\",\"@id\":\"https:\\\/\\\/plamdistributions.com\\\/#\\\/schema\\\/logo\\\/image\\\/\",\"url\":\"https:\\\/\\\/plamdistributions.com\\\/wp-content\\\/uploads\\\/2021\\\/05\\\/PLAM-SANS.png\",\"contentUrl\":\"https:\\\/\\\/plamdistributions.com\\\/wp-content\\\/uploads\\\/2021\\\/05\\\/PLAM-SANS.png\",\"width\":289,\"height\":224,\"caption\":\"Distributions Pla-M\"},\"image\":{\"@id\":\"https:\\\/\\\/plamdistributions.com\\\/#\\\/schema\\\/logo\\\/image\\\/\"},\"sameAs\":[\"https:\\\/\\\/www.facebook.com\\\/displam\\\/\",\"https:\\\/\\\/x.com\\\/Displam\",\"https:\\\/\\\/www.youtube.com\\\/channel\\\/UCHmm3HCGnpGuaQ984quISDg\"]}]}<\/script>\n<!-- \/ Yoast SEO plugin. -->","yoast_head_json":{"title":"Aspiradora dorsal Clarke Comfort Pak 6\/ Pak 10 | Distributions Pla-M","robots":{"index":"index","follow":"follow","max-snippet":"max-snippet:-1","max-image-preview":"max-image-preview:large","max-video-preview":"max-video-preview:-1"},"canonical":"https:\/\/plamdistributions.com\/es\/produit\/aspiradora-dorsal-clarke-comfort-pak-6-pak-10\/","og_locale":"es_ES","og_type":"article","og_title":"Aspiradora dorsal Clarke Comfort Pak 6\/ Pak 10 | Distributions Pla-M","og_description":"C\u00f3digo: ASD-CK9060610010 \/ ASD-CK9060707010 La primera aspiradora con recipiente verdaderamente c\u00f3moda. Dise\u00f1ada por mochileros, la aspiradora de mochila Clarke Comfort","og_url":"https:\/\/plamdistributions.com\/es\/produit\/aspiradora-dorsal-clarke-comfort-pak-6-pak-10\/","og_site_name":"Distributions Pla-M","article_publisher":"https:\/\/www.facebook.com\/displam\/","article_modified_time":"2022-06-15T13:54:39+00:00","og_image":[{"width":600,"height":600,"url":"https:\/\/plamdistributions.com\/wp-content\/uploads\/2021\/05\/ASD-CK9060707010.jpg","type":"image\/jpeg"}],"twitter_card":"summary_large_image","twitter_site":"@Displam","twitter_misc":{"Tiempo de lectura":"1 minuto"},"schema":{"@context":"https:\/\/schema.org","@graph":[{"@type":"WebPage","@id":"https:\/\/plamdistributions.com\/es\/produit\/aspiradora-dorsal-clarke-comfort-pak-6-pak-10\/","url":"https:\/\/plamdistributions.com\/es\/produit\/aspiradora-dorsal-clarke-comfort-pak-6-pak-10\/","name":"Aspiradora dorsal Clarke Comfort Pak 6\/ Pak 10 | Distributions Pla-M","isPartOf":{"@id":"https:\/\/plamdistributions.com\/#website"},"primaryImageOfPage":{"@id":"https:\/\/plamdistributions.com\/es\/produit\/aspiradora-dorsal-clarke-comfort-pak-6-pak-10\/#primaryimage"},"image":{"@id":"https:\/\/plamdistributions.com\/es\/produit\/aspiradora-dorsal-clarke-comfort-pak-6-pak-10\/#primaryimage"},"thumbnailUrl":"https:\/\/plamdistributions.com\/wp-content\/uploads\/2021\/05\/ASD-CK9060707010.jpg","datePublished":"2021-08-10T15:31:42+00:00","dateModified":"2022-06-15T13:54:39+00:00","breadcrumb":{"@id":"https:\/\/plamdistributions.com\/es\/produit\/aspiradora-dorsal-clarke-comfort-pak-6-pak-10\/#breadcrumb"},"inLanguage":"es","potentialAction":[{"@type":"ReadAction","target":["https:\/\/plamdistributions.com\/es\/produit\/aspiradora-dorsal-clarke-comfort-pak-6-pak-10\/"]}]},{"@type":"ImageObject","inLanguage":"es","@id":"https:\/\/plamdistributions.com\/es\/produit\/aspiradora-dorsal-clarke-comfort-pak-6-pak-10\/#primaryimage","url":"https:\/\/plamdistributions.com\/wp-content\/uploads\/2021\/05\/ASD-CK9060707010.jpg","contentUrl":"https:\/\/plamdistributions.com\/wp-content\/uploads\/2021\/05\/ASD-CK9060707010.jpg","width":600,"height":600},{"@type":"BreadcrumbList","@id":"https:\/\/plamdistributions.com\/es\/produit\/aspiradora-dorsal-clarke-comfort-pak-6-pak-10\/#breadcrumb","itemListElement":[{"@type":"ListItem","position":1,"name":"Accueil","item":"https:\/\/plamdistributions.com\/es\/"},{"@type":"ListItem","position":2,"name":"Tienda","item":"https:\/\/plamdistributions.com\/es\/tienda\/"},{"@type":"ListItem","position":3,"name":"Aspiradora dorsal Clarke Comfort Pak 6\/ Pak 10"}]},{"@type":"WebSite","@id":"https:\/\/plamdistributions.com\/#website","url":"https:\/\/plamdistributions.com\/","name":"Distributions Pla-M Inc.","description":"Venta de productos y equipos sanitarios","publisher":{"@id":"https:\/\/plamdistributions.com\/#organization"},"potentialAction":[{"@type":"SearchAction","target":{"@type":"EntryPoint","urlTemplate":"https:\/\/plamdistributions.com\/?s={search_term_string}"},"query-input":{"@type":"PropertyValueSpecification","valueRequired":true,"valueName":"search_term_string"}}],"inLanguage":"es"},{"@type":"Organization","@id":"https:\/\/plamdistributions.com\/#organization","name":"Distributions Pla-M","url":"https:\/\/plamdistributions.com\/","logo":{"@type":"ImageObject","inLanguage":"es","@id":"https:\/\/plamdistributions.com\/#\/schema\/logo\/image\/","url":"https:\/\/plamdistributions.com\/wp-content\/uploads\/2021\/05\/PLAM-SANS.png","contentUrl":"https:\/\/plamdistributions.com\/wp-content\/uploads\/2021\/05\/PLAM-SANS.png","width":289,"height":224,"caption":"Distributions Pla-M"},"image":{"@id":"https:\/\/plamdistributions.com\/#\/schema\/logo\/image\/"},"sameAs":["https:\/\/www.facebook.com\/displam\/","https:\/\/x.com\/Displam","https:\/\/www.youtube.com\/channel\/UCHmm3HCGnpGuaQ984quISDg"]}]}},"_links":{"self":[{"href":"https:\/\/plamdistributions.com\/es\/wp-json\/wp\/v2\/product\/28875","targetHints":{"allow":["GET"]}}],"collection":[{"href":"https:\/\/plamdistributions.com\/es\/wp-json\/wp\/v2\/product"}],"about":[{"href":"https:\/\/plamdistributions.com\/es\/wp-json\/wp\/v2\/types\/product"}],"replies":[{"embeddable":true,"href":"https:\/\/plamdistributions.com\/es\/wp-json\/wp\/v2\/comments?post=28875"}],"wp:featuredmedia":[{"embeddable":true,"href":"https:\/\/plamdistributions.com\/es\/wp-json\/wp\/v2\/media\/28876"}],"wp:attachment":[{"href":"https:\/\/plamdistributions.com\/es\/wp-json\/wp\/v2\/media?parent=28875"}],"wp:term":[{"taxonomy":"product_brand","embeddable":true,"href":"https:\/\/plamdistributions.com\/es\/wp-json\/wp\/v2\/product_brand?post=28875"},{"taxonomy":"product_cat","embeddable":true,"href":"https:\/\/plamdistributions.com\/es\/wp-json\/wp\/v2\/product_cat?post=28875"},{"taxonomy":"product_tag","embeddable":true,"href":"https:\/\/plamdistributions.com\/es\/wp-json\/wp\/v2\/product_tag?post=28875"}],"curies":[{"name":"wp","href":"https:\/\/api.w.org\/{rel}","templated":true}]}}