{"id":28927,"date":"2021-05-21T14:35:04","date_gmt":"2021-05-21T18:35:04","guid":{"rendered":"https:\/\/plamdistributions.com\/produit\/aspiradora-proguard-de-proteam-16-galones-humedo-seco\/"},"modified":"2022-06-15T15:59:23","modified_gmt":"2022-06-15T19:59:23","slug":"aspiradora-proguard-de-proteam-16-gals-humedo-seco","status":"publish","type":"product","link":"https:\/\/plamdistributions.com\/es\/produit\/aspiradora-proguard-de-proteam-16-gals-humedo-seco\/","title":{"rendered":"ASPIRADORA PARA POLVO Y H\u00daMEDO PROGUARD DE 16 GALONES"},"content":{"rendered":"<p><strong>C\u00f3digo: AST-PT107386<\/strong><\/p>\n<p><strong>\u2713 Comercial \u2713 Todas las superficies<\/strong><\/p>\n<p>Esta m\u00e1quina de 16 galones (60 L) de capacidad puede maniobrar f\u00e1cilmente alrededor de obst\u00e1culos, ya sea limpiando derrames o escombros de construcci\u00f3n. Con su tama\u00f1o compacto y asa extra\u00edble, puede guardarlo f\u00e1cilmente, y viene con una pr\u00e1ctica bolsa de herramientas en la que puede colocar todas las herramientas de mano que necesita y tenerlas a mano.<\/p>\n<p><strong>\u2713 Fabricante: Proteam<\/strong><\/p>\n","protected":false},"excerpt":{"rendered":"<p>C\u00f3digo: AST-PT107386 \u2713 Comercial \u2713 Todas las superficies Esta m\u00e1quina de 16 galones (60 L) de capacidad puede maniobrar f\u00e1cilmente<\/p>\n","protected":false},"featured_media":23426,"comment_status":"closed","ping_status":"closed","template":"","meta":[],"product_brand":[],"product_cat":[762,761],"product_tag":[],"class_list":{"0":"post-28927","1":"product","2":"type-product","3":"status-publish","4":"has-post-thumbnail","6":"product_cat-aspiradoras","7":"product_cat-equipamento","8":"product_shipping_class-standard-es","10":"first","11":"onbackorder","12":"taxable","13":"shipping-taxable","14":"purchasable","15":"product-type-simple"},"yoast_head":"<!-- This site is optimized with the Yoast SEO plugin v27.5 - https:\/\/yoast.com\/product\/yoast-seo-wordpress\/ -->\n<title>ASPIRADORA PARA POLVO Y H\u00daMEDO PROGUARD DE 16 GALONES | Distributions Pla-M<\/title>\n<meta name=\"robots\" content=\"index, follow, max-snippet:-1, max-image-preview:large, max-video-preview:-1\" \/>\n<link rel=\"canonical\" href=\"https:\/\/plamdistributions.com\/es\/produit\/aspiradora-proguard-de-proteam-16-gals-humedo-seco\/\" \/>\n<meta property=\"og:locale\" content=\"es_ES\" \/>\n<meta property=\"og:type\" content=\"article\" \/>\n<meta property=\"og:title\" content=\"ASPIRADORA PARA POLVO Y H\u00daMEDO PROGUARD DE 16 GALONES | Distributions Pla-M\" \/>\n<meta property=\"og:description\" content=\"C\u00f3digo: AST-PT107386 \u2713 Comercial \u2713 Todas las superficies Esta m\u00e1quina de 16 galones (60 L) de capacidad puede maniobrar f\u00e1cilmente\" \/>\n<meta property=\"og:url\" content=\"https:\/\/plamdistributions.com\/es\/produit\/aspiradora-proguard-de-proteam-16-gals-humedo-seco\/\" \/>\n<meta property=\"og:site_name\" content=\"Distributions Pla-M\" \/>\n<meta property=\"article:publisher\" content=\"https:\/\/www.facebook.com\/displam\/\" \/>\n<meta property=\"article:modified_time\" content=\"2022-06-15T19:59:23+00:00\" \/>\n<meta property=\"og:image\" content=\"https:\/\/plamdistributions.com\/wp-content\/uploads\/2021\/05\/AST-PT107386.jpg\" \/>\n\t<meta property=\"og:image:width\" content=\"600\" \/>\n\t<meta property=\"og:image:height\" content=\"600\" \/>\n\t<meta property=\"og:image:type\" content=\"image\/jpeg\" \/>\n<meta name=\"twitter:card\" content=\"summary_large_image\" \/>\n<meta name=\"twitter:site\" content=\"@Displam\" \/>\n<script type=\"application\/ld+json\" class=\"yoast-schema-graph\">{\"@context\":\"https:\\\/\\\/schema.org\",\"@graph\":[{\"@type\":\"WebPage\",\"@id\":\"https:\\\/\\\/plamdistributions.com\\\/es\\\/produit\\\/aspiradora-proguard-de-proteam-16-gals-humedo-seco\\\/\",\"url\":\"https:\\\/\\\/plamdistributions.com\\\/es\\\/produit\\\/aspiradora-proguard-de-proteam-16-gals-humedo-seco\\\/\",\"name\":\"ASPIRADORA PARA POLVO Y H\u00daMEDO PROGUARD DE 16 GALONES | Distributions Pla-M\",\"isPartOf\":{\"@id\":\"https:\\\/\\\/plamdistributions.com\\\/#website\"},\"primaryImageOfPage\":{\"@id\":\"https:\\\/\\\/plamdistributions.com\\\/es\\\/produit\\\/aspiradora-proguard-de-proteam-16-gals-humedo-seco\\\/#primaryimage\"},\"image\":{\"@id\":\"https:\\\/\\\/plamdistributions.com\\\/es\\\/produit\\\/aspiradora-proguard-de-proteam-16-gals-humedo-seco\\\/#primaryimage\"},\"thumbnailUrl\":\"https:\\\/\\\/plamdistributions.com\\\/wp-content\\\/uploads\\\/2021\\\/05\\\/AST-PT107386.jpg\",\"datePublished\":\"2021-05-21T18:35:04+00:00\",\"dateModified\":\"2022-06-15T19:59:23+00:00\",\"breadcrumb\":{\"@id\":\"https:\\\/\\\/plamdistributions.com\\\/es\\\/produit\\\/aspiradora-proguard-de-proteam-16-gals-humedo-seco\\\/#breadcrumb\"},\"inLanguage\":\"es\",\"potentialAction\":[{\"@type\":\"ReadAction\",\"target\":[\"https:\\\/\\\/plamdistributions.com\\\/es\\\/produit\\\/aspiradora-proguard-de-proteam-16-gals-humedo-seco\\\/\"]}]},{\"@type\":\"ImageObject\",\"inLanguage\":\"es\",\"@id\":\"https:\\\/\\\/plamdistributions.com\\\/es\\\/produit\\\/aspiradora-proguard-de-proteam-16-gals-humedo-seco\\\/#primaryimage\",\"url\":\"https:\\\/\\\/plamdistributions.com\\\/wp-content\\\/uploads\\\/2021\\\/05\\\/AST-PT107386.jpg\",\"contentUrl\":\"https:\\\/\\\/plamdistributions.com\\\/wp-content\\\/uploads\\\/2021\\\/05\\\/AST-PT107386.jpg\",\"width\":600,\"height\":600},{\"@type\":\"BreadcrumbList\",\"@id\":\"https:\\\/\\\/plamdistributions.com\\\/es\\\/produit\\\/aspiradora-proguard-de-proteam-16-gals-humedo-seco\\\/#breadcrumb\",\"itemListElement\":[{\"@type\":\"ListItem\",\"position\":1,\"name\":\"Accueil\",\"item\":\"https:\\\/\\\/plamdistributions.com\\\/es\\\/\"},{\"@type\":\"ListItem\",\"position\":2,\"name\":\"Tienda\",\"item\":\"https:\\\/\\\/plamdistributions.com\\\/es\\\/tienda\\\/\"},{\"@type\":\"ListItem\",\"position\":3,\"name\":\"ASPIRADORA PARA POLVO Y H\u00daMEDO PROGUARD DE 16 GALONES\"}]},{\"@type\":\"WebSite\",\"@id\":\"https:\\\/\\\/plamdistributions.com\\\/#website\",\"url\":\"https:\\\/\\\/plamdistributions.com\\\/\",\"name\":\"Distributions Pla-M Inc.\",\"description\":\"Venta de productos y equipos sanitarios\",\"publisher\":{\"@id\":\"https:\\\/\\\/plamdistributions.com\\\/#organization\"},\"potentialAction\":[{\"@type\":\"SearchAction\",\"target\":{\"@type\":\"EntryPoint\",\"urlTemplate\":\"https:\\\/\\\/plamdistributions.com\\\/?s={search_term_string}\"},\"query-input\":{\"@type\":\"PropertyValueSpecification\",\"valueRequired\":true,\"valueName\":\"search_term_string\"}}],\"inLanguage\":\"es\"},{\"@type\":\"Organization\",\"@id\":\"https:\\\/\\\/plamdistributions.com\\\/#organization\",\"name\":\"Distributions Pla-M\",\"url\":\"https:\\\/\\\/plamdistributions.com\\\/\",\"logo\":{\"@type\":\"ImageObject\",\"inLanguage\":\"es\",\"@id\":\"https:\\\/\\\/plamdistributions.com\\\/#\\\/schema\\\/logo\\\/image\\\/\",\"url\":\"https:\\\/\\\/plamdistributions.com\\\/wp-content\\\/uploads\\\/2021\\\/05\\\/PLAM-SANS.png\",\"contentUrl\":\"https:\\\/\\\/plamdistributions.com\\\/wp-content\\\/uploads\\\/2021\\\/05\\\/PLAM-SANS.png\",\"width\":289,\"height\":224,\"caption\":\"Distributions Pla-M\"},\"image\":{\"@id\":\"https:\\\/\\\/plamdistributions.com\\\/#\\\/schema\\\/logo\\\/image\\\/\"},\"sameAs\":[\"https:\\\/\\\/www.facebook.com\\\/displam\\\/\",\"https:\\\/\\\/x.com\\\/Displam\",\"https:\\\/\\\/www.youtube.com\\\/channel\\\/UCHmm3HCGnpGuaQ984quISDg\"]}]}<\/script>\n<!-- \/ Yoast SEO plugin. -->","yoast_head_json":{"title":"ASPIRADORA PARA POLVO Y H\u00daMEDO PROGUARD DE 16 GALONES | Distributions Pla-M","robots":{"index":"index","follow":"follow","max-snippet":"max-snippet:-1","max-image-preview":"max-image-preview:large","max-video-preview":"max-video-preview:-1"},"canonical":"https:\/\/plamdistributions.com\/es\/produit\/aspiradora-proguard-de-proteam-16-gals-humedo-seco\/","og_locale":"es_ES","og_type":"article","og_title":"ASPIRADORA PARA POLVO Y H\u00daMEDO PROGUARD DE 16 GALONES | Distributions Pla-M","og_description":"C\u00f3digo: AST-PT107386 \u2713 Comercial \u2713 Todas las superficies Esta m\u00e1quina de 16 galones (60 L) de capacidad puede maniobrar f\u00e1cilmente","og_url":"https:\/\/plamdistributions.com\/es\/produit\/aspiradora-proguard-de-proteam-16-gals-humedo-seco\/","og_site_name":"Distributions Pla-M","article_publisher":"https:\/\/www.facebook.com\/displam\/","article_modified_time":"2022-06-15T19:59:23+00:00","og_image":[{"width":600,"height":600,"url":"https:\/\/plamdistributions.com\/wp-content\/uploads\/2021\/05\/AST-PT107386.jpg","type":"image\/jpeg"}],"twitter_card":"summary_large_image","twitter_site":"@Displam","schema":{"@context":"https:\/\/schema.org","@graph":[{"@type":"WebPage","@id":"https:\/\/plamdistributions.com\/es\/produit\/aspiradora-proguard-de-proteam-16-gals-humedo-seco\/","url":"https:\/\/plamdistributions.com\/es\/produit\/aspiradora-proguard-de-proteam-16-gals-humedo-seco\/","name":"ASPIRADORA PARA POLVO Y H\u00daMEDO PROGUARD DE 16 GALONES | Distributions Pla-M","isPartOf":{"@id":"https:\/\/plamdistributions.com\/#website"},"primaryImageOfPage":{"@id":"https:\/\/plamdistributions.com\/es\/produit\/aspiradora-proguard-de-proteam-16-gals-humedo-seco\/#primaryimage"},"image":{"@id":"https:\/\/plamdistributions.com\/es\/produit\/aspiradora-proguard-de-proteam-16-gals-humedo-seco\/#primaryimage"},"thumbnailUrl":"https:\/\/plamdistributions.com\/wp-content\/uploads\/2021\/05\/AST-PT107386.jpg","datePublished":"2021-05-21T18:35:04+00:00","dateModified":"2022-06-15T19:59:23+00:00","breadcrumb":{"@id":"https:\/\/plamdistributions.com\/es\/produit\/aspiradora-proguard-de-proteam-16-gals-humedo-seco\/#breadcrumb"},"inLanguage":"es","potentialAction":[{"@type":"ReadAction","target":["https:\/\/plamdistributions.com\/es\/produit\/aspiradora-proguard-de-proteam-16-gals-humedo-seco\/"]}]},{"@type":"ImageObject","inLanguage":"es","@id":"https:\/\/plamdistributions.com\/es\/produit\/aspiradora-proguard-de-proteam-16-gals-humedo-seco\/#primaryimage","url":"https:\/\/plamdistributions.com\/wp-content\/uploads\/2021\/05\/AST-PT107386.jpg","contentUrl":"https:\/\/plamdistributions.com\/wp-content\/uploads\/2021\/05\/AST-PT107386.jpg","width":600,"height":600},{"@type":"BreadcrumbList","@id":"https:\/\/plamdistributions.com\/es\/produit\/aspiradora-proguard-de-proteam-16-gals-humedo-seco\/#breadcrumb","itemListElement":[{"@type":"ListItem","position":1,"name":"Accueil","item":"https:\/\/plamdistributions.com\/es\/"},{"@type":"ListItem","position":2,"name":"Tienda","item":"https:\/\/plamdistributions.com\/es\/tienda\/"},{"@type":"ListItem","position":3,"name":"ASPIRADORA PARA POLVO Y H\u00daMEDO PROGUARD DE 16 GALONES"}]},{"@type":"WebSite","@id":"https:\/\/plamdistributions.com\/#website","url":"https:\/\/plamdistributions.com\/","name":"Distributions Pla-M Inc.","description":"Venta de productos y equipos sanitarios","publisher":{"@id":"https:\/\/plamdistributions.com\/#organization"},"potentialAction":[{"@type":"SearchAction","target":{"@type":"EntryPoint","urlTemplate":"https:\/\/plamdistributions.com\/?s={search_term_string}"},"query-input":{"@type":"PropertyValueSpecification","valueRequired":true,"valueName":"search_term_string"}}],"inLanguage":"es"},{"@type":"Organization","@id":"https:\/\/plamdistributions.com\/#organization","name":"Distributions Pla-M","url":"https:\/\/plamdistributions.com\/","logo":{"@type":"ImageObject","inLanguage":"es","@id":"https:\/\/plamdistributions.com\/#\/schema\/logo\/image\/","url":"https:\/\/plamdistributions.com\/wp-content\/uploads\/2021\/05\/PLAM-SANS.png","contentUrl":"https:\/\/plamdistributions.com\/wp-content\/uploads\/2021\/05\/PLAM-SANS.png","width":289,"height":224,"caption":"Distributions Pla-M"},"image":{"@id":"https:\/\/plamdistributions.com\/#\/schema\/logo\/image\/"},"sameAs":["https:\/\/www.facebook.com\/displam\/","https:\/\/x.com\/Displam","https:\/\/www.youtube.com\/channel\/UCHmm3HCGnpGuaQ984quISDg"]}]}},"_links":{"self":[{"href":"https:\/\/plamdistributions.com\/es\/wp-json\/wp\/v2\/product\/28927","targetHints":{"allow":["GET"]}}],"collection":[{"href":"https:\/\/plamdistributions.com\/es\/wp-json\/wp\/v2\/product"}],"about":[{"href":"https:\/\/plamdistributions.com\/es\/wp-json\/wp\/v2\/types\/product"}],"replies":[{"embeddable":true,"href":"https:\/\/plamdistributions.com\/es\/wp-json\/wp\/v2\/comments?post=28927"}],"wp:featuredmedia":[{"embeddable":true,"href":"https:\/\/plamdistributions.com\/es\/wp-json\/wp\/v2\/media\/23426"}],"wp:attachment":[{"href":"https:\/\/plamdistributions.com\/es\/wp-json\/wp\/v2\/media?parent=28927"}],"wp:term":[{"taxonomy":"product_brand","embeddable":true,"href":"https:\/\/plamdistributions.com\/es\/wp-json\/wp\/v2\/product_brand?post=28927"},{"taxonomy":"product_cat","embeddable":true,"href":"https:\/\/plamdistributions.com\/es\/wp-json\/wp\/v2\/product_cat?post=28927"},{"taxonomy":"product_tag","embeddable":true,"href":"https:\/\/plamdistributions.com\/es\/wp-json\/wp\/v2\/product_tag?post=28927"}],"curies":[{"name":"wp","href":"https:\/\/api.w.org\/{rel}","templated":true}]}}