{"id":28978,"date":"2021-05-21T14:35:13","date_gmt":"2021-08-10T18:10:24","guid":{"rendered":"https:\/\/plamdistributions.com\/produit\/aspiradora-vertical-12-et-16-con-iman\/"},"modified":"2022-06-14T14:48:39","modified_gmt":"2022-06-14T18:48:39","slug":"aspiradora-vertical-12-et-16-con-iman","status":"publish","type":"product","link":"https:\/\/plamdistributions.com\/es\/produit\/aspiradora-vertical-12-et-16-con-iman\/","title":{"rendered":"Aspiradora vertical 12&#8243; et 16&#8243; con im\u00e1n"},"content":{"rendered":"<p><strong>C\u00f3digo: ASV-JVPE101 \/ ASV-JVPE102<\/strong><\/p>\n<p>Las aspiradoras verticales <strong>PE101 y PE102<\/strong>de la marca Perfect es un cl\u00e1sico que nunca pasa de moda. De forma vertical, esta aspiradora te permite moverte sin molestarte de ninguna manera. El cepillo del dispositivo est\u00e1 equipado con un selector que le permite ajustar la aspiradora a todo tipo de alfombra, as\u00ed como a la altura del pelo.<\/p>\n<p><strong>PE101 Aspiradora vertical comercial 12&#8243; Perfect<\/strong><\/p>\n<ul>\n<li>Succi\u00f3n potente<\/li>\n<li>Selector de altura de pelo de alfombra<\/li>\n<li>Cable de alimentaci\u00f3n aislado extra largo de 50 &#8216;<\/li>\n<li>Placa transparente para mantenimiento<\/li>\n<li>Cepillo de 12 \u00abde ancho<\/li>\n<\/ul>\n<p><strong>PE102 Aspiradora vertical comercial 16&#8243; Perfect<\/strong><\/p>\n<ul>\n<li>Motor: 9.5 amps<\/li>\n<li>Mango: ergon\u00f3mico<\/li>\n<li>Peso: 20 lbs<\/li>\n<li>Cable de alimentaci\u00f3n aislado extra largo de 50 &#8216;<\/li>\n<li>Superficie: 16&#8243;<\/li>\n<li>Pedal: Largo<\/li>\n<li>Protecci\u00f3n: Im\u00e1n t\u00e9rmico integrado Mango ergon\u00f3mico<\/li>\n<\/ul>\n<div class=\"comments_note\">\n<div class=\"star_content\">\n<div class=\"star\"><\/div>\n<\/div>\n<\/div>\n<p><strong>\u2713 Fabricante: Johnny Vac<\/strong><\/p>\n","protected":false},"excerpt":{"rendered":"<p>C\u00f3digo: ASV-JVPE101 \/ ASV-JVPE102 Las aspiradoras verticales PE101 y PE102de la marca Perfect es un cl\u00e1sico que nunca pasa de<\/p>\n","protected":false},"featured_media":23437,"comment_status":"closed","ping_status":"closed","template":"","meta":[],"product_brand":[],"product_cat":[762,761],"product_tag":[],"class_list":{"0":"post-28978","1":"product","2":"type-product","3":"status-publish","4":"has-post-thumbnail","6":"product_cat-aspiradoras","7":"product_cat-equipamento","8":"product_shipping_class-standard-es","10":"first","11":"instock","12":"featured","13":"taxable","14":"shipping-taxable","15":"purchasable","16":"product-type-variable"},"yoast_head":"<!-- This site is optimized with the Yoast SEO plugin v27.4 - https:\/\/yoast.com\/product\/yoast-seo-wordpress\/ -->\n<title>Aspiradora vertical 12&quot; et 16&quot; con im\u00e1n | Distributions Pla-M<\/title>\n<meta name=\"robots\" content=\"index, follow, max-snippet:-1, max-image-preview:large, max-video-preview:-1\" \/>\n<link rel=\"canonical\" href=\"https:\/\/plamdistributions.com\/es\/produit\/aspiradora-vertical-12-et-16-con-iman\/\" \/>\n<meta property=\"og:locale\" content=\"es_ES\" \/>\n<meta property=\"og:type\" content=\"article\" \/>\n<meta property=\"og:title\" content=\"Aspiradora vertical 12&quot; et 16&quot; con im\u00e1n | Distributions Pla-M\" \/>\n<meta property=\"og:description\" content=\"C\u00f3digo: ASV-JVPE101 \/ ASV-JVPE102 Las aspiradoras verticales PE101 y PE102de la marca Perfect es un cl\u00e1sico que nunca pasa de\" \/>\n<meta property=\"og:url\" content=\"https:\/\/plamdistributions.com\/es\/produit\/aspiradora-vertical-12-et-16-con-iman\/\" \/>\n<meta property=\"og:site_name\" content=\"Distributions Pla-M\" \/>\n<meta property=\"article:publisher\" content=\"https:\/\/www.facebook.com\/displam\/\" \/>\n<meta property=\"article:modified_time\" content=\"2022-06-14T18:48:39+00:00\" \/>\n<meta property=\"og:image\" content=\"https:\/\/plamdistributions.com\/wp-content\/uploads\/2021\/05\/ASV-JVPE101.jpg\" \/>\n\t<meta property=\"og:image:width\" content=\"600\" \/>\n\t<meta property=\"og:image:height\" content=\"600\" \/>\n\t<meta property=\"og:image:type\" content=\"image\/jpeg\" \/>\n<meta name=\"twitter:card\" content=\"summary_large_image\" \/>\n<meta name=\"twitter:site\" content=\"@Displam\" \/>\n<meta name=\"twitter:label1\" content=\"Tiempo de lectura\" \/>\n\t<meta name=\"twitter:data1\" content=\"1 minuto\" \/>\n<script type=\"application\/ld+json\" class=\"yoast-schema-graph\">{\"@context\":\"https:\\\/\\\/schema.org\",\"@graph\":[{\"@type\":\"WebPage\",\"@id\":\"https:\\\/\\\/plamdistributions.com\\\/es\\\/produit\\\/aspiradora-vertical-12-et-16-con-iman\\\/\",\"url\":\"https:\\\/\\\/plamdistributions.com\\\/es\\\/produit\\\/aspiradora-vertical-12-et-16-con-iman\\\/\",\"name\":\"Aspiradora vertical 12\\\" et 16\\\" con im\u00e1n | Distributions Pla-M\",\"isPartOf\":{\"@id\":\"https:\\\/\\\/plamdistributions.com\\\/en\\\/#website\"},\"primaryImageOfPage\":{\"@id\":\"https:\\\/\\\/plamdistributions.com\\\/es\\\/produit\\\/aspiradora-vertical-12-et-16-con-iman\\\/#primaryimage\"},\"image\":{\"@id\":\"https:\\\/\\\/plamdistributions.com\\\/es\\\/produit\\\/aspiradora-vertical-12-et-16-con-iman\\\/#primaryimage\"},\"thumbnailUrl\":\"https:\\\/\\\/plamdistributions.com\\\/wp-content\\\/uploads\\\/2021\\\/05\\\/ASV-JVPE101.jpg\",\"datePublished\":\"2021-08-10T18:10:24+00:00\",\"dateModified\":\"2022-06-14T18:48:39+00:00\",\"breadcrumb\":{\"@id\":\"https:\\\/\\\/plamdistributions.com\\\/es\\\/produit\\\/aspiradora-vertical-12-et-16-con-iman\\\/#breadcrumb\"},\"inLanguage\":\"es\",\"potentialAction\":[{\"@type\":\"ReadAction\",\"target\":[\"https:\\\/\\\/plamdistributions.com\\\/es\\\/produit\\\/aspiradora-vertical-12-et-16-con-iman\\\/\"]}]},{\"@type\":\"ImageObject\",\"inLanguage\":\"es\",\"@id\":\"https:\\\/\\\/plamdistributions.com\\\/es\\\/produit\\\/aspiradora-vertical-12-et-16-con-iman\\\/#primaryimage\",\"url\":\"https:\\\/\\\/plamdistributions.com\\\/wp-content\\\/uploads\\\/2021\\\/05\\\/ASV-JVPE101.jpg\",\"contentUrl\":\"https:\\\/\\\/plamdistributions.com\\\/wp-content\\\/uploads\\\/2021\\\/05\\\/ASV-JVPE101.jpg\",\"width\":600,\"height\":600,\"caption\":\"Aspirateur vertical 12\\\" et 16\\\" avec aimant\"},{\"@type\":\"BreadcrumbList\",\"@id\":\"https:\\\/\\\/plamdistributions.com\\\/es\\\/produit\\\/aspiradora-vertical-12-et-16-con-iman\\\/#breadcrumb\",\"itemListElement\":[{\"@type\":\"ListItem\",\"position\":1,\"name\":\"Accueil\",\"item\":\"https:\\\/\\\/plamdistributions.com\\\/es\\\/\"},{\"@type\":\"ListItem\",\"position\":2,\"name\":\"Tienda\",\"item\":\"https:\\\/\\\/plamdistributions.com\\\/es\\\/tienda\\\/\"},{\"@type\":\"ListItem\",\"position\":3,\"name\":\"Aspiradora vertical 12&#8243; et 16&#8243; con im\u00e1n\"}]},{\"@type\":\"WebSite\",\"@id\":\"https:\\\/\\\/plamdistributions.com\\\/en\\\/#website\",\"url\":\"https:\\\/\\\/plamdistributions.com\\\/en\\\/\",\"name\":\"Distributions Pla-M Inc.\",\"description\":\"Venta de productos y equipos sanitarios\",\"publisher\":{\"@id\":\"https:\\\/\\\/plamdistributions.com\\\/en\\\/#organization\"},\"potentialAction\":[{\"@type\":\"SearchAction\",\"target\":{\"@type\":\"EntryPoint\",\"urlTemplate\":\"https:\\\/\\\/plamdistributions.com\\\/en\\\/?s={search_term_string}\"},\"query-input\":{\"@type\":\"PropertyValueSpecification\",\"valueRequired\":true,\"valueName\":\"search_term_string\"}}],\"inLanguage\":\"es\"},{\"@type\":\"Organization\",\"@id\":\"https:\\\/\\\/plamdistributions.com\\\/en\\\/#organization\",\"name\":\"Distributions Pla-M\",\"url\":\"https:\\\/\\\/plamdistributions.com\\\/en\\\/\",\"logo\":{\"@type\":\"ImageObject\",\"inLanguage\":\"es\",\"@id\":\"https:\\\/\\\/plamdistributions.com\\\/en\\\/#\\\/schema\\\/logo\\\/image\\\/\",\"url\":\"https:\\\/\\\/plamdistributions.com\\\/wp-content\\\/uploads\\\/2021\\\/05\\\/PLAM-SANS.png\",\"contentUrl\":\"https:\\\/\\\/plamdistributions.com\\\/wp-content\\\/uploads\\\/2021\\\/05\\\/PLAM-SANS.png\",\"width\":289,\"height\":224,\"caption\":\"Distributions Pla-M\"},\"image\":{\"@id\":\"https:\\\/\\\/plamdistributions.com\\\/en\\\/#\\\/schema\\\/logo\\\/image\\\/\"},\"sameAs\":[\"https:\\\/\\\/www.facebook.com\\\/displam\\\/\",\"https:\\\/\\\/x.com\\\/Displam\",\"https:\\\/\\\/www.youtube.com\\\/channel\\\/UCHmm3HCGnpGuaQ984quISDg\"]}]}<\/script>\n<!-- \/ Yoast SEO plugin. -->","yoast_head_json":{"title":"Aspiradora vertical 12\" et 16\" con im\u00e1n | Distributions Pla-M","robots":{"index":"index","follow":"follow","max-snippet":"max-snippet:-1","max-image-preview":"max-image-preview:large","max-video-preview":"max-video-preview:-1"},"canonical":"https:\/\/plamdistributions.com\/es\/produit\/aspiradora-vertical-12-et-16-con-iman\/","og_locale":"es_ES","og_type":"article","og_title":"Aspiradora vertical 12\" et 16\" con im\u00e1n | Distributions Pla-M","og_description":"C\u00f3digo: ASV-JVPE101 \/ ASV-JVPE102 Las aspiradoras verticales PE101 y PE102de la marca Perfect es un cl\u00e1sico que nunca pasa de","og_url":"https:\/\/plamdistributions.com\/es\/produit\/aspiradora-vertical-12-et-16-con-iman\/","og_site_name":"Distributions Pla-M","article_publisher":"https:\/\/www.facebook.com\/displam\/","article_modified_time":"2022-06-14T18:48:39+00:00","og_image":[{"width":600,"height":600,"url":"https:\/\/plamdistributions.com\/wp-content\/uploads\/2021\/05\/ASV-JVPE101.jpg","type":"image\/jpeg"}],"twitter_card":"summary_large_image","twitter_site":"@Displam","twitter_misc":{"Tiempo de lectura":"1 minuto"},"schema":{"@context":"https:\/\/schema.org","@graph":[{"@type":"WebPage","@id":"https:\/\/plamdistributions.com\/es\/produit\/aspiradora-vertical-12-et-16-con-iman\/","url":"https:\/\/plamdistributions.com\/es\/produit\/aspiradora-vertical-12-et-16-con-iman\/","name":"Aspiradora vertical 12\" et 16\" con im\u00e1n | Distributions Pla-M","isPartOf":{"@id":"https:\/\/plamdistributions.com\/en\/#website"},"primaryImageOfPage":{"@id":"https:\/\/plamdistributions.com\/es\/produit\/aspiradora-vertical-12-et-16-con-iman\/#primaryimage"},"image":{"@id":"https:\/\/plamdistributions.com\/es\/produit\/aspiradora-vertical-12-et-16-con-iman\/#primaryimage"},"thumbnailUrl":"https:\/\/plamdistributions.com\/wp-content\/uploads\/2021\/05\/ASV-JVPE101.jpg","datePublished":"2021-08-10T18:10:24+00:00","dateModified":"2022-06-14T18:48:39+00:00","breadcrumb":{"@id":"https:\/\/plamdistributions.com\/es\/produit\/aspiradora-vertical-12-et-16-con-iman\/#breadcrumb"},"inLanguage":"es","potentialAction":[{"@type":"ReadAction","target":["https:\/\/plamdistributions.com\/es\/produit\/aspiradora-vertical-12-et-16-con-iman\/"]}]},{"@type":"ImageObject","inLanguage":"es","@id":"https:\/\/plamdistributions.com\/es\/produit\/aspiradora-vertical-12-et-16-con-iman\/#primaryimage","url":"https:\/\/plamdistributions.com\/wp-content\/uploads\/2021\/05\/ASV-JVPE101.jpg","contentUrl":"https:\/\/plamdistributions.com\/wp-content\/uploads\/2021\/05\/ASV-JVPE101.jpg","width":600,"height":600,"caption":"Aspirateur vertical 12\" et 16\" avec aimant"},{"@type":"BreadcrumbList","@id":"https:\/\/plamdistributions.com\/es\/produit\/aspiradora-vertical-12-et-16-con-iman\/#breadcrumb","itemListElement":[{"@type":"ListItem","position":1,"name":"Accueil","item":"https:\/\/plamdistributions.com\/es\/"},{"@type":"ListItem","position":2,"name":"Tienda","item":"https:\/\/plamdistributions.com\/es\/tienda\/"},{"@type":"ListItem","position":3,"name":"Aspiradora vertical 12&#8243; et 16&#8243; con im\u00e1n"}]},{"@type":"WebSite","@id":"https:\/\/plamdistributions.com\/en\/#website","url":"https:\/\/plamdistributions.com\/en\/","name":"Distributions Pla-M Inc.","description":"Venta de productos y equipos sanitarios","publisher":{"@id":"https:\/\/plamdistributions.com\/en\/#organization"},"potentialAction":[{"@type":"SearchAction","target":{"@type":"EntryPoint","urlTemplate":"https:\/\/plamdistributions.com\/en\/?s={search_term_string}"},"query-input":{"@type":"PropertyValueSpecification","valueRequired":true,"valueName":"search_term_string"}}],"inLanguage":"es"},{"@type":"Organization","@id":"https:\/\/plamdistributions.com\/en\/#organization","name":"Distributions Pla-M","url":"https:\/\/plamdistributions.com\/en\/","logo":{"@type":"ImageObject","inLanguage":"es","@id":"https:\/\/plamdistributions.com\/en\/#\/schema\/logo\/image\/","url":"https:\/\/plamdistributions.com\/wp-content\/uploads\/2021\/05\/PLAM-SANS.png","contentUrl":"https:\/\/plamdistributions.com\/wp-content\/uploads\/2021\/05\/PLAM-SANS.png","width":289,"height":224,"caption":"Distributions Pla-M"},"image":{"@id":"https:\/\/plamdistributions.com\/en\/#\/schema\/logo\/image\/"},"sameAs":["https:\/\/www.facebook.com\/displam\/","https:\/\/x.com\/Displam","https:\/\/www.youtube.com\/channel\/UCHmm3HCGnpGuaQ984quISDg"]}]}},"_links":{"self":[{"href":"https:\/\/plamdistributions.com\/es\/wp-json\/wp\/v2\/product\/28978","targetHints":{"allow":["GET"]}}],"collection":[{"href":"https:\/\/plamdistributions.com\/es\/wp-json\/wp\/v2\/product"}],"about":[{"href":"https:\/\/plamdistributions.com\/es\/wp-json\/wp\/v2\/types\/product"}],"replies":[{"embeddable":true,"href":"https:\/\/plamdistributions.com\/es\/wp-json\/wp\/v2\/comments?post=28978"}],"wp:featuredmedia":[{"embeddable":true,"href":"https:\/\/plamdistributions.com\/es\/wp-json\/wp\/v2\/media\/23437"}],"wp:attachment":[{"href":"https:\/\/plamdistributions.com\/es\/wp-json\/wp\/v2\/media?parent=28978"}],"wp:term":[{"taxonomy":"product_brand","embeddable":true,"href":"https:\/\/plamdistributions.com\/es\/wp-json\/wp\/v2\/product_brand?post=28978"},{"taxonomy":"product_cat","embeddable":true,"href":"https:\/\/plamdistributions.com\/es\/wp-json\/wp\/v2\/product_cat?post=28978"},{"taxonomy":"product_tag","embeddable":true,"href":"https:\/\/plamdistributions.com\/es\/wp-json\/wp\/v2\/product_tag?post=28978"}],"curies":[{"name":"wp","href":"https:\/\/api.w.org\/{rel}","templated":true}]}}