{"id":29102,"date":"2021-05-21T14:41:57","date_gmt":"2021-05-21T18:41:57","guid":{"rendered":"https:\/\/plamdistributions.com\/produit\/cygne-jabon-locion-antibacteriano-biodegradable-4l\/"},"modified":"2022-06-28T15:51:09","modified_gmt":"2022-06-28T19:51:09","slug":"cygne-jabon-locion-antibacteriano-biodegradable-4l","status":"publish","type":"product","link":"https:\/\/plamdistributions.com\/es\/produit\/cygne-jabon-locion-antibacteriano-biodegradable-4l\/","title":{"rendered":"CYGNE JABON LOCION ANTIBACTERIANA BLANCO 4L"},"content":{"rendered":"<h4><a href=\"http:\/\/plamdistributions.com\/wp-content\/uploads\/2021\/05\/CYGNE-FT.pdf\" target=\"_blank\" rel=\"CYGNE Distributions Fiche Pla-M antibact\u00e9rien biod\u00e9gradable lotion noopener savon technique\"><img decoding=\"async\" class=\"alignnone wp-image-28840\" title=\"Fiche technique en fran\u00e7ais CYGNE savon lotion antibact\u00e9rien biod\u00e9gradable Distributions Pla-M\" src=\"http:\/\/plamdistributions.com\/wp-content\/uploads\/2021\/06\/Fiche-technique.jpg\" alt=\"Fiche technique CYGNE savon lotion antibact\u00e9rien biod\u00e9gradable Distributions Pla-M\" width=\"144\" height=\"64\" srcset=\"https:\/\/plamdistributions.com\/wp-content\/uploads\/2021\/06\/Fiche-technique-200x89.jpg 200w, https:\/\/plamdistributions.com\/wp-content\/uploads\/2021\/06\/Fiche-technique-300x134.jpg 300w, https:\/\/plamdistributions.com\/wp-content\/uploads\/2021\/06\/Fiche-technique.jpg 400w\" sizes=\"(max-width: 144px) 100vw, 144px\" \/><\/a><a href=\"http:\/\/plamdistributions.com\/wp-content\/uploads\/2021\/05\/CYGNE-FTA.pdf\" target=\"_blank\" rel=\"Antibacterial CYGNE Distributions Pla-M Technical data lotion noopener sheet soap\"><img decoding=\"async\" class=\"alignnone wp-image-28843\" title=\"Technical data sheet CYGNE Antibacterial lotion soap Distributions Pla-M\" src=\"http:\/\/plamdistributions.com\/wp-content\/uploads\/2021\/06\/Technical-data-sheet.jpg\" alt=\"Technical data sheet CYGNE Antibacterial lotion soap Distributions Pla-M\" width=\"144\" height=\"64\" srcset=\"https:\/\/plamdistributions.com\/wp-content\/uploads\/2021\/06\/Technical-data-sheet-200x89.jpg 200w, https:\/\/plamdistributions.com\/wp-content\/uploads\/2021\/06\/Technical-data-sheet-300x134.jpg 300w, https:\/\/plamdistributions.com\/wp-content\/uploads\/2021\/06\/Technical-data-sheet.jpg 400w\" sizes=\"(max-width: 144px) 100vw, 144px\" \/><\/a><strong><a href=\"http:\/\/plamdistributions.com\/wp-content\/uploads\/2021\/05\/CYGNE-EN.pdf\" target=\"_blank\" rel=\"Antibacterial CYGNE Distributions Pla-M Safety data lotion noopener sheet soap\"><img decoding=\"async\" class=\"alignnone wp-image-39484\" title=\"Safety data sheet CYGNE Antibacterial lotion soap Distributions Pla-M\" src=\"http:\/\/plamdistributions.com\/wp-content\/uploads\/2021\/05\/Safety-data-sheet-300x134.png\" alt=\"Safety data sheet CYGNE Antibacterial lotion soap Distributions Pla-M\" width=\"148\" height=\"66\" srcset=\"https:\/\/plamdistributions.com\/wp-content\/uploads\/2021\/05\/Safety-data-sheet-200x89.png 200w, https:\/\/plamdistributions.com\/wp-content\/uploads\/2021\/05\/Safety-data-sheet-300x134.png 300w, https:\/\/plamdistributions.com\/wp-content\/uploads\/2021\/05\/Safety-data-sheet.png 400w\" sizes=\"(max-width: 148px) 100vw, 148px\" \/><\/a><\/strong><\/h4>\n<p><strong>C\u00f3digo: CYGNE<\/strong><\/p>\n<p><strong>\u2713 Biodegradable \u2713 Jab\u00f3n blanco perla<\/strong><\/p>\n<p>Nuestro jab\u00f3n de loci\u00f3n antibacteriano Cygne produce una espuma rica, rica y cremosa que elimina eficazmente la suciedad y proporciona una acci\u00f3n de limpieza superior. Adem\u00e1s, la adici\u00f3n de lanolina y ya de glicerina la piel tersa y flexible. Cygne, jab\u00f3n blanco, es ideal para dispensadores regulares y algunas maquinas expendedoras. Cygne es excelente para escuelas, hospitales y otros lugares p\u00fablicos.<\/p>\n<p><strong>\u2713 Producto exclusivo: Distributions Pla-M<\/strong><\/p>\n<p>&nbsp;<\/p>\n<p>&nbsp;<\/p>\n","protected":false},"excerpt":{"rendered":"<p><iframe title=\"YouTube video player\" src=\"https:\/\/www.youtube.com\/embed\/uSduXZcg5GY\" width=\"560\" height=\"315\" frameborder=\"0\" allowfullscreen=\"allowfullscreen\"><\/iframe><\/p>\n","protected":false},"featured_media":24111,"comment_status":"closed","ping_status":"closed","template":"","meta":[],"product_brand":[],"product_cat":[699,691,757],"product_tag":[],"class_list":{"0":"post-29102","1":"product","2":"type-product","3":"status-publish","4":"has-post-thumbnail","6":"product_cat-cuidado-de-la-piel","7":"product_cat-productos-de-limpieza","8":"product_cat-productos-pla-m","9":"product_shipping_class-standard-es","11":"first","12":"instock","13":"taxable","14":"shipping-taxable","15":"purchasable","16":"product-type-simple"},"yoast_head":"<!-- This site is optimized with the Yoast SEO plugin v27.5 - https:\/\/yoast.com\/product\/yoast-seo-wordpress\/ -->\n<title>CYGNE JABON LOCION ANTIBACTERIANA BLANCO 4L | Distributions Pla-M<\/title>\n<meta name=\"robots\" content=\"index, follow, max-snippet:-1, max-image-preview:large, max-video-preview:-1\" \/>\n<link rel=\"canonical\" href=\"https:\/\/plamdistributions.com\/es\/produit\/cygne-jabon-locion-antibacteriano-biodegradable-4l\/\" \/>\n<meta property=\"og:locale\" content=\"es_ES\" \/>\n<meta property=\"og:type\" content=\"article\" \/>\n<meta property=\"og:title\" content=\"CYGNE JABON LOCION ANTIBACTERIANA BLANCO 4L | Distributions Pla-M\" \/>\n<meta property=\"og:url\" content=\"https:\/\/plamdistributions.com\/es\/produit\/cygne-jabon-locion-antibacteriano-biodegradable-4l\/\" \/>\n<meta property=\"og:site_name\" content=\"Distributions Pla-M\" \/>\n<meta property=\"article:publisher\" content=\"https:\/\/www.facebook.com\/displam\/\" \/>\n<meta property=\"article:modified_time\" content=\"2022-06-28T19:51:09+00:00\" \/>\n<meta property=\"og:image\" content=\"https:\/\/plamdistributions.com\/wp-content\/uploads\/2021\/05\/CYGNE-1.jpg\" \/>\n\t<meta property=\"og:image:width\" content=\"600\" \/>\n\t<meta property=\"og:image:height\" content=\"600\" \/>\n\t<meta property=\"og:image:type\" content=\"image\/jpeg\" \/>\n<meta name=\"twitter:card\" content=\"summary_large_image\" \/>\n<meta name=\"twitter:site\" content=\"@Displam\" \/>\n<script type=\"application\/ld+json\" class=\"yoast-schema-graph\">{\"@context\":\"https:\\\/\\\/schema.org\",\"@graph\":[{\"@type\":\"WebPage\",\"@id\":\"https:\\\/\\\/plamdistributions.com\\\/es\\\/produit\\\/cygne-jabon-locion-antibacteriano-biodegradable-4l\\\/\",\"url\":\"https:\\\/\\\/plamdistributions.com\\\/es\\\/produit\\\/cygne-jabon-locion-antibacteriano-biodegradable-4l\\\/\",\"name\":\"CYGNE JABON LOCION ANTIBACTERIANA BLANCO 4L | Distributions Pla-M\",\"isPartOf\":{\"@id\":\"https:\\\/\\\/plamdistributions.com\\\/#website\"},\"primaryImageOfPage\":{\"@id\":\"https:\\\/\\\/plamdistributions.com\\\/es\\\/produit\\\/cygne-jabon-locion-antibacteriano-biodegradable-4l\\\/#primaryimage\"},\"image\":{\"@id\":\"https:\\\/\\\/plamdistributions.com\\\/es\\\/produit\\\/cygne-jabon-locion-antibacteriano-biodegradable-4l\\\/#primaryimage\"},\"thumbnailUrl\":\"https:\\\/\\\/plamdistributions.com\\\/wp-content\\\/uploads\\\/2021\\\/05\\\/CYGNE-1.jpg\",\"datePublished\":\"2021-05-21T18:41:57+00:00\",\"dateModified\":\"2022-06-28T19:51:09+00:00\",\"breadcrumb\":{\"@id\":\"https:\\\/\\\/plamdistributions.com\\\/es\\\/produit\\\/cygne-jabon-locion-antibacteriano-biodegradable-4l\\\/#breadcrumb\"},\"inLanguage\":\"es\",\"potentialAction\":[{\"@type\":\"ReadAction\",\"target\":[\"https:\\\/\\\/plamdistributions.com\\\/es\\\/produit\\\/cygne-jabon-locion-antibacteriano-biodegradable-4l\\\/\"]}]},{\"@type\":\"ImageObject\",\"inLanguage\":\"es\",\"@id\":\"https:\\\/\\\/plamdistributions.com\\\/es\\\/produit\\\/cygne-jabon-locion-antibacteriano-biodegradable-4l\\\/#primaryimage\",\"url\":\"https:\\\/\\\/plamdistributions.com\\\/wp-content\\\/uploads\\\/2021\\\/05\\\/CYGNE-1.jpg\",\"contentUrl\":\"https:\\\/\\\/plamdistributions.com\\\/wp-content\\\/uploads\\\/2021\\\/05\\\/CYGNE-1.jpg\",\"width\":600,\"height\":600,\"caption\":\"CYGNE Jab\u00f3n en loci\u00f3n antibacterial suave, color blanco perla 4 Litros con aroma a almendra, producto exclusivo Distribuciones Pla-M\"},{\"@type\":\"BreadcrumbList\",\"@id\":\"https:\\\/\\\/plamdistributions.com\\\/es\\\/produit\\\/cygne-jabon-locion-antibacteriano-biodegradable-4l\\\/#breadcrumb\",\"itemListElement\":[{\"@type\":\"ListItem\",\"position\":1,\"name\":\"Accueil\",\"item\":\"https:\\\/\\\/plamdistributions.com\\\/es\\\/\"},{\"@type\":\"ListItem\",\"position\":2,\"name\":\"Tienda\",\"item\":\"https:\\\/\\\/plamdistributions.com\\\/es\\\/tienda\\\/\"},{\"@type\":\"ListItem\",\"position\":3,\"name\":\"CYGNE JABON LOCION ANTIBACTERIANA BLANCO 4L\"}]},{\"@type\":\"WebSite\",\"@id\":\"https:\\\/\\\/plamdistributions.com\\\/#website\",\"url\":\"https:\\\/\\\/plamdistributions.com\\\/\",\"name\":\"Distributions Pla-M Inc.\",\"description\":\"Venta de productos y equipos sanitarios\",\"publisher\":{\"@id\":\"https:\\\/\\\/plamdistributions.com\\\/#organization\"},\"potentialAction\":[{\"@type\":\"SearchAction\",\"target\":{\"@type\":\"EntryPoint\",\"urlTemplate\":\"https:\\\/\\\/plamdistributions.com\\\/?s={search_term_string}\"},\"query-input\":{\"@type\":\"PropertyValueSpecification\",\"valueRequired\":true,\"valueName\":\"search_term_string\"}}],\"inLanguage\":\"es\"},{\"@type\":\"Organization\",\"@id\":\"https:\\\/\\\/plamdistributions.com\\\/#organization\",\"name\":\"Distributions Pla-M\",\"url\":\"https:\\\/\\\/plamdistributions.com\\\/\",\"logo\":{\"@type\":\"ImageObject\",\"inLanguage\":\"es\",\"@id\":\"https:\\\/\\\/plamdistributions.com\\\/#\\\/schema\\\/logo\\\/image\\\/\",\"url\":\"https:\\\/\\\/plamdistributions.com\\\/wp-content\\\/uploads\\\/2021\\\/05\\\/PLAM-SANS.png\",\"contentUrl\":\"https:\\\/\\\/plamdistributions.com\\\/wp-content\\\/uploads\\\/2021\\\/05\\\/PLAM-SANS.png\",\"width\":289,\"height\":224,\"caption\":\"Distributions Pla-M\"},\"image\":{\"@id\":\"https:\\\/\\\/plamdistributions.com\\\/#\\\/schema\\\/logo\\\/image\\\/\"},\"sameAs\":[\"https:\\\/\\\/www.facebook.com\\\/displam\\\/\",\"https:\\\/\\\/x.com\\\/Displam\",\"https:\\\/\\\/www.youtube.com\\\/channel\\\/UCHmm3HCGnpGuaQ984quISDg\"]}]}<\/script>\n<!-- \/ Yoast SEO plugin. -->","yoast_head_json":{"title":"CYGNE JABON LOCION ANTIBACTERIANA BLANCO 4L | Distributions Pla-M","robots":{"index":"index","follow":"follow","max-snippet":"max-snippet:-1","max-image-preview":"max-image-preview:large","max-video-preview":"max-video-preview:-1"},"canonical":"https:\/\/plamdistributions.com\/es\/produit\/cygne-jabon-locion-antibacteriano-biodegradable-4l\/","og_locale":"es_ES","og_type":"article","og_title":"CYGNE JABON LOCION ANTIBACTERIANA BLANCO 4L | Distributions Pla-M","og_url":"https:\/\/plamdistributions.com\/es\/produit\/cygne-jabon-locion-antibacteriano-biodegradable-4l\/","og_site_name":"Distributions Pla-M","article_publisher":"https:\/\/www.facebook.com\/displam\/","article_modified_time":"2022-06-28T19:51:09+00:00","og_image":[{"width":600,"height":600,"url":"https:\/\/plamdistributions.com\/wp-content\/uploads\/2021\/05\/CYGNE-1.jpg","type":"image\/jpeg"}],"twitter_card":"summary_large_image","twitter_site":"@Displam","schema":{"@context":"https:\/\/schema.org","@graph":[{"@type":"WebPage","@id":"https:\/\/plamdistributions.com\/es\/produit\/cygne-jabon-locion-antibacteriano-biodegradable-4l\/","url":"https:\/\/plamdistributions.com\/es\/produit\/cygne-jabon-locion-antibacteriano-biodegradable-4l\/","name":"CYGNE JABON LOCION ANTIBACTERIANA BLANCO 4L | Distributions Pla-M","isPartOf":{"@id":"https:\/\/plamdistributions.com\/#website"},"primaryImageOfPage":{"@id":"https:\/\/plamdistributions.com\/es\/produit\/cygne-jabon-locion-antibacteriano-biodegradable-4l\/#primaryimage"},"image":{"@id":"https:\/\/plamdistributions.com\/es\/produit\/cygne-jabon-locion-antibacteriano-biodegradable-4l\/#primaryimage"},"thumbnailUrl":"https:\/\/plamdistributions.com\/wp-content\/uploads\/2021\/05\/CYGNE-1.jpg","datePublished":"2021-05-21T18:41:57+00:00","dateModified":"2022-06-28T19:51:09+00:00","breadcrumb":{"@id":"https:\/\/plamdistributions.com\/es\/produit\/cygne-jabon-locion-antibacteriano-biodegradable-4l\/#breadcrumb"},"inLanguage":"es","potentialAction":[{"@type":"ReadAction","target":["https:\/\/plamdistributions.com\/es\/produit\/cygne-jabon-locion-antibacteriano-biodegradable-4l\/"]}]},{"@type":"ImageObject","inLanguage":"es","@id":"https:\/\/plamdistributions.com\/es\/produit\/cygne-jabon-locion-antibacteriano-biodegradable-4l\/#primaryimage","url":"https:\/\/plamdistributions.com\/wp-content\/uploads\/2021\/05\/CYGNE-1.jpg","contentUrl":"https:\/\/plamdistributions.com\/wp-content\/uploads\/2021\/05\/CYGNE-1.jpg","width":600,"height":600,"caption":"CYGNE Jab\u00f3n en loci\u00f3n antibacterial suave, color blanco perla 4 Litros con aroma a almendra, producto exclusivo Distribuciones Pla-M"},{"@type":"BreadcrumbList","@id":"https:\/\/plamdistributions.com\/es\/produit\/cygne-jabon-locion-antibacteriano-biodegradable-4l\/#breadcrumb","itemListElement":[{"@type":"ListItem","position":1,"name":"Accueil","item":"https:\/\/plamdistributions.com\/es\/"},{"@type":"ListItem","position":2,"name":"Tienda","item":"https:\/\/plamdistributions.com\/es\/tienda\/"},{"@type":"ListItem","position":3,"name":"CYGNE JABON LOCION ANTIBACTERIANA BLANCO 4L"}]},{"@type":"WebSite","@id":"https:\/\/plamdistributions.com\/#website","url":"https:\/\/plamdistributions.com\/","name":"Distributions Pla-M Inc.","description":"Venta de productos y equipos sanitarios","publisher":{"@id":"https:\/\/plamdistributions.com\/#organization"},"potentialAction":[{"@type":"SearchAction","target":{"@type":"EntryPoint","urlTemplate":"https:\/\/plamdistributions.com\/?s={search_term_string}"},"query-input":{"@type":"PropertyValueSpecification","valueRequired":true,"valueName":"search_term_string"}}],"inLanguage":"es"},{"@type":"Organization","@id":"https:\/\/plamdistributions.com\/#organization","name":"Distributions Pla-M","url":"https:\/\/plamdistributions.com\/","logo":{"@type":"ImageObject","inLanguage":"es","@id":"https:\/\/plamdistributions.com\/#\/schema\/logo\/image\/","url":"https:\/\/plamdistributions.com\/wp-content\/uploads\/2021\/05\/PLAM-SANS.png","contentUrl":"https:\/\/plamdistributions.com\/wp-content\/uploads\/2021\/05\/PLAM-SANS.png","width":289,"height":224,"caption":"Distributions Pla-M"},"image":{"@id":"https:\/\/plamdistributions.com\/#\/schema\/logo\/image\/"},"sameAs":["https:\/\/www.facebook.com\/displam\/","https:\/\/x.com\/Displam","https:\/\/www.youtube.com\/channel\/UCHmm3HCGnpGuaQ984quISDg"]}]}},"_links":{"self":[{"href":"https:\/\/plamdistributions.com\/es\/wp-json\/wp\/v2\/product\/29102","targetHints":{"allow":["GET"]}}],"collection":[{"href":"https:\/\/plamdistributions.com\/es\/wp-json\/wp\/v2\/product"}],"about":[{"href":"https:\/\/plamdistributions.com\/es\/wp-json\/wp\/v2\/types\/product"}],"replies":[{"embeddable":true,"href":"https:\/\/plamdistributions.com\/es\/wp-json\/wp\/v2\/comments?post=29102"}],"wp:featuredmedia":[{"embeddable":true,"href":"https:\/\/plamdistributions.com\/es\/wp-json\/wp\/v2\/media\/24111"}],"wp:attachment":[{"href":"https:\/\/plamdistributions.com\/es\/wp-json\/wp\/v2\/media?parent=29102"}],"wp:term":[{"taxonomy":"product_brand","embeddable":true,"href":"https:\/\/plamdistributions.com\/es\/wp-json\/wp\/v2\/product_brand?post=29102"},{"taxonomy":"product_cat","embeddable":true,"href":"https:\/\/plamdistributions.com\/es\/wp-json\/wp\/v2\/product_cat?post=29102"},{"taxonomy":"product_tag","embeddable":true,"href":"https:\/\/plamdistributions.com\/es\/wp-json\/wp\/v2\/product_tag?post=29102"}],"curies":[{"name":"wp","href":"https:\/\/api.w.org\/{rel}","templated":true}]}}