{"id":29224,"date":"2021-05-21T14:31:25","date_gmt":"2021-08-11T15:05:23","guid":{"rendered":"https:\/\/plamdistributions.com\/produit\/huard-limpiador-de-vidrio\/"},"modified":"2022-06-28T14:42:04","modified_gmt":"2022-06-28T18:42:04","slug":"huard-limpiador-de-vidrio","status":"publish","type":"product","link":"https:\/\/plamdistributions.com\/es\/produit\/huard-limpiador-de-vidrio\/","title":{"rendered":"HUARD LIMPIADOR DE VIDRIO"},"content":{"rendered":"<h4><a href=\"http:\/\/plamdistributions.com\/wp-content\/uploads\/2021\/05\/HUARD-FT.pdf\" target=\"_blank\" rel=\"&amp; Distributions Fiche HUARD Nettoyant Pla-M miroirs noopener technique vitres \u00e0\"><img decoding=\"async\" class=\"alignnone wp-image-28840\" title=\"Fiche technique HUARD Nettoyant \u00e0 vitres &amp; miroirs Distributions Pla-M\" src=\"http:\/\/plamdistributions.com\/wp-content\/uploads\/2021\/06\/Fiche-technique.jpg\" alt=\"Fiche technique HUARD Nettoyant \u00e0 vitres &amp; miroirs Distributions Pla-M\" width=\"144\" height=\"64\" srcset=\"https:\/\/plamdistributions.com\/wp-content\/uploads\/2021\/06\/Fiche-technique-200x89.jpg 200w, https:\/\/plamdistributions.com\/wp-content\/uploads\/2021\/06\/Fiche-technique-300x134.jpg 300w, https:\/\/plamdistributions.com\/wp-content\/uploads\/2021\/06\/Fiche-technique.jpg 400w\" sizes=\"(max-width: 144px) 100vw, 144px\" \/><\/a><a href=\"http:\/\/plamdistributions.com\/wp-content\/uploads\/2021\/05\/HUARD-FTA.pdf\" target=\"_blank\" rel=\"Distributions HUARD Pla-M Technical cleaner data glass noopener sheet\"><img decoding=\"async\" class=\"alignnone wp-image-28843\" title=\"Technical data sheet HUARD glass cleaner Distributions Pla-M\" src=\"http:\/\/plamdistributions.com\/wp-content\/uploads\/2021\/06\/Technical-data-sheet.jpg\" alt=\"Technical data sheet HUARD glass cleaner Distributions Pla-M\" width=\"144\" height=\"64\" srcset=\"https:\/\/plamdistributions.com\/wp-content\/uploads\/2021\/06\/Technical-data-sheet-200x89.jpg 200w, https:\/\/plamdistributions.com\/wp-content\/uploads\/2021\/06\/Technical-data-sheet-300x134.jpg 300w, https:\/\/plamdistributions.com\/wp-content\/uploads\/2021\/06\/Technical-data-sheet.jpg 400w\" sizes=\"(max-width: 144px) 100vw, 144px\" \/><\/a><a href=\"http:\/\/plamdistributions.com\/wp-content\/uploads\/2021\/05\/HUARD_FRE.pdf\" target=\"_blank\" rel=\"&amp; Distributions Fiche HUARD Nettoyant Pla-M miroirs noopener signal\u00e9tique vitres \u00e0\"><img decoding=\"async\" class=\"alignnone wp-image-39486\" title=\"Fiche signal\u00e9tique HUARD Nettoyant \u00e0 vitres &amp; miroirs Distributions Pla-M\" src=\"http:\/\/plamdistributions.com\/wp-content\/uploads\/2021\/06\/Fiche-signaletique-300x134.jpg\" alt=\"Fiche signal\u00e9tique HUARD Nettoyant \u00e0 vitres &amp; miroirs Distributions Pla-M\" width=\"141\" height=\"63\" srcset=\"https:\/\/plamdistributions.com\/wp-content\/uploads\/2021\/06\/Fiche-signaletique-200x89.jpg 200w, https:\/\/plamdistributions.com\/wp-content\/uploads\/2021\/06\/Fiche-signaletique-300x134.jpg 300w, https:\/\/plamdistributions.com\/wp-content\/uploads\/2021\/06\/Fiche-signaletique.jpg 400w\" sizes=\"(max-width: 141px) 100vw, 141px\" \/><\/a><strong><a href=\"http:\/\/plamdistributions.com\/wp-content\/uploads\/2021\/05\/HUARD-EN.pdf\" target=\"_blank\" rel=\"Distributions HUARD Pla-M Safety cleaner data glass noopener sheet\"><img decoding=\"async\" class=\"alignnone wp-image-39484\" title=\"Safety data sheet HUARD glass cleaner Distributions Pla-M\" src=\"http:\/\/plamdistributions.com\/wp-content\/uploads\/2021\/05\/Safety-data-sheet-300x134.png\" alt=\"Safety data sheet HUARD glass cleaner Distributions Pla-M\" width=\"148\" height=\"66\" srcset=\"https:\/\/plamdistributions.com\/wp-content\/uploads\/2021\/05\/Safety-data-sheet-200x89.png 200w, https:\/\/plamdistributions.com\/wp-content\/uploads\/2021\/05\/Safety-data-sheet-300x134.png 300w, https:\/\/plamdistributions.com\/wp-content\/uploads\/2021\/05\/Safety-data-sheet.png 400w\" sizes=\"(max-width: 148px) 100vw, 148px\" \/><\/a><\/strong><\/h4>\n<h4><strong>C\u00f3digo: HUARD<\/strong><\/h4>\n<p><strong>\u2713 Biodegradable<\/strong><\/p>\n<p>HUARD es un limpiador de espejos y vidrios s\u00faper fuerte listo para usar. HUARD limpia cristales y espejos sin dejar dep\u00f3sitos ni rastros. Ha sido dise\u00f1ado para eliminar huellas dactilares, grasa y polvo de ventanas y espejos.<\/p>\n<p><strong>\u2713 Producto exclusivo: Distributions Pla-M<\/strong><\/p>\n","protected":false},"excerpt":{"rendered":"<p><iframe title=\"YouTube video player\" src=\"https:\/\/www.youtube.com\/embed\/Pz8I3nRaU-I\" width=\"560\" height=\"315\" frameborder=\"0\" allowfullscreen=\"allowfullscreen\"><\/iframe><\/p>\n","protected":false},"featured_media":22920,"comment_status":"closed","ping_status":"closed","template":"","meta":[],"product_brand":[],"product_cat":[686,691,757,755,776,775],"product_tag":[],"class_list":{"0":"post-29224","1":"product","2":"type-product","3":"status-publish","4":"has-post-thumbnail","6":"product_cat-cleaning-products","7":"product_cat-productos-de-limpieza","8":"product_cat-productos-pla-m","9":"product_cat-products-pla-m","10":"product_cat-vidrio-cromo-y-espejos","11":"product_cat-windows-chrome-and-mirrors","12":"product_shipping_class-standard-en","13":"product_shipping_class-standard-es","15":"first","16":"instock","17":"featured","18":"taxable","19":"shipping-taxable","20":"purchasable","21":"product-type-variable"},"yoast_head":"<!-- This site is optimized with the Yoast SEO plugin v27.4 - https:\/\/yoast.com\/product\/yoast-seo-wordpress\/ -->\n<title>HUARD LIMPIADOR DE VIDRIO | Distributions Pla-M<\/title>\n<meta name=\"robots\" content=\"index, follow, max-snippet:-1, max-image-preview:large, max-video-preview:-1\" \/>\n<link rel=\"canonical\" href=\"https:\/\/plamdistributions.com\/es\/produit\/huard-limpiador-de-vidrio\/\" \/>\n<meta property=\"og:locale\" content=\"es_ES\" \/>\n<meta property=\"og:type\" content=\"article\" \/>\n<meta property=\"og:title\" content=\"HUARD LIMPIADOR DE VIDRIO | Distributions Pla-M\" \/>\n<meta property=\"og:url\" content=\"https:\/\/plamdistributions.com\/es\/produit\/huard-limpiador-de-vidrio\/\" \/>\n<meta property=\"og:site_name\" content=\"Distributions Pla-M\" \/>\n<meta property=\"article:publisher\" content=\"https:\/\/www.facebook.com\/displam\/\" \/>\n<meta property=\"article:modified_time\" content=\"2022-06-28T18:42:04+00:00\" \/>\n<meta property=\"og:image\" content=\"https:\/\/plamdistributions.com\/wp-content\/uploads\/2021\/05\/HUARD-1.jpg\" \/>\n\t<meta property=\"og:image:width\" content=\"600\" \/>\n\t<meta property=\"og:image:height\" content=\"600\" \/>\n\t<meta property=\"og:image:type\" content=\"image\/jpeg\" \/>\n<meta name=\"twitter:card\" content=\"summary_large_image\" \/>\n<meta name=\"twitter:site\" content=\"@Displam\" \/>\n<script type=\"application\/ld+json\" class=\"yoast-schema-graph\">{\"@context\":\"https:\\\/\\\/schema.org\",\"@graph\":[{\"@type\":\"WebPage\",\"@id\":\"https:\\\/\\\/plamdistributions.com\\\/es\\\/produit\\\/huard-limpiador-de-vidrio\\\/\",\"url\":\"https:\\\/\\\/plamdistributions.com\\\/es\\\/produit\\\/huard-limpiador-de-vidrio\\\/\",\"name\":\"HUARD LIMPIADOR DE VIDRIO | Distributions Pla-M\",\"isPartOf\":{\"@id\":\"https:\\\/\\\/plamdistributions.com\\\/#website\"},\"primaryImageOfPage\":{\"@id\":\"https:\\\/\\\/plamdistributions.com\\\/es\\\/produit\\\/huard-limpiador-de-vidrio\\\/#primaryimage\"},\"image\":{\"@id\":\"https:\\\/\\\/plamdistributions.com\\\/es\\\/produit\\\/huard-limpiador-de-vidrio\\\/#primaryimage\"},\"thumbnailUrl\":\"https:\\\/\\\/plamdistributions.com\\\/wp-content\\\/uploads\\\/2021\\\/05\\\/HUARD-1.jpg\",\"datePublished\":\"2021-08-11T15:05:23+00:00\",\"dateModified\":\"2022-06-28T18:42:04+00:00\",\"breadcrumb\":{\"@id\":\"https:\\\/\\\/plamdistributions.com\\\/es\\\/produit\\\/huard-limpiador-de-vidrio\\\/#breadcrumb\"},\"inLanguage\":\"es\",\"potentialAction\":[{\"@type\":\"ReadAction\",\"target\":[\"https:\\\/\\\/plamdistributions.com\\\/es\\\/produit\\\/huard-limpiador-de-vidrio\\\/\"]}]},{\"@type\":\"ImageObject\",\"inLanguage\":\"es\",\"@id\":\"https:\\\/\\\/plamdistributions.com\\\/es\\\/produit\\\/huard-limpiador-de-vidrio\\\/#primaryimage\",\"url\":\"https:\\\/\\\/plamdistributions.com\\\/wp-content\\\/uploads\\\/2021\\\/05\\\/HUARD-1.jpg\",\"contentUrl\":\"https:\\\/\\\/plamdistributions.com\\\/wp-content\\\/uploads\\\/2021\\\/05\\\/HUARD-1.jpg\",\"width\":600,\"height\":600},{\"@type\":\"BreadcrumbList\",\"@id\":\"https:\\\/\\\/plamdistributions.com\\\/es\\\/produit\\\/huard-limpiador-de-vidrio\\\/#breadcrumb\",\"itemListElement\":[{\"@type\":\"ListItem\",\"position\":1,\"name\":\"Accueil\",\"item\":\"https:\\\/\\\/plamdistributions.com\\\/es\\\/\"},{\"@type\":\"ListItem\",\"position\":2,\"name\":\"Tienda\",\"item\":\"https:\\\/\\\/plamdistributions.com\\\/es\\\/tienda\\\/\"},{\"@type\":\"ListItem\",\"position\":3,\"name\":\"HUARD LIMPIADOR DE VIDRIO\"}]},{\"@type\":\"WebSite\",\"@id\":\"https:\\\/\\\/plamdistributions.com\\\/#website\",\"url\":\"https:\\\/\\\/plamdistributions.com\\\/\",\"name\":\"Distributions Pla-M Inc.\",\"description\":\"Venta de productos y equipos sanitarios\",\"publisher\":{\"@id\":\"https:\\\/\\\/plamdistributions.com\\\/#organization\"},\"potentialAction\":[{\"@type\":\"SearchAction\",\"target\":{\"@type\":\"EntryPoint\",\"urlTemplate\":\"https:\\\/\\\/plamdistributions.com\\\/?s={search_term_string}\"},\"query-input\":{\"@type\":\"PropertyValueSpecification\",\"valueRequired\":true,\"valueName\":\"search_term_string\"}}],\"inLanguage\":\"es\"},{\"@type\":\"Organization\",\"@id\":\"https:\\\/\\\/plamdistributions.com\\\/#organization\",\"name\":\"Distributions Pla-M\",\"url\":\"https:\\\/\\\/plamdistributions.com\\\/\",\"logo\":{\"@type\":\"ImageObject\",\"inLanguage\":\"es\",\"@id\":\"https:\\\/\\\/plamdistributions.com\\\/#\\\/schema\\\/logo\\\/image\\\/\",\"url\":\"https:\\\/\\\/plamdistributions.com\\\/wp-content\\\/uploads\\\/2021\\\/05\\\/PLAM-SANS.png\",\"contentUrl\":\"https:\\\/\\\/plamdistributions.com\\\/wp-content\\\/uploads\\\/2021\\\/05\\\/PLAM-SANS.png\",\"width\":289,\"height\":224,\"caption\":\"Distributions Pla-M\"},\"image\":{\"@id\":\"https:\\\/\\\/plamdistributions.com\\\/#\\\/schema\\\/logo\\\/image\\\/\"},\"sameAs\":[\"https:\\\/\\\/www.facebook.com\\\/displam\\\/\",\"https:\\\/\\\/x.com\\\/Displam\",\"https:\\\/\\\/www.youtube.com\\\/channel\\\/UCHmm3HCGnpGuaQ984quISDg\"]}]}<\/script>\n<!-- \/ Yoast SEO plugin. -->","yoast_head_json":{"title":"HUARD LIMPIADOR DE VIDRIO | Distributions Pla-M","robots":{"index":"index","follow":"follow","max-snippet":"max-snippet:-1","max-image-preview":"max-image-preview:large","max-video-preview":"max-video-preview:-1"},"canonical":"https:\/\/plamdistributions.com\/es\/produit\/huard-limpiador-de-vidrio\/","og_locale":"es_ES","og_type":"article","og_title":"HUARD LIMPIADOR DE VIDRIO | Distributions Pla-M","og_url":"https:\/\/plamdistributions.com\/es\/produit\/huard-limpiador-de-vidrio\/","og_site_name":"Distributions Pla-M","article_publisher":"https:\/\/www.facebook.com\/displam\/","article_modified_time":"2022-06-28T18:42:04+00:00","og_image":[{"width":600,"height":600,"url":"https:\/\/plamdistributions.com\/wp-content\/uploads\/2021\/05\/HUARD-1.jpg","type":"image\/jpeg"}],"twitter_card":"summary_large_image","twitter_site":"@Displam","schema":{"@context":"https:\/\/schema.org","@graph":[{"@type":"WebPage","@id":"https:\/\/plamdistributions.com\/es\/produit\/huard-limpiador-de-vidrio\/","url":"https:\/\/plamdistributions.com\/es\/produit\/huard-limpiador-de-vidrio\/","name":"HUARD LIMPIADOR DE VIDRIO | Distributions Pla-M","isPartOf":{"@id":"https:\/\/plamdistributions.com\/#website"},"primaryImageOfPage":{"@id":"https:\/\/plamdistributions.com\/es\/produit\/huard-limpiador-de-vidrio\/#primaryimage"},"image":{"@id":"https:\/\/plamdistributions.com\/es\/produit\/huard-limpiador-de-vidrio\/#primaryimage"},"thumbnailUrl":"https:\/\/plamdistributions.com\/wp-content\/uploads\/2021\/05\/HUARD-1.jpg","datePublished":"2021-08-11T15:05:23+00:00","dateModified":"2022-06-28T18:42:04+00:00","breadcrumb":{"@id":"https:\/\/plamdistributions.com\/es\/produit\/huard-limpiador-de-vidrio\/#breadcrumb"},"inLanguage":"es","potentialAction":[{"@type":"ReadAction","target":["https:\/\/plamdistributions.com\/es\/produit\/huard-limpiador-de-vidrio\/"]}]},{"@type":"ImageObject","inLanguage":"es","@id":"https:\/\/plamdistributions.com\/es\/produit\/huard-limpiador-de-vidrio\/#primaryimage","url":"https:\/\/plamdistributions.com\/wp-content\/uploads\/2021\/05\/HUARD-1.jpg","contentUrl":"https:\/\/plamdistributions.com\/wp-content\/uploads\/2021\/05\/HUARD-1.jpg","width":600,"height":600},{"@type":"BreadcrumbList","@id":"https:\/\/plamdistributions.com\/es\/produit\/huard-limpiador-de-vidrio\/#breadcrumb","itemListElement":[{"@type":"ListItem","position":1,"name":"Accueil","item":"https:\/\/plamdistributions.com\/es\/"},{"@type":"ListItem","position":2,"name":"Tienda","item":"https:\/\/plamdistributions.com\/es\/tienda\/"},{"@type":"ListItem","position":3,"name":"HUARD LIMPIADOR DE VIDRIO"}]},{"@type":"WebSite","@id":"https:\/\/plamdistributions.com\/#website","url":"https:\/\/plamdistributions.com\/","name":"Distributions Pla-M Inc.","description":"Venta de productos y equipos sanitarios","publisher":{"@id":"https:\/\/plamdistributions.com\/#organization"},"potentialAction":[{"@type":"SearchAction","target":{"@type":"EntryPoint","urlTemplate":"https:\/\/plamdistributions.com\/?s={search_term_string}"},"query-input":{"@type":"PropertyValueSpecification","valueRequired":true,"valueName":"search_term_string"}}],"inLanguage":"es"},{"@type":"Organization","@id":"https:\/\/plamdistributions.com\/#organization","name":"Distributions Pla-M","url":"https:\/\/plamdistributions.com\/","logo":{"@type":"ImageObject","inLanguage":"es","@id":"https:\/\/plamdistributions.com\/#\/schema\/logo\/image\/","url":"https:\/\/plamdistributions.com\/wp-content\/uploads\/2021\/05\/PLAM-SANS.png","contentUrl":"https:\/\/plamdistributions.com\/wp-content\/uploads\/2021\/05\/PLAM-SANS.png","width":289,"height":224,"caption":"Distributions Pla-M"},"image":{"@id":"https:\/\/plamdistributions.com\/#\/schema\/logo\/image\/"},"sameAs":["https:\/\/www.facebook.com\/displam\/","https:\/\/x.com\/Displam","https:\/\/www.youtube.com\/channel\/UCHmm3HCGnpGuaQ984quISDg"]}]}},"_links":{"self":[{"href":"https:\/\/plamdistributions.com\/es\/wp-json\/wp\/v2\/product\/29224","targetHints":{"allow":["GET"]}}],"collection":[{"href":"https:\/\/plamdistributions.com\/es\/wp-json\/wp\/v2\/product"}],"about":[{"href":"https:\/\/plamdistributions.com\/es\/wp-json\/wp\/v2\/types\/product"}],"replies":[{"embeddable":true,"href":"https:\/\/plamdistributions.com\/es\/wp-json\/wp\/v2\/comments?post=29224"}],"wp:featuredmedia":[{"embeddable":true,"href":"https:\/\/plamdistributions.com\/es\/wp-json\/wp\/v2\/media\/22920"}],"wp:attachment":[{"href":"https:\/\/plamdistributions.com\/es\/wp-json\/wp\/v2\/media?parent=29224"}],"wp:term":[{"taxonomy":"product_brand","embeddable":true,"href":"https:\/\/plamdistributions.com\/es\/wp-json\/wp\/v2\/product_brand?post=29224"},{"taxonomy":"product_cat","embeddable":true,"href":"https:\/\/plamdistributions.com\/es\/wp-json\/wp\/v2\/product_cat?post=29224"},{"taxonomy":"product_tag","embeddable":true,"href":"https:\/\/plamdistributions.com\/es\/wp-json\/wp\/v2\/product_tag?post=29224"}],"curies":[{"name":"wp","href":"https:\/\/api.w.org\/{rel}","templated":true}]}}