{"id":29257,"date":"2021-05-21T14:59:26","date_gmt":"2021-08-11T17:24:18","guid":{"rendered":"https:\/\/plamdistributions.com\/produit\/tourterelle-limpia-ventanas-y-espejos\/"},"modified":"2022-06-28T14:03:20","modified_gmt":"2022-06-28T18:03:20","slug":"tourterelle-limpia-ventanas-y-espejos","status":"publish","type":"product","link":"https:\/\/plamdistributions.com\/es\/produit\/tourterelle-limpia-ventanas-y-espejos\/","title":{"rendered":"TOURTERELLE LIMPIADOR DE VENTANAS Y ESPEJOS"},"content":{"rendered":"<p><strong><a href=\"http:\/\/plamdistributions.com\/wp-content\/uploads\/2021\/05\/TOURTERELLE-FT.pdf\" target=\"_blank\" rel=\"Distributions Fiche Pla-M TOURTERELLE et miroirs nettoyant noopener technique vitres \u00e0\"><img decoding=\"async\" class=\"alignnone wp-image-28840\" title=\"Fiche technique TOURTERELLE nettoyant \u00e0 vitres et miroirs Distributions Pla-M\" src=\"http:\/\/plamdistributions.com\/wp-content\/uploads\/2021\/06\/Fiche-technique.jpg\" alt=\"Fiche technique TOURTERELLE nettoyant \u00e0 vitres et miroirs Distributions Pla-M\" width=\"138\" height=\"61\" srcset=\"https:\/\/plamdistributions.com\/wp-content\/uploads\/2021\/06\/Fiche-technique-200x89.jpg 200w, https:\/\/plamdistributions.com\/wp-content\/uploads\/2021\/06\/Fiche-technique-300x134.jpg 300w, https:\/\/plamdistributions.com\/wp-content\/uploads\/2021\/06\/Fiche-technique.jpg 400w\" sizes=\"(max-width: 138px) 100vw, 138px\" \/><\/a><\/strong><a href=\"http:\/\/plamdistributions.com\/wp-content\/uploads\/2021\/05\/TOURTERELLE_FRE.pdf\" target=\"_blank\" rel=\"Distributions Fiche Pla-M TOURTERELLE et miroirs nettoyant noopener technique vitres \u00e0\"><img decoding=\"async\" class=\"alignnone wp-image-39486\" title=\"Fiche signal\u00e9tique TOURTERELLE nettoyant \u00e0 vitres et miroirs Distributions Pla-M\" src=\"http:\/\/plamdistributions.com\/wp-content\/uploads\/2021\/06\/Fiche-signaletique-300x134.jpg\" alt=\"Fiche signal\u00e9tique TOURTERELLE nettoyant \u00e0 vitres et miroirs Distributions Pla-M\" width=\"137\" height=\"61\" srcset=\"https:\/\/plamdistributions.com\/wp-content\/uploads\/2021\/06\/Fiche-signaletique-200x89.jpg 200w, https:\/\/plamdistributions.com\/wp-content\/uploads\/2021\/06\/Fiche-signaletique-300x134.jpg 300w, https:\/\/plamdistributions.com\/wp-content\/uploads\/2021\/06\/Fiche-signaletique.jpg 400w\" sizes=\"(max-width: 137px) 100vw, 137px\" \/><\/a><strong><a href=\"http:\/\/plamdistributions.com\/wp-content\/uploads\/2021\/05\/TOURTERELLE_ANG.pdf\" target=\"_blank\" rel=\"Distributions Pla-M Safety TOURTERELLE and cleaner data glass mirror noopener sheet\"><img decoding=\"async\" class=\"alignnone wp-image-39484\" title=\"Safety data sheet TOURTERELLE glass and mirror cleaner Distributions Pla-M\" src=\"http:\/\/plamdistributions.com\/wp-content\/uploads\/2021\/05\/Safety-data-sheet-300x134.png\" alt=\"Safety data sheet TOURTERELLE glass and mirror cleaner Distributions Pla-M\" width=\"139\" height=\"62\" srcset=\"https:\/\/plamdistributions.com\/wp-content\/uploads\/2021\/05\/Safety-data-sheet-200x89.png 200w, https:\/\/plamdistributions.com\/wp-content\/uploads\/2021\/05\/Safety-data-sheet-300x134.png 300w, https:\/\/plamdistributions.com\/wp-content\/uploads\/2021\/05\/Safety-data-sheet.png 400w\" sizes=\"(max-width: 139px) 100vw, 139px\" \/><\/a><\/strong><\/p>\n<p><strong>C\u00f3digo: TOURTERELLE<\/strong><\/p>\n<p>Tourterelle es un limpiador de ventanas y espejos s\u00faper fuerte, listo para usar, con un aroma a manzana fresca. Tourterelle limpia cristales y espejos sin dejar rastros. Ha sido dise\u00f1ado para eliminar marcas de moscas, huellas dactilares, grasa y polvo de ventanas y espejos.<\/p>\n<p><strong>Modo de empleo<\/strong><\/p>\n<p>Roc\u00ede sobre un espejo o limpie el vidrio con un pa\u00f1o suave y seco. Este producto concentrado tambi\u00e9n se puede diluir con agua, manteniendo las proporciones de mitad, mitad.<\/p>\n<p><strong>\u2713 Producto exclusivo: Distributions Pla-M <\/strong><\/p>\n","protected":false},"excerpt":{"rendered":"<p><iframe title=\"YouTube video player\" src=\"https:\/\/www.youtube.com\/embed\/ToVf1y7PWCQ\" width=\"560\" height=\"315\" frameborder=\"0\" allowfullscreen=\"allowfullscreen\"><\/iframe><\/p>\n","protected":false},"featured_media":25876,"comment_status":"closed","ping_status":"closed","template":"","meta":[],"product_brand":[],"product_cat":[686,691,757,755,776,775],"product_tag":[],"class_list":{"0":"post-29257","1":"product","2":"type-product","3":"status-publish","4":"has-post-thumbnail","6":"product_cat-cleaning-products","7":"product_cat-productos-de-limpieza","8":"product_cat-productos-pla-m","9":"product_cat-products-pla-m","10":"product_cat-vidrio-cromo-y-espejos","11":"product_cat-windows-chrome-and-mirrors","12":"product_shipping_class-standard-en","13":"product_shipping_class-standard-es","15":"first","16":"instock","17":"featured","18":"taxable","19":"shipping-taxable","20":"purchasable","21":"product-type-variable"},"yoast_head":"<!-- This site is optimized with the Yoast SEO plugin v27.4 - https:\/\/yoast.com\/product\/yoast-seo-wordpress\/ -->\n<title>TOURTERELLE LIMPIADOR DE VENTANAS Y ESPEJOS | Distributions Pla-M<\/title>\n<meta name=\"robots\" content=\"index, follow, max-snippet:-1, max-image-preview:large, max-video-preview:-1\" \/>\n<link rel=\"canonical\" href=\"https:\/\/plamdistributions.com\/es\/produit\/tourterelle-limpia-ventanas-y-espejos\/\" \/>\n<meta property=\"og:locale\" content=\"es_ES\" \/>\n<meta property=\"og:type\" content=\"article\" \/>\n<meta property=\"og:title\" content=\"TOURTERELLE LIMPIADOR DE VENTANAS Y ESPEJOS | Distributions Pla-M\" \/>\n<meta property=\"og:url\" content=\"https:\/\/plamdistributions.com\/es\/produit\/tourterelle-limpia-ventanas-y-espejos\/\" \/>\n<meta property=\"og:site_name\" content=\"Distributions Pla-M\" \/>\n<meta property=\"article:publisher\" content=\"https:\/\/www.facebook.com\/displam\/\" \/>\n<meta property=\"article:modified_time\" content=\"2022-06-28T18:03:20+00:00\" \/>\n<meta property=\"og:image\" content=\"https:\/\/plamdistributions.com\/wp-content\/uploads\/2021\/05\/TOURTERELLE-1.jpg\" \/>\n\t<meta property=\"og:image:width\" content=\"600\" \/>\n\t<meta property=\"og:image:height\" content=\"600\" \/>\n\t<meta property=\"og:image:type\" content=\"image\/jpeg\" \/>\n<meta name=\"twitter:card\" content=\"summary_large_image\" \/>\n<meta name=\"twitter:site\" content=\"@Displam\" \/>\n<script type=\"application\/ld+json\" class=\"yoast-schema-graph\">{\"@context\":\"https:\\\/\\\/schema.org\",\"@graph\":[{\"@type\":\"WebPage\",\"@id\":\"https:\\\/\\\/plamdistributions.com\\\/es\\\/produit\\\/tourterelle-limpia-ventanas-y-espejos\\\/\",\"url\":\"https:\\\/\\\/plamdistributions.com\\\/es\\\/produit\\\/tourterelle-limpia-ventanas-y-espejos\\\/\",\"name\":\"TOURTERELLE LIMPIADOR DE VENTANAS Y ESPEJOS | Distributions Pla-M\",\"isPartOf\":{\"@id\":\"https:\\\/\\\/plamdistributions.com\\\/#website\"},\"primaryImageOfPage\":{\"@id\":\"https:\\\/\\\/plamdistributions.com\\\/es\\\/produit\\\/tourterelle-limpia-ventanas-y-espejos\\\/#primaryimage\"},\"image\":{\"@id\":\"https:\\\/\\\/plamdistributions.com\\\/es\\\/produit\\\/tourterelle-limpia-ventanas-y-espejos\\\/#primaryimage\"},\"thumbnailUrl\":\"https:\\\/\\\/plamdistributions.com\\\/wp-content\\\/uploads\\\/2021\\\/05\\\/TOURTERELLE-1.jpg\",\"datePublished\":\"2021-08-11T17:24:18+00:00\",\"dateModified\":\"2022-06-28T18:03:20+00:00\",\"breadcrumb\":{\"@id\":\"https:\\\/\\\/plamdistributions.com\\\/es\\\/produit\\\/tourterelle-limpia-ventanas-y-espejos\\\/#breadcrumb\"},\"inLanguage\":\"es\",\"potentialAction\":[{\"@type\":\"ReadAction\",\"target\":[\"https:\\\/\\\/plamdistributions.com\\\/es\\\/produit\\\/tourterelle-limpia-ventanas-y-espejos\\\/\"]}]},{\"@type\":\"ImageObject\",\"inLanguage\":\"es\",\"@id\":\"https:\\\/\\\/plamdistributions.com\\\/es\\\/produit\\\/tourterelle-limpia-ventanas-y-espejos\\\/#primaryimage\",\"url\":\"https:\\\/\\\/plamdistributions.com\\\/wp-content\\\/uploads\\\/2021\\\/05\\\/TOURTERELLE-1.jpg\",\"contentUrl\":\"https:\\\/\\\/plamdistributions.com\\\/wp-content\\\/uploads\\\/2021\\\/05\\\/TOURTERELLE-1.jpg\",\"width\":600,\"height\":600},{\"@type\":\"BreadcrumbList\",\"@id\":\"https:\\\/\\\/plamdistributions.com\\\/es\\\/produit\\\/tourterelle-limpia-ventanas-y-espejos\\\/#breadcrumb\",\"itemListElement\":[{\"@type\":\"ListItem\",\"position\":1,\"name\":\"Accueil\",\"item\":\"https:\\\/\\\/plamdistributions.com\\\/es\\\/\"},{\"@type\":\"ListItem\",\"position\":2,\"name\":\"Tienda\",\"item\":\"https:\\\/\\\/plamdistributions.com\\\/es\\\/tienda\\\/\"},{\"@type\":\"ListItem\",\"position\":3,\"name\":\"TOURTERELLE LIMPIADOR DE VENTANAS Y ESPEJOS\"}]},{\"@type\":\"WebSite\",\"@id\":\"https:\\\/\\\/plamdistributions.com\\\/#website\",\"url\":\"https:\\\/\\\/plamdistributions.com\\\/\",\"name\":\"Distributions Pla-M Inc.\",\"description\":\"Venta de productos y equipos sanitarios\",\"publisher\":{\"@id\":\"https:\\\/\\\/plamdistributions.com\\\/#organization\"},\"potentialAction\":[{\"@type\":\"SearchAction\",\"target\":{\"@type\":\"EntryPoint\",\"urlTemplate\":\"https:\\\/\\\/plamdistributions.com\\\/?s={search_term_string}\"},\"query-input\":{\"@type\":\"PropertyValueSpecification\",\"valueRequired\":true,\"valueName\":\"search_term_string\"}}],\"inLanguage\":\"es\"},{\"@type\":\"Organization\",\"@id\":\"https:\\\/\\\/plamdistributions.com\\\/#organization\",\"name\":\"Distributions Pla-M\",\"url\":\"https:\\\/\\\/plamdistributions.com\\\/\",\"logo\":{\"@type\":\"ImageObject\",\"inLanguage\":\"es\",\"@id\":\"https:\\\/\\\/plamdistributions.com\\\/#\\\/schema\\\/logo\\\/image\\\/\",\"url\":\"https:\\\/\\\/plamdistributions.com\\\/wp-content\\\/uploads\\\/2021\\\/05\\\/PLAM-SANS.png\",\"contentUrl\":\"https:\\\/\\\/plamdistributions.com\\\/wp-content\\\/uploads\\\/2021\\\/05\\\/PLAM-SANS.png\",\"width\":289,\"height\":224,\"caption\":\"Distributions Pla-M\"},\"image\":{\"@id\":\"https:\\\/\\\/plamdistributions.com\\\/#\\\/schema\\\/logo\\\/image\\\/\"},\"sameAs\":[\"https:\\\/\\\/www.facebook.com\\\/displam\\\/\",\"https:\\\/\\\/x.com\\\/Displam\",\"https:\\\/\\\/www.youtube.com\\\/channel\\\/UCHmm3HCGnpGuaQ984quISDg\"]}]}<\/script>\n<!-- \/ Yoast SEO plugin. -->","yoast_head_json":{"title":"TOURTERELLE LIMPIADOR DE VENTANAS Y ESPEJOS | Distributions Pla-M","robots":{"index":"index","follow":"follow","max-snippet":"max-snippet:-1","max-image-preview":"max-image-preview:large","max-video-preview":"max-video-preview:-1"},"canonical":"https:\/\/plamdistributions.com\/es\/produit\/tourterelle-limpia-ventanas-y-espejos\/","og_locale":"es_ES","og_type":"article","og_title":"TOURTERELLE LIMPIADOR DE VENTANAS Y ESPEJOS | Distributions Pla-M","og_url":"https:\/\/plamdistributions.com\/es\/produit\/tourterelle-limpia-ventanas-y-espejos\/","og_site_name":"Distributions Pla-M","article_publisher":"https:\/\/www.facebook.com\/displam\/","article_modified_time":"2022-06-28T18:03:20+00:00","og_image":[{"width":600,"height":600,"url":"https:\/\/plamdistributions.com\/wp-content\/uploads\/2021\/05\/TOURTERELLE-1.jpg","type":"image\/jpeg"}],"twitter_card":"summary_large_image","twitter_site":"@Displam","schema":{"@context":"https:\/\/schema.org","@graph":[{"@type":"WebPage","@id":"https:\/\/plamdistributions.com\/es\/produit\/tourterelle-limpia-ventanas-y-espejos\/","url":"https:\/\/plamdistributions.com\/es\/produit\/tourterelle-limpia-ventanas-y-espejos\/","name":"TOURTERELLE LIMPIADOR DE VENTANAS Y ESPEJOS | Distributions Pla-M","isPartOf":{"@id":"https:\/\/plamdistributions.com\/#website"},"primaryImageOfPage":{"@id":"https:\/\/plamdistributions.com\/es\/produit\/tourterelle-limpia-ventanas-y-espejos\/#primaryimage"},"image":{"@id":"https:\/\/plamdistributions.com\/es\/produit\/tourterelle-limpia-ventanas-y-espejos\/#primaryimage"},"thumbnailUrl":"https:\/\/plamdistributions.com\/wp-content\/uploads\/2021\/05\/TOURTERELLE-1.jpg","datePublished":"2021-08-11T17:24:18+00:00","dateModified":"2022-06-28T18:03:20+00:00","breadcrumb":{"@id":"https:\/\/plamdistributions.com\/es\/produit\/tourterelle-limpia-ventanas-y-espejos\/#breadcrumb"},"inLanguage":"es","potentialAction":[{"@type":"ReadAction","target":["https:\/\/plamdistributions.com\/es\/produit\/tourterelle-limpia-ventanas-y-espejos\/"]}]},{"@type":"ImageObject","inLanguage":"es","@id":"https:\/\/plamdistributions.com\/es\/produit\/tourterelle-limpia-ventanas-y-espejos\/#primaryimage","url":"https:\/\/plamdistributions.com\/wp-content\/uploads\/2021\/05\/TOURTERELLE-1.jpg","contentUrl":"https:\/\/plamdistributions.com\/wp-content\/uploads\/2021\/05\/TOURTERELLE-1.jpg","width":600,"height":600},{"@type":"BreadcrumbList","@id":"https:\/\/plamdistributions.com\/es\/produit\/tourterelle-limpia-ventanas-y-espejos\/#breadcrumb","itemListElement":[{"@type":"ListItem","position":1,"name":"Accueil","item":"https:\/\/plamdistributions.com\/es\/"},{"@type":"ListItem","position":2,"name":"Tienda","item":"https:\/\/plamdistributions.com\/es\/tienda\/"},{"@type":"ListItem","position":3,"name":"TOURTERELLE LIMPIADOR DE VENTANAS Y ESPEJOS"}]},{"@type":"WebSite","@id":"https:\/\/plamdistributions.com\/#website","url":"https:\/\/plamdistributions.com\/","name":"Distributions Pla-M Inc.","description":"Venta de productos y equipos sanitarios","publisher":{"@id":"https:\/\/plamdistributions.com\/#organization"},"potentialAction":[{"@type":"SearchAction","target":{"@type":"EntryPoint","urlTemplate":"https:\/\/plamdistributions.com\/?s={search_term_string}"},"query-input":{"@type":"PropertyValueSpecification","valueRequired":true,"valueName":"search_term_string"}}],"inLanguage":"es"},{"@type":"Organization","@id":"https:\/\/plamdistributions.com\/#organization","name":"Distributions Pla-M","url":"https:\/\/plamdistributions.com\/","logo":{"@type":"ImageObject","inLanguage":"es","@id":"https:\/\/plamdistributions.com\/#\/schema\/logo\/image\/","url":"https:\/\/plamdistributions.com\/wp-content\/uploads\/2021\/05\/PLAM-SANS.png","contentUrl":"https:\/\/plamdistributions.com\/wp-content\/uploads\/2021\/05\/PLAM-SANS.png","width":289,"height":224,"caption":"Distributions Pla-M"},"image":{"@id":"https:\/\/plamdistributions.com\/#\/schema\/logo\/image\/"},"sameAs":["https:\/\/www.facebook.com\/displam\/","https:\/\/x.com\/Displam","https:\/\/www.youtube.com\/channel\/UCHmm3HCGnpGuaQ984quISDg"]}]}},"_links":{"self":[{"href":"https:\/\/plamdistributions.com\/es\/wp-json\/wp\/v2\/product\/29257","targetHints":{"allow":["GET"]}}],"collection":[{"href":"https:\/\/plamdistributions.com\/es\/wp-json\/wp\/v2\/product"}],"about":[{"href":"https:\/\/plamdistributions.com\/es\/wp-json\/wp\/v2\/types\/product"}],"replies":[{"embeddable":true,"href":"https:\/\/plamdistributions.com\/es\/wp-json\/wp\/v2\/comments?post=29257"}],"wp:featuredmedia":[{"embeddable":true,"href":"https:\/\/plamdistributions.com\/es\/wp-json\/wp\/v2\/media\/25876"}],"wp:attachment":[{"href":"https:\/\/plamdistributions.com\/es\/wp-json\/wp\/v2\/media?parent=29257"}],"wp:term":[{"taxonomy":"product_brand","embeddable":true,"href":"https:\/\/plamdistributions.com\/es\/wp-json\/wp\/v2\/product_brand?post=29257"},{"taxonomy":"product_cat","embeddable":true,"href":"https:\/\/plamdistributions.com\/es\/wp-json\/wp\/v2\/product_cat?post=29257"},{"taxonomy":"product_tag","embeddable":true,"href":"https:\/\/plamdistributions.com\/es\/wp-json\/wp\/v2\/product_tag?post=29257"}],"curies":[{"name":"wp","href":"https:\/\/api.w.org\/{rel}","templated":true}]}}