{"id":29662,"date":"2021-11-03T14:48:04","date_gmt":"2021-11-03T18:48:04","guid":{"rendered":"http:\/\/plamdistributions.com\/?post_type=product&#038;p=29662"},"modified":"2026-05-05T15:28:20","modified_gmt":"2026-05-05T19:28:20","slug":"biopin-nettoyant-a-base-dhuile-de-pin-4-litres","status":"publish","type":"product","link":"https:\/\/plamdistributions.com\/es\/produit\/biopin-nettoyant-a-base-dhuile-de-pin-4-litres\/","title":{"rendered":"NETTOYANT \u00c0 BASE D&#8217;HUILE DE PIN 4LTS"},"content":{"rendered":"<h4><a href=\"http:\/\/plamdistributions.com\/wp-content\/uploads\/2021\/05\/biopin_ft.pdf\"><img decoding=\"async\" class=\"alignnone wp-image-26758\" src=\"http:\/\/plamdistributions.com\/wp-content\/uploads\/2021\/06\/Fiche-technique.jpg\" alt=\"Fiche technique Biopin nettoyant antibact\u00e9rien et biod\u00e9gradable\" width=\"144\" height=\"64\" srcset=\"https:\/\/plamdistributions.com\/wp-content\/uploads\/2021\/06\/Fiche-technique-200x89.jpg 200w, https:\/\/plamdistributions.com\/wp-content\/uploads\/2021\/06\/Fiche-technique-300x134.jpg 300w, https:\/\/plamdistributions.com\/wp-content\/uploads\/2021\/06\/Fiche-technique.jpg 400w\" sizes=\"(max-width: 144px) 100vw, 144px\" \/><\/a><\/h4>\n<p><strong>Code: BIOPIN<\/strong><\/p>\n<p><strong>\u2713 Ultra concentr\u00e9 \u2713 Base d&#8217;huile de pin \u2713 Odeur naturelle de pin<\/strong><\/p>\n<p>BIOPIN est un nettoyant tout-usage biod\u00e9gradable et antibact\u00e9rien. Sa formule sp\u00e9ciale \u00e0 base d\u2019huile de pin et de savon naturel fait de lui un excellent d\u00e9tergent pour les planchers des salles de toilettes publiques, les cabinets de douches et les vestiaires. Comme il ne contient pas de solvant, il est assez doux pour nettoyer la porcelaine, les tuiles de c\u00e9ramiques et l\u2019acier inoxydable tout en laissant une agr\u00e9able et naturelle odeur de pin.<\/p>\n<p><strong>\u2713\u00a0 Fabricant: Unica Canada<\/strong><\/p>\n","protected":false},"excerpt":{"rendered":"<p>Code: BIOPIN \u2713 Ultra concentr\u00e9 \u2713 Base d&#8217;huile de pin \u2713 Odeur naturelle de pin BIOPIN est un nettoyant tout-usage<\/p>\n","protected":false},"featured_media":29663,"comment_status":"closed","ping_status":"closed","template":"","meta":[],"product_brand":[],"product_cat":[62,109],"product_tag":[],"class_list":{"0":"post-29662","1":"product","2":"type-product","3":"status-publish","4":"has-post-thumbnail","6":"product_cat-produits-dentretien-menager","7":"product_cat-produits-pour-le-nettoyage-general","8":"product_shipping_class-standard","10":"first","11":"instock","12":"featured","13":"taxable","14":"shipping-taxable","15":"purchasable","16":"product-type-simple"},"yoast_head":"<!-- This site is optimized with the Yoast SEO plugin v27.5 - https:\/\/yoast.com\/product\/yoast-seo-wordpress\/ -->\n<title>NETTOYANT \u00c0 BASE D&#039;HUILE DE PIN 4LTS | Distributions Pla-M<\/title>\n<meta name=\"robots\" content=\"index, follow, max-snippet:-1, max-image-preview:large, max-video-preview:-1\" \/>\n<link rel=\"canonical\" href=\"https:\/\/plamdistributions.com\/produit\/biopin-nettoyant-a-base-dhuile-de-pin-4-litres\/\" \/>\n<meta property=\"og:locale\" content=\"es_ES\" \/>\n<meta property=\"og:type\" content=\"article\" \/>\n<meta property=\"og:title\" content=\"NETTOYANT \u00c0 BASE D&#039;HUILE DE PIN 4LTS | Distributions Pla-M\" \/>\n<meta property=\"og:description\" content=\"Code: BIOPIN \u2713 Ultra concentr\u00e9 \u2713 Base d&#8217;huile de pin \u2713 Odeur naturelle de pin BIOPIN est un nettoyant tout-usage\" \/>\n<meta property=\"og:url\" content=\"https:\/\/plamdistributions.com\/produit\/biopin-nettoyant-a-base-dhuile-de-pin-4-litres\/\" \/>\n<meta property=\"og:site_name\" content=\"Distributions Pla-M\" \/>\n<meta property=\"article:publisher\" content=\"https:\/\/www.facebook.com\/displam\/\" \/>\n<meta property=\"article:modified_time\" content=\"2026-05-05T19:28:20+00:00\" \/>\n<meta property=\"og:image\" content=\"https:\/\/plamdistributions.com\/wp-content\/uploads\/2021\/11\/BIOPIN.png\" \/>\n\t<meta property=\"og:image:width\" content=\"700\" \/>\n\t<meta property=\"og:image:height\" content=\"700\" \/>\n\t<meta property=\"og:image:type\" content=\"image\/png\" \/>\n<meta name=\"twitter:card\" content=\"summary_large_image\" \/>\n<meta name=\"twitter:site\" content=\"@Displam\" \/>\n<script type=\"application\/ld+json\" class=\"yoast-schema-graph\">{\"@context\":\"https:\\\/\\\/schema.org\",\"@graph\":[{\"@type\":\"WebPage\",\"@id\":\"https:\\\/\\\/plamdistributions.com\\\/produit\\\/biopin-nettoyant-a-base-dhuile-de-pin-4-litres\\\/\",\"url\":\"https:\\\/\\\/plamdistributions.com\\\/produit\\\/biopin-nettoyant-a-base-dhuile-de-pin-4-litres\\\/\",\"name\":\"NETTOYANT \u00c0 BASE D'HUILE DE PIN 4LTS | Distributions Pla-M\",\"isPartOf\":{\"@id\":\"https:\\\/\\\/plamdistributions.com\\\/#website\"},\"primaryImageOfPage\":{\"@id\":\"https:\\\/\\\/plamdistributions.com\\\/produit\\\/biopin-nettoyant-a-base-dhuile-de-pin-4-litres\\\/#primaryimage\"},\"image\":{\"@id\":\"https:\\\/\\\/plamdistributions.com\\\/produit\\\/biopin-nettoyant-a-base-dhuile-de-pin-4-litres\\\/#primaryimage\"},\"thumbnailUrl\":\"https:\\\/\\\/plamdistributions.com\\\/wp-content\\\/uploads\\\/2021\\\/11\\\/BIOPIN.png\",\"datePublished\":\"2021-11-03T18:48:04+00:00\",\"dateModified\":\"2026-05-05T19:28:20+00:00\",\"breadcrumb\":{\"@id\":\"https:\\\/\\\/plamdistributions.com\\\/produit\\\/biopin-nettoyant-a-base-dhuile-de-pin-4-litres\\\/#breadcrumb\"},\"inLanguage\":\"es\",\"potentialAction\":[{\"@type\":\"ReadAction\",\"target\":[\"https:\\\/\\\/plamdistributions.com\\\/produit\\\/biopin-nettoyant-a-base-dhuile-de-pin-4-litres\\\/\"]}]},{\"@type\":\"ImageObject\",\"inLanguage\":\"es\",\"@id\":\"https:\\\/\\\/plamdistributions.com\\\/produit\\\/biopin-nettoyant-a-base-dhuile-de-pin-4-litres\\\/#primaryimage\",\"url\":\"https:\\\/\\\/plamdistributions.com\\\/wp-content\\\/uploads\\\/2021\\\/11\\\/BIOPIN.png\",\"contentUrl\":\"https:\\\/\\\/plamdistributions.com\\\/wp-content\\\/uploads\\\/2021\\\/11\\\/BIOPIN.png\",\"width\":700,\"height\":700,\"caption\":\"BIOPIN Unica Canada\"},{\"@type\":\"BreadcrumbList\",\"@id\":\"https:\\\/\\\/plamdistributions.com\\\/produit\\\/biopin-nettoyant-a-base-dhuile-de-pin-4-litres\\\/#breadcrumb\",\"itemListElement\":[{\"@type\":\"ListItem\",\"position\":1,\"name\":\"Accueil\",\"item\":\"https:\\\/\\\/plamdistributions.com\\\/es\\\/\"},{\"@type\":\"ListItem\",\"position\":2,\"name\":\"Tienda\",\"item\":\"https:\\\/\\\/plamdistributions.com\\\/es\\\/tienda\\\/\"},{\"@type\":\"ListItem\",\"position\":3,\"name\":\"NETTOYANT \u00c0 BASE D&rsquo;HUILE DE PIN 4LTS\"}]},{\"@type\":\"WebSite\",\"@id\":\"https:\\\/\\\/plamdistributions.com\\\/#website\",\"url\":\"https:\\\/\\\/plamdistributions.com\\\/\",\"name\":\"Distributions Pla-M Inc.\",\"description\":\"Venta de productos y equipos sanitarios\",\"publisher\":{\"@id\":\"https:\\\/\\\/plamdistributions.com\\\/#organization\"},\"potentialAction\":[{\"@type\":\"SearchAction\",\"target\":{\"@type\":\"EntryPoint\",\"urlTemplate\":\"https:\\\/\\\/plamdistributions.com\\\/?s={search_term_string}\"},\"query-input\":{\"@type\":\"PropertyValueSpecification\",\"valueRequired\":true,\"valueName\":\"search_term_string\"}}],\"inLanguage\":\"es\"},{\"@type\":\"Organization\",\"@id\":\"https:\\\/\\\/plamdistributions.com\\\/#organization\",\"name\":\"Distributions Pla-M\",\"url\":\"https:\\\/\\\/plamdistributions.com\\\/\",\"logo\":{\"@type\":\"ImageObject\",\"inLanguage\":\"es\",\"@id\":\"https:\\\/\\\/plamdistributions.com\\\/#\\\/schema\\\/logo\\\/image\\\/\",\"url\":\"https:\\\/\\\/plamdistributions.com\\\/wp-content\\\/uploads\\\/2021\\\/05\\\/PLAM-SANS.png\",\"contentUrl\":\"https:\\\/\\\/plamdistributions.com\\\/wp-content\\\/uploads\\\/2021\\\/05\\\/PLAM-SANS.png\",\"width\":289,\"height\":224,\"caption\":\"Distributions Pla-M\"},\"image\":{\"@id\":\"https:\\\/\\\/plamdistributions.com\\\/#\\\/schema\\\/logo\\\/image\\\/\"},\"sameAs\":[\"https:\\\/\\\/www.facebook.com\\\/displam\\\/\",\"https:\\\/\\\/x.com\\\/Displam\",\"https:\\\/\\\/www.youtube.com\\\/channel\\\/UCHmm3HCGnpGuaQ984quISDg\"]}]}<\/script>\n<!-- \/ Yoast SEO plugin. -->","yoast_head_json":{"title":"NETTOYANT \u00c0 BASE D'HUILE DE PIN 4LTS | Distributions Pla-M","robots":{"index":"index","follow":"follow","max-snippet":"max-snippet:-1","max-image-preview":"max-image-preview:large","max-video-preview":"max-video-preview:-1"},"canonical":"https:\/\/plamdistributions.com\/produit\/biopin-nettoyant-a-base-dhuile-de-pin-4-litres\/","og_locale":"es_ES","og_type":"article","og_title":"NETTOYANT \u00c0 BASE D'HUILE DE PIN 4LTS | Distributions Pla-M","og_description":"Code: BIOPIN \u2713 Ultra concentr\u00e9 \u2713 Base d&#8217;huile de pin \u2713 Odeur naturelle de pin BIOPIN est un nettoyant tout-usage","og_url":"https:\/\/plamdistributions.com\/produit\/biopin-nettoyant-a-base-dhuile-de-pin-4-litres\/","og_site_name":"Distributions Pla-M","article_publisher":"https:\/\/www.facebook.com\/displam\/","article_modified_time":"2026-05-05T19:28:20+00:00","og_image":[{"width":700,"height":700,"url":"https:\/\/plamdistributions.com\/wp-content\/uploads\/2021\/11\/BIOPIN.png","type":"image\/png"}],"twitter_card":"summary_large_image","twitter_site":"@Displam","schema":{"@context":"https:\/\/schema.org","@graph":[{"@type":"WebPage","@id":"https:\/\/plamdistributions.com\/produit\/biopin-nettoyant-a-base-dhuile-de-pin-4-litres\/","url":"https:\/\/plamdistributions.com\/produit\/biopin-nettoyant-a-base-dhuile-de-pin-4-litres\/","name":"NETTOYANT \u00c0 BASE D'HUILE DE PIN 4LTS | Distributions Pla-M","isPartOf":{"@id":"https:\/\/plamdistributions.com\/#website"},"primaryImageOfPage":{"@id":"https:\/\/plamdistributions.com\/produit\/biopin-nettoyant-a-base-dhuile-de-pin-4-litres\/#primaryimage"},"image":{"@id":"https:\/\/plamdistributions.com\/produit\/biopin-nettoyant-a-base-dhuile-de-pin-4-litres\/#primaryimage"},"thumbnailUrl":"https:\/\/plamdistributions.com\/wp-content\/uploads\/2021\/11\/BIOPIN.png","datePublished":"2021-11-03T18:48:04+00:00","dateModified":"2026-05-05T19:28:20+00:00","breadcrumb":{"@id":"https:\/\/plamdistributions.com\/produit\/biopin-nettoyant-a-base-dhuile-de-pin-4-litres\/#breadcrumb"},"inLanguage":"es","potentialAction":[{"@type":"ReadAction","target":["https:\/\/plamdistributions.com\/produit\/biopin-nettoyant-a-base-dhuile-de-pin-4-litres\/"]}]},{"@type":"ImageObject","inLanguage":"es","@id":"https:\/\/plamdistributions.com\/produit\/biopin-nettoyant-a-base-dhuile-de-pin-4-litres\/#primaryimage","url":"https:\/\/plamdistributions.com\/wp-content\/uploads\/2021\/11\/BIOPIN.png","contentUrl":"https:\/\/plamdistributions.com\/wp-content\/uploads\/2021\/11\/BIOPIN.png","width":700,"height":700,"caption":"BIOPIN Unica Canada"},{"@type":"BreadcrumbList","@id":"https:\/\/plamdistributions.com\/produit\/biopin-nettoyant-a-base-dhuile-de-pin-4-litres\/#breadcrumb","itemListElement":[{"@type":"ListItem","position":1,"name":"Accueil","item":"https:\/\/plamdistributions.com\/es\/"},{"@type":"ListItem","position":2,"name":"Tienda","item":"https:\/\/plamdistributions.com\/es\/tienda\/"},{"@type":"ListItem","position":3,"name":"NETTOYANT \u00c0 BASE D&rsquo;HUILE DE PIN 4LTS"}]},{"@type":"WebSite","@id":"https:\/\/plamdistributions.com\/#website","url":"https:\/\/plamdistributions.com\/","name":"Distributions Pla-M Inc.","description":"Venta de productos y equipos sanitarios","publisher":{"@id":"https:\/\/plamdistributions.com\/#organization"},"potentialAction":[{"@type":"SearchAction","target":{"@type":"EntryPoint","urlTemplate":"https:\/\/plamdistributions.com\/?s={search_term_string}"},"query-input":{"@type":"PropertyValueSpecification","valueRequired":true,"valueName":"search_term_string"}}],"inLanguage":"es"},{"@type":"Organization","@id":"https:\/\/plamdistributions.com\/#organization","name":"Distributions Pla-M","url":"https:\/\/plamdistributions.com\/","logo":{"@type":"ImageObject","inLanguage":"es","@id":"https:\/\/plamdistributions.com\/#\/schema\/logo\/image\/","url":"https:\/\/plamdistributions.com\/wp-content\/uploads\/2021\/05\/PLAM-SANS.png","contentUrl":"https:\/\/plamdistributions.com\/wp-content\/uploads\/2021\/05\/PLAM-SANS.png","width":289,"height":224,"caption":"Distributions Pla-M"},"image":{"@id":"https:\/\/plamdistributions.com\/#\/schema\/logo\/image\/"},"sameAs":["https:\/\/www.facebook.com\/displam\/","https:\/\/x.com\/Displam","https:\/\/www.youtube.com\/channel\/UCHmm3HCGnpGuaQ984quISDg"]}]}},"_links":{"self":[{"href":"https:\/\/plamdistributions.com\/es\/wp-json\/wp\/v2\/product\/29662","targetHints":{"allow":["GET"]}}],"collection":[{"href":"https:\/\/plamdistributions.com\/es\/wp-json\/wp\/v2\/product"}],"about":[{"href":"https:\/\/plamdistributions.com\/es\/wp-json\/wp\/v2\/types\/product"}],"replies":[{"embeddable":true,"href":"https:\/\/plamdistributions.com\/es\/wp-json\/wp\/v2\/comments?post=29662"}],"wp:featuredmedia":[{"embeddable":true,"href":"https:\/\/plamdistributions.com\/es\/wp-json\/wp\/v2\/media\/29663"}],"wp:attachment":[{"href":"https:\/\/plamdistributions.com\/es\/wp-json\/wp\/v2\/media?parent=29662"}],"wp:term":[{"taxonomy":"product_brand","embeddable":true,"href":"https:\/\/plamdistributions.com\/es\/wp-json\/wp\/v2\/product_brand?post=29662"},{"taxonomy":"product_cat","embeddable":true,"href":"https:\/\/plamdistributions.com\/es\/wp-json\/wp\/v2\/product_cat?post=29662"},{"taxonomy":"product_tag","embeddable":true,"href":"https:\/\/plamdistributions.com\/es\/wp-json\/wp\/v2\/product_tag?post=29662"}],"curies":[{"name":"wp","href":"https:\/\/api.w.org\/{rel}","templated":true}]}}