{"id":29705,"date":"2021-11-04T13:29:17","date_gmt":"2021-11-04T17:29:17","guid":{"rendered":"https:\/\/plamdistributions.com\/?post_type=product&#038;p=29705"},"modified":"2023-01-31T01:04:55","modified_gmt":"2023-01-31T05:04:55","slug":"proportionneur-dema-1-sortie-4g-m-et-sorties-1g-m","status":"publish","type":"product","link":"https:\/\/plamdistributions.com\/es\/produit\/proportionneur-dema-1-sortie-4g-m-et-sorties-1g-m\/","title":{"rendered":"Proportionneur Dema 1 sortie 4G\/M et sorties 1G\/M"},"content":{"rendered":"<p><strong>Code: ACP-PD830GAP<br \/>\n<\/strong><\/p>\n<p>Option de remplissage \u00e0 distance pour un remplissage facile des seaux et des \u00e9purateurs lorsque la flexibilit\u00e9 de l&#8217;emplacement est requise. <a href=\"https:\/\/raytechcanada.com\/fr\/marques\/dema\"><strong><em>DEMA<\/em><\/strong><\/a><\/p>\n<p><strong>\u2713 Fournisseur: <a href=\"https:\/\/raytechcanada.com\/fr\/\">Technologies Sanitaires Raytech<\/a><\/strong><\/p>\n","protected":false},"excerpt":{"rendered":"<p><strong>\u2713 Fournisseur: <a href=\"https:\/\/raytechcanada.com\/fr\/\">Technologies Sanitaires Raytech<\/a><\/strong><\/p>\n","protected":false},"featured_media":29709,"comment_status":"closed","ping_status":"closed","template":"","meta":[],"product_brand":[],"product_cat":[143,208],"product_tag":[],"class_list":{"0":"post-29705","1":"product","2":"type-product","3":"status-publish","4":"has-post-thumbnail","6":"product_cat-accessoires","7":"product_cat-autres-accessoires","8":"product_shipping_class-standard","10":"first","11":"onbackorder","12":"taxable","13":"shipping-taxable","14":"purchasable","15":"product-type-variable"},"yoast_head":"<!-- This site is optimized with the Yoast SEO plugin v27.4 - https:\/\/yoast.com\/product\/yoast-seo-wordpress\/ -->\n<title>Proportionneur Dema 1 sortie 4G\/M et sorties 1G\/M | Distributions Pla-M<\/title>\n<meta name=\"robots\" content=\"index, follow, max-snippet:-1, max-image-preview:large, max-video-preview:-1\" \/>\n<link rel=\"canonical\" href=\"https:\/\/plamdistributions.com\/en\/produit\/proportionneur-dema-1-sortie-4g-m-et-sorties-1g-m\/\" \/>\n<meta property=\"og:locale\" content=\"es_ES\" \/>\n<meta property=\"og:type\" content=\"article\" \/>\n<meta property=\"og:title\" content=\"Proportionneur Dema 1 sortie 4G\/M et sorties 1G\/M | Distributions Pla-M\" \/>\n<meta property=\"og:description\" content=\"\u2713 Fournisseur: Technologies Sanitaires Raytech\" \/>\n<meta property=\"og:url\" content=\"https:\/\/plamdistributions.com\/en\/produit\/proportionneur-dema-1-sortie-4g-m-et-sorties-1g-m\/\" \/>\n<meta property=\"og:site_name\" content=\"Distributions Pla-M\" \/>\n<meta property=\"article:publisher\" content=\"https:\/\/www.facebook.com\/displam\/\" \/>\n<meta property=\"article:modified_time\" content=\"2023-01-31T05:04:55+00:00\" \/>\n<meta property=\"og:image\" content=\"https:\/\/plamdistributions.com\/wp-content\/uploads\/2021\/11\/ACP-PD809GAP-et-ACP-PD830GAP-Proportionneur-1-sorties.jpg\" \/>\n\t<meta property=\"og:image:width\" content=\"700\" \/>\n\t<meta property=\"og:image:height\" content=\"700\" \/>\n\t<meta property=\"og:image:type\" content=\"image\/jpeg\" \/>\n<meta name=\"twitter:card\" content=\"summary_large_image\" \/>\n<meta name=\"twitter:site\" content=\"@Displam\" \/>\n<meta name=\"twitter:label1\" content=\"Tiempo de lectura\" \/>\n\t<meta name=\"twitter:data1\" content=\"1 minuto\" \/>\n<script type=\"application\/ld+json\" class=\"yoast-schema-graph\">{\"@context\":\"https:\\\/\\\/schema.org\",\"@graph\":[{\"@type\":\"WebPage\",\"@id\":\"https:\\\/\\\/plamdistributions.com\\\/en\\\/produit\\\/proportionneur-dema-1-sortie-4g-m-et-sorties-1g-m\\\/\",\"url\":\"https:\\\/\\\/plamdistributions.com\\\/en\\\/produit\\\/proportionneur-dema-1-sortie-4g-m-et-sorties-1g-m\\\/\",\"name\":\"Proportionneur Dema 1 sortie 4G\\\/M et sorties 1G\\\/M | Distributions Pla-M\",\"isPartOf\":{\"@id\":\"https:\\\/\\\/plamdistributions.com\\\/#website\"},\"primaryImageOfPage\":{\"@id\":\"https:\\\/\\\/plamdistributions.com\\\/en\\\/produit\\\/proportionneur-dema-1-sortie-4g-m-et-sorties-1g-m\\\/#primaryimage\"},\"image\":{\"@id\":\"https:\\\/\\\/plamdistributions.com\\\/en\\\/produit\\\/proportionneur-dema-1-sortie-4g-m-et-sorties-1g-m\\\/#primaryimage\"},\"thumbnailUrl\":\"https:\\\/\\\/plamdistributions.com\\\/wp-content\\\/uploads\\\/2021\\\/11\\\/ACP-PD809GAP-et-ACP-PD830GAP-Proportionneur-1-sorties.jpg\",\"datePublished\":\"2021-11-04T17:29:17+00:00\",\"dateModified\":\"2023-01-31T05:04:55+00:00\",\"breadcrumb\":{\"@id\":\"https:\\\/\\\/plamdistributions.com\\\/en\\\/produit\\\/proportionneur-dema-1-sortie-4g-m-et-sorties-1g-m\\\/#breadcrumb\"},\"inLanguage\":\"es\",\"potentialAction\":[{\"@type\":\"ReadAction\",\"target\":[\"https:\\\/\\\/plamdistributions.com\\\/en\\\/produit\\\/proportionneur-dema-1-sortie-4g-m-et-sorties-1g-m\\\/\"]}]},{\"@type\":\"ImageObject\",\"inLanguage\":\"es\",\"@id\":\"https:\\\/\\\/plamdistributions.com\\\/en\\\/produit\\\/proportionneur-dema-1-sortie-4g-m-et-sorties-1g-m\\\/#primaryimage\",\"url\":\"https:\\\/\\\/plamdistributions.com\\\/wp-content\\\/uploads\\\/2021\\\/11\\\/ACP-PD809GAP-et-ACP-PD830GAP-Proportionneur-1-sorties.jpg\",\"contentUrl\":\"https:\\\/\\\/plamdistributions.com\\\/wp-content\\\/uploads\\\/2021\\\/11\\\/ACP-PD809GAP-et-ACP-PD830GAP-Proportionneur-1-sorties.jpg\",\"width\":700,\"height\":700,\"caption\":\"Proportionneur 4 sorties DEMA 809GAP ou 830GAP fournisseur Technologies Sanitaires Raytech\"},{\"@type\":\"BreadcrumbList\",\"@id\":\"https:\\\/\\\/plamdistributions.com\\\/en\\\/produit\\\/proportionneur-dema-1-sortie-4g-m-et-sorties-1g-m\\\/#breadcrumb\",\"itemListElement\":[{\"@type\":\"ListItem\",\"position\":1,\"name\":\"Accueil\",\"item\":\"https:\\\/\\\/plamdistributions.com\\\/es\\\/\"},{\"@type\":\"ListItem\",\"position\":2,\"name\":\"Tienda\",\"item\":\"https:\\\/\\\/plamdistributions.com\\\/es\\\/tienda\\\/\"},{\"@type\":\"ListItem\",\"position\":3,\"name\":\"Proportionneur Dema 1 sortie 4G\\\/M et sorties 1G\\\/M\"}]},{\"@type\":\"WebSite\",\"@id\":\"https:\\\/\\\/plamdistributions.com\\\/#website\",\"url\":\"https:\\\/\\\/plamdistributions.com\\\/\",\"name\":\"Distributions Pla-M Inc.\",\"description\":\"Venta de productos y equipos sanitarios\",\"publisher\":{\"@id\":\"https:\\\/\\\/plamdistributions.com\\\/#organization\"},\"potentialAction\":[{\"@type\":\"SearchAction\",\"target\":{\"@type\":\"EntryPoint\",\"urlTemplate\":\"https:\\\/\\\/plamdistributions.com\\\/?s={search_term_string}\"},\"query-input\":{\"@type\":\"PropertyValueSpecification\",\"valueRequired\":true,\"valueName\":\"search_term_string\"}}],\"inLanguage\":\"es\"},{\"@type\":\"Organization\",\"@id\":\"https:\\\/\\\/plamdistributions.com\\\/#organization\",\"name\":\"Distributions Pla-M\",\"url\":\"https:\\\/\\\/plamdistributions.com\\\/\",\"logo\":{\"@type\":\"ImageObject\",\"inLanguage\":\"es\",\"@id\":\"https:\\\/\\\/plamdistributions.com\\\/#\\\/schema\\\/logo\\\/image\\\/\",\"url\":\"https:\\\/\\\/plamdistributions.com\\\/wp-content\\\/uploads\\\/2021\\\/05\\\/PLAM-SANS.png\",\"contentUrl\":\"https:\\\/\\\/plamdistributions.com\\\/wp-content\\\/uploads\\\/2021\\\/05\\\/PLAM-SANS.png\",\"width\":289,\"height\":224,\"caption\":\"Distributions Pla-M\"},\"image\":{\"@id\":\"https:\\\/\\\/plamdistributions.com\\\/#\\\/schema\\\/logo\\\/image\\\/\"},\"sameAs\":[\"https:\\\/\\\/www.facebook.com\\\/displam\\\/\",\"https:\\\/\\\/x.com\\\/Displam\",\"https:\\\/\\\/www.youtube.com\\\/channel\\\/UCHmm3HCGnpGuaQ984quISDg\"]}]}<\/script>\n<!-- \/ Yoast SEO plugin. -->","yoast_head_json":{"title":"Proportionneur Dema 1 sortie 4G\/M et sorties 1G\/M | Distributions Pla-M","robots":{"index":"index","follow":"follow","max-snippet":"max-snippet:-1","max-image-preview":"max-image-preview:large","max-video-preview":"max-video-preview:-1"},"canonical":"https:\/\/plamdistributions.com\/en\/produit\/proportionneur-dema-1-sortie-4g-m-et-sorties-1g-m\/","og_locale":"es_ES","og_type":"article","og_title":"Proportionneur Dema 1 sortie 4G\/M et sorties 1G\/M | Distributions Pla-M","og_description":"\u2713 Fournisseur: Technologies Sanitaires Raytech","og_url":"https:\/\/plamdistributions.com\/en\/produit\/proportionneur-dema-1-sortie-4g-m-et-sorties-1g-m\/","og_site_name":"Distributions Pla-M","article_publisher":"https:\/\/www.facebook.com\/displam\/","article_modified_time":"2023-01-31T05:04:55+00:00","og_image":[{"width":700,"height":700,"url":"https:\/\/plamdistributions.com\/wp-content\/uploads\/2021\/11\/ACP-PD809GAP-et-ACP-PD830GAP-Proportionneur-1-sorties.jpg","type":"image\/jpeg"}],"twitter_card":"summary_large_image","twitter_site":"@Displam","twitter_misc":{"Tiempo de lectura":"1 minuto"},"schema":{"@context":"https:\/\/schema.org","@graph":[{"@type":"WebPage","@id":"https:\/\/plamdistributions.com\/en\/produit\/proportionneur-dema-1-sortie-4g-m-et-sorties-1g-m\/","url":"https:\/\/plamdistributions.com\/en\/produit\/proportionneur-dema-1-sortie-4g-m-et-sorties-1g-m\/","name":"Proportionneur Dema 1 sortie 4G\/M et sorties 1G\/M | Distributions Pla-M","isPartOf":{"@id":"https:\/\/plamdistributions.com\/#website"},"primaryImageOfPage":{"@id":"https:\/\/plamdistributions.com\/en\/produit\/proportionneur-dema-1-sortie-4g-m-et-sorties-1g-m\/#primaryimage"},"image":{"@id":"https:\/\/plamdistributions.com\/en\/produit\/proportionneur-dema-1-sortie-4g-m-et-sorties-1g-m\/#primaryimage"},"thumbnailUrl":"https:\/\/plamdistributions.com\/wp-content\/uploads\/2021\/11\/ACP-PD809GAP-et-ACP-PD830GAP-Proportionneur-1-sorties.jpg","datePublished":"2021-11-04T17:29:17+00:00","dateModified":"2023-01-31T05:04:55+00:00","breadcrumb":{"@id":"https:\/\/plamdistributions.com\/en\/produit\/proportionneur-dema-1-sortie-4g-m-et-sorties-1g-m\/#breadcrumb"},"inLanguage":"es","potentialAction":[{"@type":"ReadAction","target":["https:\/\/plamdistributions.com\/en\/produit\/proportionneur-dema-1-sortie-4g-m-et-sorties-1g-m\/"]}]},{"@type":"ImageObject","inLanguage":"es","@id":"https:\/\/plamdistributions.com\/en\/produit\/proportionneur-dema-1-sortie-4g-m-et-sorties-1g-m\/#primaryimage","url":"https:\/\/plamdistributions.com\/wp-content\/uploads\/2021\/11\/ACP-PD809GAP-et-ACP-PD830GAP-Proportionneur-1-sorties.jpg","contentUrl":"https:\/\/plamdistributions.com\/wp-content\/uploads\/2021\/11\/ACP-PD809GAP-et-ACP-PD830GAP-Proportionneur-1-sorties.jpg","width":700,"height":700,"caption":"Proportionneur 4 sorties DEMA 809GAP ou 830GAP fournisseur Technologies Sanitaires Raytech"},{"@type":"BreadcrumbList","@id":"https:\/\/plamdistributions.com\/en\/produit\/proportionneur-dema-1-sortie-4g-m-et-sorties-1g-m\/#breadcrumb","itemListElement":[{"@type":"ListItem","position":1,"name":"Accueil","item":"https:\/\/plamdistributions.com\/es\/"},{"@type":"ListItem","position":2,"name":"Tienda","item":"https:\/\/plamdistributions.com\/es\/tienda\/"},{"@type":"ListItem","position":3,"name":"Proportionneur Dema 1 sortie 4G\/M et sorties 1G\/M"}]},{"@type":"WebSite","@id":"https:\/\/plamdistributions.com\/#website","url":"https:\/\/plamdistributions.com\/","name":"Distributions Pla-M Inc.","description":"Venta de productos y equipos sanitarios","publisher":{"@id":"https:\/\/plamdistributions.com\/#organization"},"potentialAction":[{"@type":"SearchAction","target":{"@type":"EntryPoint","urlTemplate":"https:\/\/plamdistributions.com\/?s={search_term_string}"},"query-input":{"@type":"PropertyValueSpecification","valueRequired":true,"valueName":"search_term_string"}}],"inLanguage":"es"},{"@type":"Organization","@id":"https:\/\/plamdistributions.com\/#organization","name":"Distributions Pla-M","url":"https:\/\/plamdistributions.com\/","logo":{"@type":"ImageObject","inLanguage":"es","@id":"https:\/\/plamdistributions.com\/#\/schema\/logo\/image\/","url":"https:\/\/plamdistributions.com\/wp-content\/uploads\/2021\/05\/PLAM-SANS.png","contentUrl":"https:\/\/plamdistributions.com\/wp-content\/uploads\/2021\/05\/PLAM-SANS.png","width":289,"height":224,"caption":"Distributions Pla-M"},"image":{"@id":"https:\/\/plamdistributions.com\/#\/schema\/logo\/image\/"},"sameAs":["https:\/\/www.facebook.com\/displam\/","https:\/\/x.com\/Displam","https:\/\/www.youtube.com\/channel\/UCHmm3HCGnpGuaQ984quISDg"]}]}},"_links":{"self":[{"href":"https:\/\/plamdistributions.com\/es\/wp-json\/wp\/v2\/product\/29705","targetHints":{"allow":["GET"]}}],"collection":[{"href":"https:\/\/plamdistributions.com\/es\/wp-json\/wp\/v2\/product"}],"about":[{"href":"https:\/\/plamdistributions.com\/es\/wp-json\/wp\/v2\/types\/product"}],"replies":[{"embeddable":true,"href":"https:\/\/plamdistributions.com\/es\/wp-json\/wp\/v2\/comments?post=29705"}],"wp:featuredmedia":[{"embeddable":true,"href":"https:\/\/plamdistributions.com\/es\/wp-json\/wp\/v2\/media\/29709"}],"wp:attachment":[{"href":"https:\/\/plamdistributions.com\/es\/wp-json\/wp\/v2\/media?parent=29705"}],"wp:term":[{"taxonomy":"product_brand","embeddable":true,"href":"https:\/\/plamdistributions.com\/es\/wp-json\/wp\/v2\/product_brand?post=29705"},{"taxonomy":"product_cat","embeddable":true,"href":"https:\/\/plamdistributions.com\/es\/wp-json\/wp\/v2\/product_cat?post=29705"},{"taxonomy":"product_tag","embeddable":true,"href":"https:\/\/plamdistributions.com\/es\/wp-json\/wp\/v2\/product_tag?post=29705"}],"curies":[{"name":"wp","href":"https:\/\/api.w.org\/{rel}","templated":true}]}}