{"id":29747,"date":"2021-11-04T16:19:24","date_gmt":"2021-11-04T20:19:24","guid":{"rendered":"https:\/\/plamdistributions.com\/?post_type=product&#038;p=29747"},"modified":"2026-01-05T11:40:37","modified_gmt":"2026-01-05T15:40:37","slug":"bio-564-assouplisseur-tissus-bionature-pour-lessive","status":"publish","type":"product","link":"https:\/\/plamdistributions.com\/es\/produit\/bio-564-assouplisseur-tissus-bionature-pour-lessive\/","title":{"rendered":"ASSOUPLISSEUR TISSUS BIONATURE BAIES DES CHAMPS"},"content":{"rendered":"<p><strong>Code: BIO-564\u00a0 <\/strong><\/p>\n<h4 class=\"sous-titre\"><span class=\"badge bg-pomme\">\u2713 Sans phosphate<\/span>\u00a0<span class=\"badge bg-pomme\">\u2713 Hypoallerg\u00e8ne<\/span><\/h4>\n<p class=\"text-justify\">L\u2019assouplisseur de tissus Bionature procure fraicheur et douceur \u00e0 votre brass\u00e9e en \u00e9liminant la statique. Sa compatibilit\u00e9 aux laveuses frontales et standards, compl\u00e8te merveilleusement votre lavage. Notre produit hypoallerg\u00e8ne, vous garanti un choix s\u00fbr pour toute la famille.<\/p>\n<p><strong>Mode d&#8217;emploi: <\/strong>Verser 25 ml pour une brass\u00e9e r\u00e9guli\u00e8re.<\/p>\n","protected":false},"excerpt":{"rendered":"<p>Code: BIO-564\u00a0 \u2713 Sans phosphate\u00a0\u2713 Hypoallerg\u00e8ne L\u2019assouplisseur de tissus Bionature procure fraicheur et douceur \u00e0 votre brass\u00e9e en \u00e9liminant la<\/p>\n","protected":false},"featured_media":29748,"comment_status":"closed","ping_status":"closed","template":"","meta":[],"product_brand":[],"product_cat":[111,62],"product_tag":[],"class_list":{"0":"post-29747","1":"product","2":"type-product","3":"status-publish","4":"has-post-thumbnail","6":"product_cat-produits-buanderie","7":"product_cat-produits-dentretien-menager","8":"product_shipping_class-standard","10":"first","11":"instock","12":"featured","13":"taxable","14":"shipping-taxable","15":"purchasable","16":"product-type-simple"},"yoast_head":"<!-- This site is optimized with the Yoast SEO plugin v27.4 - https:\/\/yoast.com\/product\/yoast-seo-wordpress\/ -->\n<title>ASSOUPLISSEUR TISSUS BIONATURE BAIES DES CHAMPS | Distributions Pla-M<\/title>\n<meta name=\"robots\" content=\"index, follow, max-snippet:-1, max-image-preview:large, max-video-preview:-1\" \/>\n<link rel=\"canonical\" href=\"https:\/\/plamdistributions.com\/produit\/bio-564-assouplisseur-tissus-bionature-pour-lessive\/\" \/>\n<meta property=\"og:locale\" content=\"es_ES\" \/>\n<meta property=\"og:type\" content=\"article\" \/>\n<meta property=\"og:title\" content=\"ASSOUPLISSEUR TISSUS BIONATURE BAIES DES CHAMPS | Distributions Pla-M\" \/>\n<meta property=\"og:description\" content=\"Code: BIO-564\u00a0 \u2713 Sans phosphate\u00a0\u2713 Hypoallerg\u00e8ne L\u2019assouplisseur de tissus Bionature procure fraicheur et douceur \u00e0 votre brass\u00e9e en \u00e9liminant la\" \/>\n<meta property=\"og:url\" content=\"https:\/\/plamdistributions.com\/produit\/bio-564-assouplisseur-tissus-bionature-pour-lessive\/\" \/>\n<meta property=\"og:site_name\" content=\"Distributions Pla-M\" \/>\n<meta property=\"article:publisher\" content=\"https:\/\/www.facebook.com\/displam\/\" \/>\n<meta property=\"article:modified_time\" content=\"2026-01-05T15:40:37+00:00\" \/>\n<meta property=\"og:image\" content=\"https:\/\/plamdistributions.com\/wp-content\/uploads\/2021\/11\/BIO-564-Assouplisseur-tissus-Bionature-pour-lessive.jpg\" \/>\n\t<meta property=\"og:image:width\" content=\"700\" \/>\n\t<meta property=\"og:image:height\" content=\"700\" \/>\n\t<meta property=\"og:image:type\" content=\"image\/jpeg\" \/>\n<meta name=\"twitter:card\" content=\"summary_large_image\" \/>\n<meta name=\"twitter:site\" content=\"@Displam\" \/>\n<script type=\"application\/ld+json\" class=\"yoast-schema-graph\">{\"@context\":\"https:\\\/\\\/schema.org\",\"@graph\":[{\"@type\":\"WebPage\",\"@id\":\"https:\\\/\\\/plamdistributions.com\\\/produit\\\/bio-564-assouplisseur-tissus-bionature-pour-lessive\\\/\",\"url\":\"https:\\\/\\\/plamdistributions.com\\\/produit\\\/bio-564-assouplisseur-tissus-bionature-pour-lessive\\\/\",\"name\":\"ASSOUPLISSEUR TISSUS BIONATURE BAIES DES CHAMPS | Distributions Pla-M\",\"isPartOf\":{\"@id\":\"https:\\\/\\\/plamdistributions.com\\\/en\\\/#website\"},\"primaryImageOfPage\":{\"@id\":\"https:\\\/\\\/plamdistributions.com\\\/produit\\\/bio-564-assouplisseur-tissus-bionature-pour-lessive\\\/#primaryimage\"},\"image\":{\"@id\":\"https:\\\/\\\/plamdistributions.com\\\/produit\\\/bio-564-assouplisseur-tissus-bionature-pour-lessive\\\/#primaryimage\"},\"thumbnailUrl\":\"https:\\\/\\\/plamdistributions.com\\\/wp-content\\\/uploads\\\/2021\\\/11\\\/BIO-564-Assouplisseur-tissus-Bionature-pour-lessive.jpg\",\"datePublished\":\"2021-11-04T20:19:24+00:00\",\"dateModified\":\"2026-01-05T15:40:37+00:00\",\"breadcrumb\":{\"@id\":\"https:\\\/\\\/plamdistributions.com\\\/produit\\\/bio-564-assouplisseur-tissus-bionature-pour-lessive\\\/#breadcrumb\"},\"inLanguage\":\"es\",\"potentialAction\":[{\"@type\":\"ReadAction\",\"target\":[\"https:\\\/\\\/plamdistributions.com\\\/produit\\\/bio-564-assouplisseur-tissus-bionature-pour-lessive\\\/\"]}]},{\"@type\":\"ImageObject\",\"inLanguage\":\"es\",\"@id\":\"https:\\\/\\\/plamdistributions.com\\\/produit\\\/bio-564-assouplisseur-tissus-bionature-pour-lessive\\\/#primaryimage\",\"url\":\"https:\\\/\\\/plamdistributions.com\\\/wp-content\\\/uploads\\\/2021\\\/11\\\/BIO-564-Assouplisseur-tissus-Bionature-pour-lessive.jpg\",\"contentUrl\":\"https:\\\/\\\/plamdistributions.com\\\/wp-content\\\/uploads\\\/2021\\\/11\\\/BIO-564-Assouplisseur-tissus-Bionature-pour-lessive.jpg\",\"width\":700,\"height\":700,\"caption\":\"BIO-564 Assouplisseur tissus Biod\u00e9gradable\"},{\"@type\":\"BreadcrumbList\",\"@id\":\"https:\\\/\\\/plamdistributions.com\\\/produit\\\/bio-564-assouplisseur-tissus-bionature-pour-lessive\\\/#breadcrumb\",\"itemListElement\":[{\"@type\":\"ListItem\",\"position\":1,\"name\":\"Accueil\",\"item\":\"https:\\\/\\\/plamdistributions.com\\\/es\\\/\"},{\"@type\":\"ListItem\",\"position\":2,\"name\":\"Tienda\",\"item\":\"https:\\\/\\\/plamdistributions.com\\\/es\\\/tienda\\\/\"},{\"@type\":\"ListItem\",\"position\":3,\"name\":\"ASSOUPLISSEUR TISSUS BIONATURE BAIES DES CHAMPS\"}]},{\"@type\":\"WebSite\",\"@id\":\"https:\\\/\\\/plamdistributions.com\\\/en\\\/#website\",\"url\":\"https:\\\/\\\/plamdistributions.com\\\/en\\\/\",\"name\":\"Distributions Pla-M Inc.\",\"description\":\"Venta de productos y equipos sanitarios\",\"publisher\":{\"@id\":\"https:\\\/\\\/plamdistributions.com\\\/en\\\/#organization\"},\"potentialAction\":[{\"@type\":\"SearchAction\",\"target\":{\"@type\":\"EntryPoint\",\"urlTemplate\":\"https:\\\/\\\/plamdistributions.com\\\/en\\\/?s={search_term_string}\"},\"query-input\":{\"@type\":\"PropertyValueSpecification\",\"valueRequired\":true,\"valueName\":\"search_term_string\"}}],\"inLanguage\":\"es\"},{\"@type\":\"Organization\",\"@id\":\"https:\\\/\\\/plamdistributions.com\\\/en\\\/#organization\",\"name\":\"Distributions Pla-M\",\"url\":\"https:\\\/\\\/plamdistributions.com\\\/en\\\/\",\"logo\":{\"@type\":\"ImageObject\",\"inLanguage\":\"es\",\"@id\":\"https:\\\/\\\/plamdistributions.com\\\/en\\\/#\\\/schema\\\/logo\\\/image\\\/\",\"url\":\"https:\\\/\\\/plamdistributions.com\\\/wp-content\\\/uploads\\\/2021\\\/05\\\/PLAM-SANS.png\",\"contentUrl\":\"https:\\\/\\\/plamdistributions.com\\\/wp-content\\\/uploads\\\/2021\\\/05\\\/PLAM-SANS.png\",\"width\":289,\"height\":224,\"caption\":\"Distributions Pla-M\"},\"image\":{\"@id\":\"https:\\\/\\\/plamdistributions.com\\\/en\\\/#\\\/schema\\\/logo\\\/image\\\/\"},\"sameAs\":[\"https:\\\/\\\/www.facebook.com\\\/displam\\\/\",\"https:\\\/\\\/x.com\\\/Displam\",\"https:\\\/\\\/www.youtube.com\\\/channel\\\/UCHmm3HCGnpGuaQ984quISDg\"]}]}<\/script>\n<!-- \/ Yoast SEO plugin. -->","yoast_head_json":{"title":"ASSOUPLISSEUR TISSUS BIONATURE BAIES DES CHAMPS | Distributions Pla-M","robots":{"index":"index","follow":"follow","max-snippet":"max-snippet:-1","max-image-preview":"max-image-preview:large","max-video-preview":"max-video-preview:-1"},"canonical":"https:\/\/plamdistributions.com\/produit\/bio-564-assouplisseur-tissus-bionature-pour-lessive\/","og_locale":"es_ES","og_type":"article","og_title":"ASSOUPLISSEUR TISSUS BIONATURE BAIES DES CHAMPS | Distributions Pla-M","og_description":"Code: BIO-564\u00a0 \u2713 Sans phosphate\u00a0\u2713 Hypoallerg\u00e8ne L\u2019assouplisseur de tissus Bionature procure fraicheur et douceur \u00e0 votre brass\u00e9e en \u00e9liminant la","og_url":"https:\/\/plamdistributions.com\/produit\/bio-564-assouplisseur-tissus-bionature-pour-lessive\/","og_site_name":"Distributions Pla-M","article_publisher":"https:\/\/www.facebook.com\/displam\/","article_modified_time":"2026-01-05T15:40:37+00:00","og_image":[{"width":700,"height":700,"url":"https:\/\/plamdistributions.com\/wp-content\/uploads\/2021\/11\/BIO-564-Assouplisseur-tissus-Bionature-pour-lessive.jpg","type":"image\/jpeg"}],"twitter_card":"summary_large_image","twitter_site":"@Displam","schema":{"@context":"https:\/\/schema.org","@graph":[{"@type":"WebPage","@id":"https:\/\/plamdistributions.com\/produit\/bio-564-assouplisseur-tissus-bionature-pour-lessive\/","url":"https:\/\/plamdistributions.com\/produit\/bio-564-assouplisseur-tissus-bionature-pour-lessive\/","name":"ASSOUPLISSEUR TISSUS BIONATURE BAIES DES CHAMPS | Distributions Pla-M","isPartOf":{"@id":"https:\/\/plamdistributions.com\/en\/#website"},"primaryImageOfPage":{"@id":"https:\/\/plamdistributions.com\/produit\/bio-564-assouplisseur-tissus-bionature-pour-lessive\/#primaryimage"},"image":{"@id":"https:\/\/plamdistributions.com\/produit\/bio-564-assouplisseur-tissus-bionature-pour-lessive\/#primaryimage"},"thumbnailUrl":"https:\/\/plamdistributions.com\/wp-content\/uploads\/2021\/11\/BIO-564-Assouplisseur-tissus-Bionature-pour-lessive.jpg","datePublished":"2021-11-04T20:19:24+00:00","dateModified":"2026-01-05T15:40:37+00:00","breadcrumb":{"@id":"https:\/\/plamdistributions.com\/produit\/bio-564-assouplisseur-tissus-bionature-pour-lessive\/#breadcrumb"},"inLanguage":"es","potentialAction":[{"@type":"ReadAction","target":["https:\/\/plamdistributions.com\/produit\/bio-564-assouplisseur-tissus-bionature-pour-lessive\/"]}]},{"@type":"ImageObject","inLanguage":"es","@id":"https:\/\/plamdistributions.com\/produit\/bio-564-assouplisseur-tissus-bionature-pour-lessive\/#primaryimage","url":"https:\/\/plamdistributions.com\/wp-content\/uploads\/2021\/11\/BIO-564-Assouplisseur-tissus-Bionature-pour-lessive.jpg","contentUrl":"https:\/\/plamdistributions.com\/wp-content\/uploads\/2021\/11\/BIO-564-Assouplisseur-tissus-Bionature-pour-lessive.jpg","width":700,"height":700,"caption":"BIO-564 Assouplisseur tissus Biod\u00e9gradable"},{"@type":"BreadcrumbList","@id":"https:\/\/plamdistributions.com\/produit\/bio-564-assouplisseur-tissus-bionature-pour-lessive\/#breadcrumb","itemListElement":[{"@type":"ListItem","position":1,"name":"Accueil","item":"https:\/\/plamdistributions.com\/es\/"},{"@type":"ListItem","position":2,"name":"Tienda","item":"https:\/\/plamdistributions.com\/es\/tienda\/"},{"@type":"ListItem","position":3,"name":"ASSOUPLISSEUR TISSUS BIONATURE BAIES DES CHAMPS"}]},{"@type":"WebSite","@id":"https:\/\/plamdistributions.com\/en\/#website","url":"https:\/\/plamdistributions.com\/en\/","name":"Distributions Pla-M Inc.","description":"Venta de productos y equipos sanitarios","publisher":{"@id":"https:\/\/plamdistributions.com\/en\/#organization"},"potentialAction":[{"@type":"SearchAction","target":{"@type":"EntryPoint","urlTemplate":"https:\/\/plamdistributions.com\/en\/?s={search_term_string}"},"query-input":{"@type":"PropertyValueSpecification","valueRequired":true,"valueName":"search_term_string"}}],"inLanguage":"es"},{"@type":"Organization","@id":"https:\/\/plamdistributions.com\/en\/#organization","name":"Distributions Pla-M","url":"https:\/\/plamdistributions.com\/en\/","logo":{"@type":"ImageObject","inLanguage":"es","@id":"https:\/\/plamdistributions.com\/en\/#\/schema\/logo\/image\/","url":"https:\/\/plamdistributions.com\/wp-content\/uploads\/2021\/05\/PLAM-SANS.png","contentUrl":"https:\/\/plamdistributions.com\/wp-content\/uploads\/2021\/05\/PLAM-SANS.png","width":289,"height":224,"caption":"Distributions Pla-M"},"image":{"@id":"https:\/\/plamdistributions.com\/en\/#\/schema\/logo\/image\/"},"sameAs":["https:\/\/www.facebook.com\/displam\/","https:\/\/x.com\/Displam","https:\/\/www.youtube.com\/channel\/UCHmm3HCGnpGuaQ984quISDg"]}]}},"_links":{"self":[{"href":"https:\/\/plamdistributions.com\/es\/wp-json\/wp\/v2\/product\/29747","targetHints":{"allow":["GET"]}}],"collection":[{"href":"https:\/\/plamdistributions.com\/es\/wp-json\/wp\/v2\/product"}],"about":[{"href":"https:\/\/plamdistributions.com\/es\/wp-json\/wp\/v2\/types\/product"}],"replies":[{"embeddable":true,"href":"https:\/\/plamdistributions.com\/es\/wp-json\/wp\/v2\/comments?post=29747"}],"wp:featuredmedia":[{"embeddable":true,"href":"https:\/\/plamdistributions.com\/es\/wp-json\/wp\/v2\/media\/29748"}],"wp:attachment":[{"href":"https:\/\/plamdistributions.com\/es\/wp-json\/wp\/v2\/media?parent=29747"}],"wp:term":[{"taxonomy":"product_brand","embeddable":true,"href":"https:\/\/plamdistributions.com\/es\/wp-json\/wp\/v2\/product_brand?post=29747"},{"taxonomy":"product_cat","embeddable":true,"href":"https:\/\/plamdistributions.com\/es\/wp-json\/wp\/v2\/product_cat?post=29747"},{"taxonomy":"product_tag","embeddable":true,"href":"https:\/\/plamdistributions.com\/es\/wp-json\/wp\/v2\/product_tag?post=29747"}],"curies":[{"name":"wp","href":"https:\/\/api.w.org\/{rel}","templated":true}]}}