{"id":29810,"date":"2021-11-08T13:07:37","date_gmt":"2021-11-08T17:07:37","guid":{"rendered":"https:\/\/plamdistributions.com\/?post_type=product&#038;p=29810"},"modified":"2025-08-11T10:25:26","modified_gmt":"2025-08-11T14:25:26","slug":"ensemble-3-brosses-a-usage-general-9","status":"publish","type":"product","link":"https:\/\/plamdistributions.com\/es\/produit\/ensemble-3-brosses-a-usage-general-9\/","title":{"rendered":"ENS. DE 3 BROSSES A USAGE G\u00c9N\u00c9RAL, 9 POUCES"},"content":{"rendered":"<p><strong>Code: BRU-CD72109<br \/>\n<\/strong><\/p>\n<p>L&#8217;ensemble de brosses de nettoyage Chidaca est utilis\u00e9 pour les projets de d\u00e9capage et de nettoyage. L&#8217;ensemble de brosses de nettoyage Chidaca r\u00e9siste aux solvants et aux d\u00e9capants.<\/p>\n<ul>\n<li>Brosse en plastique pour le d\u00e9capage des bois tendres;<\/li>\n<li>Brosse en laiton pour le d\u00e9capage du Ch\u00eane;<\/li>\n<li>Brosse en acier pour le d\u00e9capage des bois durs.<\/li>\n<\/ul>\n","protected":false},"excerpt":{"rendered":"<p>Code: BRU-CD72109 L&#8217;ensemble de brosses de nettoyage Chidaca est utilis\u00e9 pour les projets de d\u00e9capage et de nettoyage. L&#8217;ensemble de<\/p>\n","protected":false},"featured_media":31931,"comment_status":"closed","ping_status":"closed","template":"","meta":[],"product_brand":[],"product_cat":[143,637,258],"product_tag":[],"class_list":{"0":"post-29810","1":"product","2":"type-product","3":"status-publish","4":"has-post-thumbnail","6":"product_cat-accessoires","7":"product_cat-accessoires-pour-vitres","8":"product_cat-brosses","9":"product_shipping_class-standard","11":"first","12":"outofstock","13":"taxable","14":"shipping-taxable","15":"purchasable","16":"product-type-simple"},"yoast_head":"<!-- This site is optimized with the Yoast SEO plugin v27.5 - https:\/\/yoast.com\/product\/yoast-seo-wordpress\/ -->\n<title>ENS. DE 3 BROSSES A USAGE G\u00c9N\u00c9RAL, 9 POUCES | Distributions Pla-M<\/title>\n<meta name=\"robots\" content=\"index, follow, max-snippet:-1, max-image-preview:large, max-video-preview:-1\" \/>\n<link rel=\"canonical\" href=\"https:\/\/plamdistributions.com\/produit\/ensemble-3-brosses-a-usage-general-9\/\" \/>\n<meta property=\"og:locale\" content=\"es_ES\" \/>\n<meta property=\"og:type\" content=\"article\" \/>\n<meta property=\"og:title\" content=\"ENS. DE 3 BROSSES A USAGE G\u00c9N\u00c9RAL, 9 POUCES | Distributions Pla-M\" \/>\n<meta property=\"og:description\" content=\"Code: BRU-CD72109 L&#8217;ensemble de brosses de nettoyage Chidaca est utilis\u00e9 pour les projets de d\u00e9capage et de nettoyage. L&#8217;ensemble de\" \/>\n<meta property=\"og:url\" content=\"https:\/\/plamdistributions.com\/produit\/ensemble-3-brosses-a-usage-general-9\/\" \/>\n<meta property=\"og:site_name\" content=\"Distributions Pla-M\" \/>\n<meta property=\"article:publisher\" content=\"https:\/\/www.facebook.com\/displam\/\" \/>\n<meta property=\"article:modified_time\" content=\"2025-08-11T14:25:26+00:00\" \/>\n<meta property=\"og:image\" content=\"https:\/\/plamdistributions.com\/wp-content\/uploads\/2021\/11\/BRU-CD72109.jpg\" \/>\n\t<meta property=\"og:image:width\" content=\"1000\" \/>\n\t<meta property=\"og:image:height\" content=\"1000\" \/>\n\t<meta property=\"og:image:type\" content=\"image\/jpeg\" \/>\n<meta name=\"twitter:card\" content=\"summary_large_image\" \/>\n<meta name=\"twitter:site\" content=\"@Displam\" \/>\n<meta name=\"twitter:label1\" content=\"Tiempo de lectura\" \/>\n\t<meta name=\"twitter:data1\" content=\"1 minuto\" \/>\n<script type=\"application\/ld+json\" class=\"yoast-schema-graph\">{\"@context\":\"https:\\\/\\\/schema.org\",\"@graph\":[{\"@type\":\"WebPage\",\"@id\":\"https:\\\/\\\/plamdistributions.com\\\/produit\\\/ensemble-3-brosses-a-usage-general-9\\\/\",\"url\":\"https:\\\/\\\/plamdistributions.com\\\/produit\\\/ensemble-3-brosses-a-usage-general-9\\\/\",\"name\":\"ENS. DE 3 BROSSES A USAGE G\u00c9N\u00c9RAL, 9 POUCES | Distributions Pla-M\",\"isPartOf\":{\"@id\":\"https:\\\/\\\/plamdistributions.com\\\/#website\"},\"primaryImageOfPage\":{\"@id\":\"https:\\\/\\\/plamdistributions.com\\\/produit\\\/ensemble-3-brosses-a-usage-general-9\\\/#primaryimage\"},\"image\":{\"@id\":\"https:\\\/\\\/plamdistributions.com\\\/produit\\\/ensemble-3-brosses-a-usage-general-9\\\/#primaryimage\"},\"thumbnailUrl\":\"https:\\\/\\\/plamdistributions.com\\\/wp-content\\\/uploads\\\/2021\\\/11\\\/BRU-CD72109.jpg\",\"datePublished\":\"2021-11-08T17:07:37+00:00\",\"dateModified\":\"2025-08-11T14:25:26+00:00\",\"breadcrumb\":{\"@id\":\"https:\\\/\\\/plamdistributions.com\\\/produit\\\/ensemble-3-brosses-a-usage-general-9\\\/#breadcrumb\"},\"inLanguage\":\"es\",\"potentialAction\":[{\"@type\":\"ReadAction\",\"target\":[\"https:\\\/\\\/plamdistributions.com\\\/produit\\\/ensemble-3-brosses-a-usage-general-9\\\/\"]}]},{\"@type\":\"ImageObject\",\"inLanguage\":\"es\",\"@id\":\"https:\\\/\\\/plamdistributions.com\\\/produit\\\/ensemble-3-brosses-a-usage-general-9\\\/#primaryimage\",\"url\":\"https:\\\/\\\/plamdistributions.com\\\/wp-content\\\/uploads\\\/2021\\\/11\\\/BRU-CD72109.jpg\",\"contentUrl\":\"https:\\\/\\\/plamdistributions.com\\\/wp-content\\\/uploads\\\/2021\\\/11\\\/BRU-CD72109.jpg\",\"width\":1000,\"height\":1000,\"caption\":\"Ensemble 3 brosses \u00e0 usage g\u00e9n\u00e9ral 9\\\"\"},{\"@type\":\"BreadcrumbList\",\"@id\":\"https:\\\/\\\/plamdistributions.com\\\/produit\\\/ensemble-3-brosses-a-usage-general-9\\\/#breadcrumb\",\"itemListElement\":[{\"@type\":\"ListItem\",\"position\":1,\"name\":\"Accueil\",\"item\":\"https:\\\/\\\/plamdistributions.com\\\/es\\\/\"},{\"@type\":\"ListItem\",\"position\":2,\"name\":\"Tienda\",\"item\":\"https:\\\/\\\/plamdistributions.com\\\/es\\\/tienda\\\/\"},{\"@type\":\"ListItem\",\"position\":3,\"name\":\"ENS. DE 3 BROSSES A USAGE G\u00c9N\u00c9RAL, 9 POUCES\"}]},{\"@type\":\"WebSite\",\"@id\":\"https:\\\/\\\/plamdistributions.com\\\/#website\",\"url\":\"https:\\\/\\\/plamdistributions.com\\\/\",\"name\":\"Distributions Pla-M Inc.\",\"description\":\"Venta de productos y equipos sanitarios\",\"publisher\":{\"@id\":\"https:\\\/\\\/plamdistributions.com\\\/#organization\"},\"potentialAction\":[{\"@type\":\"SearchAction\",\"target\":{\"@type\":\"EntryPoint\",\"urlTemplate\":\"https:\\\/\\\/plamdistributions.com\\\/?s={search_term_string}\"},\"query-input\":{\"@type\":\"PropertyValueSpecification\",\"valueRequired\":true,\"valueName\":\"search_term_string\"}}],\"inLanguage\":\"es\"},{\"@type\":\"Organization\",\"@id\":\"https:\\\/\\\/plamdistributions.com\\\/#organization\",\"name\":\"Distributions Pla-M\",\"url\":\"https:\\\/\\\/plamdistributions.com\\\/\",\"logo\":{\"@type\":\"ImageObject\",\"inLanguage\":\"es\",\"@id\":\"https:\\\/\\\/plamdistributions.com\\\/#\\\/schema\\\/logo\\\/image\\\/\",\"url\":\"https:\\\/\\\/plamdistributions.com\\\/wp-content\\\/uploads\\\/2021\\\/05\\\/PLAM-SANS.png\",\"contentUrl\":\"https:\\\/\\\/plamdistributions.com\\\/wp-content\\\/uploads\\\/2021\\\/05\\\/PLAM-SANS.png\",\"width\":289,\"height\":224,\"caption\":\"Distributions Pla-M\"},\"image\":{\"@id\":\"https:\\\/\\\/plamdistributions.com\\\/#\\\/schema\\\/logo\\\/image\\\/\"},\"sameAs\":[\"https:\\\/\\\/www.facebook.com\\\/displam\\\/\",\"https:\\\/\\\/x.com\\\/Displam\",\"https:\\\/\\\/www.youtube.com\\\/channel\\\/UCHmm3HCGnpGuaQ984quISDg\"]}]}<\/script>\n<!-- \/ Yoast SEO plugin. -->","yoast_head_json":{"title":"ENS. DE 3 BROSSES A USAGE G\u00c9N\u00c9RAL, 9 POUCES | Distributions Pla-M","robots":{"index":"index","follow":"follow","max-snippet":"max-snippet:-1","max-image-preview":"max-image-preview:large","max-video-preview":"max-video-preview:-1"},"canonical":"https:\/\/plamdistributions.com\/produit\/ensemble-3-brosses-a-usage-general-9\/","og_locale":"es_ES","og_type":"article","og_title":"ENS. DE 3 BROSSES A USAGE G\u00c9N\u00c9RAL, 9 POUCES | Distributions Pla-M","og_description":"Code: BRU-CD72109 L&#8217;ensemble de brosses de nettoyage Chidaca est utilis\u00e9 pour les projets de d\u00e9capage et de nettoyage. L&#8217;ensemble de","og_url":"https:\/\/plamdistributions.com\/produit\/ensemble-3-brosses-a-usage-general-9\/","og_site_name":"Distributions Pla-M","article_publisher":"https:\/\/www.facebook.com\/displam\/","article_modified_time":"2025-08-11T14:25:26+00:00","og_image":[{"width":1000,"height":1000,"url":"https:\/\/plamdistributions.com\/wp-content\/uploads\/2021\/11\/BRU-CD72109.jpg","type":"image\/jpeg"}],"twitter_card":"summary_large_image","twitter_site":"@Displam","twitter_misc":{"Tiempo de lectura":"1 minuto"},"schema":{"@context":"https:\/\/schema.org","@graph":[{"@type":"WebPage","@id":"https:\/\/plamdistributions.com\/produit\/ensemble-3-brosses-a-usage-general-9\/","url":"https:\/\/plamdistributions.com\/produit\/ensemble-3-brosses-a-usage-general-9\/","name":"ENS. DE 3 BROSSES A USAGE G\u00c9N\u00c9RAL, 9 POUCES | Distributions Pla-M","isPartOf":{"@id":"https:\/\/plamdistributions.com\/#website"},"primaryImageOfPage":{"@id":"https:\/\/plamdistributions.com\/produit\/ensemble-3-brosses-a-usage-general-9\/#primaryimage"},"image":{"@id":"https:\/\/plamdistributions.com\/produit\/ensemble-3-brosses-a-usage-general-9\/#primaryimage"},"thumbnailUrl":"https:\/\/plamdistributions.com\/wp-content\/uploads\/2021\/11\/BRU-CD72109.jpg","datePublished":"2021-11-08T17:07:37+00:00","dateModified":"2025-08-11T14:25:26+00:00","breadcrumb":{"@id":"https:\/\/plamdistributions.com\/produit\/ensemble-3-brosses-a-usage-general-9\/#breadcrumb"},"inLanguage":"es","potentialAction":[{"@type":"ReadAction","target":["https:\/\/plamdistributions.com\/produit\/ensemble-3-brosses-a-usage-general-9\/"]}]},{"@type":"ImageObject","inLanguage":"es","@id":"https:\/\/plamdistributions.com\/produit\/ensemble-3-brosses-a-usage-general-9\/#primaryimage","url":"https:\/\/plamdistributions.com\/wp-content\/uploads\/2021\/11\/BRU-CD72109.jpg","contentUrl":"https:\/\/plamdistributions.com\/wp-content\/uploads\/2021\/11\/BRU-CD72109.jpg","width":1000,"height":1000,"caption":"Ensemble 3 brosses \u00e0 usage g\u00e9n\u00e9ral 9\""},{"@type":"BreadcrumbList","@id":"https:\/\/plamdistributions.com\/produit\/ensemble-3-brosses-a-usage-general-9\/#breadcrumb","itemListElement":[{"@type":"ListItem","position":1,"name":"Accueil","item":"https:\/\/plamdistributions.com\/es\/"},{"@type":"ListItem","position":2,"name":"Tienda","item":"https:\/\/plamdistributions.com\/es\/tienda\/"},{"@type":"ListItem","position":3,"name":"ENS. DE 3 BROSSES A USAGE G\u00c9N\u00c9RAL, 9 POUCES"}]},{"@type":"WebSite","@id":"https:\/\/plamdistributions.com\/#website","url":"https:\/\/plamdistributions.com\/","name":"Distributions Pla-M Inc.","description":"Venta de productos y equipos sanitarios","publisher":{"@id":"https:\/\/plamdistributions.com\/#organization"},"potentialAction":[{"@type":"SearchAction","target":{"@type":"EntryPoint","urlTemplate":"https:\/\/plamdistributions.com\/?s={search_term_string}"},"query-input":{"@type":"PropertyValueSpecification","valueRequired":true,"valueName":"search_term_string"}}],"inLanguage":"es"},{"@type":"Organization","@id":"https:\/\/plamdistributions.com\/#organization","name":"Distributions Pla-M","url":"https:\/\/plamdistributions.com\/","logo":{"@type":"ImageObject","inLanguage":"es","@id":"https:\/\/plamdistributions.com\/#\/schema\/logo\/image\/","url":"https:\/\/plamdistributions.com\/wp-content\/uploads\/2021\/05\/PLAM-SANS.png","contentUrl":"https:\/\/plamdistributions.com\/wp-content\/uploads\/2021\/05\/PLAM-SANS.png","width":289,"height":224,"caption":"Distributions Pla-M"},"image":{"@id":"https:\/\/plamdistributions.com\/#\/schema\/logo\/image\/"},"sameAs":["https:\/\/www.facebook.com\/displam\/","https:\/\/x.com\/Displam","https:\/\/www.youtube.com\/channel\/UCHmm3HCGnpGuaQ984quISDg"]}]}},"_links":{"self":[{"href":"https:\/\/plamdistributions.com\/es\/wp-json\/wp\/v2\/product\/29810","targetHints":{"allow":["GET"]}}],"collection":[{"href":"https:\/\/plamdistributions.com\/es\/wp-json\/wp\/v2\/product"}],"about":[{"href":"https:\/\/plamdistributions.com\/es\/wp-json\/wp\/v2\/types\/product"}],"replies":[{"embeddable":true,"href":"https:\/\/plamdistributions.com\/es\/wp-json\/wp\/v2\/comments?post=29810"}],"wp:featuredmedia":[{"embeddable":true,"href":"https:\/\/plamdistributions.com\/es\/wp-json\/wp\/v2\/media\/31931"}],"wp:attachment":[{"href":"https:\/\/plamdistributions.com\/es\/wp-json\/wp\/v2\/media?parent=29810"}],"wp:term":[{"taxonomy":"product_brand","embeddable":true,"href":"https:\/\/plamdistributions.com\/es\/wp-json\/wp\/v2\/product_brand?post=29810"},{"taxonomy":"product_cat","embeddable":true,"href":"https:\/\/plamdistributions.com\/es\/wp-json\/wp\/v2\/product_cat?post=29810"},{"taxonomy":"product_tag","embeddable":true,"href":"https:\/\/plamdistributions.com\/es\/wp-json\/wp\/v2\/product_tag?post=29810"}],"curies":[{"name":"wp","href":"https:\/\/api.w.org\/{rel}","templated":true}]}}