{"id":29907,"date":"2021-11-10T13:10:59","date_gmt":"2021-11-10T17:10:59","guid":{"rendered":"https:\/\/plamdistributions.com\/?post_type=product&#038;p=29907"},"modified":"2026-04-15T15:29:27","modified_gmt":"2026-04-15T19:29:27","slug":"desodorisant-liquide-purodor","status":"publish","type":"product","link":"https:\/\/plamdistributions.com\/es\/produit\/desodorisant-liquide-purodor\/","title":{"rendered":"D\u00e9sodorisant liquide PURODOR"},"content":{"rendered":"<p><strong>Code: DOL-UNNPUB01 \/ DOL-UNNPUB03 \/ DOL-UNNPUB04 \/ DOL-UNNPUP04 \/ DOL-UNNPUR04 \/ DOL-UNNPURO1 \/ DOL-UNNPURO3<\/strong><\/p>\n<h4 class=\"sous-titre\"><span class=\"badge bg-vert\">\u2713 Ultra concentr\u00e9<\/span>\u00a0<span class=\"badge bg-vert\">\u2713 Antibact\u00e9rien<\/span><\/h4>\n<p class=\"text-justify\">PURODOR est un d\u00e9sodorisant et assainisseur d\u2019air liquide ultra concentr\u00e9 de qualit\u00e9 sup\u00e9rieure utilis\u00e9 pour neutraliser les mauvaises odeurs \u00e0 la source, telles que : moisissure, vomissure, tabac, fum\u00e9e, salles de bain, poubelles, vestiaires, liti\u00e8res, compacteurs \u00e0 d\u00e9chets, partout o\u00f9 il y a des odeurs d\u00e9sagr\u00e9ables. Chez Distributions Pla-M, nous vous proposons quatre odeurs agr\u00e9ables : mangue, cerise, pommes vertes et brise fra\u00eeche.<\/p>\n<p>Formats: 250ML (avec atomiseur), 1 Litre et 4 Litres.<\/p>\n<p><strong>\u2713 Fabricant: Unica Canada<\/strong><strong><br \/>\n<\/strong><\/p>\n","protected":false},"excerpt":{"rendered":"<p>Code: DOL-UNNPUB01 \/ DOL-UNNPUB03 \/ DOL-UNNPUB04 \/ DOL-UNNPUP04 \/ DOL-UNNPUR04 \/ DOL-UNNPURO1 \/ DOL-UNNPURO3 \u2713 Ultra concentr\u00e9\u00a0\u2713 Antibact\u00e9rien PURODOR est<\/p>\n","protected":false},"featured_media":29910,"comment_status":"closed","ping_status":"closed","template":"","meta":[],"product_brand":[],"product_cat":[137,62,249],"product_tag":[],"class_list":{"0":"post-29907","1":"product","2":"type-product","3":"status-publish","4":"has-post-thumbnail","6":"product_cat-controle-des-odeurs","7":"product_cat-produits-dentretien-menager","8":"product_cat-salles-de-bain","9":"product_shipping_class-standard","11":"first","12":"instock","13":"taxable","14":"shipping-taxable","15":"purchasable","16":"product-type-variable"},"yoast_head":"<!-- This site is optimized with the Yoast SEO plugin v27.4 - https:\/\/yoast.com\/product\/yoast-seo-wordpress\/ -->\n<title>D\u00e9sodorisant liquide PURODOR | Distributions Pla-M<\/title>\n<meta name=\"robots\" content=\"index, follow, max-snippet:-1, max-image-preview:large, max-video-preview:-1\" \/>\n<link rel=\"canonical\" href=\"https:\/\/plamdistributions.com\/produit\/desodorisant-liquide-purodor\/\" \/>\n<meta property=\"og:locale\" content=\"es_ES\" \/>\n<meta property=\"og:type\" content=\"article\" \/>\n<meta property=\"og:title\" content=\"D\u00e9sodorisant liquide PURODOR | Distributions Pla-M\" \/>\n<meta property=\"og:description\" content=\"Code: DOL-UNNPUB01 \/ DOL-UNNPUB03 \/ DOL-UNNPUB04 \/ DOL-UNNPUP04 \/ DOL-UNNPUR04 \/ DOL-UNNPURO1 \/ DOL-UNNPURO3 \u2713 Ultra concentr\u00e9\u00a0\u2713 Antibact\u00e9rien PURODOR est\" \/>\n<meta property=\"og:url\" content=\"https:\/\/plamdistributions.com\/produit\/desodorisant-liquide-purodor\/\" \/>\n<meta property=\"og:site_name\" content=\"Distributions Pla-M\" \/>\n<meta property=\"article:publisher\" content=\"https:\/\/www.facebook.com\/displam\/\" \/>\n<meta property=\"article:modified_time\" content=\"2026-04-15T19:29:27+00:00\" \/>\n<meta property=\"og:image\" content=\"https:\/\/plamdistributions.com\/wp-content\/uploads\/2021\/11\/PURODOR.jpg\" \/>\n\t<meta property=\"og:image:width\" content=\"700\" \/>\n\t<meta property=\"og:image:height\" content=\"700\" \/>\n\t<meta property=\"og:image:type\" content=\"image\/jpeg\" \/>\n<meta name=\"twitter:card\" content=\"summary_large_image\" \/>\n<meta name=\"twitter:site\" content=\"@Displam\" \/>\n<meta name=\"twitter:label1\" content=\"Tiempo de lectura\" \/>\n\t<meta name=\"twitter:data1\" content=\"1 minuto\" \/>\n<script type=\"application\/ld+json\" class=\"yoast-schema-graph\">{\"@context\":\"https:\\\/\\\/schema.org\",\"@graph\":[{\"@type\":\"WebPage\",\"@id\":\"https:\\\/\\\/plamdistributions.com\\\/produit\\\/desodorisant-liquide-purodor\\\/\",\"url\":\"https:\\\/\\\/plamdistributions.com\\\/produit\\\/desodorisant-liquide-purodor\\\/\",\"name\":\"D\u00e9sodorisant liquide PURODOR | Distributions Pla-M\",\"isPartOf\":{\"@id\":\"https:\\\/\\\/plamdistributions.com\\\/en\\\/#website\"},\"primaryImageOfPage\":{\"@id\":\"https:\\\/\\\/plamdistributions.com\\\/produit\\\/desodorisant-liquide-purodor\\\/#primaryimage\"},\"image\":{\"@id\":\"https:\\\/\\\/plamdistributions.com\\\/produit\\\/desodorisant-liquide-purodor\\\/#primaryimage\"},\"thumbnailUrl\":\"https:\\\/\\\/plamdistributions.com\\\/wp-content\\\/uploads\\\/2021\\\/11\\\/PURODOR.jpg\",\"datePublished\":\"2021-11-10T17:10:59+00:00\",\"dateModified\":\"2026-04-15T19:29:27+00:00\",\"breadcrumb\":{\"@id\":\"https:\\\/\\\/plamdistributions.com\\\/produit\\\/desodorisant-liquide-purodor\\\/#breadcrumb\"},\"inLanguage\":\"es\",\"potentialAction\":[{\"@type\":\"ReadAction\",\"target\":[\"https:\\\/\\\/plamdistributions.com\\\/produit\\\/desodorisant-liquide-purodor\\\/\"]}]},{\"@type\":\"ImageObject\",\"inLanguage\":\"es\",\"@id\":\"https:\\\/\\\/plamdistributions.com\\\/produit\\\/desodorisant-liquide-purodor\\\/#primaryimage\",\"url\":\"https:\\\/\\\/plamdistributions.com\\\/wp-content\\\/uploads\\\/2021\\\/11\\\/PURODOR.jpg\",\"contentUrl\":\"https:\\\/\\\/plamdistributions.com\\\/wp-content\\\/uploads\\\/2021\\\/11\\\/PURODOR.jpg\",\"width\":700,\"height\":700,\"caption\":\"Contr\u00f4le des Odeurs, PURODOR est un d\u00e9sodorisant et assainisseur d\u2019air liquide ultra concentr\u00e9 de qualit\u00e9 sup\u00e9rieure\"},{\"@type\":\"BreadcrumbList\",\"@id\":\"https:\\\/\\\/plamdistributions.com\\\/produit\\\/desodorisant-liquide-purodor\\\/#breadcrumb\",\"itemListElement\":[{\"@type\":\"ListItem\",\"position\":1,\"name\":\"Accueil\",\"item\":\"https:\\\/\\\/plamdistributions.com\\\/es\\\/\"},{\"@type\":\"ListItem\",\"position\":2,\"name\":\"Tienda\",\"item\":\"https:\\\/\\\/plamdistributions.com\\\/es\\\/tienda\\\/\"},{\"@type\":\"ListItem\",\"position\":3,\"name\":\"D\u00e9sodorisant liquide PURODOR\"}]},{\"@type\":\"WebSite\",\"@id\":\"https:\\\/\\\/plamdistributions.com\\\/en\\\/#website\",\"url\":\"https:\\\/\\\/plamdistributions.com\\\/en\\\/\",\"name\":\"Distributions Pla-M Inc.\",\"description\":\"Venta de productos y equipos sanitarios\",\"publisher\":{\"@id\":\"https:\\\/\\\/plamdistributions.com\\\/en\\\/#organization\"},\"potentialAction\":[{\"@type\":\"SearchAction\",\"target\":{\"@type\":\"EntryPoint\",\"urlTemplate\":\"https:\\\/\\\/plamdistributions.com\\\/en\\\/?s={search_term_string}\"},\"query-input\":{\"@type\":\"PropertyValueSpecification\",\"valueRequired\":true,\"valueName\":\"search_term_string\"}}],\"inLanguage\":\"es\"},{\"@type\":\"Organization\",\"@id\":\"https:\\\/\\\/plamdistributions.com\\\/en\\\/#organization\",\"name\":\"Distributions Pla-M\",\"url\":\"https:\\\/\\\/plamdistributions.com\\\/en\\\/\",\"logo\":{\"@type\":\"ImageObject\",\"inLanguage\":\"es\",\"@id\":\"https:\\\/\\\/plamdistributions.com\\\/en\\\/#\\\/schema\\\/logo\\\/image\\\/\",\"url\":\"https:\\\/\\\/plamdistributions.com\\\/wp-content\\\/uploads\\\/2021\\\/05\\\/PLAM-SANS.png\",\"contentUrl\":\"https:\\\/\\\/plamdistributions.com\\\/wp-content\\\/uploads\\\/2021\\\/05\\\/PLAM-SANS.png\",\"width\":289,\"height\":224,\"caption\":\"Distributions Pla-M\"},\"image\":{\"@id\":\"https:\\\/\\\/plamdistributions.com\\\/en\\\/#\\\/schema\\\/logo\\\/image\\\/\"},\"sameAs\":[\"https:\\\/\\\/www.facebook.com\\\/displam\\\/\",\"https:\\\/\\\/x.com\\\/Displam\",\"https:\\\/\\\/www.youtube.com\\\/channel\\\/UCHmm3HCGnpGuaQ984quISDg\"]}]}<\/script>\n<!-- \/ Yoast SEO plugin. -->","yoast_head_json":{"title":"D\u00e9sodorisant liquide PURODOR | Distributions Pla-M","robots":{"index":"index","follow":"follow","max-snippet":"max-snippet:-1","max-image-preview":"max-image-preview:large","max-video-preview":"max-video-preview:-1"},"canonical":"https:\/\/plamdistributions.com\/produit\/desodorisant-liquide-purodor\/","og_locale":"es_ES","og_type":"article","og_title":"D\u00e9sodorisant liquide PURODOR | Distributions Pla-M","og_description":"Code: DOL-UNNPUB01 \/ DOL-UNNPUB03 \/ DOL-UNNPUB04 \/ DOL-UNNPUP04 \/ DOL-UNNPUR04 \/ DOL-UNNPURO1 \/ DOL-UNNPURO3 \u2713 Ultra concentr\u00e9\u00a0\u2713 Antibact\u00e9rien PURODOR est","og_url":"https:\/\/plamdistributions.com\/produit\/desodorisant-liquide-purodor\/","og_site_name":"Distributions Pla-M","article_publisher":"https:\/\/www.facebook.com\/displam\/","article_modified_time":"2026-04-15T19:29:27+00:00","og_image":[{"width":700,"height":700,"url":"https:\/\/plamdistributions.com\/wp-content\/uploads\/2021\/11\/PURODOR.jpg","type":"image\/jpeg"}],"twitter_card":"summary_large_image","twitter_site":"@Displam","twitter_misc":{"Tiempo de lectura":"1 minuto"},"schema":{"@context":"https:\/\/schema.org","@graph":[{"@type":"WebPage","@id":"https:\/\/plamdistributions.com\/produit\/desodorisant-liquide-purodor\/","url":"https:\/\/plamdistributions.com\/produit\/desodorisant-liquide-purodor\/","name":"D\u00e9sodorisant liquide PURODOR | Distributions Pla-M","isPartOf":{"@id":"https:\/\/plamdistributions.com\/en\/#website"},"primaryImageOfPage":{"@id":"https:\/\/plamdistributions.com\/produit\/desodorisant-liquide-purodor\/#primaryimage"},"image":{"@id":"https:\/\/plamdistributions.com\/produit\/desodorisant-liquide-purodor\/#primaryimage"},"thumbnailUrl":"https:\/\/plamdistributions.com\/wp-content\/uploads\/2021\/11\/PURODOR.jpg","datePublished":"2021-11-10T17:10:59+00:00","dateModified":"2026-04-15T19:29:27+00:00","breadcrumb":{"@id":"https:\/\/plamdistributions.com\/produit\/desodorisant-liquide-purodor\/#breadcrumb"},"inLanguage":"es","potentialAction":[{"@type":"ReadAction","target":["https:\/\/plamdistributions.com\/produit\/desodorisant-liquide-purodor\/"]}]},{"@type":"ImageObject","inLanguage":"es","@id":"https:\/\/plamdistributions.com\/produit\/desodorisant-liquide-purodor\/#primaryimage","url":"https:\/\/plamdistributions.com\/wp-content\/uploads\/2021\/11\/PURODOR.jpg","contentUrl":"https:\/\/plamdistributions.com\/wp-content\/uploads\/2021\/11\/PURODOR.jpg","width":700,"height":700,"caption":"Contr\u00f4le des Odeurs, PURODOR est un d\u00e9sodorisant et assainisseur d\u2019air liquide ultra concentr\u00e9 de qualit\u00e9 sup\u00e9rieure"},{"@type":"BreadcrumbList","@id":"https:\/\/plamdistributions.com\/produit\/desodorisant-liquide-purodor\/#breadcrumb","itemListElement":[{"@type":"ListItem","position":1,"name":"Accueil","item":"https:\/\/plamdistributions.com\/es\/"},{"@type":"ListItem","position":2,"name":"Tienda","item":"https:\/\/plamdistributions.com\/es\/tienda\/"},{"@type":"ListItem","position":3,"name":"D\u00e9sodorisant liquide PURODOR"}]},{"@type":"WebSite","@id":"https:\/\/plamdistributions.com\/en\/#website","url":"https:\/\/plamdistributions.com\/en\/","name":"Distributions Pla-M Inc.","description":"Venta de productos y equipos sanitarios","publisher":{"@id":"https:\/\/plamdistributions.com\/en\/#organization"},"potentialAction":[{"@type":"SearchAction","target":{"@type":"EntryPoint","urlTemplate":"https:\/\/plamdistributions.com\/en\/?s={search_term_string}"},"query-input":{"@type":"PropertyValueSpecification","valueRequired":true,"valueName":"search_term_string"}}],"inLanguage":"es"},{"@type":"Organization","@id":"https:\/\/plamdistributions.com\/en\/#organization","name":"Distributions Pla-M","url":"https:\/\/plamdistributions.com\/en\/","logo":{"@type":"ImageObject","inLanguage":"es","@id":"https:\/\/plamdistributions.com\/en\/#\/schema\/logo\/image\/","url":"https:\/\/plamdistributions.com\/wp-content\/uploads\/2021\/05\/PLAM-SANS.png","contentUrl":"https:\/\/plamdistributions.com\/wp-content\/uploads\/2021\/05\/PLAM-SANS.png","width":289,"height":224,"caption":"Distributions Pla-M"},"image":{"@id":"https:\/\/plamdistributions.com\/en\/#\/schema\/logo\/image\/"},"sameAs":["https:\/\/www.facebook.com\/displam\/","https:\/\/x.com\/Displam","https:\/\/www.youtube.com\/channel\/UCHmm3HCGnpGuaQ984quISDg"]}]}},"_links":{"self":[{"href":"https:\/\/plamdistributions.com\/es\/wp-json\/wp\/v2\/product\/29907","targetHints":{"allow":["GET"]}}],"collection":[{"href":"https:\/\/plamdistributions.com\/es\/wp-json\/wp\/v2\/product"}],"about":[{"href":"https:\/\/plamdistributions.com\/es\/wp-json\/wp\/v2\/types\/product"}],"replies":[{"embeddable":true,"href":"https:\/\/plamdistributions.com\/es\/wp-json\/wp\/v2\/comments?post=29907"}],"wp:featuredmedia":[{"embeddable":true,"href":"https:\/\/plamdistributions.com\/es\/wp-json\/wp\/v2\/media\/29910"}],"wp:attachment":[{"href":"https:\/\/plamdistributions.com\/es\/wp-json\/wp\/v2\/media?parent=29907"}],"wp:term":[{"taxonomy":"product_brand","embeddable":true,"href":"https:\/\/plamdistributions.com\/es\/wp-json\/wp\/v2\/product_brand?post=29907"},{"taxonomy":"product_cat","embeddable":true,"href":"https:\/\/plamdistributions.com\/es\/wp-json\/wp\/v2\/product_cat?post=29907"},{"taxonomy":"product_tag","embeddable":true,"href":"https:\/\/plamdistributions.com\/es\/wp-json\/wp\/v2\/product_tag?post=29907"}],"curies":[{"name":"wp","href":"https:\/\/api.w.org\/{rel}","templated":true}]}}