{"id":30104,"date":"2021-11-16T16:11:45","date_gmt":"2021-11-16T20:11:45","guid":{"rendered":"https:\/\/plamdistributions.com\/?post_type=product&#038;p=30104"},"modified":"2024-01-17T11:38:35","modified_gmt":"2024-01-17T15:38:35","slug":"manche-telescopique-long-arm-12-2-sections-32121","status":"publish","type":"product","link":"https:\/\/plamdistributions.com\/es\/produit\/manche-telescopique-long-arm-12-2-sections-32121\/","title":{"rendered":"Manche t\u00e9lescopique Long Arm 2 sections"},"content":{"rendered":"<p><strong>Code: MTV-LA3108 \/ MTV-LA7308 \/ MTV-LA7312<\/strong><\/p>\n<p>Le m\u00e9canisme de verrouillage par compression emp\u00eache le bras \u00e9tendu de s&#8217;effondrer.<\/p>\n<p>&nbsp;<\/p>\n<p>&nbsp;<\/p>\n<p>&nbsp;<\/p>\n","protected":false},"excerpt":{"rendered":"<p>Code: MTV-LA3108 \/ MTV-LA7308 \/ MTV-LA7312 Le m\u00e9canisme de verrouillage par compression emp\u00eache le bras \u00e9tendu de s&#8217;effondrer. &nbsp; &nbsp;<\/p>\n","protected":false},"featured_media":30109,"comment_status":"closed","ping_status":"closed","template":"","meta":[],"product_brand":[],"product_cat":[143,493,124],"product_tag":[],"class_list":{"0":"post-30104","1":"product","2":"type-product","3":"status-publish","4":"has-post-thumbnail","6":"product_cat-accessoires","7":"product_cat-manches","8":"product_cat-vitres-chrome-et-les-miroirs","9":"product_shipping_class-standard","11":"first","12":"onbackorder","13":"taxable","14":"shipping-taxable","15":"purchasable","16":"product-type-variable"},"yoast_head":"<!-- This site is optimized with the Yoast SEO plugin v27.4 - https:\/\/yoast.com\/product\/yoast-seo-wordpress\/ -->\n<title>Manche t\u00e9lescopique Long Arm 2 sections | Distributions Pla-M<\/title>\n<meta name=\"robots\" content=\"index, follow, max-snippet:-1, max-image-preview:large, max-video-preview:-1\" \/>\n<link rel=\"canonical\" href=\"https:\/\/plamdistributions.com\/produit\/manche-telescopique-long-arm-12-2-sections-32121\/\" \/>\n<meta property=\"og:locale\" content=\"es_ES\" \/>\n<meta property=\"og:type\" content=\"article\" \/>\n<meta property=\"og:title\" content=\"Manche t\u00e9lescopique Long Arm 2 sections | Distributions Pla-M\" \/>\n<meta property=\"og:description\" content=\"Code: MTV-LA3108 \/ MTV-LA7308 \/ MTV-LA7312 Le m\u00e9canisme de verrouillage par compression emp\u00eache le bras \u00e9tendu de s&#8217;effondrer. &nbsp; &nbsp;\" \/>\n<meta property=\"og:url\" content=\"https:\/\/plamdistributions.com\/produit\/manche-telescopique-long-arm-12-2-sections-32121\/\" \/>\n<meta property=\"og:site_name\" content=\"Distributions Pla-M\" \/>\n<meta property=\"article:publisher\" content=\"https:\/\/www.facebook.com\/displam\/\" \/>\n<meta property=\"article:modified_time\" content=\"2024-01-17T15:38:35+00:00\" \/>\n<meta property=\"og:image\" content=\"https:\/\/plamdistributions.com\/wp-content\/uploads\/2021\/11\/MTV-LA7312.jpg\" \/>\n\t<meta property=\"og:image:width\" content=\"700\" \/>\n\t<meta property=\"og:image:height\" content=\"700\" \/>\n\t<meta property=\"og:image:type\" content=\"image\/jpeg\" \/>\n<meta name=\"twitter:card\" content=\"summary_large_image\" \/>\n<meta name=\"twitter:site\" content=\"@Displam\" \/>\n<meta name=\"twitter:label1\" content=\"Tiempo de lectura\" \/>\n\t<meta name=\"twitter:data1\" content=\"1 minuto\" \/>\n<script type=\"application\/ld+json\" class=\"yoast-schema-graph\">{\"@context\":\"https:\\\/\\\/schema.org\",\"@graph\":[{\"@type\":\"WebPage\",\"@id\":\"https:\\\/\\\/plamdistributions.com\\\/produit\\\/manche-telescopique-long-arm-12-2-sections-32121\\\/\",\"url\":\"https:\\\/\\\/plamdistributions.com\\\/produit\\\/manche-telescopique-long-arm-12-2-sections-32121\\\/\",\"name\":\"Manche t\u00e9lescopique Long Arm 2 sections | Distributions Pla-M\",\"isPartOf\":{\"@id\":\"https:\\\/\\\/plamdistributions.com\\\/#website\"},\"primaryImageOfPage\":{\"@id\":\"https:\\\/\\\/plamdistributions.com\\\/produit\\\/manche-telescopique-long-arm-12-2-sections-32121\\\/#primaryimage\"},\"image\":{\"@id\":\"https:\\\/\\\/plamdistributions.com\\\/produit\\\/manche-telescopique-long-arm-12-2-sections-32121\\\/#primaryimage\"},\"thumbnailUrl\":\"https:\\\/\\\/plamdistributions.com\\\/wp-content\\\/uploads\\\/2021\\\/11\\\/MTV-LA7312.jpg\",\"datePublished\":\"2021-11-16T20:11:45+00:00\",\"dateModified\":\"2024-01-17T15:38:35+00:00\",\"breadcrumb\":{\"@id\":\"https:\\\/\\\/plamdistributions.com\\\/produit\\\/manche-telescopique-long-arm-12-2-sections-32121\\\/#breadcrumb\"},\"inLanguage\":\"es\",\"potentialAction\":[{\"@type\":\"ReadAction\",\"target\":[\"https:\\\/\\\/plamdistributions.com\\\/produit\\\/manche-telescopique-long-arm-12-2-sections-32121\\\/\"]}]},{\"@type\":\"ImageObject\",\"inLanguage\":\"es\",\"@id\":\"https:\\\/\\\/plamdistributions.com\\\/produit\\\/manche-telescopique-long-arm-12-2-sections-32121\\\/#primaryimage\",\"url\":\"https:\\\/\\\/plamdistributions.com\\\/wp-content\\\/uploads\\\/2021\\\/11\\\/MTV-LA7312.jpg\",\"contentUrl\":\"https:\\\/\\\/plamdistributions.com\\\/wp-content\\\/uploads\\\/2021\\\/11\\\/MTV-LA7312.jpg\",\"width\":700,\"height\":700,\"caption\":\"Manche t\u00e9lescopique Long Arm 12' 2 sections \\\/ 32121\"},{\"@type\":\"BreadcrumbList\",\"@id\":\"https:\\\/\\\/plamdistributions.com\\\/produit\\\/manche-telescopique-long-arm-12-2-sections-32121\\\/#breadcrumb\",\"itemListElement\":[{\"@type\":\"ListItem\",\"position\":1,\"name\":\"Accueil\",\"item\":\"https:\\\/\\\/plamdistributions.com\\\/es\\\/\"},{\"@type\":\"ListItem\",\"position\":2,\"name\":\"Tienda\",\"item\":\"https:\\\/\\\/plamdistributions.com\\\/es\\\/tienda\\\/\"},{\"@type\":\"ListItem\",\"position\":3,\"name\":\"Manche t\u00e9lescopique Long Arm 2 sections\"}]},{\"@type\":\"WebSite\",\"@id\":\"https:\\\/\\\/plamdistributions.com\\\/#website\",\"url\":\"https:\\\/\\\/plamdistributions.com\\\/\",\"name\":\"Distributions Pla-M Inc.\",\"description\":\"Venta de productos y equipos sanitarios\",\"publisher\":{\"@id\":\"https:\\\/\\\/plamdistributions.com\\\/#organization\"},\"potentialAction\":[{\"@type\":\"SearchAction\",\"target\":{\"@type\":\"EntryPoint\",\"urlTemplate\":\"https:\\\/\\\/plamdistributions.com\\\/?s={search_term_string}\"},\"query-input\":{\"@type\":\"PropertyValueSpecification\",\"valueRequired\":true,\"valueName\":\"search_term_string\"}}],\"inLanguage\":\"es\"},{\"@type\":\"Organization\",\"@id\":\"https:\\\/\\\/plamdistributions.com\\\/#organization\",\"name\":\"Distributions Pla-M\",\"url\":\"https:\\\/\\\/plamdistributions.com\\\/\",\"logo\":{\"@type\":\"ImageObject\",\"inLanguage\":\"es\",\"@id\":\"https:\\\/\\\/plamdistributions.com\\\/#\\\/schema\\\/logo\\\/image\\\/\",\"url\":\"https:\\\/\\\/plamdistributions.com\\\/wp-content\\\/uploads\\\/2021\\\/05\\\/PLAM-SANS.png\",\"contentUrl\":\"https:\\\/\\\/plamdistributions.com\\\/wp-content\\\/uploads\\\/2021\\\/05\\\/PLAM-SANS.png\",\"width\":289,\"height\":224,\"caption\":\"Distributions Pla-M\"},\"image\":{\"@id\":\"https:\\\/\\\/plamdistributions.com\\\/#\\\/schema\\\/logo\\\/image\\\/\"},\"sameAs\":[\"https:\\\/\\\/www.facebook.com\\\/displam\\\/\",\"https:\\\/\\\/x.com\\\/Displam\",\"https:\\\/\\\/www.youtube.com\\\/channel\\\/UCHmm3HCGnpGuaQ984quISDg\"]}]}<\/script>\n<!-- \/ Yoast SEO plugin. -->","yoast_head_json":{"title":"Manche t\u00e9lescopique Long Arm 2 sections | Distributions Pla-M","robots":{"index":"index","follow":"follow","max-snippet":"max-snippet:-1","max-image-preview":"max-image-preview:large","max-video-preview":"max-video-preview:-1"},"canonical":"https:\/\/plamdistributions.com\/produit\/manche-telescopique-long-arm-12-2-sections-32121\/","og_locale":"es_ES","og_type":"article","og_title":"Manche t\u00e9lescopique Long Arm 2 sections | Distributions Pla-M","og_description":"Code: MTV-LA3108 \/ MTV-LA7308 \/ MTV-LA7312 Le m\u00e9canisme de verrouillage par compression emp\u00eache le bras \u00e9tendu de s&#8217;effondrer. &nbsp; &nbsp;","og_url":"https:\/\/plamdistributions.com\/produit\/manche-telescopique-long-arm-12-2-sections-32121\/","og_site_name":"Distributions Pla-M","article_publisher":"https:\/\/www.facebook.com\/displam\/","article_modified_time":"2024-01-17T15:38:35+00:00","og_image":[{"width":700,"height":700,"url":"https:\/\/plamdistributions.com\/wp-content\/uploads\/2021\/11\/MTV-LA7312.jpg","type":"image\/jpeg"}],"twitter_card":"summary_large_image","twitter_site":"@Displam","twitter_misc":{"Tiempo de lectura":"1 minuto"},"schema":{"@context":"https:\/\/schema.org","@graph":[{"@type":"WebPage","@id":"https:\/\/plamdistributions.com\/produit\/manche-telescopique-long-arm-12-2-sections-32121\/","url":"https:\/\/plamdistributions.com\/produit\/manche-telescopique-long-arm-12-2-sections-32121\/","name":"Manche t\u00e9lescopique Long Arm 2 sections | Distributions Pla-M","isPartOf":{"@id":"https:\/\/plamdistributions.com\/#website"},"primaryImageOfPage":{"@id":"https:\/\/plamdistributions.com\/produit\/manche-telescopique-long-arm-12-2-sections-32121\/#primaryimage"},"image":{"@id":"https:\/\/plamdistributions.com\/produit\/manche-telescopique-long-arm-12-2-sections-32121\/#primaryimage"},"thumbnailUrl":"https:\/\/plamdistributions.com\/wp-content\/uploads\/2021\/11\/MTV-LA7312.jpg","datePublished":"2021-11-16T20:11:45+00:00","dateModified":"2024-01-17T15:38:35+00:00","breadcrumb":{"@id":"https:\/\/plamdistributions.com\/produit\/manche-telescopique-long-arm-12-2-sections-32121\/#breadcrumb"},"inLanguage":"es","potentialAction":[{"@type":"ReadAction","target":["https:\/\/plamdistributions.com\/produit\/manche-telescopique-long-arm-12-2-sections-32121\/"]}]},{"@type":"ImageObject","inLanguage":"es","@id":"https:\/\/plamdistributions.com\/produit\/manche-telescopique-long-arm-12-2-sections-32121\/#primaryimage","url":"https:\/\/plamdistributions.com\/wp-content\/uploads\/2021\/11\/MTV-LA7312.jpg","contentUrl":"https:\/\/plamdistributions.com\/wp-content\/uploads\/2021\/11\/MTV-LA7312.jpg","width":700,"height":700,"caption":"Manche t\u00e9lescopique Long Arm 12' 2 sections \/ 32121"},{"@type":"BreadcrumbList","@id":"https:\/\/plamdistributions.com\/produit\/manche-telescopique-long-arm-12-2-sections-32121\/#breadcrumb","itemListElement":[{"@type":"ListItem","position":1,"name":"Accueil","item":"https:\/\/plamdistributions.com\/es\/"},{"@type":"ListItem","position":2,"name":"Tienda","item":"https:\/\/plamdistributions.com\/es\/tienda\/"},{"@type":"ListItem","position":3,"name":"Manche t\u00e9lescopique Long Arm 2 sections"}]},{"@type":"WebSite","@id":"https:\/\/plamdistributions.com\/#website","url":"https:\/\/plamdistributions.com\/","name":"Distributions Pla-M Inc.","description":"Venta de productos y equipos sanitarios","publisher":{"@id":"https:\/\/plamdistributions.com\/#organization"},"potentialAction":[{"@type":"SearchAction","target":{"@type":"EntryPoint","urlTemplate":"https:\/\/plamdistributions.com\/?s={search_term_string}"},"query-input":{"@type":"PropertyValueSpecification","valueRequired":true,"valueName":"search_term_string"}}],"inLanguage":"es"},{"@type":"Organization","@id":"https:\/\/plamdistributions.com\/#organization","name":"Distributions Pla-M","url":"https:\/\/plamdistributions.com\/","logo":{"@type":"ImageObject","inLanguage":"es","@id":"https:\/\/plamdistributions.com\/#\/schema\/logo\/image\/","url":"https:\/\/plamdistributions.com\/wp-content\/uploads\/2021\/05\/PLAM-SANS.png","contentUrl":"https:\/\/plamdistributions.com\/wp-content\/uploads\/2021\/05\/PLAM-SANS.png","width":289,"height":224,"caption":"Distributions Pla-M"},"image":{"@id":"https:\/\/plamdistributions.com\/#\/schema\/logo\/image\/"},"sameAs":["https:\/\/www.facebook.com\/displam\/","https:\/\/x.com\/Displam","https:\/\/www.youtube.com\/channel\/UCHmm3HCGnpGuaQ984quISDg"]}]}},"_links":{"self":[{"href":"https:\/\/plamdistributions.com\/es\/wp-json\/wp\/v2\/product\/30104","targetHints":{"allow":["GET"]}}],"collection":[{"href":"https:\/\/plamdistributions.com\/es\/wp-json\/wp\/v2\/product"}],"about":[{"href":"https:\/\/plamdistributions.com\/es\/wp-json\/wp\/v2\/types\/product"}],"replies":[{"embeddable":true,"href":"https:\/\/plamdistributions.com\/es\/wp-json\/wp\/v2\/comments?post=30104"}],"wp:featuredmedia":[{"embeddable":true,"href":"https:\/\/plamdistributions.com\/es\/wp-json\/wp\/v2\/media\/30109"}],"wp:attachment":[{"href":"https:\/\/plamdistributions.com\/es\/wp-json\/wp\/v2\/media?parent=30104"}],"wp:term":[{"taxonomy":"product_brand","embeddable":true,"href":"https:\/\/plamdistributions.com\/es\/wp-json\/wp\/v2\/product_brand?post=30104"},{"taxonomy":"product_cat","embeddable":true,"href":"https:\/\/plamdistributions.com\/es\/wp-json\/wp\/v2\/product_cat?post=30104"},{"taxonomy":"product_tag","embeddable":true,"href":"https:\/\/plamdistributions.com\/es\/wp-json\/wp\/v2\/product_tag?post=30104"}],"curies":[{"name":"wp","href":"https:\/\/api.w.org\/{rel}","templated":true}]}}