{"id":30680,"date":"2021-05-21T14:49:29","date_gmt":"2021-12-09T14:30:12","guid":{"rendered":"https:\/\/plamdistributions.com\/produit\/deglacant-mistral-en-saco-de-20-kg\/"},"modified":"2022-06-29T16:08:43","modified_gmt":"2022-06-29T20:08:43","slug":"deglacant-mistral-eco-efficace-jusqua-25-c","status":"publish","type":"product","link":"https:\/\/plamdistributions.com\/es\/produit\/deglacant-mistral-eco-efficace-jusqua-25-c\/","title":{"rendered":"D\u00e9gla\u00e7ant Mistral en saco de 20 Kg"},"content":{"rendered":"<p><strong>C\u00f3digo: FONDANT<\/strong><\/p>\n<p><strong>\u2713Prevenci\u00f3n de ca\u00eddas \u2713 Respetuoso del medio ambiente<\/strong><\/p>\n<h4 style=\"text-align: center;\"><a href=\"https:\/\/youtu.be\/5fqZo-qIVo0\"><strong>VER PROMOCION<\/strong><\/a><\/h4>\n<p><strong>MISTRAL \u00c9CO EFFICACE<\/strong><\/p>\n<p style=\"font-weight: 400;\">Mistral \u00c9co Efficace combina eficiencia y bajo impacto ambiental. El uso de nuestro aditivo vegetal SBL activa el poder de fusi\u00f3n del descongelador y es menos da\u00f1ino para el medio ambiente. <strong>Efectivo hasta -25 \u00b0 C<\/strong>, el descongelador Mistral \u00c9co-Efficace permanece activo por m\u00e1s tiempo, incluso a temperaturas m\u00e1s bajas, reduciendo la frecuencia y cantidad de aplicaci\u00f3n. Mistral \u00c9co Efficace se adapta perfectamente a las siguientes condiciones: escaleras, colinas, aceras y estacionamientos.<\/p>\n<div hidden=\"\"><strong>MISTRAL ALTO PERFORMANCE<\/strong><\/div>\n<div hidden=\"\"><span lang=\"FR-CA\">Mistral Alto Performance es una mezcla para derretir hielo dise\u00f1ada para activarse en segundos. Mistral d\u00e9gla\u00e7ant de alto rendimiento es perfecto para asegurar entradas de veh\u00edculos, aceras, escalones o estacionamientos. La combinaci\u00f3n de ingredientes de alto rendimiento previene eficazmente ca\u00eddas y lesiones en temperaturas extremadamente fr\u00edas. <strong>Este producto es eficaz hasta -30 \u00b0 C.<\/strong> <\/span>Mistral Alto Performance se adapta perfectamente a las siguientes condiciones: escaleras, colinas, aceras y estacionamientos.<\/div>\n","protected":false},"excerpt":{"rendered":"<h4><a href=\"https:\/\/www.youtube.com\/watch?v=5fqZo-qIVo0\"><strong>VER PROMOCION<\/strong><\/a><\/h4>\n","protected":false},"featured_media":36426,"comment_status":"closed","ping_status":"closed","template":"","meta":[],"product_brand":[],"product_cat":[1363,691,766],"product_tag":[],"class_list":{"0":"post-30680","1":"product","2":"type-product","3":"status-publish","4":"has-post-thumbnail","6":"product_cat-industrial-products-es","7":"product_cat-productos-de-limpieza","8":"product_cat-productos-para-pisos","9":"product_shipping_class-standard-es","11":"first","12":"onbackorder","13":"featured","14":"taxable","15":"shipping-taxable","16":"purchasable","17":"product-type-variable"},"yoast_head":"<!-- This site is optimized with the Yoast SEO plugin v27.4 - https:\/\/yoast.com\/product\/yoast-seo-wordpress\/ -->\n<title>D\u00e9gla\u00e7ant Mistral en saco de 20 Kg | Distributions Pla-M<\/title>\n<meta name=\"robots\" content=\"index, follow, max-snippet:-1, max-image-preview:large, max-video-preview:-1\" \/>\n<link rel=\"canonical\" href=\"https:\/\/plamdistributions.com\/es\/produit\/deglacant-mistral-eco-efficace-jusqua-25-c\/\" \/>\n<meta property=\"og:locale\" content=\"es_ES\" \/>\n<meta property=\"og:type\" content=\"article\" \/>\n<meta property=\"og:title\" content=\"D\u00e9gla\u00e7ant Mistral en saco de 20 Kg | Distributions Pla-M\" \/>\n<meta property=\"og:description\" content=\"VER PROMOCION\" \/>\n<meta property=\"og:url\" content=\"https:\/\/plamdistributions.com\/es\/produit\/deglacant-mistral-eco-efficace-jusqua-25-c\/\" \/>\n<meta property=\"og:site_name\" content=\"Distributions Pla-M\" \/>\n<meta property=\"article:publisher\" content=\"https:\/\/www.facebook.com\/displam\/\" \/>\n<meta property=\"article:modified_time\" content=\"2022-06-29T20:08:43+00:00\" \/>\n<meta property=\"og:image\" content=\"https:\/\/plamdistributions.com\/wp-content\/uploads\/2021\/05\/FONDANT.jpg\" \/>\n\t<meta property=\"og:image:width\" content=\"600\" \/>\n\t<meta property=\"og:image:height\" content=\"600\" \/>\n\t<meta property=\"og:image:type\" content=\"image\/jpeg\" \/>\n<meta name=\"twitter:card\" content=\"summary_large_image\" \/>\n<meta name=\"twitter:site\" content=\"@Displam\" \/>\n<meta name=\"twitter:label1\" content=\"Tiempo de lectura\" \/>\n\t<meta name=\"twitter:data1\" content=\"1 minuto\" \/>\n<script type=\"application\/ld+json\" class=\"yoast-schema-graph\">{\"@context\":\"https:\\\/\\\/schema.org\",\"@graph\":[{\"@type\":\"WebPage\",\"@id\":\"https:\\\/\\\/plamdistributions.com\\\/es\\\/produit\\\/deglacant-mistral-eco-efficace-jusqua-25-c\\\/\",\"url\":\"https:\\\/\\\/plamdistributions.com\\\/es\\\/produit\\\/deglacant-mistral-eco-efficace-jusqua-25-c\\\/\",\"name\":\"D\u00e9gla\u00e7ant Mistral en saco de 20 Kg | Distributions Pla-M\",\"isPartOf\":{\"@id\":\"https:\\\/\\\/plamdistributions.com\\\/#website\"},\"primaryImageOfPage\":{\"@id\":\"https:\\\/\\\/plamdistributions.com\\\/es\\\/produit\\\/deglacant-mistral-eco-efficace-jusqua-25-c\\\/#primaryimage\"},\"image\":{\"@id\":\"https:\\\/\\\/plamdistributions.com\\\/es\\\/produit\\\/deglacant-mistral-eco-efficace-jusqua-25-c\\\/#primaryimage\"},\"thumbnailUrl\":\"https:\\\/\\\/plamdistributions.com\\\/wp-content\\\/uploads\\\/2021\\\/05\\\/FONDANT.jpg\",\"datePublished\":\"2021-12-09T14:30:12+00:00\",\"dateModified\":\"2022-06-29T20:08:43+00:00\",\"breadcrumb\":{\"@id\":\"https:\\\/\\\/plamdistributions.com\\\/es\\\/produit\\\/deglacant-mistral-eco-efficace-jusqua-25-c\\\/#breadcrumb\"},\"inLanguage\":\"es\",\"potentialAction\":[{\"@type\":\"ReadAction\",\"target\":[\"https:\\\/\\\/plamdistributions.com\\\/es\\\/produit\\\/deglacant-mistral-eco-efficace-jusqua-25-c\\\/\"]}]},{\"@type\":\"ImageObject\",\"inLanguage\":\"es\",\"@id\":\"https:\\\/\\\/plamdistributions.com\\\/es\\\/produit\\\/deglacant-mistral-eco-efficace-jusqua-25-c\\\/#primaryimage\",\"url\":\"https:\\\/\\\/plamdistributions.com\\\/wp-content\\\/uploads\\\/2021\\\/05\\\/FONDANT.jpg\",\"contentUrl\":\"https:\\\/\\\/plamdistributions.com\\\/wp-content\\\/uploads\\\/2021\\\/05\\\/FONDANT.jpg\",\"width\":600,\"height\":600,\"caption\":\"Fondant d\u00e9gla\u00e7ant Mistral ecologique\"},{\"@type\":\"BreadcrumbList\",\"@id\":\"https:\\\/\\\/plamdistributions.com\\\/es\\\/produit\\\/deglacant-mistral-eco-efficace-jusqua-25-c\\\/#breadcrumb\",\"itemListElement\":[{\"@type\":\"ListItem\",\"position\":1,\"name\":\"Accueil\",\"item\":\"https:\\\/\\\/plamdistributions.com\\\/es\\\/\"},{\"@type\":\"ListItem\",\"position\":2,\"name\":\"Tienda\",\"item\":\"https:\\\/\\\/plamdistributions.com\\\/es\\\/tienda\\\/\"},{\"@type\":\"ListItem\",\"position\":3,\"name\":\"D\u00e9gla\u00e7ant Mistral en saco de 20 Kg\"}]},{\"@type\":\"WebSite\",\"@id\":\"https:\\\/\\\/plamdistributions.com\\\/#website\",\"url\":\"https:\\\/\\\/plamdistributions.com\\\/\",\"name\":\"Distributions Pla-M Inc.\",\"description\":\"Venta de productos y equipos sanitarios\",\"publisher\":{\"@id\":\"https:\\\/\\\/plamdistributions.com\\\/#organization\"},\"potentialAction\":[{\"@type\":\"SearchAction\",\"target\":{\"@type\":\"EntryPoint\",\"urlTemplate\":\"https:\\\/\\\/plamdistributions.com\\\/?s={search_term_string}\"},\"query-input\":{\"@type\":\"PropertyValueSpecification\",\"valueRequired\":true,\"valueName\":\"search_term_string\"}}],\"inLanguage\":\"es\"},{\"@type\":\"Organization\",\"@id\":\"https:\\\/\\\/plamdistributions.com\\\/#organization\",\"name\":\"Distributions Pla-M\",\"url\":\"https:\\\/\\\/plamdistributions.com\\\/\",\"logo\":{\"@type\":\"ImageObject\",\"inLanguage\":\"es\",\"@id\":\"https:\\\/\\\/plamdistributions.com\\\/#\\\/schema\\\/logo\\\/image\\\/\",\"url\":\"https:\\\/\\\/plamdistributions.com\\\/wp-content\\\/uploads\\\/2021\\\/05\\\/PLAM-SANS.png\",\"contentUrl\":\"https:\\\/\\\/plamdistributions.com\\\/wp-content\\\/uploads\\\/2021\\\/05\\\/PLAM-SANS.png\",\"width\":289,\"height\":224,\"caption\":\"Distributions Pla-M\"},\"image\":{\"@id\":\"https:\\\/\\\/plamdistributions.com\\\/#\\\/schema\\\/logo\\\/image\\\/\"},\"sameAs\":[\"https:\\\/\\\/www.facebook.com\\\/displam\\\/\",\"https:\\\/\\\/x.com\\\/Displam\",\"https:\\\/\\\/www.youtube.com\\\/channel\\\/UCHmm3HCGnpGuaQ984quISDg\"]}]}<\/script>\n<!-- \/ Yoast SEO plugin. -->","yoast_head_json":{"title":"D\u00e9gla\u00e7ant Mistral en saco de 20 Kg | Distributions Pla-M","robots":{"index":"index","follow":"follow","max-snippet":"max-snippet:-1","max-image-preview":"max-image-preview:large","max-video-preview":"max-video-preview:-1"},"canonical":"https:\/\/plamdistributions.com\/es\/produit\/deglacant-mistral-eco-efficace-jusqua-25-c\/","og_locale":"es_ES","og_type":"article","og_title":"D\u00e9gla\u00e7ant Mistral en saco de 20 Kg | Distributions Pla-M","og_description":"VER PROMOCION","og_url":"https:\/\/plamdistributions.com\/es\/produit\/deglacant-mistral-eco-efficace-jusqua-25-c\/","og_site_name":"Distributions Pla-M","article_publisher":"https:\/\/www.facebook.com\/displam\/","article_modified_time":"2022-06-29T20:08:43+00:00","og_image":[{"width":600,"height":600,"url":"https:\/\/plamdistributions.com\/wp-content\/uploads\/2021\/05\/FONDANT.jpg","type":"image\/jpeg"}],"twitter_card":"summary_large_image","twitter_site":"@Displam","twitter_misc":{"Tiempo de lectura":"1 minuto"},"schema":{"@context":"https:\/\/schema.org","@graph":[{"@type":"WebPage","@id":"https:\/\/plamdistributions.com\/es\/produit\/deglacant-mistral-eco-efficace-jusqua-25-c\/","url":"https:\/\/plamdistributions.com\/es\/produit\/deglacant-mistral-eco-efficace-jusqua-25-c\/","name":"D\u00e9gla\u00e7ant Mistral en saco de 20 Kg | Distributions Pla-M","isPartOf":{"@id":"https:\/\/plamdistributions.com\/#website"},"primaryImageOfPage":{"@id":"https:\/\/plamdistributions.com\/es\/produit\/deglacant-mistral-eco-efficace-jusqua-25-c\/#primaryimage"},"image":{"@id":"https:\/\/plamdistributions.com\/es\/produit\/deglacant-mistral-eco-efficace-jusqua-25-c\/#primaryimage"},"thumbnailUrl":"https:\/\/plamdistributions.com\/wp-content\/uploads\/2021\/05\/FONDANT.jpg","datePublished":"2021-12-09T14:30:12+00:00","dateModified":"2022-06-29T20:08:43+00:00","breadcrumb":{"@id":"https:\/\/plamdistributions.com\/es\/produit\/deglacant-mistral-eco-efficace-jusqua-25-c\/#breadcrumb"},"inLanguage":"es","potentialAction":[{"@type":"ReadAction","target":["https:\/\/plamdistributions.com\/es\/produit\/deglacant-mistral-eco-efficace-jusqua-25-c\/"]}]},{"@type":"ImageObject","inLanguage":"es","@id":"https:\/\/plamdistributions.com\/es\/produit\/deglacant-mistral-eco-efficace-jusqua-25-c\/#primaryimage","url":"https:\/\/plamdistributions.com\/wp-content\/uploads\/2021\/05\/FONDANT.jpg","contentUrl":"https:\/\/plamdistributions.com\/wp-content\/uploads\/2021\/05\/FONDANT.jpg","width":600,"height":600,"caption":"Fondant d\u00e9gla\u00e7ant Mistral ecologique"},{"@type":"BreadcrumbList","@id":"https:\/\/plamdistributions.com\/es\/produit\/deglacant-mistral-eco-efficace-jusqua-25-c\/#breadcrumb","itemListElement":[{"@type":"ListItem","position":1,"name":"Accueil","item":"https:\/\/plamdistributions.com\/es\/"},{"@type":"ListItem","position":2,"name":"Tienda","item":"https:\/\/plamdistributions.com\/es\/tienda\/"},{"@type":"ListItem","position":3,"name":"D\u00e9gla\u00e7ant Mistral en saco de 20 Kg"}]},{"@type":"WebSite","@id":"https:\/\/plamdistributions.com\/#website","url":"https:\/\/plamdistributions.com\/","name":"Distributions Pla-M Inc.","description":"Venta de productos y equipos sanitarios","publisher":{"@id":"https:\/\/plamdistributions.com\/#organization"},"potentialAction":[{"@type":"SearchAction","target":{"@type":"EntryPoint","urlTemplate":"https:\/\/plamdistributions.com\/?s={search_term_string}"},"query-input":{"@type":"PropertyValueSpecification","valueRequired":true,"valueName":"search_term_string"}}],"inLanguage":"es"},{"@type":"Organization","@id":"https:\/\/plamdistributions.com\/#organization","name":"Distributions Pla-M","url":"https:\/\/plamdistributions.com\/","logo":{"@type":"ImageObject","inLanguage":"es","@id":"https:\/\/plamdistributions.com\/#\/schema\/logo\/image\/","url":"https:\/\/plamdistributions.com\/wp-content\/uploads\/2021\/05\/PLAM-SANS.png","contentUrl":"https:\/\/plamdistributions.com\/wp-content\/uploads\/2021\/05\/PLAM-SANS.png","width":289,"height":224,"caption":"Distributions Pla-M"},"image":{"@id":"https:\/\/plamdistributions.com\/#\/schema\/logo\/image\/"},"sameAs":["https:\/\/www.facebook.com\/displam\/","https:\/\/x.com\/Displam","https:\/\/www.youtube.com\/channel\/UCHmm3HCGnpGuaQ984quISDg"]}]}},"_links":{"self":[{"href":"https:\/\/plamdistributions.com\/es\/wp-json\/wp\/v2\/product\/30680","targetHints":{"allow":["GET"]}}],"collection":[{"href":"https:\/\/plamdistributions.com\/es\/wp-json\/wp\/v2\/product"}],"about":[{"href":"https:\/\/plamdistributions.com\/es\/wp-json\/wp\/v2\/types\/product"}],"replies":[{"embeddable":true,"href":"https:\/\/plamdistributions.com\/es\/wp-json\/wp\/v2\/comments?post=30680"}],"wp:featuredmedia":[{"embeddable":true,"href":"https:\/\/plamdistributions.com\/es\/wp-json\/wp\/v2\/media\/36426"}],"wp:attachment":[{"href":"https:\/\/plamdistributions.com\/es\/wp-json\/wp\/v2\/media?parent=30680"}],"wp:term":[{"taxonomy":"product_brand","embeddable":true,"href":"https:\/\/plamdistributions.com\/es\/wp-json\/wp\/v2\/product_brand?post=30680"},{"taxonomy":"product_cat","embeddable":true,"href":"https:\/\/plamdistributions.com\/es\/wp-json\/wp\/v2\/product_cat?post=30680"},{"taxonomy":"product_tag","embeddable":true,"href":"https:\/\/plamdistributions.com\/es\/wp-json\/wp\/v2\/product_tag?post=30680"}],"curies":[{"name":"wp","href":"https:\/\/api.w.org\/{rel}","templated":true}]}}