{"id":30857,"date":"2021-05-21T14:57:25","date_gmt":"2022-01-10T15:03:19","guid":{"rendered":"https:\/\/plamdistributions.com\/produit\/sterne-arctique-neutralizador-y-eliminador-de-sal\/"},"modified":"2022-06-28T13:54:25","modified_gmt":"2022-06-28T17:54:25","slug":"sterne-arctique-neutralisant-et-enleve-sel","status":"publish","type":"product","link":"https:\/\/plamdistributions.com\/es\/produit\/sterne-arctique-neutralisant-et-enleve-sel\/","title":{"rendered":"STERNE ARCTIQUE NEUTRALIZADOR Y ELIMINADOR DE SAL"},"content":{"rendered":"<h4><a href=\"http:\/\/plamdistributions.com\/wp-content\/uploads\/2021\/05\/STERNE-FT.pdf\" target=\"_blank\" rel=\"ARCTIQUE Distributions Fiche Pla-M STERNE enl\u00e8ve-sel et neutralisant noopener technique\"><img decoding=\"async\" class=\"alignnone wp-image-28840\" title=\"Fiche technique STERNE ARCTIQUE neutralisant et enl\u00e8ve-sel Distributions Pla-M\" src=\"http:\/\/plamdistributions.com\/wp-content\/uploads\/2021\/06\/Fiche-technique.jpg\" alt=\"Fiche technique STERNE ARCTIQUE neutralisant et enl\u00e8ve-sel Distributions Pla-M\" width=\"144\" height=\"64\" srcset=\"https:\/\/plamdistributions.com\/wp-content\/uploads\/2021\/06\/Fiche-technique-200x89.jpg 200w, https:\/\/plamdistributions.com\/wp-content\/uploads\/2021\/06\/Fiche-technique-300x134.jpg 300w, https:\/\/plamdistributions.com\/wp-content\/uploads\/2021\/06\/Fiche-technique.jpg 400w\" sizes=\"(max-width: 144px) 100vw, 144px\" \/><\/a><a href=\"http:\/\/plamdistributions.com\/wp-content\/uploads\/2021\/05\/STERNE-ARCTIQUE_FRE.pdf\" target=\"_blank\" rel=\"Distributions Fiche PARULINE Pla-M neutre noopener plancher pour savon signal\u00e9tique\"><img decoding=\"async\" class=\"alignnone wp-image-39486\" title=\"Fiche signal\u00e9tique PARULINE savon neutre pour plancher Distributions Pla-M\" src=\"http:\/\/plamdistributions.com\/wp-content\/uploads\/2021\/06\/Fiche-signaletique-300x134.jpg\" alt=\"Fiche signal\u00e9tique Paruline savon neutre pour plancher Distributions Pla-M\" width=\"137\" height=\"61\" srcset=\"https:\/\/plamdistributions.com\/wp-content\/uploads\/2021\/06\/Fiche-signaletique-200x89.jpg 200w, https:\/\/plamdistributions.com\/wp-content\/uploads\/2021\/06\/Fiche-signaletique-300x134.jpg 300w, https:\/\/plamdistributions.com\/wp-content\/uploads\/2021\/06\/Fiche-signaletique.jpg 400w\" sizes=\"(max-width: 137px) 100vw, 137px\" \/><\/a><strong><a href=\"http:\/\/plamdistributions.com\/wp-content\/uploads\/2021\/05\/STERNE-ARCTIQUE-EN.pdf\" target=\"_blank\" rel=\"&amp; ARCTIQUE Distributions Pla-M STERNE Safety data neutraliser noopener remover salt sheet\"><img decoding=\"async\" class=\"alignnone wp-image-39484\" title=\"Safety data sheet STERNE ARCTIQUE neutraliser &amp; salt remover Distributions Pla-M\" src=\"http:\/\/plamdistributions.com\/wp-content\/uploads\/2021\/05\/Safety-data-sheet-300x134.png\" alt=\"Safety data sheet STERNE ARCTIQUE neutraliser &amp; salt remover Distributions Pla-M\" width=\"139\" height=\"62\" srcset=\"https:\/\/plamdistributions.com\/wp-content\/uploads\/2021\/05\/Safety-data-sheet-200x89.png 200w, https:\/\/plamdistributions.com\/wp-content\/uploads\/2021\/05\/Safety-data-sheet-300x134.png 300w, https:\/\/plamdistributions.com\/wp-content\/uploads\/2021\/05\/Safety-data-sheet.png 400w\" sizes=\"(max-width: 139px) 100vw, 139px\" \/><\/a><\/strong><\/h4>\n<p><strong>C\u00f3digo: STERNE<\/strong><\/p>\n<p>Sterne Arctique es un detergente concentrado biodegradable, que neutraliza eficazmente los residuos alcalinos y elimina los dep\u00f3sitos de sal y calcio de pisos y alfombras. Su potente f\u00f3rmula de penetraci\u00f3n profunda se puede utilizar como limpiador para neutralizar los efectos residuales de los decapantes. Sterne Arctique se puede utilizar tanto con m\u00e1quina autom\u00e1tica como manualmente con el trapeador<\/p>\n<p><strong>\u2713 Producto exclusivo: Distributions Pla-M <\/strong><\/p>\n","protected":false},"excerpt":{"rendered":"<p><iframe title=\"YouTube video player\" src=\"https:\/\/www.youtube.com\/embed\/GDQ9ShvM7b0\" width=\"560\" height=\"315\" frameborder=\"0\" allowfullscreen=\"allowfullscreen\"><\/iframe><\/p>\n","protected":false},"featured_media":40290,"comment_status":"closed","ping_status":"closed","template":"","meta":[],"product_brand":[],"product_cat":[691,758,757],"product_tag":[],"class_list":{"0":"post-30857","1":"product","2":"type-product","3":"status-publish","4":"has-post-thumbnail","6":"product_cat-productos-de-limpieza","7":"product_cat-productos-para-la-limpieza-general","8":"product_cat-productos-pla-m","9":"product_shipping_class-standard-es","11":"first","12":"instock","13":"featured","14":"taxable","15":"shipping-taxable","16":"purchasable","17":"product-type-variable"},"yoast_head":"<!-- This site is optimized with the Yoast SEO plugin v27.4 - https:\/\/yoast.com\/product\/yoast-seo-wordpress\/ -->\n<title>STERNE ARCTIQUE NEUTRALIZADOR Y ELIMINADOR DE SAL | Distributions Pla-M<\/title>\n<meta name=\"robots\" content=\"index, follow, max-snippet:-1, max-image-preview:large, max-video-preview:-1\" \/>\n<link rel=\"canonical\" href=\"https:\/\/plamdistributions.com\/es\/produit\/sterne-arctique-neutralisant-et-enleve-sel\/\" \/>\n<meta property=\"og:locale\" content=\"es_ES\" \/>\n<meta property=\"og:type\" content=\"article\" \/>\n<meta property=\"og:title\" content=\"STERNE ARCTIQUE NEUTRALIZADOR Y ELIMINADOR DE SAL | Distributions Pla-M\" \/>\n<meta property=\"og:url\" content=\"https:\/\/plamdistributions.com\/es\/produit\/sterne-arctique-neutralisant-et-enleve-sel\/\" \/>\n<meta property=\"og:site_name\" content=\"Distributions Pla-M\" \/>\n<meta property=\"article:publisher\" content=\"https:\/\/www.facebook.com\/displam\/\" \/>\n<meta property=\"article:modified_time\" content=\"2022-06-28T17:54:25+00:00\" \/>\n<meta property=\"og:image\" content=\"https:\/\/plamdistributions.com\/wp-content\/uploads\/2021\/05\/sterne-removebg-preview.png\" \/>\n\t<meta property=\"og:image:width\" content=\"433\" \/>\n\t<meta property=\"og:image:height\" content=\"577\" \/>\n\t<meta property=\"og:image:type\" content=\"image\/png\" \/>\n<meta name=\"twitter:card\" content=\"summary_large_image\" \/>\n<meta name=\"twitter:site\" content=\"@Displam\" \/>\n<meta name=\"twitter:label1\" content=\"Tiempo de lectura\" \/>\n\t<meta name=\"twitter:data1\" content=\"1 minuto\" \/>\n<script type=\"application\/ld+json\" class=\"yoast-schema-graph\">{\"@context\":\"https:\\\/\\\/schema.org\",\"@graph\":[{\"@type\":\"WebPage\",\"@id\":\"https:\\\/\\\/plamdistributions.com\\\/es\\\/produit\\\/sterne-arctique-neutralisant-et-enleve-sel\\\/\",\"url\":\"https:\\\/\\\/plamdistributions.com\\\/es\\\/produit\\\/sterne-arctique-neutralisant-et-enleve-sel\\\/\",\"name\":\"STERNE ARCTIQUE NEUTRALIZADOR Y ELIMINADOR DE SAL | Distributions Pla-M\",\"isPartOf\":{\"@id\":\"https:\\\/\\\/plamdistributions.com\\\/#website\"},\"primaryImageOfPage\":{\"@id\":\"https:\\\/\\\/plamdistributions.com\\\/es\\\/produit\\\/sterne-arctique-neutralisant-et-enleve-sel\\\/#primaryimage\"},\"image\":{\"@id\":\"https:\\\/\\\/plamdistributions.com\\\/es\\\/produit\\\/sterne-arctique-neutralisant-et-enleve-sel\\\/#primaryimage\"},\"thumbnailUrl\":\"https:\\\/\\\/plamdistributions.com\\\/wp-content\\\/uploads\\\/2021\\\/05\\\/sterne-removebg-preview.png\",\"datePublished\":\"2022-01-10T15:03:19+00:00\",\"dateModified\":\"2022-06-28T17:54:25+00:00\",\"breadcrumb\":{\"@id\":\"https:\\\/\\\/plamdistributions.com\\\/es\\\/produit\\\/sterne-arctique-neutralisant-et-enleve-sel\\\/#breadcrumb\"},\"inLanguage\":\"es\",\"potentialAction\":[{\"@type\":\"ReadAction\",\"target\":[\"https:\\\/\\\/plamdistributions.com\\\/es\\\/produit\\\/sterne-arctique-neutralisant-et-enleve-sel\\\/\"]}]},{\"@type\":\"ImageObject\",\"inLanguage\":\"es\",\"@id\":\"https:\\\/\\\/plamdistributions.com\\\/es\\\/produit\\\/sterne-arctique-neutralisant-et-enleve-sel\\\/#primaryimage\",\"url\":\"https:\\\/\\\/plamdistributions.com\\\/wp-content\\\/uploads\\\/2021\\\/05\\\/sterne-removebg-preview.png\",\"contentUrl\":\"https:\\\/\\\/plamdistributions.com\\\/wp-content\\\/uploads\\\/2021\\\/05\\\/sterne-removebg-preview.png\",\"width\":433,\"height\":577},{\"@type\":\"BreadcrumbList\",\"@id\":\"https:\\\/\\\/plamdistributions.com\\\/es\\\/produit\\\/sterne-arctique-neutralisant-et-enleve-sel\\\/#breadcrumb\",\"itemListElement\":[{\"@type\":\"ListItem\",\"position\":1,\"name\":\"Accueil\",\"item\":\"https:\\\/\\\/plamdistributions.com\\\/es\\\/\"},{\"@type\":\"ListItem\",\"position\":2,\"name\":\"Tienda\",\"item\":\"https:\\\/\\\/plamdistributions.com\\\/es\\\/tienda\\\/\"},{\"@type\":\"ListItem\",\"position\":3,\"name\":\"STERNE ARCTIQUE NEUTRALIZADOR Y ELIMINADOR DE SAL\"}]},{\"@type\":\"WebSite\",\"@id\":\"https:\\\/\\\/plamdistributions.com\\\/#website\",\"url\":\"https:\\\/\\\/plamdistributions.com\\\/\",\"name\":\"Distributions Pla-M Inc.\",\"description\":\"Venta de productos y equipos sanitarios\",\"publisher\":{\"@id\":\"https:\\\/\\\/plamdistributions.com\\\/#organization\"},\"potentialAction\":[{\"@type\":\"SearchAction\",\"target\":{\"@type\":\"EntryPoint\",\"urlTemplate\":\"https:\\\/\\\/plamdistributions.com\\\/?s={search_term_string}\"},\"query-input\":{\"@type\":\"PropertyValueSpecification\",\"valueRequired\":true,\"valueName\":\"search_term_string\"}}],\"inLanguage\":\"es\"},{\"@type\":\"Organization\",\"@id\":\"https:\\\/\\\/plamdistributions.com\\\/#organization\",\"name\":\"Distributions Pla-M\",\"url\":\"https:\\\/\\\/plamdistributions.com\\\/\",\"logo\":{\"@type\":\"ImageObject\",\"inLanguage\":\"es\",\"@id\":\"https:\\\/\\\/plamdistributions.com\\\/#\\\/schema\\\/logo\\\/image\\\/\",\"url\":\"https:\\\/\\\/plamdistributions.com\\\/wp-content\\\/uploads\\\/2021\\\/05\\\/PLAM-SANS.png\",\"contentUrl\":\"https:\\\/\\\/plamdistributions.com\\\/wp-content\\\/uploads\\\/2021\\\/05\\\/PLAM-SANS.png\",\"width\":289,\"height\":224,\"caption\":\"Distributions Pla-M\"},\"image\":{\"@id\":\"https:\\\/\\\/plamdistributions.com\\\/#\\\/schema\\\/logo\\\/image\\\/\"},\"sameAs\":[\"https:\\\/\\\/www.facebook.com\\\/displam\\\/\",\"https:\\\/\\\/x.com\\\/Displam\",\"https:\\\/\\\/www.youtube.com\\\/channel\\\/UCHmm3HCGnpGuaQ984quISDg\"]}]}<\/script>\n<!-- \/ Yoast SEO plugin. -->","yoast_head_json":{"title":"STERNE ARCTIQUE NEUTRALIZADOR Y ELIMINADOR DE SAL | Distributions Pla-M","robots":{"index":"index","follow":"follow","max-snippet":"max-snippet:-1","max-image-preview":"max-image-preview:large","max-video-preview":"max-video-preview:-1"},"canonical":"https:\/\/plamdistributions.com\/es\/produit\/sterne-arctique-neutralisant-et-enleve-sel\/","og_locale":"es_ES","og_type":"article","og_title":"STERNE ARCTIQUE NEUTRALIZADOR Y ELIMINADOR DE SAL | Distributions Pla-M","og_url":"https:\/\/plamdistributions.com\/es\/produit\/sterne-arctique-neutralisant-et-enleve-sel\/","og_site_name":"Distributions Pla-M","article_publisher":"https:\/\/www.facebook.com\/displam\/","article_modified_time":"2022-06-28T17:54:25+00:00","og_image":[{"width":433,"height":577,"url":"https:\/\/plamdistributions.com\/wp-content\/uploads\/2021\/05\/sterne-removebg-preview.png","type":"image\/png"}],"twitter_card":"summary_large_image","twitter_site":"@Displam","twitter_misc":{"Tiempo de lectura":"1 minuto"},"schema":{"@context":"https:\/\/schema.org","@graph":[{"@type":"WebPage","@id":"https:\/\/plamdistributions.com\/es\/produit\/sterne-arctique-neutralisant-et-enleve-sel\/","url":"https:\/\/plamdistributions.com\/es\/produit\/sterne-arctique-neutralisant-et-enleve-sel\/","name":"STERNE ARCTIQUE NEUTRALIZADOR Y ELIMINADOR DE SAL | Distributions Pla-M","isPartOf":{"@id":"https:\/\/plamdistributions.com\/#website"},"primaryImageOfPage":{"@id":"https:\/\/plamdistributions.com\/es\/produit\/sterne-arctique-neutralisant-et-enleve-sel\/#primaryimage"},"image":{"@id":"https:\/\/plamdistributions.com\/es\/produit\/sterne-arctique-neutralisant-et-enleve-sel\/#primaryimage"},"thumbnailUrl":"https:\/\/plamdistributions.com\/wp-content\/uploads\/2021\/05\/sterne-removebg-preview.png","datePublished":"2022-01-10T15:03:19+00:00","dateModified":"2022-06-28T17:54:25+00:00","breadcrumb":{"@id":"https:\/\/plamdistributions.com\/es\/produit\/sterne-arctique-neutralisant-et-enleve-sel\/#breadcrumb"},"inLanguage":"es","potentialAction":[{"@type":"ReadAction","target":["https:\/\/plamdistributions.com\/es\/produit\/sterne-arctique-neutralisant-et-enleve-sel\/"]}]},{"@type":"ImageObject","inLanguage":"es","@id":"https:\/\/plamdistributions.com\/es\/produit\/sterne-arctique-neutralisant-et-enleve-sel\/#primaryimage","url":"https:\/\/plamdistributions.com\/wp-content\/uploads\/2021\/05\/sterne-removebg-preview.png","contentUrl":"https:\/\/plamdistributions.com\/wp-content\/uploads\/2021\/05\/sterne-removebg-preview.png","width":433,"height":577},{"@type":"BreadcrumbList","@id":"https:\/\/plamdistributions.com\/es\/produit\/sterne-arctique-neutralisant-et-enleve-sel\/#breadcrumb","itemListElement":[{"@type":"ListItem","position":1,"name":"Accueil","item":"https:\/\/plamdistributions.com\/es\/"},{"@type":"ListItem","position":2,"name":"Tienda","item":"https:\/\/plamdistributions.com\/es\/tienda\/"},{"@type":"ListItem","position":3,"name":"STERNE ARCTIQUE NEUTRALIZADOR Y ELIMINADOR DE SAL"}]},{"@type":"WebSite","@id":"https:\/\/plamdistributions.com\/#website","url":"https:\/\/plamdistributions.com\/","name":"Distributions Pla-M Inc.","description":"Venta de productos y equipos sanitarios","publisher":{"@id":"https:\/\/plamdistributions.com\/#organization"},"potentialAction":[{"@type":"SearchAction","target":{"@type":"EntryPoint","urlTemplate":"https:\/\/plamdistributions.com\/?s={search_term_string}"},"query-input":{"@type":"PropertyValueSpecification","valueRequired":true,"valueName":"search_term_string"}}],"inLanguage":"es"},{"@type":"Organization","@id":"https:\/\/plamdistributions.com\/#organization","name":"Distributions Pla-M","url":"https:\/\/plamdistributions.com\/","logo":{"@type":"ImageObject","inLanguage":"es","@id":"https:\/\/plamdistributions.com\/#\/schema\/logo\/image\/","url":"https:\/\/plamdistributions.com\/wp-content\/uploads\/2021\/05\/PLAM-SANS.png","contentUrl":"https:\/\/plamdistributions.com\/wp-content\/uploads\/2021\/05\/PLAM-SANS.png","width":289,"height":224,"caption":"Distributions Pla-M"},"image":{"@id":"https:\/\/plamdistributions.com\/#\/schema\/logo\/image\/"},"sameAs":["https:\/\/www.facebook.com\/displam\/","https:\/\/x.com\/Displam","https:\/\/www.youtube.com\/channel\/UCHmm3HCGnpGuaQ984quISDg"]}]}},"_links":{"self":[{"href":"https:\/\/plamdistributions.com\/es\/wp-json\/wp\/v2\/product\/30857","targetHints":{"allow":["GET"]}}],"collection":[{"href":"https:\/\/plamdistributions.com\/es\/wp-json\/wp\/v2\/product"}],"about":[{"href":"https:\/\/plamdistributions.com\/es\/wp-json\/wp\/v2\/types\/product"}],"replies":[{"embeddable":true,"href":"https:\/\/plamdistributions.com\/es\/wp-json\/wp\/v2\/comments?post=30857"}],"wp:featuredmedia":[{"embeddable":true,"href":"https:\/\/plamdistributions.com\/es\/wp-json\/wp\/v2\/media\/40290"}],"wp:attachment":[{"href":"https:\/\/plamdistributions.com\/es\/wp-json\/wp\/v2\/media?parent=30857"}],"wp:term":[{"taxonomy":"product_brand","embeddable":true,"href":"https:\/\/plamdistributions.com\/es\/wp-json\/wp\/v2\/product_brand?post=30857"},{"taxonomy":"product_cat","embeddable":true,"href":"https:\/\/plamdistributions.com\/es\/wp-json\/wp\/v2\/product_cat?post=30857"},{"taxonomy":"product_tag","embeddable":true,"href":"https:\/\/plamdistributions.com\/es\/wp-json\/wp\/v2\/product_tag?post=30857"}],"curies":[{"name":"wp","href":"https:\/\/api.w.org\/{rel}","templated":true}]}}