{"id":30905,"date":"2022-01-19T15:28:49","date_gmt":"2022-01-19T19:28:49","guid":{"rendered":"https:\/\/plamdistributions.com\/?post_type=product&#038;p=30905"},"modified":"2023-09-06T09:48:24","modified_gmt":"2023-09-06T13:48:24","slug":"nettoyant-et-degraissant-faible-mousse-a707lf-avmor-4l","status":"publish","type":"product","link":"https:\/\/plamdistributions.com\/es\/produit\/nettoyant-et-degraissant-faible-mousse-a707lf-avmor-4l\/","title":{"rendered":"NET D\u00c9GRAISSANT FAIBLE MOUSSE A707LF AVMOR 4L"},"content":{"rendered":"<p><strong>Code: A707LF4<br \/>\n<\/strong><\/p>\n<p>A707 LF est un m\u00e9lange de d\u00e9tergents et de solvants solubles dans l\u2019eau, con\u00e7u pour les nettoyages et d\u00e9graissages o\u00f9 la mousse doit \u00eatre minimis\u00e9e. A707 LF enl\u00e8ve les souillures graisseuses et prot\u00e9ineuses, les huiles, carbones et suie des surfaces lavables. A707 LF est le nettoyant-d\u00e9graissant id\u00e9al pour utiliser dans les r\u00e9cureuses automatiques.<\/p>\n<p><strong>\u2713\u00a0 Fabricant: Avmor<\/strong><\/p>\n","protected":false},"excerpt":{"rendered":"<p>Code: A707LF4 A707 LF est un m\u00e9lange de d\u00e9tergents et de solvants solubles dans l\u2019eau, con\u00e7u pour les nettoyages et<\/p>\n","protected":false},"featured_media":30906,"comment_status":"closed","ping_status":"closed","template":"","meta":[],"product_brand":[],"product_cat":[62,109],"product_tag":[],"class_list":{"0":"post-30905","1":"product","2":"type-product","3":"status-publish","4":"has-post-thumbnail","6":"product_cat-produits-dentretien-menager","7":"product_cat-produits-pour-le-nettoyage-general","8":"product_shipping_class-standard","10":"first","11":"onbackorder","12":"featured","13":"taxable","14":"shipping-taxable","15":"purchasable","16":"product-type-simple"},"yoast_head":"<!-- This site is optimized with the Yoast SEO plugin v27.4 - https:\/\/yoast.com\/product\/yoast-seo-wordpress\/ -->\n<title>NET D\u00c9GRAISSANT FAIBLE MOUSSE A707LF AVMOR 4L | Distributions Pla-M<\/title>\n<meta name=\"robots\" content=\"index, follow, max-snippet:-1, max-image-preview:large, max-video-preview:-1\" \/>\n<link rel=\"canonical\" href=\"https:\/\/plamdistributions.com\/produit\/nettoyant-et-degraissant-faible-mousse-a707lf-avmor-4l\/\" \/>\n<meta property=\"og:locale\" content=\"es_ES\" \/>\n<meta property=\"og:type\" content=\"article\" \/>\n<meta property=\"og:title\" content=\"NET D\u00c9GRAISSANT FAIBLE MOUSSE A707LF AVMOR 4L | Distributions Pla-M\" \/>\n<meta property=\"og:description\" content=\"Code: A707LF4 A707 LF est un m\u00e9lange de d\u00e9tergents et de solvants solubles dans l\u2019eau, con\u00e7u pour les nettoyages et\" \/>\n<meta property=\"og:url\" content=\"https:\/\/plamdistributions.com\/produit\/nettoyant-et-degraissant-faible-mousse-a707lf-avmor-4l\/\" \/>\n<meta property=\"og:site_name\" content=\"Distributions Pla-M\" \/>\n<meta property=\"article:publisher\" content=\"https:\/\/www.facebook.com\/displam\/\" \/>\n<meta property=\"article:modified_time\" content=\"2023-09-06T13:48:24+00:00\" \/>\n<meta property=\"og:image\" content=\"https:\/\/plamdistributions.com\/wp-content\/uploads\/2022\/01\/A707LF4.jpg\" \/>\n\t<meta property=\"og:image:width\" content=\"700\" \/>\n\t<meta property=\"og:image:height\" content=\"700\" \/>\n\t<meta property=\"og:image:type\" content=\"image\/jpeg\" \/>\n<meta name=\"twitter:card\" content=\"summary_large_image\" \/>\n<meta name=\"twitter:site\" content=\"@Displam\" \/>\n<script type=\"application\/ld+json\" class=\"yoast-schema-graph\">{\"@context\":\"https:\\\/\\\/schema.org\",\"@graph\":[{\"@type\":\"WebPage\",\"@id\":\"https:\\\/\\\/plamdistributions.com\\\/produit\\\/nettoyant-et-degraissant-faible-mousse-a707lf-avmor-4l\\\/\",\"url\":\"https:\\\/\\\/plamdistributions.com\\\/produit\\\/nettoyant-et-degraissant-faible-mousse-a707lf-avmor-4l\\\/\",\"name\":\"NET D\u00c9GRAISSANT FAIBLE MOUSSE A707LF AVMOR 4L | Distributions Pla-M\",\"isPartOf\":{\"@id\":\"https:\\\/\\\/plamdistributions.com\\\/#website\"},\"primaryImageOfPage\":{\"@id\":\"https:\\\/\\\/plamdistributions.com\\\/produit\\\/nettoyant-et-degraissant-faible-mousse-a707lf-avmor-4l\\\/#primaryimage\"},\"image\":{\"@id\":\"https:\\\/\\\/plamdistributions.com\\\/produit\\\/nettoyant-et-degraissant-faible-mousse-a707lf-avmor-4l\\\/#primaryimage\"},\"thumbnailUrl\":\"https:\\\/\\\/plamdistributions.com\\\/wp-content\\\/uploads\\\/2022\\\/01\\\/A707LF4.jpg\",\"datePublished\":\"2022-01-19T19:28:49+00:00\",\"dateModified\":\"2023-09-06T13:48:24+00:00\",\"breadcrumb\":{\"@id\":\"https:\\\/\\\/plamdistributions.com\\\/produit\\\/nettoyant-et-degraissant-faible-mousse-a707lf-avmor-4l\\\/#breadcrumb\"},\"inLanguage\":\"es\",\"potentialAction\":[{\"@type\":\"ReadAction\",\"target\":[\"https:\\\/\\\/plamdistributions.com\\\/produit\\\/nettoyant-et-degraissant-faible-mousse-a707lf-avmor-4l\\\/\"]}]},{\"@type\":\"ImageObject\",\"inLanguage\":\"es\",\"@id\":\"https:\\\/\\\/plamdistributions.com\\\/produit\\\/nettoyant-et-degraissant-faible-mousse-a707lf-avmor-4l\\\/#primaryimage\",\"url\":\"https:\\\/\\\/plamdistributions.com\\\/wp-content\\\/uploads\\\/2022\\\/01\\\/A707LF4.jpg\",\"contentUrl\":\"https:\\\/\\\/plamdistributions.com\\\/wp-content\\\/uploads\\\/2022\\\/01\\\/A707LF4.jpg\",\"width\":700,\"height\":700,\"caption\":\"A707 LF enl\u00e8ve les souillures graisseuses et prot\u00e9ineuses, les huiles, carbones et suie des surfaces lavables\"},{\"@type\":\"BreadcrumbList\",\"@id\":\"https:\\\/\\\/plamdistributions.com\\\/produit\\\/nettoyant-et-degraissant-faible-mousse-a707lf-avmor-4l\\\/#breadcrumb\",\"itemListElement\":[{\"@type\":\"ListItem\",\"position\":1,\"name\":\"Accueil\",\"item\":\"https:\\\/\\\/plamdistributions.com\\\/es\\\/\"},{\"@type\":\"ListItem\",\"position\":2,\"name\":\"Tienda\",\"item\":\"https:\\\/\\\/plamdistributions.com\\\/es\\\/tienda\\\/\"},{\"@type\":\"ListItem\",\"position\":3,\"name\":\"NET D\u00c9GRAISSANT FAIBLE MOUSSE A707LF AVMOR 4L\"}]},{\"@type\":\"WebSite\",\"@id\":\"https:\\\/\\\/plamdistributions.com\\\/#website\",\"url\":\"https:\\\/\\\/plamdistributions.com\\\/\",\"name\":\"Distributions Pla-M Inc.\",\"description\":\"Venta de productos y equipos sanitarios\",\"publisher\":{\"@id\":\"https:\\\/\\\/plamdistributions.com\\\/#organization\"},\"potentialAction\":[{\"@type\":\"SearchAction\",\"target\":{\"@type\":\"EntryPoint\",\"urlTemplate\":\"https:\\\/\\\/plamdistributions.com\\\/?s={search_term_string}\"},\"query-input\":{\"@type\":\"PropertyValueSpecification\",\"valueRequired\":true,\"valueName\":\"search_term_string\"}}],\"inLanguage\":\"es\"},{\"@type\":\"Organization\",\"@id\":\"https:\\\/\\\/plamdistributions.com\\\/#organization\",\"name\":\"Distributions Pla-M\",\"url\":\"https:\\\/\\\/plamdistributions.com\\\/\",\"logo\":{\"@type\":\"ImageObject\",\"inLanguage\":\"es\",\"@id\":\"https:\\\/\\\/plamdistributions.com\\\/#\\\/schema\\\/logo\\\/image\\\/\",\"url\":\"https:\\\/\\\/plamdistributions.com\\\/wp-content\\\/uploads\\\/2021\\\/05\\\/PLAM-SANS.png\",\"contentUrl\":\"https:\\\/\\\/plamdistributions.com\\\/wp-content\\\/uploads\\\/2021\\\/05\\\/PLAM-SANS.png\",\"width\":289,\"height\":224,\"caption\":\"Distributions Pla-M\"},\"image\":{\"@id\":\"https:\\\/\\\/plamdistributions.com\\\/#\\\/schema\\\/logo\\\/image\\\/\"},\"sameAs\":[\"https:\\\/\\\/www.facebook.com\\\/displam\\\/\",\"https:\\\/\\\/x.com\\\/Displam\",\"https:\\\/\\\/www.youtube.com\\\/channel\\\/UCHmm3HCGnpGuaQ984quISDg\"]}]}<\/script>\n<!-- \/ Yoast SEO plugin. -->","yoast_head_json":{"title":"NET D\u00c9GRAISSANT FAIBLE MOUSSE A707LF AVMOR 4L | Distributions Pla-M","robots":{"index":"index","follow":"follow","max-snippet":"max-snippet:-1","max-image-preview":"max-image-preview:large","max-video-preview":"max-video-preview:-1"},"canonical":"https:\/\/plamdistributions.com\/produit\/nettoyant-et-degraissant-faible-mousse-a707lf-avmor-4l\/","og_locale":"es_ES","og_type":"article","og_title":"NET D\u00c9GRAISSANT FAIBLE MOUSSE A707LF AVMOR 4L | Distributions Pla-M","og_description":"Code: A707LF4 A707 LF est un m\u00e9lange de d\u00e9tergents et de solvants solubles dans l\u2019eau, con\u00e7u pour les nettoyages et","og_url":"https:\/\/plamdistributions.com\/produit\/nettoyant-et-degraissant-faible-mousse-a707lf-avmor-4l\/","og_site_name":"Distributions Pla-M","article_publisher":"https:\/\/www.facebook.com\/displam\/","article_modified_time":"2023-09-06T13:48:24+00:00","og_image":[{"width":700,"height":700,"url":"https:\/\/plamdistributions.com\/wp-content\/uploads\/2022\/01\/A707LF4.jpg","type":"image\/jpeg"}],"twitter_card":"summary_large_image","twitter_site":"@Displam","schema":{"@context":"https:\/\/schema.org","@graph":[{"@type":"WebPage","@id":"https:\/\/plamdistributions.com\/produit\/nettoyant-et-degraissant-faible-mousse-a707lf-avmor-4l\/","url":"https:\/\/plamdistributions.com\/produit\/nettoyant-et-degraissant-faible-mousse-a707lf-avmor-4l\/","name":"NET D\u00c9GRAISSANT FAIBLE MOUSSE A707LF AVMOR 4L | Distributions Pla-M","isPartOf":{"@id":"https:\/\/plamdistributions.com\/#website"},"primaryImageOfPage":{"@id":"https:\/\/plamdistributions.com\/produit\/nettoyant-et-degraissant-faible-mousse-a707lf-avmor-4l\/#primaryimage"},"image":{"@id":"https:\/\/plamdistributions.com\/produit\/nettoyant-et-degraissant-faible-mousse-a707lf-avmor-4l\/#primaryimage"},"thumbnailUrl":"https:\/\/plamdistributions.com\/wp-content\/uploads\/2022\/01\/A707LF4.jpg","datePublished":"2022-01-19T19:28:49+00:00","dateModified":"2023-09-06T13:48:24+00:00","breadcrumb":{"@id":"https:\/\/plamdistributions.com\/produit\/nettoyant-et-degraissant-faible-mousse-a707lf-avmor-4l\/#breadcrumb"},"inLanguage":"es","potentialAction":[{"@type":"ReadAction","target":["https:\/\/plamdistributions.com\/produit\/nettoyant-et-degraissant-faible-mousse-a707lf-avmor-4l\/"]}]},{"@type":"ImageObject","inLanguage":"es","@id":"https:\/\/plamdistributions.com\/produit\/nettoyant-et-degraissant-faible-mousse-a707lf-avmor-4l\/#primaryimage","url":"https:\/\/plamdistributions.com\/wp-content\/uploads\/2022\/01\/A707LF4.jpg","contentUrl":"https:\/\/plamdistributions.com\/wp-content\/uploads\/2022\/01\/A707LF4.jpg","width":700,"height":700,"caption":"A707 LF enl\u00e8ve les souillures graisseuses et prot\u00e9ineuses, les huiles, carbones et suie des surfaces lavables"},{"@type":"BreadcrumbList","@id":"https:\/\/plamdistributions.com\/produit\/nettoyant-et-degraissant-faible-mousse-a707lf-avmor-4l\/#breadcrumb","itemListElement":[{"@type":"ListItem","position":1,"name":"Accueil","item":"https:\/\/plamdistributions.com\/es\/"},{"@type":"ListItem","position":2,"name":"Tienda","item":"https:\/\/plamdistributions.com\/es\/tienda\/"},{"@type":"ListItem","position":3,"name":"NET D\u00c9GRAISSANT FAIBLE MOUSSE A707LF AVMOR 4L"}]},{"@type":"WebSite","@id":"https:\/\/plamdistributions.com\/#website","url":"https:\/\/plamdistributions.com\/","name":"Distributions Pla-M Inc.","description":"Venta de productos y equipos sanitarios","publisher":{"@id":"https:\/\/plamdistributions.com\/#organization"},"potentialAction":[{"@type":"SearchAction","target":{"@type":"EntryPoint","urlTemplate":"https:\/\/plamdistributions.com\/?s={search_term_string}"},"query-input":{"@type":"PropertyValueSpecification","valueRequired":true,"valueName":"search_term_string"}}],"inLanguage":"es"},{"@type":"Organization","@id":"https:\/\/plamdistributions.com\/#organization","name":"Distributions Pla-M","url":"https:\/\/plamdistributions.com\/","logo":{"@type":"ImageObject","inLanguage":"es","@id":"https:\/\/plamdistributions.com\/#\/schema\/logo\/image\/","url":"https:\/\/plamdistributions.com\/wp-content\/uploads\/2021\/05\/PLAM-SANS.png","contentUrl":"https:\/\/plamdistributions.com\/wp-content\/uploads\/2021\/05\/PLAM-SANS.png","width":289,"height":224,"caption":"Distributions Pla-M"},"image":{"@id":"https:\/\/plamdistributions.com\/#\/schema\/logo\/image\/"},"sameAs":["https:\/\/www.facebook.com\/displam\/","https:\/\/x.com\/Displam","https:\/\/www.youtube.com\/channel\/UCHmm3HCGnpGuaQ984quISDg"]}]}},"_links":{"self":[{"href":"https:\/\/plamdistributions.com\/es\/wp-json\/wp\/v2\/product\/30905","targetHints":{"allow":["GET"]}}],"collection":[{"href":"https:\/\/plamdistributions.com\/es\/wp-json\/wp\/v2\/product"}],"about":[{"href":"https:\/\/plamdistributions.com\/es\/wp-json\/wp\/v2\/types\/product"}],"replies":[{"embeddable":true,"href":"https:\/\/plamdistributions.com\/es\/wp-json\/wp\/v2\/comments?post=30905"}],"wp:featuredmedia":[{"embeddable":true,"href":"https:\/\/plamdistributions.com\/es\/wp-json\/wp\/v2\/media\/30906"}],"wp:attachment":[{"href":"https:\/\/plamdistributions.com\/es\/wp-json\/wp\/v2\/media?parent=30905"}],"wp:term":[{"taxonomy":"product_brand","embeddable":true,"href":"https:\/\/plamdistributions.com\/es\/wp-json\/wp\/v2\/product_brand?post=30905"},{"taxonomy":"product_cat","embeddable":true,"href":"https:\/\/plamdistributions.com\/es\/wp-json\/wp\/v2\/product_cat?post=30905"},{"taxonomy":"product_tag","embeddable":true,"href":"https:\/\/plamdistributions.com\/es\/wp-json\/wp\/v2\/product_tag?post=30905"}],"curies":[{"name":"wp","href":"https:\/\/api.w.org\/{rel}","templated":true}]}}