{"id":31046,"date":"2022-01-21T10:37:21","date_gmt":"2022-01-21T14:37:21","guid":{"rendered":"https:\/\/plamdistributions.com\/?post_type=product&#038;p=31046"},"modified":"2023-01-31T01:05:50","modified_gmt":"2023-01-31T05:05:50","slug":"sechoir-a-main-automatique-frost-eco-fast-120v","status":"publish","type":"product","link":"https:\/\/plamdistributions.com\/es\/produit\/sechoir-a-main-automatique-frost-eco-fast-120v\/","title":{"rendered":"S\u00e9choir \u00e0 main automatique Frost Eco-Fast \/120V"},"content":{"rendered":"<p><strong>Code: ACS-F1195\/ ACS-F1196<\/strong><\/p>\n<div>\n<p><strong>Mat\u00e9riaux<\/strong><strong>:<\/strong> Bo\u00eetier ext\u00e9rieur en acier \u00e9tir\u00e9 de 18 ga avec finition acier blanc ou acier inoxydable.<\/p>\n<p><strong>Dimensions:<\/strong> 10,16 cm de P x 27,305 cm de L x 22,86\u2033H<\/p>\n<\/div>\n<p><strong>\u2713 Fabricant: Frost<\/strong><\/p>\n","protected":false},"excerpt":{"rendered":"<p>Code: ACS-F1195\/ ACS-F1196 Mat\u00e9riaux: Bo\u00eetier ext\u00e9rieur en acier \u00e9tir\u00e9 de 18 ga avec finition acier blanc ou acier inoxydable. Dimensions:<\/p>\n","protected":false},"featured_media":31052,"comment_status":"closed","ping_status":"closed","template":"","meta":[],"product_brand":[],"product_cat":[143,209],"product_tag":[],"class_list":{"0":"post-31046","1":"product","2":"type-product","3":"status-publish","4":"has-post-thumbnail","6":"product_cat-accessoires","7":"product_cat-sechoirs-a-mains","8":"product_shipping_class-standard","10":"first","11":"onbackorder","12":"taxable","13":"shipping-taxable","14":"purchasable","15":"product-type-variable"},"yoast_head":"<!-- This site is optimized with the Yoast SEO plugin v27.5 - https:\/\/yoast.com\/product\/yoast-seo-wordpress\/ -->\n<title>S\u00e9choir \u00e0 main automatique Frost Eco-Fast \/120V | Distributions Pla-M<\/title>\n<meta name=\"robots\" content=\"index, follow, max-snippet:-1, max-image-preview:large, max-video-preview:-1\" \/>\n<link rel=\"canonical\" href=\"https:\/\/plamdistributions.com\/es\/produit\/sechoir-a-main-automatique-frost-eco-fast-120v\/\" \/>\n<meta property=\"og:locale\" content=\"es_ES\" \/>\n<meta property=\"og:type\" content=\"article\" \/>\n<meta property=\"og:title\" content=\"S\u00e9choir \u00e0 main automatique Frost Eco-Fast \/120V | Distributions Pla-M\" \/>\n<meta property=\"og:description\" content=\"Code: ACS-F1195\/ ACS-F1196 Mat\u00e9riaux: Bo\u00eetier ext\u00e9rieur en acier \u00e9tir\u00e9 de 18 ga avec finition acier blanc ou acier inoxydable. Dimensions:\" \/>\n<meta property=\"og:url\" content=\"https:\/\/plamdistributions.com\/es\/produit\/sechoir-a-main-automatique-frost-eco-fast-120v\/\" \/>\n<meta property=\"og:site_name\" content=\"Distributions Pla-M\" \/>\n<meta property=\"article:publisher\" content=\"https:\/\/www.facebook.com\/displam\/\" \/>\n<meta property=\"article:modified_time\" content=\"2023-01-31T05:05:50+00:00\" \/>\n<meta property=\"og:image\" content=\"https:\/\/plamdistributions.com\/wp-content\/uploads\/2022\/01\/ACS-F1195.jpg\" \/>\n\t<meta property=\"og:image:width\" content=\"700\" \/>\n\t<meta property=\"og:image:height\" content=\"700\" \/>\n\t<meta property=\"og:image:type\" content=\"image\/jpeg\" \/>\n<meta name=\"twitter:card\" content=\"summary_large_image\" \/>\n<meta name=\"twitter:site\" content=\"@Displam\" \/>\n<meta name=\"twitter:label1\" content=\"Tiempo de lectura\" \/>\n\t<meta name=\"twitter:data1\" content=\"1 minuto\" \/>\n<script type=\"application\/ld+json\" class=\"yoast-schema-graph\">{\"@context\":\"https:\\\/\\\/schema.org\",\"@graph\":[{\"@type\":\"WebPage\",\"@id\":\"https:\\\/\\\/plamdistributions.com\\\/es\\\/produit\\\/sechoir-a-main-automatique-frost-eco-fast-120v\\\/\",\"url\":\"https:\\\/\\\/plamdistributions.com\\\/es\\\/produit\\\/sechoir-a-main-automatique-frost-eco-fast-120v\\\/\",\"name\":\"S\u00e9choir \u00e0 main automatique Frost Eco-Fast \\\/120V | Distributions Pla-M\",\"isPartOf\":{\"@id\":\"https:\\\/\\\/plamdistributions.com\\\/es\\\/#website\"},\"primaryImageOfPage\":{\"@id\":\"https:\\\/\\\/plamdistributions.com\\\/es\\\/produit\\\/sechoir-a-main-automatique-frost-eco-fast-120v\\\/#primaryimage\"},\"image\":{\"@id\":\"https:\\\/\\\/plamdistributions.com\\\/es\\\/produit\\\/sechoir-a-main-automatique-frost-eco-fast-120v\\\/#primaryimage\"},\"thumbnailUrl\":\"https:\\\/\\\/plamdistributions.com\\\/wp-content\\\/uploads\\\/2022\\\/01\\\/ACS-F1195.jpg\",\"datePublished\":\"2022-01-21T14:37:21+00:00\",\"dateModified\":\"2023-01-31T05:05:50+00:00\",\"breadcrumb\":{\"@id\":\"https:\\\/\\\/plamdistributions.com\\\/es\\\/produit\\\/sechoir-a-main-automatique-frost-eco-fast-120v\\\/#breadcrumb\"},\"inLanguage\":\"es\",\"potentialAction\":[{\"@type\":\"ReadAction\",\"target\":[\"https:\\\/\\\/plamdistributions.com\\\/es\\\/produit\\\/sechoir-a-main-automatique-frost-eco-fast-120v\\\/\"]}]},{\"@type\":\"ImageObject\",\"inLanguage\":\"es\",\"@id\":\"https:\\\/\\\/plamdistributions.com\\\/es\\\/produit\\\/sechoir-a-main-automatique-frost-eco-fast-120v\\\/#primaryimage\",\"url\":\"https:\\\/\\\/plamdistributions.com\\\/wp-content\\\/uploads\\\/2022\\\/01\\\/ACS-F1195.jpg\",\"contentUrl\":\"https:\\\/\\\/plamdistributions.com\\\/wp-content\\\/uploads\\\/2022\\\/01\\\/ACS-F1195.jpg\",\"width\":700,\"height\":700,\"caption\":\"S\u00e9choir \u00e0 main automatique Frost Eco-Fast blanc \\\/120V\"},{\"@type\":\"BreadcrumbList\",\"@id\":\"https:\\\/\\\/plamdistributions.com\\\/es\\\/produit\\\/sechoir-a-main-automatique-frost-eco-fast-120v\\\/#breadcrumb\",\"itemListElement\":[{\"@type\":\"ListItem\",\"position\":1,\"name\":\"Accueil\",\"item\":\"https:\\\/\\\/plamdistributions.com\\\/es\\\/\"},{\"@type\":\"ListItem\",\"position\":2,\"name\":\"Tienda\",\"item\":\"https:\\\/\\\/plamdistributions.com\\\/es\\\/tienda\\\/\"},{\"@type\":\"ListItem\",\"position\":3,\"name\":\"S\u00e9choir \u00e0 main automatique Frost Eco-Fast \\\/120V\"}]},{\"@type\":\"WebSite\",\"@id\":\"https:\\\/\\\/plamdistributions.com\\\/es\\\/#website\",\"url\":\"https:\\\/\\\/plamdistributions.com\\\/es\\\/\",\"name\":\"Distributions Pla-M Inc.\",\"description\":\"Venta de productos y equipos sanitarios\",\"publisher\":{\"@id\":\"https:\\\/\\\/plamdistributions.com\\\/es\\\/#organization\"},\"potentialAction\":[{\"@type\":\"SearchAction\",\"target\":{\"@type\":\"EntryPoint\",\"urlTemplate\":\"https:\\\/\\\/plamdistributions.com\\\/es\\\/?s={search_term_string}\"},\"query-input\":{\"@type\":\"PropertyValueSpecification\",\"valueRequired\":true,\"valueName\":\"search_term_string\"}}],\"inLanguage\":\"es\"},{\"@type\":\"Organization\",\"@id\":\"https:\\\/\\\/plamdistributions.com\\\/es\\\/#organization\",\"name\":\"Distributions Pla-M\",\"url\":\"https:\\\/\\\/plamdistributions.com\\\/es\\\/\",\"logo\":{\"@type\":\"ImageObject\",\"inLanguage\":\"es\",\"@id\":\"https:\\\/\\\/plamdistributions.com\\\/es\\\/#\\\/schema\\\/logo\\\/image\\\/\",\"url\":\"https:\\\/\\\/plamdistributions.com\\\/wp-content\\\/uploads\\\/2021\\\/05\\\/PLAM-SANS.png\",\"contentUrl\":\"https:\\\/\\\/plamdistributions.com\\\/wp-content\\\/uploads\\\/2021\\\/05\\\/PLAM-SANS.png\",\"width\":289,\"height\":224,\"caption\":\"Distributions Pla-M\"},\"image\":{\"@id\":\"https:\\\/\\\/plamdistributions.com\\\/es\\\/#\\\/schema\\\/logo\\\/image\\\/\"},\"sameAs\":[\"https:\\\/\\\/www.facebook.com\\\/displam\\\/\",\"https:\\\/\\\/x.com\\\/Displam\",\"https:\\\/\\\/www.youtube.com\\\/channel\\\/UCHmm3HCGnpGuaQ984quISDg\"]}]}<\/script>\n<!-- \/ Yoast SEO plugin. -->","yoast_head_json":{"title":"S\u00e9choir \u00e0 main automatique Frost Eco-Fast \/120V | Distributions Pla-M","robots":{"index":"index","follow":"follow","max-snippet":"max-snippet:-1","max-image-preview":"max-image-preview:large","max-video-preview":"max-video-preview:-1"},"canonical":"https:\/\/plamdistributions.com\/es\/produit\/sechoir-a-main-automatique-frost-eco-fast-120v\/","og_locale":"es_ES","og_type":"article","og_title":"S\u00e9choir \u00e0 main automatique Frost Eco-Fast \/120V | Distributions Pla-M","og_description":"Code: ACS-F1195\/ ACS-F1196 Mat\u00e9riaux: Bo\u00eetier ext\u00e9rieur en acier \u00e9tir\u00e9 de 18 ga avec finition acier blanc ou acier inoxydable. Dimensions:","og_url":"https:\/\/plamdistributions.com\/es\/produit\/sechoir-a-main-automatique-frost-eco-fast-120v\/","og_site_name":"Distributions Pla-M","article_publisher":"https:\/\/www.facebook.com\/displam\/","article_modified_time":"2023-01-31T05:05:50+00:00","og_image":[{"width":700,"height":700,"url":"https:\/\/plamdistributions.com\/wp-content\/uploads\/2022\/01\/ACS-F1195.jpg","type":"image\/jpeg"}],"twitter_card":"summary_large_image","twitter_site":"@Displam","twitter_misc":{"Tiempo de lectura":"1 minuto"},"schema":{"@context":"https:\/\/schema.org","@graph":[{"@type":"WebPage","@id":"https:\/\/plamdistributions.com\/es\/produit\/sechoir-a-main-automatique-frost-eco-fast-120v\/","url":"https:\/\/plamdistributions.com\/es\/produit\/sechoir-a-main-automatique-frost-eco-fast-120v\/","name":"S\u00e9choir \u00e0 main automatique Frost Eco-Fast \/120V | Distributions Pla-M","isPartOf":{"@id":"https:\/\/plamdistributions.com\/es\/#website"},"primaryImageOfPage":{"@id":"https:\/\/plamdistributions.com\/es\/produit\/sechoir-a-main-automatique-frost-eco-fast-120v\/#primaryimage"},"image":{"@id":"https:\/\/plamdistributions.com\/es\/produit\/sechoir-a-main-automatique-frost-eco-fast-120v\/#primaryimage"},"thumbnailUrl":"https:\/\/plamdistributions.com\/wp-content\/uploads\/2022\/01\/ACS-F1195.jpg","datePublished":"2022-01-21T14:37:21+00:00","dateModified":"2023-01-31T05:05:50+00:00","breadcrumb":{"@id":"https:\/\/plamdistributions.com\/es\/produit\/sechoir-a-main-automatique-frost-eco-fast-120v\/#breadcrumb"},"inLanguage":"es","potentialAction":[{"@type":"ReadAction","target":["https:\/\/plamdistributions.com\/es\/produit\/sechoir-a-main-automatique-frost-eco-fast-120v\/"]}]},{"@type":"ImageObject","inLanguage":"es","@id":"https:\/\/plamdistributions.com\/es\/produit\/sechoir-a-main-automatique-frost-eco-fast-120v\/#primaryimage","url":"https:\/\/plamdistributions.com\/wp-content\/uploads\/2022\/01\/ACS-F1195.jpg","contentUrl":"https:\/\/plamdistributions.com\/wp-content\/uploads\/2022\/01\/ACS-F1195.jpg","width":700,"height":700,"caption":"S\u00e9choir \u00e0 main automatique Frost Eco-Fast blanc \/120V"},{"@type":"BreadcrumbList","@id":"https:\/\/plamdistributions.com\/es\/produit\/sechoir-a-main-automatique-frost-eco-fast-120v\/#breadcrumb","itemListElement":[{"@type":"ListItem","position":1,"name":"Accueil","item":"https:\/\/plamdistributions.com\/es\/"},{"@type":"ListItem","position":2,"name":"Tienda","item":"https:\/\/plamdistributions.com\/es\/tienda\/"},{"@type":"ListItem","position":3,"name":"S\u00e9choir \u00e0 main automatique Frost Eco-Fast \/120V"}]},{"@type":"WebSite","@id":"https:\/\/plamdistributions.com\/es\/#website","url":"https:\/\/plamdistributions.com\/es\/","name":"Distributions Pla-M Inc.","description":"Venta de productos y equipos sanitarios","publisher":{"@id":"https:\/\/plamdistributions.com\/es\/#organization"},"potentialAction":[{"@type":"SearchAction","target":{"@type":"EntryPoint","urlTemplate":"https:\/\/plamdistributions.com\/es\/?s={search_term_string}"},"query-input":{"@type":"PropertyValueSpecification","valueRequired":true,"valueName":"search_term_string"}}],"inLanguage":"es"},{"@type":"Organization","@id":"https:\/\/plamdistributions.com\/es\/#organization","name":"Distributions Pla-M","url":"https:\/\/plamdistributions.com\/es\/","logo":{"@type":"ImageObject","inLanguage":"es","@id":"https:\/\/plamdistributions.com\/es\/#\/schema\/logo\/image\/","url":"https:\/\/plamdistributions.com\/wp-content\/uploads\/2021\/05\/PLAM-SANS.png","contentUrl":"https:\/\/plamdistributions.com\/wp-content\/uploads\/2021\/05\/PLAM-SANS.png","width":289,"height":224,"caption":"Distributions Pla-M"},"image":{"@id":"https:\/\/plamdistributions.com\/es\/#\/schema\/logo\/image\/"},"sameAs":["https:\/\/www.facebook.com\/displam\/","https:\/\/x.com\/Displam","https:\/\/www.youtube.com\/channel\/UCHmm3HCGnpGuaQ984quISDg"]}]}},"_links":{"self":[{"href":"https:\/\/plamdistributions.com\/es\/wp-json\/wp\/v2\/product\/31046","targetHints":{"allow":["GET"]}}],"collection":[{"href":"https:\/\/plamdistributions.com\/es\/wp-json\/wp\/v2\/product"}],"about":[{"href":"https:\/\/plamdistributions.com\/es\/wp-json\/wp\/v2\/types\/product"}],"replies":[{"embeddable":true,"href":"https:\/\/plamdistributions.com\/es\/wp-json\/wp\/v2\/comments?post=31046"}],"wp:featuredmedia":[{"embeddable":true,"href":"https:\/\/plamdistributions.com\/es\/wp-json\/wp\/v2\/media\/31052"}],"wp:attachment":[{"href":"https:\/\/plamdistributions.com\/es\/wp-json\/wp\/v2\/media?parent=31046"}],"wp:term":[{"taxonomy":"product_brand","embeddable":true,"href":"https:\/\/plamdistributions.com\/es\/wp-json\/wp\/v2\/product_brand?post=31046"},{"taxonomy":"product_cat","embeddable":true,"href":"https:\/\/plamdistributions.com\/es\/wp-json\/wp\/v2\/product_cat?post=31046"},{"taxonomy":"product_tag","embeddable":true,"href":"https:\/\/plamdistributions.com\/es\/wp-json\/wp\/v2\/product_tag?post=31046"}],"curies":[{"name":"wp","href":"https:\/\/api.w.org\/{rel}","templated":true}]}}