{"id":31061,"date":"2022-01-21T11:36:18","date_gmt":"2022-01-21T15:36:18","guid":{"rendered":"https:\/\/plamdistributions.com\/?post_type=product&#038;p=31061"},"modified":"2023-01-31T01:05:53","modified_gmt":"2023-01-31T05:05:53","slug":"table-a-langer-frost-36-x-22-x-4","status":"publish","type":"product","link":"https:\/\/plamdistributions.com\/es\/produit\/table-a-langer-frost-36-x-22-x-4\/","title":{"rendered":"TABLE \u00c0 LANGER FROST 36\u00bbX22\u00bbX4\u00bb"},"content":{"rendered":"<p><strong>Code: ACT-F1125<br \/>\n<\/strong><\/p>\n<ul>\n<li>Facile \u00e0 nettoyer et \u00e0 entretenir;<\/li>\n<li>Approuv\u00e9 par la FDA, r\u00e9sistant aux bact\u00e9ries, poly\u00e9thyl\u00e8ne haute densit\u00e9, couleur gris clair;<\/li>\n<li>Deux distributeurs de lingettes nettoyantes;<\/li>\n<li>Conforme aux normes ADA, ANSI et ASTM F2285;<\/li>\n<li>Sangle de protection pour enfant \u00e0 nettoyage facile fournie;<\/li>\n<li>M\u00e9canisme pneumatique d\u2019amortissement \u00e0 gaz pour une ouverture et une fermeture en douceur;<\/li>\n<li>Crochets pour sac pratiques situ\u00e9s aux deux extr\u00e9mit\u00e9s de la table.<\/li>\n<\/ul>\n<p><strong>\u2713 Fabricant: Frost<\/strong><\/p>\n","protected":false},"excerpt":{"rendered":"<p>Code: ACT-F1125 Facile \u00e0 nettoyer et \u00e0 entretenir; Approuv\u00e9 par la FDA, r\u00e9sistant aux bact\u00e9ries, poly\u00e9thyl\u00e8ne haute densit\u00e9, couleur gris<\/p>\n","protected":false},"featured_media":31062,"comment_status":"closed","ping_status":"closed","template":"","meta":[],"product_brand":[],"product_cat":[143,208,279],"product_tag":[],"class_list":{"0":"post-31061","1":"product","2":"type-product","3":"status-publish","4":"has-post-thumbnail","6":"product_cat-accessoires","7":"product_cat-autres-accessoires","8":"product_cat-chariots-et-manutention","9":"product_shipping_class-standard","11":"first","12":"onbackorder","13":"taxable","14":"shipping-taxable","15":"purchasable","16":"product-type-simple"},"yoast_head":"<!-- This site is optimized with the Yoast SEO plugin v27.4 - https:\/\/yoast.com\/product\/yoast-seo-wordpress\/ -->\n<title>TABLE \u00c0 LANGER FROST 36&#039;&#039;X22&#039;&#039;X4&#039;&#039; | Distributions Pla-M<\/title>\n<meta name=\"robots\" content=\"index, follow, max-snippet:-1, max-image-preview:large, max-video-preview:-1\" \/>\n<link rel=\"canonical\" href=\"https:\/\/plamdistributions.com\/produit\/table-a-langer-frost-36-x-22-x-4\/\" \/>\n<meta property=\"og:locale\" content=\"es_ES\" \/>\n<meta property=\"og:type\" content=\"article\" \/>\n<meta property=\"og:title\" content=\"TABLE \u00c0 LANGER FROST 36&#039;&#039;X22&#039;&#039;X4&#039;&#039; | Distributions Pla-M\" \/>\n<meta property=\"og:description\" content=\"Code: ACT-F1125 Facile \u00e0 nettoyer et \u00e0 entretenir; Approuv\u00e9 par la FDA, r\u00e9sistant aux bact\u00e9ries, poly\u00e9thyl\u00e8ne haute densit\u00e9, couleur gris\" \/>\n<meta property=\"og:url\" content=\"https:\/\/plamdistributions.com\/produit\/table-a-langer-frost-36-x-22-x-4\/\" \/>\n<meta property=\"og:site_name\" content=\"Distributions Pla-M\" \/>\n<meta property=\"article:publisher\" content=\"https:\/\/www.facebook.com\/displam\/\" \/>\n<meta property=\"article:modified_time\" content=\"2023-01-31T05:05:53+00:00\" \/>\n<meta property=\"og:image\" content=\"https:\/\/plamdistributions.com\/wp-content\/uploads\/2022\/01\/ACT-F1125.jpg\" \/>\n\t<meta property=\"og:image:width\" content=\"600\" \/>\n\t<meta property=\"og:image:height\" content=\"600\" \/>\n\t<meta property=\"og:image:type\" content=\"image\/jpeg\" \/>\n<meta name=\"twitter:card\" content=\"summary_large_image\" \/>\n<meta name=\"twitter:site\" content=\"@Displam\" \/>\n<meta name=\"twitter:label1\" content=\"Tiempo de lectura\" \/>\n\t<meta name=\"twitter:data1\" content=\"1 minuto\" \/>\n<script type=\"application\/ld+json\" class=\"yoast-schema-graph\">{\"@context\":\"https:\\\/\\\/schema.org\",\"@graph\":[{\"@type\":\"WebPage\",\"@id\":\"https:\\\/\\\/plamdistributions.com\\\/produit\\\/table-a-langer-frost-36-x-22-x-4\\\/\",\"url\":\"https:\\\/\\\/plamdistributions.com\\\/produit\\\/table-a-langer-frost-36-x-22-x-4\\\/\",\"name\":\"TABLE \u00c0 LANGER FROST 36''X22''X4'' | Distributions Pla-M\",\"isPartOf\":{\"@id\":\"https:\\\/\\\/plamdistributions.com\\\/#website\"},\"primaryImageOfPage\":{\"@id\":\"https:\\\/\\\/plamdistributions.com\\\/produit\\\/table-a-langer-frost-36-x-22-x-4\\\/#primaryimage\"},\"image\":{\"@id\":\"https:\\\/\\\/plamdistributions.com\\\/produit\\\/table-a-langer-frost-36-x-22-x-4\\\/#primaryimage\"},\"thumbnailUrl\":\"https:\\\/\\\/plamdistributions.com\\\/wp-content\\\/uploads\\\/2022\\\/01\\\/ACT-F1125.jpg\",\"datePublished\":\"2022-01-21T15:36:18+00:00\",\"dateModified\":\"2023-01-31T05:05:53+00:00\",\"breadcrumb\":{\"@id\":\"https:\\\/\\\/plamdistributions.com\\\/produit\\\/table-a-langer-frost-36-x-22-x-4\\\/#breadcrumb\"},\"inLanguage\":\"es\",\"potentialAction\":[{\"@type\":\"ReadAction\",\"target\":[\"https:\\\/\\\/plamdistributions.com\\\/produit\\\/table-a-langer-frost-36-x-22-x-4\\\/\"]}]},{\"@type\":\"ImageObject\",\"inLanguage\":\"es\",\"@id\":\"https:\\\/\\\/plamdistributions.com\\\/produit\\\/table-a-langer-frost-36-x-22-x-4\\\/#primaryimage\",\"url\":\"https:\\\/\\\/plamdistributions.com\\\/wp-content\\\/uploads\\\/2022\\\/01\\\/ACT-F1125.jpg\",\"contentUrl\":\"https:\\\/\\\/plamdistributions.com\\\/wp-content\\\/uploads\\\/2022\\\/01\\\/ACT-F1125.jpg\",\"width\":600,\"height\":600,\"caption\":\"Table \u00e0 langer Frost 36\\\" X 22\\\" X 4\\\"\"},{\"@type\":\"BreadcrumbList\",\"@id\":\"https:\\\/\\\/plamdistributions.com\\\/produit\\\/table-a-langer-frost-36-x-22-x-4\\\/#breadcrumb\",\"itemListElement\":[{\"@type\":\"ListItem\",\"position\":1,\"name\":\"Accueil\",\"item\":\"https:\\\/\\\/plamdistributions.com\\\/es\\\/\"},{\"@type\":\"ListItem\",\"position\":2,\"name\":\"Tienda\",\"item\":\"https:\\\/\\\/plamdistributions.com\\\/es\\\/tienda\\\/\"},{\"@type\":\"ListItem\",\"position\":3,\"name\":\"TABLE \u00c0 LANGER FROST 36\u00a0\u00bbX22\u00a0\u00bbX4\u00a0\u00bb\"}]},{\"@type\":\"WebSite\",\"@id\":\"https:\\\/\\\/plamdistributions.com\\\/#website\",\"url\":\"https:\\\/\\\/plamdistributions.com\\\/\",\"name\":\"Distributions Pla-M Inc.\",\"description\":\"Venta de productos y equipos sanitarios\",\"publisher\":{\"@id\":\"https:\\\/\\\/plamdistributions.com\\\/#organization\"},\"potentialAction\":[{\"@type\":\"SearchAction\",\"target\":{\"@type\":\"EntryPoint\",\"urlTemplate\":\"https:\\\/\\\/plamdistributions.com\\\/?s={search_term_string}\"},\"query-input\":{\"@type\":\"PropertyValueSpecification\",\"valueRequired\":true,\"valueName\":\"search_term_string\"}}],\"inLanguage\":\"es\"},{\"@type\":\"Organization\",\"@id\":\"https:\\\/\\\/plamdistributions.com\\\/#organization\",\"name\":\"Distributions Pla-M\",\"url\":\"https:\\\/\\\/plamdistributions.com\\\/\",\"logo\":{\"@type\":\"ImageObject\",\"inLanguage\":\"es\",\"@id\":\"https:\\\/\\\/plamdistributions.com\\\/#\\\/schema\\\/logo\\\/image\\\/\",\"url\":\"https:\\\/\\\/plamdistributions.com\\\/wp-content\\\/uploads\\\/2021\\\/05\\\/PLAM-SANS.png\",\"contentUrl\":\"https:\\\/\\\/plamdistributions.com\\\/wp-content\\\/uploads\\\/2021\\\/05\\\/PLAM-SANS.png\",\"width\":289,\"height\":224,\"caption\":\"Distributions Pla-M\"},\"image\":{\"@id\":\"https:\\\/\\\/plamdistributions.com\\\/#\\\/schema\\\/logo\\\/image\\\/\"},\"sameAs\":[\"https:\\\/\\\/www.facebook.com\\\/displam\\\/\",\"https:\\\/\\\/x.com\\\/Displam\",\"https:\\\/\\\/www.youtube.com\\\/channel\\\/UCHmm3HCGnpGuaQ984quISDg\"]}]}<\/script>\n<!-- \/ Yoast SEO plugin. -->","yoast_head_json":{"title":"TABLE \u00c0 LANGER FROST 36''X22''X4'' | Distributions Pla-M","robots":{"index":"index","follow":"follow","max-snippet":"max-snippet:-1","max-image-preview":"max-image-preview:large","max-video-preview":"max-video-preview:-1"},"canonical":"https:\/\/plamdistributions.com\/produit\/table-a-langer-frost-36-x-22-x-4\/","og_locale":"es_ES","og_type":"article","og_title":"TABLE \u00c0 LANGER FROST 36''X22''X4'' | Distributions Pla-M","og_description":"Code: ACT-F1125 Facile \u00e0 nettoyer et \u00e0 entretenir; Approuv\u00e9 par la FDA, r\u00e9sistant aux bact\u00e9ries, poly\u00e9thyl\u00e8ne haute densit\u00e9, couleur gris","og_url":"https:\/\/plamdistributions.com\/produit\/table-a-langer-frost-36-x-22-x-4\/","og_site_name":"Distributions Pla-M","article_publisher":"https:\/\/www.facebook.com\/displam\/","article_modified_time":"2023-01-31T05:05:53+00:00","og_image":[{"width":600,"height":600,"url":"https:\/\/plamdistributions.com\/wp-content\/uploads\/2022\/01\/ACT-F1125.jpg","type":"image\/jpeg"}],"twitter_card":"summary_large_image","twitter_site":"@Displam","twitter_misc":{"Tiempo de lectura":"1 minuto"},"schema":{"@context":"https:\/\/schema.org","@graph":[{"@type":"WebPage","@id":"https:\/\/plamdistributions.com\/produit\/table-a-langer-frost-36-x-22-x-4\/","url":"https:\/\/plamdistributions.com\/produit\/table-a-langer-frost-36-x-22-x-4\/","name":"TABLE \u00c0 LANGER FROST 36''X22''X4'' | Distributions Pla-M","isPartOf":{"@id":"https:\/\/plamdistributions.com\/#website"},"primaryImageOfPage":{"@id":"https:\/\/plamdistributions.com\/produit\/table-a-langer-frost-36-x-22-x-4\/#primaryimage"},"image":{"@id":"https:\/\/plamdistributions.com\/produit\/table-a-langer-frost-36-x-22-x-4\/#primaryimage"},"thumbnailUrl":"https:\/\/plamdistributions.com\/wp-content\/uploads\/2022\/01\/ACT-F1125.jpg","datePublished":"2022-01-21T15:36:18+00:00","dateModified":"2023-01-31T05:05:53+00:00","breadcrumb":{"@id":"https:\/\/plamdistributions.com\/produit\/table-a-langer-frost-36-x-22-x-4\/#breadcrumb"},"inLanguage":"es","potentialAction":[{"@type":"ReadAction","target":["https:\/\/plamdistributions.com\/produit\/table-a-langer-frost-36-x-22-x-4\/"]}]},{"@type":"ImageObject","inLanguage":"es","@id":"https:\/\/plamdistributions.com\/produit\/table-a-langer-frost-36-x-22-x-4\/#primaryimage","url":"https:\/\/plamdistributions.com\/wp-content\/uploads\/2022\/01\/ACT-F1125.jpg","contentUrl":"https:\/\/plamdistributions.com\/wp-content\/uploads\/2022\/01\/ACT-F1125.jpg","width":600,"height":600,"caption":"Table \u00e0 langer Frost 36\" X 22\" X 4\""},{"@type":"BreadcrumbList","@id":"https:\/\/plamdistributions.com\/produit\/table-a-langer-frost-36-x-22-x-4\/#breadcrumb","itemListElement":[{"@type":"ListItem","position":1,"name":"Accueil","item":"https:\/\/plamdistributions.com\/es\/"},{"@type":"ListItem","position":2,"name":"Tienda","item":"https:\/\/plamdistributions.com\/es\/tienda\/"},{"@type":"ListItem","position":3,"name":"TABLE \u00c0 LANGER FROST 36\u00a0\u00bbX22\u00a0\u00bbX4\u00a0\u00bb"}]},{"@type":"WebSite","@id":"https:\/\/plamdistributions.com\/#website","url":"https:\/\/plamdistributions.com\/","name":"Distributions Pla-M Inc.","description":"Venta de productos y equipos sanitarios","publisher":{"@id":"https:\/\/plamdistributions.com\/#organization"},"potentialAction":[{"@type":"SearchAction","target":{"@type":"EntryPoint","urlTemplate":"https:\/\/plamdistributions.com\/?s={search_term_string}"},"query-input":{"@type":"PropertyValueSpecification","valueRequired":true,"valueName":"search_term_string"}}],"inLanguage":"es"},{"@type":"Organization","@id":"https:\/\/plamdistributions.com\/#organization","name":"Distributions Pla-M","url":"https:\/\/plamdistributions.com\/","logo":{"@type":"ImageObject","inLanguage":"es","@id":"https:\/\/plamdistributions.com\/#\/schema\/logo\/image\/","url":"https:\/\/plamdistributions.com\/wp-content\/uploads\/2021\/05\/PLAM-SANS.png","contentUrl":"https:\/\/plamdistributions.com\/wp-content\/uploads\/2021\/05\/PLAM-SANS.png","width":289,"height":224,"caption":"Distributions Pla-M"},"image":{"@id":"https:\/\/plamdistributions.com\/#\/schema\/logo\/image\/"},"sameAs":["https:\/\/www.facebook.com\/displam\/","https:\/\/x.com\/Displam","https:\/\/www.youtube.com\/channel\/UCHmm3HCGnpGuaQ984quISDg"]}]}},"_links":{"self":[{"href":"https:\/\/plamdistributions.com\/es\/wp-json\/wp\/v2\/product\/31061","targetHints":{"allow":["GET"]}}],"collection":[{"href":"https:\/\/plamdistributions.com\/es\/wp-json\/wp\/v2\/product"}],"about":[{"href":"https:\/\/plamdistributions.com\/es\/wp-json\/wp\/v2\/types\/product"}],"replies":[{"embeddable":true,"href":"https:\/\/plamdistributions.com\/es\/wp-json\/wp\/v2\/comments?post=31061"}],"wp:featuredmedia":[{"embeddable":true,"href":"https:\/\/plamdistributions.com\/es\/wp-json\/wp\/v2\/media\/31062"}],"wp:attachment":[{"href":"https:\/\/plamdistributions.com\/es\/wp-json\/wp\/v2\/media?parent=31061"}],"wp:term":[{"taxonomy":"product_brand","embeddable":true,"href":"https:\/\/plamdistributions.com\/es\/wp-json\/wp\/v2\/product_brand?post=31061"},{"taxonomy":"product_cat","embeddable":true,"href":"https:\/\/plamdistributions.com\/es\/wp-json\/wp\/v2\/product_cat?post=31061"},{"taxonomy":"product_tag","embeddable":true,"href":"https:\/\/plamdistributions.com\/es\/wp-json\/wp\/v2\/product_tag?post=31061"}],"curies":[{"name":"wp","href":"https:\/\/api.w.org\/{rel}","templated":true}]}}