{"id":31114,"date":"2022-01-21T17:05:46","date_gmt":"2022-01-21T21:05:47","guid":{"rendered":"https:\/\/plamdistributions.com\/?post_type=product&#038;p=31114"},"modified":"2022-06-15T15:29:39","modified_gmt":"2022-06-15T19:29:39","slug":"aspirateur-dorsal-nacecare-rbv150-avec-accessoires-astb8-batterie","status":"publish","type":"product","link":"https:\/\/plamdistributions.com\/es\/produit\/aspirateur-dorsal-nacecare-rbv150-avec-accessoires-astb8-batterie\/","title":{"rendered":"ASPIRADORA DORSAL NACECARE RBV150 CON ACCESORIOS ASTB8 \/ BATER\u00cdA"},"content":{"rendered":"<p><strong>C\u00f3digo: ASD-NCRBV150<\/strong><\/p>\n<ul>\n<li><span class=\"\">Con solo 15 libras, es compacta, c\u00f3moda y la unidad m\u00e1s liviana del mercado;<\/span><\/li>\n<li><span class=\"\">90 minutos de rendimiento de limpieza consistente y potente;<\/span><\/li>\n<li>55 minutos en modo de alta potencia;<\/li>\n<li>Bater\u00eda de iones de litio NX300 con m\u00e1s de 2500 ciclos.<\/li>\n<\/ul>\n<p><strong>\u2713 Fabricante: Nacecare<\/strong><\/p>\n","protected":false},"excerpt":{"rendered":"<p>C\u00f3digo: ASD-NCRBV150 Con solo 15 libras, es compacta, c\u00f3moda y la unidad m\u00e1s liviana del mercado; 90 minutos de rendimiento<\/p>\n","protected":false},"featured_media":31120,"comment_status":"closed","ping_status":"closed","template":"","meta":[],"product_brand":[],"product_cat":[762,761],"product_tag":[],"class_list":{"0":"post-31114","1":"product","2":"type-product","3":"status-publish","4":"has-post-thumbnail","6":"product_cat-aspiradoras","7":"product_cat-equipamento","8":"product_shipping_class-standard-es","10":"first","11":"onbackorder","12":"featured","13":"taxable","14":"shipping-taxable","15":"purchasable","16":"product-type-simple"},"yoast_head":"<!-- This site is optimized with the Yoast SEO plugin v27.4 - https:\/\/yoast.com\/product\/yoast-seo-wordpress\/ -->\n<title>ASPIRADORA DORSAL NACECARE RBV150 CON ACCESORIOS ASTB8 \/ BATER\u00cdA | Distributions Pla-M<\/title>\n<meta name=\"robots\" content=\"index, follow, max-snippet:-1, max-image-preview:large, max-video-preview:-1\" \/>\n<link rel=\"canonical\" href=\"https:\/\/plamdistributions.com\/es\/produit\/aspirateur-dorsal-nacecare-rbv150-avec-accessoires-astb8-batterie\/\" \/>\n<meta property=\"og:locale\" content=\"es_ES\" \/>\n<meta property=\"og:type\" content=\"article\" \/>\n<meta property=\"og:title\" content=\"ASPIRADORA DORSAL NACECARE RBV150 CON ACCESORIOS ASTB8 \/ BATER\u00cdA | Distributions Pla-M\" \/>\n<meta property=\"og:description\" content=\"C\u00f3digo: ASD-NCRBV150 Con solo 15 libras, es compacta, c\u00f3moda y la unidad m\u00e1s liviana del mercado; 90 minutos de rendimiento\" \/>\n<meta property=\"og:url\" content=\"https:\/\/plamdistributions.com\/es\/produit\/aspirateur-dorsal-nacecare-rbv150-avec-accessoires-astb8-batterie\/\" \/>\n<meta property=\"og:site_name\" content=\"Distributions Pla-M\" \/>\n<meta property=\"article:publisher\" content=\"https:\/\/www.facebook.com\/displam\/\" \/>\n<meta property=\"article:modified_time\" content=\"2022-06-15T19:29:39+00:00\" \/>\n<meta property=\"og:image\" content=\"https:\/\/plamdistributions.com\/wp-content\/uploads\/2022\/01\/ASD-NCRBV150-1.jpg\" \/>\n\t<meta property=\"og:image:width\" content=\"700\" \/>\n\t<meta property=\"og:image:height\" content=\"700\" \/>\n\t<meta property=\"og:image:type\" content=\"image\/jpeg\" \/>\n<meta name=\"twitter:card\" content=\"summary_large_image\" \/>\n<meta name=\"twitter:site\" content=\"@Displam\" \/>\n<script type=\"application\/ld+json\" class=\"yoast-schema-graph\">{\"@context\":\"https:\\\/\\\/schema.org\",\"@graph\":[{\"@type\":\"WebPage\",\"@id\":\"https:\\\/\\\/plamdistributions.com\\\/es\\\/produit\\\/aspirateur-dorsal-nacecare-rbv150-avec-accessoires-astb8-batterie\\\/\",\"url\":\"https:\\\/\\\/plamdistributions.com\\\/es\\\/produit\\\/aspirateur-dorsal-nacecare-rbv150-avec-accessoires-astb8-batterie\\\/\",\"name\":\"ASPIRADORA DORSAL NACECARE RBV150 CON ACCESORIOS ASTB8 \\\/ BATER\u00cdA | Distributions Pla-M\",\"isPartOf\":{\"@id\":\"https:\\\/\\\/plamdistributions.com\\\/en\\\/#website\"},\"primaryImageOfPage\":{\"@id\":\"https:\\\/\\\/plamdistributions.com\\\/es\\\/produit\\\/aspirateur-dorsal-nacecare-rbv150-avec-accessoires-astb8-batterie\\\/#primaryimage\"},\"image\":{\"@id\":\"https:\\\/\\\/plamdistributions.com\\\/es\\\/produit\\\/aspirateur-dorsal-nacecare-rbv150-avec-accessoires-astb8-batterie\\\/#primaryimage\"},\"thumbnailUrl\":\"https:\\\/\\\/plamdistributions.com\\\/wp-content\\\/uploads\\\/2022\\\/01\\\/ASD-NCRBV150-1.jpg\",\"datePublished\":\"2022-01-21T21:05:47+00:00\",\"dateModified\":\"2022-06-15T19:29:39+00:00\",\"breadcrumb\":{\"@id\":\"https:\\\/\\\/plamdistributions.com\\\/es\\\/produit\\\/aspirateur-dorsal-nacecare-rbv150-avec-accessoires-astb8-batterie\\\/#breadcrumb\"},\"inLanguage\":\"es\",\"potentialAction\":[{\"@type\":\"ReadAction\",\"target\":[\"https:\\\/\\\/plamdistributions.com\\\/es\\\/produit\\\/aspirateur-dorsal-nacecare-rbv150-avec-accessoires-astb8-batterie\\\/\"]}]},{\"@type\":\"ImageObject\",\"inLanguage\":\"es\",\"@id\":\"https:\\\/\\\/plamdistributions.com\\\/es\\\/produit\\\/aspirateur-dorsal-nacecare-rbv150-avec-accessoires-astb8-batterie\\\/#primaryimage\",\"url\":\"https:\\\/\\\/plamdistributions.com\\\/wp-content\\\/uploads\\\/2022\\\/01\\\/ASD-NCRBV150-1.jpg\",\"contentUrl\":\"https:\\\/\\\/plamdistributions.com\\\/wp-content\\\/uploads\\\/2022\\\/01\\\/ASD-NCRBV150-1.jpg\",\"width\":700,\"height\":700,\"caption\":\"Aspiradora dorsal Nacecare RBV150 con accesorios ASTB8 \\\/ Bater\u00eda\"},{\"@type\":\"BreadcrumbList\",\"@id\":\"https:\\\/\\\/plamdistributions.com\\\/es\\\/produit\\\/aspirateur-dorsal-nacecare-rbv150-avec-accessoires-astb8-batterie\\\/#breadcrumb\",\"itemListElement\":[{\"@type\":\"ListItem\",\"position\":1,\"name\":\"Accueil\",\"item\":\"https:\\\/\\\/plamdistributions.com\\\/es\\\/\"},{\"@type\":\"ListItem\",\"position\":2,\"name\":\"Tienda\",\"item\":\"https:\\\/\\\/plamdistributions.com\\\/es\\\/tienda\\\/\"},{\"@type\":\"ListItem\",\"position\":3,\"name\":\"ASPIRADORA DORSAL NACECARE RBV150 CON ACCESORIOS ASTB8 \\\/ BATER\u00cdA\"}]},{\"@type\":\"WebSite\",\"@id\":\"https:\\\/\\\/plamdistributions.com\\\/en\\\/#website\",\"url\":\"https:\\\/\\\/plamdistributions.com\\\/en\\\/\",\"name\":\"Distributions Pla-M Inc.\",\"description\":\"Venta de productos y equipos sanitarios\",\"publisher\":{\"@id\":\"https:\\\/\\\/plamdistributions.com\\\/en\\\/#organization\"},\"potentialAction\":[{\"@type\":\"SearchAction\",\"target\":{\"@type\":\"EntryPoint\",\"urlTemplate\":\"https:\\\/\\\/plamdistributions.com\\\/en\\\/?s={search_term_string}\"},\"query-input\":{\"@type\":\"PropertyValueSpecification\",\"valueRequired\":true,\"valueName\":\"search_term_string\"}}],\"inLanguage\":\"es\"},{\"@type\":\"Organization\",\"@id\":\"https:\\\/\\\/plamdistributions.com\\\/en\\\/#organization\",\"name\":\"Distributions Pla-M\",\"url\":\"https:\\\/\\\/plamdistributions.com\\\/en\\\/\",\"logo\":{\"@type\":\"ImageObject\",\"inLanguage\":\"es\",\"@id\":\"https:\\\/\\\/plamdistributions.com\\\/en\\\/#\\\/schema\\\/logo\\\/image\\\/\",\"url\":\"https:\\\/\\\/plamdistributions.com\\\/wp-content\\\/uploads\\\/2021\\\/05\\\/PLAM-SANS.png\",\"contentUrl\":\"https:\\\/\\\/plamdistributions.com\\\/wp-content\\\/uploads\\\/2021\\\/05\\\/PLAM-SANS.png\",\"width\":289,\"height\":224,\"caption\":\"Distributions Pla-M\"},\"image\":{\"@id\":\"https:\\\/\\\/plamdistributions.com\\\/en\\\/#\\\/schema\\\/logo\\\/image\\\/\"},\"sameAs\":[\"https:\\\/\\\/www.facebook.com\\\/displam\\\/\",\"https:\\\/\\\/x.com\\\/Displam\",\"https:\\\/\\\/www.youtube.com\\\/channel\\\/UCHmm3HCGnpGuaQ984quISDg\"]}]}<\/script>\n<!-- \/ Yoast SEO plugin. -->","yoast_head_json":{"title":"ASPIRADORA DORSAL NACECARE RBV150 CON ACCESORIOS ASTB8 \/ BATER\u00cdA | Distributions Pla-M","robots":{"index":"index","follow":"follow","max-snippet":"max-snippet:-1","max-image-preview":"max-image-preview:large","max-video-preview":"max-video-preview:-1"},"canonical":"https:\/\/plamdistributions.com\/es\/produit\/aspirateur-dorsal-nacecare-rbv150-avec-accessoires-astb8-batterie\/","og_locale":"es_ES","og_type":"article","og_title":"ASPIRADORA DORSAL NACECARE RBV150 CON ACCESORIOS ASTB8 \/ BATER\u00cdA | Distributions Pla-M","og_description":"C\u00f3digo: ASD-NCRBV150 Con solo 15 libras, es compacta, c\u00f3moda y la unidad m\u00e1s liviana del mercado; 90 minutos de rendimiento","og_url":"https:\/\/plamdistributions.com\/es\/produit\/aspirateur-dorsal-nacecare-rbv150-avec-accessoires-astb8-batterie\/","og_site_name":"Distributions Pla-M","article_publisher":"https:\/\/www.facebook.com\/displam\/","article_modified_time":"2022-06-15T19:29:39+00:00","og_image":[{"width":700,"height":700,"url":"https:\/\/plamdistributions.com\/wp-content\/uploads\/2022\/01\/ASD-NCRBV150-1.jpg","type":"image\/jpeg"}],"twitter_card":"summary_large_image","twitter_site":"@Displam","schema":{"@context":"https:\/\/schema.org","@graph":[{"@type":"WebPage","@id":"https:\/\/plamdistributions.com\/es\/produit\/aspirateur-dorsal-nacecare-rbv150-avec-accessoires-astb8-batterie\/","url":"https:\/\/plamdistributions.com\/es\/produit\/aspirateur-dorsal-nacecare-rbv150-avec-accessoires-astb8-batterie\/","name":"ASPIRADORA DORSAL NACECARE RBV150 CON ACCESORIOS ASTB8 \/ BATER\u00cdA | Distributions Pla-M","isPartOf":{"@id":"https:\/\/plamdistributions.com\/en\/#website"},"primaryImageOfPage":{"@id":"https:\/\/plamdistributions.com\/es\/produit\/aspirateur-dorsal-nacecare-rbv150-avec-accessoires-astb8-batterie\/#primaryimage"},"image":{"@id":"https:\/\/plamdistributions.com\/es\/produit\/aspirateur-dorsal-nacecare-rbv150-avec-accessoires-astb8-batterie\/#primaryimage"},"thumbnailUrl":"https:\/\/plamdistributions.com\/wp-content\/uploads\/2022\/01\/ASD-NCRBV150-1.jpg","datePublished":"2022-01-21T21:05:47+00:00","dateModified":"2022-06-15T19:29:39+00:00","breadcrumb":{"@id":"https:\/\/plamdistributions.com\/es\/produit\/aspirateur-dorsal-nacecare-rbv150-avec-accessoires-astb8-batterie\/#breadcrumb"},"inLanguage":"es","potentialAction":[{"@type":"ReadAction","target":["https:\/\/plamdistributions.com\/es\/produit\/aspirateur-dorsal-nacecare-rbv150-avec-accessoires-astb8-batterie\/"]}]},{"@type":"ImageObject","inLanguage":"es","@id":"https:\/\/plamdistributions.com\/es\/produit\/aspirateur-dorsal-nacecare-rbv150-avec-accessoires-astb8-batterie\/#primaryimage","url":"https:\/\/plamdistributions.com\/wp-content\/uploads\/2022\/01\/ASD-NCRBV150-1.jpg","contentUrl":"https:\/\/plamdistributions.com\/wp-content\/uploads\/2022\/01\/ASD-NCRBV150-1.jpg","width":700,"height":700,"caption":"Aspiradora dorsal Nacecare RBV150 con accesorios ASTB8 \/ Bater\u00eda"},{"@type":"BreadcrumbList","@id":"https:\/\/plamdistributions.com\/es\/produit\/aspirateur-dorsal-nacecare-rbv150-avec-accessoires-astb8-batterie\/#breadcrumb","itemListElement":[{"@type":"ListItem","position":1,"name":"Accueil","item":"https:\/\/plamdistributions.com\/es\/"},{"@type":"ListItem","position":2,"name":"Tienda","item":"https:\/\/plamdistributions.com\/es\/tienda\/"},{"@type":"ListItem","position":3,"name":"ASPIRADORA DORSAL NACECARE RBV150 CON ACCESORIOS ASTB8 \/ BATER\u00cdA"}]},{"@type":"WebSite","@id":"https:\/\/plamdistributions.com\/en\/#website","url":"https:\/\/plamdistributions.com\/en\/","name":"Distributions Pla-M Inc.","description":"Venta de productos y equipos sanitarios","publisher":{"@id":"https:\/\/plamdistributions.com\/en\/#organization"},"potentialAction":[{"@type":"SearchAction","target":{"@type":"EntryPoint","urlTemplate":"https:\/\/plamdistributions.com\/en\/?s={search_term_string}"},"query-input":{"@type":"PropertyValueSpecification","valueRequired":true,"valueName":"search_term_string"}}],"inLanguage":"es"},{"@type":"Organization","@id":"https:\/\/plamdistributions.com\/en\/#organization","name":"Distributions Pla-M","url":"https:\/\/plamdistributions.com\/en\/","logo":{"@type":"ImageObject","inLanguage":"es","@id":"https:\/\/plamdistributions.com\/en\/#\/schema\/logo\/image\/","url":"https:\/\/plamdistributions.com\/wp-content\/uploads\/2021\/05\/PLAM-SANS.png","contentUrl":"https:\/\/plamdistributions.com\/wp-content\/uploads\/2021\/05\/PLAM-SANS.png","width":289,"height":224,"caption":"Distributions Pla-M"},"image":{"@id":"https:\/\/plamdistributions.com\/en\/#\/schema\/logo\/image\/"},"sameAs":["https:\/\/www.facebook.com\/displam\/","https:\/\/x.com\/Displam","https:\/\/www.youtube.com\/channel\/UCHmm3HCGnpGuaQ984quISDg"]}]}},"_links":{"self":[{"href":"https:\/\/plamdistributions.com\/es\/wp-json\/wp\/v2\/product\/31114","targetHints":{"allow":["GET"]}}],"collection":[{"href":"https:\/\/plamdistributions.com\/es\/wp-json\/wp\/v2\/product"}],"about":[{"href":"https:\/\/plamdistributions.com\/es\/wp-json\/wp\/v2\/types\/product"}],"replies":[{"embeddable":true,"href":"https:\/\/plamdistributions.com\/es\/wp-json\/wp\/v2\/comments?post=31114"}],"wp:featuredmedia":[{"embeddable":true,"href":"https:\/\/plamdistributions.com\/es\/wp-json\/wp\/v2\/media\/31120"}],"wp:attachment":[{"href":"https:\/\/plamdistributions.com\/es\/wp-json\/wp\/v2\/media?parent=31114"}],"wp:term":[{"taxonomy":"product_brand","embeddable":true,"href":"https:\/\/plamdistributions.com\/es\/wp-json\/wp\/v2\/product_brand?post=31114"},{"taxonomy":"product_cat","embeddable":true,"href":"https:\/\/plamdistributions.com\/es\/wp-json\/wp\/v2\/product_cat?post=31114"},{"taxonomy":"product_tag","embeddable":true,"href":"https:\/\/plamdistributions.com\/es\/wp-json\/wp\/v2\/product_tag?post=31114"}],"curies":[{"name":"wp","href":"https:\/\/api.w.org\/{rel}","templated":true}]}}