{"id":31179,"date":"2022-01-24T15:30:05","date_gmt":"2022-01-24T19:30:05","guid":{"rendered":"https:\/\/plamdistributions.com\/?post_type=product&#038;p=31179"},"modified":"2024-01-17T11:51:41","modified_gmt":"2024-01-17T15:51:41","slug":"aspirateur-traineau-clarke-saltix-10-21gal-avec-acc","status":"publish","type":"product","link":"https:\/\/plamdistributions.com\/es\/produit\/aspirateur-traineau-clarke-saltix-10-21gal-avec-acc\/","title":{"rendered":"R\u00c9CUREUSE CLARKE 17\u00bb 175RPM AVEC PORTE TAMPON"},"content":{"rendered":"<p><strong>Code: AST-CK107410362<\/strong><\/p>\n<p>Le Clarke Saltix 10 est une machine de base, bien construite et parfaitement fiable sur laquelle on peut compter pour faire le travail jour apr\u00e8s jour. Fournissant une pr\u00e9cieuse solution d&#8217;entretien des tapis avec une conception l\u00e9g\u00e8re et durable, le Saltix 10 est id\u00e9al pour le nettoyage des \u00e9tablissements d&#8217;enseignement, des bureaux, des \u00e9tablissements de sant\u00e9, des points de vente et des applications similaires l\u00e9g\u00e8res \u00e0 moyennes.<\/p>\n<p><strong>\u2713 Fabricant: Clarke<\/strong><\/p>\n","protected":false},"excerpt":{"rendered":"<p>Code: AST-CK107410362 Le Clarke Saltix 10 est une machine de base, bien construite et parfaitement fiable sur laquelle on peut<\/p>\n","protected":false},"featured_media":31180,"comment_status":"closed","ping_status":"closed","template":"","meta":[],"product_brand":[],"product_cat":[223,98],"product_tag":[],"class_list":{"0":"post-31179","1":"product","2":"type-product","3":"status-publish","4":"has-post-thumbnail","6":"product_cat-aspirateurs","7":"product_cat-equipements","8":"product_shipping_class-standard","10":"first","11":"onbackorder","12":"featured","13":"taxable","14":"shipping-taxable","15":"purchasable","16":"product-type-simple"},"yoast_head":"<!-- This site is optimized with the Yoast SEO plugin v27.4 - https:\/\/yoast.com\/product\/yoast-seo-wordpress\/ -->\n<title>R\u00c9CUREUSE CLARKE 17&#039;&#039; 175RPM AVEC PORTE TAMPON | Distributions Pla-M<\/title>\n<meta name=\"robots\" content=\"index, follow, max-snippet:-1, max-image-preview:large, max-video-preview:-1\" \/>\n<link rel=\"canonical\" href=\"https:\/\/plamdistributions.com\/produit\/aspirateur-traineau-clarke-saltix-10-21gal-avec-acc\/\" \/>\n<meta property=\"og:locale\" content=\"es_ES\" \/>\n<meta property=\"og:type\" content=\"article\" \/>\n<meta property=\"og:title\" content=\"R\u00c9CUREUSE CLARKE 17&#039;&#039; 175RPM AVEC PORTE TAMPON | Distributions Pla-M\" \/>\n<meta property=\"og:description\" content=\"Code: AST-CK107410362 Le Clarke Saltix 10 est une machine de base, bien construite et parfaitement fiable sur laquelle on peut\" \/>\n<meta property=\"og:url\" content=\"https:\/\/plamdistributions.com\/produit\/aspirateur-traineau-clarke-saltix-10-21gal-avec-acc\/\" \/>\n<meta property=\"og:site_name\" content=\"Distributions Pla-M\" \/>\n<meta property=\"article:publisher\" content=\"https:\/\/www.facebook.com\/displam\/\" \/>\n<meta property=\"article:modified_time\" content=\"2024-01-17T15:51:41+00:00\" \/>\n<meta property=\"og:image\" content=\"https:\/\/plamdistributions.com\/wp-content\/uploads\/2022\/01\/AST-CK107410362.jpg\" \/>\n\t<meta property=\"og:image:width\" content=\"700\" \/>\n\t<meta property=\"og:image:height\" content=\"700\" \/>\n\t<meta property=\"og:image:type\" content=\"image\/jpeg\" \/>\n<meta name=\"twitter:card\" content=\"summary_large_image\" \/>\n<meta name=\"twitter:site\" content=\"@Displam\" \/>\n<meta name=\"twitter:label1\" content=\"Tiempo de lectura\" \/>\n\t<meta name=\"twitter:data1\" content=\"1 minuto\" \/>\n<script type=\"application\/ld+json\" class=\"yoast-schema-graph\">{\"@context\":\"https:\\\/\\\/schema.org\",\"@graph\":[{\"@type\":\"WebPage\",\"@id\":\"https:\\\/\\\/plamdistributions.com\\\/produit\\\/aspirateur-traineau-clarke-saltix-10-21gal-avec-acc\\\/\",\"url\":\"https:\\\/\\\/plamdistributions.com\\\/produit\\\/aspirateur-traineau-clarke-saltix-10-21gal-avec-acc\\\/\",\"name\":\"R\u00c9CUREUSE CLARKE 17'' 175RPM AVEC PORTE TAMPON | Distributions Pla-M\",\"isPartOf\":{\"@id\":\"https:\\\/\\\/plamdistributions.com\\\/en\\\/#website\"},\"primaryImageOfPage\":{\"@id\":\"https:\\\/\\\/plamdistributions.com\\\/produit\\\/aspirateur-traineau-clarke-saltix-10-21gal-avec-acc\\\/#primaryimage\"},\"image\":{\"@id\":\"https:\\\/\\\/plamdistributions.com\\\/produit\\\/aspirateur-traineau-clarke-saltix-10-21gal-avec-acc\\\/#primaryimage\"},\"thumbnailUrl\":\"https:\\\/\\\/plamdistributions.com\\\/wp-content\\\/uploads\\\/2022\\\/01\\\/AST-CK107410362.jpg\",\"datePublished\":\"2022-01-24T19:30:05+00:00\",\"dateModified\":\"2024-01-17T15:51:41+00:00\",\"breadcrumb\":{\"@id\":\"https:\\\/\\\/plamdistributions.com\\\/produit\\\/aspirateur-traineau-clarke-saltix-10-21gal-avec-acc\\\/#breadcrumb\"},\"inLanguage\":\"es\",\"potentialAction\":[{\"@type\":\"ReadAction\",\"target\":[\"https:\\\/\\\/plamdistributions.com\\\/produit\\\/aspirateur-traineau-clarke-saltix-10-21gal-avec-acc\\\/\"]}]},{\"@type\":\"ImageObject\",\"inLanguage\":\"es\",\"@id\":\"https:\\\/\\\/plamdistributions.com\\\/produit\\\/aspirateur-traineau-clarke-saltix-10-21gal-avec-acc\\\/#primaryimage\",\"url\":\"https:\\\/\\\/plamdistributions.com\\\/wp-content\\\/uploads\\\/2022\\\/01\\\/AST-CK107410362.jpg\",\"contentUrl\":\"https:\\\/\\\/plamdistributions.com\\\/wp-content\\\/uploads\\\/2022\\\/01\\\/AST-CK107410362.jpg\",\"width\":700,\"height\":700,\"caption\":\"Aspirateur Traineau Clarke Saltix 10 (2.1Gal) avec acc\"},{\"@type\":\"BreadcrumbList\",\"@id\":\"https:\\\/\\\/plamdistributions.com\\\/produit\\\/aspirateur-traineau-clarke-saltix-10-21gal-avec-acc\\\/#breadcrumb\",\"itemListElement\":[{\"@type\":\"ListItem\",\"position\":1,\"name\":\"Accueil\",\"item\":\"https:\\\/\\\/plamdistributions.com\\\/es\\\/\"},{\"@type\":\"ListItem\",\"position\":2,\"name\":\"Tienda\",\"item\":\"https:\\\/\\\/plamdistributions.com\\\/es\\\/tienda\\\/\"},{\"@type\":\"ListItem\",\"position\":3,\"name\":\"R\u00c9CUREUSE CLARKE 17\u00a0\u00bb 175RPM AVEC PORTE TAMPON\"}]},{\"@type\":\"WebSite\",\"@id\":\"https:\\\/\\\/plamdistributions.com\\\/en\\\/#website\",\"url\":\"https:\\\/\\\/plamdistributions.com\\\/en\\\/\",\"name\":\"Distributions Pla-M Inc.\",\"description\":\"Venta de productos y equipos sanitarios\",\"publisher\":{\"@id\":\"https:\\\/\\\/plamdistributions.com\\\/en\\\/#organization\"},\"potentialAction\":[{\"@type\":\"SearchAction\",\"target\":{\"@type\":\"EntryPoint\",\"urlTemplate\":\"https:\\\/\\\/plamdistributions.com\\\/en\\\/?s={search_term_string}\"},\"query-input\":{\"@type\":\"PropertyValueSpecification\",\"valueRequired\":true,\"valueName\":\"search_term_string\"}}],\"inLanguage\":\"es\"},{\"@type\":\"Organization\",\"@id\":\"https:\\\/\\\/plamdistributions.com\\\/en\\\/#organization\",\"name\":\"Distributions Pla-M\",\"url\":\"https:\\\/\\\/plamdistributions.com\\\/en\\\/\",\"logo\":{\"@type\":\"ImageObject\",\"inLanguage\":\"es\",\"@id\":\"https:\\\/\\\/plamdistributions.com\\\/en\\\/#\\\/schema\\\/logo\\\/image\\\/\",\"url\":\"https:\\\/\\\/plamdistributions.com\\\/wp-content\\\/uploads\\\/2021\\\/05\\\/PLAM-SANS.png\",\"contentUrl\":\"https:\\\/\\\/plamdistributions.com\\\/wp-content\\\/uploads\\\/2021\\\/05\\\/PLAM-SANS.png\",\"width\":289,\"height\":224,\"caption\":\"Distributions Pla-M\"},\"image\":{\"@id\":\"https:\\\/\\\/plamdistributions.com\\\/en\\\/#\\\/schema\\\/logo\\\/image\\\/\"},\"sameAs\":[\"https:\\\/\\\/www.facebook.com\\\/displam\\\/\",\"https:\\\/\\\/x.com\\\/Displam\",\"https:\\\/\\\/www.youtube.com\\\/channel\\\/UCHmm3HCGnpGuaQ984quISDg\"]}]}<\/script>\n<!-- \/ Yoast SEO plugin. -->","yoast_head_json":{"title":"R\u00c9CUREUSE CLARKE 17'' 175RPM AVEC PORTE TAMPON | Distributions Pla-M","robots":{"index":"index","follow":"follow","max-snippet":"max-snippet:-1","max-image-preview":"max-image-preview:large","max-video-preview":"max-video-preview:-1"},"canonical":"https:\/\/plamdistributions.com\/produit\/aspirateur-traineau-clarke-saltix-10-21gal-avec-acc\/","og_locale":"es_ES","og_type":"article","og_title":"R\u00c9CUREUSE CLARKE 17'' 175RPM AVEC PORTE TAMPON | Distributions Pla-M","og_description":"Code: AST-CK107410362 Le Clarke Saltix 10 est une machine de base, bien construite et parfaitement fiable sur laquelle on peut","og_url":"https:\/\/plamdistributions.com\/produit\/aspirateur-traineau-clarke-saltix-10-21gal-avec-acc\/","og_site_name":"Distributions Pla-M","article_publisher":"https:\/\/www.facebook.com\/displam\/","article_modified_time":"2024-01-17T15:51:41+00:00","og_image":[{"width":700,"height":700,"url":"https:\/\/plamdistributions.com\/wp-content\/uploads\/2022\/01\/AST-CK107410362.jpg","type":"image\/jpeg"}],"twitter_card":"summary_large_image","twitter_site":"@Displam","twitter_misc":{"Tiempo de lectura":"1 minuto"},"schema":{"@context":"https:\/\/schema.org","@graph":[{"@type":"WebPage","@id":"https:\/\/plamdistributions.com\/produit\/aspirateur-traineau-clarke-saltix-10-21gal-avec-acc\/","url":"https:\/\/plamdistributions.com\/produit\/aspirateur-traineau-clarke-saltix-10-21gal-avec-acc\/","name":"R\u00c9CUREUSE CLARKE 17'' 175RPM AVEC PORTE TAMPON | Distributions Pla-M","isPartOf":{"@id":"https:\/\/plamdistributions.com\/en\/#website"},"primaryImageOfPage":{"@id":"https:\/\/plamdistributions.com\/produit\/aspirateur-traineau-clarke-saltix-10-21gal-avec-acc\/#primaryimage"},"image":{"@id":"https:\/\/plamdistributions.com\/produit\/aspirateur-traineau-clarke-saltix-10-21gal-avec-acc\/#primaryimage"},"thumbnailUrl":"https:\/\/plamdistributions.com\/wp-content\/uploads\/2022\/01\/AST-CK107410362.jpg","datePublished":"2022-01-24T19:30:05+00:00","dateModified":"2024-01-17T15:51:41+00:00","breadcrumb":{"@id":"https:\/\/plamdistributions.com\/produit\/aspirateur-traineau-clarke-saltix-10-21gal-avec-acc\/#breadcrumb"},"inLanguage":"es","potentialAction":[{"@type":"ReadAction","target":["https:\/\/plamdistributions.com\/produit\/aspirateur-traineau-clarke-saltix-10-21gal-avec-acc\/"]}]},{"@type":"ImageObject","inLanguage":"es","@id":"https:\/\/plamdistributions.com\/produit\/aspirateur-traineau-clarke-saltix-10-21gal-avec-acc\/#primaryimage","url":"https:\/\/plamdistributions.com\/wp-content\/uploads\/2022\/01\/AST-CK107410362.jpg","contentUrl":"https:\/\/plamdistributions.com\/wp-content\/uploads\/2022\/01\/AST-CK107410362.jpg","width":700,"height":700,"caption":"Aspirateur Traineau Clarke Saltix 10 (2.1Gal) avec acc"},{"@type":"BreadcrumbList","@id":"https:\/\/plamdistributions.com\/produit\/aspirateur-traineau-clarke-saltix-10-21gal-avec-acc\/#breadcrumb","itemListElement":[{"@type":"ListItem","position":1,"name":"Accueil","item":"https:\/\/plamdistributions.com\/es\/"},{"@type":"ListItem","position":2,"name":"Tienda","item":"https:\/\/plamdistributions.com\/es\/tienda\/"},{"@type":"ListItem","position":3,"name":"R\u00c9CUREUSE CLARKE 17\u00a0\u00bb 175RPM AVEC PORTE TAMPON"}]},{"@type":"WebSite","@id":"https:\/\/plamdistributions.com\/en\/#website","url":"https:\/\/plamdistributions.com\/en\/","name":"Distributions Pla-M Inc.","description":"Venta de productos y equipos sanitarios","publisher":{"@id":"https:\/\/plamdistributions.com\/en\/#organization"},"potentialAction":[{"@type":"SearchAction","target":{"@type":"EntryPoint","urlTemplate":"https:\/\/plamdistributions.com\/en\/?s={search_term_string}"},"query-input":{"@type":"PropertyValueSpecification","valueRequired":true,"valueName":"search_term_string"}}],"inLanguage":"es"},{"@type":"Organization","@id":"https:\/\/plamdistributions.com\/en\/#organization","name":"Distributions Pla-M","url":"https:\/\/plamdistributions.com\/en\/","logo":{"@type":"ImageObject","inLanguage":"es","@id":"https:\/\/plamdistributions.com\/en\/#\/schema\/logo\/image\/","url":"https:\/\/plamdistributions.com\/wp-content\/uploads\/2021\/05\/PLAM-SANS.png","contentUrl":"https:\/\/plamdistributions.com\/wp-content\/uploads\/2021\/05\/PLAM-SANS.png","width":289,"height":224,"caption":"Distributions Pla-M"},"image":{"@id":"https:\/\/plamdistributions.com\/en\/#\/schema\/logo\/image\/"},"sameAs":["https:\/\/www.facebook.com\/displam\/","https:\/\/x.com\/Displam","https:\/\/www.youtube.com\/channel\/UCHmm3HCGnpGuaQ984quISDg"]}]}},"_links":{"self":[{"href":"https:\/\/plamdistributions.com\/es\/wp-json\/wp\/v2\/product\/31179","targetHints":{"allow":["GET"]}}],"collection":[{"href":"https:\/\/plamdistributions.com\/es\/wp-json\/wp\/v2\/product"}],"about":[{"href":"https:\/\/plamdistributions.com\/es\/wp-json\/wp\/v2\/types\/product"}],"replies":[{"embeddable":true,"href":"https:\/\/plamdistributions.com\/es\/wp-json\/wp\/v2\/comments?post=31179"}],"wp:featuredmedia":[{"embeddable":true,"href":"https:\/\/plamdistributions.com\/es\/wp-json\/wp\/v2\/media\/31180"}],"wp:attachment":[{"href":"https:\/\/plamdistributions.com\/es\/wp-json\/wp\/v2\/media?parent=31179"}],"wp:term":[{"taxonomy":"product_brand","embeddable":true,"href":"https:\/\/plamdistributions.com\/es\/wp-json\/wp\/v2\/product_brand?post=31179"},{"taxonomy":"product_cat","embeddable":true,"href":"https:\/\/plamdistributions.com\/es\/wp-json\/wp\/v2\/product_cat?post=31179"},{"taxonomy":"product_tag","embeddable":true,"href":"https:\/\/plamdistributions.com\/es\/wp-json\/wp\/v2\/product_tag?post=31179"}],"curies":[{"name":"wp","href":"https:\/\/api.w.org\/{rel}","templated":true}]}}