{"id":31297,"date":"2022-01-25T15:41:49","date_gmt":"2022-01-25T19:41:49","guid":{"rendered":"https:\/\/plamdistributions.com\/?post_type=product&#038;p=31297"},"modified":"2023-09-06T09:48:36","modified_gmt":"2023-09-06T13:48:36","slug":"bactol-desinfectant-assainisseur-pour-lave-vaisselle-4l","status":"publish","type":"product","link":"https:\/\/plamdistributions.com\/es\/produit\/bactol-desinfectant-assainisseur-pour-lave-vaisselle-4l\/","title":{"rendered":"D\u00c9SINFECTANT ASSAINISSEUR POUR LAVE-VAISSELLE 4LTS"},"content":{"rendered":"<p><strong>Code: BACTOL<br \/>\n<\/strong><\/p>\n<p>BACTOL D\u00e9sinfectant et assainisseur a \u00e9t\u00e9 con\u00e7u pour \u00eatre utilis\u00e9 dans les endroits o\u00f9 la d\u00e9sinfection, l\u2019assainissement et la d\u00e9sodorisation est primordial, tel que: les h\u00f4pitaux, les centres de soins prolong\u00e9s, les h\u00f4tels, les \u00e9coles, les centres d\u2019entra\u00eenement\/loisirs\/beaut\u00e9, les cr\u00e8meries, les \u00e9tablissements de service alimentaire, les restaurants, les bars, les chenils ainsi que les aires animales. Efficace sur les surfaces telles que: planchers, murs, porcelaine, acier inoxydable, tuiles de c\u00e9ramique, plastique, salles de bains, douches et cabinets, tables, chaises, lits de bronzage et t\u00e9l\u00e9phones.<br \/>\nBACTOL D\u00e9sinfectant et assainisseur d\u00e9sodorise ces endroits o\u00f9 il est g\u00e9n\u00e9ralement difficile de garder une fra\u00eeche odeur, tel que les emplacements o\u00f9 sont conserv\u00e9s les ordures, les poubelles vides, les aires animales ainsi que tout autre lieu propice aux odeurs caus\u00e9es par les micro-organismes.<\/p>\n<p><strong>\u2713\u00a0 Fabricant: Avmor<\/strong><\/p>\n","protected":false},"excerpt":{"rendered":"<p>Code: BACTOL BACTOL D\u00e9sinfectant et assainisseur a \u00e9t\u00e9 con\u00e7u pour \u00eatre utilis\u00e9 dans les endroits o\u00f9 la d\u00e9sinfection, l\u2019assainissement et<\/p>\n","protected":false},"featured_media":31300,"comment_status":"closed","ping_status":"closed","template":"","meta":[],"product_brand":[],"product_cat":[112,62,250],"product_tag":[],"class_list":{"0":"post-31297","1":"product","2":"type-product","3":"status-publish","4":"has-post-thumbnail","6":"product_cat-desinfection-et-asssainissants","7":"product_cat-produits-dentretien-menager","8":"product_cat-produits-vaisselles","9":"product_shipping_class-standard","11":"first","12":"onbackorder","13":"featured","14":"taxable","15":"shipping-taxable","16":"purchasable","17":"product-type-simple"},"yoast_head":"<!-- This site is optimized with the Yoast SEO plugin v27.4 - https:\/\/yoast.com\/product\/yoast-seo-wordpress\/ -->\n<title>D\u00c9SINFECTANT ASSAINISSEUR POUR LAVE-VAISSELLE 4LTS | Distributions Pla-M<\/title>\n<meta name=\"robots\" content=\"index, follow, max-snippet:-1, max-image-preview:large, max-video-preview:-1\" \/>\n<link rel=\"canonical\" href=\"https:\/\/plamdistributions.com\/es\/produit\/bactol-desinfectant-assainisseur-pour-lave-vaisselle-4l\/\" \/>\n<meta property=\"og:locale\" content=\"es_ES\" \/>\n<meta property=\"og:type\" content=\"article\" \/>\n<meta property=\"og:title\" content=\"D\u00c9SINFECTANT ASSAINISSEUR POUR LAVE-VAISSELLE 4LTS | Distributions Pla-M\" \/>\n<meta property=\"og:description\" content=\"Code: BACTOL BACTOL D\u00e9sinfectant et assainisseur a \u00e9t\u00e9 con\u00e7u pour \u00eatre utilis\u00e9 dans les endroits o\u00f9 la d\u00e9sinfection, l\u2019assainissement et\" \/>\n<meta property=\"og:url\" content=\"https:\/\/plamdistributions.com\/es\/produit\/bactol-desinfectant-assainisseur-pour-lave-vaisselle-4l\/\" \/>\n<meta property=\"og:site_name\" content=\"Distributions Pla-M\" \/>\n<meta property=\"article:publisher\" content=\"https:\/\/www.facebook.com\/displam\/\" \/>\n<meta property=\"article:modified_time\" content=\"2023-09-06T13:48:36+00:00\" \/>\n<meta property=\"og:image\" content=\"https:\/\/plamdistributions.com\/wp-content\/uploads\/2022\/01\/BACTOL.jpg\" \/>\n\t<meta property=\"og:image:width\" content=\"700\" \/>\n\t<meta property=\"og:image:height\" content=\"700\" \/>\n\t<meta property=\"og:image:type\" content=\"image\/jpeg\" \/>\n<meta name=\"twitter:card\" content=\"summary_large_image\" \/>\n<meta name=\"twitter:site\" content=\"@Displam\" \/>\n<meta name=\"twitter:label1\" content=\"Tiempo de lectura\" \/>\n\t<meta name=\"twitter:data1\" content=\"1 minuto\" \/>\n<script type=\"application\/ld+json\" class=\"yoast-schema-graph\">{\"@context\":\"https:\\\/\\\/schema.org\",\"@graph\":[{\"@type\":\"WebPage\",\"@id\":\"https:\\\/\\\/plamdistributions.com\\\/es\\\/produit\\\/bactol-desinfectant-assainisseur-pour-lave-vaisselle-4l\\\/\",\"url\":\"https:\\\/\\\/plamdistributions.com\\\/es\\\/produit\\\/bactol-desinfectant-assainisseur-pour-lave-vaisselle-4l\\\/\",\"name\":\"D\u00c9SINFECTANT ASSAINISSEUR POUR LAVE-VAISSELLE 4LTS | Distributions Pla-M\",\"isPartOf\":{\"@id\":\"https:\\\/\\\/plamdistributions.com\\\/#website\"},\"primaryImageOfPage\":{\"@id\":\"https:\\\/\\\/plamdistributions.com\\\/es\\\/produit\\\/bactol-desinfectant-assainisseur-pour-lave-vaisselle-4l\\\/#primaryimage\"},\"image\":{\"@id\":\"https:\\\/\\\/plamdistributions.com\\\/es\\\/produit\\\/bactol-desinfectant-assainisseur-pour-lave-vaisselle-4l\\\/#primaryimage\"},\"thumbnailUrl\":\"https:\\\/\\\/plamdistributions.com\\\/wp-content\\\/uploads\\\/2022\\\/01\\\/BACTOL.jpg\",\"datePublished\":\"2022-01-25T19:41:49+00:00\",\"dateModified\":\"2023-09-06T13:48:36+00:00\",\"breadcrumb\":{\"@id\":\"https:\\\/\\\/plamdistributions.com\\\/es\\\/produit\\\/bactol-desinfectant-assainisseur-pour-lave-vaisselle-4l\\\/#breadcrumb\"},\"inLanguage\":\"es\",\"potentialAction\":[{\"@type\":\"ReadAction\",\"target\":[\"https:\\\/\\\/plamdistributions.com\\\/es\\\/produit\\\/bactol-desinfectant-assainisseur-pour-lave-vaisselle-4l\\\/\"]}]},{\"@type\":\"ImageObject\",\"inLanguage\":\"es\",\"@id\":\"https:\\\/\\\/plamdistributions.com\\\/es\\\/produit\\\/bactol-desinfectant-assainisseur-pour-lave-vaisselle-4l\\\/#primaryimage\",\"url\":\"https:\\\/\\\/plamdistributions.com\\\/wp-content\\\/uploads\\\/2022\\\/01\\\/BACTOL.jpg\",\"contentUrl\":\"https:\\\/\\\/plamdistributions.com\\\/wp-content\\\/uploads\\\/2022\\\/01\\\/BACTOL.jpg\",\"width\":700,\"height\":700,\"caption\":\"BACTOL D\u00e9sinfectant assainisseur pour lave-vaisselle 4L\"},{\"@type\":\"BreadcrumbList\",\"@id\":\"https:\\\/\\\/plamdistributions.com\\\/es\\\/produit\\\/bactol-desinfectant-assainisseur-pour-lave-vaisselle-4l\\\/#breadcrumb\",\"itemListElement\":[{\"@type\":\"ListItem\",\"position\":1,\"name\":\"Accueil\",\"item\":\"https:\\\/\\\/plamdistributions.com\\\/es\\\/\"},{\"@type\":\"ListItem\",\"position\":2,\"name\":\"Tienda\",\"item\":\"https:\\\/\\\/plamdistributions.com\\\/es\\\/tienda\\\/\"},{\"@type\":\"ListItem\",\"position\":3,\"name\":\"D\u00c9SINFECTANT ASSAINISSEUR POUR LAVE-VAISSELLE 4LTS\"}]},{\"@type\":\"WebSite\",\"@id\":\"https:\\\/\\\/plamdistributions.com\\\/#website\",\"url\":\"https:\\\/\\\/plamdistributions.com\\\/\",\"name\":\"Distributions Pla-M Inc.\",\"description\":\"Venta de productos y equipos sanitarios\",\"publisher\":{\"@id\":\"https:\\\/\\\/plamdistributions.com\\\/#organization\"},\"potentialAction\":[{\"@type\":\"SearchAction\",\"target\":{\"@type\":\"EntryPoint\",\"urlTemplate\":\"https:\\\/\\\/plamdistributions.com\\\/?s={search_term_string}\"},\"query-input\":{\"@type\":\"PropertyValueSpecification\",\"valueRequired\":true,\"valueName\":\"search_term_string\"}}],\"inLanguage\":\"es\"},{\"@type\":\"Organization\",\"@id\":\"https:\\\/\\\/plamdistributions.com\\\/#organization\",\"name\":\"Distributions Pla-M\",\"url\":\"https:\\\/\\\/plamdistributions.com\\\/\",\"logo\":{\"@type\":\"ImageObject\",\"inLanguage\":\"es\",\"@id\":\"https:\\\/\\\/plamdistributions.com\\\/#\\\/schema\\\/logo\\\/image\\\/\",\"url\":\"https:\\\/\\\/plamdistributions.com\\\/wp-content\\\/uploads\\\/2021\\\/05\\\/PLAM-SANS.png\",\"contentUrl\":\"https:\\\/\\\/plamdistributions.com\\\/wp-content\\\/uploads\\\/2021\\\/05\\\/PLAM-SANS.png\",\"width\":289,\"height\":224,\"caption\":\"Distributions Pla-M\"},\"image\":{\"@id\":\"https:\\\/\\\/plamdistributions.com\\\/#\\\/schema\\\/logo\\\/image\\\/\"},\"sameAs\":[\"https:\\\/\\\/www.facebook.com\\\/displam\\\/\",\"https:\\\/\\\/x.com\\\/Displam\",\"https:\\\/\\\/www.youtube.com\\\/channel\\\/UCHmm3HCGnpGuaQ984quISDg\"]}]}<\/script>\n<!-- \/ Yoast SEO plugin. -->","yoast_head_json":{"title":"D\u00c9SINFECTANT ASSAINISSEUR POUR LAVE-VAISSELLE 4LTS | Distributions Pla-M","robots":{"index":"index","follow":"follow","max-snippet":"max-snippet:-1","max-image-preview":"max-image-preview:large","max-video-preview":"max-video-preview:-1"},"canonical":"https:\/\/plamdistributions.com\/es\/produit\/bactol-desinfectant-assainisseur-pour-lave-vaisselle-4l\/","og_locale":"es_ES","og_type":"article","og_title":"D\u00c9SINFECTANT ASSAINISSEUR POUR LAVE-VAISSELLE 4LTS | Distributions Pla-M","og_description":"Code: BACTOL BACTOL D\u00e9sinfectant et assainisseur a \u00e9t\u00e9 con\u00e7u pour \u00eatre utilis\u00e9 dans les endroits o\u00f9 la d\u00e9sinfection, l\u2019assainissement et","og_url":"https:\/\/plamdistributions.com\/es\/produit\/bactol-desinfectant-assainisseur-pour-lave-vaisselle-4l\/","og_site_name":"Distributions Pla-M","article_publisher":"https:\/\/www.facebook.com\/displam\/","article_modified_time":"2023-09-06T13:48:36+00:00","og_image":[{"width":700,"height":700,"url":"https:\/\/plamdistributions.com\/wp-content\/uploads\/2022\/01\/BACTOL.jpg","type":"image\/jpeg"}],"twitter_card":"summary_large_image","twitter_site":"@Displam","twitter_misc":{"Tiempo de lectura":"1 minuto"},"schema":{"@context":"https:\/\/schema.org","@graph":[{"@type":"WebPage","@id":"https:\/\/plamdistributions.com\/es\/produit\/bactol-desinfectant-assainisseur-pour-lave-vaisselle-4l\/","url":"https:\/\/plamdistributions.com\/es\/produit\/bactol-desinfectant-assainisseur-pour-lave-vaisselle-4l\/","name":"D\u00c9SINFECTANT ASSAINISSEUR POUR LAVE-VAISSELLE 4LTS | Distributions Pla-M","isPartOf":{"@id":"https:\/\/plamdistributions.com\/#website"},"primaryImageOfPage":{"@id":"https:\/\/plamdistributions.com\/es\/produit\/bactol-desinfectant-assainisseur-pour-lave-vaisselle-4l\/#primaryimage"},"image":{"@id":"https:\/\/plamdistributions.com\/es\/produit\/bactol-desinfectant-assainisseur-pour-lave-vaisselle-4l\/#primaryimage"},"thumbnailUrl":"https:\/\/plamdistributions.com\/wp-content\/uploads\/2022\/01\/BACTOL.jpg","datePublished":"2022-01-25T19:41:49+00:00","dateModified":"2023-09-06T13:48:36+00:00","breadcrumb":{"@id":"https:\/\/plamdistributions.com\/es\/produit\/bactol-desinfectant-assainisseur-pour-lave-vaisselle-4l\/#breadcrumb"},"inLanguage":"es","potentialAction":[{"@type":"ReadAction","target":["https:\/\/plamdistributions.com\/es\/produit\/bactol-desinfectant-assainisseur-pour-lave-vaisselle-4l\/"]}]},{"@type":"ImageObject","inLanguage":"es","@id":"https:\/\/plamdistributions.com\/es\/produit\/bactol-desinfectant-assainisseur-pour-lave-vaisselle-4l\/#primaryimage","url":"https:\/\/plamdistributions.com\/wp-content\/uploads\/2022\/01\/BACTOL.jpg","contentUrl":"https:\/\/plamdistributions.com\/wp-content\/uploads\/2022\/01\/BACTOL.jpg","width":700,"height":700,"caption":"BACTOL D\u00e9sinfectant assainisseur pour lave-vaisselle 4L"},{"@type":"BreadcrumbList","@id":"https:\/\/plamdistributions.com\/es\/produit\/bactol-desinfectant-assainisseur-pour-lave-vaisselle-4l\/#breadcrumb","itemListElement":[{"@type":"ListItem","position":1,"name":"Accueil","item":"https:\/\/plamdistributions.com\/es\/"},{"@type":"ListItem","position":2,"name":"Tienda","item":"https:\/\/plamdistributions.com\/es\/tienda\/"},{"@type":"ListItem","position":3,"name":"D\u00c9SINFECTANT ASSAINISSEUR POUR LAVE-VAISSELLE 4LTS"}]},{"@type":"WebSite","@id":"https:\/\/plamdistributions.com\/#website","url":"https:\/\/plamdistributions.com\/","name":"Distributions Pla-M Inc.","description":"Venta de productos y equipos sanitarios","publisher":{"@id":"https:\/\/plamdistributions.com\/#organization"},"potentialAction":[{"@type":"SearchAction","target":{"@type":"EntryPoint","urlTemplate":"https:\/\/plamdistributions.com\/?s={search_term_string}"},"query-input":{"@type":"PropertyValueSpecification","valueRequired":true,"valueName":"search_term_string"}}],"inLanguage":"es"},{"@type":"Organization","@id":"https:\/\/plamdistributions.com\/#organization","name":"Distributions Pla-M","url":"https:\/\/plamdistributions.com\/","logo":{"@type":"ImageObject","inLanguage":"es","@id":"https:\/\/plamdistributions.com\/#\/schema\/logo\/image\/","url":"https:\/\/plamdistributions.com\/wp-content\/uploads\/2021\/05\/PLAM-SANS.png","contentUrl":"https:\/\/plamdistributions.com\/wp-content\/uploads\/2021\/05\/PLAM-SANS.png","width":289,"height":224,"caption":"Distributions Pla-M"},"image":{"@id":"https:\/\/plamdistributions.com\/#\/schema\/logo\/image\/"},"sameAs":["https:\/\/www.facebook.com\/displam\/","https:\/\/x.com\/Displam","https:\/\/www.youtube.com\/channel\/UCHmm3HCGnpGuaQ984quISDg"]}]}},"_links":{"self":[{"href":"https:\/\/plamdistributions.com\/es\/wp-json\/wp\/v2\/product\/31297","targetHints":{"allow":["GET"]}}],"collection":[{"href":"https:\/\/plamdistributions.com\/es\/wp-json\/wp\/v2\/product"}],"about":[{"href":"https:\/\/plamdistributions.com\/es\/wp-json\/wp\/v2\/types\/product"}],"replies":[{"embeddable":true,"href":"https:\/\/plamdistributions.com\/es\/wp-json\/wp\/v2\/comments?post=31297"}],"wp:featuredmedia":[{"embeddable":true,"href":"https:\/\/plamdistributions.com\/es\/wp-json\/wp\/v2\/media\/31300"}],"wp:attachment":[{"href":"https:\/\/plamdistributions.com\/es\/wp-json\/wp\/v2\/media?parent=31297"}],"wp:term":[{"taxonomy":"product_brand","embeddable":true,"href":"https:\/\/plamdistributions.com\/es\/wp-json\/wp\/v2\/product_brand?post=31297"},{"taxonomy":"product_cat","embeddable":true,"href":"https:\/\/plamdistributions.com\/es\/wp-json\/wp\/v2\/product_cat?post=31297"},{"taxonomy":"product_tag","embeddable":true,"href":"https:\/\/plamdistributions.com\/es\/wp-json\/wp\/v2\/product_tag?post=31297"}],"curies":[{"name":"wp","href":"https:\/\/api.w.org\/{rel}","templated":true}]}}