{"id":31311,"date":"2022-01-26T10:45:01","date_gmt":"2022-01-26T14:45:01","guid":{"rendered":"https:\/\/plamdistributions.com\/?post_type=product&#038;p=31311"},"modified":"2024-02-15T07:41:54","modified_gmt":"2024-02-15T11:41:54","slug":"creme-recurante-bionature-122-aux-agrumes-12-x-1l","status":"publish","type":"product","link":"https:\/\/plamdistributions.com\/es\/produit\/creme-recurante-bionature-122-aux-agrumes-12-x-1l\/","title":{"rendered":"CR\u00c8ME R\u00c9CURANTE BIONATURE AUX AGRUMES12X1L"},"content":{"rendered":"<h4>Code: BIO-122<\/h4>\n<h4 class=\"sous-titre\"><span class=\"badge bg-pomme\">\u2713 \u00c9limine taches tenaces\u00a0 \u2713 Doux pour toutes surfaces<\/span><\/h4>\n<p class=\"text-justify\">Con\u00e7u pour un nettoyage en profondeur pour la cuisine et la salle de bain. Il d\u00e9loge la salet\u00e9, la graisse, les r\u00e9sidus de savon et les t\u00e2ches tenaces sur toutes surfaces lavables (\u00e9viers, cuves, bains, douches, chrome, cuivre, laiton, acier inoxydable, porcelaine, \u00e9mail, tuile et c\u00e9ramique). La Cr\u00e8me r\u00e9curante adh\u00e8re \u00e0 la surface pour un nettoyage longue dur\u00e9 et un polissage accru sans danger pour la tuyauterie et les drains.<\/p>\n<h4 class=\"sous-titre\"><span class=\"badge bg-pomme\">\u2713\u00a0<\/span>Fabricant: Unica Canada<\/h4>\n","protected":false},"excerpt":{"rendered":"<p>Code: BIO-122 \u2713 \u00c9limine taches tenaces\u00a0 \u2713 Doux pour toutes surfaces Con\u00e7u pour un nettoyage en profondeur pour la cuisine<\/p>\n","protected":false},"featured_media":31312,"comment_status":"closed","ping_status":"closed","template":"","meta":[],"product_brand":[],"product_cat":[62,249],"product_tag":[],"class_list":{"0":"post-31311","1":"product","2":"type-product","3":"status-publish","4":"has-post-thumbnail","6":"product_cat-produits-dentretien-menager","7":"product_cat-salles-de-bain","8":"product_shipping_class-standard","10":"first","11":"onbackorder","12":"taxable","13":"shipping-taxable","14":"purchasable","15":"product-type-simple"},"yoast_head":"<!-- This site is optimized with the Yoast SEO plugin v27.4 - https:\/\/yoast.com\/product\/yoast-seo-wordpress\/ -->\n<title>CR\u00c8ME R\u00c9CURANTE BIONATURE AUX AGRUMES12X1L | Distributions Pla-M<\/title>\n<meta name=\"robots\" content=\"index, follow, max-snippet:-1, max-image-preview:large, max-video-preview:-1\" \/>\n<link rel=\"canonical\" href=\"https:\/\/plamdistributions.com\/es\/produit\/creme-recurante-bionature-122-aux-agrumes-12-x-1l\/\" \/>\n<meta property=\"og:locale\" content=\"es_ES\" \/>\n<meta property=\"og:type\" content=\"article\" \/>\n<meta property=\"og:title\" content=\"CR\u00c8ME R\u00c9CURANTE BIONATURE AUX AGRUMES12X1L | Distributions Pla-M\" \/>\n<meta property=\"og:description\" content=\"Code: BIO-122 \u2713 \u00c9limine taches tenaces\u00a0 \u2713 Doux pour toutes surfaces Con\u00e7u pour un nettoyage en profondeur pour la cuisine\" \/>\n<meta property=\"og:url\" content=\"https:\/\/plamdistributions.com\/es\/produit\/creme-recurante-bionature-122-aux-agrumes-12-x-1l\/\" \/>\n<meta property=\"og:site_name\" content=\"Distributions Pla-M\" \/>\n<meta property=\"article:publisher\" content=\"https:\/\/www.facebook.com\/displam\/\" \/>\n<meta property=\"article:modified_time\" content=\"2024-02-15T11:41:54+00:00\" \/>\n<meta property=\"og:image\" content=\"https:\/\/plamdistributions.com\/wp-content\/uploads\/2022\/01\/BIO-122.jpg\" \/>\n\t<meta property=\"og:image:width\" content=\"700\" \/>\n\t<meta property=\"og:image:height\" content=\"700\" \/>\n\t<meta property=\"og:image:type\" content=\"image\/jpeg\" \/>\n<meta name=\"twitter:card\" content=\"summary_large_image\" \/>\n<meta name=\"twitter:site\" content=\"@Displam\" \/>\n<meta name=\"twitter:label1\" content=\"Tiempo de lectura\" \/>\n\t<meta name=\"twitter:data1\" content=\"1 minuto\" \/>\n<script type=\"application\/ld+json\" class=\"yoast-schema-graph\">{\"@context\":\"https:\\\/\\\/schema.org\",\"@graph\":[{\"@type\":\"WebPage\",\"@id\":\"https:\\\/\\\/plamdistributions.com\\\/es\\\/produit\\\/creme-recurante-bionature-122-aux-agrumes-12-x-1l\\\/\",\"url\":\"https:\\\/\\\/plamdistributions.com\\\/es\\\/produit\\\/creme-recurante-bionature-122-aux-agrumes-12-x-1l\\\/\",\"name\":\"CR\u00c8ME R\u00c9CURANTE BIONATURE AUX AGRUMES12X1L | Distributions Pla-M\",\"isPartOf\":{\"@id\":\"https:\\\/\\\/plamdistributions.com\\\/#website\"},\"primaryImageOfPage\":{\"@id\":\"https:\\\/\\\/plamdistributions.com\\\/es\\\/produit\\\/creme-recurante-bionature-122-aux-agrumes-12-x-1l\\\/#primaryimage\"},\"image\":{\"@id\":\"https:\\\/\\\/plamdistributions.com\\\/es\\\/produit\\\/creme-recurante-bionature-122-aux-agrumes-12-x-1l\\\/#primaryimage\"},\"thumbnailUrl\":\"https:\\\/\\\/plamdistributions.com\\\/wp-content\\\/uploads\\\/2022\\\/01\\\/BIO-122.jpg\",\"datePublished\":\"2022-01-26T14:45:01+00:00\",\"dateModified\":\"2024-02-15T11:41:54+00:00\",\"breadcrumb\":{\"@id\":\"https:\\\/\\\/plamdistributions.com\\\/es\\\/produit\\\/creme-recurante-bionature-122-aux-agrumes-12-x-1l\\\/#breadcrumb\"},\"inLanguage\":\"es\",\"potentialAction\":[{\"@type\":\"ReadAction\",\"target\":[\"https:\\\/\\\/plamdistributions.com\\\/es\\\/produit\\\/creme-recurante-bionature-122-aux-agrumes-12-x-1l\\\/\"]}]},{\"@type\":\"ImageObject\",\"inLanguage\":\"es\",\"@id\":\"https:\\\/\\\/plamdistributions.com\\\/es\\\/produit\\\/creme-recurante-bionature-122-aux-agrumes-12-x-1l\\\/#primaryimage\",\"url\":\"https:\\\/\\\/plamdistributions.com\\\/wp-content\\\/uploads\\\/2022\\\/01\\\/BIO-122.jpg\",\"contentUrl\":\"https:\\\/\\\/plamdistributions.com\\\/wp-content\\\/uploads\\\/2022\\\/01\\\/BIO-122.jpg\",\"width\":700,\"height\":700,\"caption\":\"Cr\u00e8me r\u00e9curante Bionature 122 aux agrumes 12 X 1L\"},{\"@type\":\"BreadcrumbList\",\"@id\":\"https:\\\/\\\/plamdistributions.com\\\/es\\\/produit\\\/creme-recurante-bionature-122-aux-agrumes-12-x-1l\\\/#breadcrumb\",\"itemListElement\":[{\"@type\":\"ListItem\",\"position\":1,\"name\":\"Accueil\",\"item\":\"https:\\\/\\\/plamdistributions.com\\\/es\\\/\"},{\"@type\":\"ListItem\",\"position\":2,\"name\":\"Tienda\",\"item\":\"https:\\\/\\\/plamdistributions.com\\\/es\\\/tienda\\\/\"},{\"@type\":\"ListItem\",\"position\":3,\"name\":\"CR\u00c8ME R\u00c9CURANTE BIONATURE AUX AGRUMES12X1L\"}]},{\"@type\":\"WebSite\",\"@id\":\"https:\\\/\\\/plamdistributions.com\\\/#website\",\"url\":\"https:\\\/\\\/plamdistributions.com\\\/\",\"name\":\"Distributions Pla-M Inc.\",\"description\":\"Venta de productos y equipos sanitarios\",\"publisher\":{\"@id\":\"https:\\\/\\\/plamdistributions.com\\\/#organization\"},\"potentialAction\":[{\"@type\":\"SearchAction\",\"target\":{\"@type\":\"EntryPoint\",\"urlTemplate\":\"https:\\\/\\\/plamdistributions.com\\\/?s={search_term_string}\"},\"query-input\":{\"@type\":\"PropertyValueSpecification\",\"valueRequired\":true,\"valueName\":\"search_term_string\"}}],\"inLanguage\":\"es\"},{\"@type\":\"Organization\",\"@id\":\"https:\\\/\\\/plamdistributions.com\\\/#organization\",\"name\":\"Distributions Pla-M\",\"url\":\"https:\\\/\\\/plamdistributions.com\\\/\",\"logo\":{\"@type\":\"ImageObject\",\"inLanguage\":\"es\",\"@id\":\"https:\\\/\\\/plamdistributions.com\\\/#\\\/schema\\\/logo\\\/image\\\/\",\"url\":\"https:\\\/\\\/plamdistributions.com\\\/wp-content\\\/uploads\\\/2021\\\/05\\\/PLAM-SANS.png\",\"contentUrl\":\"https:\\\/\\\/plamdistributions.com\\\/wp-content\\\/uploads\\\/2021\\\/05\\\/PLAM-SANS.png\",\"width\":289,\"height\":224,\"caption\":\"Distributions Pla-M\"},\"image\":{\"@id\":\"https:\\\/\\\/plamdistributions.com\\\/#\\\/schema\\\/logo\\\/image\\\/\"},\"sameAs\":[\"https:\\\/\\\/www.facebook.com\\\/displam\\\/\",\"https:\\\/\\\/x.com\\\/Displam\",\"https:\\\/\\\/www.youtube.com\\\/channel\\\/UCHmm3HCGnpGuaQ984quISDg\"]}]}<\/script>\n<!-- \/ Yoast SEO plugin. -->","yoast_head_json":{"title":"CR\u00c8ME R\u00c9CURANTE BIONATURE AUX AGRUMES12X1L | Distributions Pla-M","robots":{"index":"index","follow":"follow","max-snippet":"max-snippet:-1","max-image-preview":"max-image-preview:large","max-video-preview":"max-video-preview:-1"},"canonical":"https:\/\/plamdistributions.com\/es\/produit\/creme-recurante-bionature-122-aux-agrumes-12-x-1l\/","og_locale":"es_ES","og_type":"article","og_title":"CR\u00c8ME R\u00c9CURANTE BIONATURE AUX AGRUMES12X1L | Distributions Pla-M","og_description":"Code: BIO-122 \u2713 \u00c9limine taches tenaces\u00a0 \u2713 Doux pour toutes surfaces Con\u00e7u pour un nettoyage en profondeur pour la cuisine","og_url":"https:\/\/plamdistributions.com\/es\/produit\/creme-recurante-bionature-122-aux-agrumes-12-x-1l\/","og_site_name":"Distributions Pla-M","article_publisher":"https:\/\/www.facebook.com\/displam\/","article_modified_time":"2024-02-15T11:41:54+00:00","og_image":[{"width":700,"height":700,"url":"https:\/\/plamdistributions.com\/wp-content\/uploads\/2022\/01\/BIO-122.jpg","type":"image\/jpeg"}],"twitter_card":"summary_large_image","twitter_site":"@Displam","twitter_misc":{"Tiempo de lectura":"1 minuto"},"schema":{"@context":"https:\/\/schema.org","@graph":[{"@type":"WebPage","@id":"https:\/\/plamdistributions.com\/es\/produit\/creme-recurante-bionature-122-aux-agrumes-12-x-1l\/","url":"https:\/\/plamdistributions.com\/es\/produit\/creme-recurante-bionature-122-aux-agrumes-12-x-1l\/","name":"CR\u00c8ME R\u00c9CURANTE BIONATURE AUX AGRUMES12X1L | Distributions Pla-M","isPartOf":{"@id":"https:\/\/plamdistributions.com\/#website"},"primaryImageOfPage":{"@id":"https:\/\/plamdistributions.com\/es\/produit\/creme-recurante-bionature-122-aux-agrumes-12-x-1l\/#primaryimage"},"image":{"@id":"https:\/\/plamdistributions.com\/es\/produit\/creme-recurante-bionature-122-aux-agrumes-12-x-1l\/#primaryimage"},"thumbnailUrl":"https:\/\/plamdistributions.com\/wp-content\/uploads\/2022\/01\/BIO-122.jpg","datePublished":"2022-01-26T14:45:01+00:00","dateModified":"2024-02-15T11:41:54+00:00","breadcrumb":{"@id":"https:\/\/plamdistributions.com\/es\/produit\/creme-recurante-bionature-122-aux-agrumes-12-x-1l\/#breadcrumb"},"inLanguage":"es","potentialAction":[{"@type":"ReadAction","target":["https:\/\/plamdistributions.com\/es\/produit\/creme-recurante-bionature-122-aux-agrumes-12-x-1l\/"]}]},{"@type":"ImageObject","inLanguage":"es","@id":"https:\/\/plamdistributions.com\/es\/produit\/creme-recurante-bionature-122-aux-agrumes-12-x-1l\/#primaryimage","url":"https:\/\/plamdistributions.com\/wp-content\/uploads\/2022\/01\/BIO-122.jpg","contentUrl":"https:\/\/plamdistributions.com\/wp-content\/uploads\/2022\/01\/BIO-122.jpg","width":700,"height":700,"caption":"Cr\u00e8me r\u00e9curante Bionature 122 aux agrumes 12 X 1L"},{"@type":"BreadcrumbList","@id":"https:\/\/plamdistributions.com\/es\/produit\/creme-recurante-bionature-122-aux-agrumes-12-x-1l\/#breadcrumb","itemListElement":[{"@type":"ListItem","position":1,"name":"Accueil","item":"https:\/\/plamdistributions.com\/es\/"},{"@type":"ListItem","position":2,"name":"Tienda","item":"https:\/\/plamdistributions.com\/es\/tienda\/"},{"@type":"ListItem","position":3,"name":"CR\u00c8ME R\u00c9CURANTE BIONATURE AUX AGRUMES12X1L"}]},{"@type":"WebSite","@id":"https:\/\/plamdistributions.com\/#website","url":"https:\/\/plamdistributions.com\/","name":"Distributions Pla-M Inc.","description":"Venta de productos y equipos sanitarios","publisher":{"@id":"https:\/\/plamdistributions.com\/#organization"},"potentialAction":[{"@type":"SearchAction","target":{"@type":"EntryPoint","urlTemplate":"https:\/\/plamdistributions.com\/?s={search_term_string}"},"query-input":{"@type":"PropertyValueSpecification","valueRequired":true,"valueName":"search_term_string"}}],"inLanguage":"es"},{"@type":"Organization","@id":"https:\/\/plamdistributions.com\/#organization","name":"Distributions Pla-M","url":"https:\/\/plamdistributions.com\/","logo":{"@type":"ImageObject","inLanguage":"es","@id":"https:\/\/plamdistributions.com\/#\/schema\/logo\/image\/","url":"https:\/\/plamdistributions.com\/wp-content\/uploads\/2021\/05\/PLAM-SANS.png","contentUrl":"https:\/\/plamdistributions.com\/wp-content\/uploads\/2021\/05\/PLAM-SANS.png","width":289,"height":224,"caption":"Distributions Pla-M"},"image":{"@id":"https:\/\/plamdistributions.com\/#\/schema\/logo\/image\/"},"sameAs":["https:\/\/www.facebook.com\/displam\/","https:\/\/x.com\/Displam","https:\/\/www.youtube.com\/channel\/UCHmm3HCGnpGuaQ984quISDg"]}]}},"_links":{"self":[{"href":"https:\/\/plamdistributions.com\/es\/wp-json\/wp\/v2\/product\/31311","targetHints":{"allow":["GET"]}}],"collection":[{"href":"https:\/\/plamdistributions.com\/es\/wp-json\/wp\/v2\/product"}],"about":[{"href":"https:\/\/plamdistributions.com\/es\/wp-json\/wp\/v2\/types\/product"}],"replies":[{"embeddable":true,"href":"https:\/\/plamdistributions.com\/es\/wp-json\/wp\/v2\/comments?post=31311"}],"wp:featuredmedia":[{"embeddable":true,"href":"https:\/\/plamdistributions.com\/es\/wp-json\/wp\/v2\/media\/31312"}],"wp:attachment":[{"href":"https:\/\/plamdistributions.com\/es\/wp-json\/wp\/v2\/media?parent=31311"}],"wp:term":[{"taxonomy":"product_brand","embeddable":true,"href":"https:\/\/plamdistributions.com\/es\/wp-json\/wp\/v2\/product_brand?post=31311"},{"taxonomy":"product_cat","embeddable":true,"href":"https:\/\/plamdistributions.com\/es\/wp-json\/wp\/v2\/product_cat?post=31311"},{"taxonomy":"product_tag","embeddable":true,"href":"https:\/\/plamdistributions.com\/es\/wp-json\/wp\/v2\/product_tag?post=31311"}],"curies":[{"name":"wp","href":"https:\/\/api.w.org\/{rel}","templated":true}]}}