{"id":32014,"date":"2022-02-03T11:28:09","date_gmt":"2022-02-03T15:28:09","guid":{"rendered":"https:\/\/plamdistributions.com\/?post_type=product&#038;p=32014"},"modified":"2023-01-31T01:23:59","modified_gmt":"2023-01-31T05:23:59","slug":"contenant-alimentaire-avec-couvercle-clair-23-5-x-11-5-x-16-88","status":"publish","type":"product","link":"https:\/\/plamdistributions.com\/es\/produit\/contenant-alimentaire-avec-couvercle-clair-23-5-x-11-5-x-16-88\/","title":{"rendered":"CONTENANT ALIMENTAIRE AVC COUVERCLE CLAIR 23.5 X11.5 X16.88"},"content":{"rendered":"<p><strong>Code: CA-RU9G5700W<\/strong><\/p>\n<ul class=\"a-unordered-list a-vertical a-spacing-mini\">\n<li><span class=\"a-list-item\">La poubelle \u00e0 ingr\u00e9dients est un r\u00e9cipient rectangulaire en polycarbonate qui est livr\u00e9 avec une cuill\u00e8re \u00e0 mesurer \u00e0 deux tasses;<\/span><\/li>\n<li><span class=\"a-list-item\">Le couvercle transparent du r\u00e9cipient permet d&#8217;identifier le contenu d&#8217;un coup d&#8217;\u0153il, peut \u00eatre ouvert d&#8217;une seule main et se verrouille \u00e0 la poubelle pour garder le contenu s\u00e9curis\u00e9;<\/span><\/li>\n<li><strong>Dimensions:<\/strong>\u00a0 59.7 x 29.3 x 42.7 cm.<\/li>\n<\/ul>\n<p><strong>\u2713 Fabricant: Rubbermaid<\/strong><\/p>\n","protected":false},"excerpt":{"rendered":"<p>Code: CA-RU9G5700W La poubelle \u00e0 ingr\u00e9dients est un r\u00e9cipient rectangulaire en polycarbonate qui est livr\u00e9 avec une cuill\u00e8re \u00e0 mesurer<\/p>\n","protected":false},"featured_media":32016,"comment_status":"closed","ping_status":"closed","template":"","meta":[],"product_brand":[],"product_cat":[143,208],"product_tag":[],"class_list":{"0":"post-32014","1":"product","2":"type-product","3":"status-publish","4":"has-post-thumbnail","6":"product_cat-accessoires","7":"product_cat-autres-accessoires","8":"product_shipping_class-standard","10":"first","11":"onbackorder","12":"taxable","13":"shipping-taxable","14":"purchasable","15":"product-type-simple"},"yoast_head":"<!-- This site is optimized with the Yoast SEO plugin v27.4 - https:\/\/yoast.com\/product\/yoast-seo-wordpress\/ -->\n<title>CONTENANT ALIMENTAIRE AVC COUVERCLE CLAIR 23.5 X11.5 X16.88 | Distributions Pla-M<\/title>\n<meta name=\"robots\" content=\"index, follow, max-snippet:-1, max-image-preview:large, max-video-preview:-1\" \/>\n<link rel=\"canonical\" href=\"https:\/\/plamdistributions.com\/produit\/contenant-alimentaire-avec-couvercle-clair-23-5-x-11-5-x-16-88\/\" \/>\n<meta property=\"og:locale\" content=\"es_ES\" \/>\n<meta property=\"og:type\" content=\"article\" \/>\n<meta property=\"og:title\" content=\"CONTENANT ALIMENTAIRE AVC COUVERCLE CLAIR 23.5 X11.5 X16.88 | Distributions Pla-M\" \/>\n<meta property=\"og:description\" content=\"Code: CA-RU9G5700W La poubelle \u00e0 ingr\u00e9dients est un r\u00e9cipient rectangulaire en polycarbonate qui est livr\u00e9 avec une cuill\u00e8re \u00e0 mesurer\" \/>\n<meta property=\"og:url\" content=\"https:\/\/plamdistributions.com\/produit\/contenant-alimentaire-avec-couvercle-clair-23-5-x-11-5-x-16-88\/\" \/>\n<meta property=\"og:site_name\" content=\"Distributions Pla-M\" \/>\n<meta property=\"article:publisher\" content=\"https:\/\/www.facebook.com\/displam\/\" \/>\n<meta property=\"article:modified_time\" content=\"2023-01-31T05:23:59+00:00\" \/>\n<meta property=\"og:image\" content=\"https:\/\/plamdistributions.com\/wp-content\/uploads\/2022\/02\/CA-RU9G5700W.jpg\" \/>\n\t<meta property=\"og:image:width\" content=\"1000\" \/>\n\t<meta property=\"og:image:height\" content=\"1000\" \/>\n\t<meta property=\"og:image:type\" content=\"image\/jpeg\" \/>\n<meta name=\"twitter:card\" content=\"summary_large_image\" \/>\n<meta name=\"twitter:site\" content=\"@Displam\" \/>\n<meta name=\"twitter:label1\" content=\"Tiempo de lectura\" \/>\n\t<meta name=\"twitter:data1\" content=\"1 minuto\" \/>\n<script type=\"application\/ld+json\" class=\"yoast-schema-graph\">{\"@context\":\"https:\\\/\\\/schema.org\",\"@graph\":[{\"@type\":\"WebPage\",\"@id\":\"https:\\\/\\\/plamdistributions.com\\\/produit\\\/contenant-alimentaire-avec-couvercle-clair-23-5-x-11-5-x-16-88\\\/\",\"url\":\"https:\\\/\\\/plamdistributions.com\\\/produit\\\/contenant-alimentaire-avec-couvercle-clair-23-5-x-11-5-x-16-88\\\/\",\"name\":\"CONTENANT ALIMENTAIRE AVC COUVERCLE CLAIR 23.5 X11.5 X16.88 | Distributions Pla-M\",\"isPartOf\":{\"@id\":\"https:\\\/\\\/plamdistributions.com\\\/#website\"},\"primaryImageOfPage\":{\"@id\":\"https:\\\/\\\/plamdistributions.com\\\/produit\\\/contenant-alimentaire-avec-couvercle-clair-23-5-x-11-5-x-16-88\\\/#primaryimage\"},\"image\":{\"@id\":\"https:\\\/\\\/plamdistributions.com\\\/produit\\\/contenant-alimentaire-avec-couvercle-clair-23-5-x-11-5-x-16-88\\\/#primaryimage\"},\"thumbnailUrl\":\"https:\\\/\\\/plamdistributions.com\\\/wp-content\\\/uploads\\\/2022\\\/02\\\/CA-RU9G5700W.jpg\",\"datePublished\":\"2022-02-03T15:28:09+00:00\",\"dateModified\":\"2023-01-31T05:23:59+00:00\",\"breadcrumb\":{\"@id\":\"https:\\\/\\\/plamdistributions.com\\\/produit\\\/contenant-alimentaire-avec-couvercle-clair-23-5-x-11-5-x-16-88\\\/#breadcrumb\"},\"inLanguage\":\"es\",\"potentialAction\":[{\"@type\":\"ReadAction\",\"target\":[\"https:\\\/\\\/plamdistributions.com\\\/produit\\\/contenant-alimentaire-avec-couvercle-clair-23-5-x-11-5-x-16-88\\\/\"]}]},{\"@type\":\"ImageObject\",\"inLanguage\":\"es\",\"@id\":\"https:\\\/\\\/plamdistributions.com\\\/produit\\\/contenant-alimentaire-avec-couvercle-clair-23-5-x-11-5-x-16-88\\\/#primaryimage\",\"url\":\"https:\\\/\\\/plamdistributions.com\\\/wp-content\\\/uploads\\\/2022\\\/02\\\/CA-RU9G5700W.jpg\",\"contentUrl\":\"https:\\\/\\\/plamdistributions.com\\\/wp-content\\\/uploads\\\/2022\\\/02\\\/CA-RU9G5700W.jpg\",\"width\":1000,\"height\":1000,\"caption\":\"Contenant alimentaire avec couvercle clair 23.5 x 11.5 x 16.88 Rubbermaid 9G5700W\"},{\"@type\":\"BreadcrumbList\",\"@id\":\"https:\\\/\\\/plamdistributions.com\\\/produit\\\/contenant-alimentaire-avec-couvercle-clair-23-5-x-11-5-x-16-88\\\/#breadcrumb\",\"itemListElement\":[{\"@type\":\"ListItem\",\"position\":1,\"name\":\"Accueil\",\"item\":\"https:\\\/\\\/plamdistributions.com\\\/es\\\/\"},{\"@type\":\"ListItem\",\"position\":2,\"name\":\"Tienda\",\"item\":\"https:\\\/\\\/plamdistributions.com\\\/es\\\/tienda\\\/\"},{\"@type\":\"ListItem\",\"position\":3,\"name\":\"CONTENANT ALIMENTAIRE AVC COUVERCLE CLAIR 23.5 X11.5 X16.88\"}]},{\"@type\":\"WebSite\",\"@id\":\"https:\\\/\\\/plamdistributions.com\\\/#website\",\"url\":\"https:\\\/\\\/plamdistributions.com\\\/\",\"name\":\"Distributions Pla-M Inc.\",\"description\":\"Venta de productos y equipos sanitarios\",\"publisher\":{\"@id\":\"https:\\\/\\\/plamdistributions.com\\\/#organization\"},\"potentialAction\":[{\"@type\":\"SearchAction\",\"target\":{\"@type\":\"EntryPoint\",\"urlTemplate\":\"https:\\\/\\\/plamdistributions.com\\\/?s={search_term_string}\"},\"query-input\":{\"@type\":\"PropertyValueSpecification\",\"valueRequired\":true,\"valueName\":\"search_term_string\"}}],\"inLanguage\":\"es\"},{\"@type\":\"Organization\",\"@id\":\"https:\\\/\\\/plamdistributions.com\\\/#organization\",\"name\":\"Distributions Pla-M\",\"url\":\"https:\\\/\\\/plamdistributions.com\\\/\",\"logo\":{\"@type\":\"ImageObject\",\"inLanguage\":\"es\",\"@id\":\"https:\\\/\\\/plamdistributions.com\\\/#\\\/schema\\\/logo\\\/image\\\/\",\"url\":\"https:\\\/\\\/plamdistributions.com\\\/wp-content\\\/uploads\\\/2021\\\/05\\\/PLAM-SANS.png\",\"contentUrl\":\"https:\\\/\\\/plamdistributions.com\\\/wp-content\\\/uploads\\\/2021\\\/05\\\/PLAM-SANS.png\",\"width\":289,\"height\":224,\"caption\":\"Distributions Pla-M\"},\"image\":{\"@id\":\"https:\\\/\\\/plamdistributions.com\\\/#\\\/schema\\\/logo\\\/image\\\/\"},\"sameAs\":[\"https:\\\/\\\/www.facebook.com\\\/displam\\\/\",\"https:\\\/\\\/x.com\\\/Displam\",\"https:\\\/\\\/www.youtube.com\\\/channel\\\/UCHmm3HCGnpGuaQ984quISDg\"]}]}<\/script>\n<!-- \/ Yoast SEO plugin. -->","yoast_head_json":{"title":"CONTENANT ALIMENTAIRE AVC COUVERCLE CLAIR 23.5 X11.5 X16.88 | Distributions Pla-M","robots":{"index":"index","follow":"follow","max-snippet":"max-snippet:-1","max-image-preview":"max-image-preview:large","max-video-preview":"max-video-preview:-1"},"canonical":"https:\/\/plamdistributions.com\/produit\/contenant-alimentaire-avec-couvercle-clair-23-5-x-11-5-x-16-88\/","og_locale":"es_ES","og_type":"article","og_title":"CONTENANT ALIMENTAIRE AVC COUVERCLE CLAIR 23.5 X11.5 X16.88 | Distributions Pla-M","og_description":"Code: CA-RU9G5700W La poubelle \u00e0 ingr\u00e9dients est un r\u00e9cipient rectangulaire en polycarbonate qui est livr\u00e9 avec une cuill\u00e8re \u00e0 mesurer","og_url":"https:\/\/plamdistributions.com\/produit\/contenant-alimentaire-avec-couvercle-clair-23-5-x-11-5-x-16-88\/","og_site_name":"Distributions Pla-M","article_publisher":"https:\/\/www.facebook.com\/displam\/","article_modified_time":"2023-01-31T05:23:59+00:00","og_image":[{"width":1000,"height":1000,"url":"https:\/\/plamdistributions.com\/wp-content\/uploads\/2022\/02\/CA-RU9G5700W.jpg","type":"image\/jpeg"}],"twitter_card":"summary_large_image","twitter_site":"@Displam","twitter_misc":{"Tiempo de lectura":"1 minuto"},"schema":{"@context":"https:\/\/schema.org","@graph":[{"@type":"WebPage","@id":"https:\/\/plamdistributions.com\/produit\/contenant-alimentaire-avec-couvercle-clair-23-5-x-11-5-x-16-88\/","url":"https:\/\/plamdistributions.com\/produit\/contenant-alimentaire-avec-couvercle-clair-23-5-x-11-5-x-16-88\/","name":"CONTENANT ALIMENTAIRE AVC COUVERCLE CLAIR 23.5 X11.5 X16.88 | Distributions Pla-M","isPartOf":{"@id":"https:\/\/plamdistributions.com\/#website"},"primaryImageOfPage":{"@id":"https:\/\/plamdistributions.com\/produit\/contenant-alimentaire-avec-couvercle-clair-23-5-x-11-5-x-16-88\/#primaryimage"},"image":{"@id":"https:\/\/plamdistributions.com\/produit\/contenant-alimentaire-avec-couvercle-clair-23-5-x-11-5-x-16-88\/#primaryimage"},"thumbnailUrl":"https:\/\/plamdistributions.com\/wp-content\/uploads\/2022\/02\/CA-RU9G5700W.jpg","datePublished":"2022-02-03T15:28:09+00:00","dateModified":"2023-01-31T05:23:59+00:00","breadcrumb":{"@id":"https:\/\/plamdistributions.com\/produit\/contenant-alimentaire-avec-couvercle-clair-23-5-x-11-5-x-16-88\/#breadcrumb"},"inLanguage":"es","potentialAction":[{"@type":"ReadAction","target":["https:\/\/plamdistributions.com\/produit\/contenant-alimentaire-avec-couvercle-clair-23-5-x-11-5-x-16-88\/"]}]},{"@type":"ImageObject","inLanguage":"es","@id":"https:\/\/plamdistributions.com\/produit\/contenant-alimentaire-avec-couvercle-clair-23-5-x-11-5-x-16-88\/#primaryimage","url":"https:\/\/plamdistributions.com\/wp-content\/uploads\/2022\/02\/CA-RU9G5700W.jpg","contentUrl":"https:\/\/plamdistributions.com\/wp-content\/uploads\/2022\/02\/CA-RU9G5700W.jpg","width":1000,"height":1000,"caption":"Contenant alimentaire avec couvercle clair 23.5 x 11.5 x 16.88 Rubbermaid 9G5700W"},{"@type":"BreadcrumbList","@id":"https:\/\/plamdistributions.com\/produit\/contenant-alimentaire-avec-couvercle-clair-23-5-x-11-5-x-16-88\/#breadcrumb","itemListElement":[{"@type":"ListItem","position":1,"name":"Accueil","item":"https:\/\/plamdistributions.com\/es\/"},{"@type":"ListItem","position":2,"name":"Tienda","item":"https:\/\/plamdistributions.com\/es\/tienda\/"},{"@type":"ListItem","position":3,"name":"CONTENANT ALIMENTAIRE AVC COUVERCLE CLAIR 23.5 X11.5 X16.88"}]},{"@type":"WebSite","@id":"https:\/\/plamdistributions.com\/#website","url":"https:\/\/plamdistributions.com\/","name":"Distributions Pla-M Inc.","description":"Venta de productos y equipos sanitarios","publisher":{"@id":"https:\/\/plamdistributions.com\/#organization"},"potentialAction":[{"@type":"SearchAction","target":{"@type":"EntryPoint","urlTemplate":"https:\/\/plamdistributions.com\/?s={search_term_string}"},"query-input":{"@type":"PropertyValueSpecification","valueRequired":true,"valueName":"search_term_string"}}],"inLanguage":"es"},{"@type":"Organization","@id":"https:\/\/plamdistributions.com\/#organization","name":"Distributions Pla-M","url":"https:\/\/plamdistributions.com\/","logo":{"@type":"ImageObject","inLanguage":"es","@id":"https:\/\/plamdistributions.com\/#\/schema\/logo\/image\/","url":"https:\/\/plamdistributions.com\/wp-content\/uploads\/2021\/05\/PLAM-SANS.png","contentUrl":"https:\/\/plamdistributions.com\/wp-content\/uploads\/2021\/05\/PLAM-SANS.png","width":289,"height":224,"caption":"Distributions Pla-M"},"image":{"@id":"https:\/\/plamdistributions.com\/#\/schema\/logo\/image\/"},"sameAs":["https:\/\/www.facebook.com\/displam\/","https:\/\/x.com\/Displam","https:\/\/www.youtube.com\/channel\/UCHmm3HCGnpGuaQ984quISDg"]}]}},"_links":{"self":[{"href":"https:\/\/plamdistributions.com\/es\/wp-json\/wp\/v2\/product\/32014","targetHints":{"allow":["GET"]}}],"collection":[{"href":"https:\/\/plamdistributions.com\/es\/wp-json\/wp\/v2\/product"}],"about":[{"href":"https:\/\/plamdistributions.com\/es\/wp-json\/wp\/v2\/types\/product"}],"replies":[{"embeddable":true,"href":"https:\/\/plamdistributions.com\/es\/wp-json\/wp\/v2\/comments?post=32014"}],"wp:featuredmedia":[{"embeddable":true,"href":"https:\/\/plamdistributions.com\/es\/wp-json\/wp\/v2\/media\/32016"}],"wp:attachment":[{"href":"https:\/\/plamdistributions.com\/es\/wp-json\/wp\/v2\/media?parent=32014"}],"wp:term":[{"taxonomy":"product_brand","embeddable":true,"href":"https:\/\/plamdistributions.com\/es\/wp-json\/wp\/v2\/product_brand?post=32014"},{"taxonomy":"product_cat","embeddable":true,"href":"https:\/\/plamdistributions.com\/es\/wp-json\/wp\/v2\/product_cat?post=32014"},{"taxonomy":"product_tag","embeddable":true,"href":"https:\/\/plamdistributions.com\/es\/wp-json\/wp\/v2\/product_tag?post=32014"}],"curies":[{"name":"wp","href":"https:\/\/api.w.org\/{rel}","templated":true}]}}