{"id":32216,"date":"2022-02-07T15:02:13","date_gmt":"2022-02-07T19:02:13","guid":{"rendered":"https:\/\/plamdistributions.com\/?post_type=product&#038;p=32216"},"modified":"2026-01-05T11:47:43","modified_gmt":"2026-01-05T15:47:43","slug":"chiffon-wypall-l20-brun-68fls-ou-176fls","status":"publish","type":"product","link":"https:\/\/plamdistributions.com\/es\/produit\/chiffon-wypall-l20-brun-68fls-ou-176fls\/","title":{"rendered":"Chiffon Wypall L20 brun 68FLS ou 176FLS"},"content":{"rendered":"<p><strong>Code: CF-KC47000 \/ CF-KC58399<\/strong><\/p>\n<ul class=\"a-unordered-list a-vertical a-spacing-mini\">\n<li>Ces lingettes l\u00e9g\u00e8res et de grande qualit\u00e9 ont 2 \u00e9paisseurs, pour plus de solidit\u00e9 et d\u2019absorption, ce qui vous permet de nettoyer de plus gros d\u00e9g\u00e2ts<\/li>\n<li>Les lingettes sont dot\u00e9es d\u2019une surface textur\u00e9e qui augmente la capacit\u00e9 de nettoyage.<\/li>\n<li>Les essuie-mains WypAll L20 \u00e0 usage unique ne contiennent ni liants ni colle<\/li>\n<li><strong>CF-KC47000:\u00a0<\/strong>68 feuilles\/paquet, 12 paquets\/caisse de lingettes \u00e0 usage limit\u00e9 Wypall L20, format \u00e0 quatre plis (beige\/couleur naturelle). Ils mesurent 12,5 po x 12 po.<\/li>\n<li><strong>CF-KC58399:\u00a0<\/strong>176 feuilles\/bo\u00eete, 1 bo\u00eete\/caisse d\u2019essuie-tout \u00e0 usage limit\u00e9 WypAll , naturels (couleur). Les essuie-tout mesurent 12,5 po x 16,8 po.<\/li>\n<\/ul>\n","protected":false},"excerpt":{"rendered":"<p>Code: CF-KC47000 \/ CF-KC58399 Ces lingettes l\u00e9g\u00e8res et de grande qualit\u00e9 ont 2 \u00e9paisseurs, pour plus de solidit\u00e9 et d\u2019absorption,<\/p>\n","protected":false},"featured_media":32218,"comment_status":"closed","ping_status":"closed","template":"","meta":[],"product_brand":[],"product_cat":[143,278,461],"product_tag":[],"class_list":{"0":"post-32216","1":"product","2":"type-product","3":"status-publish","4":"has-post-thumbnail","6":"product_cat-accessoires","7":"product_cat-chiffons-et-lingettes-humides","8":"product_cat-linges-et-guenilles","9":"product_shipping_class-standard","11":"first","12":"instock","13":"taxable","14":"shipping-taxable","15":"purchasable","16":"product-type-variable"},"yoast_head":"<!-- This site is optimized with the Yoast SEO plugin v27.4 - https:\/\/yoast.com\/product\/yoast-seo-wordpress\/ -->\n<title>Chiffon Wypall L20 brun 68FLS ou 176FLS | Distributions Pla-M<\/title>\n<meta name=\"robots\" content=\"index, follow, max-snippet:-1, max-image-preview:large, max-video-preview:-1\" \/>\n<link rel=\"canonical\" href=\"https:\/\/plamdistributions.com\/produit\/chiffon-wypall-l20-brun-68fls-ou-176fls\/\" \/>\n<meta property=\"og:locale\" content=\"es_ES\" \/>\n<meta property=\"og:type\" content=\"article\" \/>\n<meta property=\"og:title\" content=\"Chiffon Wypall L20 brun 68FLS ou 176FLS | Distributions Pla-M\" \/>\n<meta property=\"og:description\" content=\"Code: CF-KC47000 \/ CF-KC58399 Ces lingettes l\u00e9g\u00e8res et de grande qualit\u00e9 ont 2 \u00e9paisseurs, pour plus de solidit\u00e9 et d\u2019absorption,\" \/>\n<meta property=\"og:url\" content=\"https:\/\/plamdistributions.com\/produit\/chiffon-wypall-l20-brun-68fls-ou-176fls\/\" \/>\n<meta property=\"og:site_name\" content=\"Distributions Pla-M\" \/>\n<meta property=\"article:publisher\" content=\"https:\/\/www.facebook.com\/displam\/\" \/>\n<meta property=\"article:modified_time\" content=\"2026-01-05T15:47:43+00:00\" \/>\n<meta property=\"og:image\" content=\"https:\/\/plamdistributions.com\/wp-content\/uploads\/2022\/02\/CF-KC58399.jpg\" \/>\n\t<meta property=\"og:image:width\" content=\"700\" \/>\n\t<meta property=\"og:image:height\" content=\"700\" \/>\n\t<meta property=\"og:image:type\" content=\"image\/jpeg\" \/>\n<meta name=\"twitter:card\" content=\"summary_large_image\" \/>\n<meta name=\"twitter:site\" content=\"@Displam\" \/>\n<meta name=\"twitter:label1\" content=\"Tiempo de lectura\" \/>\n\t<meta name=\"twitter:data1\" content=\"1 minuto\" \/>\n<script type=\"application\/ld+json\" class=\"yoast-schema-graph\">{\"@context\":\"https:\\\/\\\/schema.org\",\"@graph\":[{\"@type\":\"WebPage\",\"@id\":\"https:\\\/\\\/plamdistributions.com\\\/produit\\\/chiffon-wypall-l20-brun-68fls-ou-176fls\\\/\",\"url\":\"https:\\\/\\\/plamdistributions.com\\\/produit\\\/chiffon-wypall-l20-brun-68fls-ou-176fls\\\/\",\"name\":\"Chiffon Wypall L20 brun 68FLS ou 176FLS | Distributions Pla-M\",\"isPartOf\":{\"@id\":\"https:\\\/\\\/plamdistributions.com\\\/#website\"},\"primaryImageOfPage\":{\"@id\":\"https:\\\/\\\/plamdistributions.com\\\/produit\\\/chiffon-wypall-l20-brun-68fls-ou-176fls\\\/#primaryimage\"},\"image\":{\"@id\":\"https:\\\/\\\/plamdistributions.com\\\/produit\\\/chiffon-wypall-l20-brun-68fls-ou-176fls\\\/#primaryimage\"},\"thumbnailUrl\":\"https:\\\/\\\/plamdistributions.com\\\/wp-content\\\/uploads\\\/2022\\\/02\\\/CF-KC58399.jpg\",\"datePublished\":\"2022-02-07T19:02:13+00:00\",\"dateModified\":\"2026-01-05T15:47:43+00:00\",\"breadcrumb\":{\"@id\":\"https:\\\/\\\/plamdistributions.com\\\/produit\\\/chiffon-wypall-l20-brun-68fls-ou-176fls\\\/#breadcrumb\"},\"inLanguage\":\"es\",\"potentialAction\":[{\"@type\":\"ReadAction\",\"target\":[\"https:\\\/\\\/plamdistributions.com\\\/produit\\\/chiffon-wypall-l20-brun-68fls-ou-176fls\\\/\"]}]},{\"@type\":\"ImageObject\",\"inLanguage\":\"es\",\"@id\":\"https:\\\/\\\/plamdistributions.com\\\/produit\\\/chiffon-wypall-l20-brun-68fls-ou-176fls\\\/#primaryimage\",\"url\":\"https:\\\/\\\/plamdistributions.com\\\/wp-content\\\/uploads\\\/2022\\\/02\\\/CF-KC58399.jpg\",\"contentUrl\":\"https:\\\/\\\/plamdistributions.com\\\/wp-content\\\/uploads\\\/2022\\\/02\\\/CF-KC58399.jpg\",\"width\":700,\"height\":700,\"caption\":\"Chiffon Wypall L20 brun 68FLS ou 176FLS\"},{\"@type\":\"BreadcrumbList\",\"@id\":\"https:\\\/\\\/plamdistributions.com\\\/produit\\\/chiffon-wypall-l20-brun-68fls-ou-176fls\\\/#breadcrumb\",\"itemListElement\":[{\"@type\":\"ListItem\",\"position\":1,\"name\":\"Accueil\",\"item\":\"https:\\\/\\\/plamdistributions.com\\\/es\\\/\"},{\"@type\":\"ListItem\",\"position\":2,\"name\":\"Tienda\",\"item\":\"https:\\\/\\\/plamdistributions.com\\\/es\\\/tienda\\\/\"},{\"@type\":\"ListItem\",\"position\":3,\"name\":\"Chiffon Wypall L20 brun 68FLS ou 176FLS\"}]},{\"@type\":\"WebSite\",\"@id\":\"https:\\\/\\\/plamdistributions.com\\\/#website\",\"url\":\"https:\\\/\\\/plamdistributions.com\\\/\",\"name\":\"Distributions Pla-M Inc.\",\"description\":\"Venta de productos y equipos sanitarios\",\"publisher\":{\"@id\":\"https:\\\/\\\/plamdistributions.com\\\/#organization\"},\"potentialAction\":[{\"@type\":\"SearchAction\",\"target\":{\"@type\":\"EntryPoint\",\"urlTemplate\":\"https:\\\/\\\/plamdistributions.com\\\/?s={search_term_string}\"},\"query-input\":{\"@type\":\"PropertyValueSpecification\",\"valueRequired\":true,\"valueName\":\"search_term_string\"}}],\"inLanguage\":\"es\"},{\"@type\":\"Organization\",\"@id\":\"https:\\\/\\\/plamdistributions.com\\\/#organization\",\"name\":\"Distributions Pla-M\",\"url\":\"https:\\\/\\\/plamdistributions.com\\\/\",\"logo\":{\"@type\":\"ImageObject\",\"inLanguage\":\"es\",\"@id\":\"https:\\\/\\\/plamdistributions.com\\\/#\\\/schema\\\/logo\\\/image\\\/\",\"url\":\"https:\\\/\\\/plamdistributions.com\\\/wp-content\\\/uploads\\\/2021\\\/05\\\/PLAM-SANS.png\",\"contentUrl\":\"https:\\\/\\\/plamdistributions.com\\\/wp-content\\\/uploads\\\/2021\\\/05\\\/PLAM-SANS.png\",\"width\":289,\"height\":224,\"caption\":\"Distributions Pla-M\"},\"image\":{\"@id\":\"https:\\\/\\\/plamdistributions.com\\\/#\\\/schema\\\/logo\\\/image\\\/\"},\"sameAs\":[\"https:\\\/\\\/www.facebook.com\\\/displam\\\/\",\"https:\\\/\\\/x.com\\\/Displam\",\"https:\\\/\\\/www.youtube.com\\\/channel\\\/UCHmm3HCGnpGuaQ984quISDg\"]}]}<\/script>\n<!-- \/ Yoast SEO plugin. -->","yoast_head_json":{"title":"Chiffon Wypall L20 brun 68FLS ou 176FLS | Distributions Pla-M","robots":{"index":"index","follow":"follow","max-snippet":"max-snippet:-1","max-image-preview":"max-image-preview:large","max-video-preview":"max-video-preview:-1"},"canonical":"https:\/\/plamdistributions.com\/produit\/chiffon-wypall-l20-brun-68fls-ou-176fls\/","og_locale":"es_ES","og_type":"article","og_title":"Chiffon Wypall L20 brun 68FLS ou 176FLS | Distributions Pla-M","og_description":"Code: CF-KC47000 \/ CF-KC58399 Ces lingettes l\u00e9g\u00e8res et de grande qualit\u00e9 ont 2 \u00e9paisseurs, pour plus de solidit\u00e9 et d\u2019absorption,","og_url":"https:\/\/plamdistributions.com\/produit\/chiffon-wypall-l20-brun-68fls-ou-176fls\/","og_site_name":"Distributions Pla-M","article_publisher":"https:\/\/www.facebook.com\/displam\/","article_modified_time":"2026-01-05T15:47:43+00:00","og_image":[{"width":700,"height":700,"url":"https:\/\/plamdistributions.com\/wp-content\/uploads\/2022\/02\/CF-KC58399.jpg","type":"image\/jpeg"}],"twitter_card":"summary_large_image","twitter_site":"@Displam","twitter_misc":{"Tiempo de lectura":"1 minuto"},"schema":{"@context":"https:\/\/schema.org","@graph":[{"@type":"WebPage","@id":"https:\/\/plamdistributions.com\/produit\/chiffon-wypall-l20-brun-68fls-ou-176fls\/","url":"https:\/\/plamdistributions.com\/produit\/chiffon-wypall-l20-brun-68fls-ou-176fls\/","name":"Chiffon Wypall L20 brun 68FLS ou 176FLS | Distributions Pla-M","isPartOf":{"@id":"https:\/\/plamdistributions.com\/#website"},"primaryImageOfPage":{"@id":"https:\/\/plamdistributions.com\/produit\/chiffon-wypall-l20-brun-68fls-ou-176fls\/#primaryimage"},"image":{"@id":"https:\/\/plamdistributions.com\/produit\/chiffon-wypall-l20-brun-68fls-ou-176fls\/#primaryimage"},"thumbnailUrl":"https:\/\/plamdistributions.com\/wp-content\/uploads\/2022\/02\/CF-KC58399.jpg","datePublished":"2022-02-07T19:02:13+00:00","dateModified":"2026-01-05T15:47:43+00:00","breadcrumb":{"@id":"https:\/\/plamdistributions.com\/produit\/chiffon-wypall-l20-brun-68fls-ou-176fls\/#breadcrumb"},"inLanguage":"es","potentialAction":[{"@type":"ReadAction","target":["https:\/\/plamdistributions.com\/produit\/chiffon-wypall-l20-brun-68fls-ou-176fls\/"]}]},{"@type":"ImageObject","inLanguage":"es","@id":"https:\/\/plamdistributions.com\/produit\/chiffon-wypall-l20-brun-68fls-ou-176fls\/#primaryimage","url":"https:\/\/plamdistributions.com\/wp-content\/uploads\/2022\/02\/CF-KC58399.jpg","contentUrl":"https:\/\/plamdistributions.com\/wp-content\/uploads\/2022\/02\/CF-KC58399.jpg","width":700,"height":700,"caption":"Chiffon Wypall L20 brun 68FLS ou 176FLS"},{"@type":"BreadcrumbList","@id":"https:\/\/plamdistributions.com\/produit\/chiffon-wypall-l20-brun-68fls-ou-176fls\/#breadcrumb","itemListElement":[{"@type":"ListItem","position":1,"name":"Accueil","item":"https:\/\/plamdistributions.com\/es\/"},{"@type":"ListItem","position":2,"name":"Tienda","item":"https:\/\/plamdistributions.com\/es\/tienda\/"},{"@type":"ListItem","position":3,"name":"Chiffon Wypall L20 brun 68FLS ou 176FLS"}]},{"@type":"WebSite","@id":"https:\/\/plamdistributions.com\/#website","url":"https:\/\/plamdistributions.com\/","name":"Distributions Pla-M Inc.","description":"Venta de productos y equipos sanitarios","publisher":{"@id":"https:\/\/plamdistributions.com\/#organization"},"potentialAction":[{"@type":"SearchAction","target":{"@type":"EntryPoint","urlTemplate":"https:\/\/plamdistributions.com\/?s={search_term_string}"},"query-input":{"@type":"PropertyValueSpecification","valueRequired":true,"valueName":"search_term_string"}}],"inLanguage":"es"},{"@type":"Organization","@id":"https:\/\/plamdistributions.com\/#organization","name":"Distributions Pla-M","url":"https:\/\/plamdistributions.com\/","logo":{"@type":"ImageObject","inLanguage":"es","@id":"https:\/\/plamdistributions.com\/#\/schema\/logo\/image\/","url":"https:\/\/plamdistributions.com\/wp-content\/uploads\/2021\/05\/PLAM-SANS.png","contentUrl":"https:\/\/plamdistributions.com\/wp-content\/uploads\/2021\/05\/PLAM-SANS.png","width":289,"height":224,"caption":"Distributions Pla-M"},"image":{"@id":"https:\/\/plamdistributions.com\/#\/schema\/logo\/image\/"},"sameAs":["https:\/\/www.facebook.com\/displam\/","https:\/\/x.com\/Displam","https:\/\/www.youtube.com\/channel\/UCHmm3HCGnpGuaQ984quISDg"]}]}},"_links":{"self":[{"href":"https:\/\/plamdistributions.com\/es\/wp-json\/wp\/v2\/product\/32216","targetHints":{"allow":["GET"]}}],"collection":[{"href":"https:\/\/plamdistributions.com\/es\/wp-json\/wp\/v2\/product"}],"about":[{"href":"https:\/\/plamdistributions.com\/es\/wp-json\/wp\/v2\/types\/product"}],"replies":[{"embeddable":true,"href":"https:\/\/plamdistributions.com\/es\/wp-json\/wp\/v2\/comments?post=32216"}],"wp:featuredmedia":[{"embeddable":true,"href":"https:\/\/plamdistributions.com\/es\/wp-json\/wp\/v2\/media\/32218"}],"wp:attachment":[{"href":"https:\/\/plamdistributions.com\/es\/wp-json\/wp\/v2\/media?parent=32216"}],"wp:term":[{"taxonomy":"product_brand","embeddable":true,"href":"https:\/\/plamdistributions.com\/es\/wp-json\/wp\/v2\/product_brand?post=32216"},{"taxonomy":"product_cat","embeddable":true,"href":"https:\/\/plamdistributions.com\/es\/wp-json\/wp\/v2\/product_cat?post=32216"},{"taxonomy":"product_tag","embeddable":true,"href":"https:\/\/plamdistributions.com\/es\/wp-json\/wp\/v2\/product_tag?post=32216"}],"curies":[{"name":"wp","href":"https:\/\/api.w.org\/{rel}","templated":true}]}}