{"id":32228,"date":"2022-02-07T15:45:14","date_gmt":"2022-02-07T19:45:14","guid":{"rendered":"https:\/\/plamdistributions.com\/?post_type=product&#038;p=32228"},"modified":"2026-01-21T12:55:30","modified_gmt":"2026-01-21T16:55:30","slug":"chiffon-wypall-humide-vert-50fls-ou-75fls","status":"publish","type":"product","link":"https:\/\/plamdistributions.com\/es\/produit\/chiffon-wypall-humide-vert-50fls-ou-75fls\/","title":{"rendered":"Chiffon Wypall humide vert 50FLS ou 75FLS"},"content":{"rendered":"<p><strong>Code: CF-KC58310 \/ CF-KC91371<\/strong><\/p>\n<ul>\n<li>Les lingettes de nettoyage industrielles jetables sont pr\u00e9satur\u00e9es avec un agent nettoyant naturel aux agrumes sans alcool pour le nettoyage sans eau de la peau et des surfaces dures.<\/li>\n<li>Ces lingettes sont efficaces contre la graisse, mais assez douces pour \u00eatre utilis\u00e9es sur vos mains. Elles contiennent des agents hydratants pour la peau.<\/li>\n<li>Elles poss\u00e8dent un c\u00f4t\u00e9 textur\u00e9 pour r\u00e9curer la poussi\u00e8re, la salet\u00e9 et la graisse (id\u00e9al pour nettoyer les outils) et un c\u00f4t\u00e9 lisse pour retirer la poussi\u00e8re des surfaces et des mains.<\/li>\n<li>Puisque ces lingettes sont humidifi\u00e9es, vous n\u2019aurez pas \u00e0 vous inqui\u00e9ter de renverser un produit de nettoyage liquide.<\/li>\n<\/ul>\n<p>&nbsp;<\/p>\n","protected":false},"excerpt":{"rendered":"<p>Code: CF-KC58310 \/ CF-KC91371 Les lingettes de nettoyage industrielles jetables sont pr\u00e9satur\u00e9es avec un agent nettoyant naturel aux agrumes sans<\/p>\n","protected":false},"featured_media":32230,"comment_status":"closed","ping_status":"closed","template":"","meta":[],"product_brand":[],"product_cat":[143,278,461],"product_tag":[],"class_list":{"0":"post-32228","1":"product","2":"type-product","3":"status-publish","4":"has-post-thumbnail","6":"product_cat-accessoires","7":"product_cat-chiffons-et-lingettes-humides","8":"product_cat-linges-et-guenilles","9":"product_shipping_class-standard","11":"first","12":"instock","13":"taxable","14":"shipping-taxable","15":"purchasable","16":"product-type-variable"},"yoast_head":"<!-- This site is optimized with the Yoast SEO plugin v27.3 - https:\/\/yoast.com\/product\/yoast-seo-wordpress\/ -->\n<title>Chiffon Wypall humide vert 50FLS ou 75FLS | Distributions Pla-M<\/title>\n<meta name=\"robots\" content=\"index, follow, max-snippet:-1, max-image-preview:large, max-video-preview:-1\" \/>\n<link rel=\"canonical\" href=\"https:\/\/plamdistributions.com\/produit\/chiffon-wypall-humide-vert-50fls-ou-75fls\/\" \/>\n<meta property=\"og:locale\" content=\"es_ES\" \/>\n<meta property=\"og:type\" content=\"article\" \/>\n<meta property=\"og:title\" content=\"Chiffon Wypall humide vert 50FLS ou 75FLS | Distributions Pla-M\" \/>\n<meta property=\"og:description\" content=\"Code: CF-KC58310 \/ CF-KC91371 Les lingettes de nettoyage industrielles jetables sont pr\u00e9satur\u00e9es avec un agent nettoyant naturel aux agrumes sans\" \/>\n<meta property=\"og:url\" content=\"https:\/\/plamdistributions.com\/produit\/chiffon-wypall-humide-vert-50fls-ou-75fls\/\" \/>\n<meta property=\"og:site_name\" content=\"Distributions Pla-M\" \/>\n<meta property=\"article:publisher\" content=\"https:\/\/www.facebook.com\/displam\/\" \/>\n<meta property=\"article:modified_time\" content=\"2026-01-21T16:55:30+00:00\" \/>\n<meta property=\"og:image\" content=\"https:\/\/plamdistributions.com\/wp-content\/uploads\/2022\/02\/Chiffons-Kimberly-Clark-58310-et-91371-Distributions-Pla-M.jpg\" \/>\n\t<meta property=\"og:image:width\" content=\"700\" \/>\n\t<meta property=\"og:image:height\" content=\"700\" \/>\n\t<meta property=\"og:image:type\" content=\"image\/jpeg\" \/>\n<meta name=\"twitter:card\" content=\"summary_large_image\" \/>\n<meta name=\"twitter:site\" content=\"@Displam\" \/>\n<meta name=\"twitter:label1\" content=\"Tiempo de lectura\" \/>\n\t<meta name=\"twitter:data1\" content=\"1 minuto\" \/>\n<script type=\"application\/ld+json\" class=\"yoast-schema-graph\">{\"@context\":\"https:\\\/\\\/schema.org\",\"@graph\":[{\"@type\":\"WebPage\",\"@id\":\"https:\\\/\\\/plamdistributions.com\\\/produit\\\/chiffon-wypall-humide-vert-50fls-ou-75fls\\\/\",\"url\":\"https:\\\/\\\/plamdistributions.com\\\/produit\\\/chiffon-wypall-humide-vert-50fls-ou-75fls\\\/\",\"name\":\"Chiffon Wypall humide vert 50FLS ou 75FLS | Distributions Pla-M\",\"isPartOf\":{\"@id\":\"https:\\\/\\\/plamdistributions.com\\\/en\\\/#website\"},\"primaryImageOfPage\":{\"@id\":\"https:\\\/\\\/plamdistributions.com\\\/produit\\\/chiffon-wypall-humide-vert-50fls-ou-75fls\\\/#primaryimage\"},\"image\":{\"@id\":\"https:\\\/\\\/plamdistributions.com\\\/produit\\\/chiffon-wypall-humide-vert-50fls-ou-75fls\\\/#primaryimage\"},\"thumbnailUrl\":\"https:\\\/\\\/plamdistributions.com\\\/wp-content\\\/uploads\\\/2022\\\/02\\\/Chiffons-Kimberly-Clark-58310-et-91371-Distributions-Pla-M.jpg\",\"datePublished\":\"2022-02-07T19:45:14+00:00\",\"dateModified\":\"2026-01-21T16:55:30+00:00\",\"breadcrumb\":{\"@id\":\"https:\\\/\\\/plamdistributions.com\\\/produit\\\/chiffon-wypall-humide-vert-50fls-ou-75fls\\\/#breadcrumb\"},\"inLanguage\":\"es\",\"potentialAction\":[{\"@type\":\"ReadAction\",\"target\":[\"https:\\\/\\\/plamdistributions.com\\\/produit\\\/chiffon-wypall-humide-vert-50fls-ou-75fls\\\/\"]}]},{\"@type\":\"ImageObject\",\"inLanguage\":\"es\",\"@id\":\"https:\\\/\\\/plamdistributions.com\\\/produit\\\/chiffon-wypall-humide-vert-50fls-ou-75fls\\\/#primaryimage\",\"url\":\"https:\\\/\\\/plamdistributions.com\\\/wp-content\\\/uploads\\\/2022\\\/02\\\/Chiffons-Kimberly-Clark-58310-et-91371-Distributions-Pla-M.jpg\",\"contentUrl\":\"https:\\\/\\\/plamdistributions.com\\\/wp-content\\\/uploads\\\/2022\\\/02\\\/Chiffons-Kimberly-Clark-58310-et-91371-Distributions-Pla-M.jpg\",\"width\":700,\"height\":700,\"caption\":\"Chiffon Wypall humide vert 50FLS ou 75FLS Kimberly Clark\"},{\"@type\":\"BreadcrumbList\",\"@id\":\"https:\\\/\\\/plamdistributions.com\\\/produit\\\/chiffon-wypall-humide-vert-50fls-ou-75fls\\\/#breadcrumb\",\"itemListElement\":[{\"@type\":\"ListItem\",\"position\":1,\"name\":\"Accueil\",\"item\":\"https:\\\/\\\/plamdistributions.com\\\/es\\\/\"},{\"@type\":\"ListItem\",\"position\":2,\"name\":\"Tienda\",\"item\":\"https:\\\/\\\/plamdistributions.com\\\/es\\\/tienda\\\/\"},{\"@type\":\"ListItem\",\"position\":3,\"name\":\"Chiffon Wypall humide vert 50FLS ou 75FLS\"}]},{\"@type\":\"WebSite\",\"@id\":\"https:\\\/\\\/plamdistributions.com\\\/en\\\/#website\",\"url\":\"https:\\\/\\\/plamdistributions.com\\\/en\\\/\",\"name\":\"Distributions Pla-M Inc.\",\"description\":\"Venta de productos y equipos sanitarios\",\"publisher\":{\"@id\":\"https:\\\/\\\/plamdistributions.com\\\/en\\\/#organization\"},\"potentialAction\":[{\"@type\":\"SearchAction\",\"target\":{\"@type\":\"EntryPoint\",\"urlTemplate\":\"https:\\\/\\\/plamdistributions.com\\\/en\\\/?s={search_term_string}\"},\"query-input\":{\"@type\":\"PropertyValueSpecification\",\"valueRequired\":true,\"valueName\":\"search_term_string\"}}],\"inLanguage\":\"es\"},{\"@type\":\"Organization\",\"@id\":\"https:\\\/\\\/plamdistributions.com\\\/en\\\/#organization\",\"name\":\"Distributions Pla-M\",\"url\":\"https:\\\/\\\/plamdistributions.com\\\/en\\\/\",\"logo\":{\"@type\":\"ImageObject\",\"inLanguage\":\"es\",\"@id\":\"https:\\\/\\\/plamdistributions.com\\\/en\\\/#\\\/schema\\\/logo\\\/image\\\/\",\"url\":\"https:\\\/\\\/plamdistributions.com\\\/wp-content\\\/uploads\\\/2021\\\/05\\\/PLAM-SANS.png\",\"contentUrl\":\"https:\\\/\\\/plamdistributions.com\\\/wp-content\\\/uploads\\\/2021\\\/05\\\/PLAM-SANS.png\",\"width\":289,\"height\":224,\"caption\":\"Distributions Pla-M\"},\"image\":{\"@id\":\"https:\\\/\\\/plamdistributions.com\\\/en\\\/#\\\/schema\\\/logo\\\/image\\\/\"},\"sameAs\":[\"https:\\\/\\\/www.facebook.com\\\/displam\\\/\",\"https:\\\/\\\/x.com\\\/Displam\",\"https:\\\/\\\/www.youtube.com\\\/channel\\\/UCHmm3HCGnpGuaQ984quISDg\"]}]}<\/script>\n<!-- \/ Yoast SEO plugin. -->","yoast_head_json":{"title":"Chiffon Wypall humide vert 50FLS ou 75FLS | Distributions Pla-M","robots":{"index":"index","follow":"follow","max-snippet":"max-snippet:-1","max-image-preview":"max-image-preview:large","max-video-preview":"max-video-preview:-1"},"canonical":"https:\/\/plamdistributions.com\/produit\/chiffon-wypall-humide-vert-50fls-ou-75fls\/","og_locale":"es_ES","og_type":"article","og_title":"Chiffon Wypall humide vert 50FLS ou 75FLS | Distributions Pla-M","og_description":"Code: CF-KC58310 \/ CF-KC91371 Les lingettes de nettoyage industrielles jetables sont pr\u00e9satur\u00e9es avec un agent nettoyant naturel aux agrumes sans","og_url":"https:\/\/plamdistributions.com\/produit\/chiffon-wypall-humide-vert-50fls-ou-75fls\/","og_site_name":"Distributions Pla-M","article_publisher":"https:\/\/www.facebook.com\/displam\/","article_modified_time":"2026-01-21T16:55:30+00:00","og_image":[{"width":700,"height":700,"url":"https:\/\/plamdistributions.com\/wp-content\/uploads\/2022\/02\/Chiffons-Kimberly-Clark-58310-et-91371-Distributions-Pla-M.jpg","type":"image\/jpeg"}],"twitter_card":"summary_large_image","twitter_site":"@Displam","twitter_misc":{"Tiempo de lectura":"1 minuto"},"schema":{"@context":"https:\/\/schema.org","@graph":[{"@type":"WebPage","@id":"https:\/\/plamdistributions.com\/produit\/chiffon-wypall-humide-vert-50fls-ou-75fls\/","url":"https:\/\/plamdistributions.com\/produit\/chiffon-wypall-humide-vert-50fls-ou-75fls\/","name":"Chiffon Wypall humide vert 50FLS ou 75FLS | Distributions Pla-M","isPartOf":{"@id":"https:\/\/plamdistributions.com\/en\/#website"},"primaryImageOfPage":{"@id":"https:\/\/plamdistributions.com\/produit\/chiffon-wypall-humide-vert-50fls-ou-75fls\/#primaryimage"},"image":{"@id":"https:\/\/plamdistributions.com\/produit\/chiffon-wypall-humide-vert-50fls-ou-75fls\/#primaryimage"},"thumbnailUrl":"https:\/\/plamdistributions.com\/wp-content\/uploads\/2022\/02\/Chiffons-Kimberly-Clark-58310-et-91371-Distributions-Pla-M.jpg","datePublished":"2022-02-07T19:45:14+00:00","dateModified":"2026-01-21T16:55:30+00:00","breadcrumb":{"@id":"https:\/\/plamdistributions.com\/produit\/chiffon-wypall-humide-vert-50fls-ou-75fls\/#breadcrumb"},"inLanguage":"es","potentialAction":[{"@type":"ReadAction","target":["https:\/\/plamdistributions.com\/produit\/chiffon-wypall-humide-vert-50fls-ou-75fls\/"]}]},{"@type":"ImageObject","inLanguage":"es","@id":"https:\/\/plamdistributions.com\/produit\/chiffon-wypall-humide-vert-50fls-ou-75fls\/#primaryimage","url":"https:\/\/plamdistributions.com\/wp-content\/uploads\/2022\/02\/Chiffons-Kimberly-Clark-58310-et-91371-Distributions-Pla-M.jpg","contentUrl":"https:\/\/plamdistributions.com\/wp-content\/uploads\/2022\/02\/Chiffons-Kimberly-Clark-58310-et-91371-Distributions-Pla-M.jpg","width":700,"height":700,"caption":"Chiffon Wypall humide vert 50FLS ou 75FLS Kimberly Clark"},{"@type":"BreadcrumbList","@id":"https:\/\/plamdistributions.com\/produit\/chiffon-wypall-humide-vert-50fls-ou-75fls\/#breadcrumb","itemListElement":[{"@type":"ListItem","position":1,"name":"Accueil","item":"https:\/\/plamdistributions.com\/es\/"},{"@type":"ListItem","position":2,"name":"Tienda","item":"https:\/\/plamdistributions.com\/es\/tienda\/"},{"@type":"ListItem","position":3,"name":"Chiffon Wypall humide vert 50FLS ou 75FLS"}]},{"@type":"WebSite","@id":"https:\/\/plamdistributions.com\/en\/#website","url":"https:\/\/plamdistributions.com\/en\/","name":"Distributions Pla-M Inc.","description":"Venta de productos y equipos sanitarios","publisher":{"@id":"https:\/\/plamdistributions.com\/en\/#organization"},"potentialAction":[{"@type":"SearchAction","target":{"@type":"EntryPoint","urlTemplate":"https:\/\/plamdistributions.com\/en\/?s={search_term_string}"},"query-input":{"@type":"PropertyValueSpecification","valueRequired":true,"valueName":"search_term_string"}}],"inLanguage":"es"},{"@type":"Organization","@id":"https:\/\/plamdistributions.com\/en\/#organization","name":"Distributions Pla-M","url":"https:\/\/plamdistributions.com\/en\/","logo":{"@type":"ImageObject","inLanguage":"es","@id":"https:\/\/plamdistributions.com\/en\/#\/schema\/logo\/image\/","url":"https:\/\/plamdistributions.com\/wp-content\/uploads\/2021\/05\/PLAM-SANS.png","contentUrl":"https:\/\/plamdistributions.com\/wp-content\/uploads\/2021\/05\/PLAM-SANS.png","width":289,"height":224,"caption":"Distributions Pla-M"},"image":{"@id":"https:\/\/plamdistributions.com\/en\/#\/schema\/logo\/image\/"},"sameAs":["https:\/\/www.facebook.com\/displam\/","https:\/\/x.com\/Displam","https:\/\/www.youtube.com\/channel\/UCHmm3HCGnpGuaQ984quISDg"]}]}},"_links":{"self":[{"href":"https:\/\/plamdistributions.com\/es\/wp-json\/wp\/v2\/product\/32228","targetHints":{"allow":["GET"]}}],"collection":[{"href":"https:\/\/plamdistributions.com\/es\/wp-json\/wp\/v2\/product"}],"about":[{"href":"https:\/\/plamdistributions.com\/es\/wp-json\/wp\/v2\/types\/product"}],"replies":[{"embeddable":true,"href":"https:\/\/plamdistributions.com\/es\/wp-json\/wp\/v2\/comments?post=32228"}],"wp:featuredmedia":[{"embeddable":true,"href":"https:\/\/plamdistributions.com\/es\/wp-json\/wp\/v2\/media\/32230"}],"wp:attachment":[{"href":"https:\/\/plamdistributions.com\/es\/wp-json\/wp\/v2\/media?parent=32228"}],"wp:term":[{"taxonomy":"product_brand","embeddable":true,"href":"https:\/\/plamdistributions.com\/es\/wp-json\/wp\/v2\/product_brand?post=32228"},{"taxonomy":"product_cat","embeddable":true,"href":"https:\/\/plamdistributions.com\/es\/wp-json\/wp\/v2\/product_cat?post=32228"},{"taxonomy":"product_tag","embeddable":true,"href":"https:\/\/plamdistributions.com\/es\/wp-json\/wp\/v2\/product_tag?post=32228"}],"curies":[{"name":"wp","href":"https:\/\/api.w.org\/{rel}","templated":true}]}}