{"id":33802,"date":"2022-02-28T12:16:32","date_gmt":"2022-02-28T16:16:32","guid":{"rendered":"https:\/\/plamdistributions.com\/?post_type=product&#038;p=33802"},"modified":"2023-01-31T02:13:45","modified_gmt":"2023-01-31T06:13:45","slug":"extracteur-a-tapis-clarke-clean-track-l24-agm","status":"publish","type":"product","link":"https:\/\/plamdistributions.com\/es\/produit\/extracteur-a-tapis-clarke-clean-track-l24-agm\/","title":{"rendered":"EXTRACTEUR \u00c0 TAPIS CLARKE CLEAN TRACK L24 \/AGM"},"content":{"rendered":"<p><strong>Code: EXT-CK56317012<\/strong><\/p>\n<ul>\n<li>Fournit des capacit\u00e9s de nettoyage sup\u00e9rieures pour garantir que vos tapis sont propres et pr\u00eats \u00e0 l&#8217;emploi rapidement;<\/li>\n<li>Capacit\u00e9 de la solution : 20 gal. ; Capacit\u00e9 de r\u00e9cup\u00e9ration : 16 Gal.<\/li>\n<\/ul>\n<p><strong>\u2713 Fabricant: Clarke<\/strong><\/p>\n","protected":false},"excerpt":{"rendered":"<p>Code: EXT-CK56317012 Fournit des capacit\u00e9s de nettoyage sup\u00e9rieures pour garantir que vos tapis sont propres et pr\u00eats \u00e0 l&#8217;emploi rapidement;<\/p>\n","protected":false},"featured_media":33803,"comment_status":"closed","ping_status":"closed","template":"","meta":[],"product_brand":[],"product_cat":[98,420],"product_tag":[],"class_list":{"0":"post-33802","1":"product","2":"type-product","3":"status-publish","4":"has-post-thumbnail","6":"product_cat-equipements","7":"product_cat-extracteurs-a-tapis","8":"product_shipping_class-standard","10":"first","11":"onbackorder","12":"featured","13":"taxable","14":"shipping-taxable","15":"purchasable","16":"product-type-simple"},"yoast_head":"<!-- This site is optimized with the Yoast SEO plugin v27.4 - https:\/\/yoast.com\/product\/yoast-seo-wordpress\/ -->\n<title>EXTRACTEUR \u00c0 TAPIS CLARKE CLEAN TRACK L24 \/AGM | Distributions Pla-M<\/title>\n<meta name=\"robots\" content=\"index, follow, max-snippet:-1, max-image-preview:large, max-video-preview:-1\" \/>\n<link rel=\"canonical\" href=\"https:\/\/plamdistributions.com\/produit\/extracteur-a-tapis-clarke-clean-track-l24-agm\/\" \/>\n<meta property=\"og:locale\" content=\"es_ES\" \/>\n<meta property=\"og:type\" content=\"article\" \/>\n<meta property=\"og:title\" content=\"EXTRACTEUR \u00c0 TAPIS CLARKE CLEAN TRACK L24 \/AGM | Distributions Pla-M\" \/>\n<meta property=\"og:description\" content=\"Code: EXT-CK56317012 Fournit des capacit\u00e9s de nettoyage sup\u00e9rieures pour garantir que vos tapis sont propres et pr\u00eats \u00e0 l&#8217;emploi rapidement;\" \/>\n<meta property=\"og:url\" content=\"https:\/\/plamdistributions.com\/produit\/extracteur-a-tapis-clarke-clean-track-l24-agm\/\" \/>\n<meta property=\"og:site_name\" content=\"Distributions Pla-M\" \/>\n<meta property=\"article:publisher\" content=\"https:\/\/www.facebook.com\/displam\/\" \/>\n<meta property=\"article:modified_time\" content=\"2023-01-31T06:13:45+00:00\" \/>\n<meta property=\"og:image\" content=\"https:\/\/plamdistributions.com\/wp-content\/uploads\/2022\/02\/EXT-CK56317012-1.jpg\" \/>\n\t<meta property=\"og:image:width\" content=\"700\" \/>\n\t<meta property=\"og:image:height\" content=\"700\" \/>\n\t<meta property=\"og:image:type\" content=\"image\/jpeg\" \/>\n<meta name=\"twitter:card\" content=\"summary_large_image\" \/>\n<meta name=\"twitter:site\" content=\"@Displam\" \/>\n<meta name=\"twitter:label1\" content=\"Tiempo de lectura\" \/>\n\t<meta name=\"twitter:data1\" content=\"1 minuto\" \/>\n<script type=\"application\/ld+json\" class=\"yoast-schema-graph\">{\"@context\":\"https:\\\/\\\/schema.org\",\"@graph\":[{\"@type\":\"WebPage\",\"@id\":\"https:\\\/\\\/plamdistributions.com\\\/produit\\\/extracteur-a-tapis-clarke-clean-track-l24-agm\\\/\",\"url\":\"https:\\\/\\\/plamdistributions.com\\\/produit\\\/extracteur-a-tapis-clarke-clean-track-l24-agm\\\/\",\"name\":\"EXTRACTEUR \u00c0 TAPIS CLARKE CLEAN TRACK L24 \\\/AGM | Distributions Pla-M\",\"isPartOf\":{\"@id\":\"https:\\\/\\\/plamdistributions.com\\\/#website\"},\"primaryImageOfPage\":{\"@id\":\"https:\\\/\\\/plamdistributions.com\\\/produit\\\/extracteur-a-tapis-clarke-clean-track-l24-agm\\\/#primaryimage\"},\"image\":{\"@id\":\"https:\\\/\\\/plamdistributions.com\\\/produit\\\/extracteur-a-tapis-clarke-clean-track-l24-agm\\\/#primaryimage\"},\"thumbnailUrl\":\"https:\\\/\\\/plamdistributions.com\\\/wp-content\\\/uploads\\\/2022\\\/02\\\/EXT-CK56317012-1.jpg\",\"datePublished\":\"2022-02-28T16:16:32+00:00\",\"dateModified\":\"2023-01-31T06:13:45+00:00\",\"breadcrumb\":{\"@id\":\"https:\\\/\\\/plamdistributions.com\\\/produit\\\/extracteur-a-tapis-clarke-clean-track-l24-agm\\\/#breadcrumb\"},\"inLanguage\":\"es\",\"potentialAction\":[{\"@type\":\"ReadAction\",\"target\":[\"https:\\\/\\\/plamdistributions.com\\\/produit\\\/extracteur-a-tapis-clarke-clean-track-l24-agm\\\/\"]}]},{\"@type\":\"ImageObject\",\"inLanguage\":\"es\",\"@id\":\"https:\\\/\\\/plamdistributions.com\\\/produit\\\/extracteur-a-tapis-clarke-clean-track-l24-agm\\\/#primaryimage\",\"url\":\"https:\\\/\\\/plamdistributions.com\\\/wp-content\\\/uploads\\\/2022\\\/02\\\/EXT-CK56317012-1.jpg\",\"contentUrl\":\"https:\\\/\\\/plamdistributions.com\\\/wp-content\\\/uploads\\\/2022\\\/02\\\/EXT-CK56317012-1.jpg\",\"width\":700,\"height\":700,\"caption\":\"Extracteur \u00e0 tapis Clarke Clean track L24 \\\/ AGM\"},{\"@type\":\"BreadcrumbList\",\"@id\":\"https:\\\/\\\/plamdistributions.com\\\/produit\\\/extracteur-a-tapis-clarke-clean-track-l24-agm\\\/#breadcrumb\",\"itemListElement\":[{\"@type\":\"ListItem\",\"position\":1,\"name\":\"Accueil\",\"item\":\"https:\\\/\\\/plamdistributions.com\\\/es\\\/\"},{\"@type\":\"ListItem\",\"position\":2,\"name\":\"Tienda\",\"item\":\"https:\\\/\\\/plamdistributions.com\\\/es\\\/tienda\\\/\"},{\"@type\":\"ListItem\",\"position\":3,\"name\":\"EXTRACTEUR \u00c0 TAPIS CLARKE CLEAN TRACK L24 \\\/AGM\"}]},{\"@type\":\"WebSite\",\"@id\":\"https:\\\/\\\/plamdistributions.com\\\/#website\",\"url\":\"https:\\\/\\\/plamdistributions.com\\\/\",\"name\":\"Distributions Pla-M Inc.\",\"description\":\"Venta de productos y equipos sanitarios\",\"publisher\":{\"@id\":\"https:\\\/\\\/plamdistributions.com\\\/#organization\"},\"potentialAction\":[{\"@type\":\"SearchAction\",\"target\":{\"@type\":\"EntryPoint\",\"urlTemplate\":\"https:\\\/\\\/plamdistributions.com\\\/?s={search_term_string}\"},\"query-input\":{\"@type\":\"PropertyValueSpecification\",\"valueRequired\":true,\"valueName\":\"search_term_string\"}}],\"inLanguage\":\"es\"},{\"@type\":\"Organization\",\"@id\":\"https:\\\/\\\/plamdistributions.com\\\/#organization\",\"name\":\"Distributions Pla-M\",\"url\":\"https:\\\/\\\/plamdistributions.com\\\/\",\"logo\":{\"@type\":\"ImageObject\",\"inLanguage\":\"es\",\"@id\":\"https:\\\/\\\/plamdistributions.com\\\/#\\\/schema\\\/logo\\\/image\\\/\",\"url\":\"https:\\\/\\\/plamdistributions.com\\\/wp-content\\\/uploads\\\/2021\\\/05\\\/PLAM-SANS.png\",\"contentUrl\":\"https:\\\/\\\/plamdistributions.com\\\/wp-content\\\/uploads\\\/2021\\\/05\\\/PLAM-SANS.png\",\"width\":289,\"height\":224,\"caption\":\"Distributions Pla-M\"},\"image\":{\"@id\":\"https:\\\/\\\/plamdistributions.com\\\/#\\\/schema\\\/logo\\\/image\\\/\"},\"sameAs\":[\"https:\\\/\\\/www.facebook.com\\\/displam\\\/\",\"https:\\\/\\\/x.com\\\/Displam\",\"https:\\\/\\\/www.youtube.com\\\/channel\\\/UCHmm3HCGnpGuaQ984quISDg\"]}]}<\/script>\n<!-- \/ Yoast SEO plugin. -->","yoast_head_json":{"title":"EXTRACTEUR \u00c0 TAPIS CLARKE CLEAN TRACK L24 \/AGM | Distributions Pla-M","robots":{"index":"index","follow":"follow","max-snippet":"max-snippet:-1","max-image-preview":"max-image-preview:large","max-video-preview":"max-video-preview:-1"},"canonical":"https:\/\/plamdistributions.com\/produit\/extracteur-a-tapis-clarke-clean-track-l24-agm\/","og_locale":"es_ES","og_type":"article","og_title":"EXTRACTEUR \u00c0 TAPIS CLARKE CLEAN TRACK L24 \/AGM | Distributions Pla-M","og_description":"Code: EXT-CK56317012 Fournit des capacit\u00e9s de nettoyage sup\u00e9rieures pour garantir que vos tapis sont propres et pr\u00eats \u00e0 l&#8217;emploi rapidement;","og_url":"https:\/\/plamdistributions.com\/produit\/extracteur-a-tapis-clarke-clean-track-l24-agm\/","og_site_name":"Distributions Pla-M","article_publisher":"https:\/\/www.facebook.com\/displam\/","article_modified_time":"2023-01-31T06:13:45+00:00","og_image":[{"width":700,"height":700,"url":"https:\/\/plamdistributions.com\/wp-content\/uploads\/2022\/02\/EXT-CK56317012-1.jpg","type":"image\/jpeg"}],"twitter_card":"summary_large_image","twitter_site":"@Displam","twitter_misc":{"Tiempo de lectura":"1 minuto"},"schema":{"@context":"https:\/\/schema.org","@graph":[{"@type":"WebPage","@id":"https:\/\/plamdistributions.com\/produit\/extracteur-a-tapis-clarke-clean-track-l24-agm\/","url":"https:\/\/plamdistributions.com\/produit\/extracteur-a-tapis-clarke-clean-track-l24-agm\/","name":"EXTRACTEUR \u00c0 TAPIS CLARKE CLEAN TRACK L24 \/AGM | Distributions Pla-M","isPartOf":{"@id":"https:\/\/plamdistributions.com\/#website"},"primaryImageOfPage":{"@id":"https:\/\/plamdistributions.com\/produit\/extracteur-a-tapis-clarke-clean-track-l24-agm\/#primaryimage"},"image":{"@id":"https:\/\/plamdistributions.com\/produit\/extracteur-a-tapis-clarke-clean-track-l24-agm\/#primaryimage"},"thumbnailUrl":"https:\/\/plamdistributions.com\/wp-content\/uploads\/2022\/02\/EXT-CK56317012-1.jpg","datePublished":"2022-02-28T16:16:32+00:00","dateModified":"2023-01-31T06:13:45+00:00","breadcrumb":{"@id":"https:\/\/plamdistributions.com\/produit\/extracteur-a-tapis-clarke-clean-track-l24-agm\/#breadcrumb"},"inLanguage":"es","potentialAction":[{"@type":"ReadAction","target":["https:\/\/plamdistributions.com\/produit\/extracteur-a-tapis-clarke-clean-track-l24-agm\/"]}]},{"@type":"ImageObject","inLanguage":"es","@id":"https:\/\/plamdistributions.com\/produit\/extracteur-a-tapis-clarke-clean-track-l24-agm\/#primaryimage","url":"https:\/\/plamdistributions.com\/wp-content\/uploads\/2022\/02\/EXT-CK56317012-1.jpg","contentUrl":"https:\/\/plamdistributions.com\/wp-content\/uploads\/2022\/02\/EXT-CK56317012-1.jpg","width":700,"height":700,"caption":"Extracteur \u00e0 tapis Clarke Clean track L24 \/ AGM"},{"@type":"BreadcrumbList","@id":"https:\/\/plamdistributions.com\/produit\/extracteur-a-tapis-clarke-clean-track-l24-agm\/#breadcrumb","itemListElement":[{"@type":"ListItem","position":1,"name":"Accueil","item":"https:\/\/plamdistributions.com\/es\/"},{"@type":"ListItem","position":2,"name":"Tienda","item":"https:\/\/plamdistributions.com\/es\/tienda\/"},{"@type":"ListItem","position":3,"name":"EXTRACTEUR \u00c0 TAPIS CLARKE CLEAN TRACK L24 \/AGM"}]},{"@type":"WebSite","@id":"https:\/\/plamdistributions.com\/#website","url":"https:\/\/plamdistributions.com\/","name":"Distributions Pla-M Inc.","description":"Venta de productos y equipos sanitarios","publisher":{"@id":"https:\/\/plamdistributions.com\/#organization"},"potentialAction":[{"@type":"SearchAction","target":{"@type":"EntryPoint","urlTemplate":"https:\/\/plamdistributions.com\/?s={search_term_string}"},"query-input":{"@type":"PropertyValueSpecification","valueRequired":true,"valueName":"search_term_string"}}],"inLanguage":"es"},{"@type":"Organization","@id":"https:\/\/plamdistributions.com\/#organization","name":"Distributions Pla-M","url":"https:\/\/plamdistributions.com\/","logo":{"@type":"ImageObject","inLanguage":"es","@id":"https:\/\/plamdistributions.com\/#\/schema\/logo\/image\/","url":"https:\/\/plamdistributions.com\/wp-content\/uploads\/2021\/05\/PLAM-SANS.png","contentUrl":"https:\/\/plamdistributions.com\/wp-content\/uploads\/2021\/05\/PLAM-SANS.png","width":289,"height":224,"caption":"Distributions Pla-M"},"image":{"@id":"https:\/\/plamdistributions.com\/#\/schema\/logo\/image\/"},"sameAs":["https:\/\/www.facebook.com\/displam\/","https:\/\/x.com\/Displam","https:\/\/www.youtube.com\/channel\/UCHmm3HCGnpGuaQ984quISDg"]}]}},"_links":{"self":[{"href":"https:\/\/plamdistributions.com\/es\/wp-json\/wp\/v2\/product\/33802","targetHints":{"allow":["GET"]}}],"collection":[{"href":"https:\/\/plamdistributions.com\/es\/wp-json\/wp\/v2\/product"}],"about":[{"href":"https:\/\/plamdistributions.com\/es\/wp-json\/wp\/v2\/types\/product"}],"replies":[{"embeddable":true,"href":"https:\/\/plamdistributions.com\/es\/wp-json\/wp\/v2\/comments?post=33802"}],"wp:featuredmedia":[{"embeddable":true,"href":"https:\/\/plamdistributions.com\/es\/wp-json\/wp\/v2\/media\/33803"}],"wp:attachment":[{"href":"https:\/\/plamdistributions.com\/es\/wp-json\/wp\/v2\/media?parent=33802"}],"wp:term":[{"taxonomy":"product_brand","embeddable":true,"href":"https:\/\/plamdistributions.com\/es\/wp-json\/wp\/v2\/product_brand?post=33802"},{"taxonomy":"product_cat","embeddable":true,"href":"https:\/\/plamdistributions.com\/es\/wp-json\/wp\/v2\/product_cat?post=33802"},{"taxonomy":"product_tag","embeddable":true,"href":"https:\/\/plamdistributions.com\/es\/wp-json\/wp\/v2\/product_tag?post=33802"}],"curies":[{"name":"wp","href":"https:\/\/api.w.org\/{rel}","templated":true}]}}