{"id":34137,"date":"2022-03-03T10:01:32","date_gmt":"2022-03-03T14:01:32","guid":{"rendered":"https:\/\/plamdistributions.com\/?post_type=product&#038;p=34137"},"modified":"2026-01-05T12:10:13","modified_gmt":"2026-01-05T16:10:13","slug":"nettoyant-degraissant-desinfectant-alimentaire-4-litres","status":"publish","type":"product","link":"https:\/\/plamdistributions.com\/es\/produit\/nettoyant-degraissant-desinfectant-alimentaire-4-litres\/","title":{"rendered":"NETTOYANT D\u00c9GRAISSANT D\u00c9SINFECTANT ALIMENTAIRE 4LTS"},"content":{"rendered":"<p><strong>Code: INO-BA6-4<\/strong><\/p>\n<p><em><strong>*SUR COMMANDE<\/strong><\/em><\/p>\n<p>BANO 6 est un nettoyant, d\u00e9sinfectant et assainissant con\u00e7u pour le nettoyage g\u00e9n\u00e9ral dans les \u00e9coles, h\u00f4tels, les bureaux, cuisines, \u00e9tablissements de traitement des aliments et pour l\u2019usage industriel et hospitalier l\u00e9ger. Lorsqu\u2019utilis\u00e9 tel qu\u2019indiqu\u00e9, BANO 6 est con\u00e7u pour d\u00e9sinfecter les surfaces dures inanim\u00e9es telles que les murs, planchers, \u00e9viers, comptoirs, tables, chaises et t\u00e9l\u00e9phones.<\/p>\n","protected":false},"excerpt":{"rendered":"<p><em><strong>*Sur commande<\/strong><\/em><\/p>\n","protected":false},"featured_media":34138,"comment_status":"closed","ping_status":"closed","template":"","meta":[],"product_brand":[],"product_cat":[112,62],"product_tag":[],"class_list":{"0":"post-34137","1":"product","2":"type-product","3":"status-publish","4":"has-post-thumbnail","6":"product_cat-desinfection-et-asssainissants","7":"product_cat-produits-dentretien-menager","8":"product_shipping_class-standard","10":"first","11":"instock","12":"taxable","13":"shipping-taxable","14":"purchasable","15":"product-type-simple"},"yoast_head":"<!-- This site is optimized with the Yoast SEO plugin v27.4 - https:\/\/yoast.com\/product\/yoast-seo-wordpress\/ -->\n<title>NETTOYANT D\u00c9GRAISSANT D\u00c9SINFECTANT ALIMENTAIRE 4LTS | Distributions Pla-M<\/title>\n<meta name=\"robots\" content=\"index, follow, max-snippet:-1, max-image-preview:large, max-video-preview:-1\" \/>\n<link rel=\"canonical\" href=\"https:\/\/plamdistributions.com\/produit\/nettoyant-degraissant-desinfectant-alimentaire-4-litres\/\" \/>\n<meta property=\"og:locale\" content=\"es_ES\" \/>\n<meta property=\"og:type\" content=\"article\" \/>\n<meta property=\"og:title\" content=\"NETTOYANT D\u00c9GRAISSANT D\u00c9SINFECTANT ALIMENTAIRE 4LTS | Distributions Pla-M\" \/>\n<meta property=\"og:description\" content=\"*Sur commande\" \/>\n<meta property=\"og:url\" content=\"https:\/\/plamdistributions.com\/produit\/nettoyant-degraissant-desinfectant-alimentaire-4-litres\/\" \/>\n<meta property=\"og:site_name\" content=\"Distributions Pla-M\" \/>\n<meta property=\"article:publisher\" content=\"https:\/\/www.facebook.com\/displam\/\" \/>\n<meta property=\"article:modified_time\" content=\"2026-01-05T16:10:13+00:00\" \/>\n<meta property=\"og:image\" content=\"https:\/\/plamdistributions.com\/wp-content\/uploads\/2022\/03\/INO-BA6-4.jpg\" \/>\n\t<meta property=\"og:image:width\" content=\"700\" \/>\n\t<meta property=\"og:image:height\" content=\"700\" \/>\n\t<meta property=\"og:image:type\" content=\"image\/jpeg\" \/>\n<meta name=\"twitter:card\" content=\"summary_large_image\" \/>\n<meta name=\"twitter:site\" content=\"@Displam\" \/>\n<meta name=\"twitter:label1\" content=\"Tiempo de lectura\" \/>\n\t<meta name=\"twitter:data1\" content=\"1 minuto\" \/>\n<script type=\"application\/ld+json\" class=\"yoast-schema-graph\">{\"@context\":\"https:\\\/\\\/schema.org\",\"@graph\":[{\"@type\":\"WebPage\",\"@id\":\"https:\\\/\\\/plamdistributions.com\\\/produit\\\/nettoyant-degraissant-desinfectant-alimentaire-4-litres\\\/\",\"url\":\"https:\\\/\\\/plamdistributions.com\\\/produit\\\/nettoyant-degraissant-desinfectant-alimentaire-4-litres\\\/\",\"name\":\"NETTOYANT D\u00c9GRAISSANT D\u00c9SINFECTANT ALIMENTAIRE 4LTS | Distributions Pla-M\",\"isPartOf\":{\"@id\":\"https:\\\/\\\/plamdistributions.com\\\/en\\\/#website\"},\"primaryImageOfPage\":{\"@id\":\"https:\\\/\\\/plamdistributions.com\\\/produit\\\/nettoyant-degraissant-desinfectant-alimentaire-4-litres\\\/#primaryimage\"},\"image\":{\"@id\":\"https:\\\/\\\/plamdistributions.com\\\/produit\\\/nettoyant-degraissant-desinfectant-alimentaire-4-litres\\\/#primaryimage\"},\"thumbnailUrl\":\"https:\\\/\\\/plamdistributions.com\\\/wp-content\\\/uploads\\\/2022\\\/03\\\/INO-BA6-4.jpg\",\"datePublished\":\"2022-03-03T14:01:32+00:00\",\"dateModified\":\"2026-01-05T16:10:13+00:00\",\"breadcrumb\":{\"@id\":\"https:\\\/\\\/plamdistributions.com\\\/produit\\\/nettoyant-degraissant-desinfectant-alimentaire-4-litres\\\/#breadcrumb\"},\"inLanguage\":\"es\",\"potentialAction\":[{\"@type\":\"ReadAction\",\"target\":[\"https:\\\/\\\/plamdistributions.com\\\/produit\\\/nettoyant-degraissant-desinfectant-alimentaire-4-litres\\\/\"]}]},{\"@type\":\"ImageObject\",\"inLanguage\":\"es\",\"@id\":\"https:\\\/\\\/plamdistributions.com\\\/produit\\\/nettoyant-degraissant-desinfectant-alimentaire-4-litres\\\/#primaryimage\",\"url\":\"https:\\\/\\\/plamdistributions.com\\\/wp-content\\\/uploads\\\/2022\\\/03\\\/INO-BA6-4.jpg\",\"contentUrl\":\"https:\\\/\\\/plamdistributions.com\\\/wp-content\\\/uploads\\\/2022\\\/03\\\/INO-BA6-4.jpg\",\"width\":700,\"height\":700,\"caption\":\"Nettoyant d\u00e9graissant d\u00e9sinfectant alimentaire 4 litres\"},{\"@type\":\"BreadcrumbList\",\"@id\":\"https:\\\/\\\/plamdistributions.com\\\/produit\\\/nettoyant-degraissant-desinfectant-alimentaire-4-litres\\\/#breadcrumb\",\"itemListElement\":[{\"@type\":\"ListItem\",\"position\":1,\"name\":\"Accueil\",\"item\":\"https:\\\/\\\/plamdistributions.com\\\/es\\\/\"},{\"@type\":\"ListItem\",\"position\":2,\"name\":\"Tienda\",\"item\":\"https:\\\/\\\/plamdistributions.com\\\/es\\\/tienda\\\/\"},{\"@type\":\"ListItem\",\"position\":3,\"name\":\"NETTOYANT D\u00c9GRAISSANT D\u00c9SINFECTANT ALIMENTAIRE 4LTS\"}]},{\"@type\":\"WebSite\",\"@id\":\"https:\\\/\\\/plamdistributions.com\\\/en\\\/#website\",\"url\":\"https:\\\/\\\/plamdistributions.com\\\/en\\\/\",\"name\":\"Distributions Pla-M Inc.\",\"description\":\"Venta de productos y equipos sanitarios\",\"publisher\":{\"@id\":\"https:\\\/\\\/plamdistributions.com\\\/en\\\/#organization\"},\"potentialAction\":[{\"@type\":\"SearchAction\",\"target\":{\"@type\":\"EntryPoint\",\"urlTemplate\":\"https:\\\/\\\/plamdistributions.com\\\/en\\\/?s={search_term_string}\"},\"query-input\":{\"@type\":\"PropertyValueSpecification\",\"valueRequired\":true,\"valueName\":\"search_term_string\"}}],\"inLanguage\":\"es\"},{\"@type\":\"Organization\",\"@id\":\"https:\\\/\\\/plamdistributions.com\\\/en\\\/#organization\",\"name\":\"Distributions Pla-M\",\"url\":\"https:\\\/\\\/plamdistributions.com\\\/en\\\/\",\"logo\":{\"@type\":\"ImageObject\",\"inLanguage\":\"es\",\"@id\":\"https:\\\/\\\/plamdistributions.com\\\/en\\\/#\\\/schema\\\/logo\\\/image\\\/\",\"url\":\"https:\\\/\\\/plamdistributions.com\\\/wp-content\\\/uploads\\\/2021\\\/05\\\/PLAM-SANS.png\",\"contentUrl\":\"https:\\\/\\\/plamdistributions.com\\\/wp-content\\\/uploads\\\/2021\\\/05\\\/PLAM-SANS.png\",\"width\":289,\"height\":224,\"caption\":\"Distributions Pla-M\"},\"image\":{\"@id\":\"https:\\\/\\\/plamdistributions.com\\\/en\\\/#\\\/schema\\\/logo\\\/image\\\/\"},\"sameAs\":[\"https:\\\/\\\/www.facebook.com\\\/displam\\\/\",\"https:\\\/\\\/x.com\\\/Displam\",\"https:\\\/\\\/www.youtube.com\\\/channel\\\/UCHmm3HCGnpGuaQ984quISDg\"]}]}<\/script>\n<!-- \/ Yoast SEO plugin. -->","yoast_head_json":{"title":"NETTOYANT D\u00c9GRAISSANT D\u00c9SINFECTANT ALIMENTAIRE 4LTS | Distributions Pla-M","robots":{"index":"index","follow":"follow","max-snippet":"max-snippet:-1","max-image-preview":"max-image-preview:large","max-video-preview":"max-video-preview:-1"},"canonical":"https:\/\/plamdistributions.com\/produit\/nettoyant-degraissant-desinfectant-alimentaire-4-litres\/","og_locale":"es_ES","og_type":"article","og_title":"NETTOYANT D\u00c9GRAISSANT D\u00c9SINFECTANT ALIMENTAIRE 4LTS | Distributions Pla-M","og_description":"*Sur commande","og_url":"https:\/\/plamdistributions.com\/produit\/nettoyant-degraissant-desinfectant-alimentaire-4-litres\/","og_site_name":"Distributions Pla-M","article_publisher":"https:\/\/www.facebook.com\/displam\/","article_modified_time":"2026-01-05T16:10:13+00:00","og_image":[{"width":700,"height":700,"url":"https:\/\/plamdistributions.com\/wp-content\/uploads\/2022\/03\/INO-BA6-4.jpg","type":"image\/jpeg"}],"twitter_card":"summary_large_image","twitter_site":"@Displam","twitter_misc":{"Tiempo de lectura":"1 minuto"},"schema":{"@context":"https:\/\/schema.org","@graph":[{"@type":"WebPage","@id":"https:\/\/plamdistributions.com\/produit\/nettoyant-degraissant-desinfectant-alimentaire-4-litres\/","url":"https:\/\/plamdistributions.com\/produit\/nettoyant-degraissant-desinfectant-alimentaire-4-litres\/","name":"NETTOYANT D\u00c9GRAISSANT D\u00c9SINFECTANT ALIMENTAIRE 4LTS | Distributions Pla-M","isPartOf":{"@id":"https:\/\/plamdistributions.com\/en\/#website"},"primaryImageOfPage":{"@id":"https:\/\/plamdistributions.com\/produit\/nettoyant-degraissant-desinfectant-alimentaire-4-litres\/#primaryimage"},"image":{"@id":"https:\/\/plamdistributions.com\/produit\/nettoyant-degraissant-desinfectant-alimentaire-4-litres\/#primaryimage"},"thumbnailUrl":"https:\/\/plamdistributions.com\/wp-content\/uploads\/2022\/03\/INO-BA6-4.jpg","datePublished":"2022-03-03T14:01:32+00:00","dateModified":"2026-01-05T16:10:13+00:00","breadcrumb":{"@id":"https:\/\/plamdistributions.com\/produit\/nettoyant-degraissant-desinfectant-alimentaire-4-litres\/#breadcrumb"},"inLanguage":"es","potentialAction":[{"@type":"ReadAction","target":["https:\/\/plamdistributions.com\/produit\/nettoyant-degraissant-desinfectant-alimentaire-4-litres\/"]}]},{"@type":"ImageObject","inLanguage":"es","@id":"https:\/\/plamdistributions.com\/produit\/nettoyant-degraissant-desinfectant-alimentaire-4-litres\/#primaryimage","url":"https:\/\/plamdistributions.com\/wp-content\/uploads\/2022\/03\/INO-BA6-4.jpg","contentUrl":"https:\/\/plamdistributions.com\/wp-content\/uploads\/2022\/03\/INO-BA6-4.jpg","width":700,"height":700,"caption":"Nettoyant d\u00e9graissant d\u00e9sinfectant alimentaire 4 litres"},{"@type":"BreadcrumbList","@id":"https:\/\/plamdistributions.com\/produit\/nettoyant-degraissant-desinfectant-alimentaire-4-litres\/#breadcrumb","itemListElement":[{"@type":"ListItem","position":1,"name":"Accueil","item":"https:\/\/plamdistributions.com\/es\/"},{"@type":"ListItem","position":2,"name":"Tienda","item":"https:\/\/plamdistributions.com\/es\/tienda\/"},{"@type":"ListItem","position":3,"name":"NETTOYANT D\u00c9GRAISSANT D\u00c9SINFECTANT ALIMENTAIRE 4LTS"}]},{"@type":"WebSite","@id":"https:\/\/plamdistributions.com\/en\/#website","url":"https:\/\/plamdistributions.com\/en\/","name":"Distributions Pla-M Inc.","description":"Venta de productos y equipos sanitarios","publisher":{"@id":"https:\/\/plamdistributions.com\/en\/#organization"},"potentialAction":[{"@type":"SearchAction","target":{"@type":"EntryPoint","urlTemplate":"https:\/\/plamdistributions.com\/en\/?s={search_term_string}"},"query-input":{"@type":"PropertyValueSpecification","valueRequired":true,"valueName":"search_term_string"}}],"inLanguage":"es"},{"@type":"Organization","@id":"https:\/\/plamdistributions.com\/en\/#organization","name":"Distributions Pla-M","url":"https:\/\/plamdistributions.com\/en\/","logo":{"@type":"ImageObject","inLanguage":"es","@id":"https:\/\/plamdistributions.com\/en\/#\/schema\/logo\/image\/","url":"https:\/\/plamdistributions.com\/wp-content\/uploads\/2021\/05\/PLAM-SANS.png","contentUrl":"https:\/\/plamdistributions.com\/wp-content\/uploads\/2021\/05\/PLAM-SANS.png","width":289,"height":224,"caption":"Distributions Pla-M"},"image":{"@id":"https:\/\/plamdistributions.com\/en\/#\/schema\/logo\/image\/"},"sameAs":["https:\/\/www.facebook.com\/displam\/","https:\/\/x.com\/Displam","https:\/\/www.youtube.com\/channel\/UCHmm3HCGnpGuaQ984quISDg"]}]}},"_links":{"self":[{"href":"https:\/\/plamdistributions.com\/es\/wp-json\/wp\/v2\/product\/34137","targetHints":{"allow":["GET"]}}],"collection":[{"href":"https:\/\/plamdistributions.com\/es\/wp-json\/wp\/v2\/product"}],"about":[{"href":"https:\/\/plamdistributions.com\/es\/wp-json\/wp\/v2\/types\/product"}],"replies":[{"embeddable":true,"href":"https:\/\/plamdistributions.com\/es\/wp-json\/wp\/v2\/comments?post=34137"}],"wp:featuredmedia":[{"embeddable":true,"href":"https:\/\/plamdistributions.com\/es\/wp-json\/wp\/v2\/media\/34138"}],"wp:attachment":[{"href":"https:\/\/plamdistributions.com\/es\/wp-json\/wp\/v2\/media?parent=34137"}],"wp:term":[{"taxonomy":"product_brand","embeddable":true,"href":"https:\/\/plamdistributions.com\/es\/wp-json\/wp\/v2\/product_brand?post=34137"},{"taxonomy":"product_cat","embeddable":true,"href":"https:\/\/plamdistributions.com\/es\/wp-json\/wp\/v2\/product_cat?post=34137"},{"taxonomy":"product_tag","embeddable":true,"href":"https:\/\/plamdistributions.com\/es\/wp-json\/wp\/v2\/product_tag?post=34137"}],"curies":[{"name":"wp","href":"https:\/\/api.w.org\/{rel}","templated":true}]}}