{"id":36007,"date":"2022-03-25T01:24:22","date_gmt":"2022-03-25T05:24:22","guid":{"rendered":"https:\/\/plamdistributions.com\/?post_type=product&#038;p=36007"},"modified":"2024-01-24T16:51:12","modified_gmt":"2024-01-24T20:51:12","slug":"lustrant-pour-pneu-20l","status":"publish","type":"product","link":"https:\/\/plamdistributions.com\/es\/produit\/lustrant-pour-pneu-20l\/","title":{"rendered":"LUSTRANT POUR PNEU 20L"},"content":{"rendered":"<p><strong>Code: TIRESHINE20<\/strong><\/p>\n<h4><a href=\"http:\/\/plamdistributions.com\/wp-content\/uploads\/2021\/05\/tire-shine_ft.pdf\"><img decoding=\"async\" class=\"alignnone wp-image-26758\" src=\"http:\/\/plamdistributions.com\/wp-content\/uploads\/2021\/06\/Fiche-technique.jpg\" alt=\"Fiche technique Lustrant pour Pneu TIRE SHINE\" width=\"144\" height=\"64\" srcset=\"https:\/\/plamdistributions.com\/wp-content\/uploads\/2021\/06\/Fiche-technique-200x89.jpg 200w, https:\/\/plamdistributions.com\/wp-content\/uploads\/2021\/06\/Fiche-technique-300x134.jpg 300w, https:\/\/plamdistributions.com\/wp-content\/uploads\/2021\/06\/Fiche-technique.jpg 400w\" sizes=\"(max-width: 144px) 100vw, 144px\" \/><\/a><a href=\"http:\/\/plamdistributions.com\/wp-content\/uploads\/2021\/05\/tire-shine_tds.pdf\"><img decoding=\"async\" class=\"alignnone wp-image-26760\" src=\"http:\/\/plamdistributions.com\/wp-content\/uploads\/2021\/06\/Technical-data-sheet.jpg\" alt=\"Technical data sheet Lustrant pour Pneu TIRE SHINE\" width=\"144\" height=\"64\" srcset=\"https:\/\/plamdistributions.com\/wp-content\/uploads\/2021\/06\/Technical-data-sheet-200x89.jpg 200w, https:\/\/plamdistributions.com\/wp-content\/uploads\/2021\/06\/Technical-data-sheet-300x134.jpg 300w, https:\/\/plamdistributions.com\/wp-content\/uploads\/2021\/06\/Technical-data-sheet.jpg 400w\" sizes=\"(max-width: 144px) 100vw, 144px\" \/><\/a><\/h4>\n<h4 class=\"sous-titre\"><span class=\"badge bg-vert\">\u2713 Ultra concentr\u00e9<\/span>\u00a0<span class=\"badge bg-vert\">\u2713 Pr\u00eat \u00e0 l&#8217;usage<\/span>\u00a0<span class=\"badge bg-vert\">\u2713 Fini ultra brillant<\/span>\u00a0<span class=\"badge bg-vert\">\u2713 Odeur de cerise<\/span><\/h4>\n<p>TIRE SHINE est un lustrant pour pneus rapide et facile d\u2019utilisation qui peut \u00eatre pulv\u00e9ris\u00e9. Il redonne aux pneus un fini ultra lustr\u00e9 d\u2019aspect mouill\u00e9, pour un brillant magnifique et durable, tout en d\u00e9gageant une agr\u00e9able odeur de cerise. Sa formule \u00e0 haute teneur en polym\u00e8res r\u00e9sistants \u00e0 l\u2019eau et l\u2019emploi d\u2019antiozonant, prot\u00e8gent les pneus contre le vieillissement pr\u00e9matur\u00e9 et le fendillement, tout en les emp\u00eachant de brunir. De plus, il peut \u00eatre utilis\u00e9 sur le caoutchouc et les garnitures ext\u00e9rieures en plastique.<\/p>\n<h4 class=\"sous-titre\"><span class=\"badge bg-vert\">\u2713Fabricant: Unica Canada<\/span><\/h4>\n","protected":false},"excerpt":{"rendered":"<p>Code: TIRESHINE20 \u2713 Ultra concentr\u00e9\u00a0\u2713 Pr\u00eat \u00e0 l&#8217;usage\u00a0\u2713 Fini ultra brillant\u00a0\u2713 Odeur de cerise TIRE SHINE est un lustrant pour<\/p>\n","protected":false},"featured_media":36402,"comment_status":"closed","ping_status":"closed","template":"","meta":[],"product_brand":[],"product_cat":[62],"product_tag":[],"class_list":{"0":"post-36007","1":"product","2":"type-product","3":"status-publish","4":"has-post-thumbnail","6":"product_cat-produits-dentretien-menager","8":"first","9":"onbackorder","10":"taxable","11":"shipping-taxable","12":"purchasable","13":"product-type-simple"},"yoast_head":"<!-- This site is optimized with the Yoast SEO plugin v27.4 - https:\/\/yoast.com\/product\/yoast-seo-wordpress\/ -->\n<title>LUSTRANT POUR PNEU 20L | Distributions Pla-M<\/title>\n<meta name=\"robots\" content=\"index, follow, max-snippet:-1, max-image-preview:large, max-video-preview:-1\" \/>\n<link rel=\"canonical\" href=\"https:\/\/plamdistributions.com\/produit\/lustrant-pour-pneu-20l\/\" \/>\n<meta property=\"og:locale\" content=\"es_ES\" \/>\n<meta property=\"og:type\" content=\"article\" \/>\n<meta property=\"og:title\" content=\"LUSTRANT POUR PNEU 20L | Distributions Pla-M\" \/>\n<meta property=\"og:description\" content=\"Code: TIRESHINE20 \u2713 Ultra concentr\u00e9\u00a0\u2713 Pr\u00eat \u00e0 l&#8217;usage\u00a0\u2713 Fini ultra brillant\u00a0\u2713 Odeur de cerise TIRE SHINE est un lustrant pour\" \/>\n<meta property=\"og:url\" content=\"https:\/\/plamdistributions.com\/produit\/lustrant-pour-pneu-20l\/\" \/>\n<meta property=\"og:site_name\" content=\"Distributions Pla-M\" \/>\n<meta property=\"article:publisher\" content=\"https:\/\/www.facebook.com\/displam\/\" \/>\n<meta property=\"article:modified_time\" content=\"2024-01-24T20:51:12+00:00\" \/>\n<meta property=\"og:image\" content=\"https:\/\/plamdistributions.com\/wp-content\/uploads\/2022\/03\/TIRESHINE20.jpg\" \/>\n\t<meta property=\"og:image:width\" content=\"700\" \/>\n\t<meta property=\"og:image:height\" content=\"700\" \/>\n\t<meta property=\"og:image:type\" content=\"image\/jpeg\" \/>\n<meta name=\"twitter:card\" content=\"summary_large_image\" \/>\n<meta name=\"twitter:site\" content=\"@Displam\" \/>\n<meta name=\"twitter:label1\" content=\"Tiempo de lectura\" \/>\n\t<meta name=\"twitter:data1\" content=\"1 minuto\" \/>\n<script type=\"application\/ld+json\" class=\"yoast-schema-graph\">{\"@context\":\"https:\\\/\\\/schema.org\",\"@graph\":[{\"@type\":\"WebPage\",\"@id\":\"https:\\\/\\\/plamdistributions.com\\\/produit\\\/lustrant-pour-pneu-20l\\\/\",\"url\":\"https:\\\/\\\/plamdistributions.com\\\/produit\\\/lustrant-pour-pneu-20l\\\/\",\"name\":\"LUSTRANT POUR PNEU 20L | Distributions Pla-M\",\"isPartOf\":{\"@id\":\"https:\\\/\\\/plamdistributions.com\\\/#website\"},\"primaryImageOfPage\":{\"@id\":\"https:\\\/\\\/plamdistributions.com\\\/produit\\\/lustrant-pour-pneu-20l\\\/#primaryimage\"},\"image\":{\"@id\":\"https:\\\/\\\/plamdistributions.com\\\/produit\\\/lustrant-pour-pneu-20l\\\/#primaryimage\"},\"thumbnailUrl\":\"https:\\\/\\\/plamdistributions.com\\\/wp-content\\\/uploads\\\/2022\\\/03\\\/TIRESHINE20.jpg\",\"datePublished\":\"2022-03-25T05:24:22+00:00\",\"dateModified\":\"2024-01-24T20:51:12+00:00\",\"breadcrumb\":{\"@id\":\"https:\\\/\\\/plamdistributions.com\\\/produit\\\/lustrant-pour-pneu-20l\\\/#breadcrumb\"},\"inLanguage\":\"es\",\"potentialAction\":[{\"@type\":\"ReadAction\",\"target\":[\"https:\\\/\\\/plamdistributions.com\\\/produit\\\/lustrant-pour-pneu-20l\\\/\"]}]},{\"@type\":\"ImageObject\",\"inLanguage\":\"es\",\"@id\":\"https:\\\/\\\/plamdistributions.com\\\/produit\\\/lustrant-pour-pneu-20l\\\/#primaryimage\",\"url\":\"https:\\\/\\\/plamdistributions.com\\\/wp-content\\\/uploads\\\/2022\\\/03\\\/TIRESHINE20.jpg\",\"contentUrl\":\"https:\\\/\\\/plamdistributions.com\\\/wp-content\\\/uploads\\\/2022\\\/03\\\/TIRESHINE20.jpg\",\"width\":700,\"height\":700,\"caption\":\"TIRE SHINE LUSTRANT POUR PNEU 20L\"},{\"@type\":\"BreadcrumbList\",\"@id\":\"https:\\\/\\\/plamdistributions.com\\\/produit\\\/lustrant-pour-pneu-20l\\\/#breadcrumb\",\"itemListElement\":[{\"@type\":\"ListItem\",\"position\":1,\"name\":\"Accueil\",\"item\":\"https:\\\/\\\/plamdistributions.com\\\/es\\\/\"},{\"@type\":\"ListItem\",\"position\":2,\"name\":\"Tienda\",\"item\":\"https:\\\/\\\/plamdistributions.com\\\/es\\\/tienda\\\/\"},{\"@type\":\"ListItem\",\"position\":3,\"name\":\"LUSTRANT POUR PNEU 20L\"}]},{\"@type\":\"WebSite\",\"@id\":\"https:\\\/\\\/plamdistributions.com\\\/#website\",\"url\":\"https:\\\/\\\/plamdistributions.com\\\/\",\"name\":\"Distributions Pla-M Inc.\",\"description\":\"Venta de productos y equipos sanitarios\",\"publisher\":{\"@id\":\"https:\\\/\\\/plamdistributions.com\\\/#organization\"},\"potentialAction\":[{\"@type\":\"SearchAction\",\"target\":{\"@type\":\"EntryPoint\",\"urlTemplate\":\"https:\\\/\\\/plamdistributions.com\\\/?s={search_term_string}\"},\"query-input\":{\"@type\":\"PropertyValueSpecification\",\"valueRequired\":true,\"valueName\":\"search_term_string\"}}],\"inLanguage\":\"es\"},{\"@type\":\"Organization\",\"@id\":\"https:\\\/\\\/plamdistributions.com\\\/#organization\",\"name\":\"Distributions Pla-M\",\"url\":\"https:\\\/\\\/plamdistributions.com\\\/\",\"logo\":{\"@type\":\"ImageObject\",\"inLanguage\":\"es\",\"@id\":\"https:\\\/\\\/plamdistributions.com\\\/#\\\/schema\\\/logo\\\/image\\\/\",\"url\":\"https:\\\/\\\/plamdistributions.com\\\/wp-content\\\/uploads\\\/2021\\\/05\\\/PLAM-SANS.png\",\"contentUrl\":\"https:\\\/\\\/plamdistributions.com\\\/wp-content\\\/uploads\\\/2021\\\/05\\\/PLAM-SANS.png\",\"width\":289,\"height\":224,\"caption\":\"Distributions Pla-M\"},\"image\":{\"@id\":\"https:\\\/\\\/plamdistributions.com\\\/#\\\/schema\\\/logo\\\/image\\\/\"},\"sameAs\":[\"https:\\\/\\\/www.facebook.com\\\/displam\\\/\",\"https:\\\/\\\/x.com\\\/Displam\",\"https:\\\/\\\/www.youtube.com\\\/channel\\\/UCHmm3HCGnpGuaQ984quISDg\"]}]}<\/script>\n<!-- \/ Yoast SEO plugin. -->","yoast_head_json":{"title":"LUSTRANT POUR PNEU 20L | Distributions Pla-M","robots":{"index":"index","follow":"follow","max-snippet":"max-snippet:-1","max-image-preview":"max-image-preview:large","max-video-preview":"max-video-preview:-1"},"canonical":"https:\/\/plamdistributions.com\/produit\/lustrant-pour-pneu-20l\/","og_locale":"es_ES","og_type":"article","og_title":"LUSTRANT POUR PNEU 20L | Distributions Pla-M","og_description":"Code: TIRESHINE20 \u2713 Ultra concentr\u00e9\u00a0\u2713 Pr\u00eat \u00e0 l&#8217;usage\u00a0\u2713 Fini ultra brillant\u00a0\u2713 Odeur de cerise TIRE SHINE est un lustrant pour","og_url":"https:\/\/plamdistributions.com\/produit\/lustrant-pour-pneu-20l\/","og_site_name":"Distributions Pla-M","article_publisher":"https:\/\/www.facebook.com\/displam\/","article_modified_time":"2024-01-24T20:51:12+00:00","og_image":[{"width":700,"height":700,"url":"https:\/\/plamdistributions.com\/wp-content\/uploads\/2022\/03\/TIRESHINE20.jpg","type":"image\/jpeg"}],"twitter_card":"summary_large_image","twitter_site":"@Displam","twitter_misc":{"Tiempo de lectura":"1 minuto"},"schema":{"@context":"https:\/\/schema.org","@graph":[{"@type":"WebPage","@id":"https:\/\/plamdistributions.com\/produit\/lustrant-pour-pneu-20l\/","url":"https:\/\/plamdistributions.com\/produit\/lustrant-pour-pneu-20l\/","name":"LUSTRANT POUR PNEU 20L | Distributions Pla-M","isPartOf":{"@id":"https:\/\/plamdistributions.com\/#website"},"primaryImageOfPage":{"@id":"https:\/\/plamdistributions.com\/produit\/lustrant-pour-pneu-20l\/#primaryimage"},"image":{"@id":"https:\/\/plamdistributions.com\/produit\/lustrant-pour-pneu-20l\/#primaryimage"},"thumbnailUrl":"https:\/\/plamdistributions.com\/wp-content\/uploads\/2022\/03\/TIRESHINE20.jpg","datePublished":"2022-03-25T05:24:22+00:00","dateModified":"2024-01-24T20:51:12+00:00","breadcrumb":{"@id":"https:\/\/plamdistributions.com\/produit\/lustrant-pour-pneu-20l\/#breadcrumb"},"inLanguage":"es","potentialAction":[{"@type":"ReadAction","target":["https:\/\/plamdistributions.com\/produit\/lustrant-pour-pneu-20l\/"]}]},{"@type":"ImageObject","inLanguage":"es","@id":"https:\/\/plamdistributions.com\/produit\/lustrant-pour-pneu-20l\/#primaryimage","url":"https:\/\/plamdistributions.com\/wp-content\/uploads\/2022\/03\/TIRESHINE20.jpg","contentUrl":"https:\/\/plamdistributions.com\/wp-content\/uploads\/2022\/03\/TIRESHINE20.jpg","width":700,"height":700,"caption":"TIRE SHINE LUSTRANT POUR PNEU 20L"},{"@type":"BreadcrumbList","@id":"https:\/\/plamdistributions.com\/produit\/lustrant-pour-pneu-20l\/#breadcrumb","itemListElement":[{"@type":"ListItem","position":1,"name":"Accueil","item":"https:\/\/plamdistributions.com\/es\/"},{"@type":"ListItem","position":2,"name":"Tienda","item":"https:\/\/plamdistributions.com\/es\/tienda\/"},{"@type":"ListItem","position":3,"name":"LUSTRANT POUR PNEU 20L"}]},{"@type":"WebSite","@id":"https:\/\/plamdistributions.com\/#website","url":"https:\/\/plamdistributions.com\/","name":"Distributions Pla-M Inc.","description":"Venta de productos y equipos sanitarios","publisher":{"@id":"https:\/\/plamdistributions.com\/#organization"},"potentialAction":[{"@type":"SearchAction","target":{"@type":"EntryPoint","urlTemplate":"https:\/\/plamdistributions.com\/?s={search_term_string}"},"query-input":{"@type":"PropertyValueSpecification","valueRequired":true,"valueName":"search_term_string"}}],"inLanguage":"es"},{"@type":"Organization","@id":"https:\/\/plamdistributions.com\/#organization","name":"Distributions Pla-M","url":"https:\/\/plamdistributions.com\/","logo":{"@type":"ImageObject","inLanguage":"es","@id":"https:\/\/plamdistributions.com\/#\/schema\/logo\/image\/","url":"https:\/\/plamdistributions.com\/wp-content\/uploads\/2021\/05\/PLAM-SANS.png","contentUrl":"https:\/\/plamdistributions.com\/wp-content\/uploads\/2021\/05\/PLAM-SANS.png","width":289,"height":224,"caption":"Distributions Pla-M"},"image":{"@id":"https:\/\/plamdistributions.com\/#\/schema\/logo\/image\/"},"sameAs":["https:\/\/www.facebook.com\/displam\/","https:\/\/x.com\/Displam","https:\/\/www.youtube.com\/channel\/UCHmm3HCGnpGuaQ984quISDg"]}]}},"_links":{"self":[{"href":"https:\/\/plamdistributions.com\/es\/wp-json\/wp\/v2\/product\/36007","targetHints":{"allow":["GET"]}}],"collection":[{"href":"https:\/\/plamdistributions.com\/es\/wp-json\/wp\/v2\/product"}],"about":[{"href":"https:\/\/plamdistributions.com\/es\/wp-json\/wp\/v2\/types\/product"}],"replies":[{"embeddable":true,"href":"https:\/\/plamdistributions.com\/es\/wp-json\/wp\/v2\/comments?post=36007"}],"wp:featuredmedia":[{"embeddable":true,"href":"https:\/\/plamdistributions.com\/es\/wp-json\/wp\/v2\/media\/36402"}],"wp:attachment":[{"href":"https:\/\/plamdistributions.com\/es\/wp-json\/wp\/v2\/media?parent=36007"}],"wp:term":[{"taxonomy":"product_brand","embeddable":true,"href":"https:\/\/plamdistributions.com\/es\/wp-json\/wp\/v2\/product_brand?post=36007"},{"taxonomy":"product_cat","embeddable":true,"href":"https:\/\/plamdistributions.com\/es\/wp-json\/wp\/v2\/product_cat?post=36007"},{"taxonomy":"product_tag","embeddable":true,"href":"https:\/\/plamdistributions.com\/es\/wp-json\/wp\/v2\/product_tag?post=36007"}],"curies":[{"name":"wp","href":"https:\/\/api.w.org\/{rel}","templated":true}]}}