{"id":36336,"date":"2022-03-25T01:38:40","date_gmt":"2022-03-25T05:38:40","guid":{"rendered":"https:\/\/plamdistributions.com\/?post_type=product&#038;p=36336"},"modified":"2026-02-26T17:00:31","modified_gmt":"2026-02-26T21:00:31","slug":"net-z99-degraissant-4lts-ou-20lts","status":"publish","type":"product","link":"https:\/\/plamdistributions.com\/es\/produit\/net-z99-degraissant-4lts-ou-20lts\/","title":{"rendered":"NET Z-99 \/D\u00c9GRAISSANT 4LTS OU 20LTS"},"content":{"rendered":"<p><strong>Code: Z994 \/ Z9920<\/strong><\/p>\n<p>Puissant d\u00e9graissant \u2013 nettoyant\u00a0: LE MEILLEUR DE L\u2019INDUSTRIE. Dur pour les rudes travaux industriels. Hautement concentr\u00e9 et tr\u00e8s puissant, mais sans danger pour les surfaces. Id\u00e9al pour les travaux lourds et pour usage avec une laveuse \u00e0 pression. ACCR\u00c9DITATION A.C.I.A., Agence Canadienne Inspection des Aliments. Z-99 peut \u00eatre utilis\u00e9 dans les \u00e9tablissements agr\u00e9\u00e9s de transformation des aliments. Il attaque les graisses animales et v\u00e9g\u00e9tales.<\/p>\n<p><strong>\u2713 Fabricant: Parall<\/strong><\/p>\n","protected":false},"excerpt":{"rendered":"<p>Code: Z994 \/ Z9920 Puissant d\u00e9graissant \u2013 nettoyant\u00a0: LE MEILLEUR DE L\u2019INDUSTRIE. Dur pour les rudes travaux industriels. Hautement concentr\u00e9<\/p>\n","protected":false},"featured_media":36597,"comment_status":"closed","ping_status":"closed","template":"","meta":[],"product_brand":[],"product_cat":[62],"product_tag":[],"class_list":{"0":"post-36336","1":"product","2":"type-product","3":"status-publish","4":"has-post-thumbnail","6":"product_cat-produits-dentretien-menager","8":"first","9":"instock","10":"taxable","11":"shipping-taxable","12":"purchasable","13":"product-type-variable"},"yoast_head":"<!-- This site is optimized with the Yoast SEO plugin v27.4 - https:\/\/yoast.com\/product\/yoast-seo-wordpress\/ -->\n<title>NET Z-99 \/D\u00c9GRAISSANT 4LTS OU 20LTS | Distributions Pla-M<\/title>\n<meta name=\"robots\" content=\"index, follow, max-snippet:-1, max-image-preview:large, max-video-preview:-1\" \/>\n<link rel=\"canonical\" href=\"https:\/\/plamdistributions.com\/en\/produit\/net-z99-degraissant-4lts-ou-20lts\/\" \/>\n<meta property=\"og:locale\" content=\"es_ES\" \/>\n<meta property=\"og:type\" content=\"article\" \/>\n<meta property=\"og:title\" content=\"NET Z-99 \/D\u00c9GRAISSANT 4LTS OU 20LTS | Distributions Pla-M\" \/>\n<meta property=\"og:description\" content=\"Code: Z994 \/ Z9920 Puissant d\u00e9graissant \u2013 nettoyant\u00a0: LE MEILLEUR DE L\u2019INDUSTRIE. Dur pour les rudes travaux industriels. Hautement concentr\u00e9\" \/>\n<meta property=\"og:url\" content=\"https:\/\/plamdistributions.com\/en\/produit\/net-z99-degraissant-4lts-ou-20lts\/\" \/>\n<meta property=\"og:site_name\" content=\"Distributions Pla-M\" \/>\n<meta property=\"article:publisher\" content=\"https:\/\/www.facebook.com\/displam\/\" \/>\n<meta property=\"article:modified_time\" content=\"2026-02-26T21:00:31+00:00\" \/>\n<meta property=\"og:image\" content=\"https:\/\/plamdistributions.com\/wp-content\/uploads\/2022\/03\/Z994.jpg\" \/>\n\t<meta property=\"og:image:width\" content=\"700\" \/>\n\t<meta property=\"og:image:height\" content=\"700\" \/>\n\t<meta property=\"og:image:type\" content=\"image\/jpeg\" \/>\n<meta name=\"twitter:card\" content=\"summary_large_image\" \/>\n<meta name=\"twitter:site\" content=\"@Displam\" \/>\n<script type=\"application\/ld+json\" class=\"yoast-schema-graph\">{\"@context\":\"https:\\\/\\\/schema.org\",\"@graph\":[{\"@type\":\"WebPage\",\"@id\":\"https:\\\/\\\/plamdistributions.com\\\/en\\\/produit\\\/net-z99-degraissant-4lts-ou-20lts\\\/\",\"url\":\"https:\\\/\\\/plamdistributions.com\\\/en\\\/produit\\\/net-z99-degraissant-4lts-ou-20lts\\\/\",\"name\":\"NET Z-99 \\\/D\u00c9GRAISSANT 4LTS OU 20LTS | Distributions Pla-M\",\"isPartOf\":{\"@id\":\"https:\\\/\\\/plamdistributions.com\\\/#website\"},\"primaryImageOfPage\":{\"@id\":\"https:\\\/\\\/plamdistributions.com\\\/en\\\/produit\\\/net-z99-degraissant-4lts-ou-20lts\\\/#primaryimage\"},\"image\":{\"@id\":\"https:\\\/\\\/plamdistributions.com\\\/en\\\/produit\\\/net-z99-degraissant-4lts-ou-20lts\\\/#primaryimage\"},\"thumbnailUrl\":\"https:\\\/\\\/plamdistributions.com\\\/wp-content\\\/uploads\\\/2022\\\/03\\\/Z994.jpg\",\"datePublished\":\"2022-03-25T05:38:40+00:00\",\"dateModified\":\"2026-02-26T21:00:31+00:00\",\"breadcrumb\":{\"@id\":\"https:\\\/\\\/plamdistributions.com\\\/en\\\/produit\\\/net-z99-degraissant-4lts-ou-20lts\\\/#breadcrumb\"},\"inLanguage\":\"es\",\"potentialAction\":[{\"@type\":\"ReadAction\",\"target\":[\"https:\\\/\\\/plamdistributions.com\\\/en\\\/produit\\\/net-z99-degraissant-4lts-ou-20lts\\\/\"]}]},{\"@type\":\"ImageObject\",\"inLanguage\":\"es\",\"@id\":\"https:\\\/\\\/plamdistributions.com\\\/en\\\/produit\\\/net-z99-degraissant-4lts-ou-20lts\\\/#primaryimage\",\"url\":\"https:\\\/\\\/plamdistributions.com\\\/wp-content\\\/uploads\\\/2022\\\/03\\\/Z994.jpg\",\"contentUrl\":\"https:\\\/\\\/plamdistributions.com\\\/wp-content\\\/uploads\\\/2022\\\/03\\\/Z994.jpg\",\"width\":700,\"height\":700,\"caption\":\"NET Z-99 nettoyant-d\u00e9graissant Parall\"},{\"@type\":\"BreadcrumbList\",\"@id\":\"https:\\\/\\\/plamdistributions.com\\\/en\\\/produit\\\/net-z99-degraissant-4lts-ou-20lts\\\/#breadcrumb\",\"itemListElement\":[{\"@type\":\"ListItem\",\"position\":1,\"name\":\"Accueil\",\"item\":\"https:\\\/\\\/plamdistributions.com\\\/es\\\/\"},{\"@type\":\"ListItem\",\"position\":2,\"name\":\"Tienda\",\"item\":\"https:\\\/\\\/plamdistributions.com\\\/es\\\/tienda\\\/\"},{\"@type\":\"ListItem\",\"position\":3,\"name\":\"NET Z-99 \\\/D\u00c9GRAISSANT 4LTS OU 20LTS\"}]},{\"@type\":\"WebSite\",\"@id\":\"https:\\\/\\\/plamdistributions.com\\\/#website\",\"url\":\"https:\\\/\\\/plamdistributions.com\\\/\",\"name\":\"Distributions Pla-M Inc.\",\"description\":\"Venta de productos y equipos sanitarios\",\"publisher\":{\"@id\":\"https:\\\/\\\/plamdistributions.com\\\/#organization\"},\"potentialAction\":[{\"@type\":\"SearchAction\",\"target\":{\"@type\":\"EntryPoint\",\"urlTemplate\":\"https:\\\/\\\/plamdistributions.com\\\/?s={search_term_string}\"},\"query-input\":{\"@type\":\"PropertyValueSpecification\",\"valueRequired\":true,\"valueName\":\"search_term_string\"}}],\"inLanguage\":\"es\"},{\"@type\":\"Organization\",\"@id\":\"https:\\\/\\\/plamdistributions.com\\\/#organization\",\"name\":\"Distributions Pla-M\",\"url\":\"https:\\\/\\\/plamdistributions.com\\\/\",\"logo\":{\"@type\":\"ImageObject\",\"inLanguage\":\"es\",\"@id\":\"https:\\\/\\\/plamdistributions.com\\\/#\\\/schema\\\/logo\\\/image\\\/\",\"url\":\"https:\\\/\\\/plamdistributions.com\\\/wp-content\\\/uploads\\\/2021\\\/05\\\/PLAM-SANS.png\",\"contentUrl\":\"https:\\\/\\\/plamdistributions.com\\\/wp-content\\\/uploads\\\/2021\\\/05\\\/PLAM-SANS.png\",\"width\":289,\"height\":224,\"caption\":\"Distributions Pla-M\"},\"image\":{\"@id\":\"https:\\\/\\\/plamdistributions.com\\\/#\\\/schema\\\/logo\\\/image\\\/\"},\"sameAs\":[\"https:\\\/\\\/www.facebook.com\\\/displam\\\/\",\"https:\\\/\\\/x.com\\\/Displam\",\"https:\\\/\\\/www.youtube.com\\\/channel\\\/UCHmm3HCGnpGuaQ984quISDg\"]}]}<\/script>\n<!-- \/ Yoast SEO plugin. -->","yoast_head_json":{"title":"NET Z-99 \/D\u00c9GRAISSANT 4LTS OU 20LTS | Distributions Pla-M","robots":{"index":"index","follow":"follow","max-snippet":"max-snippet:-1","max-image-preview":"max-image-preview:large","max-video-preview":"max-video-preview:-1"},"canonical":"https:\/\/plamdistributions.com\/en\/produit\/net-z99-degraissant-4lts-ou-20lts\/","og_locale":"es_ES","og_type":"article","og_title":"NET Z-99 \/D\u00c9GRAISSANT 4LTS OU 20LTS | Distributions Pla-M","og_description":"Code: Z994 \/ Z9920 Puissant d\u00e9graissant \u2013 nettoyant\u00a0: LE MEILLEUR DE L\u2019INDUSTRIE. Dur pour les rudes travaux industriels. Hautement concentr\u00e9","og_url":"https:\/\/plamdistributions.com\/en\/produit\/net-z99-degraissant-4lts-ou-20lts\/","og_site_name":"Distributions Pla-M","article_publisher":"https:\/\/www.facebook.com\/displam\/","article_modified_time":"2026-02-26T21:00:31+00:00","og_image":[{"width":700,"height":700,"url":"https:\/\/plamdistributions.com\/wp-content\/uploads\/2022\/03\/Z994.jpg","type":"image\/jpeg"}],"twitter_card":"summary_large_image","twitter_site":"@Displam","schema":{"@context":"https:\/\/schema.org","@graph":[{"@type":"WebPage","@id":"https:\/\/plamdistributions.com\/en\/produit\/net-z99-degraissant-4lts-ou-20lts\/","url":"https:\/\/plamdistributions.com\/en\/produit\/net-z99-degraissant-4lts-ou-20lts\/","name":"NET Z-99 \/D\u00c9GRAISSANT 4LTS OU 20LTS | Distributions Pla-M","isPartOf":{"@id":"https:\/\/plamdistributions.com\/#website"},"primaryImageOfPage":{"@id":"https:\/\/plamdistributions.com\/en\/produit\/net-z99-degraissant-4lts-ou-20lts\/#primaryimage"},"image":{"@id":"https:\/\/plamdistributions.com\/en\/produit\/net-z99-degraissant-4lts-ou-20lts\/#primaryimage"},"thumbnailUrl":"https:\/\/plamdistributions.com\/wp-content\/uploads\/2022\/03\/Z994.jpg","datePublished":"2022-03-25T05:38:40+00:00","dateModified":"2026-02-26T21:00:31+00:00","breadcrumb":{"@id":"https:\/\/plamdistributions.com\/en\/produit\/net-z99-degraissant-4lts-ou-20lts\/#breadcrumb"},"inLanguage":"es","potentialAction":[{"@type":"ReadAction","target":["https:\/\/plamdistributions.com\/en\/produit\/net-z99-degraissant-4lts-ou-20lts\/"]}]},{"@type":"ImageObject","inLanguage":"es","@id":"https:\/\/plamdistributions.com\/en\/produit\/net-z99-degraissant-4lts-ou-20lts\/#primaryimage","url":"https:\/\/plamdistributions.com\/wp-content\/uploads\/2022\/03\/Z994.jpg","contentUrl":"https:\/\/plamdistributions.com\/wp-content\/uploads\/2022\/03\/Z994.jpg","width":700,"height":700,"caption":"NET Z-99 nettoyant-d\u00e9graissant Parall"},{"@type":"BreadcrumbList","@id":"https:\/\/plamdistributions.com\/en\/produit\/net-z99-degraissant-4lts-ou-20lts\/#breadcrumb","itemListElement":[{"@type":"ListItem","position":1,"name":"Accueil","item":"https:\/\/plamdistributions.com\/es\/"},{"@type":"ListItem","position":2,"name":"Tienda","item":"https:\/\/plamdistributions.com\/es\/tienda\/"},{"@type":"ListItem","position":3,"name":"NET Z-99 \/D\u00c9GRAISSANT 4LTS OU 20LTS"}]},{"@type":"WebSite","@id":"https:\/\/plamdistributions.com\/#website","url":"https:\/\/plamdistributions.com\/","name":"Distributions Pla-M Inc.","description":"Venta de productos y equipos sanitarios","publisher":{"@id":"https:\/\/plamdistributions.com\/#organization"},"potentialAction":[{"@type":"SearchAction","target":{"@type":"EntryPoint","urlTemplate":"https:\/\/plamdistributions.com\/?s={search_term_string}"},"query-input":{"@type":"PropertyValueSpecification","valueRequired":true,"valueName":"search_term_string"}}],"inLanguage":"es"},{"@type":"Organization","@id":"https:\/\/plamdistributions.com\/#organization","name":"Distributions Pla-M","url":"https:\/\/plamdistributions.com\/","logo":{"@type":"ImageObject","inLanguage":"es","@id":"https:\/\/plamdistributions.com\/#\/schema\/logo\/image\/","url":"https:\/\/plamdistributions.com\/wp-content\/uploads\/2021\/05\/PLAM-SANS.png","contentUrl":"https:\/\/plamdistributions.com\/wp-content\/uploads\/2021\/05\/PLAM-SANS.png","width":289,"height":224,"caption":"Distributions Pla-M"},"image":{"@id":"https:\/\/plamdistributions.com\/#\/schema\/logo\/image\/"},"sameAs":["https:\/\/www.facebook.com\/displam\/","https:\/\/x.com\/Displam","https:\/\/www.youtube.com\/channel\/UCHmm3HCGnpGuaQ984quISDg"]}]}},"_links":{"self":[{"href":"https:\/\/plamdistributions.com\/es\/wp-json\/wp\/v2\/product\/36336","targetHints":{"allow":["GET"]}}],"collection":[{"href":"https:\/\/plamdistributions.com\/es\/wp-json\/wp\/v2\/product"}],"about":[{"href":"https:\/\/plamdistributions.com\/es\/wp-json\/wp\/v2\/types\/product"}],"replies":[{"embeddable":true,"href":"https:\/\/plamdistributions.com\/es\/wp-json\/wp\/v2\/comments?post=36336"}],"wp:featuredmedia":[{"embeddable":true,"href":"https:\/\/plamdistributions.com\/es\/wp-json\/wp\/v2\/media\/36597"}],"wp:attachment":[{"href":"https:\/\/plamdistributions.com\/es\/wp-json\/wp\/v2\/media?parent=36336"}],"wp:term":[{"taxonomy":"product_brand","embeddable":true,"href":"https:\/\/plamdistributions.com\/es\/wp-json\/wp\/v2\/product_brand?post=36336"},{"taxonomy":"product_cat","embeddable":true,"href":"https:\/\/plamdistributions.com\/es\/wp-json\/wp\/v2\/product_cat?post=36336"},{"taxonomy":"product_tag","embeddable":true,"href":"https:\/\/plamdistributions.com\/es\/wp-json\/wp\/v2\/product_tag?post=36336"}],"curies":[{"name":"wp","href":"https:\/\/api.w.org\/{rel}","templated":true}]}}