{"id":38851,"date":"2021-05-21T14:34:41","date_gmt":"2021-05-21T18:34:41","guid":{"rendered":"https:\/\/plamdistributions.com\/produit\/aspirador-de-pisos-alfombras-a-bateria-25v-2-velocidades\/"},"modified":"2022-06-15T14:55:17","modified_gmt":"2022-06-15T18:55:17","slug":"aspirateur-batterie-25v-plancher-tapis-2-vitesses","status":"publish","type":"product","link":"https:\/\/plamdistributions.com\/es\/produit\/aspirateur-batterie-25v-plancher-tapis-2-vitesses\/","title":{"rendered":"ASPIRADORA DE PISOS\/ALFOMBRAS A BATER\u00cdA 25V 2 VELOCIDADES"},"content":{"rendered":"<p><strong>C\u00f3digo: ASM-JV252<\/strong><\/p>\n<ul>\n<li>Tipo de bater\u00eda: iones de litio de 25,2 V;<\/li>\n<li>Capacidad del dep\u00f3sito de polvo: 0,6 L;<\/li>\n<li>Autonom\u00eda media: 25 minutos;<\/li>\n<li>Autonom\u00eda en modo \u00abSupercharged\u00bb: 10 minutos;<\/li>\n<li>Tiempo de carga: 3 horas;<\/li>\n<li>Succi\u00f3n cicl\u00f3nica: S\u00ed;<\/li>\n<li>Cargador-adaptador: 100 V 50 Hz;<\/li>\n<li>Filtraci\u00f3n: Microfiltraci\u00f3n HEPA;<\/li>\n<li>N\u00famero de engranajes: 2<\/li>\n<\/ul>\n<p><strong>\u2713 Fabricante: Johnny Vac<\/strong><\/p>\n","protected":false},"excerpt":{"rendered":"<p>C\u00f3digo: ASM-JV252 Tipo de bater\u00eda: iones de litio de 25,2 V; Capacidad del dep\u00f3sito de polvo: 0,6 L; Autonom\u00eda media:<\/p>\n","protected":false},"featured_media":23395,"comment_status":"closed","ping_status":"closed","template":"","meta":[],"product_brand":[],"product_cat":[762,761],"product_tag":[],"class_list":{"0":"post-38851","1":"product","2":"type-product","3":"status-publish","4":"has-post-thumbnail","6":"product_cat-aspiradoras","7":"product_cat-equipamento","8":"product_shipping_class-standard-es","10":"first","11":"instock","12":"featured","13":"taxable","14":"shipping-taxable","15":"purchasable","16":"product-type-simple"},"yoast_head":"<!-- This site is optimized with the Yoast SEO plugin v27.4 - https:\/\/yoast.com\/product\/yoast-seo-wordpress\/ -->\n<title>ASPIRADORA DE PISOS\/ALFOMBRAS A BATER\u00cdA 25V 2 VELOCIDADES | Distributions Pla-M<\/title>\n<meta name=\"robots\" content=\"index, follow, max-snippet:-1, max-image-preview:large, max-video-preview:-1\" \/>\n<link rel=\"canonical\" href=\"https:\/\/plamdistributions.com\/es\/produit\/aspirateur-batterie-25v-plancher-tapis-2-vitesses\/\" \/>\n<meta property=\"og:locale\" content=\"es_ES\" \/>\n<meta property=\"og:type\" content=\"article\" \/>\n<meta property=\"og:title\" content=\"ASPIRADORA DE PISOS\/ALFOMBRAS A BATER\u00cdA 25V 2 VELOCIDADES | Distributions Pla-M\" \/>\n<meta property=\"og:description\" content=\"C\u00f3digo: ASM-JV252 Tipo de bater\u00eda: iones de litio de 25,2 V; Capacidad del dep\u00f3sito de polvo: 0,6 L; Autonom\u00eda media:\" \/>\n<meta property=\"og:url\" content=\"https:\/\/plamdistributions.com\/es\/produit\/aspirateur-batterie-25v-plancher-tapis-2-vitesses\/\" \/>\n<meta property=\"og:site_name\" content=\"Distributions Pla-M\" \/>\n<meta property=\"article:publisher\" content=\"https:\/\/www.facebook.com\/displam\/\" \/>\n<meta property=\"article:modified_time\" content=\"2022-06-15T18:55:17+00:00\" \/>\n<meta property=\"og:image\" content=\"https:\/\/plamdistributions.com\/wp-content\/uploads\/2021\/05\/ASM-JV252.jpg\" \/>\n\t<meta property=\"og:image:width\" content=\"600\" \/>\n\t<meta property=\"og:image:height\" content=\"600\" \/>\n\t<meta property=\"og:image:type\" content=\"image\/jpeg\" \/>\n<meta name=\"twitter:card\" content=\"summary_large_image\" \/>\n<meta name=\"twitter:site\" content=\"@Displam\" \/>\n<script type=\"application\/ld+json\" class=\"yoast-schema-graph\">{\"@context\":\"https:\\\/\\\/schema.org\",\"@graph\":[{\"@type\":\"WebPage\",\"@id\":\"https:\\\/\\\/plamdistributions.com\\\/es\\\/produit\\\/aspirateur-batterie-25v-plancher-tapis-2-vitesses\\\/\",\"url\":\"https:\\\/\\\/plamdistributions.com\\\/es\\\/produit\\\/aspirateur-batterie-25v-plancher-tapis-2-vitesses\\\/\",\"name\":\"ASPIRADORA DE PISOS\\\/ALFOMBRAS A BATER\u00cdA 25V 2 VELOCIDADES | Distributions Pla-M\",\"isPartOf\":{\"@id\":\"https:\\\/\\\/plamdistributions.com\\\/en\\\/#website\"},\"primaryImageOfPage\":{\"@id\":\"https:\\\/\\\/plamdistributions.com\\\/es\\\/produit\\\/aspirateur-batterie-25v-plancher-tapis-2-vitesses\\\/#primaryimage\"},\"image\":{\"@id\":\"https:\\\/\\\/plamdistributions.com\\\/es\\\/produit\\\/aspirateur-batterie-25v-plancher-tapis-2-vitesses\\\/#primaryimage\"},\"thumbnailUrl\":\"https:\\\/\\\/plamdistributions.com\\\/wp-content\\\/uploads\\\/2021\\\/05\\\/ASM-JV252.jpg\",\"datePublished\":\"2021-05-21T18:34:41+00:00\",\"dateModified\":\"2022-06-15T18:55:17+00:00\",\"breadcrumb\":{\"@id\":\"https:\\\/\\\/plamdistributions.com\\\/es\\\/produit\\\/aspirateur-batterie-25v-plancher-tapis-2-vitesses\\\/#breadcrumb\"},\"inLanguage\":\"es\",\"potentialAction\":[{\"@type\":\"ReadAction\",\"target\":[\"https:\\\/\\\/plamdistributions.com\\\/es\\\/produit\\\/aspirateur-batterie-25v-plancher-tapis-2-vitesses\\\/\"]}]},{\"@type\":\"ImageObject\",\"inLanguage\":\"es\",\"@id\":\"https:\\\/\\\/plamdistributions.com\\\/es\\\/produit\\\/aspirateur-batterie-25v-plancher-tapis-2-vitesses\\\/#primaryimage\",\"url\":\"https:\\\/\\\/plamdistributions.com\\\/wp-content\\\/uploads\\\/2021\\\/05\\\/ASM-JV252.jpg\",\"contentUrl\":\"https:\\\/\\\/plamdistributions.com\\\/wp-content\\\/uploads\\\/2021\\\/05\\\/ASM-JV252.jpg\",\"width\":600,\"height\":600},{\"@type\":\"BreadcrumbList\",\"@id\":\"https:\\\/\\\/plamdistributions.com\\\/es\\\/produit\\\/aspirateur-batterie-25v-plancher-tapis-2-vitesses\\\/#breadcrumb\",\"itemListElement\":[{\"@type\":\"ListItem\",\"position\":1,\"name\":\"Accueil\",\"item\":\"https:\\\/\\\/plamdistributions.com\\\/es\\\/\"},{\"@type\":\"ListItem\",\"position\":2,\"name\":\"Tienda\",\"item\":\"https:\\\/\\\/plamdistributions.com\\\/es\\\/tienda\\\/\"},{\"@type\":\"ListItem\",\"position\":3,\"name\":\"ASPIRADORA DE PISOS\\\/ALFOMBRAS A BATER\u00cdA 25V 2 VELOCIDADES\"}]},{\"@type\":\"WebSite\",\"@id\":\"https:\\\/\\\/plamdistributions.com\\\/en\\\/#website\",\"url\":\"https:\\\/\\\/plamdistributions.com\\\/en\\\/\",\"name\":\"Distributions Pla-M Inc.\",\"description\":\"Venta de productos y equipos sanitarios\",\"publisher\":{\"@id\":\"https:\\\/\\\/plamdistributions.com\\\/en\\\/#organization\"},\"potentialAction\":[{\"@type\":\"SearchAction\",\"target\":{\"@type\":\"EntryPoint\",\"urlTemplate\":\"https:\\\/\\\/plamdistributions.com\\\/en\\\/?s={search_term_string}\"},\"query-input\":{\"@type\":\"PropertyValueSpecification\",\"valueRequired\":true,\"valueName\":\"search_term_string\"}}],\"inLanguage\":\"es\"},{\"@type\":\"Organization\",\"@id\":\"https:\\\/\\\/plamdistributions.com\\\/en\\\/#organization\",\"name\":\"Distributions Pla-M\",\"url\":\"https:\\\/\\\/plamdistributions.com\\\/en\\\/\",\"logo\":{\"@type\":\"ImageObject\",\"inLanguage\":\"es\",\"@id\":\"https:\\\/\\\/plamdistributions.com\\\/en\\\/#\\\/schema\\\/logo\\\/image\\\/\",\"url\":\"https:\\\/\\\/plamdistributions.com\\\/wp-content\\\/uploads\\\/2021\\\/05\\\/PLAM-SANS.png\",\"contentUrl\":\"https:\\\/\\\/plamdistributions.com\\\/wp-content\\\/uploads\\\/2021\\\/05\\\/PLAM-SANS.png\",\"width\":289,\"height\":224,\"caption\":\"Distributions Pla-M\"},\"image\":{\"@id\":\"https:\\\/\\\/plamdistributions.com\\\/en\\\/#\\\/schema\\\/logo\\\/image\\\/\"},\"sameAs\":[\"https:\\\/\\\/www.facebook.com\\\/displam\\\/\",\"https:\\\/\\\/x.com\\\/Displam\",\"https:\\\/\\\/www.youtube.com\\\/channel\\\/UCHmm3HCGnpGuaQ984quISDg\"]}]}<\/script>\n<!-- \/ Yoast SEO plugin. -->","yoast_head_json":{"title":"ASPIRADORA DE PISOS\/ALFOMBRAS A BATER\u00cdA 25V 2 VELOCIDADES | Distributions Pla-M","robots":{"index":"index","follow":"follow","max-snippet":"max-snippet:-1","max-image-preview":"max-image-preview:large","max-video-preview":"max-video-preview:-1"},"canonical":"https:\/\/plamdistributions.com\/es\/produit\/aspirateur-batterie-25v-plancher-tapis-2-vitesses\/","og_locale":"es_ES","og_type":"article","og_title":"ASPIRADORA DE PISOS\/ALFOMBRAS A BATER\u00cdA 25V 2 VELOCIDADES | Distributions Pla-M","og_description":"C\u00f3digo: ASM-JV252 Tipo de bater\u00eda: iones de litio de 25,2 V; Capacidad del dep\u00f3sito de polvo: 0,6 L; Autonom\u00eda media:","og_url":"https:\/\/plamdistributions.com\/es\/produit\/aspirateur-batterie-25v-plancher-tapis-2-vitesses\/","og_site_name":"Distributions Pla-M","article_publisher":"https:\/\/www.facebook.com\/displam\/","article_modified_time":"2022-06-15T18:55:17+00:00","og_image":[{"width":600,"height":600,"url":"https:\/\/plamdistributions.com\/wp-content\/uploads\/2021\/05\/ASM-JV252.jpg","type":"image\/jpeg"}],"twitter_card":"summary_large_image","twitter_site":"@Displam","schema":{"@context":"https:\/\/schema.org","@graph":[{"@type":"WebPage","@id":"https:\/\/plamdistributions.com\/es\/produit\/aspirateur-batterie-25v-plancher-tapis-2-vitesses\/","url":"https:\/\/plamdistributions.com\/es\/produit\/aspirateur-batterie-25v-plancher-tapis-2-vitesses\/","name":"ASPIRADORA DE PISOS\/ALFOMBRAS A BATER\u00cdA 25V 2 VELOCIDADES | Distributions Pla-M","isPartOf":{"@id":"https:\/\/plamdistributions.com\/en\/#website"},"primaryImageOfPage":{"@id":"https:\/\/plamdistributions.com\/es\/produit\/aspirateur-batterie-25v-plancher-tapis-2-vitesses\/#primaryimage"},"image":{"@id":"https:\/\/plamdistributions.com\/es\/produit\/aspirateur-batterie-25v-plancher-tapis-2-vitesses\/#primaryimage"},"thumbnailUrl":"https:\/\/plamdistributions.com\/wp-content\/uploads\/2021\/05\/ASM-JV252.jpg","datePublished":"2021-05-21T18:34:41+00:00","dateModified":"2022-06-15T18:55:17+00:00","breadcrumb":{"@id":"https:\/\/plamdistributions.com\/es\/produit\/aspirateur-batterie-25v-plancher-tapis-2-vitesses\/#breadcrumb"},"inLanguage":"es","potentialAction":[{"@type":"ReadAction","target":["https:\/\/plamdistributions.com\/es\/produit\/aspirateur-batterie-25v-plancher-tapis-2-vitesses\/"]}]},{"@type":"ImageObject","inLanguage":"es","@id":"https:\/\/plamdistributions.com\/es\/produit\/aspirateur-batterie-25v-plancher-tapis-2-vitesses\/#primaryimage","url":"https:\/\/plamdistributions.com\/wp-content\/uploads\/2021\/05\/ASM-JV252.jpg","contentUrl":"https:\/\/plamdistributions.com\/wp-content\/uploads\/2021\/05\/ASM-JV252.jpg","width":600,"height":600},{"@type":"BreadcrumbList","@id":"https:\/\/plamdistributions.com\/es\/produit\/aspirateur-batterie-25v-plancher-tapis-2-vitesses\/#breadcrumb","itemListElement":[{"@type":"ListItem","position":1,"name":"Accueil","item":"https:\/\/plamdistributions.com\/es\/"},{"@type":"ListItem","position":2,"name":"Tienda","item":"https:\/\/plamdistributions.com\/es\/tienda\/"},{"@type":"ListItem","position":3,"name":"ASPIRADORA DE PISOS\/ALFOMBRAS A BATER\u00cdA 25V 2 VELOCIDADES"}]},{"@type":"WebSite","@id":"https:\/\/plamdistributions.com\/en\/#website","url":"https:\/\/plamdistributions.com\/en\/","name":"Distributions Pla-M Inc.","description":"Venta de productos y equipos sanitarios","publisher":{"@id":"https:\/\/plamdistributions.com\/en\/#organization"},"potentialAction":[{"@type":"SearchAction","target":{"@type":"EntryPoint","urlTemplate":"https:\/\/plamdistributions.com\/en\/?s={search_term_string}"},"query-input":{"@type":"PropertyValueSpecification","valueRequired":true,"valueName":"search_term_string"}}],"inLanguage":"es"},{"@type":"Organization","@id":"https:\/\/plamdistributions.com\/en\/#organization","name":"Distributions Pla-M","url":"https:\/\/plamdistributions.com\/en\/","logo":{"@type":"ImageObject","inLanguage":"es","@id":"https:\/\/plamdistributions.com\/en\/#\/schema\/logo\/image\/","url":"https:\/\/plamdistributions.com\/wp-content\/uploads\/2021\/05\/PLAM-SANS.png","contentUrl":"https:\/\/plamdistributions.com\/wp-content\/uploads\/2021\/05\/PLAM-SANS.png","width":289,"height":224,"caption":"Distributions Pla-M"},"image":{"@id":"https:\/\/plamdistributions.com\/en\/#\/schema\/logo\/image\/"},"sameAs":["https:\/\/www.facebook.com\/displam\/","https:\/\/x.com\/Displam","https:\/\/www.youtube.com\/channel\/UCHmm3HCGnpGuaQ984quISDg"]}]}},"_links":{"self":[{"href":"https:\/\/plamdistributions.com\/es\/wp-json\/wp\/v2\/product\/38851","targetHints":{"allow":["GET"]}}],"collection":[{"href":"https:\/\/plamdistributions.com\/es\/wp-json\/wp\/v2\/product"}],"about":[{"href":"https:\/\/plamdistributions.com\/es\/wp-json\/wp\/v2\/types\/product"}],"replies":[{"embeddable":true,"href":"https:\/\/plamdistributions.com\/es\/wp-json\/wp\/v2\/comments?post=38851"}],"wp:featuredmedia":[{"embeddable":true,"href":"https:\/\/plamdistributions.com\/es\/wp-json\/wp\/v2\/media\/23395"}],"wp:attachment":[{"href":"https:\/\/plamdistributions.com\/es\/wp-json\/wp\/v2\/media?parent=38851"}],"wp:term":[{"taxonomy":"product_brand","embeddable":true,"href":"https:\/\/plamdistributions.com\/es\/wp-json\/wp\/v2\/product_brand?post=38851"},{"taxonomy":"product_cat","embeddable":true,"href":"https:\/\/plamdistributions.com\/es\/wp-json\/wp\/v2\/product_cat?post=38851"},{"taxonomy":"product_tag","embeddable":true,"href":"https:\/\/plamdistributions.com\/es\/wp-json\/wp\/v2\/product_tag?post=38851"}],"curies":[{"name":"wp","href":"https:\/\/api.w.org\/{rel}","templated":true}]}}