{"id":38892,"date":"2022-03-30T01:04:55","date_gmt":"2022-03-30T05:04:55","guid":{"rendered":"https:\/\/plamdistributions.com\/produit\/aspirador-johnny-vac-4gl-acc-seco-humedo-seco-humedo\/"},"modified":"2022-06-15T15:25:51","modified_gmt":"2022-06-15T19:25:51","slug":"aspirateur-traineau-johnny-vac-4gl-acc-sec-humide","status":"publish","type":"product","link":"https:\/\/plamdistributions.com\/es\/produit\/aspirateur-traineau-johnny-vac-4gl-acc-sec-humide\/","title":{"rendered":"ASPIRADOR JOHNNY VAC 4GL + ACC. SECO H\u00daMEDO SECO\/H\u00daMEDO"},"content":{"rendered":"<p><strong>C\u00f3digo: AST-JV125<\/strong><\/p>\n<p><strong>Aspiradora JV125<\/strong><\/p>\n<ul>\n<li>Con una capacidad de 4 galones (15 L), la JV125 es el tipo de aspiradora comercial de uso general sin la que no puede vivir. Aspirando tanto los residuos secos como el agua, su carro extra\u00edble y su dep\u00f3sito abocardado te permiten utilizar el aspirador en todas las circunstancias sin miedo a que el aparato se vuelque. Adem\u00e1s, tiene una toma de corriente con la que puedes a\u00f1adir una escoba el\u00e9ctrica.<\/li>\n<\/ul>\n<p><strong>\u2713 Fabricante: Johnny Vac<\/strong><\/p>\n","protected":false},"excerpt":{"rendered":"<p>C\u00f3digo: AST-JV125 Aspiradora JV125 Con una capacidad de 4 galones (15 L), la JV125 es el tipo de aspiradora comercial<\/p>\n","protected":false},"featured_media":23409,"comment_status":"closed","ping_status":"closed","template":"","meta":[],"product_brand":[],"product_cat":[762],"product_tag":[],"class_list":{"0":"post-38892","1":"product","2":"type-product","3":"status-publish","4":"has-post-thumbnail","6":"product_cat-aspiradoras","8":"first","9":"instock","10":"taxable","11":"shipping-taxable","12":"purchasable","13":"product-type-simple"},"yoast_head":"<!-- This site is optimized with the Yoast SEO plugin v27.5 - https:\/\/yoast.com\/product\/yoast-seo-wordpress\/ -->\n<title>ASPIRADOR JOHNNY VAC 4GL + ACC. SECO H\u00daMEDO SECO\/H\u00daMEDO | Distributions Pla-M<\/title>\n<meta name=\"robots\" content=\"index, follow, max-snippet:-1, max-image-preview:large, max-video-preview:-1\" \/>\n<link rel=\"canonical\" href=\"https:\/\/plamdistributions.com\/es\/produit\/aspirateur-traineau-johnny-vac-4gl-acc-sec-humide\/\" \/>\n<meta property=\"og:locale\" content=\"es_ES\" \/>\n<meta property=\"og:type\" content=\"article\" \/>\n<meta property=\"og:title\" content=\"ASPIRADOR JOHNNY VAC 4GL + ACC. SECO H\u00daMEDO SECO\/H\u00daMEDO | Distributions Pla-M\" \/>\n<meta property=\"og:description\" content=\"C\u00f3digo: AST-JV125 Aspiradora JV125 Con una capacidad de 4 galones (15 L), la JV125 es el tipo de aspiradora comercial\" \/>\n<meta property=\"og:url\" content=\"https:\/\/plamdistributions.com\/es\/produit\/aspirateur-traineau-johnny-vac-4gl-acc-sec-humide\/\" \/>\n<meta property=\"og:site_name\" content=\"Distributions Pla-M\" \/>\n<meta property=\"article:publisher\" content=\"https:\/\/www.facebook.com\/displam\/\" \/>\n<meta property=\"article:modified_time\" content=\"2022-06-15T19:25:51+00:00\" \/>\n<meta property=\"og:image\" content=\"https:\/\/plamdistributions.com\/wp-content\/uploads\/2021\/05\/AST-JV125.jpg\" \/>\n\t<meta property=\"og:image:width\" content=\"600\" \/>\n\t<meta property=\"og:image:height\" content=\"600\" \/>\n\t<meta property=\"og:image:type\" content=\"image\/jpeg\" \/>\n<meta name=\"twitter:card\" content=\"summary_large_image\" \/>\n<meta name=\"twitter:site\" content=\"@Displam\" \/>\n<script type=\"application\/ld+json\" class=\"yoast-schema-graph\">{\"@context\":\"https:\\\/\\\/schema.org\",\"@graph\":[{\"@type\":\"WebPage\",\"@id\":\"https:\\\/\\\/plamdistributions.com\\\/es\\\/produit\\\/aspirateur-traineau-johnny-vac-4gl-acc-sec-humide\\\/\",\"url\":\"https:\\\/\\\/plamdistributions.com\\\/es\\\/produit\\\/aspirateur-traineau-johnny-vac-4gl-acc-sec-humide\\\/\",\"name\":\"ASPIRADOR JOHNNY VAC 4GL + ACC. SECO H\u00daMEDO SECO\\\/H\u00daMEDO | Distributions Pla-M\",\"isPartOf\":{\"@id\":\"https:\\\/\\\/plamdistributions.com\\\/es\\\/#website\"},\"primaryImageOfPage\":{\"@id\":\"https:\\\/\\\/plamdistributions.com\\\/es\\\/produit\\\/aspirateur-traineau-johnny-vac-4gl-acc-sec-humide\\\/#primaryimage\"},\"image\":{\"@id\":\"https:\\\/\\\/plamdistributions.com\\\/es\\\/produit\\\/aspirateur-traineau-johnny-vac-4gl-acc-sec-humide\\\/#primaryimage\"},\"thumbnailUrl\":\"https:\\\/\\\/plamdistributions.com\\\/wp-content\\\/uploads\\\/2021\\\/05\\\/AST-JV125.jpg\",\"datePublished\":\"2022-03-30T05:04:55+00:00\",\"dateModified\":\"2022-06-15T19:25:51+00:00\",\"breadcrumb\":{\"@id\":\"https:\\\/\\\/plamdistributions.com\\\/es\\\/produit\\\/aspirateur-traineau-johnny-vac-4gl-acc-sec-humide\\\/#breadcrumb\"},\"inLanguage\":\"es\",\"potentialAction\":[{\"@type\":\"ReadAction\",\"target\":[\"https:\\\/\\\/plamdistributions.com\\\/es\\\/produit\\\/aspirateur-traineau-johnny-vac-4gl-acc-sec-humide\\\/\"]}]},{\"@type\":\"ImageObject\",\"inLanguage\":\"es\",\"@id\":\"https:\\\/\\\/plamdistributions.com\\\/es\\\/produit\\\/aspirateur-traineau-johnny-vac-4gl-acc-sec-humide\\\/#primaryimage\",\"url\":\"https:\\\/\\\/plamdistributions.com\\\/wp-content\\\/uploads\\\/2021\\\/05\\\/AST-JV125.jpg\",\"contentUrl\":\"https:\\\/\\\/plamdistributions.com\\\/wp-content\\\/uploads\\\/2021\\\/05\\\/AST-JV125.jpg\",\"width\":600,\"height\":600,\"caption\":\"Aspirateur tra\u00eeneau Johnny Vac sec\\\/humide\"},{\"@type\":\"BreadcrumbList\",\"@id\":\"https:\\\/\\\/plamdistributions.com\\\/es\\\/produit\\\/aspirateur-traineau-johnny-vac-4gl-acc-sec-humide\\\/#breadcrumb\",\"itemListElement\":[{\"@type\":\"ListItem\",\"position\":1,\"name\":\"Accueil\",\"item\":\"https:\\\/\\\/plamdistributions.com\\\/es\\\/\"},{\"@type\":\"ListItem\",\"position\":2,\"name\":\"Tienda\",\"item\":\"https:\\\/\\\/plamdistributions.com\\\/es\\\/tienda\\\/\"},{\"@type\":\"ListItem\",\"position\":3,\"name\":\"ASPIRADOR JOHNNY VAC 4GL + ACC. SECO H\u00daMEDO SECO\\\/H\u00daMEDO\"}]},{\"@type\":\"WebSite\",\"@id\":\"https:\\\/\\\/plamdistributions.com\\\/es\\\/#website\",\"url\":\"https:\\\/\\\/plamdistributions.com\\\/es\\\/\",\"name\":\"Distributions Pla-M Inc.\",\"description\":\"Venta de productos y equipos sanitarios\",\"publisher\":{\"@id\":\"https:\\\/\\\/plamdistributions.com\\\/es\\\/#organization\"},\"potentialAction\":[{\"@type\":\"SearchAction\",\"target\":{\"@type\":\"EntryPoint\",\"urlTemplate\":\"https:\\\/\\\/plamdistributions.com\\\/es\\\/?s={search_term_string}\"},\"query-input\":{\"@type\":\"PropertyValueSpecification\",\"valueRequired\":true,\"valueName\":\"search_term_string\"}}],\"inLanguage\":\"es\"},{\"@type\":\"Organization\",\"@id\":\"https:\\\/\\\/plamdistributions.com\\\/es\\\/#organization\",\"name\":\"Distributions Pla-M\",\"url\":\"https:\\\/\\\/plamdistributions.com\\\/es\\\/\",\"logo\":{\"@type\":\"ImageObject\",\"inLanguage\":\"es\",\"@id\":\"https:\\\/\\\/plamdistributions.com\\\/es\\\/#\\\/schema\\\/logo\\\/image\\\/\",\"url\":\"https:\\\/\\\/plamdistributions.com\\\/wp-content\\\/uploads\\\/2021\\\/05\\\/PLAM-SANS.png\",\"contentUrl\":\"https:\\\/\\\/plamdistributions.com\\\/wp-content\\\/uploads\\\/2021\\\/05\\\/PLAM-SANS.png\",\"width\":289,\"height\":224,\"caption\":\"Distributions Pla-M\"},\"image\":{\"@id\":\"https:\\\/\\\/plamdistributions.com\\\/es\\\/#\\\/schema\\\/logo\\\/image\\\/\"},\"sameAs\":[\"https:\\\/\\\/www.facebook.com\\\/displam\\\/\",\"https:\\\/\\\/x.com\\\/Displam\",\"https:\\\/\\\/www.youtube.com\\\/channel\\\/UCHmm3HCGnpGuaQ984quISDg\"]}]}<\/script>\n<!-- \/ Yoast SEO plugin. -->","yoast_head_json":{"title":"ASPIRADOR JOHNNY VAC 4GL + ACC. SECO H\u00daMEDO SECO\/H\u00daMEDO | Distributions Pla-M","robots":{"index":"index","follow":"follow","max-snippet":"max-snippet:-1","max-image-preview":"max-image-preview:large","max-video-preview":"max-video-preview:-1"},"canonical":"https:\/\/plamdistributions.com\/es\/produit\/aspirateur-traineau-johnny-vac-4gl-acc-sec-humide\/","og_locale":"es_ES","og_type":"article","og_title":"ASPIRADOR JOHNNY VAC 4GL + ACC. SECO H\u00daMEDO SECO\/H\u00daMEDO | Distributions Pla-M","og_description":"C\u00f3digo: AST-JV125 Aspiradora JV125 Con una capacidad de 4 galones (15 L), la JV125 es el tipo de aspiradora comercial","og_url":"https:\/\/plamdistributions.com\/es\/produit\/aspirateur-traineau-johnny-vac-4gl-acc-sec-humide\/","og_site_name":"Distributions Pla-M","article_publisher":"https:\/\/www.facebook.com\/displam\/","article_modified_time":"2022-06-15T19:25:51+00:00","og_image":[{"width":600,"height":600,"url":"https:\/\/plamdistributions.com\/wp-content\/uploads\/2021\/05\/AST-JV125.jpg","type":"image\/jpeg"}],"twitter_card":"summary_large_image","twitter_site":"@Displam","schema":{"@context":"https:\/\/schema.org","@graph":[{"@type":"WebPage","@id":"https:\/\/plamdistributions.com\/es\/produit\/aspirateur-traineau-johnny-vac-4gl-acc-sec-humide\/","url":"https:\/\/plamdistributions.com\/es\/produit\/aspirateur-traineau-johnny-vac-4gl-acc-sec-humide\/","name":"ASPIRADOR JOHNNY VAC 4GL + ACC. SECO H\u00daMEDO SECO\/H\u00daMEDO | Distributions Pla-M","isPartOf":{"@id":"https:\/\/plamdistributions.com\/es\/#website"},"primaryImageOfPage":{"@id":"https:\/\/plamdistributions.com\/es\/produit\/aspirateur-traineau-johnny-vac-4gl-acc-sec-humide\/#primaryimage"},"image":{"@id":"https:\/\/plamdistributions.com\/es\/produit\/aspirateur-traineau-johnny-vac-4gl-acc-sec-humide\/#primaryimage"},"thumbnailUrl":"https:\/\/plamdistributions.com\/wp-content\/uploads\/2021\/05\/AST-JV125.jpg","datePublished":"2022-03-30T05:04:55+00:00","dateModified":"2022-06-15T19:25:51+00:00","breadcrumb":{"@id":"https:\/\/plamdistributions.com\/es\/produit\/aspirateur-traineau-johnny-vac-4gl-acc-sec-humide\/#breadcrumb"},"inLanguage":"es","potentialAction":[{"@type":"ReadAction","target":["https:\/\/plamdistributions.com\/es\/produit\/aspirateur-traineau-johnny-vac-4gl-acc-sec-humide\/"]}]},{"@type":"ImageObject","inLanguage":"es","@id":"https:\/\/plamdistributions.com\/es\/produit\/aspirateur-traineau-johnny-vac-4gl-acc-sec-humide\/#primaryimage","url":"https:\/\/plamdistributions.com\/wp-content\/uploads\/2021\/05\/AST-JV125.jpg","contentUrl":"https:\/\/plamdistributions.com\/wp-content\/uploads\/2021\/05\/AST-JV125.jpg","width":600,"height":600,"caption":"Aspirateur tra\u00eeneau Johnny Vac sec\/humide"},{"@type":"BreadcrumbList","@id":"https:\/\/plamdistributions.com\/es\/produit\/aspirateur-traineau-johnny-vac-4gl-acc-sec-humide\/#breadcrumb","itemListElement":[{"@type":"ListItem","position":1,"name":"Accueil","item":"https:\/\/plamdistributions.com\/es\/"},{"@type":"ListItem","position":2,"name":"Tienda","item":"https:\/\/plamdistributions.com\/es\/tienda\/"},{"@type":"ListItem","position":3,"name":"ASPIRADOR JOHNNY VAC 4GL + ACC. SECO H\u00daMEDO SECO\/H\u00daMEDO"}]},{"@type":"WebSite","@id":"https:\/\/plamdistributions.com\/es\/#website","url":"https:\/\/plamdistributions.com\/es\/","name":"Distributions Pla-M Inc.","description":"Venta de productos y equipos sanitarios","publisher":{"@id":"https:\/\/plamdistributions.com\/es\/#organization"},"potentialAction":[{"@type":"SearchAction","target":{"@type":"EntryPoint","urlTemplate":"https:\/\/plamdistributions.com\/es\/?s={search_term_string}"},"query-input":{"@type":"PropertyValueSpecification","valueRequired":true,"valueName":"search_term_string"}}],"inLanguage":"es"},{"@type":"Organization","@id":"https:\/\/plamdistributions.com\/es\/#organization","name":"Distributions Pla-M","url":"https:\/\/plamdistributions.com\/es\/","logo":{"@type":"ImageObject","inLanguage":"es","@id":"https:\/\/plamdistributions.com\/es\/#\/schema\/logo\/image\/","url":"https:\/\/plamdistributions.com\/wp-content\/uploads\/2021\/05\/PLAM-SANS.png","contentUrl":"https:\/\/plamdistributions.com\/wp-content\/uploads\/2021\/05\/PLAM-SANS.png","width":289,"height":224,"caption":"Distributions Pla-M"},"image":{"@id":"https:\/\/plamdistributions.com\/es\/#\/schema\/logo\/image\/"},"sameAs":["https:\/\/www.facebook.com\/displam\/","https:\/\/x.com\/Displam","https:\/\/www.youtube.com\/channel\/UCHmm3HCGnpGuaQ984quISDg"]}]}},"_links":{"self":[{"href":"https:\/\/plamdistributions.com\/es\/wp-json\/wp\/v2\/product\/38892","targetHints":{"allow":["GET"]}}],"collection":[{"href":"https:\/\/plamdistributions.com\/es\/wp-json\/wp\/v2\/product"}],"about":[{"href":"https:\/\/plamdistributions.com\/es\/wp-json\/wp\/v2\/types\/product"}],"replies":[{"embeddable":true,"href":"https:\/\/plamdistributions.com\/es\/wp-json\/wp\/v2\/comments?post=38892"}],"wp:featuredmedia":[{"embeddable":true,"href":"https:\/\/plamdistributions.com\/es\/wp-json\/wp\/v2\/media\/23409"}],"wp:attachment":[{"href":"https:\/\/plamdistributions.com\/es\/wp-json\/wp\/v2\/media?parent=38892"}],"wp:term":[{"taxonomy":"product_brand","embeddable":true,"href":"https:\/\/plamdistributions.com\/es\/wp-json\/wp\/v2\/product_brand?post=38892"},{"taxonomy":"product_cat","embeddable":true,"href":"https:\/\/plamdistributions.com\/es\/wp-json\/wp\/v2\/product_cat?post=38892"},{"taxonomy":"product_tag","embeddable":true,"href":"https:\/\/plamdistributions.com\/es\/wp-json\/wp\/v2\/product_tag?post=38892"}],"curies":[{"name":"wp","href":"https:\/\/api.w.org\/{rel}","templated":true}]}}