{"id":39052,"date":"2021-05-21T14:54:56","date_gmt":"2021-05-21T18:54:56","guid":{"rendered":"https:\/\/plamdistributions.com\/produit\/papel-higienico-coral-2-capas-500-hojas-96-rol-965015\/"},"modified":"2022-06-16T13:55:04","modified_gmt":"2022-06-16T17:55:04","slug":"papier-hygienique-coral-2-plis-500-fls-96-rouleaux-2","status":"publish","type":"product","link":"https:\/\/plamdistributions.com\/es\/produit\/papier-hygienique-coral-2-plis-500-fls-96-rouleaux-2\/","title":{"rendered":"PAPEL HIGI\u00c9NICO CORAL 2 CAPAS 500 HOJAS 96 ROL \/ 965015"},"content":{"rendered":"<p><strong>C\u00f3digo: PH-CEBO41 <\/strong><\/p>\n<p><strong>\u2713 96 rollos \/ 965015<\/strong><\/p>\n<p>El papel higi\u00e9nico en rollo est\u00e1ndar ofrece la soluci\u00f3n suave y confiable para ba\u00f1os en establecimientos minoristas, de servicio de alimentos y educativos.<\/p>\n","protected":false},"excerpt":{"rendered":"<p>C\u00f3digo: PH-CEBO41 \u2713 96 rollos \/ 965015 El papel higi\u00e9nico en rollo est\u00e1ndar ofrece la soluci\u00f3n suave y confiable para<\/p>\n","protected":false},"featured_media":28654,"comment_status":"closed","ping_status":"closed","template":"","meta":[],"product_brand":[],"product_cat":[1302,1294],"product_tag":[],"class_list":{"0":"post-39052","1":"product","2":"type-product","3":"status-publish","4":"has-post-thumbnail","6":"product_cat-papeles-higienicos","7":"product_cat-papeles-chiffons-et-bolsas-de-basura","8":"product_shipping_class-standard-es","10":"first","11":"onbackorder","12":"featured","13":"taxable","14":"shipping-taxable","15":"purchasable","16":"product-type-simple"},"yoast_head":"<!-- This site is optimized with the Yoast SEO plugin v27.4 - https:\/\/yoast.com\/product\/yoast-seo-wordpress\/ -->\n<title>PAPEL HIGI\u00c9NICO CORAL 2 CAPAS 500 HOJAS 96 ROL \/ 965015 | Distributions Pla-M<\/title>\n<meta name=\"robots\" content=\"index, follow, max-snippet:-1, max-image-preview:large, max-video-preview:-1\" \/>\n<link rel=\"canonical\" href=\"https:\/\/plamdistributions.com\/produit\/papier-hygienique-coral-2-plis-500-fls-96-rouleaux\/\" \/>\n<meta property=\"og:locale\" content=\"es_ES\" \/>\n<meta property=\"og:type\" content=\"article\" \/>\n<meta property=\"og:title\" content=\"PAPEL HIGI\u00c9NICO CORAL 2 CAPAS 500 HOJAS 96 ROL \/ 965015 | Distributions Pla-M\" \/>\n<meta property=\"og:description\" content=\"C\u00f3digo: PH-CEBO41 \u2713 96 rollos \/ 965015 El papel higi\u00e9nico en rollo est\u00e1ndar ofrece la soluci\u00f3n suave y confiable para\" \/>\n<meta property=\"og:url\" content=\"https:\/\/plamdistributions.com\/produit\/papier-hygienique-coral-2-plis-500-fls-96-rouleaux\/\" \/>\n<meta property=\"og:site_name\" content=\"Distributions Pla-M\" \/>\n<meta property=\"article:publisher\" content=\"https:\/\/www.facebook.com\/displam\/\" \/>\n<meta property=\"article:modified_time\" content=\"2022-06-16T17:55:04+00:00\" \/>\n<meta property=\"og:image\" content=\"https:\/\/plamdistributions.com\/wp-content\/uploads\/2021\/05\/PH-CEBO41-1.jpg\" \/>\n\t<meta property=\"og:image:width\" content=\"700\" \/>\n\t<meta property=\"og:image:height\" content=\"700\" \/>\n\t<meta property=\"og:image:type\" content=\"image\/jpeg\" \/>\n<meta name=\"twitter:card\" content=\"summary_large_image\" \/>\n<meta name=\"twitter:site\" content=\"@Displam\" \/>\n<script type=\"application\/ld+json\" class=\"yoast-schema-graph\">{\"@context\":\"https:\\\/\\\/schema.org\",\"@graph\":[{\"@type\":\"WebPage\",\"@id\":\"https:\\\/\\\/plamdistributions.com\\\/produit\\\/papier-hygienique-coral-2-plis-500-fls-96-rouleaux\\\/\",\"url\":\"https:\\\/\\\/plamdistributions.com\\\/produit\\\/papier-hygienique-coral-2-plis-500-fls-96-rouleaux\\\/\",\"name\":\"PAPEL HIGI\u00c9NICO CORAL 2 CAPAS 500 HOJAS 96 ROL \\\/ 965015 | Distributions Pla-M\",\"isPartOf\":{\"@id\":\"https:\\\/\\\/plamdistributions.com\\\/en\\\/#website\"},\"primaryImageOfPage\":{\"@id\":\"https:\\\/\\\/plamdistributions.com\\\/produit\\\/papier-hygienique-coral-2-plis-500-fls-96-rouleaux\\\/#primaryimage\"},\"image\":{\"@id\":\"https:\\\/\\\/plamdistributions.com\\\/produit\\\/papier-hygienique-coral-2-plis-500-fls-96-rouleaux\\\/#primaryimage\"},\"thumbnailUrl\":\"https:\\\/\\\/plamdistributions.com\\\/wp-content\\\/uploads\\\/2021\\\/05\\\/PH-CEBO41-1.jpg\",\"datePublished\":\"2021-05-21T18:54:56+00:00\",\"dateModified\":\"2022-06-16T17:55:04+00:00\",\"breadcrumb\":{\"@id\":\"https:\\\/\\\/plamdistributions.com\\\/produit\\\/papier-hygienique-coral-2-plis-500-fls-96-rouleaux\\\/#breadcrumb\"},\"inLanguage\":\"es\",\"potentialAction\":[{\"@type\":\"ReadAction\",\"target\":[\"https:\\\/\\\/plamdistributions.com\\\/produit\\\/papier-hygienique-coral-2-plis-500-fls-96-rouleaux\\\/\"]}]},{\"@type\":\"ImageObject\",\"inLanguage\":\"es\",\"@id\":\"https:\\\/\\\/plamdistributions.com\\\/produit\\\/papier-hygienique-coral-2-plis-500-fls-96-rouleaux\\\/#primaryimage\",\"url\":\"https:\\\/\\\/plamdistributions.com\\\/wp-content\\\/uploads\\\/2021\\\/05\\\/PH-CEBO41-1.jpg\",\"contentUrl\":\"https:\\\/\\\/plamdistributions.com\\\/wp-content\\\/uploads\\\/2021\\\/05\\\/PH-CEBO41-1.jpg\",\"width\":700,\"height\":700,\"caption\":\"Papier hygi\u00e9nique Coral 2 Plis 500 fls 96 rouleaux\"},{\"@type\":\"BreadcrumbList\",\"@id\":\"https:\\\/\\\/plamdistributions.com\\\/produit\\\/papier-hygienique-coral-2-plis-500-fls-96-rouleaux\\\/#breadcrumb\",\"itemListElement\":[{\"@type\":\"ListItem\",\"position\":1,\"name\":\"Accueil\",\"item\":\"https:\\\/\\\/plamdistributions.com\\\/es\\\/\"},{\"@type\":\"ListItem\",\"position\":2,\"name\":\"Tienda\",\"item\":\"https:\\\/\\\/plamdistributions.com\\\/es\\\/tienda\\\/\"},{\"@type\":\"ListItem\",\"position\":3,\"name\":\"PAPEL HIGI\u00c9NICO CORAL 2 CAPAS 500 HOJAS 96 ROL \\\/ 965015\"}]},{\"@type\":\"WebSite\",\"@id\":\"https:\\\/\\\/plamdistributions.com\\\/en\\\/#website\",\"url\":\"https:\\\/\\\/plamdistributions.com\\\/en\\\/\",\"name\":\"Distributions Pla-M Inc.\",\"description\":\"Venta de productos y equipos sanitarios\",\"publisher\":{\"@id\":\"https:\\\/\\\/plamdistributions.com\\\/en\\\/#organization\"},\"potentialAction\":[{\"@type\":\"SearchAction\",\"target\":{\"@type\":\"EntryPoint\",\"urlTemplate\":\"https:\\\/\\\/plamdistributions.com\\\/en\\\/?s={search_term_string}\"},\"query-input\":{\"@type\":\"PropertyValueSpecification\",\"valueRequired\":true,\"valueName\":\"search_term_string\"}}],\"inLanguage\":\"es\"},{\"@type\":\"Organization\",\"@id\":\"https:\\\/\\\/plamdistributions.com\\\/en\\\/#organization\",\"name\":\"Distributions Pla-M\",\"url\":\"https:\\\/\\\/plamdistributions.com\\\/en\\\/\",\"logo\":{\"@type\":\"ImageObject\",\"inLanguage\":\"es\",\"@id\":\"https:\\\/\\\/plamdistributions.com\\\/en\\\/#\\\/schema\\\/logo\\\/image\\\/\",\"url\":\"https:\\\/\\\/plamdistributions.com\\\/wp-content\\\/uploads\\\/2021\\\/05\\\/PLAM-SANS.png\",\"contentUrl\":\"https:\\\/\\\/plamdistributions.com\\\/wp-content\\\/uploads\\\/2021\\\/05\\\/PLAM-SANS.png\",\"width\":289,\"height\":224,\"caption\":\"Distributions Pla-M\"},\"image\":{\"@id\":\"https:\\\/\\\/plamdistributions.com\\\/en\\\/#\\\/schema\\\/logo\\\/image\\\/\"},\"sameAs\":[\"https:\\\/\\\/www.facebook.com\\\/displam\\\/\",\"https:\\\/\\\/x.com\\\/Displam\",\"https:\\\/\\\/www.youtube.com\\\/channel\\\/UCHmm3HCGnpGuaQ984quISDg\"]}]}<\/script>\n<!-- \/ Yoast SEO plugin. -->","yoast_head_json":{"title":"PAPEL HIGI\u00c9NICO CORAL 2 CAPAS 500 HOJAS 96 ROL \/ 965015 | Distributions Pla-M","robots":{"index":"index","follow":"follow","max-snippet":"max-snippet:-1","max-image-preview":"max-image-preview:large","max-video-preview":"max-video-preview:-1"},"canonical":"https:\/\/plamdistributions.com\/produit\/papier-hygienique-coral-2-plis-500-fls-96-rouleaux\/","og_locale":"es_ES","og_type":"article","og_title":"PAPEL HIGI\u00c9NICO CORAL 2 CAPAS 500 HOJAS 96 ROL \/ 965015 | Distributions Pla-M","og_description":"C\u00f3digo: PH-CEBO41 \u2713 96 rollos \/ 965015 El papel higi\u00e9nico en rollo est\u00e1ndar ofrece la soluci\u00f3n suave y confiable para","og_url":"https:\/\/plamdistributions.com\/produit\/papier-hygienique-coral-2-plis-500-fls-96-rouleaux\/","og_site_name":"Distributions Pla-M","article_publisher":"https:\/\/www.facebook.com\/displam\/","article_modified_time":"2022-06-16T17:55:04+00:00","og_image":[{"width":700,"height":700,"url":"https:\/\/plamdistributions.com\/wp-content\/uploads\/2021\/05\/PH-CEBO41-1.jpg","type":"image\/jpeg"}],"twitter_card":"summary_large_image","twitter_site":"@Displam","schema":{"@context":"https:\/\/schema.org","@graph":[{"@type":"WebPage","@id":"https:\/\/plamdistributions.com\/produit\/papier-hygienique-coral-2-plis-500-fls-96-rouleaux\/","url":"https:\/\/plamdistributions.com\/produit\/papier-hygienique-coral-2-plis-500-fls-96-rouleaux\/","name":"PAPEL HIGI\u00c9NICO CORAL 2 CAPAS 500 HOJAS 96 ROL \/ 965015 | Distributions Pla-M","isPartOf":{"@id":"https:\/\/plamdistributions.com\/en\/#website"},"primaryImageOfPage":{"@id":"https:\/\/plamdistributions.com\/produit\/papier-hygienique-coral-2-plis-500-fls-96-rouleaux\/#primaryimage"},"image":{"@id":"https:\/\/plamdistributions.com\/produit\/papier-hygienique-coral-2-plis-500-fls-96-rouleaux\/#primaryimage"},"thumbnailUrl":"https:\/\/plamdistributions.com\/wp-content\/uploads\/2021\/05\/PH-CEBO41-1.jpg","datePublished":"2021-05-21T18:54:56+00:00","dateModified":"2022-06-16T17:55:04+00:00","breadcrumb":{"@id":"https:\/\/plamdistributions.com\/produit\/papier-hygienique-coral-2-plis-500-fls-96-rouleaux\/#breadcrumb"},"inLanguage":"es","potentialAction":[{"@type":"ReadAction","target":["https:\/\/plamdistributions.com\/produit\/papier-hygienique-coral-2-plis-500-fls-96-rouleaux\/"]}]},{"@type":"ImageObject","inLanguage":"es","@id":"https:\/\/plamdistributions.com\/produit\/papier-hygienique-coral-2-plis-500-fls-96-rouleaux\/#primaryimage","url":"https:\/\/plamdistributions.com\/wp-content\/uploads\/2021\/05\/PH-CEBO41-1.jpg","contentUrl":"https:\/\/plamdistributions.com\/wp-content\/uploads\/2021\/05\/PH-CEBO41-1.jpg","width":700,"height":700,"caption":"Papier hygi\u00e9nique Coral 2 Plis 500 fls 96 rouleaux"},{"@type":"BreadcrumbList","@id":"https:\/\/plamdistributions.com\/produit\/papier-hygienique-coral-2-plis-500-fls-96-rouleaux\/#breadcrumb","itemListElement":[{"@type":"ListItem","position":1,"name":"Accueil","item":"https:\/\/plamdistributions.com\/es\/"},{"@type":"ListItem","position":2,"name":"Tienda","item":"https:\/\/plamdistributions.com\/es\/tienda\/"},{"@type":"ListItem","position":3,"name":"PAPEL HIGI\u00c9NICO CORAL 2 CAPAS 500 HOJAS 96 ROL \/ 965015"}]},{"@type":"WebSite","@id":"https:\/\/plamdistributions.com\/en\/#website","url":"https:\/\/plamdistributions.com\/en\/","name":"Distributions Pla-M Inc.","description":"Venta de productos y equipos sanitarios","publisher":{"@id":"https:\/\/plamdistributions.com\/en\/#organization"},"potentialAction":[{"@type":"SearchAction","target":{"@type":"EntryPoint","urlTemplate":"https:\/\/plamdistributions.com\/en\/?s={search_term_string}"},"query-input":{"@type":"PropertyValueSpecification","valueRequired":true,"valueName":"search_term_string"}}],"inLanguage":"es"},{"@type":"Organization","@id":"https:\/\/plamdistributions.com\/en\/#organization","name":"Distributions Pla-M","url":"https:\/\/plamdistributions.com\/en\/","logo":{"@type":"ImageObject","inLanguage":"es","@id":"https:\/\/plamdistributions.com\/en\/#\/schema\/logo\/image\/","url":"https:\/\/plamdistributions.com\/wp-content\/uploads\/2021\/05\/PLAM-SANS.png","contentUrl":"https:\/\/plamdistributions.com\/wp-content\/uploads\/2021\/05\/PLAM-SANS.png","width":289,"height":224,"caption":"Distributions Pla-M"},"image":{"@id":"https:\/\/plamdistributions.com\/en\/#\/schema\/logo\/image\/"},"sameAs":["https:\/\/www.facebook.com\/displam\/","https:\/\/x.com\/Displam","https:\/\/www.youtube.com\/channel\/UCHmm3HCGnpGuaQ984quISDg"]}]}},"_links":{"self":[{"href":"https:\/\/plamdistributions.com\/es\/wp-json\/wp\/v2\/product\/39052","targetHints":{"allow":["GET"]}}],"collection":[{"href":"https:\/\/plamdistributions.com\/es\/wp-json\/wp\/v2\/product"}],"about":[{"href":"https:\/\/plamdistributions.com\/es\/wp-json\/wp\/v2\/types\/product"}],"replies":[{"embeddable":true,"href":"https:\/\/plamdistributions.com\/es\/wp-json\/wp\/v2\/comments?post=39052"}],"wp:featuredmedia":[{"embeddable":true,"href":"https:\/\/plamdistributions.com\/es\/wp-json\/wp\/v2\/media\/28654"}],"wp:attachment":[{"href":"https:\/\/plamdistributions.com\/es\/wp-json\/wp\/v2\/media?parent=39052"}],"wp:term":[{"taxonomy":"product_brand","embeddable":true,"href":"https:\/\/plamdistributions.com\/es\/wp-json\/wp\/v2\/product_brand?post=39052"},{"taxonomy":"product_cat","embeddable":true,"href":"https:\/\/plamdistributions.com\/es\/wp-json\/wp\/v2\/product_cat?post=39052"},{"taxonomy":"product_tag","embeddable":true,"href":"https:\/\/plamdistributions.com\/es\/wp-json\/wp\/v2\/product_tag?post=39052"}],"curies":[{"name":"wp","href":"https:\/\/api.w.org\/{rel}","templated":true}]}}