{"id":39102,"date":"2022-03-17T14:23:25","date_gmt":"2022-06-16T20:03:59","guid":{"rendered":"https:\/\/plamdistributions.com\/produit\/papel-higienico-tork-opticore-blanco-2-capas-36-rol-865-hojas\/"},"modified":"2022-06-16T16:03:59","modified_gmt":"2022-06-16T20:03:59","slug":"papier-hygienique-tork-opticore-blanc-2-plis-36rlx-de-865fls-2","status":"publish","type":"product","link":"https:\/\/plamdistributions.com\/es\/produit\/papier-hygienique-tork-opticore-blanc-2-plis-36rlx-de-865fls-2\/","title":{"rendered":"PAPEL HIGI\u00c9NICO TORK OPTICORE BLANCO 2 CAPAS 36 ROL 865 HOJAS"},"content":{"rendered":"<p><strong>C\u00f3digo: PH-TK161990<\/strong><\/p>\n<ul>\n<li>Sistema: T11 &#8211; Opticore;<\/li>\n<li>Longitud del rollo: 87,9 m;<\/li>\n<li>Ancho del rollo: 9,5 cm;<\/li>\n<li>Di\u00e1metro del rodillo: 14,3 cm;<\/li>\n<li>N\u00famero de hojas: 865;<\/li>\n<li>Longitud de la hoja: 10,2 cm;<\/li>\n<li>Di\u00e1metro interior del n\u00facleo: 4,2 cm.<\/li>\n<li class=\"ng-star-inserted\">25% menos de n\u00facleo por responsabilidad ambiental;<\/li>\n<li class=\"ng-star-inserted\">La tecnolog\u00eda OptiCore reduce el desperdicio y los costos al garantizar la m\u00e1xima utilizaci\u00f3n de cada rollo.<\/li>\n<\/ul>\n<p>&nbsp;<\/p>\n<p>&nbsp;<\/p>\n","protected":false},"excerpt":{"rendered":"<p>C\u00f3digo: PH-TK161990 Sistema: T11 &#8211; Opticore; Longitud del rollo: 87,9 m; Ancho del rollo: 9,5 cm; Di\u00e1metro del rodillo: 14,3<\/p>\n","protected":false},"featured_media":35063,"comment_status":"closed","ping_status":"closed","template":"","meta":[],"product_brand":[],"product_cat":[1302,1294],"product_tag":[],"class_list":{"0":"post-39102","1":"product","2":"type-product","3":"status-publish","4":"has-post-thumbnail","6":"product_cat-papeles-higienicos","7":"product_cat-papeles-chiffons-et-bolsas-de-basura","8":"product_shipping_class-standard-es","10":"first","11":"onbackorder","12":"featured","13":"taxable","14":"shipping-taxable","15":"purchasable","16":"product-type-simple"},"yoast_head":"<!-- This site is optimized with the Yoast SEO plugin v27.4 - https:\/\/yoast.com\/product\/yoast-seo-wordpress\/ -->\n<title>PAPEL HIGI\u00c9NICO TORK OPTICORE BLANCO 2 CAPAS 36 ROL 865 HOJAS | Distributions Pla-M<\/title>\n<meta name=\"robots\" content=\"index, follow, max-snippet:-1, max-image-preview:large, max-video-preview:-1\" \/>\n<link rel=\"canonical\" href=\"https:\/\/plamdistributions.com\/es\/produit\/papier-hygienique-tork-opticore-blanc-2-plis-36rlx-de-865fls-2\/\" \/>\n<meta property=\"og:locale\" content=\"es_ES\" \/>\n<meta property=\"og:type\" content=\"article\" \/>\n<meta property=\"og:title\" content=\"PAPEL HIGI\u00c9NICO TORK OPTICORE BLANCO 2 CAPAS 36 ROL 865 HOJAS | Distributions Pla-M\" \/>\n<meta property=\"og:description\" content=\"C\u00f3digo: PH-TK161990 Sistema: T11 &#8211; Opticore; Longitud del rollo: 87,9 m; Ancho del rollo: 9,5 cm; Di\u00e1metro del rodillo: 14,3\" \/>\n<meta property=\"og:url\" content=\"https:\/\/plamdistributions.com\/es\/produit\/papier-hygienique-tork-opticore-blanc-2-plis-36rlx-de-865fls-2\/\" \/>\n<meta property=\"og:site_name\" content=\"Distributions Pla-M\" \/>\n<meta property=\"article:publisher\" content=\"https:\/\/www.facebook.com\/displam\/\" \/>\n<meta property=\"og:image\" content=\"https:\/\/plamdistributions.com\/wp-content\/uploads\/2022\/03\/PH-TK161990.jpg\" \/>\n\t<meta property=\"og:image:width\" content=\"700\" \/>\n\t<meta property=\"og:image:height\" content=\"700\" \/>\n\t<meta property=\"og:image:type\" content=\"image\/jpeg\" \/>\n<meta name=\"twitter:card\" content=\"summary_large_image\" \/>\n<meta name=\"twitter:site\" content=\"@Displam\" \/>\n<script type=\"application\/ld+json\" class=\"yoast-schema-graph\">{\"@context\":\"https:\\\/\\\/schema.org\",\"@graph\":[{\"@type\":\"WebPage\",\"@id\":\"https:\\\/\\\/plamdistributions.com\\\/es\\\/produit\\\/papier-hygienique-tork-opticore-blanc-2-plis-36rlx-de-865fls-2\\\/\",\"url\":\"https:\\\/\\\/plamdistributions.com\\\/es\\\/produit\\\/papier-hygienique-tork-opticore-blanc-2-plis-36rlx-de-865fls-2\\\/\",\"name\":\"PAPEL HIGI\u00c9NICO TORK OPTICORE BLANCO 2 CAPAS 36 ROL 865 HOJAS | Distributions Pla-M\",\"isPartOf\":{\"@id\":\"https:\\\/\\\/plamdistributions.com\\\/#website\"},\"primaryImageOfPage\":{\"@id\":\"https:\\\/\\\/plamdistributions.com\\\/es\\\/produit\\\/papier-hygienique-tork-opticore-blanc-2-plis-36rlx-de-865fls-2\\\/#primaryimage\"},\"image\":{\"@id\":\"https:\\\/\\\/plamdistributions.com\\\/es\\\/produit\\\/papier-hygienique-tork-opticore-blanc-2-plis-36rlx-de-865fls-2\\\/#primaryimage\"},\"thumbnailUrl\":\"https:\\\/\\\/plamdistributions.com\\\/wp-content\\\/uploads\\\/2022\\\/03\\\/PH-TK161990.jpg\",\"datePublished\":\"2022-06-16T20:03:59+00:00\",\"breadcrumb\":{\"@id\":\"https:\\\/\\\/plamdistributions.com\\\/es\\\/produit\\\/papier-hygienique-tork-opticore-blanc-2-plis-36rlx-de-865fls-2\\\/#breadcrumb\"},\"inLanguage\":\"es\",\"potentialAction\":[{\"@type\":\"ReadAction\",\"target\":[\"https:\\\/\\\/plamdistributions.com\\\/es\\\/produit\\\/papier-hygienique-tork-opticore-blanc-2-plis-36rlx-de-865fls-2\\\/\"]}]},{\"@type\":\"ImageObject\",\"inLanguage\":\"es\",\"@id\":\"https:\\\/\\\/plamdistributions.com\\\/es\\\/produit\\\/papier-hygienique-tork-opticore-blanc-2-plis-36rlx-de-865fls-2\\\/#primaryimage\",\"url\":\"https:\\\/\\\/plamdistributions.com\\\/wp-content\\\/uploads\\\/2022\\\/03\\\/PH-TK161990.jpg\",\"contentUrl\":\"https:\\\/\\\/plamdistributions.com\\\/wp-content\\\/uploads\\\/2022\\\/03\\\/PH-TK161990.jpg\",\"width\":700,\"height\":700,\"caption\":\"Papel higi\u00e9nico TORK OPTICORE blanco 2 capas 36Rol de 865hojas\"},{\"@type\":\"BreadcrumbList\",\"@id\":\"https:\\\/\\\/plamdistributions.com\\\/es\\\/produit\\\/papier-hygienique-tork-opticore-blanc-2-plis-36rlx-de-865fls-2\\\/#breadcrumb\",\"itemListElement\":[{\"@type\":\"ListItem\",\"position\":1,\"name\":\"Accueil\",\"item\":\"https:\\\/\\\/plamdistributions.com\\\/es\\\/\"},{\"@type\":\"ListItem\",\"position\":2,\"name\":\"Tienda\",\"item\":\"https:\\\/\\\/plamdistributions.com\\\/es\\\/tienda\\\/\"},{\"@type\":\"ListItem\",\"position\":3,\"name\":\"PAPEL HIGI\u00c9NICO TORK OPTICORE BLANCO 2 CAPAS 36 ROL 865 HOJAS\"}]},{\"@type\":\"WebSite\",\"@id\":\"https:\\\/\\\/plamdistributions.com\\\/#website\",\"url\":\"https:\\\/\\\/plamdistributions.com\\\/\",\"name\":\"Distributions Pla-M Inc.\",\"description\":\"Venta de productos y equipos sanitarios\",\"publisher\":{\"@id\":\"https:\\\/\\\/plamdistributions.com\\\/#organization\"},\"potentialAction\":[{\"@type\":\"SearchAction\",\"target\":{\"@type\":\"EntryPoint\",\"urlTemplate\":\"https:\\\/\\\/plamdistributions.com\\\/?s={search_term_string}\"},\"query-input\":{\"@type\":\"PropertyValueSpecification\",\"valueRequired\":true,\"valueName\":\"search_term_string\"}}],\"inLanguage\":\"es\"},{\"@type\":\"Organization\",\"@id\":\"https:\\\/\\\/plamdistributions.com\\\/#organization\",\"name\":\"Distributions Pla-M\",\"url\":\"https:\\\/\\\/plamdistributions.com\\\/\",\"logo\":{\"@type\":\"ImageObject\",\"inLanguage\":\"es\",\"@id\":\"https:\\\/\\\/plamdistributions.com\\\/#\\\/schema\\\/logo\\\/image\\\/\",\"url\":\"https:\\\/\\\/plamdistributions.com\\\/wp-content\\\/uploads\\\/2021\\\/05\\\/PLAM-SANS.png\",\"contentUrl\":\"https:\\\/\\\/plamdistributions.com\\\/wp-content\\\/uploads\\\/2021\\\/05\\\/PLAM-SANS.png\",\"width\":289,\"height\":224,\"caption\":\"Distributions Pla-M\"},\"image\":{\"@id\":\"https:\\\/\\\/plamdistributions.com\\\/#\\\/schema\\\/logo\\\/image\\\/\"},\"sameAs\":[\"https:\\\/\\\/www.facebook.com\\\/displam\\\/\",\"https:\\\/\\\/x.com\\\/Displam\",\"https:\\\/\\\/www.youtube.com\\\/channel\\\/UCHmm3HCGnpGuaQ984quISDg\"]}]}<\/script>\n<!-- \/ Yoast SEO plugin. -->","yoast_head_json":{"title":"PAPEL HIGI\u00c9NICO TORK OPTICORE BLANCO 2 CAPAS 36 ROL 865 HOJAS | Distributions Pla-M","robots":{"index":"index","follow":"follow","max-snippet":"max-snippet:-1","max-image-preview":"max-image-preview:large","max-video-preview":"max-video-preview:-1"},"canonical":"https:\/\/plamdistributions.com\/es\/produit\/papier-hygienique-tork-opticore-blanc-2-plis-36rlx-de-865fls-2\/","og_locale":"es_ES","og_type":"article","og_title":"PAPEL HIGI\u00c9NICO TORK OPTICORE BLANCO 2 CAPAS 36 ROL 865 HOJAS | Distributions Pla-M","og_description":"C\u00f3digo: PH-TK161990 Sistema: T11 &#8211; Opticore; Longitud del rollo: 87,9 m; Ancho del rollo: 9,5 cm; Di\u00e1metro del rodillo: 14,3","og_url":"https:\/\/plamdistributions.com\/es\/produit\/papier-hygienique-tork-opticore-blanc-2-plis-36rlx-de-865fls-2\/","og_site_name":"Distributions Pla-M","article_publisher":"https:\/\/www.facebook.com\/displam\/","og_image":[{"width":700,"height":700,"url":"https:\/\/plamdistributions.com\/wp-content\/uploads\/2022\/03\/PH-TK161990.jpg","type":"image\/jpeg"}],"twitter_card":"summary_large_image","twitter_site":"@Displam","schema":{"@context":"https:\/\/schema.org","@graph":[{"@type":"WebPage","@id":"https:\/\/plamdistributions.com\/es\/produit\/papier-hygienique-tork-opticore-blanc-2-plis-36rlx-de-865fls-2\/","url":"https:\/\/plamdistributions.com\/es\/produit\/papier-hygienique-tork-opticore-blanc-2-plis-36rlx-de-865fls-2\/","name":"PAPEL HIGI\u00c9NICO TORK OPTICORE BLANCO 2 CAPAS 36 ROL 865 HOJAS | Distributions Pla-M","isPartOf":{"@id":"https:\/\/plamdistributions.com\/#website"},"primaryImageOfPage":{"@id":"https:\/\/plamdistributions.com\/es\/produit\/papier-hygienique-tork-opticore-blanc-2-plis-36rlx-de-865fls-2\/#primaryimage"},"image":{"@id":"https:\/\/plamdistributions.com\/es\/produit\/papier-hygienique-tork-opticore-blanc-2-plis-36rlx-de-865fls-2\/#primaryimage"},"thumbnailUrl":"https:\/\/plamdistributions.com\/wp-content\/uploads\/2022\/03\/PH-TK161990.jpg","datePublished":"2022-06-16T20:03:59+00:00","breadcrumb":{"@id":"https:\/\/plamdistributions.com\/es\/produit\/papier-hygienique-tork-opticore-blanc-2-plis-36rlx-de-865fls-2\/#breadcrumb"},"inLanguage":"es","potentialAction":[{"@type":"ReadAction","target":["https:\/\/plamdistributions.com\/es\/produit\/papier-hygienique-tork-opticore-blanc-2-plis-36rlx-de-865fls-2\/"]}]},{"@type":"ImageObject","inLanguage":"es","@id":"https:\/\/plamdistributions.com\/es\/produit\/papier-hygienique-tork-opticore-blanc-2-plis-36rlx-de-865fls-2\/#primaryimage","url":"https:\/\/plamdistributions.com\/wp-content\/uploads\/2022\/03\/PH-TK161990.jpg","contentUrl":"https:\/\/plamdistributions.com\/wp-content\/uploads\/2022\/03\/PH-TK161990.jpg","width":700,"height":700,"caption":"Papel higi\u00e9nico TORK OPTICORE blanco 2 capas 36Rol de 865hojas"},{"@type":"BreadcrumbList","@id":"https:\/\/plamdistributions.com\/es\/produit\/papier-hygienique-tork-opticore-blanc-2-plis-36rlx-de-865fls-2\/#breadcrumb","itemListElement":[{"@type":"ListItem","position":1,"name":"Accueil","item":"https:\/\/plamdistributions.com\/es\/"},{"@type":"ListItem","position":2,"name":"Tienda","item":"https:\/\/plamdistributions.com\/es\/tienda\/"},{"@type":"ListItem","position":3,"name":"PAPEL HIGI\u00c9NICO TORK OPTICORE BLANCO 2 CAPAS 36 ROL 865 HOJAS"}]},{"@type":"WebSite","@id":"https:\/\/plamdistributions.com\/#website","url":"https:\/\/plamdistributions.com\/","name":"Distributions Pla-M Inc.","description":"Venta de productos y equipos sanitarios","publisher":{"@id":"https:\/\/plamdistributions.com\/#organization"},"potentialAction":[{"@type":"SearchAction","target":{"@type":"EntryPoint","urlTemplate":"https:\/\/plamdistributions.com\/?s={search_term_string}"},"query-input":{"@type":"PropertyValueSpecification","valueRequired":true,"valueName":"search_term_string"}}],"inLanguage":"es"},{"@type":"Organization","@id":"https:\/\/plamdistributions.com\/#organization","name":"Distributions Pla-M","url":"https:\/\/plamdistributions.com\/","logo":{"@type":"ImageObject","inLanguage":"es","@id":"https:\/\/plamdistributions.com\/#\/schema\/logo\/image\/","url":"https:\/\/plamdistributions.com\/wp-content\/uploads\/2021\/05\/PLAM-SANS.png","contentUrl":"https:\/\/plamdistributions.com\/wp-content\/uploads\/2021\/05\/PLAM-SANS.png","width":289,"height":224,"caption":"Distributions Pla-M"},"image":{"@id":"https:\/\/plamdistributions.com\/#\/schema\/logo\/image\/"},"sameAs":["https:\/\/www.facebook.com\/displam\/","https:\/\/x.com\/Displam","https:\/\/www.youtube.com\/channel\/UCHmm3HCGnpGuaQ984quISDg"]}]}},"_links":{"self":[{"href":"https:\/\/plamdistributions.com\/es\/wp-json\/wp\/v2\/product\/39102","targetHints":{"allow":["GET"]}}],"collection":[{"href":"https:\/\/plamdistributions.com\/es\/wp-json\/wp\/v2\/product"}],"about":[{"href":"https:\/\/plamdistributions.com\/es\/wp-json\/wp\/v2\/types\/product"}],"replies":[{"embeddable":true,"href":"https:\/\/plamdistributions.com\/es\/wp-json\/wp\/v2\/comments?post=39102"}],"wp:featuredmedia":[{"embeddable":true,"href":"https:\/\/plamdistributions.com\/es\/wp-json\/wp\/v2\/media\/35063"}],"wp:attachment":[{"href":"https:\/\/plamdistributions.com\/es\/wp-json\/wp\/v2\/media?parent=39102"}],"wp:term":[{"taxonomy":"product_brand","embeddable":true,"href":"https:\/\/plamdistributions.com\/es\/wp-json\/wp\/v2\/product_brand?post=39102"},{"taxonomy":"product_cat","embeddable":true,"href":"https:\/\/plamdistributions.com\/es\/wp-json\/wp\/v2\/product_cat?post=39102"},{"taxonomy":"product_tag","embeddable":true,"href":"https:\/\/plamdistributions.com\/es\/wp-json\/wp\/v2\/product_tag?post=39102"}],"curies":[{"name":"wp","href":"https:\/\/api.w.org\/{rel}","templated":true}]}}