{"id":39198,"date":"2021-05-21T15:04:42","date_gmt":"2021-05-21T19:04:42","guid":{"rendered":"https:\/\/plamdistributions.com\/produit\/rollo-de-papel-205-marron-24-rol-kruger-61328-205krt\/"},"modified":"2022-06-20T14:37:06","modified_gmt":"2022-06-20T18:37:06","slug":"papier-a-mains-8-x-205krt-brun-24-rlx-cs-kruger-61328-2","status":"publish","type":"product","link":"https:\/\/plamdistributions.com\/es\/produit\/papier-a-mains-8-x-205krt-brun-24-rlx-cs-kruger-61328-2\/","title":{"rendered":"ROLLO DE PAPEL 205&#8242; MARR\u00d3N 24 ROL (KRUGER 61328) (205KRT)"},"content":{"rendered":"<p><strong>C\u00f3digo: PR-PM205KRT<\/strong><\/p>\n<p><strong>\u2713 Unidad: 24 x 205&#8242;<\/strong><\/p>\n<ul>\n<li>Una opci\u00f3n econ\u00f3mica que ayuda a proteger el medio ambiente.<\/li>\n<li>Rendimiento est\u00e1ndar y resistencia a la dosificaci\u00f3n.<\/li>\n<li>Confecci\u00f3n superior y calidad constante en la que los usuarios finales pueden confiar.<\/li>\n<li>Hecho de fibras 100 % recicladas que contienen al menos un 88 % de papel posconsumo.<\/li>\n<\/ul>\n<p><strong>\u2713 Fabricante: Kruger<\/strong><\/p>\n","protected":false},"excerpt":{"rendered":"<p>C\u00f3digo: PR-PM205KRT \u2713 Unidad: 24 x 205&#8242; Una opci\u00f3n econ\u00f3mica que ayuda a proteger el medio ambiente. Rendimiento est\u00e1ndar y<\/p>\n","protected":false},"featured_media":29615,"comment_status":"closed","ping_status":"closed","template":"","meta":[],"product_brand":[],"product_cat":[1294,1318],"product_tag":[1329,1328,1330],"class_list":{"0":"post-39198","1":"product","2":"type-product","3":"status-publish","4":"has-post-thumbnail","6":"product_cat-papeles-chiffons-et-bolsas-de-basura","7":"product_cat-toallas-de-mano","8":"product_tag-kruger-es","9":"product_tag-marron","10":"product_tag-papel-para-manos","11":"product_shipping_class-standard-es","13":"first","14":"instock","15":"featured","16":"taxable","17":"shipping-taxable","18":"purchasable","19":"product-type-simple"},"yoast_head":"<!-- This site is optimized with the Yoast SEO plugin v27.4 - https:\/\/yoast.com\/product\/yoast-seo-wordpress\/ -->\n<title>ROLLO DE PAPEL 205&#039; MARR\u00d3N 24 ROL (KRUGER 61328) (205KRT) | Distributions Pla-M<\/title>\n<meta name=\"robots\" content=\"index, follow, max-snippet:-1, max-image-preview:large, max-video-preview:-1\" \/>\n<link rel=\"canonical\" href=\"https:\/\/plamdistributions.com\/es\/produit\/papier-a-mains-8-x-205krt-brun-24-rlx-cs-kruger-61328-2\/\" \/>\n<meta property=\"og:locale\" content=\"es_ES\" \/>\n<meta property=\"og:type\" content=\"article\" \/>\n<meta property=\"og:title\" content=\"ROLLO DE PAPEL 205&#039; MARR\u00d3N 24 ROL (KRUGER 61328) (205KRT) | Distributions Pla-M\" \/>\n<meta property=\"og:description\" content=\"C\u00f3digo: PR-PM205KRT \u2713 Unidad: 24 x 205&#8242; Una opci\u00f3n econ\u00f3mica que ayuda a proteger el medio ambiente. Rendimiento est\u00e1ndar y\" \/>\n<meta property=\"og:url\" content=\"https:\/\/plamdistributions.com\/es\/produit\/papier-a-mains-8-x-205krt-brun-24-rlx-cs-kruger-61328-2\/\" \/>\n<meta property=\"og:site_name\" content=\"Distributions Pla-M\" \/>\n<meta property=\"article:publisher\" content=\"https:\/\/www.facebook.com\/displam\/\" \/>\n<meta property=\"article:modified_time\" content=\"2022-06-20T18:37:06+00:00\" \/>\n<meta property=\"og:image\" content=\"https:\/\/plamdistributions.com\/wp-content\/uploads\/2021\/05\/PR-PM205KRT-1-1.jpg\" \/>\n\t<meta property=\"og:image:width\" content=\"700\" \/>\n\t<meta property=\"og:image:height\" content=\"700\" \/>\n\t<meta property=\"og:image:type\" content=\"image\/jpeg\" \/>\n<meta name=\"twitter:card\" content=\"summary_large_image\" \/>\n<meta name=\"twitter:site\" content=\"@Displam\" \/>\n<script type=\"application\/ld+json\" class=\"yoast-schema-graph\">{\"@context\":\"https:\\\/\\\/schema.org\",\"@graph\":[{\"@type\":\"WebPage\",\"@id\":\"https:\\\/\\\/plamdistributions.com\\\/es\\\/produit\\\/papier-a-mains-8-x-205krt-brun-24-rlx-cs-kruger-61328-2\\\/\",\"url\":\"https:\\\/\\\/plamdistributions.com\\\/es\\\/produit\\\/papier-a-mains-8-x-205krt-brun-24-rlx-cs-kruger-61328-2\\\/\",\"name\":\"ROLLO DE PAPEL 205' MARR\u00d3N 24 ROL (KRUGER 61328) (205KRT) | Distributions Pla-M\",\"isPartOf\":{\"@id\":\"https:\\\/\\\/plamdistributions.com\\\/#website\"},\"primaryImageOfPage\":{\"@id\":\"https:\\\/\\\/plamdistributions.com\\\/es\\\/produit\\\/papier-a-mains-8-x-205krt-brun-24-rlx-cs-kruger-61328-2\\\/#primaryimage\"},\"image\":{\"@id\":\"https:\\\/\\\/plamdistributions.com\\\/es\\\/produit\\\/papier-a-mains-8-x-205krt-brun-24-rlx-cs-kruger-61328-2\\\/#primaryimage\"},\"thumbnailUrl\":\"https:\\\/\\\/plamdistributions.com\\\/wp-content\\\/uploads\\\/2021\\\/05\\\/PR-PM205KRT-1-1.jpg\",\"datePublished\":\"2021-05-21T19:04:42+00:00\",\"dateModified\":\"2022-06-20T18:37:06+00:00\",\"breadcrumb\":{\"@id\":\"https:\\\/\\\/plamdistributions.com\\\/es\\\/produit\\\/papier-a-mains-8-x-205krt-brun-24-rlx-cs-kruger-61328-2\\\/#breadcrumb\"},\"inLanguage\":\"es\",\"potentialAction\":[{\"@type\":\"ReadAction\",\"target\":[\"https:\\\/\\\/plamdistributions.com\\\/es\\\/produit\\\/papier-a-mains-8-x-205krt-brun-24-rlx-cs-kruger-61328-2\\\/\"]}]},{\"@type\":\"ImageObject\",\"inLanguage\":\"es\",\"@id\":\"https:\\\/\\\/plamdistributions.com\\\/es\\\/produit\\\/papier-a-mains-8-x-205krt-brun-24-rlx-cs-kruger-61328-2\\\/#primaryimage\",\"url\":\"https:\\\/\\\/plamdistributions.com\\\/wp-content\\\/uploads\\\/2021\\\/05\\\/PR-PM205KRT-1-1.jpg\",\"contentUrl\":\"https:\\\/\\\/plamdistributions.com\\\/wp-content\\\/uploads\\\/2021\\\/05\\\/PR-PM205KRT-1-1.jpg\",\"width\":700,\"height\":700,\"caption\":\"papel para manos 8\\\" X 205KRT marr\u00f3n 24 rol \\\/cs (Kruger 61328)\"},{\"@type\":\"BreadcrumbList\",\"@id\":\"https:\\\/\\\/plamdistributions.com\\\/es\\\/produit\\\/papier-a-mains-8-x-205krt-brun-24-rlx-cs-kruger-61328-2\\\/#breadcrumb\",\"itemListElement\":[{\"@type\":\"ListItem\",\"position\":1,\"name\":\"Accueil\",\"item\":\"https:\\\/\\\/plamdistributions.com\\\/es\\\/\"},{\"@type\":\"ListItem\",\"position\":2,\"name\":\"Tienda\",\"item\":\"https:\\\/\\\/plamdistributions.com\\\/es\\\/tienda\\\/\"},{\"@type\":\"ListItem\",\"position\":3,\"name\":\"ROLLO DE PAPEL 205&#8242; MARR\u00d3N 24 ROL (KRUGER 61328) (205KRT)\"}]},{\"@type\":\"WebSite\",\"@id\":\"https:\\\/\\\/plamdistributions.com\\\/#website\",\"url\":\"https:\\\/\\\/plamdistributions.com\\\/\",\"name\":\"Distributions Pla-M Inc.\",\"description\":\"Venta de productos y equipos sanitarios\",\"publisher\":{\"@id\":\"https:\\\/\\\/plamdistributions.com\\\/#organization\"},\"potentialAction\":[{\"@type\":\"SearchAction\",\"target\":{\"@type\":\"EntryPoint\",\"urlTemplate\":\"https:\\\/\\\/plamdistributions.com\\\/?s={search_term_string}\"},\"query-input\":{\"@type\":\"PropertyValueSpecification\",\"valueRequired\":true,\"valueName\":\"search_term_string\"}}],\"inLanguage\":\"es\"},{\"@type\":\"Organization\",\"@id\":\"https:\\\/\\\/plamdistributions.com\\\/#organization\",\"name\":\"Distributions Pla-M\",\"url\":\"https:\\\/\\\/plamdistributions.com\\\/\",\"logo\":{\"@type\":\"ImageObject\",\"inLanguage\":\"es\",\"@id\":\"https:\\\/\\\/plamdistributions.com\\\/#\\\/schema\\\/logo\\\/image\\\/\",\"url\":\"https:\\\/\\\/plamdistributions.com\\\/wp-content\\\/uploads\\\/2021\\\/05\\\/PLAM-SANS.png\",\"contentUrl\":\"https:\\\/\\\/plamdistributions.com\\\/wp-content\\\/uploads\\\/2021\\\/05\\\/PLAM-SANS.png\",\"width\":289,\"height\":224,\"caption\":\"Distributions Pla-M\"},\"image\":{\"@id\":\"https:\\\/\\\/plamdistributions.com\\\/#\\\/schema\\\/logo\\\/image\\\/\"},\"sameAs\":[\"https:\\\/\\\/www.facebook.com\\\/displam\\\/\",\"https:\\\/\\\/x.com\\\/Displam\",\"https:\\\/\\\/www.youtube.com\\\/channel\\\/UCHmm3HCGnpGuaQ984quISDg\"]}]}<\/script>\n<!-- \/ Yoast SEO plugin. -->","yoast_head_json":{"title":"ROLLO DE PAPEL 205' MARR\u00d3N 24 ROL (KRUGER 61328) (205KRT) | Distributions Pla-M","robots":{"index":"index","follow":"follow","max-snippet":"max-snippet:-1","max-image-preview":"max-image-preview:large","max-video-preview":"max-video-preview:-1"},"canonical":"https:\/\/plamdistributions.com\/es\/produit\/papier-a-mains-8-x-205krt-brun-24-rlx-cs-kruger-61328-2\/","og_locale":"es_ES","og_type":"article","og_title":"ROLLO DE PAPEL 205' MARR\u00d3N 24 ROL (KRUGER 61328) (205KRT) | Distributions Pla-M","og_description":"C\u00f3digo: PR-PM205KRT \u2713 Unidad: 24 x 205&#8242; Una opci\u00f3n econ\u00f3mica que ayuda a proteger el medio ambiente. Rendimiento est\u00e1ndar y","og_url":"https:\/\/plamdistributions.com\/es\/produit\/papier-a-mains-8-x-205krt-brun-24-rlx-cs-kruger-61328-2\/","og_site_name":"Distributions Pla-M","article_publisher":"https:\/\/www.facebook.com\/displam\/","article_modified_time":"2022-06-20T18:37:06+00:00","og_image":[{"width":700,"height":700,"url":"https:\/\/plamdistributions.com\/wp-content\/uploads\/2021\/05\/PR-PM205KRT-1-1.jpg","type":"image\/jpeg"}],"twitter_card":"summary_large_image","twitter_site":"@Displam","schema":{"@context":"https:\/\/schema.org","@graph":[{"@type":"WebPage","@id":"https:\/\/plamdistributions.com\/es\/produit\/papier-a-mains-8-x-205krt-brun-24-rlx-cs-kruger-61328-2\/","url":"https:\/\/plamdistributions.com\/es\/produit\/papier-a-mains-8-x-205krt-brun-24-rlx-cs-kruger-61328-2\/","name":"ROLLO DE PAPEL 205' MARR\u00d3N 24 ROL (KRUGER 61328) (205KRT) | Distributions Pla-M","isPartOf":{"@id":"https:\/\/plamdistributions.com\/#website"},"primaryImageOfPage":{"@id":"https:\/\/plamdistributions.com\/es\/produit\/papier-a-mains-8-x-205krt-brun-24-rlx-cs-kruger-61328-2\/#primaryimage"},"image":{"@id":"https:\/\/plamdistributions.com\/es\/produit\/papier-a-mains-8-x-205krt-brun-24-rlx-cs-kruger-61328-2\/#primaryimage"},"thumbnailUrl":"https:\/\/plamdistributions.com\/wp-content\/uploads\/2021\/05\/PR-PM205KRT-1-1.jpg","datePublished":"2021-05-21T19:04:42+00:00","dateModified":"2022-06-20T18:37:06+00:00","breadcrumb":{"@id":"https:\/\/plamdistributions.com\/es\/produit\/papier-a-mains-8-x-205krt-brun-24-rlx-cs-kruger-61328-2\/#breadcrumb"},"inLanguage":"es","potentialAction":[{"@type":"ReadAction","target":["https:\/\/plamdistributions.com\/es\/produit\/papier-a-mains-8-x-205krt-brun-24-rlx-cs-kruger-61328-2\/"]}]},{"@type":"ImageObject","inLanguage":"es","@id":"https:\/\/plamdistributions.com\/es\/produit\/papier-a-mains-8-x-205krt-brun-24-rlx-cs-kruger-61328-2\/#primaryimage","url":"https:\/\/plamdistributions.com\/wp-content\/uploads\/2021\/05\/PR-PM205KRT-1-1.jpg","contentUrl":"https:\/\/plamdistributions.com\/wp-content\/uploads\/2021\/05\/PR-PM205KRT-1-1.jpg","width":700,"height":700,"caption":"papel para manos 8\" X 205KRT marr\u00f3n 24 rol \/cs (Kruger 61328)"},{"@type":"BreadcrumbList","@id":"https:\/\/plamdistributions.com\/es\/produit\/papier-a-mains-8-x-205krt-brun-24-rlx-cs-kruger-61328-2\/#breadcrumb","itemListElement":[{"@type":"ListItem","position":1,"name":"Accueil","item":"https:\/\/plamdistributions.com\/es\/"},{"@type":"ListItem","position":2,"name":"Tienda","item":"https:\/\/plamdistributions.com\/es\/tienda\/"},{"@type":"ListItem","position":3,"name":"ROLLO DE PAPEL 205&#8242; MARR\u00d3N 24 ROL (KRUGER 61328) (205KRT)"}]},{"@type":"WebSite","@id":"https:\/\/plamdistributions.com\/#website","url":"https:\/\/plamdistributions.com\/","name":"Distributions Pla-M Inc.","description":"Venta de productos y equipos sanitarios","publisher":{"@id":"https:\/\/plamdistributions.com\/#organization"},"potentialAction":[{"@type":"SearchAction","target":{"@type":"EntryPoint","urlTemplate":"https:\/\/plamdistributions.com\/?s={search_term_string}"},"query-input":{"@type":"PropertyValueSpecification","valueRequired":true,"valueName":"search_term_string"}}],"inLanguage":"es"},{"@type":"Organization","@id":"https:\/\/plamdistributions.com\/#organization","name":"Distributions Pla-M","url":"https:\/\/plamdistributions.com\/","logo":{"@type":"ImageObject","inLanguage":"es","@id":"https:\/\/plamdistributions.com\/#\/schema\/logo\/image\/","url":"https:\/\/plamdistributions.com\/wp-content\/uploads\/2021\/05\/PLAM-SANS.png","contentUrl":"https:\/\/plamdistributions.com\/wp-content\/uploads\/2021\/05\/PLAM-SANS.png","width":289,"height":224,"caption":"Distributions Pla-M"},"image":{"@id":"https:\/\/plamdistributions.com\/#\/schema\/logo\/image\/"},"sameAs":["https:\/\/www.facebook.com\/displam\/","https:\/\/x.com\/Displam","https:\/\/www.youtube.com\/channel\/UCHmm3HCGnpGuaQ984quISDg"]}]}},"_links":{"self":[{"href":"https:\/\/plamdistributions.com\/es\/wp-json\/wp\/v2\/product\/39198","targetHints":{"allow":["GET"]}}],"collection":[{"href":"https:\/\/plamdistributions.com\/es\/wp-json\/wp\/v2\/product"}],"about":[{"href":"https:\/\/plamdistributions.com\/es\/wp-json\/wp\/v2\/types\/product"}],"replies":[{"embeddable":true,"href":"https:\/\/plamdistributions.com\/es\/wp-json\/wp\/v2\/comments?post=39198"}],"wp:featuredmedia":[{"embeddable":true,"href":"https:\/\/plamdistributions.com\/es\/wp-json\/wp\/v2\/media\/29615"}],"wp:attachment":[{"href":"https:\/\/plamdistributions.com\/es\/wp-json\/wp\/v2\/media?parent=39198"}],"wp:term":[{"taxonomy":"product_brand","embeddable":true,"href":"https:\/\/plamdistributions.com\/es\/wp-json\/wp\/v2\/product_brand?post=39198"},{"taxonomy":"product_cat","embeddable":true,"href":"https:\/\/plamdistributions.com\/es\/wp-json\/wp\/v2\/product_cat?post=39198"},{"taxonomy":"product_tag","embeddable":true,"href":"https:\/\/plamdistributions.com\/es\/wp-json\/wp\/v2\/product_tag?post=39198"}],"curies":[{"name":"wp","href":"https:\/\/api.w.org\/{rel}","templated":true}]}}